{"id":3650,"date":"2025-04-07T12:39:00","date_gmt":"2025-04-07T12:39:00","guid":{"rendered":"https:\/\/fumotxpress.de\/?post_type=product&#038;p=3650"},"modified":"2025-11-24T07:50:49","modified_gmt":"2025-11-24T07:50:49","slug":"request-failed-with-status-code-568","status":"publish","type":"product","link":"https:\/\/fumotxpress.de\/hu\/termek\/request-failed-with-status-code-568\/","title":{"rendered":"RandM Tornado 30000 F\u00e9nyshow V\u00e1s\u00e1roljon Eredeti Hiteles \u00dajrat\u00f6lthet\u0151 Eldobhat\u00f3 Vape Tollat"},"content":{"rendered":"<h2 class=\"\" data-start=\"0\" data-end=\"93\">RandM Tornado 30000 F\u00e9nyshow \u2013 V\u00e1s\u00e1roljon Eredeti, Hiteles, \u00dajrat\u00f6lthet\u0151 Eldobhat\u00f3 Vape Tollat<\/h2>\n<div style=\"width: 1020px;\" class=\"wp-video\"><!--[if lt IE 9]><script>document.createElement('video');<\/script><![endif]-->\n<video class=\"wp-video-shortcode\" id=\"video-3650-1\" width=\"1020\" height=\"574\" preload=\"metadata\" controls=\"controls\"><source type=\"video\/mp4\" src=\"https:\/\/fumotxpress.de\/wp-content\/uploads\/2025\/04\/tornado-30k-music-\u5b9e\u62cd\u58f0\u63a7\u5f00\u517311-5.mp4?_=1\" \/><a href=\"https:\/\/fumotxpress.de\/wp-content\/uploads\/2025\/04\/tornado-30k-music-\u5b9e\u62cd\u58f0\u63a7\u5f00\u517311-5.mp4\">https:\/\/fumotxpress.de\/wp-content\/uploads\/2025\/04\/tornado-30k-music-\u5b9e\u62cd\u58f0\u63a7\u5f00\u517311-5.mp4<\/a><\/video><\/div>\n<p>&nbsp;<\/p>\n<p>&nbsp;<\/p>\n<p class=\"\" data-start=\"95\" data-end=\"485\">A <strong data-start=\"99\" data-end=\"122\">RandM Tornado 30000<\/strong> \u00faj szintre emeli a g\u0151z\u00f6l\u00e9st az \u00edz, a teljes\u00edtm\u00e9ny \u00e9s a sz\u00f3rakoz\u00e1s kombin\u00e1l\u00e1s\u00e1val egy rendk\u00edv\u00fcli eszk\u00f6zben.  Leny\u0171g\u00f6z\u0151, 30 000 sz\u00edv\u00e1ssal, integr\u00e1lt zenei funkci\u00f3val \u00e9s szem\u00e9lyre szabhat\u00f3 RGB f\u00e9nyshow-val a Tornado 30000 t\u00f6bbet k\u00edn\u00e1l, mint intenz\u00edv g\u0151ztermel\u00e9st - ez egy teljes \u00e9rz\u00e9kszervi \u00e9lm\u00e9ny, amely izgalmat hoz a mindennapi \u00e9let\u00e9be.<\/p>\n<h3 class=\"\" data-start=\"487\" data-end=\"553\">A V\u00e9gs\u0151 G\u0151z\u00f6l\u00e9si \u00c9lm\u00e9ny Leny\u0171g\u00f6z\u0151 L\u00e1tv\u00e1nnyal \u00e9s Hanggal<\/h3>\n<p class=\"\" data-start=\"555\" data-end=\"1077\">A RandM Tornado 30000 nem egy \u00e1tlagos eldobhat\u00f3 vape toll. Azoknak k\u00e9sz\u00fclt, akik t\u00f6bbet k\u00f6vetelnek, mint csak az \u00edzt - ez az eszk\u00f6z gazdag\u00edtja a vape-\u00e9lm\u00e9nyt egy mag\u00e1val ragad\u00f3 f\u00e9ny- \u00e9s hangshow-val, amely alkalmazkodik a zen\u00e9dhez. A be\u00e9p\u00edtett RGB f\u00e9ny show t\u00e1ncol a kedvenc dalaid \u00fctem\u00e9re, l\u00e9trehozva egy dinamikus, vizu\u00e1lis l\u00e1tv\u00e1nyoss\u00e1got, amely biztosan felkelti a figyelmet b\u00e1rhol is vagy. Ak\u00e1r otthon pihen, ak\u00e1r bar\u00e1tokkal vagy, a Tornado 30000 a vape-\u00e9lm\u00e9nyeket teljes sz\u00f3rakoztat\u00f3 \u00e9lm\u00e9nny\u00e9 v\u00e1ltoztatja.<\/p>\n<p class=\"\" data-start=\"1079\" data-end=\"1449\">A zenei funkci\u00f3 teljesen szem\u00e9lyre szabhat\u00f3, \u00edgy \u00d6n d\u00f6ntheti el, hogy mikor aktiv\u00e1lja a f\u00e9ny show-t. V\u00e1laszthatja, hogy \u00e9lvezi-e az \u00e9l\u00e9nk f\u00e9nyeket, vagy kikapcsolja \u0151ket egy finomabb g\u0151z\u00f6l\u00e9si \u00e9lm\u00e9ny \u00e9rdek\u00e9ben, att\u00f3l f\u00fcgg\u0151en, hogy milyen hangulatban van. Ez a rugalmass\u00e1g biztos\u00edtja, hogy a Tornado 30000 t\u00f6k\u00e9letesen illeszkedjen b\u00e1rmilyen k\u00f6rnyezethez, legyen sz\u00f3 ak\u00e1r egy laz\u00e1bb t\u00e1rsas\u00e1gr\u00f3l, ak\u00e1r egy sz\u00f3rakoztat\u00f3 besz\u00e9lget\u00e9sind\u00edt\u00f3r\u00f3l.<\/p>\n<h3 class=\"\" data-start=\"1451\" data-end=\"1495\">Tart\u00f3s \u00c9lvezet 30 000 Puffaszt\u00e1ssal<\/h3>\n<p class=\"\" data-start=\"1497\" data-end=\"1992\">A hatalmas 30 000 sz\u00edv\u00e1ssal rendelkez\u0151 RandM Tornado 30000 hosszabb haszn\u00e1latra k\u00e9sz\u00fclt. Az eszk\u00f6z teljes \u00e9lettartama alatt megb\u00edzhat\u00f3, sima g\u0151z\u00e9lm\u00e9nyt ny\u00fajt. A nagy teljes\u00edtm\u00e9ny\u0171 0,9 ohmos tekercs biztos\u00edtja az intenz\u00edv \u00edz \u00e9s a vastag g\u0151z t\u00f6k\u00e9letes egyens\u00faly\u00e1t, lehet\u0151v\u00e9 t\u00e9ve, hogy minden alkalommal kiel\u00e9g\u00edt\u0151 sz\u00edv\u00e1st \u00e9lvezhessen. Ak\u00e1r alkalmi vaporer vagy valaki, aki hosszabb ideig szeret g\u0151z\u00f6lni, a Tornado 30000 garant\u00e1lja a k\u00f6vetkezetes \u00e9s kiv\u00e1l\u00f3 min\u0151s\u00e9g\u0171 g\u0151z\u00f6l\u00e9si \u00e9lm\u00e9nyt, amely nem okoz csal\u00f3d\u00e1st.<\/p>\n<p class=\"\" data-start=\"1994\" data-end=\"2288\">Ez a hat\u00e9kony tekercstechnol\u00f3gia ide\u00e1lis azok sz\u00e1m\u00e1ra, akik gazdag, robusztus \u00edzt k\u00f6vetelnek meg az eldobhat\u00f3 vape-jaikt\u00f3l. Ak\u00e1r gy\u00fcm\u00f6lcs\u00f6s, ment\u00e1s, ak\u00e1r desszert ihlet\u0171 \u00edzeket prefer\u00e1l, a Tornado 30000 minden egyes f\u00faj\u00e1st kiv\u00e9teles intenzit\u00e1ssal sz\u00e1ll\u00edtja, \u00e9letre keltve kedvenc \u00edzeit minden egyes bel\u00e9gz\u00e9ssel.<\/p>\n<h3 class=\"\" data-start=\"2290\" data-end=\"2328\">Hat\u00e9kony teljes\u00edtm\u00e9ny \u00e9s gyors t\u00f6lt\u00e9s<\/h3>\n<p class=\"\" data-start=\"2330\" data-end=\"2717\">Soha ne agg\u00f3djon a hatalom kifogy\u00e1sa miatt a vape sessionok alatt. A RandM Tornado 30000 egy 600mAh-s akkumul\u00e1torral van felszerelve, amely elegend\u0151 energi\u00e1t biztos\u00edt egy teljes napos vape-hez. Amikor elj\u00f6n az \u00fajrat\u00f6lt\u00e9s ideje, a Type-C gyors t\u00f6lt\u0151port biztos\u00edtja, hogy k\u00e9sz\u00fcl\u00e9ke r\u00f6vid id\u0151 alatt haszn\u00e1latra k\u00e9sz legyen. T\u00f6lts\u00f6n kevesebb id\u0151t a t\u00f6lt\u00e9s v\u00e1rakoz\u00e1s\u00e1val \u00e9s t\u00f6bb id\u0151t a kedvenc \u00edzeinek \u00e9s f\u00e9ny showinak \u00e9lvezet\u00e9vel.<\/p>\n<p class=\"\" data-start=\"2719\" data-end=\"2917\">A Type-C t\u00f6lt\u00e9s be\u00e9p\u00edt\u00e9se forradalmi v\u00e1ltoz\u00e1st jelent, gyorsabb \u00e9s hat\u00e9konyabb energiaell\u00e1t\u00e1st biztos\u00edtva. Ez kevesebb megszak\u00edt\u00e1st jelent az \u00d6n g\u0151z\u00f6l\u00e9si \u00e9lvezet\u00e9ben \u00e9s nagyobb k\u00e9nyelmet ny\u00fajt azok sz\u00e1m\u00e1ra, akik \u00fatk\u00f6zben vannak.<\/p>\n<h3 class=\"\" data-start=\"2919\" data-end=\"2947\">Kiemelked\u0151 Tervez\u00e9s<\/h3>\n<p class=\"\" data-start=\"2949\" data-end=\"3374\">Az olyan n\u00e9pszer\u0171 Tornado 9000 \u00e1ltal ihletett Tornado 30000 st\u00edlusos, modern diz\u00e1jnnal rendelkezik, amely \u00e9ppoly st\u00edlusos, mint amennyire funkcion\u00e1lis. A k\u00e9sz\u00fcl\u00e9k robusztus konstrukci\u00f3ja biztos\u00edtja a tart\u00f3ss\u00e1got, m\u00edg szemet vonz\u00f3 megjelen\u00e9se kiemelked\u0151 kieg\u00e9sz\u00edt\u0151v\u00e9 teszi, ak\u00e1r otthon, ak\u00e1r \u00fatk\u00f6zben van. A sima fel\u00fclet\u00e9vel, k\u00f6nnyen foghat\u00f3 kialak\u00edt\u00e1s\u00e1val \u00e9s \u00e9l\u00e9nk sz\u00edneivel a Tornado 30000 hat\u00e1rozott kijelent\u00e9st tesz a eldobhat\u00f3 vaperek vil\u00e1g\u00e1ban.<\/p>\n<p class=\"\" data-start=\"3376\" data-end=\"3599\">Kompakt form\u00e1ja \u00e9s pr\u00e9mium kialak\u00edt\u00e1sa biztos\u00edtja, hogy k\u00f6nnyen hordozhat\u00f3 legyen, \u00edgy t\u00f6k\u00e9letes utaz\u00e1shoz, bulikhoz vagy mindennapi haszn\u00e1latra. Ezenk\u00edv\u00fcl az ergon\u00f3mikus kialak\u00edt\u00e1s k\u00e9nyelmes fog\u00e1st tesz lehet\u0151v\u00e9, m\u00e9g hosszabb vape \u00fcl\u00e9sek sor\u00e1n is.<\/p>\n<h3 class=\"\" data-start=\"3601\" data-end=\"3644\">Kulcsfontoss\u00e1g\u00fa jellemz\u0151k RandM Tornado 30000<\/h3>\n<ul data-start=\"3646\" data-end=\"4217\">\n<li class=\"\" data-start=\"3646\" data-end=\"3720\">\n<p class=\"\" data-start=\"3648\" data-end=\"3720\"><strong data-start=\"3648\" data-end=\"3665\">30 000 Puffs:<\/strong> Hosszantart\u00f3, eldobhat\u00f3 vape a hosszabb \u00e9lvezet\u00e9rt.<\/p>\n<\/li>\n<li class=\"\" data-start=\"3721\" data-end=\"3813\">\n<p class=\"\" data-start=\"3723\" data-end=\"3813\"><strong data-start=\"3723\" data-end=\"3755\">Testreszabhat\u00f3 RGB F\u00e9ny Show:<\/strong> Szinkroniz\u00e1l a zen\u00e9vel a teljesen mag\u00e1val ragad\u00f3 \u00e9lm\u00e9ny \u00e9rdek\u00e9ben.<\/p>\n<\/li>\n<li class=\"\" data-start=\"3814\" data-end=\"3896\">\n<p class=\"\" data-start=\"3816\" data-end=\"3896\"><strong data-start=\"3816\" data-end=\"3836\">Zene Aktiv\u00e1lva:<\/strong> F\u00e9nyj\u00e1t\u00e9k, amely a kedvenc dallamaid ritmus\u00e1ra mozog.<\/p>\n<\/li>\n<li class=\"\" data-start=\"3897\" data-end=\"3967\">\n<p class=\"\" data-start=\"3899\" data-end=\"3967\"><strong data-start=\"3899\" data-end=\"3916\">0,9 Ohm tekercs:<\/strong> Intenz\u00edv \u00edzt \u00e9s gazdag g\u0151ztermel\u00e9st biztos\u00edt.<\/p>\n<\/li>\n<li class=\"\" data-start=\"3968\" data-end=\"4054\">\n<p class=\"\" data-start=\"3970\" data-end=\"4054\"><strong data-start=\"3970\" data-end=\"4010\">600mAh akkumul\u00e1tor Type-C t\u00f6lt\u00e9ssel:<\/strong> Gyors \u00e9s megb\u00edzhat\u00f3 t\u00f6lt\u00e9s eg\u00e9sz napos haszn\u00e1latra.<\/p>\n<\/li>\n<li class=\"\" data-start=\"4055\" data-end=\"4131\">\n<p class=\"\" data-start=\"4057\" data-end=\"4131\"><strong data-start=\"4057\" data-end=\"4086\">Letisztult \u00e9s Tart\u00f3s Kialak\u00edt\u00e1s:<\/strong> Kompakt, st\u00edlusos \u00e9s k\u00e9nyelemre tervezve.<\/p>\n<\/li>\n<li class=\"\" data-start=\"4132\" data-end=\"4217\">\n<p class=\"\" data-start=\"4134\" data-end=\"4217\"><strong data-start=\"4134\" data-end=\"4151\">\u00dajrat\u00f6lthet\u0151:<\/strong> \u00dajrat\u00f6lthet\u0151 a hosszabb haszn\u00e1lat \u00e9rdek\u00e9ben, a tipikus eldobhat\u00f3 vape-okkal ellent\u00e9tben.<\/p>\n<\/li>\n<\/ul>\n<h3 class=\"\" data-start=\"4219\" data-end=\"4257\">\u00cdzek a RandM Tornado 30000-b\u0151l<\/h3>\n<p class=\"\" data-start=\"4259\" data-end=\"4438\">A RandM Tornado 30000 sz\u00e1mos pr\u00e9mium \u00edzzel \u00e9rkezik, amelyek c\u00e9lja, hogy kiel\u00e9g\u00edt\u0151 \u00e9s \u00e9lvezetes g\u0151z\u00f6l\u00e9si \u00e9lm\u00e9nyt ny\u00fajtsanak. Itt van a rendelkez\u00e9sre \u00e1ll\u00f3 legjobb \u00edzek list\u00e1ja:<\/p>\n<ol data-start=\"4440\" data-end=\"5951\">\n<li class=\"\" data-start=\"4440\" data-end=\"4613\">\n<p class=\"\" data-start=\"4443\" data-end=\"4613\"><strong data-start=\"4443\" data-end=\"4457\">Mango j\u00e9g:<\/strong> Tr\u00f3pusi robban\u00e1s \u00e9rett mang\u00f3kb\u00f3l, t\u00f6k\u00e9letesen egyens\u00falyban egy friss\u00edt\u0151, j\u00e9ghideg befejez\u00e9ssel. Ide\u00e1lis azok sz\u00e1m\u00e1ra, akik szeretik az \u00e9des, gy\u00fcm\u00f6lcs\u00f6s vape-ot, ropog\u00f3s kil\u00e9gz\u00e9ssel.<\/p>\n<\/li>\n<li class=\"\" data-start=\"4614\" data-end=\"4780\">\n<p class=\"\" data-start=\"4617\" data-end=\"4780\"><strong data-start=\"4617\" data-end=\"4641\">\u00c1fonya M\u00e1lna:<\/strong> Egy \u00ednycsalogat\u00f3an finom kombin\u00e1ci\u00f3 az \u00e9des \u00e1fonya \u00e9s a fanyar m\u00e1lna k\u00f6z\u00f6tt, ami egy kiegyens\u00falyozott, bogy\u00f3kkal teli \u00edzt eredm\u00e9nyez, enyhe savany\u00fas\u00e1ggal.<\/p>\n<\/li>\n<li class=\"\" data-start=\"4781\" data-end=\"4918\">\n<p class=\"\" data-start=\"4784\" data-end=\"4918\"><strong data-start=\"4784\" data-end=\"4804\">Eper Kivi:<\/strong> \u00c9des \u00e9s fanyar kever\u00e9ke friss epernek \u00e9s egzotikus kivinek, amely minden sz\u00edv\u00e1sn\u00e1l l\u00e9d\u00fas, friss\u00edt\u0151 vape-ot k\u00edn\u00e1l.<\/p>\n<\/li>\n<li class=\"\" data-start=\"4919\" data-end=\"5067\">\n<p class=\"\" data-start=\"4922\" data-end=\"5067\"><strong data-start=\"4922\" data-end=\"4936\">\u0150szibar\u00e1t J\u00e9g:<\/strong> Sima, l\u00e9d\u00fas \u0151szibarack \u00edz, j\u00e9ghideg befejez\u00e9ssel, amely mindk\u00e9t vil\u00e1g legjobbj\u00e1t hozza - \u00e9des gy\u00fcm\u00f6lcs \u00e9s h\u0171s\u00edt\u0151 \u00e9rz\u00e9s.<\/p>\n<\/li>\n<li class=\"\" data-start=\"5068\" data-end=\"5229\">\n<p class=\"\" data-start=\"5071\" data-end=\"5229\"><strong data-start=\"5071\" data-end=\"5095\">S\u00e1rgadinnye Limon\u00e1d\u00e9:<\/strong> L\u00e9zeng\u0151 g\u00f6r\u00f6gdinnye \u00edz, p\u00e1ros\u00edtva egy savany\u00fa, fanyar citroml\u00e9 alappal, l\u00e9trehozva egy \u00e9l\u00e9nk, szomjolt\u00f3 \u00edzt, ami t\u00f6k\u00e9letes a meleg napokra.<\/p>\n<\/li>\n<li class=\"\" data-start=\"5230\" data-end=\"5359\">\n<p class=\"\" data-start=\"5233\" data-end=\"5359\"><strong data-start=\"5233\" data-end=\"5247\">Sz\u0151l\u0151 J\u00e9g:<\/strong> Gazdag, intenz\u00edv sz\u0151l\u0151 \u00edz, j\u00e9ghideg alhanggal kombin\u00e1lva, sima, \u00e9des \u00e9s hideg vape-\u00e9lm\u00e9nyt ny\u00fajtva.<\/p>\n<\/li>\n<li class=\"\" data-start=\"5360\" data-end=\"5499\">\n<p class=\"\" data-start=\"5363\" data-end=\"5499\"><strong data-start=\"5363\" data-end=\"5385\">Anan\u00e1sz K\u00f3kusz:<\/strong> Tr\u00f3pusi \u00e9dess\u00e9g\u0171 anan\u00e1sz, kr\u00e9mes k\u00f3kuszos befejez\u00e9ssel, sima \u00e9s egzotikus vaporiz\u00e1ci\u00f3s \u00e9lm\u00e9nyt ny\u00fajtva.<\/p>\n<\/li>\n<li class=\"\" data-start=\"5500\" data-end=\"5664\">\n<p class=\"\" data-start=\"5503\" data-end=\"5664\"><strong data-start=\"5503\" data-end=\"5520\">Energiaital:<\/strong> Egy friss\u00edt\u0151 \u00edz, melyet kedvenc energiaitalod ihletett, citrusos \u00e9s enyh\u00e9n fanyar jegyekkel, amelyek \u00e9l\u00e9nk\u00edt\u0151 \u00edzrobban\u00e1st biztos\u00edtanak.<\/p>\n<\/li>\n<li class=\"\" data-start=\"5665\" data-end=\"5818\">\n<p class=\"\" data-start=\"5668\" data-end=\"5818\"><strong data-start=\"5668\" data-end=\"5684\">Alma Bogy\u00f3:<\/strong> Ropog\u00f3s alma \u00e9s \u00e9des, \u00e9rett bogy\u00f3k finom f\u00fazi\u00f3ja, amely l\u00e9d\u00fas \u00e9s \u00edzletes vape-ot hoz l\u00e9tre, ami egyszerre friss\u00edt\u0151 \u00e9s kiel\u00e9g\u00edt\u0151.<\/p>\n<\/li>\n<li class=\"\" data-start=\"5819\" data-end=\"5951\">\n<p class=\"\" data-start=\"5823\" data-end=\"5951\"><strong data-start=\"5823\" data-end=\"5842\">Tr\u00f3pusi Gy\u00fcm\u00f6lcsl\u00e9:<\/strong> Tropikus gy\u00fcm\u00f6lcs\u00f6kb\u0151l k\u00e9sz\u00fclt gy\u00fcm\u00f6lcspuncs kever\u00e9k, amely minden korttyal \u00e9des \u00e9s fanyar \u00edzrobban\u00e1st sz\u00e1ll\u00edt.<\/p>\n<\/li>\n<\/ol>\n<p class=\"\" data-start=\"5953\" data-end=\"6233\">Mindegyik \u00edzt gondosan \u00fagy alak\u00edtott\u00e1k ki, hogy maxim\u00e1lis \u00e9lvezetet ny\u00fajtson, biztos\u00edtva \u00d6nnek egy kiel\u00e9g\u00edt\u0151 \u00e9s \u00edzletes g\u0151z\u00f6l\u00e9si \u00e9lm\u00e9nyt, amely minden sz\u00edv\u00e1sn\u00e1l tart. Ak\u00e1r a gy\u00fcm\u00f6lcs\u00f6s, a mentolos vagy a desszert ihlette profilokat szereti, a Tornado 30000 minden \u00edzl\u00e9shez k\u00edn\u00e1l valamit.<\/p>\n<h3 class=\"\" data-start=\"6235\" data-end=\"6291\">Mi\u00e9rt v\u00e1s\u00e1rolja meg a RandM Tornado 30000-at a FumotXpress.de-t\u0151l?<\/h3>\n<p class=\"\" data-start=\"6293\" data-end=\"6712\">FumotXpress.de N\u00e9metorsz\u00e1g vezet\u0151 online platformja a pr\u00e9mium eldobhat\u00f3 vape term\u00e9kek v\u00e1s\u00e1rl\u00e1s\u00e1hoz. Sz\u00e9les term\u00e9kv\u00e1laszt\u00e9kot k\u00edn\u00e1lunk, bele\u00e9rtve a <strong data-start=\"6444\" data-end=\"6467\">RandM Tornado 30000<\/strong>, <strong data-start=\"6469\" data-end=\"6482\">Al Fakher<\/strong>, <strong data-start=\"6484\" data-end=\"6493\">Fizzy<\/strong>, <strong data-start=\"6495\" data-end=\"6510\">OBEELAB HHC<\/strong>\u00e9s <strong data-start=\"6516\" data-end=\"6529\">SMPO DL02<\/strong> m\u00e1rk\u00e1k, mindezt versenyk\u00e9pes \u00e1rakon. Term\u00e9keinket egyetlen darabt\u00f3l kezdve \u00e9rt\u00e9kes\u00edtj\u00fck, nincs minim\u00e1lis rendel\u00e9si mennyis\u00e9g, \u00edgy ide\u00e1lisak mind a kiskereskedelmi csoportok, mind az egy\u00e9ni v\u00e1s\u00e1rl\u00f3k sz\u00e1m\u00e1ra.<\/p>\n<p class=\"\" data-start=\"6714\" data-end=\"7054\">B\u00fcszk\u00e9k vagyunk arra, hogy gyors \u00e9s megb\u00edzhat\u00f3 sz\u00e1ll\u00edt\u00e1st k\u00edn\u00e1lunk eur\u00f3pai rakt\u00e1runkb\u00f3l. Megrendel\u00e9se 3-7 napon bel\u00fcl meg\u00e9rkezik, biztos\u00edtva, hogy kedvenc vape-j\u00e1t azonnal \u00e9lvezhesse. Ak\u00e1r tapasztalt vapper vagy \u00fajonc a sz\u00ednen, mi itt vagyunk, hogy z\u00f6kken\u0151mentes v\u00e1s\u00e1rl\u00e1si \u00e9lm\u00e9nyt \u00e9s kiv\u00e1l\u00f3 \u00fcgyf\u00e9lszolg\u00e1latot biztos\u00edtsunk \u00d6nnek.<\/p>\n<h3 class=\"\" data-start=\"7056\" data-end=\"7107\">V\u00e1s\u00e1roljon Most \u00e9s Emelje a G\u0151z\u00f6l\u00e9si \u00c9lm\u00e9ny\u00e9t<\/h3>\n<p class=\"\" data-start=\"7109\" data-end=\"7532\">Amikor k\u00e9szen \u00e1llsz a g\u0151z\u00f6l\u00e9si tapasztalatod fejleszt\u00e9s\u00e9re, akkor a <strong data-start=\"7166\" data-end=\"7189\">RandM Tornado 30000<\/strong> a t\u00f6k\u00e9letes v\u00e1laszt\u00e1s. Innovat\u00edv funkci\u00f3ival, hossz\u00fa \u00e9lettartam\u00fa akkumul\u00e1tor\u00e1val, szem\u00e9lyre szabhat\u00f3 f\u00e9nyj\u00e1t\u00e9k\u00e1val \u00e9s kiv\u00e9teles \u00edzlehet\u0151s\u00e9geivel ez az eszk\u00f6z sokkal t\u00f6bbet k\u00edn\u00e1l, mint csak g\u0151zt - teljes, mag\u00e1val ragad\u00f3 \u00e9lm\u00e9nyt ny\u00fajt. L\u00e1togasson el <strong data-start=\"7422\" data-end=\"7440\">FumotXpress.de<\/strong> Ma v\u00e1s\u00e1rolni <strong data-start=\"7463\" data-end=\"7486\">RandM Tornado 30000<\/strong> \u00e9s fedezz fel egy \u00faj vil\u00e1got a vapoz\u00e1s \u00e9lvezet\u00e9b\u0151l.<\/p>\n<p class=\"\" data-start=\"7534\" data-end=\"7675\">Ne el\u00e9gedj meg a k\u00f6z\u00f6ns\u00e9gessel - szerezz kezedbe egy <strong data-start=\"7582\" data-end=\"7625\">Eredeti, hiteles RandM Tornado 30000<\/strong> Most \u00e9s emeld a vape-\u00e9lm\u00e9nyedet egy teljesen \u00faj szintre!<\/p>","protected":false},"excerpt":{"rendered":"<p><strong data-start=\"7166\" data-end=\"7189\">RandM Tornado 30000<\/strong> a t\u00f6k\u00e9letes v\u00e1laszt\u00e1s. Innovat\u00edv funkci\u00f3ival, hossz\u00fa \u00e9lettartam\u00fa akkumul\u00e1tor\u00e1val, szem\u00e9lyre szabhat\u00f3 f\u00e9nyj\u00e1t\u00e9k\u00e1val \u00e9s kiv\u00e1l\u00f3 \u00edzlehet\u0151s\u00e9geivel<\/p>","protected":false},"featured_media":3655,"comment_status":"open","ping_status":"closed","template":"","meta":{"om_disable_all_campaigns":false},"product_brand":[],"product_cat":[24],"product_tag":[],"class_list":{"0":"post-3650","1":"product","2":"type-product","3":"status-publish","4":"has-post-thumbnail","6":"product_cat-fumot-tornado-disposable-vapes","8":"first","9":"instock","10":"shipping-taxable","11":"purchasable","12":"product-type-variable"},"_links":{"self":[{"href":"https:\/\/fumotxpress.de\/hu\/wp-json\/wp\/v2\/product\/3650","targetHints":{"allow":["GET"]}}],"collection":[{"href":"https:\/\/fumotxpress.de\/hu\/wp-json\/wp\/v2\/product"}],"about":[{"href":"https:\/\/fumotxpress.de\/hu\/wp-json\/wp\/v2\/types\/product"}],"replies":[{"embeddable":true,"href":"https:\/\/fumotxpress.de\/hu\/wp-json\/wp\/v2\/comments?post=3650"}],"wp:featuredmedia":[{"embeddable":true,"href":"https:\/\/fumotxpress.de\/hu\/wp-json\/wp\/v2\/media\/3655"}],"wp:attachment":[{"href":"https:\/\/fumotxpress.de\/hu\/wp-json\/wp\/v2\/media?parent=3650"}],"wp:term":[{"taxonomy":"product_brand","embeddable":true,"href":"https:\/\/fumotxpress.de\/hu\/wp-json\/wp\/v2\/product_brand?post=3650"},{"taxonomy":"product_cat","embeddable":true,"href":"https:\/\/fumotxpress.de\/hu\/wp-json\/wp\/v2\/product_cat?post=3650"},{"taxonomy":"product_tag","embeddable":true,"href":"https:\/\/fumotxpress.de\/hu\/wp-json\/wp\/v2\/product_tag?post=3650"}],"curies":[{"name":"wp","href":"https:\/\/api.w.org\/{rel}","templated":true}]}}