{"id":365,"date":"2024-10-15T12:26:48","date_gmt":"2024-10-15T12:26:48","guid":{"rendered":"https:\/\/fumotxpress.de\/?post_type=product&#038;p=365"},"modified":"2025-05-20T04:44:34","modified_gmt":"2025-05-20T04:44:34","slug":"fizzy-nova-20000-puffs-legaramlas-szabalyozas-20k-grammos-rud-raktari-ujratoltheto-eldobhato-vapes-toll","status":"publish","type":"product","link":"https:\/\/fumotxpress.de\/hu\/termek\/fizzy-nova-20000-puffs-legaramlas-szabalyozas-20k-grammos-rud-raktari-ujratoltheto-eldobhato-vapes-toll\/","title":{"rendered":"Fizzy Nova 20000 Puffs L\u00e9g\u00e1raml\u00e1s Szab\u00e1lyoz\u00e1s 20K GRAMM Bar Rakt\u00e1r \u00dajrat\u00f6lthet\u0151 Elhaszn\u00e1lhat\u00f3 Vape Toll"},"content":{"rendered":"<h2>Fizzy Nova 20000 Puffs l\u00e9g\u00e1raml\u00e1s szab\u00e1lyoz\u00e1s 20K eldobhat\u00f3 vape - pr\u00e9mium g\u0151z\u00f6l\u00e9si \u00e9lm\u00e9ny<\/h2>\n<p>Der <strong><a href=\"https:\/\/fumotxpress.de\/hu\/termek\/fizzy-nova-20000-puffs-airflow-control-20k-disposable-vape\/\">Fizzy Nova 20000 Puffs<\/a> Airflow Control 20K Eldobhat\u00f3 Vape<\/strong> is a modern disposable device that combines advanced technology and elegant design to provide an outstanding vaping experience. Developed for both experienced vapers and newcomers alike, this rechargeable vape pen combines comfort, style, and performance in one. It stands out from the competition with its durability, advanced features, and high-quality design, making it ideal for single and wholesale trade. At <a href=\"https:\/\/fumotxpress.de\/hu\/\"><strong>Fumotxpress.de<\/strong><\/a>, a vezet\u0151 eldobhat\u00f3 vape platformj\u00e1n N\u00e9metorsz\u00e1gban, megv\u00e1s\u00e1rolhatja ezt a pr\u00e9mium vape tollat \u00e9s profit\u00e1lhat felbecs\u00fclhetetlen aj\u00e1nlatainkb\u00f3l.<\/p>\n<h3>Term\u00e9kle\u00edr\u00e1s: Legmagasabb min\u0151s\u00e9g \u00e9s innov\u00e1ci\u00f3<\/h3>\n<p>Der <strong>Fizzy Nova 20000 Puffs<\/strong> Megk\u00fcl\u00f6nb\u00f6zteti mag\u00e1t a hihetetlen, 20 000 h\u00faz\u00e1sra alkalmas kapacit\u00e1sa \u00e9s fejlett funkci\u00f3i. Ez az \u00fajrat\u00f6lthet\u0151, eldobhat\u00f3 vape toll p\u00e1ratlan g\u0151z\u00f6l\u00e9si \u00e9lm\u00e9nyt ny\u00fajt, \u00e9s \u00faj m\u00e9rc\u00e9t \u00e1ll\u00edt fel az ipar\u00e1gban. A <strong>Du\u00e1lis Mesh Coil Technol\u00f3gia<\/strong>die <strong>L\u00e9g\u00e1raml\u00e1s szab\u00e1lyoz\u00e1s<\/strong> \u00e9s az <strong>LCD-kijelz\u0151<\/strong> Ez teszi ezt az eszk\u00f6zt ide\u00e1lis v\u00e1laszt\u00e1ss\u00e1 mindazok sz\u00e1m\u00e1ra, akik a teljes\u00edtm\u00e9nyre \u00e9s a felhaszn\u00e1l\u00f3i k\u00e9nyelemre helyezik a hangs\u00falyt.<\/p>\n<p>With the <strong>2% vagy 5% nikotinoption<\/strong> \u00e9s egynek <strong>850mAh Akku<\/strong> \u00e1ll\u00edtja a <strong>Fizzy Nova<\/strong> biztos abban, hogy hosszabb ideig intenz\u00edv, de ellen\u0151rz\u00f6tt g\u0151z\u00e9lm\u00e9nyt \u00e9lvezhessen. Az intelligens <strong>Eco- \u00e9s Turbo-m\u00f3dok<\/strong> Lehet\u0151v\u00e9 teszik, hogy szem\u00e9lyre szabja g\u0151z\u00f6l\u00e9si munkameneteit, \u00e9s vagy meghosszabb\u00edtsa az akkumul\u00e1tor \u00e9lettartam\u00e1t, vagy er\u0151teljesebb g\u0151z\u00f6l\u00e9si \u00e9lm\u00e9nyben r\u00e9szes\u00fclj\u00f6n.<\/p>\n<h3>Fizzy Nova 20000 Puffs jellemz\u0151i<\/h3>\n<ol>\n<li><strong>20 000 Z\u00fcge Kapazit\u00e4t<\/strong>Hosszantart\u00f3 teljes\u00edtm\u00e9ny, t\u00f6k\u00e9letes azoknak a vapereknek, akik intenz\u00edv \u00e9s gyakori haszn\u00e1latot r\u00e9szes\u00edtenek el\u0151nyben.<\/li>\n<li><strong>\u00fajrat\u00f6lthet\u0151<\/strong>: A \u00fajrat\u00f6lthet\u0151 funkci\u00f3 \u00e9s az LCD-kijelz\u0151 seg\u00edts\u00e9g\u00e9vel b\u00e1rmikor ellen\u0151rizheti a t\u00f6lt\u00f6tts\u00e9gi szintet \u00e9s az e-folyad\u00e9k szintj\u00e9t.<\/li>\n<li><strong>Du\u00e1lis Mesh Coil Technol\u00f3gia<\/strong>: Biztos\u00edtja az intenz\u00edv \u00edz- \u00e9s g\u0151z\u00e9lm\u00e9nyt, egyenletes \u00e9s optimaliz\u00e1lt p\u00e1rologtat\u00e1ssal.<\/li>\n<li><strong>L\u00e9g\u00e1raml\u00e1s szab\u00e1lyoz\u00e1s<\/strong>: \u00c1ll\u00edtsa be a l\u00e9g\u00e1raml\u00e1st az \u00d6n preferenci\u00e1i szerint, hogy laza vagy szoros h\u00faz\u00e1st \u00e9lvezzen.<\/li>\n<li><strong>850mAh akkumul\u00e1tor<\/strong>: Long battery life for uninterrupted use, ideal for on the go.<\/li>\n<li><strong>Eco- \u00e9s Turbo-m\u00f3dok<\/strong>: V\u00e1ltson akkumul\u00e1tor-k\u00edm\u00e9l\u0151 vagy intenz\u00edv g\u0151z k\u00f6z\u00f6tt a szem\u00e9lyre szabott \u00e9lm\u00e9ny\u00e9rt.<\/li>\n<li><strong>LCD-k\u00e9perny\u0151<\/strong>: Shows battery status and remaining e-liquid so you can keep track at all times.<\/li>\n<li><strong>Hochwertiges Metallgeh\u00e4use<\/strong>: St\u00edlusos \u00e9s robusztus kialak\u00edt\u00e1s, amely \u00f6tv\u00f6zi a tart\u00f3ss\u00e1got \u00e9s az eleganci\u00e1t.<\/li>\n<\/ol>\n<h3>A \u00edzek v\u00e1ltozatoss\u00e1ga<\/h3>\n<p>Der <strong>Fizzy Nova 20000 Puffs<\/strong> A k\u00fcl\u00f6nf\u00e9le \u00edzek sz\u00e9les sk\u00e1l\u00e1j\u00e1t k\u00edn\u00e1lja, amelyek minden \u00edzl\u00e9shez megfelel\u0151ek. Ak\u00e1r gy\u00fcm\u00f6lcs\u00f6s, friss\u00edt\u0151 vagy \u00f6sszetett - minden \u00edzt gondosan fejlesztettek ki, hogy intenz\u00edv \u00e9s felejthetetlen g\u0151z\u00f6l\u00e9si \u00e9lm\u00e9nyt ny\u00fajtson \u00d6nnek.<\/p>\n<ul>\n<li><strong>Citrom Lime<\/strong>Spritzig \u00e9s friss\u00edt\u0151, a t\u00f6k\u00e9letes citrom \u00e9s lime kever\u00e9k.<\/li>\n<li><strong>Fizzy Cherry<\/strong>: Egy klasszikus cseresznye aroma, csipetnyi f\u0171szeres jeggyel.<\/li>\n<li><strong>Vegyes Bogy\u00f3<\/strong>: A k\u00fcl\u00f6nb\u00f6z\u0151 erdei gy\u00fcm\u00f6lcs\u00f6k finom kombin\u00e1ci\u00f3ja a t\u00f6k\u00e9letes gy\u00fcm\u00f6lcs\u00e9lvezethez.<\/li>\n<li><strong>Eper Kivi<\/strong>A f\u00f6ldiszeder \u00e9s a kivi gy\u00fcm\u00f6lcs\u00f6s kombin\u00e1ci\u00f3ja harmonikus \u00edz\u00e9lm\u00e9nyt biztos\u00edt.<\/li>\n<li><strong>S\u00e1rgadinnye<\/strong>: L\u00e9d\u00fas \u00e9s friss\u00edt\u0151 - a t\u00f6k\u00e9letes ny\u00e1ri \u00edz.<\/li>\n<li><strong>R\u00f3zsasz\u00edn Citromos \u00dcd\u00edt\u0151<\/strong>: Egy friss\u00edt\u0151 limon\u00e1d\u00e9 gy\u00fcm\u00f6lcs\u00f6s \u00e1rnyalattal.<\/li>\n<li><strong>Eper<\/strong>\u00c9des \u00e9s l\u00e9d\u00fas, klasszikus eper \u00edz.<\/li>\n<li><strong>\u0150szibar\u00e1t<\/strong>: A juicy peach flavor, soft and sweet.<\/li>\n<li><strong>\u00c1fonya<\/strong>: Egy intenz\u00edv \u00e1fony\u00e1s aroma, amely k\u00e9nyezteti az \u00edzlel\u0151bimb\u00f3it.<\/li>\n<li><strong>Sz\u0151l\u0151<\/strong>S\u00fc\u00dfe Trauben mit einem Hauch von Frische.<\/li>\n<li><strong>\u00c1fonya K\u00f3kusz<\/strong>: Egy egzotikus \u00e1fony\u00e1s \u00e9s k\u00f3kuszos kever\u00e9k egy k\u00fcl\u00f6nleges g\u0151z\u00f6l\u00e9si \u00e9lm\u00e9ny\u00e9rt.<\/li>\n<li><strong>M\u00e1lna Citrom<\/strong>: Egy harmonikus kombin\u00e1ci\u00f3ja a savas citromnak \u00e9s az \u00e9des m\u00e1ln\u00e1nak.<\/li>\n<\/ul>\n<h3>R\u00e9szletes \u00edzle\u00edr\u00e1s: <strong>Citrom Lime<\/strong><\/h3>\n<p>sz\u00e1mos \u00edzes\u00edt\u00e9s k\u00f6z\u00fcl a <strong>Fizzy Nova 20000 Puffs<\/strong> k\u00fcl\u00f6n\u00f6sen friss\u00edt\u0151 <strong>Citrom Lime<\/strong> Hervor. Ez az \u00edzes\u00edt\u00e9s egy csipetnyi kombin\u00e1ci\u00f3t k\u00edn\u00e1l a citrom frissess\u00e9g\u00e9b\u0151l \u00e9s a lime enyhe keserny\u00e9s \u00e9dess\u00e9g\u00e9b\u0151l. Minden sz\u00edv\u00e1sn\u00e1l \u00fagy \u00e9rzi mag\u00e1t, mintha egy h\u0171s poh\u00e1r limon\u00e1d\u00e9t inni egy forr\u00f3 ny\u00e1ri napon - egyszerre \u00e9l\u00e9nk\u00edt\u0151 \u00e9s friss\u00edt\u0151.<\/p>\n<p>A citrom savany\u00fas\u00e1ga \u00e9s a lime enyhe \u00e9dess\u00e9ge k\u00f6z\u00f6tti finom egyens\u00faly igaz\u00e1n kiemeli ezt az \u00edzt. T\u00f6k\u00e9letes azoknak a vapereknek, akik a friss \u00e9s \u00e9l\u00e9nk arom\u00e1kat r\u00e9szes\u00edtik el\u0151nyben, <strong>Citrom Lime<\/strong> Az ide\u00e1lis v\u00e1laszt\u00e1s hossz\u00fa g\u0151z\u00f6l\u00e9si \u00fcl\u00e9sekhez, an\u00e9lk\u00fcl, hogy tolakod\u00f3 lenne. Az \u00edz az eg\u00e9sz 20 000 h\u00faz\u00e1s sor\u00e1n \u00e1lland\u00f3 marad, \u00e9s folyamatosan magas szint\u0171 g\u0151z\u00f6l\u00e9si \u00e9lm\u00e9nyt biztos\u00edt.<\/p>\n<p>Der <strong>Citrom Lime<\/strong> \u00cdze a <strong>Fizzy Nova<\/strong> nem csak frissess\u00e9get, hanem m\u00e9lys\u00e9get is k\u00edn\u00e1l, amelyet minden sz\u00edv\u00e1sn\u00e1l \u00fajra felfedezhet\u00fcnk. Ide\u00e1lis mindazok sz\u00e1m\u00e1ra, akik szeretik a gy\u00fcm\u00f6lcs\u00f6s, de nem t\u00fal \u00e9des arom\u00e1kat, \u00e9s k\u00f6zben frissess\u00e9get keresnek a g\u0151z\u00f6l\u00e9shez. Kombin\u00e1lva a l\u00e1gy g\u0151zfejleszt\u00e9ssel <strong>Du\u00e1lis Mesh Coil Technol\u00f3gia<\/strong> Ez az \u00edz puha, kellemes sz\u00e1j\u00e9rzetet biztos\u00edt.<\/p>\n<h3>Mi\u00e9rt v\u00e1s\u00e1rolja meg a Fizzy Nova 20000 Puffs term\u00e9ket a Fumotxpress.de oldalon?<\/h3>\n<p>Bei <strong>Fumotxpress.de<\/strong>a legnagyobb platformja <strong>Einweg-Vapes in Deutschland<\/strong>nem csak azt aj\u00e1nljuk \u00d6nnek <strong>Fizzy Nova 20000 Puffs<\/strong>sondern auch erstklassigen Service und konkurrenzf\u00e4hige Preise. Mit einer gro\u00dfen Auswahl an Geschmacksrichtungen und der M\u00f6glichkeit, sowohl Einzel- als auch Gro\u00dfhandelsk\u00e4ufe zu t\u00e4tigen, sind wir Ihr bevorzugter Partner f\u00fcr hochwertige Vapes. Profitieren Sie von unseren exklusiven Angeboten und erleben Sie ein unvergleichliches Dampferlebnis.<\/p>\n<h3>Fazit<\/h3>\n<p>Der <strong>F<a href=\"https:\/\/fumotxpress.de\/hu\/\">Izzy Nova 20000 Puffs<\/a> Airflow Control 20K Eldobhat\u00f3 Vape<\/strong> Ez az abszol\u00fat g\u0151z\u00f6l\u00e9si \u00e9lm\u00e9ny mindazok sz\u00e1m\u00e1ra, akik \u00e9rt\u00e9kelik a min\u0151s\u00e9get, a tart\u00f3ss\u00e1got \u00e9s az egy\u00e9ni be\u00e1ll\u00edt\u00e1si lehet\u0151s\u00e9geket. Innovat\u00edv kialak\u00edt\u00e1s\u00e1val <strong>Du\u00e1lis Mesh Coil Technol\u00f3gia<\/strong>den <strong>Eco- \u00e9s Turbo-m\u00f3dok<\/strong> sowie annak <strong>LCD-k\u00e9perny\u0151<\/strong> Bietet er alles, was moderne Vaper erwarten. Besuchen Sie noch heute \nnem m\u00f3dos\u00edt\u00f3dik mivel n\u00e9met \u00e9s magyar nagyon hasonl\u00f3 sz\u00f6vegr\u00e9szlet <a href=\"https:\/\/fumotxpress.de\/hu\/\"><strong>Fumotxpress.de<\/strong><\/a>, hogy megszerezze k\u00e9sz\u00fcl\u00e9k\u00e9t \u00e9s meggy\u0151z\u0151dj\u00f6n aj\u00e1nlatunkr\u00f3l!<\/p>","protected":false},"excerpt":{"rendered":"<p>Der <strong>Fizzy Nova 20000 Puffs l\u00e9g\u00e1raml\u00e1s szab\u00e1lyoz\u00e1s 20K eldobhat\u00f3 vape<\/strong> egy \u00fajrat\u00f6lthet\u0151 eldobhat\u00f3 vape toll 20 000 h\u00faz\u00e1ssal, kett\u0151s h\u00e1l\u00f3 tekercs technol\u00f3gia, \u00e1ll\u00edthat\u00f3 l\u00e9g\u00e1raml\u00e1s, LCD kijelz\u0151 \u00e9s sz\u00e1mos \u00edzes\u00edt\u00e9si lehet\u0151s\u00e9g a szem\u00e9lyre szabott g\u0151z\u00f6l\u00e9si \u00e9lm\u00e9ny\u00e9rt<\/p>","protected":false},"featured_media":398,"comment_status":"open","ping_status":"closed","template":"","meta":{"om_disable_all_campaigns":false},"product_brand":[],"product_cat":[20,91,94,95,97,99,100,101,107,109,111,112,78,79,80,81,82,83,84,85,86,87,88,89,90,70,76,56,61,63,64,65,67],"product_tag":[],"class_list":{"0":"post-365","1":"product","2":"type-product","3":"status-publish","4":"has-post-thumbnail","6":"product_cat-fizzy-disposable-vapes","7":"product_cat-buy-best-disposable-vape-flavors","8":"product_cat-blueberry-flavor-disposable-vapes","9":"product_cat-cherry-flavor-disposable-vapes","10":"product_cat-grape-flavor-disposable-vapes","11":"product_cat-ice-flavor-disposable-vapes","12":"product_cat-kiwi-flavor-disposable-vapes","13":"product_cat-lemon-flavor-disposable-vapes","14":"product_cat-peach-flavor-disposable-vapes","15":"product_cat-raspberry-flavor-disposable-vapes","16":"product_cat-strawberry-flavor-disposable-vapes","17":"product_cat-watermelon-flavor-disposable-vapes","18":"product_cat-best-disposable-vape-in-europe","19":"product_cat-buy-disposable-vapes-in-austria","20":"product_cat-buy-disposable-vapes-in-belgium","21":"product_cat-buy-disposable-vapes-in-france","22":"product_cat-buy-disposable-vapes-in-germany","23":"product_cat-buy-disposable-vapes-in-italy","24":"product_cat-buy-disposable-vapes-in-netherlands","25":"product_cat-buy-disposable-vapes-in-norway","26":"product_cat-buy-disposable-vapes-in-poland","27":"product_cat-buy-disposable-vapes-in-portugal","28":"product_cat-buy-disposable-vapes-in-spain","29":"product_cat-buy-disposable-vapes-in-sweden","30":"product_cat-buy-disposable-vapes-in-switzerland","31":"product_cat-shop-disposable-vapes-by-puffs","32":"product_cat-20000-puff-disposable-vape","33":"product_cat-disposable-vape-types","34":"product_cat-big-puffs-disposable-vapes","35":"product_cat-digital-box-disposable-vapes","36":"product_cat-dual-mesh-disposable-vapes","37":"product_cat-lower-nicotine-disposable-vapes","38":"product_cat-rechargeable-disposable-vapes","40":"first","41":"outofstock","42":"shipping-taxable","43":"product-type-variable"},"_links":{"self":[{"href":"https:\/\/fumotxpress.de\/hu\/wp-json\/wp\/v2\/product\/365","targetHints":{"allow":["GET"]}}],"collection":[{"href":"https:\/\/fumotxpress.de\/hu\/wp-json\/wp\/v2\/product"}],"about":[{"href":"https:\/\/fumotxpress.de\/hu\/wp-json\/wp\/v2\/types\/product"}],"replies":[{"embeddable":true,"href":"https:\/\/fumotxpress.de\/hu\/wp-json\/wp\/v2\/comments?post=365"}],"wp:featuredmedia":[{"embeddable":true,"href":"https:\/\/fumotxpress.de\/hu\/wp-json\/wp\/v2\/media\/398"}],"wp:attachment":[{"href":"https:\/\/fumotxpress.de\/hu\/wp-json\/wp\/v2\/media?parent=365"}],"wp:term":[{"taxonomy":"product_brand","embeddable":true,"href":"https:\/\/fumotxpress.de\/hu\/wp-json\/wp\/v2\/product_brand?post=365"},{"taxonomy":"product_cat","embeddable":true,"href":"https:\/\/fumotxpress.de\/hu\/wp-json\/wp\/v2\/product_cat?post=365"},{"taxonomy":"product_tag","embeddable":true,"href":"https:\/\/fumotxpress.de\/hu\/wp-json\/wp\/v2\/product_tag?post=365"}],"curies":[{"name":"wp","href":"https:\/\/api.w.org\/{rel}","templated":true}]}}