{"id":2999,"date":"2025-01-03T06:03:51","date_gmt":"2025-01-03T06:03:51","guid":{"rendered":"https:\/\/fumotxpress.de\/?post_type=product&#038;p=2999"},"modified":"2025-07-12T13:59:36","modified_gmt":"2025-07-12T13:59:36","slug":"europai-raktar-airmez-xbeats-40000-puff-alacsony-nikotin-vasarlas-eredeti-autentikus-ujratoltheto-eldobhato-vapes-toll","status":"publish","type":"product","link":"https:\/\/fumotxpress.de\/hu\/termek\/europai-raktar-airmez-xbeats-40000-puff-alacsony-nikotin-vasarlas-eredeti-autentikus-ujratoltheto-eldobhato-vapes-toll\/","title":{"rendered":"Eur\u00f3pai Rakt\u00e1r Airmez Xbeats 40000 Puff Alacsony Nikotin V\u00e1s\u00e1roljon Eredeti Hiteles \u00dajrat\u00f6lthet\u0151 Eldobhat\u00f3 Vape Tollat"},"content":{"rendered":"<h2>AiRMEZ Xbeats 40000 Puffs\u00a0Eldobhat\u00f3 k\u00e9szlet: Forradalmi g\u0151z\u00f6l\u00e9si \u00e9lm\u00e9ny<\/h2>\n<h3>Egy \u00daj Korszak Az E-Cigarett\u00e1z\u00e1s \u00c9s A Sz\u00f3rakoztat\u00e1s Ter\u00e9n<\/h3>\n<p>A\u00a0<strong><a href=\"https:\/\/fumotxpress.de\/hu\/\">AiRMEZ Xbeats 40000 Puffs Eldobhat\u00f3<\/a> Kit<\/strong>\u00a0\u00d6nmag\u00e1t \u00fatt\u00f6r\u0151 innov\u00e1ci\u00f3k\u00e9nt hat\u00e1rozza meg a p\u00e1rologtat\u00e1s \u00e9s a hordozhat\u00f3 audio vil\u00e1g\u00e1ban. Egy \u00fajrat\u00f6lthet\u0151 eldobhat\u00f3 vape toll fejlett teljes\u00edtm\u00e9ny\u00e9t \u00f6tv\u00f6zi az integr\u00e1lt True Wireless Stereo (TWS) f\u00fclhallgat\u00f3k k\u00e9nyelm\u00e9vel, ez az eszk\u00f6z t\u00f6k\u00e9letes v\u00e1laszt\u00e1s azok sz\u00e1m\u00e1ra, akik \u00e9rt\u00e9kelik a multifunkcionalit\u00e1st \u00e9s a legmodernebb diz\u00e1jnt. Ak\u00e1r \u00d6n egy p\u00e1rologtat\u00e1s rajong\u00f3, ak\u00e1r el\u0151sz\u00f6r fedezi fel az eldobhat\u00f3 k\u00e9szletek vil\u00e1g\u00e1t, az AiRMEZ Xbeats \u00fajradefini\u00e1lja az elv\u00e1r\u00e1sokat a st\u00edlus, a hasznoss\u00e1g \u00e9s az innov\u00e1ci\u00f3 p\u00e1ratlan kever\u00e9k\u00e9vel.<\/p>\n<p>Ennek az eszk\u00f6znek a hossz\u00fa \u00e9lettartam\u00fa 40 000 sz\u00edv\u00e1sa, az el\u0151re t\u00f6lt\u00f6tt 22 ml-es folyad\u00e9k pod \u00e9s a Bluetooth 5.0 TWS f\u00fclhallgat\u00f3ja magasabb szintre emeli a g\u0151z\u00f6l\u00e9s \u00e9s a zenehallgat\u00e1s \u00e9lm\u00e9ny\u00e9t. A modern felhaszn\u00e1l\u00f3kra szabva, akik a k\u00e9nyelmet helyezik el\u0151t\u00e9rbe a min\u0151s\u00e9g rov\u00e1s\u00e1ra, az AiRMEZ Xbeats megtestes\u00edti a g\u0151z\u00f6l\u00e9s j\u00f6v\u0151j\u00e9t.<\/p>\n<div style=\"width: 1020px;\" class=\"wp-video\"><!--[if lt IE 9]><script>document.createElement('video');<\/script><![endif]-->\n<video class=\"wp-video-shortcode\" id=\"video-2999-1\" width=\"1020\" height=\"574\" preload=\"metadata\" controls=\"controls\"><source type=\"video\/mp4\" src=\"https:\/\/fumotxpress.de\/wp-content\/uploads\/2025\/01\/Airmez-Xbeats-40000-.mp4?_=1\" \/><a href=\"https:\/\/fumotxpress.de\/wp-content\/uploads\/2025\/01\/Airmez-Xbeats-40000-.mp4\">https:\/\/fumotxpress.de\/wp-content\/uploads\/2025\/01\/Airmez-Xbeats-40000-.mp4<\/a><\/video><\/div>\n<hr \/>\n<h3>Kiemelt Funkci\u00f3k, amelyek \u00dajradefini\u00e1lj\u00e1k a G\u0151z\u00f6l\u00e9st<\/h3>\n<h4>\ud83d\udee0\ufe0f\u00a0<strong>Innovat\u00edv kombin\u00e1ci\u00f3<\/strong><\/h4>\n<ul>\n<li><strong>Kett\u0151s funkcionalit\u00e1s<\/strong>: A vil\u00e1g els\u0151 eldobhat\u00f3 vape-ja, amely integr\u00e1lva van TWS f\u00fclhallgat\u00f3kkal, \u00e9s p\u00e1ratlan k\u00e9nyelmet k\u00edn\u00e1l a g\u0151z\u00f6l\u00e9s \u00e9s a vezet\u00e9k n\u00e9lk\u00fcli audio egyetlen eszk\u00f6zben val\u00f3 kombin\u00e1l\u00e1s\u00e1val.<\/li>\n<\/ul>\n<h4>\ud83d\ude80\u00a0<strong>P\u00e1ratlan Vaping \u00c9lm\u00e9ny<\/strong><\/h4>\n<ul>\n<li><strong>40 000 Puff<\/strong>: Hosszabb\u00edtja az e-cigaretta \u00e9lettartam\u00e1t, megsz\u00fcntetve a gyakori cser\u00e9ket \u00e9s biztos\u00edtva a folyamatos el\u00e9gedetts\u00e9get.<\/li>\n<li><strong>22 ml El\u0151re t\u00f6lt\u00f6tt folyad\u00e9k kapszula<\/strong>: B\u0151s\u00e9ges mennyis\u00e9g\u0171 kedvenc e-folyad\u00e9k\u00e1t biztos\u00edtja, cs\u00f6kkentve az \u00e1lland\u00f3 ut\u00e1nt\u00f6lt\u00e9s gondj\u00e1t.<\/li>\n<li><strong>Du\u00e1lis Mesh Tekercsek (2. gener\u00e1ci\u00f3)<\/strong>: \u00c9lvezze a folyamatos g\u0151ztermel\u00e9st \u00e9s a sima \u00edzlead\u00e1st a fejlett kett\u0151s h\u00e1l\u00f3sz\u00f6vet technol\u00f3gi\u00e1val.<\/li>\n<\/ul>\n<h4>\ud83c\udfa7\u00a0<strong>Tov\u00e1bbfejlesztett Hangteljes\u00edtm\u00e9ny<\/strong><\/h4>\n<ul>\n<li><strong>Bluetooth 5.0 TWS f\u00fclhallgat\u00f3<\/strong>: \u00c9lvezze a tiszta, kiv\u00e1l\u00f3 min\u0151s\u00e9g\u0171 hangot a megb\u00edzhat\u00f3 Bluetooth csatlakoz\u00e1ssal a h\u00edv\u00e1sokhoz \u00e9s a zen\u00e9hez, z\u00f6kken\u0151mentesen integr\u00e1lva az eszk\u00f6zbe.<\/li>\n<\/ul>\n<h4>\ud83d\udd0b\u00a0<strong>Megb\u00edzhat\u00f3 Energiaforr\u00e1s<\/strong><\/h4>\n<ul>\n<li><strong>\u00dajrat\u00f6lthet\u0151 bels\u0151 akkumul\u00e1tor<\/strong>A be\u00e9p\u00edtett akkumul\u00e1tor egyszerre l\u00e1tja el energi\u00e1val az e-cigarett\u00e1t \u00e9s a f\u00fclhallgat\u00f3t is, biztos\u00edtva mindk\u00e9t funkci\u00f3 folyamatos haszn\u00e1lat\u00e1t.<\/li>\n<li><strong>USB Type-C t\u00f6lt\u00e9s<\/strong>: A hat\u00e9kony \u00e9s gyors t\u00f6lt\u00e9s tov\u00e1bb kapcsolva tart \u00e9s hosszabb ideig biztos\u00edtja a vape-ot.<\/li>\n<\/ul>\n<h4>\ud83c\udf1f\u00a0<strong>Felhaszn\u00e1l\u00f3bar\u00e1t kialak\u00edt\u00e1s<\/strong><\/h4>\n<ul>\n<li><strong>MTL rajz aktiv\u00e1l\u00e1s<\/strong>: Klasszikus Mouth-to-Lung (MTL) sz\u00edv\u00e1si st\u00edlust k\u00edn\u00e1l, egy ismer\u0151s \u00e9s kiel\u00e9g\u00edt\u0151 bel\u00e9gz\u00e9si \u00e9rz\u00e9s\u00e9rt.<\/li>\n<li><strong>Oldals\u00f3 Digit\u00e1lis Kijelz\u0151<\/strong>: A digit\u00e1lis interf\u00e9sz val\u00f3s id\u0151ben friss\u00edti az akkumul\u00e1tor \u00e9lettartam\u00e1t \u00e9s a folyad\u00e9kszinteket, egy pillant\u00e1ssal t\u00e1j\u00e9koztatva \u00d6nt.<\/li>\n<li><strong>Kompakt \u00e9s hordozhat\u00f3<\/strong>: K\u00f6nny\u0171 \u00e9s ergonomikus kialak\u00edt\u00e1s\u00fa, az AiRMEZ Xbeats t\u00f6k\u00e9letes azoknak a felhaszn\u00e1l\u00f3knak, akik mindig \u00faton vannak.<\/li>\n<\/ul>\n<hr \/>\n<h3>\u00cdzl\u00e9sv\u00e1laszt\u00e9k: Minden \u00cdzl\u00e9shez<\/h3>\n<p>Az AiRMEZ Xbeats sz\u00e1mos izgalmas \u00edzben kaphat\u00f3, melyeket egyenk\u00e9nt \u00fagy alak\u00edtottak ki, hogy gazdag \u00e9s kiel\u00e9g\u00edt\u0151 vape-\u00e9lm\u00e9nyt ny\u00fajtsanak. V\u00e1lasszon ezek k\u00f6z\u00fcl a kiv\u00e9teles lehet\u0151s\u00e9gek k\u00f6z\u00fcl:<\/p>\n<ol>\n<li><strong>Klasszikus Doh\u00e1ny<\/strong>Egy id\u0151tlen kever\u00e9k, amely t\u00fckr\u00f6zi a hagyom\u00e1nyos cigarett\u00e1k robusztus, f\u00fcst\u00f6s \u00edz\u00e9t, gazdag \u00e9s ismer\u0151s g\u0151z\u00f6l\u00e9si \u00e9lm\u00e9nyt ny\u00fajtva.<\/li>\n<li><strong>Mentaszell\u0151<\/strong>: Friss \u00e9s \u00e9l\u00e9nk\u00edt\u0151, ez az \u00edz minden egyes f\u00faj\u00e1sn\u00e1l h\u0171s\u00edt\u0151 mentarobban\u00e1st biztos\u00edt.<\/li>\n<li><strong>Mango Burst<\/strong>: L\u00e9d\u00fas \u00e9s tr\u00f3pusi, \u00e9lvezze az \u00e9rett mang\u00f3 zamatos \u00e9dess\u00e9g\u00e9t, egy fanyar befejez\u00e9ssel.<\/li>\n<li><strong>Blueberry Fusion \n(maradt volna a forr\u00e1snyelvi v\u00e1ltozat , de mivel  ford\u00edthat\u00f3 \u00edgy:)  \u00c1fonya F\u00fazi\u00f3<\/strong>Egy gy\u00fcm\u00f6lcs\u00f6s \u00e9lvezet a szilva term\u00e9szetes \u00e9dess\u00e9g\u00e9vel, t\u00f6k\u00e9letes egy \u00e9l\u00e9nk vape sessionhoz.<\/li>\n<li><strong>Eperkr\u00e9m<\/strong>: Engedje mag\u00e1t a \u00e9rett eper \u00e9s a sima kr\u00e9m luxusos kever\u00e9k\u00e9be, amely desszertszer\u0171 \u00edzprofilt hoz l\u00e9tre.<\/li>\n<li><strong>\u0150szibar\u00e1t J\u00e9g<\/strong>\u00c9des \u0151szibar\u00e1t \u00e9s h\u0171s\u00edt\u0151 j\u00e9ggel k\u00e9sz\u00fclt, h\u0171v\u00f6s \u00e9s gy\u00fcm\u00f6lcs\u00f6s \u00e9lm\u00e9nyt ny\u00fajtva.<\/li>\n<li><strong>Citrus H\u00e9ja<\/strong>: \u00c9l\u00e9nk\u00edtse \u00e9rz\u00e9keit a citrom, a lime \u00e9s a narancs friss\u00edt\u0151 kombin\u00e1ci\u00f3j\u00e1val, amely robban\u00e1sszer\u0171en intenz\u00edv savany\u00fa \u00edzt eredm\u00e9nyez.<\/li>\n<li><strong>V\u00edzimelon H\u0171s\u00edt\u0151<\/strong>: \u00c9lvezze a g\u00f6r\u00f6gdinnye \u00e9des \u00e9s l\u00e9d\u00fas esszenci\u00e1j\u00e1t egy friss\u00edt\u0151 hideggel, amely minden puffot magasabb szintre emel.<\/li>\n<\/ol>\n<hr \/>\n<h3><img loading=\"lazy\" decoding=\"async\" class=\"alignnone wp-image-5599 size-full\" src=\"https:\/\/fumotxpress.de\/wp-content\/uploads\/2025\/01\/Airmez-Xbeats-40000.webp\" sizes=\"auto, (max-width: 1920px) 100vw, 1920px\" srcset=\"https:\/\/fumotxpress.de\/wp-content\/uploads\/2025\/01\/Airmez-Xbeats-40000.webp 1920w, https:\/\/fumotxpress.de\/wp-content\/uploads\/2025\/01\/Airmez-Xbeats-40000-300x169.webp 300w, https:\/\/fumotxpress.de\/wp-content\/uploads\/2025\/01\/Airmez-Xbeats-40000-1024x576.webp 1024w, https:\/\/fumotxpress.de\/wp-content\/uploads\/2025\/01\/Airmez-Xbeats-40000-768x432.webp 768w, https:\/\/fumotxpress.de\/wp-content\/uploads\/2025\/01\/Airmez-Xbeats-40000-1536x864.webp 1536w, https:\/\/fumotxpress.de\/wp-content\/uploads\/2025\/01\/Airmez-Xbeats-40000-18x10.webp 18w, https:\/\/fumotxpress.de\/wp-content\/uploads\/2025\/01\/Airmez-Xbeats-40000-600x338.webp 600w\" alt=\"Eur\u00f3pai Rakt\u00e1r Airmez Xbeats 40000 Puff Alacsony Nikotin V\u00e1s\u00e1roljon Eredeti Hiteles \u00dajrat\u00f6lthet\u0151 Eldobhat\u00f3 Vape Tollat \" width=\"1920\" height=\"1080\" \/><\/h3>\n<h3>Mi\u00e9rt v\u00e1lasszon<a href=\"https:\/\/fumotxpress.de\/hu\/\">\u00a0AiRMEZ Xbeats 40000 Puffs<\/a>?<\/h3>\n<h4><strong>P\u00e1ratlan k\u00e9nyelem<\/strong><\/h4>\n<ul>\n<li>Kik\u00fcsz\u00f6b\u00f6lje a t\u00f6bb k\u00e9sz\u00fcl\u00e9k sz\u00fcks\u00e9gess\u00e9g\u00e9t egy kompakt, mindent egyben megold\u00e1ssal a g\u0151z\u00f6l\u00e9shez \u00e9s a vezet\u00e9k n\u00e9lk\u00fcli audiohoz.<\/li>\n<\/ul>\n<h4><strong>Kiemelked\u0151 teljes\u00edtm\u00e9ny<\/strong><\/h4>\n<ul>\n<li>\u00dajrat\u00f6lthet\u0151 kialak\u00edt\u00e1s \u00e9s megn\u00f6velt puff kapacit\u00e1s biztos\u00edtja a hossz\u00fa t\u00e1v\u00fa el\u00e9gedetts\u00e9get a min\u0151s\u00e9g rov\u00e1s\u00e1ra t\u00f6rt\u00e9n\u0151 kompromisszumok n\u00e9lk\u00fcl.<\/li>\n<\/ul>\n<h4><strong>T\u00f6k\u00e9letes \u00fatk\u00f6zben<\/strong><\/h4>\n<ul>\n<li>K\u00f6nny\u0171, utaz\u00e1sbar\u00e1t \u00e9s t\u00f6bbfunkci\u00f3s, ez az eszk\u00f6z ide\u00e1lis azoknak a felhaszn\u00e1l\u00f3knak, akik z\u00f6kken\u0151mentes funkcionalit\u00e1st keresnek a napi tev\u00e9kenys\u00e9geik sor\u00e1n.<\/li>\n<\/ul>\n<h4><strong>\u00c9lenj\u00e1r\u00f3 Technol\u00f3gia<\/strong><\/h4>\n<ul>\n<li>A fejlett tekercstechnol\u00f3gi\u00e1t\u00f3l a Bluetooth 5.0 csatlakoz\u00e1sig minden r\u00e9szletet \u00fagy terveztek, hogy fokozza a felhaszn\u00e1l\u00f3i \u00e9lm\u00e9nyt.<\/li>\n<\/ul>\n<h4><strong>Sz\u00e9les \u00cdzv\u00e1laszt\u00e9k<\/strong><\/h4>\n<ul>\n<li>A gondosan v\u00e1logatott \u00edzek v\u00e1ltozatoss\u00e1ga megfelel a k\u00fcl\u00f6nb\u00f6z\u0151 \u00edzl\u00e9svil\u00e1goknak, biztos\u00edtva, hogy mindenkinek legyen valami.<\/li>\n<\/ul>\n<hr \/>\n<h3>Megb\u00edzhat\u00f3 Forr\u00e1s az Egyszerhaszn\u00e1latos G\u0151z\u00f6l\u0151kh\u00f6z<\/h3>\n<p>Keresse meg a <a href=\"https:\/\/fumotxpress.de\/hu\/\">AiRMEZ Xbeats 40000 Puffs<\/a> Eldobhat\u00f3 k\u00e9szlet a fumotxpress.de oldalon, N\u00e9metorsz\u00e1g legnagyobb online kiskereskedelmi \u00e9rt\u00e9kes\u00edt\u00e9si platformj\u00e1n az eldobhat\u00f3 vaperek sz\u00e1m\u00e1ra.  Szak\u00fczlet\u00fcnkben olyan pr\u00e9mium m\u00e1rk\u00e1kat k\u00edn\u00e1lunk, mint az Al Fakher, Fizzy, OBEELAB HHC, Randm Fumot \u00e9s SMPO DL02.  Nincs minim\u00e1lis rendel\u00e9si k\u00f6vetelm\u00e9ny \u00e9s gyors sz\u00e1ll\u00edt\u00e1s az EU-ban eur\u00f3pai vape rakt\u00e1runkb\u00f3l, megk\u00f6nny\u00edtj\u00fck, hogy hozz\u00e1f\u00e9rjen a leg\u00fajabb innov\u00e1ci\u00f3khoz a vapel\u00e9sben.<\/p>\n<h4>Mi\u00e9rt v\u00e1s\u00e1roljon a fumotxpress.de-t\u0151l?<\/h4>\n<ul>\n<li><strong>Nincs Minim\u00e1lis Rendel\u00e9si Mennyis\u00e9g<\/strong>: Rendeljen ak\u00e1r csak egy egys\u00e9get is egyszerre.<\/li>\n<li><strong>Gyors Sz\u00e1ll\u00edt\u00e1s<\/strong>: \u00c9lvezze a sz\u00e1ll\u00edt\u00e1st 3-7 napon bel\u00fcl az EU-ban.<\/li>\n<li><strong>Legn\u00e9pszer\u0171bb M\u00e1rk\u00e1k<\/strong>: V\u00e1lasszon a legjobb eldobhat\u00f3 vape m\u00e1rk\u00e1k k\u00f6z\u00fcl a piacon.<\/li>\n<li><strong>Megfizethet\u0151 \u00c1rak<\/strong>: A versenyk\u00e9pes \u00e1rak garant\u00e1lj\u00e1k a nagy \u00e9rt\u00e9ket a p\u00e9nzt\u00e1rc\u00e1j\u00e1nak.<\/li>\n<\/ul>","protected":false},"excerpt":{"rendered":"<p>AiRMEZ Xbeats 40000 Puffs Eldobhat\u00f3 K\u00e9szlet: Forradalmi G\u0151z\u00f6l\u00e9si Tapasztalat  A G\u0151z\u00f6l\u00e9s \u00e9s a Sz\u00f3rakoz\u00e1s \u00daj Korszaka Az AiRMEZ Xbeats 40000 Puffs Eldobhat\u00f3 K\u00e9szlet \u00fatt\u00f6r\u0151 innov\u00e1ci\u00f3nak sz\u00e1m\u00edt a g\u0151z\u00f6l\u00e9s \u00e9s a hordozhat\u00f3 audio vil\u00e1g\u00e1ban. Egyes\u00edti egy \u00fajrat\u00f6lthet\u0151 eldobhat\u00f3 vape toll fejlett teljes\u00edtm\u00e9ny\u00e9t az integr\u00e1lt True Wireless Stereo (TWS) k\u00e9nyelm\u00e9vel [\u2026]","protected":false},"featured_media":3005,"comment_status":"open","ping_status":"closed","template":"","meta":{"om_disable_all_campaigns":false},"product_brand":[],"product_cat":[21,91,92,94,97,99,100,101,103,104,107,111,112,78,79,80,81,82,83,84,85,86,87,88,89,90,70,113,56,61,63,64,65,67],"product_tag":[],"class_list":{"0":"post-2999","1":"product","2":"type-product","3":"status-publish","4":"has-post-thumbnail","6":"product_cat-airmez-matrix-disposable-vapes","7":"product_cat-buy-best-disposable-vape-flavors","8":"product_cat-apple-flavor-disposable-vapes","9":"product_cat-blueberry-flavor-disposable-vapes","10":"product_cat-grape-flavor-disposable-vapes","11":"product_cat-ice-flavor-disposable-vapes","12":"product_cat-kiwi-flavor-disposable-vapes","13":"product_cat-lemon-flavor-disposable-vapes","14":"product_cat-mango-flavor-disposable-vapes","15":"product_cat-mint-flavor-disposable-vapes","16":"product_cat-peach-flavor-disposable-vapes","17":"product_cat-strawberry-flavor-disposable-vapes","18":"product_cat-watermelon-flavor-disposable-vapes","19":"product_cat-best-disposable-vape-in-europe","20":"product_cat-buy-disposable-vapes-in-austria","21":"product_cat-buy-disposable-vapes-in-belgium","22":"product_cat-buy-disposable-vapes-in-france","23":"product_cat-buy-disposable-vapes-in-germany","24":"product_cat-buy-disposable-vapes-in-italy","25":"product_cat-buy-disposable-vapes-in-netherlands","26":"product_cat-buy-disposable-vapes-in-norway","27":"product_cat-buy-disposable-vapes-in-poland","28":"product_cat-buy-disposable-vapes-in-portugal","29":"product_cat-buy-disposable-vapes-in-spain","30":"product_cat-buy-disposable-vapes-in-sweden","31":"product_cat-buy-disposable-vapes-in-switzerland","32":"product_cat-shop-disposable-vapes-by-puffs","33":"product_cat-40000-puff-disposable-vape","34":"product_cat-disposable-vape-types","35":"product_cat-big-puffs-disposable-vapes","36":"product_cat-digital-box-disposable-vapes","37":"product_cat-dual-mesh-disposable-vapes","38":"product_cat-lower-nicotine-disposable-vapes","39":"product_cat-rechargeable-disposable-vapes","41":"first","42":"instock","43":"shipping-taxable","44":"purchasable","45":"product-type-variable"},"_links":{"self":[{"href":"https:\/\/fumotxpress.de\/hu\/wp-json\/wp\/v2\/product\/2999","targetHints":{"allow":["GET"]}}],"collection":[{"href":"https:\/\/fumotxpress.de\/hu\/wp-json\/wp\/v2\/product"}],"about":[{"href":"https:\/\/fumotxpress.de\/hu\/wp-json\/wp\/v2\/types\/product"}],"replies":[{"embeddable":true,"href":"https:\/\/fumotxpress.de\/hu\/wp-json\/wp\/v2\/comments?post=2999"}],"wp:featuredmedia":[{"embeddable":true,"href":"https:\/\/fumotxpress.de\/hu\/wp-json\/wp\/v2\/media\/3005"}],"wp:attachment":[{"href":"https:\/\/fumotxpress.de\/hu\/wp-json\/wp\/v2\/media?parent=2999"}],"wp:term":[{"taxonomy":"product_brand","embeddable":true,"href":"https:\/\/fumotxpress.de\/hu\/wp-json\/wp\/v2\/product_brand?post=2999"},{"taxonomy":"product_cat","embeddable":true,"href":"https:\/\/fumotxpress.de\/hu\/wp-json\/wp\/v2\/product_cat?post=2999"},{"taxonomy":"product_tag","embeddable":true,"href":"https:\/\/fumotxpress.de\/hu\/wp-json\/wp\/v2\/product_tag?post=2999"}],"curies":[{"name":"wp","href":"https:\/\/api.w.org\/{rel}","templated":true}]}}