{"id":2674,"date":"2024-12-20T10:55:31","date_gmt":"2024-12-20T10:55:31","guid":{"rendered":"https:\/\/fumotxpress.de\/?post_type=product&#038;p=2674"},"modified":"2025-11-24T07:49:49","modified_gmt":"2025-11-24T07:49:49","slug":"europai-raktar-utolso-szerelem-20000-fujas-alacsony-nikotin-vasarlas-eredeti-autentikus-ujratoltheto-eldobhato-vapes-toll-2","status":"publish","type":"product","link":"https:\/\/fumotxpress.de\/hu\/termek\/europai-raktar-utolso-szerelem-20000-fujas-alacsony-nikotin-vasarlas-eredeti-autentikus-ujratoltheto-eldobhato-vapes-toll-2\/","title":{"rendered":"Eur\u00f3pai Rakt\u00e1r Utols\u00f3 Szeretet 20000 Puff Alacsony Nikotin V\u00e1s\u00e1roljon Eredeti Hiteles \u00dajrat\u00f6lthet\u0151 Eldobhat\u00f3 Vape Pen1box (12db)"},"content":{"rendered":"<div class=\"flex max-w-full flex-col flex-grow\">\n<div class=\"min-h-8 text-message flex w-full flex-col items-end gap-2 whitespace-normal break-words [.text-message+&amp;]:mt-5\" dir=\"auto\" data-message-author-role=\"assistant\" data-message-id=\"7774bd88-5843-480b-a616-9aa0730633a5\" data-client-thread-id=\"WEB:5163763a-dd3e-4377-a6ad-548896bb6062\" data-message-model-slug=\"gpt-4o\">\n<div class=\"flex w-full flex-col gap-1 empty:hidden first:pt-[3px]\">\n<div class=\"markdown prose w-full break-words dark:prose-invert light\">\n<h2>Eur\u00f3pai Rakt\u00e1r Utols\u00f3 Szeretet 20000 Puff Alacsony Nikotin V\u00e1s\u00e1roljon Eredeti Hiteles \u00dajrat\u00f6lthet\u0151 Eldobhat\u00f3 Vape Pen1box (12db)<\/h2>\n<p>&nbsp;<\/p>\n<p>A <strong><a href=\"https:\/\/fumotxpress.de\/hu\/\">Utols\u00f3 Szeretet 20000 Puff \u00dajrat\u00f6lthet\u0151 Eldobhat\u00f3 Vape<\/a> Kit<\/strong> \u00fajra\u00e9rtelmezi a k\u00e9nyelem, a teljes\u00edtm\u00e9ny \u00e9s a st\u00edlus szabv\u00e1nyait a vapiz\u00e1l\u00e1sban. A modern vaperek ig\u00e9nyeit szem el\u0151tt tartva tervezve, ez az innovat\u00edv eszk\u00f6z hossz\u00fa \u00e9lettartam\u00fa, pr\u00e9mium \u00e9lm\u00e9nyt ny\u00fajt a gyakori cser\u00e9k sz\u00fcks\u00e9gess\u00e9ge n\u00e9lk\u00fcl. Ak\u00e1r alkalmi felhaszn\u00e1l\u00f3, ak\u00e1r tapasztalt vap\u00e1l\u00f3 vagy, a <a href=\"https:\/\/fumotxpress.de\/hu\/\"><strong>Utols\u00f3 Szerelmi Vape K\u00e9szlet<\/strong><\/a> biztos\u00edtja, hogy minden sz\u00edv\u00e1s \u00edzletes, sima \u00e9s kiel\u00e9g\u00edt\u0151 legyen.<\/p>\n<p>Legfeljebb <strong>20 000 sz\u00edv\u00e1s<\/strong>, egy \u00e1ramvonalas EURO2024 t\u00e9m\u00e1j\u00fa diz\u00e1jn, \u00e9s egy \u00fajrat\u00f6lthet\u0151 funkci\u00f3, ez a vape k\u00e9szlet \u00f6tv\u00f6zi a fejlett technol\u00f3gi\u00e1t a praktikummal. El\u00e9rhet\u0151 <strong>12 k\u00fcl\u00f6n\u00e1ll\u00f3 \u00edz<\/strong>Ez az eszk\u00f6z garant\u00e1lja a szem\u00e9lyre szabott g\u0151z\u00f6l\u00e9si \u00e9lm\u00e9nyt, amely minden \u00edzl\u00e9shez alkalmazkodik.<\/p>\n<hr \/>\n<h2><strong>Eur\u00f3pai Rakt\u00e1r Utols\u00f3 Szeretet 20000 Puff\u00a0<\/strong><strong>R\u00e9szletes Term\u00e9kle\u00edr\u00e1s<\/strong><\/h2>\n<p>A <strong>Utols\u00f3 Szeretet 20000 Puff \u00dajrat\u00f6lthet\u0151 Eldobhat\u00f3 Vape K\u00e9szlet<\/strong> m\u00e9rn\u00f6ki munka \u00e9s eszt\u00e9tikai kiv\u00e1l\u00f3s\u00e1g csod\u00e1ja. Azok sz\u00e1m\u00e1ra k\u00e9sz\u00fclt, akik megb\u00edzhat\u00f3s\u00e1got \u00e9s st\u00edlust keresnek, az vape pen robusztus kialak\u00edt\u00e1ssal, b\u0151s\u00e9ges <strong>22ml-es e-folyad\u00e9k tart\u00e1ly<\/strong>\u00e9s integr\u00e1lt <strong>800mAh \u00fajrat\u00f6lthet\u0151 akkumul\u00e1tor<\/strong>.<\/p>\n<p>Ez <strong>EURO2024 Limited Edition<\/strong> A diz\u00e1jn \u00fcnnepli a glob\u00e1lis futball ir\u00e1nti szenved\u00e9lyt, mik\u00f6zben biztos\u00edtja az optim\u00e1lis g\u0151z\u00f6l\u00e9si teljes\u00edtm\u00e9nyt. A hullad\u00e9k cs\u00f6kkent\u00e9se \u00e9rdek\u00e9ben tervezett eszk\u00f6z alj\u00e1n k\u00e9nyelmes t\u00f6lt\u0151port tal\u00e1lhat\u00f3, amely lehet\u0151v\u00e9 teszi, hogy az e-folyad\u00e9k minden cseppj\u00e9t \u00e9lvezze a kidob\u00e1s el\u0151tt.<\/p>\n<h2><strong>Eur\u00f3pai Rakt\u00e1r Utols\u00f3 Szeretet 20000 Puff <\/strong><strong>Alacsony Nikotin a Kiegyens\u00falyozott \u00c9lvezet\u00e9rt<\/strong><\/h2>\n<p>A k\u00e9sz\u00fcl\u00e9k el\u0151re felt\u00f6ltve \u00e9rkezik <strong>2% nikotintartalma (20mg)<\/strong>, sima, m\u00e9gis kiel\u00e9g\u00edt\u0151 hat\u00e1st ny\u00fajt, amely megfelel mind a kezd\u0151knek, mind a tapasztalt felhaszn\u00e1l\u00f3knak. Ez az alacsony nikotinkoncentr\u00e1ci\u00f3 biztos\u00edtja a t\u00f6k\u00e9letes egyens\u00falyt a gazdag \u00edzek \u00e9lvezet\u00e9hez t\u00falzott intenzit\u00e1s n\u00e9lk\u00fcl.<\/p>\n<h2><strong>Eur\u00f3pai Rakt\u00e1r Utols\u00f3 Szeretet 20000 Puff <\/strong><strong>Halad\u00f3 Technol\u00f3gia a Z\u00f6kken\u0151mentes G\u0151z\u00f6l\u00e9shez<\/strong><\/h2>\n<p>A be\u00e9p\u00edtett <strong>0.6 Mesh Coil<\/strong> emeli a g\u0151z\u00f6l\u00e9si \u00e9lm\u00e9nyt a k\u00f6vetkezetes, s\u0171r\u0171 g\u0151z termel\u00e9s\u00e9vel. A g\u0151ztermel\u00e9s sima, jav\u00edtva minden sz\u00edv\u00e1s \u00edzprofilj\u00e1t. Ezenk\u00edv\u00fcl az intuit\u00edv akkumul\u00e1tor \u00e9s folyad\u00e9kszint kijelz\u0151 t\u00e1j\u00e9koztatja \u00d6nt az eszk\u00f6z \u00e1llapot\u00e1r\u00f3l, biztos\u00edtva egy gondtalan g\u0151z\u00f6l\u00e9si \u00fcl\u00e9st.<\/p>\n<hr \/>\n<h2><strong>Eur\u00f3pai Rakt\u00e1r Utols\u00f3 Szeretet 20000 Puff <\/strong><strong>A Last Love 20000 Puffs Vape Kit f\u0151bb jellemz\u0151i<\/strong><\/h2>\n<ul>\n<li><strong>20 000 sz\u00edv\u00e1s k\u00e9sz\u00fcl\u00e9kenk\u00e9nt<\/strong><br \/>\n\u00c9lvezze a hosszabb vape-\u00e9lm\u00e9nyt, egy leny\u0171g\u00f6z\u0151 f\u00faj\u00e1ssz\u00e1mmal, amely t\u00fal\u00e9lja a legt\u00f6bb eldobhat\u00f3 vape-k\u00e9sz\u00fcl\u00e9ket.<\/li>\n<li><strong>22ml E-Liquid Tart\u00e1ly<\/strong><br \/>\nEgy nagylelk\u0171en m\u00e9retezett tart\u00e1ly kik\u00fcsz\u00f6b\u00f6li a gyakori ut\u00e1nt\u00f6lt\u00e9s sz\u00fcks\u00e9gess\u00e9g\u00e9t, biztos\u00edtva a megszak\u00edt\u00e1s n\u00e9lk\u00fcli \u00e9lvezetet.<\/li>\n<li><strong>\u00dajrat\u00f6lthet\u0151 Port<\/strong><br \/>\nA k\u00e9sz\u00fcl\u00e9k alj\u00e1n tal\u00e1lhat\u00f3 \u00fajrat\u00f6lthet\u0151 port maximaliz\u00e1lja a hasznoss\u00e1got az\u00e1ltal, hogy biztos\u00edtja, hogy egyetlen e-folyad\u00e9k se menjen k\u00e1rba.<\/li>\n<li><strong>800mAh be\u00e9p\u00edtett akkumul\u00e1tor<\/strong><br \/>\nEz az er\u0151s \u00e9s \u00fajrat\u00f6lthet\u0151 akkumul\u00e1tor hossz\u00fa vape sessionokat t\u00e1mogat, \u00edgy k\u00f6lts\u00e9ghat\u00e9kony \u00e9s k\u00f6rnyezetbar\u00e1t v\u00e1laszt\u00e1s.<\/li>\n<li><strong>0.6 Mesh tekercstechnol\u00f3gia<\/strong><br \/>\nTov\u00e1bbfejleszti a g\u0151z min\u0151s\u00e9g\u00e9t \u00e9s az \u00edz intenzit\u00e1s\u00e1t, biztos\u00edtva egy \u00e1lland\u00f3an sima vape-\u00e9lm\u00e9nyt.<\/li>\n<li><strong>Akku- \u00e9s folyad\u00e9kszint-jelz\u0151k<\/strong><br \/>\nMaradjon t\u00e1j\u00e9kozott az akkumul\u00e1tor \u00e9lettartam\u00e1nak \u00e9s az e-folyad\u00e9k szintj\u00e9nek val\u00f3s idej\u0171 figyel\u00e9s\u00e9vel a z\u00f6kken\u0151mentes haszn\u00e1lat \u00e9rdek\u00e9ben.<\/li>\n<li><strong>EURO2024 Limit\u00e1lt Kiad\u00e1s\u00fa Tervez\u00e9s<\/strong><br \/>\nLabdar\u00fag\u00e1s t\u00e9m\u00e1j\u00fa, szemet vonz\u00f3 diz\u00e1jn, amely kieg\u00e9sz\u00edti a k\u00e9sz\u00fcl\u00e9k pr\u00e9mium funkcionalit\u00e1s\u00e1t.<\/li>\n<li><strong>Sz\u00e9les \u00cdzv\u00e1laszt\u00e9k<\/strong><br \/>\nV\u00e1lasszon 12 egyedi \u00e9s izgalmas \u00edz k\u00f6z\u00fcl, amelyek mindegyik\u00e9t egyed\u00fcl\u00e1ll\u00f3 vaping \u00e9lm\u00e9nyre tervezt\u00e9k.<\/li>\n<\/ul>\n<hr \/>\n<h2><strong>Eur\u00f3pai Rakt\u00e1r Utols\u00f3 Szeretet 20000 Puff <\/strong><strong>\u00cdzek \u00e1ttekint\u00e9se<\/strong><\/h2>\n<h3><strong>\u00cdzv\u00e1logat\u00e1s<\/strong><\/h3>\n<ol>\n<li><strong>Lush G\u00f6r\u00f6gdinnye<\/strong><br \/>\nL\u00e9d\u00fas, \u00e9des \u00e9s friss\u00edt\u0151, ez az \u00edz megragadja az \u00e9rett g\u00f6r\u00f6gdinnye l\u00e9nyeg\u00e9t, ropog\u00f3s, h\u0171s\u00edt\u0151 befejez\u00e9ssel.<\/li>\n<li><strong>Mango Delight \n\n(Mango Delight - since it seems to be a proper noun or a product name, I will leave it as is, however, if a translation is required for a description:) \n\nMango \u00d6r\u00f6m \n(or) \nMang\u00f3 Delight \n(or) \nMang\u00f3 \u00d6r\u00f6m<\/strong><br \/>\nTr\u00f3pusi robban\u00e1s az \u00edzletes mang\u00f3kb\u00f3l, gazdag, gy\u00fcm\u00f6lcs\u00f6s \u00edzt biztos\u00edtva, sima ut\u00f3\u00edzzel.<\/li>\n<li><strong>\u00c1fony\u00e1s \u00d6r\u00f6m<\/strong><br \/>\nEgy friss \u00e1fony\u00e1s robbant\u00e1s \u00e9dess\u00e9ggel, t\u00f6k\u00e9letes a gy\u00fcm\u00f6lcs szerelmeseinek.<\/li>\n<li><strong>H\u0171s Menta<\/strong><br \/>\nEgy friss\u00edt\u0151 ment\u00e1s \u00e9rz\u00e9s, amely minden sz\u00edv\u00e1sn\u00e1l ropog\u00f3s, tiszta \u00e9s h\u0171s\u00edt\u0151 hat\u00e1st hagy maga ut\u00e1n.<\/li>\n<li><strong>Eper Robban\u00e1s<\/strong><br \/>\n\u00c9des \u00e9s zamatos, ez az \u00edz a f\u00f6ldieper term\u00e9szetes j\u00f3s\u00e1g\u00e1t kiel\u00e9g\u00edt\u0151 m\u00e9lys\u00e9ggel \u00f6tv\u00f6zi.<\/li>\n<li><strong>Tr\u00f3pusi Mix<\/strong><br \/>\nTr\u00f3pusi gy\u00fcm\u00f6lcs\u00f6k egzotikus v\u00e1logat\u00e1s\u00e1nak harmonikus \u00e9s \u00e9l\u00e9nk kever\u00e9ke, mely igazi tr\u00f3pusi paradicsomot id\u00e9z.<\/li>\n<li><strong>Van\u00edlia kr\u00e9m<\/strong><br \/>\nSima \u00e9s kr\u00e9mes, ez a luxus \u00edz pazar, desszertszer\u0171 \u00e9lm\u00e9nyt ny\u00fajt.<\/li>\n<li><strong>Apple Ice<\/strong><br \/>\n\u00c9des \u00e9s m\u00e9gis savanyk\u00e1s alma \u00edz h\u0171s\u00edt\u0151 j\u00e9gcsavarral, amely felfriss\u00edti az \u00edzlel\u0151bimb\u00f3kat.<\/li>\n<li><strong>Sz\u0151l\u0151 Robban\u00e1s<\/strong><br \/>\nEr\u0151s \u00e9s l\u00e9d\u00fas, ez az \u00edz megragadja a friss sz\u0151l\u0151 gazdags\u00e1g\u00e1t, enyh\u00e9n fanyar al\u00e1fest\u00e9ssel.<\/li>\n<li><strong>Csereszny\u00e9s Fagy<\/strong><br \/>\nAz \u00e9des cseresznye tal\u00e1lkozik egy ropog\u00f3s, fagyos befejez\u00e9ssel, \u00e9s ez egy kellemes \u00e9s kiegyens\u00falyozott g\u0151z\u00f6l\u00e9si \u00e9lm\u00e9nyt eredm\u00e9nyez.<\/li>\n<li><strong>K\u00f3la Fizz<\/strong><br \/>\n\u00c9lvezze a fizzy k\u00f3la nosztalgikus \u00edz\u00e9t egy kis citrusos zamattal, mint egy bubor\u00e9kos finoms\u00e1g.<\/li>\n<li><strong>\u0150szibar\u00e1t Bliss<\/strong><br \/>\n\u00c9des, l\u00e1gy \u00e9s arom\u00e1s, ez a barack \u00edz k\u00f6nny\u0171 \u00e9s kellemes vapel\u00e9si \u00e9rzetet ny\u00fajt.<\/li>\n<\/ol>\n<hr \/>\n<h2><strong>Eur\u00f3pai Rakt\u00e1r Utols\u00f3 Szeretet 20000 Puff <\/strong><strong>Mi\u00e9rt v\u00e1s\u00e1roljon a FumotXpress.de-t\u0151l?<\/strong><\/h2>\n<p>At <strong>FumotXpress.de<\/strong>, a legjobb min\u0151s\u00e9g\u0171 eldobhat\u00f3 vape term\u00e9kekre specializ\u00e1l\u00f3dunk, bele\u00e9rtve a megb\u00edzhat\u00f3 m\u00e1rk\u00e1kat is, mint p\u00e9ld\u00e1ul <strong>Al Fakher<\/strong>, <strong>Fizzy<\/strong>, <strong>OBEELAB HHC<\/strong>\u00e9s <strong>SMPO DL02<\/strong>Itt van, mi\u00e9rt \u00e9rdemes n\u00e1lunk v\u00e1s\u00e1rolnia:<\/p>\n<ul>\n<li><strong>N\u00e9metorsz\u00e1g legnagyobb online keresked\u0151je<\/strong><br \/>\nMi vagyunk az els\u0151 sz\u00e1m\u00fa platform az autentikus eldobhat\u00f3 vape term\u00e9kek v\u00e1s\u00e1rl\u00e1s\u00e1hoz az EU-ban.<\/li>\n<li><strong>Nincs Minim\u00e1lis Rendel\u00e9si Mennyis\u00e9g<\/strong><br \/>\nV\u00e1s\u00e1roljon ak\u00e1r csak egy darabot, vagy k\u00e9szletezzen nagy t\u00e9telben - mindezt k\u00e9nyelme szerint.<\/li>\n<li><strong>Gyors Eur\u00f3pai Sz\u00e1ll\u00edt\u00e1s<\/strong><br \/>\nA mi\u00e9nk <strong>Eur\u00f3pai rakt\u00e1r<\/strong> biztos\u00edtja, hogy rendel\u00e9se meg\u00e9rkezzen <strong>3-7 nap<\/strong>biztos\u00edtva a gyors \u00e9s megb\u00edzhat\u00f3 sz\u00e1ll\u00edt\u00e1si folyamatot.<\/li>\n<li><strong>Hiteless\u00e9g Garant\u00e1lva<\/strong><br \/>\nB\u00edztons\u00e1ggal v\u00e1s\u00e1roljon, tudva, hogy val\u00f3di term\u00e9keket v\u00e1s\u00e1rol, amelyeket kiv\u00e1l\u00f3 \u00fcgyf\u00e9lszolg\u00e1lat t\u00e1mogat.<\/li>\n<\/ul>\n<hr \/>\n<h2><strong>Eur\u00f3pai Rakt\u00e1r Utols\u00f3 Szeretet 20000 Puff <\/strong><strong>V\u00e9gs\u0151 Gondolatok<\/strong><\/h2>\n<p>A <strong>Utols\u00f3 Szeretet 20000 Puff \u00dajrat\u00f6lthet\u0151 Eldobhat\u00f3 Vape K\u00e9szlet<\/strong> azok sz\u00e1m\u00e1ra a v\u00e9gs\u0151 v\u00e1laszt\u00e1s, akik pr\u00e9mium g\u0151z\u00f6l\u00e9si \u00e9lm\u00e9nyt keresnek p\u00e1ratlan k\u00e9nyelemmel. Az impoz\u00e1ns f\u00faj\u00e1ssz\u00e1mt\u00f3l az \u00f6ko-bar\u00e1t \u00fajrat\u00f6lthet\u0151 kialak\u00edt\u00e1sig, ez az eszk\u00f6z a modern g\u0151z\u00f6l\u00e9si innov\u00e1ci\u00f3 bizony\u00edt\u00e9ka.<\/p>\n<p>L\u00e1togat\u00e1s <a href=\"https:\/\/fumotxpress.de\/hu\/\"><strong>FumotXpress.de<\/strong><\/a> Ma, hogy felfedezze sz\u00e9lesk\u00f6r\u0171 eldobhat\u00f3 vape k\u00edn\u00e1latunkat \u00e9s megtapasztalja a legjobb min\u0151s\u00e9get \u00e9s szolg\u00e1ltat\u00e1st. Nincs minim\u00e1lis rendel\u00e9si k\u00f6vetelm\u00e9ny \u00e9s gyors EU-s sz\u00e1ll\u00edt\u00e1s, \u00edgy a vapoz\u00e1s m\u00e9g soha nem volt ilyen egyszer\u0171 vagy hozz\u00e1f\u00e9rhet\u0151!<\/p>\n<\/div>\n<\/div>\n<\/div>\n<\/div>","protected":false},"excerpt":{"rendered":"<p>Fedezze fel a <strong>Utols\u00f3 Szeretet 20000 Puff \u00dajrat\u00f6lthet\u0151 Eldobhat\u00f3 Vape Toll<\/strong> \u2013 hiteles, hossz\u00fa \u00e9lettartam\u00fa \u00e9s alacsony nikotintartalm\u00fa, el\u00e9rhet\u0151 eur\u00f3pai rakt\u00e1runkb\u00f3l gyors sz\u00e1ll\u00edt\u00e1ssal!\u201d<\/p>","protected":false},"featured_media":2688,"comment_status":"open","ping_status":"closed","template":"","meta":{"om_disable_all_campaigns":false},"product_brand":[],"product_cat":[29,91,92,94,95,96,97,99,102,103,104,106,107,111,112,78,79,80,81,82,83,84,85,86,87,88,89,90,70,76,56,61,63,65,67],"product_tag":[],"class_list":{"0":"post-2674","1":"product","2":"type-product","3":"status-publish","4":"has-post-thumbnail","6":"product_cat-last-love-disposable-vapes","7":"product_cat-buy-best-disposable-vape-flavors","8":"product_cat-apple-flavor-disposable-vapes","9":"product_cat-blueberry-flavor-disposable-vapes","10":"product_cat-cherry-flavor-disposable-vapes","11":"product_cat-cola-flavor-disposable-vapes","12":"product_cat-grape-flavor-disposable-vapes","13":"product_cat-ice-flavor-disposable-vapes","14":"product_cat-lush-flavor-disposable-vapes","15":"product_cat-mango-flavor-disposable-vapes","16":"product_cat-mint-flavor-disposable-vapes","17":"product_cat-passion-fruit-flavor-disposable-vapes","18":"product_cat-peach-flavor-disposable-vapes","19":"product_cat-strawberry-flavor-disposable-vapes","20":"product_cat-watermelon-flavor-disposable-vapes","21":"product_cat-best-disposable-vape-in-europe","22":"product_cat-buy-disposable-vapes-in-austria","23":"product_cat-buy-disposable-vapes-in-belgium","24":"product_cat-buy-disposable-vapes-in-france","25":"product_cat-buy-disposable-vapes-in-germany","26":"product_cat-buy-disposable-vapes-in-italy","27":"product_cat-buy-disposable-vapes-in-netherlands","28":"product_cat-buy-disposable-vapes-in-norway","29":"product_cat-buy-disposable-vapes-in-poland","30":"product_cat-buy-disposable-vapes-in-portugal","31":"product_cat-buy-disposable-vapes-in-spain","32":"product_cat-buy-disposable-vapes-in-sweden","33":"product_cat-buy-disposable-vapes-in-switzerland","34":"product_cat-shop-disposable-vapes-by-puffs","35":"product_cat-20000-puff-disposable-vape","36":"product_cat-disposable-vape-types","37":"product_cat-big-puffs-disposable-vapes","38":"product_cat-digital-box-disposable-vapes","39":"product_cat-lower-nicotine-disposable-vapes","40":"product_cat-rechargeable-disposable-vapes","42":"first","43":"instock","44":"shipping-taxable","45":"purchasable","46":"product-type-simple"},"_links":{"self":[{"href":"https:\/\/fumotxpress.de\/hu\/wp-json\/wp\/v2\/product\/2674","targetHints":{"allow":["GET"]}}],"collection":[{"href":"https:\/\/fumotxpress.de\/hu\/wp-json\/wp\/v2\/product"}],"about":[{"href":"https:\/\/fumotxpress.de\/hu\/wp-json\/wp\/v2\/types\/product"}],"replies":[{"embeddable":true,"href":"https:\/\/fumotxpress.de\/hu\/wp-json\/wp\/v2\/comments?post=2674"}],"wp:featuredmedia":[{"embeddable":true,"href":"https:\/\/fumotxpress.de\/hu\/wp-json\/wp\/v2\/media\/2688"}],"wp:attachment":[{"href":"https:\/\/fumotxpress.de\/hu\/wp-json\/wp\/v2\/media?parent=2674"}],"wp:term":[{"taxonomy":"product_brand","embeddable":true,"href":"https:\/\/fumotxpress.de\/hu\/wp-json\/wp\/v2\/product_brand?post=2674"},{"taxonomy":"product_cat","embeddable":true,"href":"https:\/\/fumotxpress.de\/hu\/wp-json\/wp\/v2\/product_cat?post=2674"},{"taxonomy":"product_tag","embeddable":true,"href":"https:\/\/fumotxpress.de\/hu\/wp-json\/wp\/v2\/product_tag?post=2674"}],"curies":[{"name":"wp","href":"https:\/\/api.w.org\/{rel}","templated":true}]}}