{"id":2115,"date":"2024-12-07T01:32:41","date_gmt":"2024-12-07T01:32:41","guid":{"rendered":"https:\/\/fumotxpress.de\/?post_type=product&#038;p=2115"},"modified":"2025-05-20T09:51:56","modified_gmt":"2025-05-20T09:51:56","slug":"arymi-i-fun-40k-puffs-vasaroljon-eredeti-autentikus-ujratoltheto-eldobhato-vapes-tollat-2","status":"publish","type":"product","link":"https:\/\/fumotxpress.de\/hu\/termek\/arymi-i-fun-40k-puffs-vasaroljon-eredeti-autentikus-ujratoltheto-eldobhato-vapes-tollat-2\/","title":{"rendered":"Eur\u00f3pai Rakt\u00e1r Arymi Hookalit 40000 Puffs Alacsony Nikotin V\u00e1s\u00e1roljon Eredeti Hiteles \u00dajrat\u00f6lthet\u0151 Eldobhat\u00f3 Vape Tollat"},"content":{"rendered":"<h2><strong>Arymi Hookalit 40000 Puffs \u00dajrat\u00f6lthet\u0151 Eldobhat\u00f3 Vape Pen \u2013 A V\u00e9gs\u0151 G\u0151z\u00f6l\u00e9si \u00c9lvezet<\/strong><strong>Bevezet\u00e9s az Arymi Hookalit 40000 Puffs-ba<\/strong><\/h2>\n<div style=\"width: 1020px;\" class=\"wp-video\"><!--[if lt IE 9]><script>document.createElement('video');<\/script><![endif]-->\n<video class=\"wp-video-shortcode\" id=\"video-2115-1\" width=\"1020\" height=\"574\" preload=\"metadata\" controls=\"controls\"><source type=\"video\/mp4\" src=\"https:\/\/fumotxpress.de\/wp-content\/uploads\/2024\/12\/ARYMI\u89c6\u9891.mp4?_=1\" \/><a href=\"https:\/\/fumotxpress.de\/wp-content\/uploads\/2024\/12\/ARYMI\u52d5\u753b.mp4\">https:\/\/fumotxpress.de\/wp-content\/uploads\/2024\/12\/ARYMI\u52d5\u753b.mp4<\/a><\/video><\/div>\n<p>Az Arymi Hookalit 40000 Puffs \u00fajrat\u00f6lthet\u0151 eldobhat\u00f3 vape toll a t\u00f6k\u00e9letes t\u00e1rs azok sz\u00e1m\u00e1ra, akik rendk\u00edv\u00fcli g\u0151z\u00f6l\u00e9si \u00e9lm\u00e9nyre v\u00e1gynak. Prec\u00edzi\u00f3val megmunk\u00e1lva \u00e9s ak\u00e1r 48 000 sz\u00edv\u00e1sra tervezve, ez a pr\u00e9mium vape kiv\u00e1l\u00f3 \u00f6tv\u00f6zetet k\u00edn\u00e1l a tart\u00f3ss\u00e1gb\u00f3l, az \u00edzb\u0151l \u00e9s a sokoldal\u00fas\u00e1gb\u00f3l. Ak\u00e1r tapasztalt g\u0151z\u00f6l\u0151 vagy \u00faj az eldobhat\u00f3 vape-ok vil\u00e1g\u00e1ban, az Arymi I Fun 48K \u00edg\u00e9rkezik, hogy megfeleljen \u00e9s t\u00falsz\u00e1rnyalja elv\u00e1r\u00e1sait kiemelked\u0151 funkci\u00f3ival \u00e9s teljes\u00edtm\u00e9ny\u00e9vel.<\/p>\n<p>A FumotXpress.de-n, N\u00e9metorsz\u00e1g \u00e9s Eur\u00f3pa legnagyobb eldobhat\u00f3 vape online kereskedelmi platformj\u00e1n, b\u00fcszk\u00e9k vagyunk arra, hogy versenyk\u00e9pes \u00e1ron k\u00edn\u00e1ljuk az Arymi Hookalit 40000 Puffs-ot. Platformunk specializ\u00e1l\u00f3dott a legjobb min\u0151s\u00e9g\u0171 vape term\u00e9kek ny\u00fajt\u00e1s\u00e1ra, bele\u00e9rtve olyan n\u00e9pszer\u0171 m\u00e1rk\u00e1kat, mint az Al Fakher, Fizzy, OBEELAB HHC \u00e9s SMPO DL02. Nincs minim\u00e1lis rendel\u00e9si k\u00f6vetelm\u00e9ny \u00e9s gyors sz\u00e1ll\u00edt\u00e1s 3-7 napon bel\u00fcl eur\u00f3pai rakt\u00e1rainkb\u00f3l, soha nem volt k\u00f6nnyebb az eldobhat\u00f3 vape v\u00e1s\u00e1rl\u00e1sa.<\/p>\n<h2>Kulcsfontoss\u00e1g\u00fa jellemz\u0151k Arymi Hookalit 40000 Puffs Eldobhat\u00f3 Vape Toll<\/h2>\n<p>Az Arymi Hookalit 40000 Puffs\u00a0kit\u0171nik a zs\u00fafolt vape piacon fejlett funkci\u00f3ival \u00e9s felhaszn\u00e1l\u00f3k\u00f6zpont\u00fa kialak\u00edt\u00e1s\u00e1val. Itt van egy r\u00e9szletes \u00e1ttekint\u00e9s a legfontosabb jellemz\u0151ir\u0151l:<\/p>\n<h3>1. <strong>P\u00e1ratlan Puff Kapacit\u00e1s<\/strong><\/h3>\n<ul>\n<li>Legfeljebb <strong>48 000 sz\u00edv\u00e1s<\/strong>Az Arymi Hookalit 40000 Puffs a jelenleg el\u00e9rhet\u0151 egyik leghosszabb \u00e9lettartam\u00fa eldobhat\u00f3 vape. Ak\u00e1r alkalmi felhaszn\u00e1l\u00f3, ak\u00e1r er\u0151s g\u0151z\u00f6l\u0151 vagy, ez az eszk\u00f6z biztos\u00edtja, hogy ne kelljen agg\u00f3dnod a puffs kifogy\u00e1sa miatt egyhamar.<\/li>\n<\/ul>\n<h3>2. <strong>Nagy E-Liquid Tart\u00e1ly (50ml)<\/strong><\/h3>\n<ul>\n<li>A vape egy <strong>50ml e-folyad\u00e9k kapacit\u00e1s<\/strong>, l\u00e9nyegesen cs\u00f6kkentve a gyakori ut\u00e1nt\u00f6lt\u00e9sek sz\u00fcks\u00e9gess\u00e9g\u00e9t. Ez ide\u00e1liss\u00e1 teszi hossz\u00fa t\u00e1v\u00fa haszn\u00e1latra, biztos\u00edtva a folyamatos \u00edzt \u00e9s el\u00e9gedetts\u00e9get minden sz\u00edv\u00e1ssal.<\/li>\n<\/ul>\n<h3>3. <strong>\u00dajrat\u00f6lthet\u0151 akkumul\u00e1tor (1300mAh)<\/strong><\/h3>\n<ul>\n<li>Powered by a <strong>1300mAh \u00fajrat\u00f6lthet\u0151 akkumul\u00e1tor<\/strong>Ez az eszk\u00f6z megb\u00edzhat\u00f3 teljes\u00edtm\u00e9nyt ny\u00fajt eg\u00e9sz \u00e9lettartama alatt. Amikor az akkumul\u00e1tor lemer\u00fcl, egyszer\u0171en t\u00f6ltse \u00fajra, \u00e9s folytassa a g\u0151z\u00f6l\u00e9si \u00e9lm\u00e9nyeket an\u00e9lk\u00fcl, hogy teljesen ki kellene cser\u00e9lnie.<\/li>\n<\/ul>\n<h3>4. <strong>\u00c1ll\u00edthat\u00f3 l\u00e9g\u00e1raml\u00e1s a szem\u00e9lyre szabott g\u0151z\u00f6l\u00e9shez<\/strong><\/h3>\n<ul>\n<li>Az Arymi Hookalit 40000 Puffs lehet\u0151v\u00e9 teszi, hogy finomhangolja g\u0151z\u00f6l\u00e9si \u00e9lm\u00e9ny\u00e9t ezzel <strong>\u00e1ll\u00edthat\u00f3 l\u00e9g\u00e1raml\u00e1s rendszer<\/strong>V\u00e1lt\u00e1s k\u00f6z\u00f6tt <strong>MTL (sz\u00e1jb\u00f3l a t\u00fcd\u0151be)<\/strong> \u00e9s <strong>DTL (T\u00fcd\u0151be K\u00f6zvetlen\u00fcl)<\/strong> st\u00edlusok egy szem\u00e9lyre szabottabb g\u0151z\u00f6l\u00e9si \u00e9lm\u00e9ny\u00e9rt. Ez a funkci\u00f3 lehet\u0151v\u00e9 teszi, hogy a sz\u00edv\u00e1s intenzit\u00e1s\u00e1t \u00e9s simas\u00e1g\u00e1t az \u00d6n preferenci\u00e1i szerint \u00e1ll\u00edtsa be.<\/li>\n<\/ul>\n<h3>5. <strong>K\u00f6nny\u0171 \u00e9s hordozhat\u00f3 kialak\u00edt\u00e1s<\/strong><\/h3>\n<ul>\n<li>K\u00e9nyelmet szem el\u0151tt tartva tervezve, az Arymi Hookalit 40000 Puffs az <strong>k\u00f6nny\u0171 \u00e9s hordozhat\u00f3<\/strong>k\u00f6nny\u0171v\u00e9 t\u00e9ve, hogy b\u00e1rhov\u00e1 mag\u00e1val vihesse. Ergon\u00f3mikus kialak\u00edt\u00e1sa biztos\u00edtja a k\u00e9nyelmes fog\u00e1st, m\u00e9g a hosszabb vape \u00fcl\u00e9sek alatt is.<\/li>\n<\/ul>\n<h3>6. <strong>St\u00edlusos \u00e9s Modern Eszt\u00e9tika<\/strong><\/h3>\n<ul>\n<li>Az Arymi Hookalit 40000 Puffs \u00e1ramvonalas, modern kialak\u00edt\u00e1sa \u00f6tv\u00f6zi az eleganci\u00e1t a funkcionalit\u00e1ssal. Sz\u00ednes v\u00e1ltozatokban kaphat\u00f3, a k\u00e9sz\u00fcl\u00e9k szem\u00e9lyre szab\u00e1si lehet\u0151s\u00e9geket is k\u00edn\u00e1l, hogy megfeleljen az \u00d6n szem\u00e9lyes st\u00edlus\u00e1nak. Ak\u00e1r egy eleg\u00e1ns f\u00e9mes kivitelt, ak\u00e1r egy vibr\u00e1l\u00f3bb megjelen\u00e9st r\u00e9szes\u00edt el\u0151nyben, az Arymi Hookalit 40000 Puffs kieg\u00e9sz\u00edti a szem\u00e9lyis\u00e9g\u00e9t.<\/li>\n<\/ul>\n<h3>7. <strong>El\u0151re t\u00f6ltve pr\u00e9mium e-folyad\u00e9kokkal<\/strong><\/h3>\n<ul>\n<li>Az Arymi Hookalit 40000 Puffs el\u0151re t\u00f6lt\u00f6tt <strong>pr\u00e9mium e-folyad\u00e9kok<\/strong>Gazdag \u00e9s autentikus \u00edzeket sz\u00e1ll\u00edtva, amelyek fokozz\u00e1k az \u00d6n g\u0151z\u00f6l\u00e9si \u00e9lm\u00e9ny\u00e9t. A k\u00fcl\u00f6nb\u00f6z\u0151 \u00edzopci\u00f3kkal minden egyes sz\u00edv\u00e1s kiel\u00e9g\u00edt\u0151 \u00e9s \u00e9lvezetes \u00edzt \u00edg\u00e9r.<\/li>\n<\/ul>\n<h3>8. <strong>Nikotin Er\u0151ss\u00e9gi Opci\u00f3k<\/strong><\/h3>\n<ul>\n<li>Az Arymi Hookalit 40000 Puffs k\u00fcl\u00f6nb\u00f6z\u0151 v\u00e1ltozatokban kaphat\u00f3 <strong>nikotin er\u0151ss\u00e9gi lehet\u0151s\u00e9gek<\/strong>, lehet\u0151v\u00e9 t\u00e9ve sz\u00e1modra, hogy az ide\u00e1lis szintet v\u00e1laszd ki az alapj\u00e1n, amit prefer\u00e1lsz. Ak\u00e1r egy er\u0151s hat\u00e1st, ak\u00e1r egy enyh\u00e9bb \u00e9lm\u00e9nyt r\u00e9szes\u00edtesz el\u0151nyben, mindenki sz\u00e1m\u00e1ra van egy megfelel\u0151 nikotiner\u0151ss\u00e9g.<\/li>\n<\/ul>\n<p>&nbsp;<\/p>\n<p><img loading=\"lazy\" decoding=\"async\" class=\"alignnone wp-image-2118 size-full\" src=\"https:\/\/fumotxpress.de\/wp-content\/uploads\/2024\/12\/ARymi-40k.webp\" alt=\"Eur\u00f3pai Rakt\u00e1r Arymi Hookalit 40000 Puffs Alacsony Nikotin V\u00e1s\u00e1roljon Eredeti Hiteles \u00dajrat\u00f6lthet\u0151 Eldobhat\u00f3 Vape Tollat\" width=\"2000\" height=\"2000\" srcset=\"https:\/\/fumotxpress.de\/wp-content\/uploads\/2024\/12\/ARymi-40k.webp 2000w, https:\/\/fumotxpress.de\/wp-content\/uploads\/2024\/12\/ARymi-40k-300x300.webp 300w, https:\/\/fumotxpress.de\/wp-content\/uploads\/2024\/12\/ARymi-40k-1024x1024.webp 1024w, https:\/\/fumotxpress.de\/wp-content\/uploads\/2024\/12\/ARymi-40k-150x150.webp 150w, https:\/\/fumotxpress.de\/wp-content\/uploads\/2024\/12\/ARymi-40k-768x768.webp 768w, https:\/\/fumotxpress.de\/wp-content\/uploads\/2024\/12\/ARymi-40k-1536x1536.webp 1536w, https:\/\/fumotxpress.de\/wp-content\/uploads\/2024\/12\/ARymi-40k-12x12.webp 12w, https:\/\/fumotxpress.de\/wp-content\/uploads\/2024\/12\/ARymi-40k-247x247.webp 247w, https:\/\/fumotxpress.de\/wp-content\/uploads\/2024\/12\/ARymi-40k-600x600.webp 600w, https:\/\/fumotxpress.de\/wp-content\/uploads\/2024\/12\/ARymi-40k-100x100.webp 100w\" sizes=\"auto, (max-width: 2000px) 100vw, 2000px\" \/><\/p>\n<h2>El\u00e9rhet\u0151 \u00edzek Arymi Hookalit 40000 Puffs<\/h2>\n<p>Az Arymi Hookalit 40000 Puffs egyik kiemel\u00e9se a sz\u00e9lesk\u00f6r\u0171 finom \u00e9s egyedi \u00edzvari\u00e1ci\u00f3k sk\u00e1l\u00e1ja. Itt vannak a rendelkez\u00e9sre \u00e1ll\u00f3 \u00edzopci\u00f3k, amelyeket gondosan alak\u00edtottak ki, hogy gazdag \u00e9s kiel\u00e9g\u00edt\u0151 \u00edz\u00e9lm\u00e9nyt ny\u00fajtsanak:<\/p>\n<h3>1. <strong>Tr\u00f3pusi Mang\u00f3<\/strong><\/h3>\n<ul>\n<li>K\u00e9nyeztesse mag\u00e1t az egzotikus \u00e9s l\u00e9d\u00fas \u00edzzel <strong>Tr\u00f3pusi Mang\u00f3<\/strong>Ez az \u00edz egy t\u00f6k\u00e9letes \u00f6tv\u00f6zete az \u00e9rett, \u00e9des mang\u00f3knak egy finom fanyars\u00e1ggal, amely elsz\u00e1ll\u00edtja \u00e9rz\u00e9keidet egy tr\u00f3pusi paradicsomba.<\/li>\n<\/ul>\n<h3>2. <strong>Vegyes Bogy\u00f3s Robban\u00e1s<\/strong><\/h3>\n<ul>\n<li><strong>Vegyes Bogy\u00f3s Robban\u00e1s<\/strong> \u00d6tv\u00f6zi az eper, a szeder \u00e9s a m\u00e1lna \u00e9l\u00e9nk \u00e9dess\u00e9g\u00e9t egy friss\u00edt\u0151 \u00e9s fanyar vape-\u00e9lm\u00e9ny\u00e9rt. Ez az \u00e1lom a bogy\u00f3s gy\u00fcm\u00f6lcs\u00f6k szerelmeseinek, akik minden sz\u00edv\u00e1ssal gy\u00fcm\u00f6lcs\u00f6s finoms\u00e1got tapasztalhatnak.<\/li>\n<\/ul>\n<h3>3. <strong>Friss Mint\u00e1s<\/strong><\/h3>\n<ul>\n<li>Azok sz\u00e1m\u00e1ra, akik h\u0171s\u00edt\u0151 \u00e9rz\u00e9st kedvelnek, a <strong>Friss Mint\u00e1s<\/strong> \u00edzlel\u00e9s egy ropog\u00f3s, jeges ment\u00e1t sz\u00e1ll\u00edt, amely felfriss\u00edti az \u00edzlel\u0151bimb\u00f3kat. T\u00f6k\u00e9letes azoknak a vapereknek, akik szeretik a sima, ment\u00e1s \u00fct\u00e9st egy kis h\u0171v\u00f6ss\u00e9ggel.<\/li>\n<\/ul>\n<h3>4. <strong>S\u00e1rgadinnye Fr\u00f6ccs<\/strong><\/h3>\n<ul>\n<li>\u00c9lvezze az \u00e9rett gy\u00fcm\u00f6lcs l\u00e9d\u00fas, \u00e9des \u00edz\u00e9t <strong>s\u00e1rgadinnye<\/strong> minden egyes f\u00faj\u00e1sban. A <strong>S\u00e1rgadinnye Fr\u00f6ccs<\/strong> egy \u00e9des \u00e9s friss\u00edt\u0151 \u00edz, amely a l\u00e9d\u00fas gy\u00fcm\u00f6lcs\u00f6ss\u00e9g t\u00f6k\u00e9letes egyens\u00faly\u00e1t ny\u00fajtja, ide\u00e1liss\u00e1 t\u00e9ve a meleg id\u0151j\u00e1r\u00e1s\u00fa vapoz\u00e1shoz.<\/li>\n<\/ul>\n<h3>5. <strong>Tr\u00f3pusi Anan\u00e1sz<\/strong><\/h3>\n<ul>\n<li>A <strong>Tr\u00f3pusi Anan\u00e1sz<\/strong> \u00edz egy \u00e9des, fanyar \u00e9s enyh\u00e9n savanyk\u00e1s profil, amely elkapja a friss anan\u00e1sz l\u00e9nyeg\u00e9t. Ez az \u00edz t\u00f6k\u00e9letes azok sz\u00e1m\u00e1ra, akik minden egyes sz\u00edv\u00e1ssal tr\u00f3pusi menek\u00fcl\u00e9sre v\u00e1gynak.<\/li>\n<\/ul>\n<h3>6. <strong>\u0150szibar\u00e1t J\u00e9g<\/strong><\/h3>\n<ul>\n<li><strong>\u0150szibar\u00e1t J\u00e9g<\/strong> Finom, sima \u0151szibarack \u00edzt k\u00edn\u00e1l mentolos csavarral. Az \u0151szibarack term\u00e9szetes \u00e9dess\u00e9ge h\u0171s, jeges befejez\u00e9ssel eg\u00e9sz\u00fcl ki, \u00edgy t\u00f6k\u00e9letes mindennapi vape.<\/li>\n<\/ul>\n<h3>7. <strong>Eper Kivi<\/strong><\/h3>\n<ul>\n<li>Az \u00e9rett eper \u00e9s a fanyar kivi kombin\u00e1ci\u00f3ja a <strong>Eper Kivi<\/strong> \u00edzletes, kiegyens\u00falyozott \u00e9s harmonikus gy\u00fcm\u00f6lcskombin\u00e1ci\u00f3t hoz l\u00e9tre. Ez az \u00edz \u00e9des, friss\u00edt\u0151 \u00e9s t\u00f6k\u00e9letes a gy\u00fcm\u00f6lcs szerelmeseinek.<\/li>\n<\/ul>\n<h3>8. <strong>Sz\u0151l\u0151 \u00c1lom<\/strong><\/h3>\n<ul>\n<li><strong>Sz\u0151l\u0151 \u00c1lom<\/strong> \u00e9rette sz\u0151l\u0151 m\u00e9ly, gazdag \u00e9dess\u00e9g\u00e9t hordozza. Az \u00edz testes \u00e9s sima, enyh\u00e9n savanyk\u00e1s ut\u00f3\u00edzzel, amely kiegyens\u00falyozza az \u00e9dess\u00e9get, kiel\u00e9g\u00edt\u0151 vape-\u00e9lm\u00e9nyt teremtve.<\/li>\n<\/ul>\n<h3>9. <strong>Lush J\u00e9g<\/strong><\/h3>\n<ul>\n<li>Azok sz\u00e1m\u00e1ra, akik szeretik az intenz\u00edv, friss\u00edt\u0151 \u00e9rz\u00e9st, a <strong>Lush J\u00e9g<\/strong> \u00edz a g\u00f6r\u00f6gdinnye \u00e9dess\u00e9g\u00e9t kombin\u00e1lja egy hideg, jeges mentol befejez\u00e9ssel. T\u00f6k\u00e9letes egy h\u0171v\u00f6s, sima vape-\u00e9lm\u00e9nyhez.<\/li>\n<\/ul>\n<h3>10. <strong>\u00c1fony\u00e1s Citroml\u00e9<\/strong><\/h3>\n<ul>\n<li>A <strong>\u00c1fony\u00e1s Citroml\u00e9<\/strong> Az \u00edz egyes\u00edti a friss citroml\u00e9 savass\u00e1g\u00e1t \u00e9s az \u00e9rett \u00e1fonya \u00e9dess\u00e9g\u00e9t. Ez egy fanyar, friss\u00edt\u0151 kever\u00e9k, amely ide\u00e1lis egy felfriss\u00edt\u0151 vape \u00e9lm\u00e9nyhez.<\/li>\n<\/ul>\n<h2>Mi\u00e9rt v\u00e1lassza az Arymi Hookalit 40000 Puffs eldobhat\u00f3 vape tollat?<\/h2>\n<p>T\u00f6bb oka is van annak, hogy az Arymi Hookalit 40000 Puffs eldobhat\u00f3 vape toll mi\u00e9rt a t\u00f6k\u00e9letes v\u00e1laszt\u00e1s sz\u00e1modra:<\/p>\n<ul>\n<li><strong>Tart\u00f3s Teljes\u00edtm\u00e9ny<\/strong>Legfeljebb 48 000 sz\u00edv\u00e1ssal t\u00fal\u00e9li a legt\u00f6bb, piacon kaphat\u00f3 eldobhat\u00f3 vape-ot, biztos\u00edtva sz\u00e1modra a megb\u00edzhat\u00f3, gondtalan p\u00e1rologtat\u00e1si \u00e9lm\u00e9nyt.<\/li>\n<li><strong>Pr\u00e9mium \u00cdzv\u00e1logat\u00e1s<\/strong>: \u00c9lvezze a gazdag, \u00e9l\u00e9nk \u00edzek v\u00e1ltozatoss\u00e1g\u00e1t, amelyek minden \u00edzl\u00e9snek megfelelnek, az gy\u00fcm\u00f6lcs\u00f6st\u0151l a mentolosig a tr\u00f3pusiig.<\/li>\n<li><strong>K\u00e9nyelem<\/strong>A k\u00e9sz\u00fcl\u00e9k \u00fajrat\u00f6lthet\u0151, lehet\u0151v\u00e9 t\u00e9ve a hosszabb haszn\u00e1latot an\u00e9lk\u00fcl, hogy teljes cser\u00e9re lenne sz\u00fcks\u00e9g.<\/li>\n<li><strong>Testreszab\u00e1s<\/strong>: Testreszabhatja g\u0151z\u00f6l\u00e9si \u00e9lm\u00e9ny\u00e9t \u00e1ll\u00edthat\u00f3 l\u00e9g\u00e1raml\u00e1ssal, \u00e9s v\u00e1laszthat a nikotin er\u0151ss\u00e9gek sz\u00e9les sk\u00e1l\u00e1j\u00e1b\u00f3l.<\/li>\n<li><strong>Nincs Minim\u00e1lis Rendel\u00e9s<\/strong>A FumotXpress.de oldalon egyetlen darabot vagy t\u00f6bbet is v\u00e1s\u00e1rolhat, nincs minim\u00e1lis rendel\u00e9si mennyis\u00e9g. Egyar\u00e1nt kiszolg\u00e1ljuk az egy\u00e9ni v\u00e1s\u00e1rl\u00f3kat \u00e9s a kiskereskedelmi csoportokat Eur\u00f3pa-szerte.<\/li>\n<\/ul>\n<h2>Hogyan v\u00e1s\u00e1roljon Arymi Hookalit 40000 Puffs term\u00e9ket a FumotXpress.de-r\u0151l<\/h2>\n<p>K\u00e9szen \u00e1llsz a g\u0151z\u00f6l\u00e9si \u00e9lm\u00e9nyed szintre emel\u00e9s\u00e9re? L\u00e1togass el <a href=\"https:\/\/fumotxpress.de\/hu\/\"><strong>FumotXpress.de<\/strong><\/a>, Eur\u00f3pa legnagyobb online platformja az eldobhat\u00f3 vapoknak, \u00e9s szerezd meg az Arymi Hookalit 40000 Puffs \u00dajrat\u00f6lthet\u0151 Eldobhat\u00f3 Vape Tollat m\u00e9g ma. Gyors sz\u00e1ll\u00edt\u00e1ssal eur\u00f3pai rakt\u00e1rainkb\u00f3l \u00e9s minim\u00e1lis rendel\u00e9si mennyis\u00e9g n\u00e9lk\u00fcl soha nem volt k\u00f6nnyebb hozz\u00e1f\u00e9rni a legjobb min\u0151s\u00e9g\u0171 vapokhoz. Rendelj most \u00e9s tapasztald meg a k\u00f6vetkez\u0151 szint\u0171 vapoz\u00e1s \u00e9lm\u00e9ny\u00e9t!<\/p>\n<hr \/>\n<p>Aki N\u00e9metorsz\u00e1gban \u00e9s Eur\u00f3p\u00e1ban keres min\u0151s\u00e9gi eldobhat\u00f3 vape-eket v\u00e1s\u00e1rolni, a FumotXpress.de a legmegb\u00edzhat\u00f3bb szolg\u00e1ltat\u00e1st, sz\u00e9les term\u00e9kv\u00e1laszt\u00e9kot \u00e9s gyors sz\u00e1ll\u00edt\u00e1si lehet\u0151s\u00e9geket k\u00edn\u00e1lja. Szerezze be m\u00e9g ma az Arymi Hookalit 40000 Puffs-ot \u00e9s \u00e9lvezze az ultimate vape-\u00e9lm\u00e9nyt k\u00f6nnyed\u00e9n!<\/p>","protected":false},"excerpt":{"rendered":"<p>K\u00e9szen \u00e1llsz a g\u0151z\u00f6l\u00e9si \u00e9lm\u00e9nyed szintre emel\u00e9s\u00e9re? L\u00e1togass el <a href=\"https:\/\/fumotxpress.de\/hu\/\"><strong>FumotXpress.de<\/strong><\/a>, Eur\u00f3pa legnagyobb online platformja az eldobhat\u00f3 vaperek sz\u00e1m\u00e1ra, \u00e9s szerezd meg az Arymi Hookalit 40000 Puffs \u00dajrat\u00f6lthet\u0151 Eldobhat\u00f3 Vape Tollat m\u00e9g ma.<\/p>","protected":false},"featured_media":2116,"comment_status":"open","ping_status":"closed","template":"","meta":{"om_disable_all_campaigns":false},"product_brand":[],"product_cat":[39,91,92,93,94,97,99,100,101,102,103,104,105,106,107,108,111,112,78,79,80,81,82,83,84,85,86,87,88,89,90,70,113,56,61,63,64,65,67,68],"product_tag":[],"class_list":{"0":"post-2115","1":"product","2":"type-product","3":"status-publish","4":"has-post-thumbnail","6":"product_cat-arymi-i-fun-28000-28k-puff","7":"product_cat-buy-best-disposable-vape-flavors","8":"product_cat-apple-flavor-disposable-vapes","9":"product_cat-blue-razz-flavor-disposable-vapes","10":"product_cat-blueberry-flavor-disposable-vapes","11":"product_cat-grape-flavor-disposable-vapes","12":"product_cat-ice-flavor-disposable-vapes","13":"product_cat-kiwi-flavor-disposable-vapes","14":"product_cat-lemon-flavor-disposable-vapes","15":"product_cat-lush-flavor-disposable-vapes","16":"product_cat-mango-flavor-disposable-vapes","17":"product_cat-mint-flavor-disposable-vapes","18":"product_cat-mixed-berries-flavor-disposable-vapes","19":"product_cat-passion-fruit-flavor-disposable-vapes","20":"product_cat-peach-flavor-disposable-vapes","21":"product_cat-pineapple-flavor-disposable-vapes","22":"product_cat-strawberry-flavor-disposable-vapes","23":"product_cat-watermelon-flavor-disposable-vapes","24":"product_cat-best-disposable-vape-in-europe","25":"product_cat-buy-disposable-vapes-in-austria","26":"product_cat-buy-disposable-vapes-in-belgium","27":"product_cat-buy-disposable-vapes-in-france","28":"product_cat-buy-disposable-vapes-in-germany","29":"product_cat-buy-disposable-vapes-in-italy","30":"product_cat-buy-disposable-vapes-in-netherlands","31":"product_cat-buy-disposable-vapes-in-norway","32":"product_cat-buy-disposable-vapes-in-poland","33":"product_cat-buy-disposable-vapes-in-portugal","34":"product_cat-buy-disposable-vapes-in-spain","35":"product_cat-buy-disposable-vapes-in-sweden","36":"product_cat-buy-disposable-vapes-in-switzerland","37":"product_cat-shop-disposable-vapes-by-puffs","38":"product_cat-40000-puff-disposable-vape","39":"product_cat-disposable-vape-types","40":"product_cat-big-puffs-disposable-vapes","41":"product_cat-digital-box-disposable-vapes","42":"product_cat-dual-mesh-disposable-vapes","43":"product_cat-lower-nicotine-disposable-vapes","44":"product_cat-rechargeable-disposable-vapes","45":"product_cat-shisha-hookah-disposable-vapes","47":"first","48":"instock","49":"shipping-taxable","50":"purchasable","51":"product-type-variable"},"_links":{"self":[{"href":"https:\/\/fumotxpress.de\/hu\/wp-json\/wp\/v2\/product\/2115","targetHints":{"allow":["GET"]}}],"collection":[{"href":"https:\/\/fumotxpress.de\/hu\/wp-json\/wp\/v2\/product"}],"about":[{"href":"https:\/\/fumotxpress.de\/hu\/wp-json\/wp\/v2\/types\/product"}],"replies":[{"embeddable":true,"href":"https:\/\/fumotxpress.de\/hu\/wp-json\/wp\/v2\/comments?post=2115"}],"wp:featuredmedia":[{"embeddable":true,"href":"https:\/\/fumotxpress.de\/hu\/wp-json\/wp\/v2\/media\/2116"}],"wp:attachment":[{"href":"https:\/\/fumotxpress.de\/hu\/wp-json\/wp\/v2\/media?parent=2115"}],"wp:term":[{"taxonomy":"product_brand","embeddable":true,"href":"https:\/\/fumotxpress.de\/hu\/wp-json\/wp\/v2\/product_brand?post=2115"},{"taxonomy":"product_cat","embeddable":true,"href":"https:\/\/fumotxpress.de\/hu\/wp-json\/wp\/v2\/product_cat?post=2115"},{"taxonomy":"product_tag","embeddable":true,"href":"https:\/\/fumotxpress.de\/hu\/wp-json\/wp\/v2\/product_tag?post=2115"}],"curies":[{"name":"wp","href":"https:\/\/api.w.org\/{rel}","templated":true}]}}