{"id":1980,"date":"2024-12-05T12:44:00","date_gmt":"2024-12-05T12:44:00","guid":{"rendered":"https:\/\/fumotxpress.de\/?post_type=product&#038;p=1980"},"modified":"2025-05-20T04:44:33","modified_gmt":"2025-05-20T04:44:33","slug":"europai-raktar-fumot-randm-digitalis-doboz-12000-puff-alacsony-nikotin-vasarlas-eredeti-autentikus-ujratoltheto-eldobhato-vapes-toll-2","status":"publish","type":"product","link":"https:\/\/fumotxpress.de\/hu\/termek\/europai-raktar-fumot-randm-digitalis-doboz-12000-puff-alacsony-nikotin-vasarlas-eredeti-autentikus-ujratoltheto-eldobhato-vapes-toll-2\/","title":{"rendered":"Eur\u00f3pai Rakt\u00e1r V\u00e9letlenszer\u0171 Torn\u00e1d\u00f3 12000 Puff Alacsony Nikotin V\u00e1s\u00e1roljon Eredeti Hiteles \u00dajrat\u00f6lthet\u0151 Eldobhat\u00f3 Vape Tollat"},"content":{"rendered":"<h1 class=\"product-title product_title entry-title\">Eur\u00f3pai Rakt\u00e1r V\u00e9letlenszer\u0171 Torn\u00e1d\u00f3 12000 Puff Alacsony Nikotin V\u00e1s\u00e1roljon Eredeti Hiteles \u00dajrat\u00f6lthet\u0151 Eldobhat\u00f3 Vape Tollat<\/h1>\n<p><strong>Fedezze fel a V\u00e9gs\u0151 G\u0151z\u00f6l\u00e9si \u00c9lm\u00e9nyt a Fumot RandM Digit\u00e1lis Doboz 12000 Puff<\/strong><\/p>\n<p>A <a href=\"https:\/\/fumotxpress.de\/hu\/termek\/europai-raktar-fumot-randm-digitalis-doboz-12000-puff-alacsony-nikotin-vasarlas-eredeti-autentikus-ujratoltheto-eldobhato-vapes-toll-2\/\"><strong>Fumot RandM Digital Box 12000 Puffs<\/strong> <\/a>egy forradalmi eldobhat\u00f3 vape toll, amely \u00f6tv\u00f6zi a teljes\u00edtm\u00e9nyt, a st\u00edlust \u00e9s a k\u00e9nyelmet, \u00edgy t\u00f6k\u00e9letes v\u00e1laszt\u00e1s mind a tapasztalt vaperek, mind az \u00fajoncok sz\u00e1m\u00e1ra. \u00dagy tervezt\u00e9k, hogy kiv\u00e9teles g\u0151z\u00f6l\u00e9si \u00e9lm\u00e9nyt ny\u00fajtson az els\u0151 sz\u00edv\u00e1st\u00f3l az utols\u00f3ig, ez az innovat\u00edv eszk\u00f6z ak\u00e1r 12 000 sz\u00edv\u00e1st is biztos\u00edt, biztos\u00edtva, hogy hossz\u00fa t\u00e1v\u00fa el\u00e9gedetts\u00e9get \u00e9lvezhessen an\u00e9lk\u00fcl, hogy folyamatosan ut\u00e1nt\u00f6ltenie vagy cser\u00e9lnie kellene.<\/p>\n<p>Kiz\u00e1r\u00f3lagosan el\u00e9rhet\u0151 <strong>FumotXpress.de<\/strong>N\u00e9metorsz\u00e1g vezet\u0151 online keresked\u0151je az eldobhat\u00f3 g\u0151z\u00f6l\u0151 k\u00e9sz\u00fcl\u00e9keknek, a <strong>Fumot RandM Digit\u00e1lis Doboz<\/strong> k\u00f6zvetlen\u00fcl eur\u00f3pai rakt\u00e1runkb\u00f3l sz\u00e1ll\u00edtjuk, biztos\u00edtva a gyors sz\u00e1ll\u00edt\u00e1st az EU-ban. Ak\u00e1r egy vape tollat v\u00e1s\u00e1rol, ak\u00e1r nagy mennyis\u00e9gben v\u00e1s\u00e1rol, a FumotXpress.de gyors, megb\u00edzhat\u00f3 szolg\u00e1ltat\u00e1st ny\u00fajt minim\u00e1lis rendel\u00e9si mennyis\u00e9g n\u00e9lk\u00fcl.<\/p>\n<h3>Term\u00e9k\u00e1ttekint\u00e9s: Fumot RandM Digit\u00e1lis Doboz 12000 Puff<\/h3>\n<p>A <a href=\"https:\/\/fumotxpress.de\/hu\/\"><strong>Fumot RandM Digital Box 12000 Puffs<\/strong><\/a> egy fejlett \u00fajrat\u00f6lthet\u0151 eldobhat\u00f3 vape toll, amely \u00f6tv\u00f6zi a magas teljes\u00edtm\u00e9nyt \u00e9s a st\u00edlusos, felhaszn\u00e1l\u00f3bar\u00e1t kialak\u00edt\u00e1st. Egy <strong>20ml el\u0151re t\u00f6lt\u00f6tt e-folyad\u00e9k<\/strong> kapacit\u00e1s \u00e9s <strong>legfeljebb 12 000 sz\u00edv\u00e1s<\/strong>Ez az eszk\u00f6z hosszabb haszn\u00e1latra k\u00e9sz\u00fclt, p\u00e1ratlan k\u00e9nyelmet \u00e9s min\u0151s\u00e9get k\u00edn\u00e1lva.<\/p>\n<p>A<a href=\"https:\/\/fumotxpress.de\/hu\/\"> <strong>Fumot RandM Digit\u00e1lis Doboz<\/strong><\/a> szolg\u00e1ltat\u00e1sok a <strong>Type-C t\u00f6lt\u0151port<\/strong>gyors \u00e9s hat\u00e9kony \u00fajrat\u00f6lt\u00e9st tesz lehet\u0151v\u00e9 <strong>550mAh akkumul\u00e1tor<\/strong>biztos\u00edtva, hogy k\u00e9sz\u00fcl\u00e9ke mindig haszn\u00e1latra k\u00e9sz legyen. Ezenk\u00edv\u00fcl intuit\u00edv <strong>LED kijelz\u0151<\/strong> amely mind az akkumul\u00e1tor szintj\u00e9t, mind az e-folyad\u00e9k kapacit\u00e1s\u00e1t mutatja, t\u00e1j\u00e9koztatva \u00d6nt a g\u0151z\u00f6l\u00e9si \u00e9lm\u00e9ny\u00e9r\u0151l.<\/p>\n<p>A teljes\u00edtm\u00e9nyen t\u00fal ez az e-cigaretta toll szem\u00e9lyre szabhat\u00f3 funkci\u00f3kat k\u00edn\u00e1l, bele\u00e9rtve <strong>RGB vil\u00e1g\u00edt\u00e1s<\/strong> hat sz\u00ednv\u00e1laszt\u00e1si lehet\u0151s\u00e9ggel, ami szem\u00e9lyre szab\u00e1st \u00e9s st\u00edlust ad minden egyes haszn\u00e1lat sor\u00e1n. Ak\u00e1r egy klasszikus megjelen\u00e9st, ak\u00e1r egy \u00e9l\u00e9nkebb kijelz\u0151t keres, a <strong>Fumot RandM Digit\u00e1lis Doboz<\/strong> Az \u00d6n preferenci\u00e1ihoz igazodik.<\/p>\n<h3>A Fumot RandM Digit\u00e1lis Doboz 12000 Puff f\u0151bb jellemz\u0151i<\/h3>\n<ol>\n<li><strong>Leny\u0171g\u00f6z\u0151 Puff Kapacit\u00e1s:<\/strong> Egy\u00fctt <strong>legfeljebb 12 000 sz\u00edv\u00e1s<\/strong>a, <strong>Fumot RandM Digit\u00e1lis Doboz<\/strong> hossz\u00fa t\u00e1v\u00fa \u00e9s kiel\u00e9g\u00edt\u0151 vape-\u00e9lm\u00e9nyt ny\u00fajt, ide\u00e1lis azok sz\u00e1m\u00e1ra, akik hosszan tart\u00f3, gondtalan megold\u00e1st keresnek.<\/li>\n<li><strong>B\u0151s\u00e9ges E-folyad\u00e9k t\u00e9rfogat:<\/strong> El\u0151re kit\u00f6ltve <strong>20ml e-folyad\u00e9k<\/strong>Ez az eszk\u00f6z kik\u00fcsz\u00f6b\u00f6li az \u00e1lland\u00f3 ut\u00e1nt\u00f6lt\u00e9s sz\u00fcks\u00e9gess\u00e9g\u00e9t, biztos\u00edtva, hogy hosszabb ideig \u00e9lvezhesse a folyamatos \u00e9s kiel\u00e9g\u00edt\u0151 vape-ot.<\/li>\n<li><strong>\u00dajrat\u00f6lthet\u0151 akkumul\u00e1tor Type-C porttal:<\/strong> Felszerelve egy <strong>550mAh \u00fajrat\u00f6lthet\u0151 akkumul\u00e1tor<\/strong>a, <strong>Fumot RandM Digit\u00e1lis Doboz<\/strong> gyors \u00e9s hat\u00e9kony t\u00f6lt\u00e9st biztos\u00edt a mell\u00e9kelt <strong>Type-C t\u00f6lt\u0151port<\/strong>biztos\u00edtva, hogy k\u00e9sz\u00fcl\u00e9ke mindig k\u00e9szen \u00e1lljon, amikor \u00d6nnek sz\u00fcks\u00e9ge van r\u00e1.<\/li>\n<li><strong>LED Akkumul\u00e1tor \u00e9s Folyad\u00e9k kijelz\u0151:<\/strong> A <strong>LED kijelz\u0151<\/strong> vil\u00e1gosan mutatja mindkett\u0151t <strong>akkumul\u00e1tor \u00e9lettartam<\/strong> \u00e9s a fennmarad\u00f3 <strong>e-folyad\u00e9k<\/strong> szint, lehet\u0151v\u00e9 t\u00e9ve, hogy k\u00f6nnyen figyelemmel k\u00eds\u00e9rje a k\u00e9sz\u00fcl\u00e9k teljes\u00edtm\u00e9ny\u00e9t \u00e9s elker\u00fclje a meglepet\u00e9seket.<\/li>\n<li><strong>Testreszabhat\u00f3 RGB F\u00e9nyeffektek:<\/strong> V\u00e1lasszon k\u00f6z\u00fcl\u00fck <strong>hat \u00e9l\u00e9nk sz\u00edn<\/strong> hogy vil\u00e1g\u00edtsd meg vape pennedet \u00e9s szem\u00e9lyre szabott \u00e9lm\u00e9nyt \u00e9lvezhess minden egyes f\u00faj\u00e1sn\u00e1l. Az RGB vil\u00e1g\u00edt\u00e1s mind az eszt\u00e9tik\u00e1t, mind a g\u0151z\u00f6l\u00e9s sz\u00f3rakoz\u00e1s\u00e1t fokozza.<\/li>\n<li><strong>Nikotin Er\u0151ss\u00e9gi Lehet\u0151s\u00e9gek:<\/strong> A <strong>Fumot RandM Digit\u00e1lis Doboz<\/strong> aj\u00e1nlatok <strong>k\u00e9t nikotiner\u0151ss\u00e9gi lehet\u0151s\u00e9g<\/strong>, lehet\u0151v\u00e9 t\u00e9ve sz\u00e1modra, hogy v\u00e1lassz k\u00f6z\u00f6tt\u00fck <strong>5%<\/strong> (50mg\/ml) vagy <strong>2%<\/strong> (20mg\/ml) nikotintartalom az \u00d6n ig\u00e9nyeinek megfelel\u0151en.<\/li>\n<li><strong>\u00c1ll\u00edthat\u00f3 l\u00e9g\u00e1raml\u00e1s szab\u00e1lyoz\u00e1s:<\/strong> Szem\u00e9lyre szabhatja g\u0151z\u00f6l\u00e9si \u00e9lm\u00e9ny\u00e9t a sima, \u00e1ll\u00edthat\u00f3 l\u00e9g\u00e1raml\u00e1s-szab\u00e1lyoz\u00e1ssal, lehet\u0151v\u00e9 t\u00e9ve, hogy a sz\u00edv\u00e1st az \u00d6n \u00edzl\u00e9s\u00e9nek megfelel\u0151en szem\u00e9lyre szabja.<\/li>\n<li><strong>48 k\u00fcl\u00f6n\u00e1ll\u00f3 \u00edz:<\/strong> Kiv\u00e1laszt\u00e1s\u00e1val <strong>48 egyedi \u00edz<\/strong>a, <strong>Fumot RandM Digit\u00e1lis Doboz<\/strong> biztos\u00edtja, hogy mindenkinek legyen valami, legyen sz\u00f3 gy\u00fcm\u00f6lcs\u00f6s, ment\u00e1s vagy desszert ihlet\u00e9s\u0171 profilokr\u00f3l.<\/li>\n<\/ol>\n<h3>Mi\u00e9rt v\u00e1lassza a Fumot RandM Digital Box 12000 Puffs-ot?<\/h3>\n<p>A <strong>Fumot RandM Digital Box 12000 Puffs<\/strong> t\u00f6bb mint egy eldobhat\u00f3 vape toll; ez egy \u00e9letst\u00edlus kieg\u00e9sz\u00edt\u0151, amely \u00f6tv\u00f6zi a st\u00edlust, a teljes\u00edtm\u00e9nyt \u00e9s a sokoldal\u00fas\u00e1got. Leny\u0171g\u00f6z\u0151 funkci\u00f3ival, hosszabb f\u00faj\u00e1ssz\u00e1mmal \u00e9s szem\u00e9lyre szabhat\u00f3 vil\u00e1g\u00edt\u00e1ssal ez a vape eszk\u00f6z kit\u0171nik a zs\u00fafolt piacon. Ak\u00e1r otthon, ak\u00e1r \u00fatk\u00f6zben, a <strong>Fumot RandM Digit\u00e1lis Doboz<\/strong> B\u00edzhat\u00f3 \u00e9s \u00e9lvezetes v\u00e1laszt\u00e1s az \u00d6n g\u0151z\u00f6l\u00e9si ig\u00e9nyeinek kiel\u00e9g\u00edt\u00e9s\u00e9re.<\/p>\n<ol>\n<li><strong>Tart\u00f3s Teljes\u00edtm\u00e9ny<\/strong>: Legfeljebb <strong>12 000 puff<\/strong>sz\u00e1m\u00edthat r\u00e1, hogy a <strong>Fumot RandM Digit\u00e1lis Doboz<\/strong> hosszabb haszn\u00e1lat biztos\u00edt\u00e1sa \u00e9rdek\u00e9ben, \u00e1lland\u00f3 cser\u00e9k n\u00e9lk\u00fcl, \u00edgy rendk\u00edv\u00fcl gazdas\u00e1gos v\u00e1laszt\u00e1s.<\/li>\n<li><strong>Szem\u00e9lyre szabott \u00e9lm\u00e9ny<\/strong>: A <strong>RGB f\u00e9nyeffektusok<\/strong> \u00e9s <strong>\u00e1ll\u00edthat\u00f3 l\u00e9g\u00e1raml\u00e1s<\/strong> lehet\u0151v\u00e9 teszi, hogy szem\u00e9lyre szabja a g\u0151z\u00f6l\u00e9si \u00e9lm\u00e9ny\u00e9t, m\u00edg a <strong>LED kijelz\u0151<\/strong> biztos\u00edtja, hogy mindig tiszt\u00e1ban legyen az eszk\u00f6z \u00e1llapot\u00e1val.<\/li>\n<li><strong>K\u00e9nyelem \u00e9s St\u00edlus<\/strong>A karcs\u00fa, kompakt kialak\u00edt\u00e1s k\u00f6nny\u0171v\u00e9 teszi a k\u00e9sz\u00fcl\u00e9k hordoz\u00e1s\u00e1t \u00e9s haszn\u00e1lat\u00e1t, m\u00edg a \u00fajrat\u00f6lthet\u0151 akkumul\u00e1tor \u00e9s <strong>Type-C t\u00f6lt\u0151port<\/strong> Biztos\u00edtsa a gyors \u00e9s probl\u00e9mamentes \u00fajrat\u00f6lt\u00e9st.<\/li>\n<li><strong>Pr\u00e9mium \u00edzek<\/strong>: Ezzel <strong>48 k\u00fcl\u00f6n\u00e1ll\u00f3 \u00edz<\/strong> kiv\u00e1lasztani k\u00f6z\u00fcl\u00fck, a <strong>Fumot RandM Digit\u00e1lis Doboz<\/strong> Minden \u00edzl\u00e9snek megfelel, \u00e9s minden alkalommal k\u00f6vetkezetesen \u00edzletes puffokat sz\u00e1ll\u00edt.<\/li>\n<\/ol>\n<h3>Fumot RandM Digital Box 12000 Puffs \u00cdzes\u00edt\u00e9si \u00datmutat\u00f3<\/h3>\n<p>A kiemel\u00e9sek egyike <strong>Fumot RandM Digital Box 12000 Puffs<\/strong> kiv\u00e9teles \u00edzv\u00e1laszt\u00e9k\u00e1ban rejlik.  A kiv\u00e1l\u00f3 min\u0151s\u00e9g\u0171 \u00f6sszetev\u0151k felhaszn\u00e1l\u00e1s\u00e1val k\u00e9sz\u00fclt minden \u00edzprofil egyedi \u00e9s kiel\u00e9g\u00edt\u0151 g\u0151z\u00f6l\u00e9si \u00e9lm\u00e9nyt ny\u00fajt.  Ak\u00e1r valami \u00e9desre, gy\u00fcm\u00f6lcs\u00f6sre vagy friss\u00edt\u0151re v\u00e1gyik, biztosan tal\u00e1l olyan \u00edzt, amely megfelel az \u00d6n \u00edzl\u00e9s\u00e9nek.  \u00cdme, egy pillant\u00e1s a legn\u00e9pszer\u0171bb lehet\u0151s\u00e9gekre:<\/p>\n<ol>\n<li><strong>Mango j\u00e9g<\/strong>: Tr\u00f3pusi klasszikus, <strong>Mango j\u00e9g<\/strong> \u00d6tv\u00f6zi az \u00e9rett mang\u00f3 l\u00e9d\u00fas, \u00e9des \u00edz\u00e9t egy h\u0171s mentolos befejez\u00e9ssel. Ez a friss\u00edt\u0151 kever\u00e9k t\u00f6k\u00e9letes azok sz\u00e1m\u00e1ra, akik szeretik az \u00e9des, m\u00e9gis \u00e9l\u00e9nk\u00edt\u0151 vape-\u00e9lm\u00e9nyt.<\/li>\n<li><strong>S\u00e1rgadinnye<\/strong>: A ny\u00e1r l\u00e9nyeg\u00e9nek megragad\u00e1sa, <strong>S\u00e1rgadinnye<\/strong> Minden sz\u00edv\u00e1sn\u00e1l elhozza az \u00e9rett, l\u00e9d\u00fas g\u00f6r\u00f6gdinnye friss\u00edt\u0151 \u00edz\u00e9t. K\u00f6nny\u0171, \u00e9des \u00e9s t\u00f6k\u00e9letes egy hidrat\u00e1l\u00f3 vape \u00e9lm\u00e9nyhez.<\/li>\n<li><strong>K\u00f3la<\/strong>Ha egy pezsg\u0151, er\u0151s vape-re v\u00e1gysz, <strong>K\u00f3la<\/strong> Ez az \u00edz neked val\u00f3. Ez a nosztalgikus profil ut\u00e1nozza kedvenc sz\u00f3d\u00e1d \u00edz\u00e9t, \u00e9des \u00e9s enyh\u00e9n savanyk\u00e1s vape-ot k\u00edn\u00e1lva sz\u00e9nsavas \u00e9rz\u00e9ssel.<\/li>\n<li><strong>\u00c1fony\u00e1s Menta<\/strong>A kombin\u00e1ci\u00f3ja <strong>\u00e9rett \u00e1fonya<\/strong> \u00e9s <strong>mint<\/strong> t\u00f6k\u00e9letes egyens\u00falyt teremt az \u00e9des \u00e9s a friss\u00edt\u0151 k\u00f6z\u00f6tt. <strong>\u00c1fony\u00e1s Menta<\/strong> B\u00e1rmely napszakban friss\u00edt\u0151 \u00e9s \u00edzletes v\u00e1laszt\u00e1s.<\/li>\n<li><strong>Energiaital<\/strong>: Azoknak, akik szeretik az energia l\u00f6ketet, a <strong>Energiaital<\/strong> \u00edzvil\u00e1g\u00e1ban megragadja az energiaital frissess\u00e9g\u00e9t \u00e9s \u00e9leterej\u00e9t, biztos\u00edtva egy pik\u00e1ns \u00e9s \u00edzletes \u00e9lm\u00e9nyt, ami biztosan fel\u00e9breszti \u00e9rz\u00e9keidet.<\/li>\n<li><strong>Eperkr\u00e9mes sajttorta<\/strong>: K\u00e9nyeztesse mag\u00e1t a kr\u00e9mes, desszertszer\u0171 \u00edzzel <strong>Eperkr\u00e9mes sajttorta<\/strong>amely \u00e9des, \u00e9rett epret \u00f6tv\u00f6z egy gazdag, sima sajttorta alappal, egy pazar \u00e9lvezet\u00e9rt.<\/li>\n<li><strong>Anan\u00e1sz K\u00f3kusz<\/strong>: Hozza mag\u00e1t egy tr\u00f3pusi paradicsomba ezzel a kombin\u00e1ci\u00f3val <strong>\u00c9des anan\u00e1sz<\/strong> \u00e9s sima <strong>k\u00f3kusz<\/strong>tengerparti ihletetts\u00e9g\u0171 vape l\u00e9trehoz\u00e1sa, ami egyszerre \u00e9des \u00e9s friss\u00edt\u0151.<\/li>\n<li><strong>Sz\u0151l\u0151 J\u00e9g<\/strong>: <strong>Sz\u0151l\u0151 J\u00e9g<\/strong> A sz\u0151l\u0151 m\u00e9ly, gy\u00fcm\u00f6lcs\u00f6s \u00edz\u00e9t k\u00edn\u00e1lja, amelyet h\u0171s\u00edt\u0151 mentol finish eg\u00e9sz\u00edt ki. Ez a kombin\u00e1ci\u00f3 t\u00f6k\u00e9letes azok sz\u00e1m\u00e1ra, akik szeretik a friss\u00edt\u0151, \u00e9des gy\u00fcm\u00f6lcs\u00edzt jeges csavarral.<\/li>\n<li><strong>Van\u00edlia kr\u00e9m<\/strong>: A desszert szerelmeseinek, <strong>Van\u00edlia kr\u00e9m<\/strong> Gazdag, kr\u00e9mes van\u00edlia \u00edzt biztos\u00edt, sima, kr\u00e9mes befejez\u00e9ssel. \u00c9des, k\u00e9nyeztet\u0151 v\u00e1laszt\u00e1s azok sz\u00e1m\u00e1ra, akik \u00e9rt\u00e9kelik a k\u00e9nyelmes, desszert ihlette vape-ot.<\/li>\n<li><strong>Apple Ice<\/strong>Ez az \u00edz elkapja a frissen szedett alma ropog\u00f3s, friss \u00edz\u00e9t, amelyet egy h\u0171s mentolos befejez\u00e9s er\u0151s\u00edt. <strong>Apple Ice<\/strong> az \u00e9dess\u00e9g \u00e9s a frissess\u00e9g t\u00f6k\u00e9letes \u00f6tv\u00f6zete, h\u0171s\u00edt\u0151 hat\u00e1ssal.<\/li>\n<\/ol>\n<p>\u00d6sszesen <strong>48 \u00edzes\u00edt\u00e9s<\/strong> felfedez\u00e9sre pedig nincs hi\u00e1ny a v\u00e1ltozatoss\u00e1gb\u00f3l, hogy \u00e9lvezze az ember <strong>Fumot RandM Digital Box 12000 Puffs<\/strong>. Ak\u00e1r valami gy\u00fcm\u00f6lcs\u00f6s, ment\u00e1s vagy desszert ihlette \u00edzt keresel, megtal\u00e1lod a t\u00f6k\u00e9letes \u00edzt, amely illik a hangulatodhoz.<\/p>\n<h3>Rendelje meg a Fumot RandM Digital Box 12000 Puffs term\u00e9ket a FumotXpress.de oldalr\u00f3l<\/h3>\n<p>At <strong>FumotXpress.de<\/strong>, b\u00fcszk\u00e9k vagyunk arra, hogy N\u00e9metorsz\u00e1g legnagyobb online kiskereskedelmi platformja vagyunk az eldobhat\u00f3 vape term\u00e9keknek. Sz\u00e9les v\u00e1laszt\u00e9kot k\u00edn\u00e1lunk kiv\u00e1l\u00f3 min\u0151s\u00e9g\u0171 vape term\u00e9kekb\u0151l, bele\u00e9rtve az <strong>Fumot RandM Digital Box 12000 Puffs<\/strong>, amelyhez nincs minim\u00e1lis rendel\u00e9si mennyis\u00e9g. Ak\u00e1r egy darabra, ak\u00e1r nagy mennyis\u00e9g\u0171 rendel\u00e9sre van sz\u00fcks\u00e9ge a kiskereskedelmi csoportok sz\u00e1m\u00e1ra, mi gondoskodunk r\u00f3la. Minden term\u00e9k\u00fcnket k\u00f6zvetlen\u00fcl eur\u00f3pai rakt\u00e1runkb\u00f3l sz\u00e1ll\u00edtjuk, biztos\u00edtva a gyors sz\u00e1ll\u00edt\u00e1st <strong>3-7 nap<\/strong>.<\/p>\n<p>Amikor \u00d6n v\u00e1s\u00e1rol vel\u00fcnk <a href=\"https:\/\/fumotxpress.de\/hu\/\"><strong>FumotXpress.de<\/strong>,<\/a> Garanci\u00e1t v\u00e1llalunk arra, hogy eredeti, hiteles term\u00e9keket kap, amelyek megfelelnek a legmagasabb min\u0151s\u00e9gi szabv\u00e1nyoknak. K\u00f6nnyen navig\u00e1lhat\u00f3 weboldalunk \u00e9s megb\u00edzhat\u00f3 \u00fcgyf\u00e9lszolg\u00e1latunk z\u00f6kken\u0151mentess\u00e9 teszi az eldobhat\u00f3 vape term\u00e9kek v\u00e1s\u00e1rl\u00e1s\u00e1t.<\/p>\n<h3>K\u00f6vetkeztet\u00e9s<\/h3>\n<p>A <a href=\"https:\/\/fumotxpress.de\/hu\/\"><strong>Fumot RandM Digital Box 12000 Puffs<\/strong> <\/a>az ultrak\u00f6nny\u0171 v\u00e1laszt\u00e1s azoknak a vapereknek, akik min\u0151s\u00e9get, st\u00edlust \u00e9s teljes\u00edtm\u00e9nyt k\u00f6vetelnek. Hossz\u00fa \u00e9lettartam\u00fa f\u00faj\u00e1si kapacit\u00e1s\u00e1val, pr\u00e9mium e-folyad\u00e9k t\u00e9rfogat\u00e1val, \u00fajrat\u00f6lthet\u0151 akkumul\u00e1tor\u00e1val \u00e9s sz\u00e9les \u00edzv\u00e1laszt\u00e9k\u00e1val ez az eszk\u00f6z mindent tartalmaz, amire sz\u00fcks\u00e9ge van egy fels\u0151 kateg\u00f3ri\u00e1s vapiz\u00e1l\u00e1si \u00e9lm\u00e9nyhez. V\u00e1s\u00e1roljon itt <strong>FumotXpress.de<\/strong> Ma \u00e9s \u00e9lvezze a gyors, megb\u00edzhat\u00f3 sz\u00e1ll\u00edt\u00e1st k\u00f6zvetlen\u00fcl eur\u00f3pai rakt\u00e1runkb\u00f3l. Legyen \u00d6n ak\u00e1r alkalmi vaporiz\u00e1l\u00f3, ak\u00e1r elk\u00f6telezett rajong\u00f3,<\/p>","protected":false},"excerpt":{"rendered":"<p>V\u00e1s\u00e1rolja meg a Fumot RandM Digital Box 12000 Puffs \u00fajrat\u00f6lthet\u0151 eldobhat\u00f3 vape tollat a FumotXpress.de oldalon, alacsony nikotintartalommal, pr\u00e9mium \u00edzekkel \u00e9s gyors sz\u00e1ll\u00edt\u00e1ssal eur\u00f3pai rakt\u00e1runkb\u00f3l.<\/p>","protected":false},"featured_media":2011,"comment_status":"open","ping_status":"closed","template":"","meta":{"om_disable_all_campaigns":false},"product_brand":[],"product_cat":[46,91,92,94,95,96,97,99,102,103,104,105,107,108,111,112,78,79,80,81,82,83,84,85,86,87,88,89,90,70,73,56,61,63,65,67],"product_tag":[],"class_list":{"0":"post-1980","1":"product","2":"type-product","3":"status-publish","4":"has-post-thumbnail","6":"product_cat-random-disposable-vapes","7":"product_cat-buy-best-disposable-vape-flavors","8":"product_cat-apple-flavor-disposable-vapes","9":"product_cat-blueberry-flavor-disposable-vapes","10":"product_cat-cherry-flavor-disposable-vapes","11":"product_cat-cola-flavor-disposable-vapes","12":"product_cat-grape-flavor-disposable-vapes","13":"product_cat-ice-flavor-disposable-vapes","14":"product_cat-lush-flavor-disposable-vapes","15":"product_cat-mango-flavor-disposable-vapes","16":"product_cat-mint-flavor-disposable-vapes","17":"product_cat-mixed-berries-flavor-disposable-vapes","18":"product_cat-peach-flavor-disposable-vapes","19":"product_cat-pineapple-flavor-disposable-vapes","20":"product_cat-strawberry-flavor-disposable-vapes","21":"product_cat-watermelon-flavor-disposable-vapes","22":"product_cat-best-disposable-vape-in-europe","23":"product_cat-buy-disposable-vapes-in-austria","24":"product_cat-buy-disposable-vapes-in-belgium","25":"product_cat-buy-disposable-vapes-in-france","26":"product_cat-buy-disposable-vapes-in-germany","27":"product_cat-buy-disposable-vapes-in-italy","28":"product_cat-buy-disposable-vapes-in-netherlands","29":"product_cat-buy-disposable-vapes-in-norway","30":"product_cat-buy-disposable-vapes-in-poland","31":"product_cat-buy-disposable-vapes-in-portugal","32":"product_cat-buy-disposable-vapes-in-spain","33":"product_cat-buy-disposable-vapes-in-sweden","34":"product_cat-buy-disposable-vapes-in-switzerland","35":"product_cat-shop-disposable-vapes-by-puffs","36":"product_cat-12000-puff-disposable-vape","37":"product_cat-disposable-vape-types","38":"product_cat-big-puffs-disposable-vapes","39":"product_cat-digital-box-disposable-vapes","40":"product_cat-lower-nicotine-disposable-vapes","41":"product_cat-rechargeable-disposable-vapes","43":"first","44":"outofstock","45":"shipping-taxable","46":"product-type-variable"},"_links":{"self":[{"href":"https:\/\/fumotxpress.de\/hu\/wp-json\/wp\/v2\/product\/1980","targetHints":{"allow":["GET"]}}],"collection":[{"href":"https:\/\/fumotxpress.de\/hu\/wp-json\/wp\/v2\/product"}],"about":[{"href":"https:\/\/fumotxpress.de\/hu\/wp-json\/wp\/v2\/types\/product"}],"replies":[{"embeddable":true,"href":"https:\/\/fumotxpress.de\/hu\/wp-json\/wp\/v2\/comments?post=1980"}],"wp:featuredmedia":[{"embeddable":true,"href":"https:\/\/fumotxpress.de\/hu\/wp-json\/wp\/v2\/media\/2011"}],"wp:attachment":[{"href":"https:\/\/fumotxpress.de\/hu\/wp-json\/wp\/v2\/media?parent=1980"}],"wp:term":[{"taxonomy":"product_brand","embeddable":true,"href":"https:\/\/fumotxpress.de\/hu\/wp-json\/wp\/v2\/product_brand?post=1980"},{"taxonomy":"product_cat","embeddable":true,"href":"https:\/\/fumotxpress.de\/hu\/wp-json\/wp\/v2\/product_cat?post=1980"},{"taxonomy":"product_tag","embeddable":true,"href":"https:\/\/fumotxpress.de\/hu\/wp-json\/wp\/v2\/product_tag?post=1980"}],"curies":[{"name":"wp","href":"https:\/\/api.w.org\/{rel}","templated":true}]}}