{"id":1812,"date":"2024-11-27T07:37:47","date_gmt":"2024-11-27T07:37:47","guid":{"rendered":"https:\/\/fumotxpress.de\/?post_type=product&#038;p=1812"},"modified":"2025-11-28T13:31:37","modified_gmt":"2025-11-28T13:31:37","slug":"adalya-16000-puff-vasaroljon-eredeti-autentikus-ujratoltheto-eldobhato-vapes-tollat","status":"publish","type":"product","link":"https:\/\/fumotxpress.de\/hu\/termek\/adalya-16000-puff-vasaroljon-eredeti-autentikus-ujratoltheto-eldobhato-vapes-tollat\/","title":{"rendered":"Adalya 16000 Eldobhat\u00f3 Vape: Nincs MOQ, ha eur\u00f3pai rakt\u00e1runkb\u00f3l v\u00e1s\u00e1rol."},"content":{"rendered":"<p>&nbsp;<\/p>\n<article style=\"background-color: #2c2c2c; color: #f1f1f1; padding: 20px; border-radius: 10px;\">\n<h2 style=\"font-family: Arial, sans-serif; color: #ffffff;\">\u00dcdv\u00f6z\u00f6lj\u00fck az \u00cdz Fesztiv\u00e1lon: The <a href=\"https:\/\/fumotxpress.de\/hu\/w\/\">Adalya 16000<\/a> Puffs Vape!<\/h2>\n<p style=\"font-family: Arial, sans-serif; font-size: 16px; line-height: 1.6; color: #f1f1f1;\">Szia, \u00edzrajong\u00f3! Keresel egy e-cigit, amely vil\u00e1gh\u00edr\u0171 \u00edzekkel van ell\u00e1tva \u00e9s szuper, szuper hossz\u00fa ideig tart? \u00dcdv\u00f6z\u00f6llek \u00faj legjobb bar\u00e1todat, az Adalya 16000-et! Ez a csod\u00e1latos kis k\u00e9sz\u00fcl\u00e9k ak\u00e1r 16 000 sz\u00edv\u00e1st biztos\u00edt tiszta \u00f6r\u00f6m\u00f6t. Olyan, mintha egy soha v\u00e9get nem \u00e9r\u0151 parti lenne a finom felh\u0151kb\u0151l a zsebedben! T\u00f6k\u00e9letes mindenki sz\u00e1m\u00e1ra, aki szereti az Adalya legend\u00e1s shisha \u00edzeit \u00e9s olyan e-cigit szeretne, amely rendk\u00edv\u00fcl k\u00f6nnyen \u00e9s sz\u00f3rakoztat\u00f3an haszn\u00e1lhat\u00f3.<\/p>\n<p style=\"font-family: Arial, sans-serif; font-size: 16px; line-height: 1.6; color: #f1f1f1;\">\u00c9s itt van a legizgalmasabb h\u00edr! Most megv\u00e1s\u00e1rolhatja saj\u00e1t Adalya 16000 k\u00e9sz\u00fcl\u00e9k\u00e9t k\u00f6zvetlen\u00fcl a fantasztikus weboldalunkr\u00f3l, a fumotxpress.de-r\u0151l! Mi egy hatalmas online nagykereskedelmi bolt vagyunk az eldobhat\u00f3 vape term\u00e9kekre Eur\u00f3p\u00e1ban. A legjobb r\u00e9sz az, hogy nem kell egy eg\u00e9sz csom\u00f3t v\u00e1s\u00e1rolnia. Nincs minim\u00e1lis rendel\u00e9si mennyis\u00e9g (ez azt jelenti, hogy nincs MOQ!), Teh\u00e1t csak egyet vehet fel az \u00edz utaz\u00e1s\u00e1nak megkezd\u00e9s\u00e9hez. K\u00f6zvetlen\u00fcl eur\u00f3pai rakt\u00e1runkb\u00f3l sz\u00e1ll\u00edtjuk, \u00edgy mind\u00f6ssze 2-7 nap alatt meg\u00e9rkezik \u00d6nh\u00f6z!<\/p>\n<h3 style=\"font-family: Arial, sans-serif; color: #e0e0e0;\">Mi a nagy titok az Adalya 16000 m\u00f6g\u00f6tt?<\/h3>\n<ul style=\"color: #f1f1f1;\">\n<li style=\"font-family: Arial, sans-serif; font-size: 16px; line-height: 1.6;\"><strong>Puffok, amelyek csak folyamatosan j\u00f6nnek!:<\/strong> Egy hatalmas 16 000 f\u00faj\u00e1ssal ez a vape egy igazi maratoni fut\u00f3. Heteken kereszt\u00fcl \u00e9lvezheti kedvenc \u00edzeit!<\/li>\n<li style=\"font-family: Arial, sans-serif; font-size: 16px; line-height: 1.6;\"><strong>Egy \u00d3ri\u00e1si Boldogs\u00e1g Tart\u00e1ly:<\/strong> 20 ml szuper \u00edzletes e-folyad\u00e9kkal el\u0151re t\u00f6ltve \u00e9rkezik. Ez egy eg\u00e9sz csom\u00f3 finoms\u00e1g, ami k\u00e9szen \u00e1ll sz\u00e1modra!<\/li>\n<li style=\"font-family: Arial, sans-serif; font-size: 16px; line-height: 1.6;\"><strong>Sim\u00e1n \u00e9s Pont J\u00f3:<\/strong> 2% nikotinszinttel rendelkezik, ami t\u00f6k\u00e9letes egy enyhe \u00e9s szuper kiel\u00e9g\u00edt\u0151 \u00e9lm\u00e9nyhez.<\/li>\n<li style=\"font-family: Arial, sans-serif; font-size: 16px; line-height: 1.6;\"><strong>Egy Akkumul\u00e1tor, Ami Nem Adja Fel:<\/strong> A 650mAh-s akkumul\u00e1tor egy kis er\u0151m\u0171! R\u00e1ad\u00e1sul \u00fajrat\u00f6lthet\u0151 Type-C k\u00e1bellel, \u00edgy biztos lehet benne, hogy felhaszn\u00e1lja a finom l\u00e9 bel\u00fcl minden utols\u00f3 cseppj\u00e9t.<\/li>\n<li style=\"font-family: Arial, sans-serif; font-size: 16px; line-height: 1.6;\"><strong>Nagyszer\u0171 \u00e9rz\u00e9s tartani:<\/strong> \u00dagy tervezt\u00e9k, hogy t\u00f6k\u00e9letesen illeszkedjen a kezedbe, \u00edgy k\u00e9nyelmes t\u00e1rsad legyen b\u00e1rhov\u00e1 is m\u00e9sz.<\/li>\n<li style=\"font-family: Arial, sans-serif; font-size: 16px; line-height: 1.6;\"><strong>A legfinomabb felh\u0151k:<\/strong> A 1,2 ohmos tekercs bel\u00fcl, mint egy kis \u00edzszak\u00e1cs, gondoskodik r\u00f3la, hogy minden sz\u00edv\u00e1s tiszta, csod\u00e1latos \u00edzzel robbanjon az els\u0151t\u0151l az utols\u00f3ig.<\/li>\n<\/ul>\n<h3 style=\"font-family: Arial, sans-serif; color: #e0e0e0;\">Egy vil\u00e1g h\u00edres \u00edzei v\u00e1rnak!<\/h3>\n<p style=\"font-family: Arial, sans-serif; font-size: 16px; line-height: 1.6; color: #f1f1f1;\">K\u00e9sz\u00fclj\u00f6n fel a legenda meg\u00edzlel\u00e9s\u00e9re! Az Adalya a legjobb v\u00edzipipa \u00edzekr\u0151l ismert a vil\u00e1gon, \u00e9s most ezeket \u00e9lvezheti ebben a szuper k\u00f6nnyen haszn\u00e1lhat\u00f3 vape-ban. Melyik lesz a kedvencetek?<\/p>\n<div style=\"font-family: Arial, sans-serif; font-size: 16px; line-height: 1.6; color: #f1f1f1;\">\n<p>1. Mint Point<\/p>\n<p>2. Lady Killer<\/p>\n<p>3. Berlini \u00c9jszak\u00e1k<\/p>\n<p>4. Szeretet 66<\/p>\n<p>5. Moszkvai Est\u00e9k<\/p>\n<p>6. Hawaii<\/p>\n<p>7. Szerelmem<\/p>\n<\/div>\n<h3 style=\"font-family: Arial, sans-serif; color: #e0e0e0;\">L\u00e1ssuk, hogyan teljes\u00edt az Adalya 16000!<\/h3>\n<div style=\"margin: 20px auto; width: 90%; overflow-x: auto;\">\n<table style=\"width: 100%; border-collapse: collapse; font-family: Arial, sans-serif; border-radius: 8px; box-shadow: 0 4px 8px 0 rgba(0,0,0,0.5);\">\n<thead>\n<tr style=\"background-color: #1e1e1e; color: #ffffff;\">\n<th style=\"padding: 12px; text-align: left;\">H\u0171v\u00f6s funkci\u00f3<\/th>\n<th style=\"padding: 12px; text-align: left; background-color: #87ceeb; color: #ffffff;\">A Csod\u00e1latos Adalya 16000<\/th>\n<th style=\"padding: 12px; text-align: left;\">Unalmas R\u00e9gi Vape<\/th>\n<\/tr>\n<\/thead>\n<tbody>\n<tr style=\"background-color: #3d3d3d; color: #f1f1f1;\">\n<td style=\"padding: 12px; border-bottom: 1px solid #555;\">Puffsz\u00e1m<\/td>\n<td style=\"padding: 12px; border-bottom: 1px solid #555;\">Egy szuper hossz\u00fa 16,000!<\/td>\n<td style=\"padding: 12px; border-bottom: 1px solid #555;\">Elfogy nagyon gyorsan<\/td>\n<\/tr>\n<tr style=\"background-color: #4c4c4c; color: #f1f1f1;\">\n<td style=\"padding: 12px; border-bottom: 1px solid #555;\">E-folyad\u00e9k<\/td>\n<td style=\"padding: 12px; border-bottom: 1px solid #555;\">Egy hatalmas 20ml-es sz\u00f3rakoztat\u00f3 tart\u00e1ly<\/td>\n<td style=\"padding: 12px; border-bottom: 1px solid #555;\">Egy apr\u00f3cska tank<\/td>\n<\/tr>\n<tr style=\"background-color: #3d3d3d; color: #f1f1f1;\">\n<td style=\"padding: 12px; border-bottom: 1px solid #555;\">Elem<\/td>\n<td style=\"padding: 12px; border-bottom: 1px solid #555;\">Felt\u00f6ltheted! \u26a1<\/td>\n<td style=\"padding: 12px; border-bottom: 1px solid #555;\">Egy \u00e9s k\u00e9sz<\/td>\n<\/tr>\n<tr style=\"background-color: #4c4c4c; color: #f1f1f1;\">\n<td style=\"padding: 12px;\">V\u00e1s\u00e1rl\u00e1s a fumotxpress.de oldalon<\/td>\n<td style=\"padding: 12px;\">Vegy\u00e9l csak egyet, ne agg\u00f3dj!<\/td>\n<td style=\"padding: 12px;\">Egy eg\u00e9sz dobozzal kell v\u00e1s\u00e1rolnia<\/td>\n<\/tr>\n<\/tbody>\n<\/table>\n<\/div>\n<h3 style=\"font-family: Arial, sans-serif; color: #e0e0e0;\">K\u00e9rd\u00e9se van? Van r\u00e1 v\u00e1laszunk!<\/h3>\n<div style=\"font-family: Arial, sans-serif; font-size: 16px; line-height: 1.6;\">\n<div style=\"background-color: #223344; border-left: 5px solid #87CEEB; padding: 15px; margin-bottom: 10px; border-radius: 5px; color: #ffffff;\">\n<p><strong>Hogyan kezdjem a sz\u00f3rakoz\u00e1st?<\/strong>K\u00f6nnyebb, mint egy s\u00fctit enni! Csak f\u00fajj r\u00e1 egy kicsit a tetej\u00e9re, \u00e9s m\u00e1gikusan bekapcsol. Nincs gomb, nincs bonyolult dolog, csak sz\u00f3rakoz\u00e1s!<\/p>\n<\/div>\n<div style=\"background-color: #223344; border-left: 5px solid #87CEEB; padding: 15px; margin-bottom: 10px; border-radius: 5px; color: #ffffff;\">\n<p><strong>Hogyan tudom, hogy mikor kell t\u00f6ltenem az akkumul\u00e1tort?<\/strong>Sok ilyen vape-ban van egy h\u0171v\u00f6s kis f\u00e9ny vagy k\u00e9perny\u0151, amely t\u00e1j\u00e9koztatja, amikor az akkumul\u00e1tor kezd \u00e1lmos lenni. Csak dugjon be egy Type-C k\u00e1belt, \u00e9s r\u00f6vid id\u0151 alatt \u00e9bren lesz \u00e9s k\u00e9szen \u00e1ll \u00fajabb kalandokra!<\/p>\n<\/div>\n<div style=\"background-color: #223344; border-left: 5px solid #87CEEB; padding: 15px; margin-bottom: 10px; border-radius: 5px; color: #ffffff;\">\n<p><strong>Mi\u00e9rt v\u00e1s\u00e1roljak a fumotxpress.de-r\u0151l?<\/strong>Mert mi vagyunk a legjobb bar\u00e1taid az eur\u00f3pai vape-ek ter\u00e9n! Rendel\u00e9sedet eur\u00f3pai rakt\u00e1runkb\u00f3l k\u00fcldj\u00fck, \u00edgy szuper gyors (2-7 nap alatt) meg\u00e9rkezik hozz\u00e1d. \u00c9s mivel nincs minim\u00e1lis rendel\u00e9si mennyis\u00e9g, csak egyet is rendelhetsz. Ez a legegyszer\u0171bb, leggyorsabb \u00e9s legvid\u00e1mabb m\u00f3dja annak, hogy megszerezd az Adalya vape-od!<\/p>\n<\/div>\n<div style=\"background-color: #223344; border-left: 5px solid #87CEEB; padding: 15px; margin-bottom: 10px; border-radius: 5px; color: #ffffff;\">\n<p><strong>\u00dajrat\u00f6lthetem m\u00e1s \u00edzekkel?<\/strong>Ez egy eldobhat\u00f3 vape, ami azt jelenti, hogy k\u00e9szen \u00e1ll a bulira a k\u00fcl\u00f6nleges \u00edzzel, amely m\u00e1r benne van. Nem kell agg\u00f3dnod a rendetlen \u00fajrat\u00f6lt\u00e9sek miatt. Amikor v\u00e9ge, akkor egyszer\u0171en<\/p>\n<p>Kezdd el egy \u00faj \u00edz kalandot egy teljesen \u00fajjal!<\/p>\n<p><img loading=\"lazy\" decoding=\"async\" class=\"alignnone size-full wp-image-4631\" src=\"https:\/\/fumotxpress.de\/wp-content\/uploads\/2024\/11\/ADALYA-TWO-APPLES-16000-PUFFS.webp\" alt=\"ADALYA-K\u00c9T-ALMA-16000-LEF\u00daV\u00c1S\" width=\"984\" height=\"985\" srcset=\"https:\/\/fumotxpress.de\/wp-content\/uploads\/2024\/11\/ADALYA-TWO-APPLES-16000-PUFFS.webp 984w, https:\/\/fumotxpress.de\/wp-content\/uploads\/2024\/11\/ADALYA-TWO-APPLES-16000-PUFFS-300x300.webp 300w, https:\/\/fumotxpress.de\/wp-content\/uploads\/2024\/11\/ADALYA-TWO-APPLES-16000-PUFFS-150x150.webp 150w, https:\/\/fumotxpress.de\/wp-content\/uploads\/2024\/11\/ADALYA-TWO-APPLES-16000-PUFFS-768x769.webp 768w, https:\/\/fumotxpress.de\/wp-content\/uploads\/2024\/11\/ADALYA-TWO-APPLES-16000-PUFFS-12x12.webp 12w, https:\/\/fumotxpress.de\/wp-content\/uploads\/2024\/11\/ADALYA-TWO-APPLES-16000-PUFFS-247x247.webp 247w, https:\/\/fumotxpress.de\/wp-content\/uploads\/2024\/11\/ADALYA-TWO-APPLES-16000-PUFFS-600x601.webp 600w, https:\/\/fumotxpress.de\/wp-content\/uploads\/2024\/11\/ADALYA-TWO-APPLES-16000-PUFFS-100x100.webp 100w\" sizes=\"auto, (max-width: 984px) 100vw, 984px\" \/><\/p>\n<\/div>\n<\/div>\n<\/article>","protected":false},"excerpt":{"rendered":"<p><strong class=\"ng-star-inserted\"><span class=\"ng-star-inserted\">Adalya 16000: A Hosszantart\u00f3 Eldobhat\u00f3 Vape Az \u00cdnyencek Sz\u00e1m\u00e1ra<\/span><\/strong><\/p>","protected":false},"featured_media":1811,"comment_status":"open","ping_status":"closed","template":"","meta":{"om_disable_all_campaigns":false},"product_brand":[],"product_cat":[33,91,92,94,96,97,99,100,101,103,104,107,108,109,111,112,78,79,80,81,82,83,84,85,86,87,88,89,90,70,75,56,61,63,65,67],"product_tag":[],"class_list":{"0":"post-1812","1":"product","2":"type-product","3":"status-publish","4":"has-post-thumbnail","6":"product_cat-adalya-disposable-vapes","7":"product_cat-buy-best-disposable-vape-flavors","8":"product_cat-apple-flavor-disposable-vapes","9":"product_cat-blueberry-flavor-disposable-vapes","10":"product_cat-cola-flavor-disposable-vapes","11":"product_cat-grape-flavor-disposable-vapes","12":"product_cat-ice-flavor-disposable-vapes","13":"product_cat-kiwi-flavor-disposable-vapes","14":"product_cat-lemon-flavor-disposable-vapes","15":"product_cat-mango-flavor-disposable-vapes","16":"product_cat-mint-flavor-disposable-vapes","17":"product_cat-peach-flavor-disposable-vapes","18":"product_cat-pineapple-flavor-disposable-vapes","19":"product_cat-raspberry-flavor-disposable-vapes","20":"product_cat-strawberry-flavor-disposable-vapes","21":"product_cat-watermelon-flavor-disposable-vapes","22":"product_cat-best-disposable-vape-in-europe","23":"product_cat-buy-disposable-vapes-in-austria","24":"product_cat-buy-disposable-vapes-in-belgium","25":"product_cat-buy-disposable-vapes-in-france","26":"product_cat-buy-disposable-vapes-in-germany","27":"product_cat-buy-disposable-vapes-in-italy","28":"product_cat-buy-disposable-vapes-in-netherlands","29":"product_cat-buy-disposable-vapes-in-norway","30":"product_cat-buy-disposable-vapes-in-poland","31":"product_cat-buy-disposable-vapes-in-portugal","32":"product_cat-buy-disposable-vapes-in-spain","33":"product_cat-buy-disposable-vapes-in-sweden","34":"product_cat-buy-disposable-vapes-in-switzerland","35":"product_cat-shop-disposable-vapes-by-puffs","36":"product_cat-16000-puff-disposable-vape","37":"product_cat-disposable-vape-types","38":"product_cat-big-puffs-disposable-vapes","39":"product_cat-digital-box-disposable-vapes","40":"product_cat-lower-nicotine-disposable-vapes","41":"product_cat-rechargeable-disposable-vapes","43":"first","44":"instock","45":"shipping-taxable","46":"purchasable","47":"product-type-variable","48":"has-default-attributes"},"_links":{"self":[{"href":"https:\/\/fumotxpress.de\/hu\/wp-json\/wp\/v2\/product\/1812","targetHints":{"allow":["GET"]}}],"collection":[{"href":"https:\/\/fumotxpress.de\/hu\/wp-json\/wp\/v2\/product"}],"about":[{"href":"https:\/\/fumotxpress.de\/hu\/wp-json\/wp\/v2\/types\/product"}],"replies":[{"embeddable":true,"href":"https:\/\/fumotxpress.de\/hu\/wp-json\/wp\/v2\/comments?post=1812"}],"wp:featuredmedia":[{"embeddable":true,"href":"https:\/\/fumotxpress.de\/hu\/wp-json\/wp\/v2\/media\/1811"}],"wp:attachment":[{"href":"https:\/\/fumotxpress.de\/hu\/wp-json\/wp\/v2\/media?parent=1812"}],"wp:term":[{"taxonomy":"product_brand","embeddable":true,"href":"https:\/\/fumotxpress.de\/hu\/wp-json\/wp\/v2\/product_brand?post=1812"},{"taxonomy":"product_cat","embeddable":true,"href":"https:\/\/fumotxpress.de\/hu\/wp-json\/wp\/v2\/product_cat?post=1812"},{"taxonomy":"product_tag","embeddable":true,"href":"https:\/\/fumotxpress.de\/hu\/wp-json\/wp\/v2\/product_tag?post=1812"}],"curies":[{"name":"wp","href":"https:\/\/api.w.org\/{rel}","templated":true}]}}