{"id":1723,"date":"2024-11-25T09:51:02","date_gmt":"2024-11-25T09:51:02","guid":{"rendered":"https:\/\/fumotxpress.de\/?post_type=product&#038;p=1723"},"modified":"2025-05-20T04:44:34","modified_gmt":"2025-05-20T04:44:34","slug":"europai-raktar-lavande-bm18000-puff-vasarolni-eredeti-autentikus-ujratoltheto-eldobhato-vapes-toll-2","status":"publish","type":"product","link":"https:\/\/fumotxpress.de\/hu\/termek\/europai-raktar-lavande-bm18000-puff-vasarolni-eredeti-autentikus-ujratoltheto-eldobhato-vapes-toll-2\/","title":{"rendered":"Eur\u00f3pai Rakt\u00e1r Lavande BM18000 Puffs Eredeti Eredeti \u00dajrat\u00f6lthet\u0151 Eldobhat\u00f3 Vape Toll"},"content":{"rendered":"<h2><strong>Lavande BM 18000 Puffs \u2013 A V\u00e9gs\u0151 Eldobhat\u00f3 Vape \u00c9lm\u00e9ny<\/strong><\/h2>\n<p>Ha fejlett \u00e9s hat\u00e9kony vape-\u00e9lm\u00e9nyt keres, a Lavande BM 18000 Puffs az ig\u00e9nyes vaperek v\u00e9gs\u0151 v\u00e1laszt\u00e1sa. Eleg\u00e1ns kialak\u00edt\u00e1s\u00e1val, \u00e9lvonalbeli technol\u00f3gi\u00e1j\u00e1val \u00e9s leny\u0171g\u00f6z\u0151 funkci\u00f3ival az egyik legjobb \u00fajrat\u00f6lthet\u0151 eldobhat\u00f3 vape toll a piacon. Az egyik leghosszabb \u00e9lettartam\u00fa lehet\u0151s\u00e9gk\u00e9nt a Lavande BM 18000 Puffs p\u00e1ratlan teljes\u00edtm\u00e9nyt, k\u00e9nyelmet \u00e9s \u00edzt k\u00edn\u00e1l, amelyre sz\u00e1m\u00edthat.<\/p>\n<p>At <a href=\"https:\/\/fumotxpress.de\/hu\/\"><strong>FumotXpress.de<\/strong><\/a>b\u00fcszk\u00e9n k\u00edn\u00e1ljuk ezt a forradalmi term\u00e9ket, valamint a megb\u00edzhat\u00f3 m\u00e1rk\u00e1k sz\u00e9les sk\u00e1l\u00e1j\u00e1t\u00f3l sz\u00e1rmaz\u00f3 pr\u00e9mium eldobhat\u00f3 vape tollakat, mint p\u00e9ld\u00e1ul <strong>Al Fakher<\/strong>, <strong>Fizzy<\/strong>, <strong>OBEELAB HHC<\/strong>, <strong>V\u00e9letlenszer\u0171 F\u00fcst<\/strong>\u00e9s <strong>SMPO DL02<\/strong>. Ak\u00e1r kiskeresked\u0151, ak\u00e1r magas sz\u00ednvonal\u00fa term\u00e9keket keres\u0151 vape rajong\u00f3 vagy, mi vagyunk a legnagyobb online kiskereskedelmi \u00e9rt\u00e9kes\u00edt\u00e9si platform az eldobhat\u00f3 vap\u00e1k sz\u00e1m\u00e1ra N\u00e9metorsz\u00e1gban. K\u00f6zvetlen\u00fcl sz\u00e1ll\u00edtunk rakt\u00e1runkb\u00f3l <strong>Eur\u00f3pai rakt\u00e1r<\/strong>biztos\u00edtva, hogy term\u00e9keit gyorsan - 3-7 napon bel\u00fcl - megkapja. Szolg\u00e1ltat\u00e1sunkat \u00fagy alak\u00edtottuk ki, hogy megfeleljen a kiskereskedelmi csoportok ig\u00e9nyeinek, nincs minim\u00e1lis rendel\u00e9si mennyis\u00e9g, \u00e9s az \u00e1rak m\u00e1r egy darabt\u00f3l is kedvez\u0151ek.<\/p>\n<p>Mer\u00fclj\u00fcnk el m\u00e9lyebben a Lavande BM 18000 Puffs egyedi jellemz\u0151iben \u00e9s el\u0151nyeiben.<\/p>\n<p><img loading=\"lazy\" decoding=\"async\" class=\"alignnone size-full wp-image-1788\" src=\"https:\/\/fumotxpress.de\/wp-content\/uploads\/2024\/11\/Lavande-BM18000(5).webp\" alt=\"Lavande-BM18000\" width=\"800\" height=\"800\" srcset=\"https:\/\/fumotxpress.de\/wp-content\/uploads\/2024\/11\/Lavande-BM18000\uff085\uff09.webp 800w, https:\/\/fumotxpress.de\/wp-content\/uploads\/2024\/11\/Lavande-BM18000\uff085\uff09-300x300.webp 300w, https:\/\/fumotxpress.de\/wp-content\/uploads\/2024\/11\/Lavande-BM18000\uff085\uff09-150x150.webp 150w, https:\/\/fumotxpress.de\/wp-content\/uploads\/2024\/11\/Lavande-BM18000\uff085\uff09-768x768.webp 768w, https:\/\/fumotxpress.de\/wp-content\/uploads\/2024\/11\/Lavande-BM18000\uff085\uff09-12x12.webp 12w, https:\/\/fumotxpress.de\/wp-content\/uploads\/2024\/11\/Lavande-BM18000\uff085\uff09-247x247.webp 247w, https:\/\/fumotxpress.de\/wp-content\/uploads\/2024\/11\/Lavande-BM18000\uff085\uff09-600x600.webp 600w, https:\/\/fumotxpress.de\/wp-content\/uploads\/2024\/11\/Lavande-BM18000\uff085\uff09-100x100.webp 100w\" sizes=\"auto, (max-width: 800px) 100vw, 800px\" \/><\/p>\n<h3>Lavande BM 18000 Puffs: Term\u00e9k Jellemz\u0151k \u00e9s Teljes\u00edtm\u00e9ny<\/h3>\n<p>A Lavande BM 18000 Puffs egy kiemelked\u0151 \u00fajrat\u00f6lthet\u0151 eldobhat\u00f3 vape toll, amely rendk\u00edv\u00fcli g\u0151z\u00f6l\u00e9si \u00e9lm\u00e9nyt ny\u00fajt. \u00cdme, egy r\u00e9szletes \u00e1ttekint\u00e9s arr\u00f3l, hogy mi teszi ezt az eszk\u00f6zt k\u00f6telez\u0151v\u00e9 a g\u0151z\u00f6l\u00e9s szerelmeseinek:<\/p>\n<ul>\n<li><strong>El\u0151re t\u00f6lt\u00f6tt e-folyad\u00e9k kapacit\u00e1s<\/strong>: A Lavande BM 24ml el\u0151t\u00f6lt\u00f6tt e-folyad\u00e9k kapacit\u00e1ssal \u00e9rkezik, biztos\u00edtva, hogy elegend\u0151 l\u00e9 legyen ahhoz, hogy hossz\u00fa ideig kitartson an\u00e9lk\u00fcl, hogy gyakran kellene ut\u00e1nt\u00f6lteni.<\/li>\n<li><strong>Hosszantart\u00f3 Puffok<\/strong>: Az impoz\u00e1ns 18 000 sz\u00edv\u00e1ssal ez az eszk\u00f6z hossz\u00fa t\u00e1v\u00fa vape-\u00e9lm\u00e9nyt ny\u00fajt, ide\u00e1lis mind a h\u00e9tk\u00f6znapi, mind a napi vaper-ek sz\u00e1m\u00e1ra. Nem kell agg\u00f3dnia a k\u00e9sz\u00fcl\u00e9k folyamatos cser\u00e9je miatt.<\/li>\n<li><strong>\u00dajrat\u00f6lthet\u0151 \u00e9s Fenntarthat\u00f3<\/strong>: A hagyom\u00e1nyos egyszer haszn\u00e1latos vape-kkel ellent\u00e9tben, amelyek egyetlen haszn\u00e1latra vannak tervezve, a Lavande BM \u00fajrat\u00f6lthet\u0151 <strong>USB Type-C<\/strong>, cs\u00f6kkentve a hullad\u00e9kot \u00e9s t\u00f6bb \u00e9rt\u00e9ket ny\u00fajtva a p\u00e9nzed\u00e9rt.<\/li>\n<li><strong>H\u00e1l\u00f3sz\u00f6vetes F\u0171t\u0151technol\u00f3gia<\/strong>: 6x mesh f\u0171t\u0151sz\u00e1lakkal felszerelve, ez az e-cigaretta toll n\u00f6veli az \u00edzt \u00e9s a g\u0151z min\u0151s\u00e9g\u00e9t, sima \u00e9s gazdag felh\u0151ket sz\u00e1ll\u00edtva minden sz\u00edv\u00e1ssal. A mesh f\u0171t\u00e9si rendszer biztos\u00edtja a konzisztenci\u00e1t \u00e9s a magas teljes\u00edtm\u00e9nyt.<\/li>\n<li><strong>Akku kapacit\u00e1s<\/strong>: Egy er\u0151s 650mAh-s akkumul\u00e1tor m\u0171k\u00f6dteti a k\u00e9sz\u00fcl\u00e9ket, \u00e9s b\u0151s\u00e9ges haszn\u00e1latot biztos\u00edt a t\u00f6lt\u00e9sek k\u00f6z\u00f6tt. Optimaliz\u00e1lva van arra, hogy kitartson az 18 000 sz\u00edv\u00e1sig, hat\u00e9kony \u00e9s stabil teljes\u00edtm\u00e9nyt ny\u00fajtva.<\/li>\n<li><strong>Rajz Aktiv\u00e1lt M\u0171velet<\/strong>A Lavande BM 18000 Puffs rendk\u00edv\u00fcl felhaszn\u00e1l\u00f3bar\u00e1t. A sz\u00edv\u00e1saktiv\u00e1lt funkci\u00f3 azt jelenti, hogy nem kell megnyomnod egyetlen gombot sem; egyszer\u0171en sz\u00edvj bele, \u00e9s az eszk\u00f6z automatikusan aktiv\u00e1l\u00f3dik, azonnali kiel\u00e9g\u00fcl\u00e9st ny\u00fajtva.<\/li>\n<li><strong>Testreszab\u00e1s<\/strong>: Ak\u00e1r egy standard g\u0151z\u00f6l\u00e9si \u00e9lm\u00e9nyt r\u00e9szes\u00edt el\u0151nyben, ak\u00e1r pedig fel szeretn\u00e9 turb\u00f3zni az \u00edzt, a k\u00e9sz\u00fcl\u00e9k rendelkezik ezzel a funkci\u00f3val <strong>Norm\u00e1l m\u00f3d<\/strong> \u00e9s <strong>Turb\u00f3 m\u00f3d<\/strong>A boost \u00fczemm\u00f3d intenz\u00edvebb\u00e9 teszi az \u00edzt azok sz\u00e1m\u00e1ra, akik er\u0151sebb hat\u00e1st kedvelnek.<\/li>\n<li><strong>Kijelz\u0151 k\u00e9perny\u0151<\/strong>A k\u00e9sz\u00fcl\u00e9k rendelkezik egy <strong>3,0\u201d Full HD Mega k\u00e9perny\u0151<\/strong>, lehet\u0151v\u00e9 t\u00e9ve a puffok sz\u00e1m\u00e1nak, az akkumul\u00e1tor \u00e9lettartam\u00e1nak \u00e9s az eszk\u00f6zbe\u00e1ll\u00edt\u00e1soknak a k\u00f6nny\u0171 nyomon k\u00f6vet\u00e9s\u00e9t. Ez a hozz\u00e1adott funkcionalit\u00e1s felhaszn\u00e1l\u00f3bar\u00e1tabb\u00e1 \u00e9s hat\u00e9konyabb\u00e1 teszi a vape-\u00e9lm\u00e9nyt.<\/li>\n<\/ul>\n<h3>Mi\u00e9rt v\u00e1lassza a Lavande BM 18000 Puffs-ot?<\/h3>\n<ol>\n<li><strong>Hossz\u00fa t\u00e1v\u00fa g\u0151z\u00f6l\u00e9si \u00f6r\u00f6m<\/strong>: Az 18 000 f\u00faj\u00e1ssal rendelkez\u0151 Lavande BM \u00fagy van kialak\u00edtva, hogy hossz\u00fa ideig tartson, biztos\u00edtva, hogy ne kelljen agg\u00f3dnia a gyakori cser\u00e9je miatt. Ak\u00e1r alkalmank\u00e9nt, ak\u00e1r napi rendszeress\u00e9ggel vape-ol, ez az eszk\u00f6z \u00fagy van kialak\u00edtva, hogy kompromisszumok n\u00e9lk\u00fcl ny\u00fajtson hosszabb vape-\u00e9lm\u00e9nyt.<\/li>\n<li><strong>Pr\u00e9mium \u00cdz \u00e9s G\u0151zmin\u0151s\u00e9g<\/strong>: A 6x-es mesh tekercs technol\u00f3gia \u00e9szrevehet\u0151 k\u00fcl\u00f6nbs\u00e9get tesz a g\u0151z \u00e9s az \u00edz min\u0151s\u00e9g\u00e9ben. Ak\u00e1r a gy\u00fcm\u00f6lcs\u00f6s, mentolos, vagy desszert \u00edzek kedvel\u0151je, a Lavande BM sima, kiel\u00e9g\u00edt\u0151 felh\u0151ket biztos\u00edt, amelyek k\u00f6vetkezetesen \u00e9lvezetesek.<\/li>\n<li><strong>\u00dajrat\u00f6lthet\u0151s\u00e9g<\/strong>: A \u00fajrat\u00f6lthet\u0151 funkci\u00f3 kiemeli a Lavande BM-et a tipikus eldobhat\u00f3 vapesek k\u00f6z\u00fcl. Fenntarthat\u00f3s\u00e1got \u00e9s k\u00e9nyelmet k\u00edn\u00e1l, cs\u00f6kkenti a hullad\u00e9kot a teljes\u00edtm\u00e9ny fel\u00e1ldoz\u00e1sa n\u00e9lk\u00fcl. A gyors \u00fajrat\u00f6lt\u00e9s biztos\u00edtja, hogy mindig k\u00e9szen \u00e1lljon a k\u00f6vetkez\u0151 vape sessionra.<\/li>\n<li><strong>Felhaszn\u00e1l\u00f3bar\u00e1t \u00e9lm\u00e9ny<\/strong>: Egyszer\u0171s\u00e9gre tervezve, a rajta aktiv\u00e1lhat\u00f3 m\u0171k\u00f6d\u00e9s mind a kezd\u0151k, mind a tapasztalt g\u0151z\u00f6l\u0151k sz\u00e1m\u00e1ra t\u00f6k\u00e9letes. Egy tov\u00e1bbi <strong>turb\u00f3 m\u00f3d<\/strong> biztos\u00edtja, hogy a vape intenzit\u00e1s\u00e1t a saj\u00e1t preferenci\u00e1j\u00e1hoz igaz\u00edthassa.<\/li>\n<li><strong>Gyors \u00e9s hat\u00e9kony t\u00f6lt\u00e9s<\/strong>: K\u00f6sz\u00f6nhet\u0151en <strong>USB Type-C<\/strong> A Lavande BM gyorsan t\u00f6lt\u0151dik, minimaliz\u00e1lva az \u00e1ll\u00e1sid\u0151t \u00e9s maximaliz\u00e1lva az \u00d6n g\u0151z\u00f6l\u00e9si \u00e9lvezet\u00e9t. Ide\u00e1lis azoknak a g\u0151z\u00f6l\u0151knek, akiknek \u00fatk\u00f6zben sz\u00fcks\u00e9g\u00fck van arra, hogy k\u00e9sz\u00fcl\u00e9k\u00fck a lehet\u0151 leghamarabb haszn\u00e1latra k\u00e9sz legyen.<\/li>\n<li><strong>Letisztult \u00e9s Modern Diz\u00e1jn<\/strong>: Eleg\u00e1ns, hordozhat\u00f3 \u00e9s diszkr\u00e9t kialak\u00edt\u00e1s\u00e1val a Lavande BM 18000 Puffs ugyanolyan j\u00f3l n\u00e9z ki, mint amilyen j\u00f3l m\u0171k\u00f6dik.  T\u00f6k\u00e9letes eszk\u00f6z, hogy a zseb\u00e9ben vagy t\u00e1sk\u00e1j\u00e1ban hordja an\u00e9lk\u00fcl, hogy felh\u00edvn\u00e1 a figyelmet, \u00e9s kifinomult g\u0151z\u00f6l\u00e9si \u00e9lm\u00e9nyt ny\u00fajt b\u00e1rmikor, b\u00e1rhol.<\/li>\n<\/ol>\n<h3>A Lavande BM 18000 Puffs \u00edzprofilja<\/h3>\n<p>A Lavande BM 18000 Puffs sz\u00e9les v\u00e1laszt\u00e9kban k\u00edn\u00e1lja a finom \u00edzeket, amelyek k\u00fcl\u00f6nb\u00f6z\u0151 \u00edzl\u00e9svil\u00e1goknak megfelelnek. Az al\u00e1bbi \u00edzek csak n\u00e9h\u00e1ny p\u00e9lda arra, amit \u00e9lvezhet:<\/p>\n<ol>\n<li><strong>\u00c1fonya<\/strong><br \/>\n\u00c9lvezze az \u00e9rett \u00e1fonya friss\u00edt\u0151, fanyar \u00e9dess\u00e9g\u00e9t minden sz\u00edv\u00e1sban. Ez az \u00edz sima \u00e9s \u00e9des bogy\u00f3s \u00edzt k\u00edn\u00e1l enyhe savany\u00fas\u00e1ggal, ami miatt \u00fajra \u00e9s \u00fajra visszat\u00e9r. T\u00f6k\u00e9letes a gy\u00fcm\u00f6lcs\u00f6s, friss\u00edt\u0151 vape-ok rajong\u00f3inak.<\/li>\n<li><strong>M\u00e1lna<\/strong><br \/>\nEgy fanyar \u00e9s \u00e9l\u00e9nk m\u00e1lna \u00edz, ez a lehet\u0151s\u00e9g megadja az \u00e9dess\u00e9g \u00e9s a savany\u00fas\u00e1g t\u00f6k\u00e9letes egyens\u00faly\u00e1t. Ide\u00e1lis azok sz\u00e1m\u00e1ra, akik \u00e9rt\u00e9kelik a mer\u00e9sz gy\u00fcm\u00f6lcs\u00edzeket, amelyek egyszerre friss\u00edt\u0151ek \u00e9s kiel\u00e9g\u00edt\u0151ek.<\/li>\n<li><strong>Levendula Boldogs\u00e1g<\/strong><br \/>\nVir\u00e1gos \u00e9s nyugtat\u00f3 \u00edz enyhe \u00e9dess\u00e9ggel, <strong>Levendula Boldogs\u00e1g<\/strong> Egyed\u00fcl\u00e1ll\u00f3an nyugtat\u00f3 \u00e9lm\u00e9nyt ny\u00fajt. Gy\u00f3gyn\u00f6v\u00e9nyes, arom\u00e1s tulajdons\u00e1gai miatt nagyszer\u0171 v\u00e1laszt\u00e1s azok sz\u00e1m\u00e1ra, akik \u00e9lvezik a finom, illatos \u00edzeket.<\/li>\n<li><strong>Tr\u00f3pusi Szell\u0151<\/strong><br \/>\nEz az egzotikus kever\u00e9k tr\u00f3pusi gy\u00fcm\u00f6lcs\u00f6k kever\u00e9k\u00e9t tartalmazza, bele\u00e9rtve a mang\u00f3t, az anan\u00e1szt \u00e9s a papay\u00e1t. Ez egy \u00e9des, l\u00e9d\u00fas kombin\u00e1ci\u00f3, amely minden f\u00faj\u00e1sn\u00e1l egy meleg, naps\u00fct\u00f6tte paradicsomba rep\u00edti az \u00edzlel\u0151bimb\u00f3kat.<\/li>\n<li><strong>Friss Mint\u00e1s<\/strong><br \/>\nH\u0171v\u00f6s \u00e9s ropog\u00f3s, <strong>Friss Mint\u00e1s<\/strong> Friss\u00edt\u0151 mentolos \u00e9lm\u00e9nyt ny\u00fajt. T\u00f6k\u00e9letes v\u00e1laszt\u00e1s a mentol szerelmeseinek, \u00e9les, tiszta \u00edzzel \u00e9s h\u0171s\u00edt\u0151 befejez\u00e9ssel, amely frissnek \u00e9rzi a sz\u00e1j\u00e1t.<\/li>\n<li><strong>J\u00e9g Lemon\u00e1d\u00e9<\/strong><br \/>\nA citromos limon\u00e1d\u00e9 fanyar \u00edze, kombin\u00e1lva a h\u0171s mentol befejez\u00e9ssel, egy friss\u00edt\u0151, ropog\u00f3s vape-ot hoz l\u00e9tre, ami t\u00f6k\u00e9letes egy forr\u00f3 ny\u00e1ri napra. Ez egy \u00e9l\u00e9nk\u00edt\u0151 kever\u00e9k, amely egyens\u00falyozza a citrusos jegyeket a j\u00e9ghideg h\u0171v\u00f6ss\u00e9ggel.<\/li>\n<li><strong>Sz\u0151l\u0151 Fusion<\/strong><br \/>\nL\u00e9d\u00fas \u00e9s \u00e9des sz\u0151l\u0151 \u00edz, amely egyszerre mer\u00e9sz \u00e9s kiel\u00e9g\u00edt\u0151. A <strong>Sz\u0151l\u0151 Fusion<\/strong> Teljes test\u0171, term\u00e9szetes sz\u0151l\u0151 \u00edzt ny\u00fajt, ami t\u00f6k\u00e9letes azok sz\u00e1m\u00e1ra, akik szeretik a gy\u00fcm\u00f6lcs\u00f6s vape-ok gazdags\u00e1g\u00e1t.<\/li>\n<\/ol>\n<h3>Hogyan v\u00e1s\u00e1rolja meg a Lavande BM 18000 Puffs-ot<\/h3>\n<p>Amikor k\u00e9szen \u00e1llsz a g\u0151z\u00f6l\u00e9si tapasztalatod friss\u00edt\u00e9s\u00e9re, k\u00e9nyelmesen megv\u00e1s\u00e1rolhatod a <a href=\"https:\/\/fumotxpress.de\/hu\/\"><strong>Lavande BM 18000 Puffs<\/strong> <\/a>\u00e9s egy\u00e9b pr\u00e9mium eldobhat\u00f3 vape tollak k\u00f6zvetlen\u00fcl innen <strong>FumotXpress.de<\/strong>Platformunk k\u00edn\u00e1lja:<\/p>\n<ul>\n<li><strong>Nincs Minim\u00e1lis Rendel\u00e9si Mennyis\u00e9g<\/strong>: Egy darabt\u00f3l is leadhatja a rendel\u00e9st, \u00edgy mind a kiskeresked\u0151k, mind az egy\u00e9ni v\u00e1s\u00e1rl\u00f3k k\u00f6nnyen felt\u00f6lthetik kedvenc term\u00e9keiket.<\/li>\n<li><strong>Gyors Sz\u00e1ll\u00edt\u00e1s<\/strong>: K\u00f6zvetlen\u00fcl sz\u00e1ll\u00edtunk <a href=\"https:\/\/fumotxpress.de\/hu\/\"><strong>Eur\u00f3pai rakt\u00e1r<\/strong><\/a>biztos\u00edtva, hogy rendel\u00e9se 3-7 napon bel\u00fcl meg\u00e9rkezzen.<\/li>\n<li><strong>Versenyk\u00e9pes \u00c1rak<\/strong>: N\u00e9metorsz\u00e1g legnagyobb online kiskereskedelmi \u00e9rt\u00e9kes\u00edt\u00e9si platformjak\u00e9nt az eldobhat\u00f3 vaperek sz\u00e1m\u00e1ra, a legjobb \u00e1rakat k\u00edn\u00e1ljuk a piacon a kiv\u00e1l\u00f3 min\u0151s\u00e9g\u0171 term\u00e9kekre.<\/li>\n<\/ul>\n<p>\u00c9lje \u00e1t a vel\u00fcnk val\u00f3 v\u00e1s\u00e1rl\u00e1s k\u00e9nyelm\u00e9t, \u00e9s tapasztalja meg a pr\u00e9mium eldobhat\u00f3 vape-eket, amelyeket k\u00f6zvetlen\u00fcl az \u00d6n ajtaj\u00e1ig sz\u00e1ll\u00edtunk. Ne hagyja ki az <strong>Lavande BM 18000 Puffs<\/strong>\u2014 v\u00e1s\u00e1roljon most, \u00e9s emelje a k\u00f6vetkez\u0151 szintre a vape-\u00e9lm\u00e9ny\u00e9t.<\/p>","protected":false},"excerpt":{"rendered":"<p>V\u00e1s\u00e1rolja meg a <strong>Lavande BM 18000 Puffs \u00fajrat\u00f6lthet\u0151 eldobhat\u00f3 vape toll<\/strong> K\u00e9k\u00e1fonya \u00e9s M\u00e1lna \u00edzes\u00edt\u00e9ssel. \u00c9lvezze a hossz\u00fa t\u00e1v\u00fa, \u00edzletes g\u0151z\u00f6l\u00e9st gyors sz\u00e1ll\u00edt\u00e1ssal eur\u00f3pai rakt\u00e1runkb\u00f3l.<\/p>","protected":false},"featured_media":2190,"comment_status":"open","ping_status":"closed","template":"","meta":{"om_disable_all_campaigns":false},"product_brand":[],"product_cat":[54,91,92,94,97,99,101,103,104,107,108,109,111,112,78,79,80,81,82,83,84,85,86,87,88,89,90,70,115,56,61,63,65,67],"product_tag":[],"class_list":{"0":"post-1723","1":"product","2":"type-product","3":"status-publish","4":"has-post-thumbnail","6":"product_cat-lavande-disposable-vapes","7":"product_cat-buy-best-disposable-vape-flavors","8":"product_cat-apple-flavor-disposable-vapes","9":"product_cat-blueberry-flavor-disposable-vapes","10":"product_cat-grape-flavor-disposable-vapes","11":"product_cat-ice-flavor-disposable-vapes","12":"product_cat-lemon-flavor-disposable-vapes","13":"product_cat-mango-flavor-disposable-vapes","14":"product_cat-mint-flavor-disposable-vapes","15":"product_cat-peach-flavor-disposable-vapes","16":"product_cat-pineapple-flavor-disposable-vapes","17":"product_cat-raspberry-flavor-disposable-vapes","18":"product_cat-strawberry-flavor-disposable-vapes","19":"product_cat-watermelon-flavor-disposable-vapes","20":"product_cat-best-disposable-vape-in-europe","21":"product_cat-buy-disposable-vapes-in-austria","22":"product_cat-buy-disposable-vapes-in-belgium","23":"product_cat-buy-disposable-vapes-in-france","24":"product_cat-buy-disposable-vapes-in-germany","25":"product_cat-buy-disposable-vapes-in-italy","26":"product_cat-buy-disposable-vapes-in-netherlands","27":"product_cat-buy-disposable-vapes-in-norway","28":"product_cat-buy-disposable-vapes-in-poland","29":"product_cat-buy-disposable-vapes-in-portugal","30":"product_cat-buy-disposable-vapes-in-spain","31":"product_cat-buy-disposable-vapes-in-sweden","32":"product_cat-buy-disposable-vapes-in-switzerland","33":"product_cat-shop-disposable-vapes-by-puffs","34":"product_cat-18000-puff-disposable-vape","35":"product_cat-disposable-vape-types","36":"product_cat-big-puffs-disposable-vapes","37":"product_cat-digital-box-disposable-vapes","38":"product_cat-lower-nicotine-disposable-vapes","39":"product_cat-rechargeable-disposable-vapes","41":"first","42":"outofstock","43":"shipping-taxable","44":"product-type-variable"},"_links":{"self":[{"href":"https:\/\/fumotxpress.de\/hu\/wp-json\/wp\/v2\/product\/1723","targetHints":{"allow":["GET"]}}],"collection":[{"href":"https:\/\/fumotxpress.de\/hu\/wp-json\/wp\/v2\/product"}],"about":[{"href":"https:\/\/fumotxpress.de\/hu\/wp-json\/wp\/v2\/types\/product"}],"replies":[{"embeddable":true,"href":"https:\/\/fumotxpress.de\/hu\/wp-json\/wp\/v2\/comments?post=1723"}],"wp:featuredmedia":[{"embeddable":true,"href":"https:\/\/fumotxpress.de\/hu\/wp-json\/wp\/v2\/media\/2190"}],"wp:attachment":[{"href":"https:\/\/fumotxpress.de\/hu\/wp-json\/wp\/v2\/media?parent=1723"}],"wp:term":[{"taxonomy":"product_brand","embeddable":true,"href":"https:\/\/fumotxpress.de\/hu\/wp-json\/wp\/v2\/product_brand?post=1723"},{"taxonomy":"product_cat","embeddable":true,"href":"https:\/\/fumotxpress.de\/hu\/wp-json\/wp\/v2\/product_cat?post=1723"},{"taxonomy":"product_tag","embeddable":true,"href":"https:\/\/fumotxpress.de\/hu\/wp-json\/wp\/v2\/product_tag?post=1723"}],"curies":[{"name":"wp","href":"https:\/\/api.w.org\/{rel}","templated":true}]}}