{"id":1115,"date":"2024-11-08T07:40:46","date_gmt":"2024-11-08T07:40:46","guid":{"rendered":"https:\/\/fumotxpress.de\/?post_type=product&#038;p=1115"},"modified":"2025-07-02T05:36:44","modified_gmt":"2025-07-02T05:36:44","slug":"europai-raktar-fumot-randm-tornado-20000-puff-alacsony-nikotin-vasarlas-eredeti-autentikus-ujratoltheto-eldobhato-vapes-toll","status":"publish","type":"product","link":"https:\/\/fumotxpress.de\/hu\/termek\/europai-raktar-fumot-randm-tornado-20000-puff-alacsony-nikotin-vasarlas-eredeti-autentikus-ujratoltheto-eldobhato-vapes-toll\/","title":{"rendered":"Eur\u00f3pai Rakt\u00e1r Fumot RandM Tornado 20000 Puff Alacsony Nikotin V\u00e1s\u00e1roljon Eredeti Hiteles \u00dajrat\u00f6lthet\u0151 Eldobhat\u00f3 Vape Tollat"},"content":{"rendered":"<div class=\"flex max-w-full flex-col flex-grow\">\n<div class=\"min-h-8 text-message flex w-full flex-col items-end gap-2 whitespace-normal break-words [.text-message+&amp;]:mt-5\" dir=\"auto\" data-message-author-role=\"assistant\" data-message-id=\"bdbe81a5-94df-4445-ad18-6f3ba4318e1d\" data-message-model-slug=\"gpt-4o\">\n<div class=\"flex w-full flex-col gap-1 empty:hidden first:pt-[3px]\">\n<div class=\"markdown prose w-full break-words dark:prose-invert light\">\n<h2><strong>Fumot RandM Tornado 20000 Puffs Eldobhat\u00f3 Vape \u2013 A Vaping \u00dajradefini\u00e1l\u00e1sa P\u00e1ratlan Min\u0151s\u00e9ggel<\/strong><\/h2>\n<p>Ha N\u00e9metorsz\u00e1gban vagy b\u00e1rhol az EU-ban tart\u00f3zkodik, a <a href=\"https:\/\/fumotxpress.de\/hu\/termek\/europai-raktar-fumot-randm-tornado-20000-puff-alacsony-nikotin-vasarlas-eredeti-autentikus-ujratoltheto-eldobhato-vapes-toll\/\">Fumot RandM Tornado 20000 Puffs Eldobhat\u00f3 Vape Toll<\/a> K\u00edn\u00e1l egy p\u00e1ratlan vaporiz\u00e1ci\u00f3s \u00e9lm\u00e9nyt a kiv\u00e9teles funkci\u00f3ival, \u00e9l\u00e9nk \u00edzeivel \u00e9s \u00e9lvonalbeli diz\u00e1jnj\u00e1val. T\u00f6bb mint 20 000 sz\u00edv\u00e1ssal, nagy kapacit\u00e1s\u00fa e-folyad\u00e9k tart\u00e1llyal \u00e9s \u00fajrat\u00f6lthet\u0151 akkumul\u00e1torral ez a vape toll kedvenc mind a kezd\u0151, mind a tapasztalt vaperek k\u00f6r\u00e9ben. <a href=\"https:\/\/fumotxpress.de\/hu\/\">FumotXpress.de<\/a> Ez az autentikus, kiv\u00e1l\u00f3 min\u0151s\u00e9g\u0171 k\u00e9sz\u00fcl\u00e9k gyors, megb\u00edzhat\u00f3 sz\u00e1ll\u00edt\u00e1ssal \u00e9rhet\u0151 el eur\u00f3pai rakt\u00e1runkb\u00f3l, biztos\u00edtva, hogy minden f\u00faj\u00e1st hamarabb \u00e9lvezhessen.<\/p>\n<p>Tov\u00e1bbi inform\u00e1ci\u00f3\u00e9rt olvasson tov\u00e1bb, hogy mi\u00e9rt t\u0171nik ki a Tornado 20000 \u00e9s mi\u00e9rt lehet ez a k\u00f6vetkez\u0151 vape v\u00e1laszt\u00e1sa.<\/p>\n<hr \/>\n<h3>Term\u00e9k\u00e1ttekint\u00e9s: Fumot RandM Tornado 20000 Puffs Eldobhat\u00f3 Vape<\/h3>\n<p>A Fumot RandM Tornado 20000 eldobhat\u00f3 vape t\u00f6bb, mint egy egyszer\u0171 eldobhat\u00f3 e-cigaretta; egy olyan eszk\u00f6z, amelyet arra terveztek, hogy \u00fajra\u00e9rtelmezze a k\u00e9nyelmet, az \u00edzt \u00e9s az \u00e9lettartamot. Az er\u0151s \u00fajrat\u00f6lthet\u0151 akkumul\u00e1tort\u00f3l az \u00f3ri\u00e1si e-folyad\u00e9k kapacit\u00e1sig, ez a vape ide\u00e1lis b\u00e1rki sz\u00e1m\u00e1ra, aki szeretn\u00e9 \u00e9lvezni az eldobhat\u00f3 vape szabads\u00e1g\u00e1t a gyakori cser\u00e9k n\u00e9lk\u00fcl. \u00dcgyfeleink a FumotXpress.de-n szeretik a egyszer\u0171s\u00e9g\u00e9t, st\u00edlus\u00e1t \u00e9s jelent\u0151s f\u00faj\u00e1ssz\u00e1m\u00e1t, ami miatt k\u00f6telez\u0151 darab minden vaperek napi rutinj\u00e1ban.<\/p>\n<p><img loading=\"lazy\" decoding=\"async\" class=\"alignnone size-full wp-image-1117\" src=\"https:\/\/fumotxpress.de\/wp-content\/uploads\/2024\/11\/Fumot-RandM-Tornado-20000-3-2048x1313.jpg.webp\" alt=\"Fumot-RandM-Tornado-20000-\" width=\"2048\" height=\"1313\" srcset=\"https:\/\/fumotxpress.de\/wp-content\/uploads\/2024\/11\/Fumot-RandM-Tornado-20000-3-2048x1313.jpg.webp 2048w, https:\/\/fumotxpress.de\/wp-content\/uploads\/2024\/11\/Fumot-RandM-Tornado-20000-3-2048x1313.jpg-600x385.webp 600w, https:\/\/fumotxpress.de\/wp-content\/uploads\/2024\/11\/Fumot-RandM-Tornado-20000-3-2048x1313.jpg-300x192.webp 300w, https:\/\/fumotxpress.de\/wp-content\/uploads\/2024\/11\/Fumot-RandM-Tornado-20000-3-2048x1313.jpg-1024x657.webp 1024w, https:\/\/fumotxpress.de\/wp-content\/uploads\/2024\/11\/Fumot-RandM-Tornado-20000-3-2048x1313.jpg-768x492.webp 768w, https:\/\/fumotxpress.de\/wp-content\/uploads\/2024\/11\/Fumot-RandM-Tornado-20000-3-2048x1313.jpg-1536x985.webp 1536w\" sizes=\"auto, (max-width: 2048px) 100vw, 2048px\" \/><\/p>\n<hr \/>\n<h3>A Fumot RandM Tornado 20000 Puffs Vape f\u0151bb jellemz\u0151i<\/h3>\n<p>\u00cdme, azok a kiemelked\u0151 tulajdons\u00e1gok, amelyek miatt a Tornado 20000 kiv\u00e9teles v\u00e1laszt\u00e1s lehet b\u00e1rmelyik vaporiz\u00e1l\u00f3 sz\u00e1m\u00e1ra:<\/p>\n<h4>1. <strong>20 000 Puffsz\u00e1m<\/strong><\/h4>\n<ul>\n<li>Legfeljebb 20 000 sz\u00edv\u00e1ssal a Tornado 20000 az egyik leghosszabb ideig tart\u00f3 eldobhat\u00f3 vape-\u00e9lm\u00e9nyt ny\u00fajtja a piacon. Hosszabb haszn\u00e1latra tervezt\u00e9k, gazdas\u00e1gos \u00e9s k\u00e9nyelmes lehet\u0151s\u00e9get biztos\u00edtva az eg\u00e9sz napos g\u0151z\u00f6l\u00e9shez.<\/li>\n<\/ul>\n<h4>2. <strong>20ml e-folyad\u00e9k kapacit\u00e1s<\/strong><\/h4>\n<ul>\n<li>Viszl\u00e1t a gyakori ut\u00e1nt\u00f6lt\u00e9seknek. A Tornado 20000 20 ml-es e-folyad\u00e9k tart\u00e1llyal rendelkezik, lehet\u0151v\u00e9 t\u00e9ve az egyes \u00edzek hossz\u00fa t\u00e1v\u00fa \u00e9lvezet\u00e9t.<\/li>\n<\/ul>\n<h4>3. <strong>Dupla h\u00e1l\u00f3 tekercsek a fokozott \u00edz\u00e9lm\u00e9ny\u00e9rt<\/strong><\/h4>\n<ul>\n<li>Kett\u0151s h\u00e1l\u00f3sz\u00f6vetes tekercstechnol\u00f3gi\u00e1val ez az e-cigaretta toll egyenletes h\u0151eloszl\u00e1st k\u00edn\u00e1l a k\u00f6vetkezetes, gazdag \u00edzekhez minden egyes sz\u00edv\u00e1sn\u00e1l. A h\u00e1l\u00f3sz\u00f6vetes tekercsek sim\u00e1bb, intenz\u00edvebb \u00edzprofilt produk\u00e1lnak, biztos\u00edtva, hogy minden egyes bel\u00e9gz\u00e9s kiel\u00e9g\u00edt\u0151 legyen.<\/li>\n<\/ul>\n<h4>4. <strong>850mAh \u00dajrat\u00f6lthet\u0151 Akkumul\u00e1tor<\/strong><\/h4>\n<ul>\n<li>850mAh \u00fajrat\u00f6lthet\u0151 akkumul\u00e1torral felszerelve, a Tornado 20000 megb\u00edzhat\u00f3 energi\u00e1t biztos\u00edt a hosszabb vape \u00fcl\u00e9sekhez. A hagyom\u00e1nyos eldobhat\u00f3 k\u00e9sz\u00fcl\u00e9kekkel ellent\u00e9tben ez a vape toll lehet\u0151v\u00e9 teszi, hogy \u00fajrat\u00f6lts\u00f6n \u00e9s \u00e9lvezze az e-folyad\u00e9k minden cseppj\u00e9t.<\/li>\n<\/ul>\n<h4>5. <strong>Type-C gyors t\u00f6lt\u00e9s<\/strong><\/h4>\n<ul>\n<li>Gyorsan t\u00f6ltse fel a Type-C t\u00f6lt\u0151porttal, amelyet a modern k\u00e9nyelem \u00e9s hat\u00e9konys\u00e1g \u00e9rdek\u00e9ben terveztek. Ez a funkci\u00f3 minimaliz\u00e1lja az \u00e1ll\u00e1sid\u0151t, \u00e9s vape-ja mindig k\u00e9szen \u00e1ll, amikor \u00d6n is.<\/li>\n<\/ul>\n<h4>6. <strong>\u00c1ll\u00edthat\u00f3 Nikotintartalom<\/strong><\/h4>\n<ul>\n<li>A Tornado 20000 szem\u00e9lyre szabhat\u00f3 nikotin lehet\u0151s\u00e9geket k\u00edn\u00e1l: 0%, 2%, 3% \u00e9s 5%. Ez a rugalmass\u00e1g lehet\u0151v\u00e9 teszi, hogy kiv\u00e1lassza az \u00d6n sz\u00e1m\u00e1ra megfelel\u0151 szintet, az enyhe \u00fct\u00e9st\u0151l az er\u0151sebb, hat\u00e1rozottabb hat\u00e1sig.<\/li>\n<\/ul>\n<h4>7. <strong>Intelligens Kijelz\u0151 Val\u00f3s Idej\u0171 Mutat\u00f3kkal<\/strong><\/h4>\n<ul>\n<li>K\u00f6nnyed\u00e9n k\u00f6vetheti nyomon k\u00e9sz\u00fcl\u00e9ke \u00e1llapot\u00e1t. A Tornado 20000 LED kijelz\u0151je val\u00f3s id\u0151ben mutatja az e-folyad\u00e9k \u00e9s az akkumul\u00e1tor szintj\u00e9t, \u00edgy mindig felk\u00e9sz\u00fclt lehet a megszak\u00edt\u00e1s n\u00e9lk\u00fcli haszn\u00e1lat\u00e1ra.<\/li>\n<\/ul>\n<h4>8. <strong>30 Egyedi \u00cdzben Kaphat\u00f3<\/strong><\/h4>\n<ul>\n<li>Sz\u00e9les \u00edzv\u00e1laszt\u00e9k\u00e1val a Tornado 20000 minden \u00edzl\u00e9snek megfelel. A gy\u00fcm\u00f6lcs\u00f6s \u00e9s friss\u00edt\u0151 mellett a gazdag \u00e9s kr\u00e9mesig minden \u00edz optim\u00e1lis \u00e9lvezetre van kialak\u00edtva.<\/li>\n<li><img loading=\"lazy\" decoding=\"async\" class=\"alignnone wp-image-1208 size-full\" src=\"https:\/\/fumotxpress.de\/wp-content\/uploads\/2024\/11\/Fumot-RandM-Tornado-20000-2-scaled-1.jpg\" alt=\"Fumot RandM Tornado 20000 Puffs\" width=\"2560\" height=\"1641\" srcset=\"https:\/\/fumotxpress.de\/wp-content\/uploads\/2024\/11\/Fumot-RandM-Tornado-20000-2-scaled-1.jpg 2560w, https:\/\/fumotxpress.de\/wp-content\/uploads\/2024\/11\/Fumot-RandM-Tornado-20000-2-scaled-1-600x385.jpg 600w, https:\/\/fumotxpress.de\/wp-content\/uploads\/2024\/11\/Fumot-RandM-Tornado-20000-2-scaled-1-300x192.jpg 300w, https:\/\/fumotxpress.de\/wp-content\/uploads\/2024\/11\/Fumot-RandM-Tornado-20000-2-scaled-1-1024x656.jpg 1024w, https:\/\/fumotxpress.de\/wp-content\/uploads\/2024\/11\/Fumot-RandM-Tornado-20000-2-scaled-1-768x492.jpg 768w, https:\/\/fumotxpress.de\/wp-content\/uploads\/2024\/11\/Fumot-RandM-Tornado-20000-2-scaled-1-1536x985.jpg 1536w, https:\/\/fumotxpress.de\/wp-content\/uploads\/2024\/11\/Fumot-RandM-Tornado-20000-2-scaled-1-2048x1313.jpg 2048w\" sizes=\"auto, (max-width: 2560px) 100vw, 2560px\" \/><\/li>\n<\/ul>\n<hr \/>\n<h3>\u00cdzprofilok: Fedezze fel az \u00cdzvil\u00e1got<\/h3>\n<p>A Fumot RandM Tornado 20000 b\u00fcszke arra, hogy sz\u00e9les sk\u00e1l\u00e1j\u00fa, gondosan elk\u00e9sz\u00edtett \u00edzeket k\u00edn\u00e1l, amelyek a k\u00fcl\u00f6nb\u00f6z\u0151 \u00edzl\u00e9snek megfelelnek. Az al\u00e1bbiakban n\u00e9h\u00e1ny \u00fcgyf\u00e9l kedvenc tal\u00e1lhat\u00f3:<\/p>\n<ol>\n<li><strong>Lush J\u00e9g<\/strong>\n<ul>\n<li>\u00c9des \u00e9s h\u0171s\u00edt\u0151 kever\u00e9ke a l\u00e9d\u00fas g\u00f6r\u00f6gdinny\u00e9nek \u00e9s a j\u00e9ghideg mentolnak. T\u00f6k\u00e9letes egy friss\u00edt\u0151 vape \u00e9lm\u00e9nyhez.<\/li>\n<\/ul>\n<\/li>\n<li><strong>\u00c1fonya M\u00e1lna<\/strong>\n<ul>\n<li>\u00c9rett \u00e1fonya \u00e9s m\u00e1lna harmonikus \u00f6tv\u00f6zete, gy\u00fcm\u00f6lcs\u00f6s, fanyar \u00edzzel \u00e9s \u00e9dess\u00e9g\u00e9nek finom ut\u00f3\u00edz\u00e9vel.<\/li>\n<\/ul>\n<\/li>\n<li><strong>Tr\u00f3pusi Gy\u00fcm\u00f6lcsl\u00e9<\/strong>\n<ul>\n<li>Tr\u00f3pusi gy\u00fcm\u00f6lcs\u00f6k vibr\u00e1l\u00f3 robban\u00e1sa, bele\u00e9rtve az anan\u00e1szt, a mang\u00f3t \u00e9s a guav\u00e1t, egy friss\u00edt\u0151 menek\u00fcl\u00e9shez a paradicsomba.<\/li>\n<\/ul>\n<\/li>\n<li><strong>Mentol Menta<\/strong>\n<ul>\n<li>Tiszta \u00e9s ropog\u00f3s mentolos \u00edz j\u00e9ghideg al\u00e1fest\u00e9ssel, ide\u00e1lis azok sz\u00e1m\u00e1ra, akik szeretik a tiszta, friss\u00edt\u0151 vape-ot.<\/li>\n<\/ul>\n<\/li>\n<li><strong>Eperkr\u00e9mes sajttorta<\/strong>\n<ul>\n<li>Egy desszert szerelmes \u00e1lma, \u00f6tv\u00f6zve a kr\u00e9mes sajttort\u00e1t a friss eper \u00e9dess\u00e9g\u00e9vel, gazdag, kiel\u00e9g\u00edt\u0151 \u00edz\u00e9lm\u00e9ny\u00e9rt.<\/li>\n<\/ul>\n<\/li>\n<li><strong>Van\u00edlia kr\u00e9m<\/strong>\n<ul>\n<li>Sima \u00e9s kr\u00e9mes van\u00edlia, puding-szer\u0171 befejez\u00e9ssel. Ez a klasszikus \u00edz meleg, k\u00e9nyeztet\u0151 vape-\u00e9lm\u00e9nyt ny\u00fajt.<\/li>\n<\/ul>\n<\/li>\n<li><strong>\u0150szibar\u00e1t J\u00e9g<\/strong>\n<ul>\n<li>L\u00e9d\u00fas \u0151szibar\u00e1tka tal\u00e1lkozik egy jeges l\u00e9legzettel egy olyan kever\u00e9khez, amely egyszerre friss\u00edt\u0151 \u00e9s \u00e9des.<\/li>\n<\/ul>\n<\/li>\n<\/ol>\n<p>30 f\u00e9le \u00edz k\u00f6z\u00fcl v\u00e1laszthat, \u00edgy soha nem fog unatkozni. Minden \u00edzt \u00fagy alak\u00edtottak ki, hogy minden sz\u00edv\u00e1sn\u00e1l k\u00f6vetkezetes, testes \u00edzt biztos\u00edtson, lehet\u0151v\u00e9 t\u00e9ve \u00faj \u00edzek felfedez\u00e9s\u00e9t gond n\u00e9lk\u00fcl.<\/p>\n<hr \/>\n<h3>Mi\u00e9rt v\u00e1s\u00e1rolja meg a Fumot Tornado 20000-at a FumotXpress.de-t\u0151l?<\/h3>\n<p>Amikor egy magas min\u0151s\u00e9g\u0171, eredeti vape-ot keres N\u00e9metorsz\u00e1gban, a FumotXpress.de a v\u00e9gs\u0151 c\u00e9lpont. Itt van, mi\u00e9rt vagyunk a vezet\u0151 platform az eldobhat\u00f3 vape-ok sz\u00e1m\u00e1ra:<\/p>\n<ul>\n<li><strong>A legnagyobb v\u00e1laszt\u00e9k pr\u00e9mium eldobhat\u00f3 vape term\u00e9kekb\u0151l<\/strong>: A n\u00e9metorsz\u00e1gi eldobhat\u00f3 vape term\u00e9kek vezet\u0151 online keresked\u0151jek\u00e9nt a FumotXpress.de sz\u00e1mos m\u00e1rk\u00e1t \u00e9s modellt k\u00edn\u00e1l, bele\u00e9rtve az Al Fakher-t, a Fizzy-t, az OBEELAB HHC-t \u00e9s az SMPO DL02-t.<\/li>\n<li><strong>Nincs Minim\u00e1lis Rendel\u00e9si Mennyis\u00e9g<\/strong>: V\u00e1s\u00e1roljon annyit vagy annyit, amennyire sz\u00fcks\u00e9ge van. Megk\u00f6nny\u00edtj\u00fck a v\u00e1s\u00e1rl\u00e1st az \u00d6n preferenci\u00e1i szerint.<\/li>\n<li><strong>Gyors, Megb\u00edzhat\u00f3 EU Sz\u00e1ll\u00edt\u00e1s<\/strong>: Eur\u00f3pai rakt\u00e1rainkkal gyors sz\u00e1ll\u00edt\u00e1si id\u0151ket garant\u00e1lunk, \u00e1ltal\u00e1ban 3-7 nap k\u00f6z\u00f6tt, \u00edgy hamarabb kezdhet el vapeolni.<\/li>\n<li><strong>Eredeti Term\u00e9kek Csak<\/strong>Minden term\u00e9k\u00fcnk 100% eredeti, \u00e9s csak a legjobb k\u00e9sz\u00fcl\u00e9keket szerezz\u00fck be, hogy biztos\u00edtsuk az \u00d6n el\u00e9gedetts\u00e9g\u00e9t.<\/li>\n<\/ul>\n<hr \/>\n<h3>A Fumot Tornado 20000 tov\u00e1bbi el\u0151nyei<\/h3>\n<p>A Tornado 20000 nem csak egy nagyszer\u0171 vape eszk\u00f6z - minden szempontb\u00f3l optim\u00e1lis felhaszn\u00e1l\u00f3i \u00e9lm\u00e9nyre tervezt\u00e9k. Itt van n\u00e9h\u00e1ny tov\u00e1bbi el\u0151ny:<\/p>\n<ul>\n<li><strong>Nincs Rendetlens\u00e9g, Nincs Foglalkoz\u00e1s<\/strong>: Eldobhat\u00f3 vape-k\u00e9nt nem kell agg\u00f3dnia az e-folyad\u00e9k ut\u00e1nt\u00f6lt\u00e9se vagy a tekercs cser\u00e9je miatt. Csak \u00e9lvezze, t\u00f6ltse \u00fajra, \u00e9s ha k\u00e9sz, felel\u0151sen dobja el.<\/li>\n<li><strong>K\u00f6rnyezeti Felel\u0151ss\u00e9g<\/strong>: Hosszabb\u00edtott f\u00faj\u00e1ssz\u00e1m\u00e1val \u00e9s \u00fajrat\u00f6lthet\u0151 akkumul\u00e1tor\u00e1val a Tornado 20000 cs\u00f6kkenti a hullad\u00e9kot a hagyom\u00e1nyos eldobhat\u00f3 vapeszk\u00f6z\u00f6kh\u00f6z k\u00e9pest.<\/li>\n<li><strong>Letisztult, Ergonomikus Kialak\u00edt\u00e1s<\/strong>Ez az eszk\u00f6z nem csak kellemes k\u00e9zben tartani, hanem st\u00edlusosnak is t\u0171nik, z\u00f6kken\u0151mentesen illeszkedve a mindennapi \u00e9let\u00e9be modern eszt\u00e9tik\u00e1j\u00e1val \u00e9s kompakt m\u00e9ret\u00e9vel.<\/li>\n<\/ul>\n<hr \/>\n<h3>K\u00f6vetkeztet\u00e9s<\/h3>\n<p>A Fumot RandM <a href=\"https:\/\/fumotxpress.de\/hu\/\">Tornado 20000 Puffs<\/a> Az eldobhat\u00f3 Vape pr\u00e9mium g\u0151z\u00f6l\u00e9si \u00e9lm\u00e9nyt k\u00edn\u00e1l, amelyet a kifinomult g\u0151z\u00f6l\u0151k ig\u00e9nyeinek kiel\u00e9g\u00edt\u00e9s\u00e9re terveztek. Ak\u00e1r 20 000 sz\u00edv\u00e1ssal, 20 ml-es e-folyad\u00e9k tart\u00e1llyal, kett\u0151s h\u00e1l\u00f3sz\u00e1lakkal \u00e9s 30 finom \u00edzzel \u00f6tv\u00f6zi a k\u00e9nyelmet, az \u00edzt \u00e9s a teljes\u00edtm\u00e9nyt egy \u00e1ramvonalas, felhaszn\u00e1l\u00f3bar\u00e1t eszk\u00f6zben. A FumotXpress.de-n b\u00fcszk\u00e9k vagyunk arra, hogy a Tornado 20000-et k\u00edn\u00e1ljuk sz\u00e9lesk\u00f6r\u0171, kiv\u00e1l\u00f3 min\u0151s\u00e9g\u0171 eldobhat\u00f3 vape term\u00e9keink r\u00e9szek\u00e9nt.<\/p>\n<p><strong>Rendeljen m\u00e9g ma <a href=\"https:\/\/fumotxpress.de\/hu\/\" target=\"_new\" rel=\"noopener\">FumotXpress.de<\/a><\/strong>\u2014N\u00e9metorsz\u00e1g vezet\u0151 online keresked\u0151je az eldobhat\u00f3 vape term\u00e9keknek\u2014 \u00e9s tapasztalja meg a k\u00fcl\u00f6nbs\u00e9get, hogy a Fumot Tornado 20000 milyen v\u00e1ltoz\u00e1st hozhat a vape \u00e9lm\u00e9ny\u00e9ben. \u00c9lvezze a gyors sz\u00e1ll\u00edt\u00e1st, a kiv\u00e1l\u00f3 min\u0151s\u00e9g\u0171 term\u00e9keket \u00e9s a p\u00e1ratlan \u00edzv\u00e1laszt\u00e9kot az ultimate vape \u00e9lm\u00e9ny\u00e9rt.<\/p>\n<\/div>\n<\/div>\n<\/div>\n<\/div>\n<div class=\"mb-2 flex gap-3 empty:hidden -ml-2\">\n<div class=\"items-center justify-start rounded-xl p-1 flex\">\n<div class=\"flex items-center\"><\/div>\n<\/div>\n<\/div>","protected":false},"excerpt":{"rendered":"<p>V\u00e1s\u00e1rolja meg a <strong>Fumot RandM Tornado 20000 Puffs Eldobhat\u00f3 Vape<\/strong> A FumotXpress.de-r\u0151l, ak\u00e1r 20 000 sz\u00edv\u00e1sra, 30 \u00edzre, \u00fajrat\u00f6lthet\u0151 akkumul\u00e1torra \u00e9s gyors EU-s sz\u00e1ll\u00edt\u00e1ssal eur\u00f3pai rakt\u00e1runkb\u00f3l.\u201d<\/p>","protected":false},"featured_media":2689,"comment_status":"open","ping_status":"closed","template":"","meta":{"om_disable_all_campaigns":false},"product_brand":[],"product_cat":[24,91,92,94,95,96,98,99,102,103,104,107,108,109,111,112,78,79,80,81,82,83,84,85,86,87,88,89,90,70,76,56,61,63,64,60,65,67,69],"product_tag":[],"class_list":{"0":"post-1115","1":"product","2":"type-product","3":"status-publish","4":"has-post-thumbnail","6":"product_cat-fumot-tornado-disposable-vapes","7":"product_cat-buy-best-disposable-vape-flavors","8":"product_cat-apple-flavor-disposable-vapes","9":"product_cat-blueberry-flavor-disposable-vapes","10":"product_cat-cherry-flavor-disposable-vapes","11":"product_cat-cola-flavor-disposable-vapes","12":"product_cat-guava-flavor-disposable-vapes","13":"product_cat-ice-flavor-disposable-vapes","14":"product_cat-lush-flavor-disposable-vapes","15":"product_cat-mango-flavor-disposable-vapes","16":"product_cat-mint-flavor-disposable-vapes","17":"product_cat-peach-flavor-disposable-vapes","18":"product_cat-pineapple-flavor-disposable-vapes","19":"product_cat-raspberry-flavor-disposable-vapes","20":"product_cat-strawberry-flavor-disposable-vapes","21":"product_cat-watermelon-flavor-disposable-vapes","22":"product_cat-best-disposable-vape-in-europe","23":"product_cat-buy-disposable-vapes-in-austria","24":"product_cat-buy-disposable-vapes-in-belgium","25":"product_cat-buy-disposable-vapes-in-france","26":"product_cat-buy-disposable-vapes-in-germany","27":"product_cat-buy-disposable-vapes-in-italy","28":"product_cat-buy-disposable-vapes-in-netherlands","29":"product_cat-buy-disposable-vapes-in-norway","30":"product_cat-buy-disposable-vapes-in-poland","31":"product_cat-buy-disposable-vapes-in-portugal","32":"product_cat-buy-disposable-vapes-in-spain","33":"product_cat-buy-disposable-vapes-in-sweden","34":"product_cat-buy-disposable-vapes-in-switzerland","35":"product_cat-shop-disposable-vapes-by-puffs","36":"product_cat-20000-puff-disposable-vape","37":"product_cat-disposable-vape-types","38":"product_cat-big-puffs-disposable-vapes","39":"product_cat-digital-box-disposable-vapes","40":"product_cat-dual-mesh-disposable-vapes","41":"product_cat-full-screen-disposable-vapes","42":"product_cat-lower-nicotine-disposable-vapes","43":"product_cat-rechargeable-disposable-vapes","44":"product_cat-tornado-disposable-vapes","46":"first","47":"instock","48":"shipping-taxable","49":"purchasable","50":"product-type-variable"},"_links":{"self":[{"href":"https:\/\/fumotxpress.de\/hu\/wp-json\/wp\/v2\/product\/1115","targetHints":{"allow":["GET"]}}],"collection":[{"href":"https:\/\/fumotxpress.de\/hu\/wp-json\/wp\/v2\/product"}],"about":[{"href":"https:\/\/fumotxpress.de\/hu\/wp-json\/wp\/v2\/types\/product"}],"replies":[{"embeddable":true,"href":"https:\/\/fumotxpress.de\/hu\/wp-json\/wp\/v2\/comments?post=1115"}],"wp:featuredmedia":[{"embeddable":true,"href":"https:\/\/fumotxpress.de\/hu\/wp-json\/wp\/v2\/media\/2689"}],"wp:attachment":[{"href":"https:\/\/fumotxpress.de\/hu\/wp-json\/wp\/v2\/media?parent=1115"}],"wp:term":[{"taxonomy":"product_brand","embeddable":true,"href":"https:\/\/fumotxpress.de\/hu\/wp-json\/wp\/v2\/product_brand?post=1115"},{"taxonomy":"product_cat","embeddable":true,"href":"https:\/\/fumotxpress.de\/hu\/wp-json\/wp\/v2\/product_cat?post=1115"},{"taxonomy":"product_tag","embeddable":true,"href":"https:\/\/fumotxpress.de\/hu\/wp-json\/wp\/v2\/product_tag?post=1115"}],"curies":[{"name":"wp","href":"https:\/\/api.w.org\/{rel}","templated":true}]}}