{"id":6,"date":"2024-09-21T14:42:14","date_gmt":"2024-09-21T14:42:14","guid":{"rendered":"http:\/\/fumotxpress.de\/?page_id=6"},"modified":"2024-09-21T14:42:14","modified_gmt":"2024-09-21T14:42:14","slug":"szeker","status":"publish","type":"page","link":"https:\/\/fumotxpress.de\/hu\/szeker\/","title":{"rendered":"Kos\u00e1r"},"content":{"rendered":"<div data-block-name=\"woocommerce\/cart\" class=\"wp-block-woocommerce-cart alignwide is-loading\">\n<div data-block-name=\"woocommerce\/filled-cart-block\" class=\"wp-block-woocommerce-filled-cart-block\">\n<div data-block-name=\"woocommerce\/cart-items-block\" class=\"wp-block-woocommerce-cart-items-block\">\n<div data-block-name=\"woocommerce\/cart-line-items-block\" class=\"wp-block-woocommerce-cart-line-items-block\"><\/div>\n\n\n\n<div data-block-name=\"woocommerce\/cart-cross-sells-block\" class=\"wp-block-woocommerce-cart-cross-sells-block\">\n<h2 class=\"wp-block-heading has-large-font-size\">\u00c9rdekelhet\u2026<\/h2>\n\n\n\n<div data-block-name=\"woocommerce\/cart-cross-sells-products-block\" class=\"wp-block-woocommerce-cart-cross-sells-products-block\"><\/div>\n<\/div>\n<\/div>\n\n\n\n<div data-block-name=\"woocommerce\/cart-totals-block\" class=\"wp-block-woocommerce-cart-totals-block\">\n<div data-block-name=\"woocommerce\/cart-order-summary-block\" class=\"wp-block-woocommerce-cart-order-summary-block\">\n<div data-block-name=\"woocommerce\/cart-order-summary-heading-block\" class=\"wp-block-woocommerce-cart-order-summary-heading-block\"><\/div><div data-block-name=\"woocommerce\/cart-order-summary-coupon-form-block\" class=\"wp-block-woocommerce-cart-order-summary-coupon-form-block\"><\/div><div data-block-name=\"woocommerce\/cart-order-summary-totals-block\" class=\"wp-block-woocommerce-cart-order-summary-totals-block\">\n<div data-block-name=\"woocommerce\/cart-order-summary-subtotal-block\" class=\"wp-block-woocommerce-cart-order-summary-subtotal-block\"><\/div>\n<div data-block-name=\"woocommerce\/cart-order-summary-discount-block\" class=\"wp-block-woocommerce-cart-order-summary-discount-block\"><\/div>\n<div data-block-name=\"woocommerce\/cart-order-summary-fee-block\" class=\"wp-block-woocommerce-cart-order-summary-fee-block\"><\/div>\n<div data-block-name=\"woocommerce\/cart-order-summary-shipping-block\" class=\"wp-block-woocommerce-cart-order-summary-shipping-block\"><\/div>\n<div data-block-name=\"woocommerce\/cart-order-summary-taxes-block\" class=\"wp-block-woocommerce-cart-order-summary-taxes-block\"><\/div><\/div>\n<\/div>\n\n\n\n<div data-block-name=\"woocommerce\/cart-express-payment-block\" class=\"wp-block-woocommerce-cart-express-payment-block\"><\/div>\n\n\n\n<div data-block-name=\"woocommerce\/proceed-to-checkout-block\" class=\"wp-block-woocommerce-proceed-to-checkout-block\"><\/div>\n\n\n\n<div data-block-name=\"woocommerce\/cart-accepted-payment-methods-block\" class=\"wp-block-woocommerce-cart-accepted-payment-methods-block\"><\/div>\n<\/div>\n<\/div>\n\n\n\n<div data-block-name=\"woocommerce\/empty-cart-block\" class=\"wp-block-woocommerce-empty-cart-block\">\n<h2 class=\"wp-block-heading has-text-align-center with-empty-cart-icon wc-block-cart__empty-cart__title\">A kosarad jelenleg \u00fcres!<\/h2>\n\n\n\n<hr class=\"wp-block-separator has-alpha-channel-opacity is-style-dots\"\/>\n\n\n\n<h2 class=\"wp-block-heading has-text-align-center\">\u00daj a boltban<\/h2>\n\n\n<div data-block-name=\"woocommerce\/product-new\" data-columns=\"4\" data-rows=\"1\" class=\"wc-block-grid wp-block-product-new wp-block-woocommerce-product-new wc-block-product-new has-4-columns\"><ul class=\"wc-block-grid__products\"><li class=\"wc-block-grid__product\">\n\t\t\t\t<a href=\"https:\/\/fumotxpress.de\/hu\/termek\/egzotikus-whip-eredeti-tejszinhab-patron-670-gramm\/\" class=\"wc-block-grid__product-link\">\n\t\t\t\t\t\n\t\t\t\t\t<div class=\"wc-block-grid__product-image\"><img loading=\"lazy\" decoding=\"async\" width=\"247\" height=\"247\" src=\"https:\/\/fumotxpress.de\/wp-content\/uploads\/2026\/01\/6xexotic-247x247.webp\" class=\"attachment-woocommerce_thumbnail size-woocommerce_thumbnail\" alt=\"6xexotikus\" srcset=\"https:\/\/fumotxpress.de\/wp-content\/uploads\/2026\/01\/6xexotic-247x247.webp 247w, https:\/\/fumotxpress.de\/wp-content\/uploads\/2026\/01\/6xexotic-300x300.webp 300w, https:\/\/fumotxpress.de\/wp-content\/uploads\/2026\/01\/6xexotic-150x150.webp 150w, https:\/\/fumotxpress.de\/wp-content\/uploads\/2026\/01\/6xexotic-768x768.webp 768w, https:\/\/fumotxpress.de\/wp-content\/uploads\/2026\/01\/6xexotic-12x12.webp 12w, https:\/\/fumotxpress.de\/wp-content\/uploads\/2026\/01\/6xexotic-600x600.webp 600w, https:\/\/fumotxpress.de\/wp-content\/uploads\/2026\/01\/6xexotic-100x100.webp 100w, https:\/\/fumotxpress.de\/wp-content\/uploads\/2026\/01\/6xexotic.webp 1000w\" sizes=\"auto, (max-width: 247px) 100vw, 247px\" \/><\/div>\n\t\t\t\t\t<div class=\"wc-block-grid__product-title\">Exotic Whip Eredeti Kr\u00e9m T\u00f6lt\u0151 670 gramm<\/div>\n\t\t\t\t<\/a>\n\t\t\t\t<div class=\"wc-block-grid__product-price price\"><span class=\"woocommerce-Price-amount amount\" aria-hidden=\"true\"><span class=\"woocommerce-Price-currencySymbol\">\u20ac<\/span>20.99<\/span> <span aria-hidden=\"true\">\u2013<\/span> <span class=\"woocommerce-Price-amount amount\" aria-hidden=\"true\"><span class=\"woocommerce-Price-currencySymbol\">\u20ac<\/span>110.99<\/span><span class=\"screen-reader-text\">Price range: \u20ac20.99 through \u20ac110.99<\/span><\/div>\n\t\t\t\t\n\t\t\t\t<div class=\"wp-block-button wc-block-grid__product-add-to-cart\"><a href=\"https:\/\/fumotxpress.de\/hu\/termek\/egzotikus-whip-eredeti-tejszinhab-patron-670-gramm\/\" aria-label=\"V\u00e1lasszon lehet\u0151s\u00e9geket a \u201eExotic Whip Original Cream Charger 670 gramm\u201d term\u00e9khez\" data-quantity=\"1\" data-product_id=\"4687\" data-product_sku=\"Exotic Whip\" data-price=\"20.99\" rel=\"nofollow\" class=\"wp-block-button__link  add_to_cart_button\">V\u00e1lasszon lehet\u0151s\u00e9geket<\/a><\/div>\n\t\t\t<\/li><li class=\"wc-block-grid__product\">\n\t\t\t\t<a href=\"https:\/\/fumotxpress.de\/hu\/termek\/al-fakher-30k-eldobhato-vape-vasarlas-ma-europai-raktarbol-nincs-minimalis-rendelesi-mennyiseg\/\" class=\"wc-block-grid__product-link\">\n\t\t\t\t\t\n\t\t\t\t\t<div class=\"wc-block-grid__product-image\"><img loading=\"lazy\" decoding=\"async\" width=\"247\" height=\"247\" src=\"https:\/\/fumotxpress.de\/wp-content\/uploads\/2025\/11\/0-247x247.webp\" class=\"attachment-woocommerce_thumbnail size-woocommerce_thumbnail\" alt=\"Al Fakher 30K Hypermax\" srcset=\"https:\/\/fumotxpress.de\/wp-content\/uploads\/2025\/11\/0-247x247.webp 247w, https:\/\/fumotxpress.de\/wp-content\/uploads\/2025\/11\/0-300x300.webp 300w, https:\/\/fumotxpress.de\/wp-content\/uploads\/2025\/11\/0-1024x1024.webp 1024w, https:\/\/fumotxpress.de\/wp-content\/uploads\/2025\/11\/0-150x150.webp 150w, https:\/\/fumotxpress.de\/wp-content\/uploads\/2025\/11\/0-768x768.webp 768w, https:\/\/fumotxpress.de\/wp-content\/uploads\/2025\/11\/0-1536x1536.webp 1536w, https:\/\/fumotxpress.de\/wp-content\/uploads\/2025\/11\/0-12x12.webp 12w, https:\/\/fumotxpress.de\/wp-content\/uploads\/2025\/11\/0-600x600.webp 600w, https:\/\/fumotxpress.de\/wp-content\/uploads\/2025\/11\/0-100x100.webp 100w, https:\/\/fumotxpress.de\/wp-content\/uploads\/2025\/11\/0.webp 1600w\" sizes=\"auto, (max-width: 247px) 100vw, 247px\" \/><\/div>\n\t\t\t\t\t<div class=\"wc-block-grid__product-title\">Al Fakher 30K eldobhat\u00f3 vape: V\u00e1s\u00e1roljon ma az eur\u00f3pai rakt\u00e1rb\u00f3l, nincs MOQ.<\/div>\n\t\t\t\t<\/a>\n\t\t\t\t<div class=\"wc-block-grid__product-price price\"><span class=\"woocommerce-Price-amount amount\"><span class=\"woocommerce-Price-currencySymbol\">\u20ac<\/span>32.99<\/span><\/div>\n\t\t\t\t\n\t\t\t\t<div class=\"wp-block-button wc-block-grid__product-add-to-cart\"><a href=\"https:\/\/fumotxpress.de\/hu\/termek\/al-fakher-30k-eldobhato-vape-vasarlas-ma-europai-raktarbol-nincs-minimalis-rendelesi-mennyiseg\/\" aria-label=\"V\u00e1lassza ki az al\u00e1bbi lehet\u0151s\u00e9geket az &quot;Al Fakher 30K Disposable Vape: V\u00e1s\u00e1roljon ma az eur\u00f3pai rakt\u00e1rb\u00f3l, nincs MOQ.&quot; term\u00e9khez\" data-quantity=\"1\" data-product_id=\"4602\" data-product_sku=\"Al-Fakher-30K-Hypermax\" data-price=\"32.99\" rel=\"nofollow\" class=\"wp-block-button__link  add_to_cart_button\">V\u00e1lasszon lehet\u0151s\u00e9geket<\/a><\/div>\n\t\t\t<\/li><li class=\"wc-block-grid__product\">\n\t\t\t\t<a href=\"https:\/\/fumotxpress.de\/hu\/termek\/elfbar-combo-pro-30000-szivas-eldobhato-vape\/\" class=\"wc-block-grid__product-link\">\n\t\t\t\t\t\n\t\t\t\t\t<div class=\"wc-block-grid__product-image\"><img loading=\"lazy\" decoding=\"async\" width=\"247\" height=\"247\" src=\"https:\/\/fumotxpress.de\/wp-content\/uploads\/2025\/07\/1750413907048-247x247.webp\" class=\"attachment-woocommerce_thumbnail size-woocommerce_thumbnail\" alt=\"ELFBAR Combo Pro 30000 Puffs Eldobhat\u00f3 Vape  Egy doboz (10 darab)\" srcset=\"https:\/\/fumotxpress.de\/wp-content\/uploads\/2025\/07\/1750413907048-247x247.webp 247w, https:\/\/fumotxpress.de\/wp-content\/uploads\/2025\/07\/1750413907048-300x300.webp 300w, https:\/\/fumotxpress.de\/wp-content\/uploads\/2025\/07\/1750413907048-150x150.webp 150w, https:\/\/fumotxpress.de\/wp-content\/uploads\/2025\/07\/1750413907048-12x12.webp 12w, https:\/\/fumotxpress.de\/wp-content\/uploads\/2025\/07\/1750413907048-100x100.webp 100w, https:\/\/fumotxpress.de\/wp-content\/uploads\/2025\/07\/1750413907048.webp 493w\" sizes=\"auto, (max-width: 247px) 100vw, 247px\" \/><\/div>\n\t\t\t\t\t<div class=\"wc-block-grid__product-title\">ELFBAR Combo Pro 30000 Puffs Eldobhat\u00f3 Vape  Egy doboz (10 darab)<\/div>\n\t\t\t\t<\/a>\n\t\t\t\t<div class=\"wc-block-grid__product-price price\"><span class=\"woocommerce-Price-amount amount\"><span class=\"woocommerce-Price-currencySymbol\">\u20ac<\/span>169.99<\/span><\/div>\n\t\t\t\t\n\t\t\t\t<div class=\"wp-block-button wc-block-grid__product-add-to-cart\"><a href=\"https:\/\/fumotxpress.de\/hu\/termek\/elfbar-combo-pro-30000-szivas-eldobhato-vape\/\" aria-label=\"V\u00e1lasszon lehet\u0151s\u00e9geket az \u201eELFBAR Combo Pro 30000 Puffs Disposable Vape  Egy doboz (10PCS)\u201d term\u00e9khez\" data-quantity=\"1\" data-product_id=\"4413\" data-product_sku=\"ELFBAR Combo Pro 30000 Puffs\" data-price=\"169.99\" rel=\"nofollow\" class=\"wp-block-button__link  add_to_cart_button\">V\u00e1lasszon lehet\u0151s\u00e9geket<\/a><\/div>\n\t\t\t<\/li><li class=\"wc-block-grid__product\">\n\t\t\t\t<a href=\"https:\/\/fumotxpress.de\/hu\/termek\/adalya-adl-16k-puffs-pro-eldobhato-vape-e-cigaretta-2-eros-nikotin-nagykereskedelem-egy-doboz-10-db\/\" class=\"wc-block-grid__product-link\">\n\t\t\t\t\t\n\t\t\t\t\t<div class=\"wc-block-grid__product-image\"><img loading=\"lazy\" decoding=\"async\" width=\"247\" height=\"247\" src=\"https:\/\/fumotxpress.de\/wp-content\/uploads\/2025\/07\/Adalya16kpuffs-2-247x247.webp\" class=\"attachment-woocommerce_thumbnail size-woocommerce_thumbnail\" alt=\"ADALYA ADL 16K puff Pro Eldobhat\u00f3 Vape E cigi 2% Er\u0151s Nikotin Nagykereskedelem egy doboz (10PCS)\" srcset=\"https:\/\/fumotxpress.de\/wp-content\/uploads\/2025\/07\/Adalya16kpuffs-2-247x247.webp 247w, https:\/\/fumotxpress.de\/wp-content\/uploads\/2025\/07\/Adalya16kpuffs-2-150x150.webp 150w, https:\/\/fumotxpress.de\/wp-content\/uploads\/2025\/07\/Adalya16kpuffs-2-11x12.webp 11w, https:\/\/fumotxpress.de\/wp-content\/uploads\/2025\/07\/Adalya16kpuffs-2-100x100.webp 100w\" sizes=\"auto, (max-width: 247px) 100vw, 247px\" \/><\/div>\n\t\t\t\t\t<div class=\"wc-block-grid__product-title\">ADALYA ADL 16K puff Pro Eldobhat\u00f3 Vape E cigi 2% Er\u0151s Nikotin Nagykereskedelem egy doboz (10PCS)<\/div>\n\t\t\t\t<\/a>\n\t\t\t\t<div class=\"wc-block-grid__product-price price\"><span class=\"woocommerce-Price-amount amount\"><span class=\"woocommerce-Price-currencySymbol\">\u20ac<\/span>169.99<\/span><\/div>\n\t\t\t\t\n\t\t\t\t<div class=\"wp-block-button wc-block-grid__product-add-to-cart\"><a href=\"https:\/\/fumotxpress.de\/hu\/termek\/adalya-adl-16k-puffs-pro-eldobhato-vape-e-cigaretta-2-eros-nikotin-nagykereskedelem-egy-doboz-10-db\/\" aria-label=\"V\u00e1lassza ki az al\u00e1bbi lehet\u0151s\u00e9geket: \u201cADALYA ADL 16K puff Pro Eldobhat\u00f3 Vape E cigi 2% Er\u0151s Nikotin Nagykereskedelem egy doboz (10PCS)\u201d\" data-quantity=\"1\" data-product_id=\"4175\" data-product_sku=\"ADALYA ADL 16K puffs Pro\" data-price=\"169.99\" rel=\"nofollow\" class=\"wp-block-button__link  add_to_cart_button\">V\u00e1lasszon lehet\u0151s\u00e9geket<\/a><\/div>\n\t\t\t<\/li><\/ul><\/div><\/div>\n<\/div>","protected":false},"excerpt":{"rendered":"","protected":false},"author":1,"featured_media":0,"parent":0,"menu_order":0,"comment_status":"closed","ping_status":"closed","template":"","meta":{"om_disable_all_campaigns":false,"footnotes":""},"class_list":["post-6","page","type-page","status-publish","hentry"],"_links":{"self":[{"href":"https:\/\/fumotxpress.de\/hu\/wp-json\/wp\/v2\/pages\/6","targetHints":{"allow":["GET"]}}],"collection":[{"href":"https:\/\/fumotxpress.de\/hu\/wp-json\/wp\/v2\/pages"}],"about":[{"href":"https:\/\/fumotxpress.de\/hu\/wp-json\/wp\/v2\/types\/page"}],"author":[{"embeddable":true,"href":"https:\/\/fumotxpress.de\/hu\/wp-json\/wp\/v2\/users\/1"}],"replies":[{"embeddable":true,"href":"https:\/\/fumotxpress.de\/hu\/wp-json\/wp\/v2\/comments?post=6"}],"version-history":[{"count":0,"href":"https:\/\/fumotxpress.de\/hu\/wp-json\/wp\/v2\/pages\/6\/revisions"}],"wp:attachment":[{"href":"https:\/\/fumotxpress.de\/hu\/wp-json\/wp\/v2\/media?parent=6"}],"curies":[{"name":"wp","href":"https:\/\/api.w.org\/{rel}","templated":true}]}}