{"id":1274,"date":"2024-11-09T08:16:55","date_gmt":"2024-11-09T08:16:55","guid":{"rendered":"https:\/\/fumotxpress.de\/?page_id=1274"},"modified":"2024-11-09T08:16:55","modified_gmt":"2024-11-09T08:16:55","slug":"fumotxpress-adatvedelmi-szabalyzata","status":"publish","type":"page","link":"https:\/\/fumotxpress.de\/hu\/fumotxpress-adatvedelmi-szabalyzata\/","title":{"rendered":"Fumotxpress Adatv\u00e9delmi Szab\u00e1lyzat"},"content":{"rendered":"<p>A Fumotxpress-n\u00e9l az \u00d6n mag\u00e1n\u00e9lete kiemelten fontos sz\u00e1munkra. Elk\u00f6telezettek vagyunk \u00fcgyfeleink szem\u00e9lyes adatainak v\u00e9delme mellett, \u00f6sszhangban az adatv\u00e9delmi t\u00f6rv\u00e9nyekkel, bele\u00e9rtve az \u00c1ltal\u00e1nos Adatv\u00e9delmi Rendeletet (GDPR) \u00e9s az Eur\u00f3pai Uni\u00f3ban alkalmazand\u00f3 jogszab\u00e1lyokat is. Ez az Adatv\u00e9delmi Szab\u00e1lyzat ismerteti, hogyan gy\u0171jtj\u00fck, haszn\u00e1ljuk fel \u00e9s v\u00e9dj\u00fck szem\u00e9lyes adatait, amikor megl\u00e1togatja weboldalunkat vagy v\u00e1s\u00e1rol online \u00e1ruh\u00e1zunkb\u00f3l.<\/p>\n<p><strong>1. Az \u00f6sszegy\u0171jt\u00f6tt inform\u00e1ci\u00f3k<\/strong><\/p>\n<p>K\u00fcl\u00f6nb\u00f6z\u0151 t\u00edpus\u00fa inform\u00e1ci\u00f3kat gy\u0171jt\u00fcnk a v\u00e1s\u00e1rl\u00e1si \u00e9lm\u00e9ny\u00e9nek jav\u00edt\u00e1sa \u00e9s a z\u00f6kken\u0151mentes tranzakci\u00f3k biztos\u00edt\u00e1sa \u00e9rdek\u00e9ben. Az \u00e1ltalunk gy\u0171jthet\u0151 szem\u00e9lyes adatok t\u00edpusai k\u00f6z\u00e9 tartoznak:<\/p>\n<ul>\n<li><strong>Szem\u00e9lyes azonos\u00edt\u00f3 adatok:<\/strong> Ez tartalmazza a nev\u00e9t, e-mail c\u00edm\u00e9t, telefonsz\u00e1m\u00e1t, sz\u00e1ll\u00edt\u00e1si c\u00edm\u00e9t \u00e9s fizet\u00e9si inform\u00e1ci\u00f3it (p\u00e9ld\u00e1ul PayPal, SEPA vagy kriptovaluta r\u00e9szletei).<\/li>\n<li><strong>Tranzakci\u00f3s inform\u00e1ci\u00f3:<\/strong> Ez tartalmazza a rendel\u00e9seire vonatkoz\u00f3 r\u00e9szleteket, bele\u00e9rtve a megv\u00e1s\u00e1rolt term\u00e9keket, a fizet\u00e9si m\u00f3dot, a sz\u00e1ll\u00edt\u00e1si inform\u00e1ci\u00f3kat \u00e9s minden egy\u00e9b, a tranzakci\u00f3ival kapcsolatos inform\u00e1ci\u00f3t.<\/li>\n<li><strong>M\u0171szaki adatok:<\/strong> Gy\u0171jthetj\u00fck az IP-c\u00edmeket, b\u00f6ng\u00e9sz\u0151t\u00edpusokat, oper\u00e1ci\u00f3s rendszer r\u00e9szleteket \u00e9s a webhely\u00fcnk\u00f6n megl\u00e1togatott oldalakat elemz\u00e9si c\u00e9lb\u00f3l \u00e9s a webhely funkcionalit\u00e1s\u00e1nak jav\u00edt\u00e1sa \u00e9rdek\u00e9ben.<\/li>\n<li><strong>S\u00fctik:<\/strong> Weboldalunk s\u00fctiket haszn\u00e1l a felhaszn\u00e1l\u00f3i \u00e9lm\u00e9ny jav\u00edt\u00e1sa \u00e9s a weboldalhaszn\u00e1latr\u00f3l sz\u00f3l\u00f3 adatok gy\u0171jt\u00e9se \u00e9rdek\u00e9ben. Tov\u00e1bbi inform\u00e1ci\u00f3\u00e9rt tekintse meg a S\u00fctikre vonatkoz\u00f3 ir\u00e1nyelveinket.<\/li>\n<\/ul>\n<p><strong>2. Hogyan haszn\u00e1ljuk fel az \u00d6n adatait<\/strong><\/p>\n<p>A szem\u00e9lyes adatokat, amelyeket gy\u0171jt\u00fcnk, az al\u00e1bbi c\u00e9lokra haszn\u00e1ljuk:<\/p>\n<ul>\n<li><strong>Megrendel\u00e9s feldolgoz\u00e1sa \u00e9s teljes\u00edt\u00e9se:<\/strong> A rendel\u00e9sek feldolgoz\u00e1sa, a sz\u00e1ll\u00edtm\u00e1nyok kezel\u00e9se, valamint a visszak\u00fcld\u00e9sek vagy az \u00fcgyf\u00e9lszolg\u00e1lati megkeres\u00e9sek z\u00f6kken\u0151mentes lebonyol\u00edt\u00e1sa \u00e9rdek\u00e9ben.<\/li>\n<li><strong>K\u00f6zl\u00e9s:<\/strong> Hogy t\u00e1j\u00e9koztat\u00e1st ny\u00fajtson a rendel\u00e9s \u00e1llapot\u00e1r\u00f3l, v\u00e1laszoljon az \u00fcgyf\u00e9lszolg\u00e1lati megkeres\u00e9sekre, \u00e9s marketingkommunik\u00e1ci\u00f3kat k\u00fcldj\u00f6n, ha \u00d6n beleegyezett.<\/li>\n<li><strong>A szolg\u00e1ltat\u00e1sok fejleszt\u00e9se:<\/strong> A weboldalunk funkcionalit\u00e1s\u00e1nak \u00e9s felhaszn\u00e1l\u00f3i \u00e9lm\u00e9ny\u00e9nek jav\u00edt\u00e1sa, valamint a term\u00e9kaj\u00e1nl\u00e1sok \u00e9s tartalom szem\u00e9lyre szab\u00e1sa \u00e9rdek\u00e9ben.<\/li>\n<li><strong>Fizet\u00e9si feldolgoz\u00e1s:<\/strong> Biztons\u00e1gosan dolgozzuk fel a fizet\u00e9seket megb\u00edzhat\u00f3 platformokon kereszt\u00fcl, mint p\u00e9ld\u00e1ul a PayPal, a SEPA banksz\u00e1mla-\u00e1tutal\u00e1s vagy a kriptovaluta, biztos\u00edtva, hogy a fizet\u00e9si adatai biztons\u00e1gosan ker\u00fcljenek kezel\u00e9sre.<\/li>\n<li><strong>Jogi Megfelel\u0151s\u00e9g:<\/strong> A vonatkoz\u00f3 t\u00f6rv\u00e9nyek \u00e9s szab\u00e1lyoz\u00e1sok betart\u00e1sa \u00e9rdek\u00e9ben, bele\u00e9rtve a csal\u00e1s megel\u0151z\u00e9s\u00e9t \u00e9s a korellen\u0151rz\u00e9st, ahogy azt \u00fczleti tev\u00e9kenys\u00e9geink megk\u00f6vetelik.<\/li>\n<\/ul>\n<p><strong>3. A szem\u00e9lyes adatok megoszt\u00e1sa<\/strong><\/p>\n<p>Nem osztjuk meg \u00e9s nem adjuk el szem\u00e9lyes adatait harmadik f\u00e9lnek marketing c\u00e9lb\u00f3l. Azonban bizonyos k\u00f6r\u00fclm\u00e9nyek k\u00f6z\u00f6tt megoszthatjuk adatait az al\u00e1bbi esetekben:<\/p>\n<ul>\n<li><strong>Szolg\u00e1ltat\u00f3k:<\/strong> Megb\u00edzhat\u00f3 harmadik f\u00e9lt\u0151l sz\u00e1rmaz\u00f3 szolg\u00e1ltat\u00f3kkal dolgozunk egy\u00fctt, bele\u00e9rtve a fizet\u00e9si feldolgoz\u00f3kat, a sz\u00e1ll\u00edt\u00e1si fuvaroz\u00f3kat \u00e9s az informatikai szolg\u00e1ltat\u00e1sokat, hogy seg\u00edts\u00fcnk az \u00fczleti tev\u00e9kenys\u00e9gekben. Ezek a szolg\u00e1ltat\u00f3k csak annyira f\u00e9rnek hozz\u00e1 szem\u00e9lyes adataihoz, amennyire sz\u00fcks\u00e9ges a funkci\u00f3ik ell\u00e1t\u00e1s\u00e1hoz.<\/li>\n<li><strong>Jogi K\u00f6vetelm\u00e9nyek:<\/strong> Ha t\u00f6rv\u00e9ny \u00edrja el\u0151, vagy \u00e9rv\u00e9nyes jogi elj\u00e1r\u00e1sokra v\u00e1laszul, p\u00e9ld\u00e1ul b\u00edr\u00f3s\u00e1gi v\u00e9gz\u00e9sre vagy korm\u00e1nyzati k\u00e9r\u00e9sre, akkor az \u00d6n adatait nyilv\u00e1noss\u00e1gra hozhatjuk.<\/li>\n<li><strong>\u00dczleti \u00c1truh\u00e1z\u00e1sok:<\/strong> \u00dczleti egyes\u00fcl\u00e9s, felv\u00e1s\u00e1rl\u00e1s vagy \u00e9rt\u00e9kes\u00edt\u00e9s eset\u00e9n az \u00d6n adatai az eszk\u00f6z\u00f6k r\u00e9szek\u00e9nt \u00e1tker\u00fclhetnek.<\/li>\n<\/ul>\n<p><strong>4. Hogyan V\u00e9dj\u00fck Az \u00d6n Adatait<\/strong><\/p>\n<p>A Fumotxpress megfelel\u0151 biztons\u00e1gi int\u00e9zked\u00e9seket tesz az \u00d6n szem\u00e9lyes adatainak v\u00e9delm\u00e9re az illet\u00e9ktelen hozz\u00e1f\u00e9r\u00e9s, nyilv\u00e1noss\u00e1gra hozatal, m\u00f3dos\u00edt\u00e1s \u00e9s megsemmis\u00edt\u00e9s ellen. Ezen int\u00e9zked\u00e9sek k\u00f6z\u00e9 tartoznak:<\/p>\n<ul>\n<li><strong>Titkos\u00edt\u00e1s:<\/strong> Biztons\u00e1gos titkos\u00edt\u00e1si protokollokat (SSL\/TLS) haszn\u00e1lunk a fizet\u00e9si \u00e9s szem\u00e9lyes adatok v\u00e9delm\u00e9re a tranzakci\u00f3k sor\u00e1n.<\/li>\n<li><strong>Hozz\u00e1f\u00e9r\u00e9s-szab\u00e1lyoz\u00e1s:<\/strong> Szem\u00e9lyes adatokhoz csak jogosult szem\u00e9lyzet f\u00e9rhet hozz\u00e1, \u00e9s minden alkalmazottat \u00e9s v\u00e1llalkoz\u00f3t titoktart\u00e1si meg\u00e1llapod\u00e1sok k\u00f6tnek.<\/li>\n<li><strong>Rendszeres ellen\u0151rz\u00e9sek:<\/strong> Rendszeresen fel\u00fclvizsg\u00e1ljuk adataink biztons\u00e1gi gyakorlat\u00e1t, \u00e9s sz\u00fcks\u00e9g eset\u00e9n korrekci\u00f3s int\u00e9zked\u00e9seket tesz\u00fcnk annak biztos\u00edt\u00e1sa \u00e9rdek\u00e9ben, hogy szem\u00e9lyes adatai folyamatosan biztons\u00e1gban legyenek.<\/li>\n<\/ul>\n<p><strong>5. Az \u00d6n jogai<\/strong><\/p>\n<p>Az Eur\u00f3pai Uni\u00f3 lakosak\u00e9nt bizonyos jogokkal rendelkezik szem\u00e9lyes adataira vonatkoz\u00f3an a GDPR alapj\u00e1n, bele\u00e9rtve:<\/p>\n<ul>\n<li><strong>Hozz\u00e1f\u00e9r\u00e9si jog:<\/strong> K\u00e9rheti a n\u00e1lunk t\u00e1rolt szem\u00e9lyes adatainakhoz val\u00f3 hozz\u00e1f\u00e9r\u00e9st.<\/li>\n<li><strong>A helyesb\u00edt\u00e9shez val\u00f3 jog:<\/strong> B\u00e1rmely pontatlan vagy hi\u00e1nyos inform\u00e1ci\u00f3t k\u00e9rhet\u00fcnk jav\u00edt\u00e1sra.<\/li>\n<li><strong>T\u00f6rl\u00e9shez val\u00f3 jog:<\/strong> K\u00e9rheti, hogy t\u00f6r\u00f6lj\u00fck szem\u00e9lyes adatait, bizonyos kiv\u00e9telekkel (p\u00e9ld\u00e1ul jogszab\u00e1lyi megfelel\u00e9s vagy szerz\u0151d\u00e9ses k\u00f6telezetts\u00e9gek eset\u00e9n).<\/li>\n<li><strong>A feldolgoz\u00e1s korl\u00e1toz\u00e1s\u00e1nak joga:<\/strong> K\u00e9rheti adatai feldolgoz\u00e1s\u00e1nak korl\u00e1toz\u00e1s\u00e1t bizonyos felt\u00e9telek mellett.<\/li>\n<li><strong>Adathordozhat\u00f3s\u00e1ghoz val\u00f3 jog:<\/strong> Szem\u00e9lyes adatair\u00f3l m\u00e1solatot k\u00e9rhet struktur\u00e1lt, \u00e1ltal\u00e1nosan haszn\u00e1lt \u00e9s g\u00e9ppel olvashat\u00f3 form\u00e1tumban.<\/li>\n<li><strong>A tiltakoz\u00e1shoz val\u00f3 jog:<\/strong> K\u00f6zvetlen marketing vagy egy\u00e9b jogos \u00e9rdekek alapj\u00e1n t\u00f6rt\u00e9n\u0151 adatk feldolgoz\u00e1sa ellen tiltakozhat.<\/li>\n<\/ul>\n<p>Ezen jogok b\u00e1rmelyik\u00e9nek gyakorl\u00e1s\u00e1hoz k\u00e9rj\u00fck, vegye fel vel\u00fcnk a kapcsolatot <strong><a rel=\"noopener\">info@fumotxpress.de<\/a><\/strong>.<\/p>\n<p><strong>6. S\u00fctik \u00e9s nyomk\u00f6vet\u00e9si technol\u00f3gi\u00e1k<\/strong><\/p>\n<p>Weboldalunk s\u00fctiket haszn\u00e1l a funkcionalit\u00e1s jav\u00edt\u00e1s\u00e1ra, a tartalom szem\u00e9lyre szab\u00e1s\u00e1ra \u00e9s a forgalom elemz\u00e9s\u00e9re. Weboldalunk haszn\u00e1lat\u00e1val \u00d6n beleegyezik a s\u00fctik haszn\u00e1lat\u00e1ba. A s\u00fctik preferenci\u00e1it b\u00f6ng\u00e9sz\u0151be\u00e1ll\u00edt\u00e1sain kereszt\u00fcl kezelheti. Tov\u00e1bbi r\u00e9szletek\u00e9rt k\u00e9rj\u00fck, olvassa el Cookie Politik\u00e1nkat.<\/p>\n<p><strong>7. Korellen\u0151rz\u00e9s<\/strong><\/p>\n<p>A Fumotxpress webhely\u00e9r\u0151l csak 18 \u00e9ves vagy ann\u00e1l id\u0151sebb szem\u00e9ly v\u00e1s\u00e1rolhat eldobhat\u00f3 vape-eket vagy b\u00e1rmilyen kapcsol\u00f3d\u00f3 term\u00e9ket. Az oldalunkon t\u00f6rt\u00e9n\u0151 v\u00e1s\u00e1rl\u00e1ssal meger\u0151s\u00edti, hogy \u00d6n az \u00d6n lakhelye szerinti orsz\u00e1gban t\u00f6rv\u00e9nyes \u00e9letkorban van.<\/p>\n<p><strong>8. A jelen adatv\u00e9delmi ir\u00e1nyelv m\u00f3dos\u00edt\u00e1sai<\/strong><\/p>\n<p>El\u0151fordulhat, hogy id\u0151r\u0151l id\u0151re friss\u00edtj\u00fck ezt az Adatv\u00e9delmi Szab\u00e1lyzatot.  Amikor v\u00e1ltoztat\u00e1sokat hajtunk v\u00e9gre, friss\u00edtj\u00fck az utols\u00f3 friss\u00edt\u00e9s d\u00e1tum\u00e1t ezen az oldal tetej\u00e9n.  Arra \u00f6szt\u00f6n\u00f6zz\u00fck \u00d6nt, hogy id\u0151szakosan tekintse \u00e1t ezt a szab\u00e1lyzatot, hogy t\u00e1j\u00e9koz\u00f3djon arr\u00f3l, hogyan v\u00e9dj\u00fck szem\u00e9lyes adatait.<\/p>\n<p><strong>9. L\u00e9pjen kapcsolatba vel\u00fcnk<\/strong><\/p>\n<p>Ha b\u00e1rmilyen k\u00e9rd\u00e9se van jelen Adatv\u00e9delmi Szab\u00e1lyzatr\u00f3l vagy arr\u00f3l, hogyan kezelj\u00fck szem\u00e9lyes adatait, k\u00e9rj\u00fck, vegye fel vel\u00fcnk a kapcsolatot:<\/p>\n<p>Fumotxpress<br \/>\nLevelez\u00e9s: <strong><a rel=\"noopener\">info@fumotxpress.de<\/a><\/strong><br \/>\nWeboldal: <a href=\"https:\/\/fumotxpress.de\/hu\/\" target=\"_new\" rel=\"noopener\">fumotxpress.de<\/a><\/p>","protected":false},"excerpt":{"rendered":"<p>A Fumotxpress-n\u00e9l az \u00d6n mag\u00e1n\u00e9lete kiemelten fontos sz\u00e1munkra. Elk\u00f6telezettek vagyunk \u00fcgyfeleink szem\u00e9lyes adatainak v\u00e9delm\u00e9re vonatkoz\u00f3 adatv\u00e9delmi t\u00f6rv\u00e9nyek, bele\u00e9rtve az \u00c1ltal\u00e1nos Adatv\u00e9delmi Rendeletet (GDPR) \u00e9s az Eur\u00f3pai Uni\u00f3ban alkalmazand\u00f3 jogszab\u00e1lyokat. Ez a Adatv\u00e9delmi Szab\u00e1lyzat ismerteti, hogyan gy\u0171jtj\u00fck, haszn\u00e1ljuk fel \u00e9s v\u00e9dj\u00fck szem\u00e9lyes adatait, amikor [\u2026]","protected":false},"author":1,"featured_media":0,"parent":0,"menu_order":0,"comment_status":"closed","ping_status":"closed","template":"page-blank-title-center.php","meta":{"om_disable_all_campaigns":false,"footnotes":""},"class_list":["post-1274","page","type-page","status-publish","hentry"],"_links":{"self":[{"href":"https:\/\/fumotxpress.de\/hu\/wp-json\/wp\/v2\/pages\/1274","targetHints":{"allow":["GET"]}}],"collection":[{"href":"https:\/\/fumotxpress.de\/hu\/wp-json\/wp\/v2\/pages"}],"about":[{"href":"https:\/\/fumotxpress.de\/hu\/wp-json\/wp\/v2\/types\/page"}],"author":[{"embeddable":true,"href":"https:\/\/fumotxpress.de\/hu\/wp-json\/wp\/v2\/users\/1"}],"replies":[{"embeddable":true,"href":"https:\/\/fumotxpress.de\/hu\/wp-json\/wp\/v2\/comments?post=1274"}],"version-history":[{"count":0,"href":"https:\/\/fumotxpress.de\/hu\/wp-json\/wp\/v2\/pages\/1274\/revisions"}],"wp:attachment":[{"href":"https:\/\/fumotxpress.de\/hu\/wp-json\/wp\/v2\/media?parent=1274"}],"curies":[{"name":"wp","href":"https:\/\/api.w.org\/{rel}","templated":true}]}}