{"id":1271,"date":"2024-11-09T08:12:50","date_gmt":"2024-11-09T08:12:50","guid":{"rendered":"https:\/\/fumotxpress.de\/?page_id=1271"},"modified":"2024-11-09T08:12:50","modified_gmt":"2024-11-09T08:12:50","slug":"fumotxpress-szerzodesi-feltetelek","status":"publish","type":"page","link":"https:\/\/fumotxpress.de\/hu\/fumotxpress-szerzodesi-feltetelek\/","title":{"rendered":"Fumotxpress \u00c1ltal\u00e1nos Szerz\u0151d\u00e9si Felt\u00e9telek"},"content":{"rendered":"<p>\u00dcdv\u00f6z\u00f6lj\u00fck a Fumotxpress-en, az \u00d6n els\u0151 sz\u00e1m\u00fa \u00fati c\u00e9lja a kiv\u00e1l\u00f3 min\u0151s\u00e9g\u0171 eldobhat\u00f3 vape term\u00e9keknek Eur\u00f3p\u00e1ban. Ezek a Felhaszn\u00e1l\u00e1si Felt\u00e9telek (\u201eFelt\u00e9telek\u201d) szab\u00e1lyozz\u00e1k a [fumotxpress.de] weboldalhoz val\u00f3 hozz\u00e1f\u00e9r\u00e9s\u00e9t \u00e9s haszn\u00e1lat\u00e1t, bele\u00e9rtve az azon kereszt\u00fcl ny\u00fajtott szolg\u00e1ltat\u00e1sokat is. A weboldalunkhoz val\u00f3 hozz\u00e1f\u00e9r\u00e9ssel vagy haszn\u00e1lat\u00e1val \u00d6n elfogadja, hogy megfelel ezeknek a Felt\u00e9teleknek \u00e9s k\u00f6teles azok betart\u00e1s\u00e1ra. Ha nem \u00e9rt egyet ezen Felt\u00e9telek b\u00e1rmely r\u00e9sz\u00e9vel, k\u00e9rj\u00fck, ne haszn\u00e1lja weboldalunkat.<\/p>\n<p><strong>1. \u00c1ltal\u00e1nos inform\u00e1ci\u00f3k<\/strong><\/p>\n<p>Fumotxpress a pr\u00e9mium eldobhat\u00f3 vape term\u00e9kekre specializ\u00e1l\u00f3dott, sz\u00e9les term\u00e9ksk\u00e1l\u00e1t k\u00edn\u00e1lva megb\u00edzhat\u00f3 m\u00e1rk\u00e1kt\u00f3l, mint p\u00e9ld\u00e1ul az Al Fakher, Fizzy, OBEELAB HHC \u00e9s SMPO DL02. Szolg\u00e1ltat\u00e1saink k\u00f6z\u00e9 tartozik az eldobhat\u00f3 vape term\u00e9kek kiskereskedelmi \u00e9rt\u00e9kes\u00edt\u00e9se, melyeket eur\u00f3pai rakt\u00e1runkb\u00f3l sz\u00e1ll\u00edtunk ki. Els\u0151sorban az EU piac\u00e1n bel\u00fcl m\u0171k\u00f6d\u00fcnk, egy\u00e9ni fogyaszt\u00f3kat szolg\u00e1lva ki, minim\u00e1lis rendel\u00e9si mennyis\u00e9g n\u00e9lk\u00fcl.<\/p>\n<ul>\n<li><strong>Weboldal:<\/strong> [fumotxpress.de]<\/li>\n<li><strong>Levelez\u00e9s:<\/strong> <a rel=\"noopener\">info@fumotxpress.de<\/a><\/li>\n<li><strong>\u00dczleti c\u00edm:<\/strong> [Insert Address Here]<\/li>\n<\/ul>\n<p><strong>2. Haszn\u00e1latra val\u00f3 jogosults\u00e1g<\/strong><\/p>\n<p>Weboldalunk haszn\u00e1lat\u00e1val \u00e9s t\u0151l\u00fcnk t\u00f6rt\u00e9n\u0151 term\u00e9kv\u00e1s\u00e1rl\u00e1ssal \u00d6n meger\u0151s\u00edti, hogy:<\/p>\n<ul>\n<li>Legal doh\u00e1ny- \u00e9s g\u0151z\u00f6l\u0151 term\u00e9kek v\u00e1s\u00e1rl\u00e1si korhat\u00e1r\u00e1nak als\u00f3 hat\u00e1ra alatt (vagy az \u00d6n lakhelye szerinti orsz\u00e1g t\u00f6rv\u00e9nyes v\u00e1s\u00e1rl\u00e1si korhat\u00e1ra) legal\u00e1bb 18 \u00e9ves vagy.<\/li>\n<li>\u00d6n t\u00f6rv\u00e9nyesen v\u00e1s\u00e1rolhat g\u0151z\u00f6l\u0151 term\u00e9keket a saj\u00e1t joghat\u00f3s\u00e1g\u00e1ban.<\/li>\n<\/ul>\n<p>Ha nem teljes\u00edti ezeket a k\u00f6vetelm\u00e9nyeket, akkor tilos haszn\u00e1lni ezt a weboldalt.<\/p>\n<p><strong>3. Term\u00e9kek \u00e9s \u00c1raz\u00e1s<\/strong><\/p>\n<p>Fumotxpress k\u00fcl\u00f6nb\u00f6z\u0151 eldobhat\u00f3 vape term\u00e9keket k\u00edn\u00e1l, p\u00e9ld\u00e1ul az Al Fakher, Fizzy, OBEELAB HHC \u00e9s SMPO DL02 term\u00e9keket. A term\u00e9kek \u00e1rai eur\u00f3ban (\u20ac) \u00e9rtend\u0151k \u00e9s el\u0151zetes \u00e9rtes\u00edt\u00e9s n\u00e9lk\u00fcl v\u00e1ltozhatnak. B\u00e1r minden er\u0151fesz\u00edt\u00e9st megtesz\u00fcnk annak \u00e9rdek\u00e9ben, hogy a weboldalunkon tal\u00e1lhat\u00f3 inform\u00e1ci\u00f3k pontosak legyenek, a Fumotxpress nem garant\u00e1lja, hogy a term\u00e9kle\u00edr\u00e1sok, k\u00e9pek vagy \u00e1rak hibamentesek. \u00c1raz\u00e1si hiba vagy egy\u00e9b elt\u00e9r\u00e9sek eset\u00e9n \u00e9rtes\u00edteni fogjuk \u00d6nt a rendel\u00e9s feldolgoz\u00e1sa el\u0151tt.<\/p>\n<ul>\n<li><strong>Rendel\u00e9si mennyis\u00e9gek<\/strong>: 1 darabt\u00f3l k\u00edn\u00e1lunk term\u00e9keket, minim\u00e1lis rendel\u00e9si mennyis\u00e9g n\u00e9lk\u00fcl.<\/li>\n<\/ul>\n<p><strong>4. Fizet\u00e9si m\u00f3dok<\/strong><\/p>\n<p>Elfogadjuk az al\u00e1bbi fizet\u00e9si m\u00f3dokat a rendel\u00e9sekhez:<\/p>\n<ul>\n<li>PayPal<\/li>\n<li>Kriptovalut\u00e1k (Bitcoin, Ethereum, stb.)<\/li>\n<li>SEPA banksz\u00e1mla-\u00e1tutal\u00e1s (az EU-n bel\u00fcli \u00fcgyfelek sz\u00e1m\u00e1ra)<\/li>\n<\/ul>\n<p>A v\u00e1s\u00e1rl\u00e1s befejez\u00e9s\u00e9vel felhatalmazza a Fumotxpress-t arra, hogy a kiv\u00e1lasztott fizet\u00e9si m\u00f3dszer\u00e9t terhelje.<\/p>\n<p><strong>5. Sz\u00e1ll\u00edt\u00e1s \u00e9s k\u00e9zbes\u00edt\u00e9s<\/strong><\/p>\n<ul>\n<li><strong>Sz\u00e1ll\u00edt\u00e1si helyek<\/strong>: N\u00e9metorsz\u00e1gi rakt\u00e1runkb\u00f3l sz\u00e1ll\u00edtunk az \u00f6sszes uni\u00f3s orsz\u00e1gba.<\/li>\n<li><strong>Sz\u00e1ll\u00edt\u00e1si Id\u0151<\/strong>: A rendel\u00e9sek \u00e1ltal\u00e1ban 3-7 munkanapon bel\u00fcl \u00e9rkeznek meg.<\/li>\n<li><strong>Sz\u00e1ll\u00edt\u00e1si D\u00edjak<\/strong>:\n<ul>\n<li>Ingyenes sz\u00e1ll\u00edt\u00e1s 49,99 \u20ac feletti rendel\u00e9sek eset\u00e9n N\u00e9metorsz\u00e1gon bel\u00fcl.<\/li>\n<li>Ingyenes sz\u00e1ll\u00edt\u00e1s 99,99 \u20ac feletti rendel\u00e9sek eset\u00e9n az EU-n bel\u00fcl.<\/li>\n<\/ul>\n<\/li>\n<\/ul>\n<p>A minim\u00e1lis k\u00fcsz\u00f6b alatti rendel\u00e9sek sz\u00e1ll\u00edt\u00e1si d\u00edja a p\u00e9nzt\u00e1rn\u00e1l ker\u00fcl kisz\u00e1m\u00edt\u00e1sra.<\/p>\n<p><strong>6. Visszat\u00e9r\u00edt\u00e9sek \u00e9s visszat\u00e9r\u00e9sek<\/strong><\/p>\n<p>Ha s\u00e9r\u00fclt vagy hib\u00e1s term\u00e9keket kap, k\u00e9rj\u00fck, vegye fel vel\u00fcnk a kapcsolatot a rendel\u00e9s k\u00e9zhezv\u00e9tel\u00e9t\u0151l sz\u00e1m\u00edtott 14 napon bel\u00fcl a <a rel=\"noopener\">info@fumotxpress.de<\/a>A visszasz\u00e1ll\u00edt\u00e1st megszervezz\u00fck \u00e9s teljes visszat\u00e9r\u00edt\u00e9st adunk, vagy k\u00fcld\u00fcnk egy csere term\u00e9ket. K\u00e9rj\u00fck vegye figyelembe, hogy eg\u00e9szs\u00e9g\u00fcgyi \u00e9s biztons\u00e1gi okokb\u00f3l nem fogadunk vissza nyitott term\u00e9keket, kiv\u00e9ve ha azok hib\u00e1sak.<\/p>\n<p><strong>7. V\u00e9djegyek \u00e9s szellemi tulajdon<\/strong><\/p>\n<p>Minden tartalom oldalunkon, bele\u00e9rtve a log\u00f3kat, term\u00e9kneveket \u00e9s k\u00e9peket, a Fumotxpress vagy az adott m\u00e1rka tulajdon\u00e1nak min\u0151s\u00fcl. B\u00e1rmely v\u00e9djegy\u00fcnk vagy szerz\u0151i joggal v\u00e9dett anyagunk enged\u00e9ly n\u00e9lk\u00fcli haszn\u00e1lata tilos.<\/p>\n<p><strong>8. A felel\u0151ss\u00e9g korl\u00e1toz\u00e1sa<\/strong><\/p>\n<p>A Fumotxpress nem v\u00e1llal felel\u0151ss\u00e9get a weboldalunk vagy term\u00e9keink haszn\u00e1lat\u00e1b\u00f3l ered\u0151 k\u00e1rok\u00e9rt, bele\u00e9rtve, de nem korl\u00e1tozva a vesztes\u00e9ges nyeres\u00e9get, k\u00f6zvetett, v\u00e9letlenszer\u0171 vagy k\u00f6vetkezm\u00e9nyes k\u00e1rokat. Nem garant\u00e1ljuk, hogy weboldalunk mentes lesz megszak\u00edt\u00e1sokt\u00f3l, hib\u00e1kt\u00f3l vagy v\u00edrusokt\u00f3l.<\/p>\n<p><strong>9. Korhat\u00e1r korl\u00e1toz\u00e1sok<\/strong><\/p>\n<p>Minden term\u00e9k\u00fcnk a weboldalon azoknak az egy\u00e9neknek sz\u00f3l, akik az illet\u00e9kes joghat\u00f3s\u00e1gukban t\u00f6rv\u00e9nyes kort \u00e9rtek el ahhoz, hogy v\u00e1s\u00e1rolhassanak g\u0151z\u00f6l\u0151 term\u00e9keket. T\u0151l\u00fcnk t\u00f6rt\u00e9n\u0151 v\u00e1s\u00e1rl\u00e1ssal meger\u0151s\u00edti, hogy \u00d6n t\u00f6rv\u00e9nyes kort \u00e9rt el, \u00e9s hogy a term\u00e9keket nem adj\u00e1k el kiskor\u00faaknak.<\/p>\n<p><strong>10. A hozz\u00e1f\u00e9r\u00e9s megsz\u00fcntet\u00e9se<\/strong><\/p>\n<p>A Fumotxpress fenntartja mag\u00e1nak a jogot, hogy saj\u00e1t bel\u00e1t\u00e1sa szerint megsz\u00fcntesse a weboldalhoz \u00e9s szolg\u00e1ltat\u00e1sokhoz val\u00f3 hozz\u00e1f\u00e9r\u00e9s\u00e9t, ha \u00fagy gondoljuk, hogy \u00d6n megs\u00e9rtette ezeket a Felt\u00e9teleket, vagy b\u00e1rmilyen t\u00f6rv\u00e9nytelen vagy etik\u00e1tlan tev\u00e9kenys\u00e9get folytatott. A megsz\u00fcntet\u00e9skor a tulajdonjoggal, a felel\u0151ss\u00e9gi korl\u00e1toz\u00e1sokkal \u00e9s a k\u00e1rtalan\u00edt\u00e1ssal kapcsolatos \u00f6sszes rendelkez\u00e9s tov\u00e1bbra is \u00e9rv\u00e9nyben marad.<\/p>\n<p><strong>11. Ir\u00e1nyad\u00f3 Jog<\/strong><\/p>\n<p>Ezen \u00c1ltal\u00e1nos Szerz\u0151d\u00e9si Felt\u00e9telek a n\u00e9met jog hat\u00e1lya al\u00e1 tartoznak. A weboldalunk haszn\u00e1lat\u00e1b\u00f3l vagy a megv\u00e1s\u00e1rolt term\u00e9kekb\u0151l ered\u0151 b\u00e1rmilyen vita eset\u00e9n a n\u00e9met b\u00edr\u00f3s\u00e1gok rendelkeznek joghat\u00f3s\u00e1ggal.<\/p>\n<p><strong>12. K\u00e1rt\u00e9r\u00edt\u00e9s<\/strong><\/p>\n<p>\u00d6n k\u00f6telezetts\u00e9get v\u00e1llal arra, hogy k\u00e1rtalan\u00edtja \u00e9s mentes\u00edti a Fumotxpress-t, annak igazgat\u00f3it, alkalmazottait \u00e9s le\u00e1nyv\u00e1llalatait minden olyan k\u00f6vetel\u00e9s, k\u00e1r, k\u00f6telezetts\u00e9g vagy k\u00f6lts\u00e9g al\u00f3l, amely a weboldal haszn\u00e1lat\u00e1b\u00f3l, ezen felt\u00e9telek megs\u00e9rt\u00e9s\u00e9b\u0151l vagy b\u00e1rmely harmadik f\u00e9l jogainak megs\u00e9rt\u00e9s\u00e9b\u0151l ered.<\/p>\n<p><strong>13. Harmadik f\u00e9lt\u0151l sz\u00e1rmaz\u00f3 hivatkoz\u00e1sok<\/strong><\/p>\n<p>Weboldalunk olyan k\u00fcls\u0151 oldalakra vagy szolg\u00e1ltat\u00e1sokra mutat\u00f3 linkeket tartalmazhat, amelyeket a Fumotxpress nem \u00fczemeltet. Nem vagyunk felel\u0151sek az ilyen harmadik f\u00e9lt\u0151l sz\u00e1rmaz\u00f3 weboldalak tartalm\u00e1\u00e9rt vagy gyakorlatai\u00e9rt. Az ilyen oldalakat saj\u00e1t kock\u00e1zat\u00e1ra l\u00e1togathatja, \u00e9s \u00e9rdemes \u00e1ttekintenie azok vonatkoz\u00f3 felt\u00e9teleit \u00e9s adatv\u00e9delmi ir\u00e1nyelveit.<\/p>\n<p><strong>14. Adatv\u00e9delmi ir\u00e1nyelvek<\/strong><\/p>\n<p>Weboldalunk haszn\u00e1lat\u00e1val \u00d6n beleegyezik az Adatv\u00e9delmi Szab\u00e1lyzatunkba, amely r\u00e9szletezi, hogyan gy\u0171jtj\u00fck, haszn\u00e1ljuk \u00e9s v\u00e9dj\u00fck szem\u00e9lyes adatait. R\u00e9szletes inform\u00e1ci\u00f3\u00e9rt adatkezel\u00e9si gyakorlatunkr\u00f3l k\u00e9rj\u00fck, tekintse meg Adatv\u00e9delmi Szab\u00e1lyzat oldalunkat.<\/p>\n<p><strong>15. A Felt\u00e9telek m\u00f3dos\u00edt\u00e1sa<\/strong><\/p>\n<p>A Fumotxpress fenntartja mag\u00e1nak a jogot, hogy b\u00e1rmikor m\u00f3dos\u00edtsa vagy friss\u00edtse a jelen \u00c1ltal\u00e1nos Szerz\u0151d\u00e9si Felt\u00e9teleket. Minden v\u00e1ltoz\u00e1s t\u00fckr\u00f6z\u0151dni fog ezen az oldalon egy friss\u00edtett \"Utols\u00f3 friss\u00edt\u00e9s\" d\u00e1tummal. \u00d6n felel\u0151s az\u00e9rt, hogy id\u0151szakosan \u00e1ttekintse ezeket a felt\u00e9teleket a friss\u00edt\u00e9sek\u00e9rt.<\/p>\n<p><strong>16. Kapcsolattart\u00e1si inform\u00e1ci\u00f3k<\/strong><\/p>\n<p>Ha b\u00e1rmilyen k\u00e9rd\u00e9se vagy agg\u00e1lya van ezen \u00c1ltal\u00e1nos Szerz\u0151d\u00e9si Felt\u00e9telekkel kapcsolatban, k\u00e9rj\u00fck, vegye fel vel\u00fcnk a kapcsolatot:<\/p>\n<ul>\n<li><strong>Levelez\u00e9s:<\/strong> <a rel=\"noopener\">info@fumotxpress.de<\/a><\/li>\n<\/ul>\n<p>A weboldalunk tov\u00e1bbi haszn\u00e1lat\u00e1val vagy v\u00e1s\u00e1rl\u00e1s kezdem\u00e9nyez\u00e9s\u00e9vel \u00d6n elfogadja ezeket a \u00c1ltal\u00e1nos Szerz\u0151d\u00e9si Felt\u00e9teleket. K\u00f6sz\u00f6nj\u00fck, hogy a Fumotxpress-szel v\u00e1s\u00e1rol!<\/p>","protected":false},"excerpt":{"rendered":"<p>\u00dcdv\u00f6z\u00f6lj\u00fck a Fumotxpress-en, az \u00d6n els\u0151 sz\u00e1m\u00fa \u00fati c\u00e9lja a kiv\u00e1l\u00f3 min\u0151s\u00e9g\u0171 eldobhat\u00f3 vape term\u00e9keknek Eur\u00f3p\u00e1ban. Ezek a Felhaszn\u00e1l\u00e1si Felt\u00e9telek (\u201eFelt\u00e9telek\u201d) szab\u00e1lyozz\u00e1k a [fumotxpress.de] weboldalhoz val\u00f3 hozz\u00e1f\u00e9r\u00e9s\u00e9t \u00e9s haszn\u00e1lat\u00e1t, bele\u00e9rtve az azon kereszt\u00fcl ny\u00fajtott szolg\u00e1ltat\u00e1sokat is. A weboldalunkhoz val\u00f3 hozz\u00e1f\u00e9r\u00e9ssel vagy haszn\u00e1lat\u00e1val \u00d6n beleegyezik, hogy megfeleljen ezeknek a Felt\u00e9teleknek \u00e9s k\u00f6teles azok betart\u00e1s\u00e1ra. Ha \u00d6n nem [\u2026]","protected":false},"author":1,"featured_media":0,"parent":0,"menu_order":0,"comment_status":"closed","ping_status":"closed","template":"page-blank-title-center.php","meta":{"om_disable_all_campaigns":false,"footnotes":""},"class_list":["post-1271","page","type-page","status-publish","hentry"],"_links":{"self":[{"href":"https:\/\/fumotxpress.de\/hu\/wp-json\/wp\/v2\/pages\/1271","targetHints":{"allow":["GET"]}}],"collection":[{"href":"https:\/\/fumotxpress.de\/hu\/wp-json\/wp\/v2\/pages"}],"about":[{"href":"https:\/\/fumotxpress.de\/hu\/wp-json\/wp\/v2\/types\/page"}],"author":[{"embeddable":true,"href":"https:\/\/fumotxpress.de\/hu\/wp-json\/wp\/v2\/users\/1"}],"replies":[{"embeddable":true,"href":"https:\/\/fumotxpress.de\/hu\/wp-json\/wp\/v2\/comments?post=1271"}],"version-history":[{"count":0,"href":"https:\/\/fumotxpress.de\/hu\/wp-json\/wp\/v2\/pages\/1271\/revisions"}],"wp:attachment":[{"href":"https:\/\/fumotxpress.de\/hu\/wp-json\/wp\/v2\/media?parent=1271"}],"curies":[{"name":"wp","href":"https:\/\/api.w.org\/{rel}","templated":true}]}}