{"id":1259,"date":"2024-11-08T13:46:27","date_gmt":"2024-11-08T13:46:27","guid":{"rendered":"https:\/\/fumotxpress.de\/?page_id=1259"},"modified":"2024-11-08T13:51:40","modified_gmt":"2024-11-08T13:51:40","slug":"fumotxpress-kupon-ajanlatok","status":"publish","type":"page","link":"https:\/\/fumotxpress.de\/hu\/fumotxpress-kupon-ajanlatok\/","title":{"rendered":"Fumotxpress kuponok \u00e9s aj\u00e1nlatok"},"content":{"rendered":"<section class=\"section\" id=\"section_557379830\">\n\t\t<div class=\"section-bg fill\" >\n\t\t\t\t\t\t\t\t\t\n\t\t\t\n\n\t\t<\/div>\n\n\t\t\n\n\t\t<div class=\"section-content relative\">\n\t\t\t\n\t<div id=\"gap-1105768871\" class=\"gap-element clearfix\" style=\"display:block; height:auto;\">\n\t\t\n<style>\n#gap-1105768871 {\n  padding-top: 30px;\n}\n<\/style>\n\t<\/div>\n\t\n<div class=\"row row-large\"  id=\"row-1846074207\">\n\n\t<div id=\"col-1679579472\" class=\"col medium-12 small-12 large-6\"  >\n\t\t\t\t<div class=\"col-inner\"  >\n\t\t\t\n\t\t\t\n\t<div id=\"text-3578862559\" class=\"text\">\n\t\t\n<p><strong>Fumotxpress kuponok \u00e9s aj\u00e1nlatok \u2013 Takar\u00edtson meg nagyot a pr\u00e9mium eldobhat\u00f3 vape-okon<\/strong><\/p>\n\t\t\n<style>\n#text-3578862559 {\n  font-size: 1.5rem;\n}\n<\/style>\n\t<\/div>\n\t\n<p>A Fumotxpress-n\u00e9l elk\u00f6telezettek vagyunk amellett, hogy a legjobb eldobhat\u00f3 vape-eket k\u00edn\u00e1ljuk verhetetlen \u00e1rakon. Ak\u00e1r egyetlen darabot v\u00e1s\u00e1rol, ak\u00e1r nagy mennyis\u00e9gben rendel, exkluz\u00edv kuponjaink \u00e9s prom\u00f3ci\u00f3ink seg\u00edtenek megtakar\u00edtani olyan pr\u00e9mium m\u00e1rk\u00e1k eset\u00e9ben, mint az Al Fakher, Fizzy, OBEELAB HHC \u00e9s SMPO DL02. Gyakran t\u00e9rjen vissza a leg\u00fajabb kedvezm\u00e9nyek\u00e9rt, szezon\u00e1lis aj\u00e1nlatok\u00e9rt \u00e9s nagy mennyis\u00e9g\u0171 v\u00e1s\u00e1rl\u00e1si kedvezm\u00e9nyek\u00e9rt.<\/p>\n<p><strong>Hogyan szerezz\u00fcnk Fumotxpress kuponokat<\/strong><\/p>\n<ul>\n<li><strong>Iratkozzon fel h\u00edrlevel\u00fcnkre:<\/strong> Maradjon naprak\u00e9sz a kiz\u00e1r\u00f3lagos kuponk\u00f3dokkal \u00e9s k\u00fcl\u00f6nleges aj\u00e1nlatokkal, egyenesen a postal\u00e1d\u00e1j\u00e1ba.<\/li>\n<li><strong>K\u00f6vessen minket a k\u00f6z\u00f6ss\u00e9gi m\u00e9di\u00e1ban:<\/strong> \u00c9rtes\u00fclj\u00f6n a vill\u00e1m akci\u00f3kr\u00f3l \u00e9s k\u00fcl\u00f6nleges aj\u00e1nlatokr\u00f3l, ha k\u00f6vet benn\u00fcnket az Instagramon, a Facebookon \u00e9s a Twitteren.<\/li>\n<li><strong>Rendszeresen Ellen\u0151rizze Prom\u00f3ci\u00f3s Oldalunkat:<\/strong> L\u00e1togasson el weboldalunkra, hogy friss\u00edtett szezon\u00e1lis kedvezm\u00e9nyeket \u00e9s kuponk\u00f3dokat tal\u00e1ljon minden kedvenc eldobhat\u00f3 vape-j\u00e9re.<\/li>\n<\/ul>\n<p><strong>Aktu\u00e1lis Aj\u00e1nlatok<\/strong><\/p>\n<ul>\n<li><strong>Ingyenes sz\u00e1ll\u00edt\u00e1s:<\/strong> A n\u00e9metorsz\u00e1gi rendel\u00e9sek 49,99 \u20ac, m\u00edg az EU-n bel\u00fcli rendel\u00e9sek 99,99 \u20ac felett jogosultak ingyenes sz\u00e1ll\u00edt\u00e1sra.<\/li>\n<li><strong>Exkluz\u00edv kedvezm\u00e9nyek:<\/strong> Figyeljen oda a korl\u00e1tozott ideig \u00e9rv\u00e9nyes prom\u00f3ci\u00f3s k\u00f3dokra \u00e9s a szezon\u00e1lis aj\u00e1nlatokra.<\/li>\n<\/ul>\n<p><strong>\u00c1ltal\u00e1nos Szerz\u0151d\u00e9si Felt\u00e9telek<\/strong> A kuponok felhaszn\u00e1l\u00e1sa bizonyos felt\u00e9telekhez k\u00f6t\u00f6tt. A kedvezm\u00e9nyek nem vonhat\u00f3k \u00f6ssze, \u00e9s bizonyos kiv\u00e9telek \u00e9rv\u00e9nyesek lehetnek. Tov\u00e1bbi r\u00e9szletek\u00e9rt forduljon \u00fcgyf\u00e9lszolg\u00e1lati csapatunkhoz.<\/p>\n<p><strong>Kezdje el a megtakar\u00edt\u00e1st m\u00e9g ma!<\/strong> Fedezze fel pr\u00e9mium, eldobhat\u00f3 vape term\u00e9keinket, \u00e9s haszn\u00e1lja leg\u00fajabb kuponjainkat a legjobb \u00e1rak\u00e9rt. A Fumotxpress k\u00f6zvetlen\u00fcl eur\u00f3pai rakt\u00e1runkb\u00f3l sz\u00e1ll\u00edt, biztos\u00edtva a gyors sz\u00e1ll\u00edt\u00e1st 3-7 napon bel\u00fcl.<\/p>\n<p>Tov\u00e1bbi inform\u00e1ci\u00f3\u00e9rt vagy k\u00e9rd\u00e9sek eset\u00e9n vegye fel vel\u00fcnk a kapcsolatot: <a rel=\"noopener\">info@fumotxpress.de<\/a>.<\/p>\n<a href=\"https:\/\/vapebaz.com\/shop\/\" class=\"button primary\" target=\"_blank\" rel=\"noopener\">\n\t\t<span>Rendeljen most!<\/span>\n\t<\/a>\n\n\t\t<\/div>\n\t\t\t\t\t<\/div>\n\n\t\n\n\t<div id=\"col-400351940\" class=\"col medium-12 small-12 large-6\"  >\n\t\t\t\t<div class=\"col-inner\"  >\n\t\t\t\n\t\t\t\n\n\t\t<div class=\"icon-box featured-box icon-box-left text-left\"  >\n\t\t\t\t\t<div class=\"icon-box-img\" style=\"width: 50px\">\n\t\t\t\t<div class=\"icon\">\n\t\t\t\t\t<div class=\"icon-inner\" >\n\t\t\t\t\t\t\t\t\t\t\t<\/div>\n\t\t\t\t<\/div>\n\t\t\t<\/div>\n\t\t\t\t<div class=\"icon-box-text last-reset\">\n\t\t\t\t\t\t\t\t\t\n<h3>GET 1% OFF<\/h3>\n<h4><strong>Szerezzen 11% kedvezm\u00e9nyt a 100 eur\u00f3 feletti rendel\u00e9sekre<\/strong><\/h4>\n<p>Lej\u00e1r: 2024.12.31.<\/p>\n<a class=\"button primary\"  >\n\t\t<span>Coupon: fumotx1<\/span>\n\t<\/a>\n\n\t\t<\/div>\n\t<\/div>\n\t\n\t\n\t<div id=\"gap-443941624\" class=\"gap-element clearfix\" style=\"display:block; height:auto;\">\n\t\t\n<style>\n#gap-443941624 {\n  padding-top: 30px;\n}\n<\/style>\n\t<\/div>\n\t\n\n\t\t<div class=\"icon-box featured-box icon-box-left text-left\"  >\n\t\t\t\t\t<div class=\"icon-box-img\" style=\"width: 50px\">\n\t\t\t\t<div class=\"icon\">\n\t\t\t\t\t<div class=\"icon-inner\" >\n\t\t\t\t\t\t\t\t\t\t\t<\/div>\n\t\t\t\t<\/div>\n\t\t\t<\/div>\n\t\t\t\t<div class=\"icon-box-text last-reset\">\n\t\t\t\t\t\t\t\t\t\n<h3>GET 2% OFF<\/h3>\n<h4><strong>GET 21% OFF ON ORDERS OVER \u20ac250<\/strong><\/h4>\n<p>Lej\u00e1r: 2024.12.31.<\/p>\n<a class=\"button primary\"  >\n\t\t<span>Coupon: fumotx2<\/span>\n\t<\/a>\n\n\t\t<\/div>\n\t<\/div>\n\t\n\t\n\t<div id=\"gap-1447343458\" class=\"gap-element clearfix\" style=\"display:block; height:auto;\">\n\t\t\n<style>\n#gap-1447343458 {\n  padding-top: 30px;\n}\n<\/style>\n\t<\/div>\n\t\n\n\t\t<div class=\"icon-box featured-box icon-box-left text-left\"  >\n\t\t\t\t\t<div class=\"icon-box-img\" style=\"width: 50px\">\n\t\t\t\t<div class=\"icon\">\n\t\t\t\t\t<div class=\"icon-inner\" >\n\t\t\t\t\t\t\t\t\t\t\t<\/div>\n\t\t\t\t<\/div>\n\t\t\t<\/div>\n\t\t\t\t<div class=\"icon-box-text last-reset\">\n\t\t\t\t\t\t\t\t\t\n<h3>GET 3% OFF<\/h3>\n<h4><strong>GET 3% OFF ON ORDERS OVER \u20ac500\/$500<\/strong><\/h4>\n<p>Lej\u00e1r: 2024.12.31.<\/p>\n<a class=\"button primary\"  >\n\t\t<span>Coupon: fumotx3<\/span>\n\t<\/a>\n\n\t\t<\/div>\n\t<\/div>\n\t\n\t\n\t<div id=\"gap-1902318479\" class=\"gap-element clearfix\" style=\"display:block; height:auto;\">\n\t\t\n<style>\n#gap-1902318479 {\n  padding-top: 50px;\n}\n<\/style>\n\t<\/div>\n\t\n\n  <div class=\"banner has-hover\" id=\"banner-1092109361\">\n          <div class=\"banner-inner fill\">\n        <div class=\"banner-bg fill\" >\n            <img loading=\"lazy\" decoding=\"async\" width=\"1000\" height=\"1000\" src=\"https:\/\/fumotxpress.de\/wp-content\/uploads\/2024\/11\/Fumot-RandM-Digital-Box-12000.webp\" class=\"bg attachment-original size-original\" alt=\"Fumot-RandM-Digital-Box-12000.\" \/>                                    \n                    <\/div>\n\t\t\n        <div class=\"banner-layers container\">\n            <div class=\"fill banner-link\"><\/div>            \n   <div id=\"text-box-1987787713\" class=\"text-box banner-layer x50 md-x50 lg-x50 y50 md-y50 lg-y50 res-text\">\n                                <div class=\"text-box-content text dark\">\n              \n              <div class=\"text-inner text-center\">\n                  \n              <\/div>\n           <\/div>\n                            \n<style>\n#text-box-1987787713 {\n  width: 60%;\n}\n#text-box-1987787713 .text-box-content {\n  font-size: 100%;\n}\n@media (min-width:550px) {\n  #text-box-1987787713 {\n    width: 60%;\n  }\n}\n<\/style>\n    <\/div>\n \n        <\/div>\n      <\/div>\n\n            \n<style>\n#banner-1092109361 {\n  padding-top: 99%;\n}\n#banner-1092109361 .banner-bg img {\n  object-position: 18% 0%;\n}\n<\/style>\n  <\/div>\n\n\n\t\t<\/div>\n\t\t\t\t\t<\/div>\n\n\t\n<\/div>\n\t\t<\/div>\n\n\t\t\n<style>\n#section_557379830 {\n  padding-top: 30px;\n  padding-bottom: 30px;\n}\n<\/style>\n\t<\/section>","protected":false},"excerpt":{"rendered":"","protected":false},"author":1,"featured_media":0,"parent":0,"menu_order":0,"comment_status":"closed","ping_status":"closed","template":"page-blank-title-center.php","meta":{"om_disable_all_campaigns":false,"footnotes":""},"class_list":["post-1259","page","type-page","status-publish","hentry"],"_links":{"self":[{"href":"https:\/\/fumotxpress.de\/hu\/wp-json\/wp\/v2\/pages\/1259","targetHints":{"allow":["GET"]}}],"collection":[{"href":"https:\/\/fumotxpress.de\/hu\/wp-json\/wp\/v2\/pages"}],"about":[{"href":"https:\/\/fumotxpress.de\/hu\/wp-json\/wp\/v2\/types\/page"}],"author":[{"embeddable":true,"href":"https:\/\/fumotxpress.de\/hu\/wp-json\/wp\/v2\/users\/1"}],"replies":[{"embeddable":true,"href":"https:\/\/fumotxpress.de\/hu\/wp-json\/wp\/v2\/comments?post=1259"}],"version-history":[{"count":0,"href":"https:\/\/fumotxpress.de\/hu\/wp-json\/wp\/v2\/pages\/1259\/revisions"}],"wp:attachment":[{"href":"https:\/\/fumotxpress.de\/hu\/wp-json\/wp\/v2\/media?parent=1259"}],"curies":[{"name":"wp","href":"https:\/\/api.w.org\/{rel}","templated":true}]}}