{"id":1253,"date":"2024-11-08T13:42:01","date_gmt":"2024-11-08T13:42:01","guid":{"rendered":"https:\/\/fumotxpress.de\/?page_id=1253"},"modified":"2024-11-08T13:44:16","modified_gmt":"2024-11-08T13:44:16","slug":"fumotxpress-fizetesi-modok","status":"publish","type":"page","link":"https:\/\/fumotxpress.de\/hu\/fumotxpress-fizetesi-modok\/","title":{"rendered":"Fumotxpress Fizet\u00e9si M\u00f3dok"},"content":{"rendered":"<p>A Fumotxpress-en\u00e9l sz\u00e1mos biztons\u00e1gos \u00e9s k\u00e9nyelmes fizet\u00e9si lehet\u0151s\u00e9get k\u00edn\u00e1lunk, hogy z\u00f6kken\u0151mentes legyen a v\u00e1s\u00e1rl\u00e1si \u00e9lm\u00e9ny.<\/p>\n<h4>PayPal<\/h4>\n<p>A gyors \u00e9s biztons\u00e1gos fizet\u00e9sek \u00e9rdek\u00e9ben elfogadjuk a PayPalt, amely sz\u00e9lesk\u00f6r\u0171 vev\u0151v\u00e9delemmel szolg\u00e1l a nyugalom \u00e9rdek\u00e9ben.<\/p>\n<h4>Kriptovaluta<\/h4>\n<p>K\u00fcl\u00f6nb\u00f6z\u0151 kriptovalut\u00e1kat fogadunk el, biztos\u00edtva a modern \u00e9s rugalmas m\u00f3dj\u00e1t a tranzakci\u00f3k lebonyol\u00edt\u00e1s\u00e1nak.<\/p>\n<h4>SEPA banksz\u00e1mla-\u00e1tutal\u00e1s<\/h4>\n<p>Az EU-n bel\u00fcli \u00fcgyfelek sz\u00e1m\u00e1ra el\u00e9rhet\u0151 a SEPA banki \u00e1tutal\u00e1s, amely k\u00f6lts\u00e9ghat\u00e9kony m\u00f3dot k\u00edn\u00e1l a k\u00f6zvetlen fizet\u00e9sre a banksz\u00e1ml\u00e1r\u00f3l.<\/p>\n<p><strong>Vegye fel vel\u00fcnk a kapcsolatot<\/strong>: <a rel=\"noopener\">info@fumotxpress.de<\/a> B\u00e1rmilyen k\u00e9rd\u00e9s eset\u00e9n.  K\u00e9rj\u00fck, vegye figyelembe, hogy a 49,99 \u20ac feletti rendel\u00e9sek N\u00e9metorsz\u00e1gban \u00e9s 99,99 \u20ac feletti rendel\u00e9sek az EU-ban ingyenesen sz\u00e1ll\u00edtjuk.<\/p>\n<h4>Nincs Minim\u00e1lis Rendel\u00e9si K\u00f6vetelm\u00e9ny<\/h4>\n<p>Ak\u00e1r \u00d6n egy kis keresked\u0151, ak\u00e1r fogyaszt\u00f3 szem\u00e9lyes haszn\u00e1latra v\u00e1s\u00e1rol, a Fumotxpress aj\u00e1nlja <strong>Nincs minim\u00e1lis rendel\u00e9si k\u00f6vetelm\u00e9ny<\/strong>Megv\u00e1s\u00e1rolhatja kedvenc eldobhat\u00f3 vape \u00edz\u00e9nek egyetlen darabj\u00e1t mindenf\u00e9le probl\u00e9ma n\u00e9lk\u00fcl. Ez a rugalmass\u00e1g t\u00f6k\u00e9letes azok sz\u00e1m\u00e1ra, akik k\u00fcl\u00f6nb\u00f6z\u0151 \u00edzeket szeretn\u00e9nek kipr\u00f3b\u00e1lni, vagy egy term\u00e9ket tesztelni szeretn\u00e9nek an\u00e9lk\u00fcl, hogy nagy mennyis\u00e9geket kellene v\u00e1s\u00e1rolniuk.<\/p>\n<h4>Ingyenes Sz\u00e1ll\u00edt\u00e1si Lehet\u0151s\u00e9gek<\/h4>\n<p>Hogy v\u00e1s\u00e1rl\u00e1si \u00e9lm\u00e9ny\u00e9t m\u00e9g jobb\u00e1 tegy\u00fck, aj\u00e1nljuk <strong>Ingyenes sz\u00e1ll\u00edt\u00e1s<\/strong> olyan rendel\u00e9sekre, amelyek megfelelnek az al\u00e1bbi felt\u00e9teleknek:<\/p>\n<ul>\n<li><strong>N\u00e9metorsz\u00e1g<\/strong>: A 49,99 eur\u00f3t meghalad\u00f3 rendel\u00e9sek ingyenes sz\u00e1ll\u00edt\u00e1st vehetnek ig\u00e9nybe N\u00e9metorsz\u00e1gon bel\u00fcl.<\/li>\n<li><strong>Eur\u00f3pai Uni\u00f3<\/strong>: A 99,99 eur\u00f3t meghalad\u00f3 rendel\u00e9sek jogosultak az ingyenes sz\u00e1ll\u00edt\u00e1sra az EU-n bel\u00fcl.<\/li>\n<\/ul>\n<p>Meg\u00e9rtj\u00fck, hogy a rendel\u00e9s gyors k\u00e9zbes\u00edt\u00e9se fontos, \u00e9s \u00e9ppen ez\u00e9rt k\u00f6zvetlen\u00fcl rakt\u00e1runkb\u00f3l sz\u00e1ll\u00edtjuk ki a megrendel\u00e9seket <strong>N\u00e9metorsz\u00e1g<\/strong>. Gondoskodunk r\u00f3la, hogy minden rendel\u00e9st s\u00fcrg\u0151sen elk\u00fcldj\u00fcnk, a sz\u00e1ll\u00edt\u00e1si id\u0151k \u00e1ltal\u00e1ban k\u00f6z\u00e9 tartoznak <strong>3-7 nap<\/strong> az EU-ban.<\/p>\n<h3>Hogyan fizess\u00fcnk<\/h3>\n<p>A t\u00e9telek kiv\u00e1laszt\u00e1sa ut\u00e1n egyszer\u0171en v\u00e1lassza ki a prefer\u00e1lt fizet\u00e9si m\u00f3dot a p\u00e9nzt\u00e1rn\u00e1l. <strong>PayPal<\/strong> \u00e9s <strong>Kriptovaluta<\/strong> fizet\u00e9sek, biztons\u00e1gos fizet\u00e9si \u00e1tj\u00e1r\u00f3ra lesz \u00e1tir\u00e1ny\u00edtva, ahol befejezheti a tranzakci\u00f3t. <strong>SEPA banksz\u00e1mla-\u00e1tutal\u00e1sok<\/strong>Rendszer\u00fcnk biztos\u00edtja a sz\u00fcks\u00e9ges banki adatokat a fizet\u00e9s teljes\u00edt\u00e9s\u00e9hez.  A fizet\u00e9s meger\u0151s\u00edt\u00e9s\u00e9t k\u00f6vet\u0151en feldolgozzuk rendel\u00e9s\u00e9t, \u00e9s k\u00f6zvetlen\u00fcl \u00d6nnek sz\u00e1ll\u00edtjuk.<\/p>\n<hr \/>\n<h3>L\u00e9pjen Kapcsolatba Vel\u00fcnk<\/h3>\n<p>Ha b\u00e1rmilyen k\u00e9rd\u00e9se van fizet\u00e9si m\u00f3dszereinkkel kapcsolatban, vagy seg\u00edts\u00e9gre van sz\u00fcks\u00e9ge egy fizet\u00e9si probl\u00e9ma megold\u00e1s\u00e1ban, ne habozzon kapcsolatba l\u00e9pni vel\u00fcnk: <strong><a rel=\"noopener\">info@fumotxpress.de<\/a><\/strong>\u00dcgyf\u00e9lszolg\u00e1lati csapatunk mindig k\u00e9szen \u00e1ll a seg\u00edts\u00e9gre.<\/p>\n<hr \/>\n<p>\u00dagy gondoljuk, hogy a k\u00fcl\u00f6nb\u00f6z\u0151 fizet\u00e9si m\u00f3dok k\u00edn\u00e1lata seg\u00edt kiel\u00e9g\u00edteni \u00fcgyfeleink v\u00e1ltozatos ig\u00e9nyeit, biztos\u00edtva, hogy a v\u00e1s\u00e1rl\u00e1si \u00e9lm\u00e9ny a lehet\u0151 legsim\u00e1bb \u00e9s leg\u00e9lvezetesebb legyen. Ak\u00e1r a hagyom\u00e1nyos m\u00f3dszereket, p\u00e9ld\u00e1ul a PayPal-t \u00e9s a SEPA banki \u00e1tutal\u00e1sokat r\u00e9szes\u00edti el\u0151nyben, ak\u00e1r a modernebb megold\u00e1sokat, p\u00e9ld\u00e1ul a kriptovalut\u00e1t, mi biztos\u00edtjuk a sz\u00fcks\u00e9ges lehet\u0151s\u00e9geket!<\/p>","protected":false},"excerpt":{"rendered":"<p>A Fumotxpress-n\u00e9l sz\u00e1mos biztons\u00e1gos \u00e9s k\u00e9nyelmes fizet\u00e9si lehet\u0151s\u00e9get k\u00edn\u00e1lunk a z\u00f6kken\u0151mentes v\u00e1s\u00e1rl\u00e1si \u00e9lm\u00e9ny biztos\u00edt\u00e1sa \u00e9rdek\u00e9ben. PayPal A gyors \u00e9s biztons\u00e1gos fizet\u00e9sekhez elfogadjuk a PayPalt, amely sz\u00e9lesk\u00f6r\u0171 vev\u0151v\u00e9delemmel szolg\u00e1l a nyugalom \u00e9rdek\u00e9ben.  Cryptocurrency Elfogadunk k\u00fcl\u00f6nb\u00f6z\u0151 kriptovalut\u00e1kat, amelyek modern \u00e9s rugalmas m\u00f3dot ny\u00fajtanak a tranzakci\u00f3k befejez\u00e9s\u00e9re. SEPA banksz\u00e1mla-\u00e1tutal\u00e1s","protected":false},"author":1,"featured_media":0,"parent":0,"menu_order":0,"comment_status":"closed","ping_status":"closed","template":"page-blank-title-center.php","meta":{"om_disable_all_campaigns":false,"footnotes":""},"class_list":["post-1253","page","type-page","status-publish","hentry"],"_links":{"self":[{"href":"https:\/\/fumotxpress.de\/hu\/wp-json\/wp\/v2\/pages\/1253","targetHints":{"allow":["GET"]}}],"collection":[{"href":"https:\/\/fumotxpress.de\/hu\/wp-json\/wp\/v2\/pages"}],"about":[{"href":"https:\/\/fumotxpress.de\/hu\/wp-json\/wp\/v2\/types\/page"}],"author":[{"embeddable":true,"href":"https:\/\/fumotxpress.de\/hu\/wp-json\/wp\/v2\/users\/1"}],"replies":[{"embeddable":true,"href":"https:\/\/fumotxpress.de\/hu\/wp-json\/wp\/v2\/comments?post=1253"}],"version-history":[{"count":0,"href":"https:\/\/fumotxpress.de\/hu\/wp-json\/wp\/v2\/pages\/1253\/revisions"}],"wp:attachment":[{"href":"https:\/\/fumotxpress.de\/hu\/wp-json\/wp\/v2\/media?parent=1253"}],"curies":[{"name":"wp","href":"https:\/\/api.w.org\/{rel}","templated":true}]}}