{"id":1231,"date":"2024-11-08T12:25:27","date_gmt":"2024-11-08T12:25:27","guid":{"rendered":"https:\/\/fumotxpress.de\/?page_id=1231"},"modified":"2024-11-08T12:34:04","modified_gmt":"2024-11-08T12:34:04","slug":"a-fumotxpressrol","status":"publish","type":"page","link":"https:\/\/fumotxpress.de\/hu\/a-fumotxpressrol\/","title":{"rendered":"A Fumotxpressr\u0151l"},"content":{"rendered":"<h2><strong>Pr\u00e9mium eldobhat\u00f3 vape term\u00e9kek N\u00e9metorsz\u00e1gb\u00f3l<\/strong><\/h2>\n<p>\u00dcdv\u00f6z\u00f6lj\u00fck <strong>Fumotxpress<\/strong>, a megb\u00edzhat\u00f3 forr\u00e1s a pr\u00e9mium eldobhat\u00f3 vape term\u00e9kekhez, amely a legjobb term\u00e9kek v\u00e1logatott k\u00edn\u00e1lat\u00e1t ny\u00fajtja az ipar\u00e1gban.  N\u00e9metorsz\u00e1gban sz\u00e9kel\u00fcnk \u00e9s az Eur\u00f3pai Uni\u00f3ba sz\u00e1ll\u00edtunk, elk\u00f6telezettek vagyunk a kiv\u00e1l\u00f3 min\u0151s\u00e9g\u0171 vape term\u00e9kek gyors, megb\u00edzhat\u00f3 \u00e9s k\u00e9nyelmes h\u00e1zhozsz\u00e1ll\u00edt\u00e1sa mellett.<\/p>\n<p>At <strong>Fumotxpress<\/strong>Mi hissz\u00fck, hogy \u00fcgyfeleinknek kiv\u00e9teles g\u0151z\u00f6l\u00e9si \u00e9lm\u00e9nyt kell ny\u00fajtani. Ez\u00e9rt gondosan kiv\u00e1lasztjuk a legjobb m\u00e1rk\u00e1kat a piacon, biztos\u00edtva, hogy minden \u00e1ltalunk k\u00edn\u00e1lt vape a legmagasabb min\u0151s\u00e9gi sz\u00ednvonalon k\u00e9sz\u00fclj\u00f6n. Exkluz\u00edv k\u00edn\u00e1latunkban olyan n\u00e9pszer\u0171 m\u00e1rk\u00e1k szerepelnek, mint <strong>Al Fakher<\/strong>, <strong>Fizzy<\/strong>, <strong>OBEELAB HHC<\/strong>\u00e9s <strong>SMPO DL02<\/strong>Mindegyik\u00fck ismert a maga jellegzetes \u00edzei \u00e9s kiv\u00e1l\u00f3 teljes\u00edtm\u00e9nye miatt. Ak\u00e1r \u00faj vagy a vapel\u00e9sben, ak\u00e1r tapasztalt rajong\u00f3, van valami mindenki sz\u00e1m\u00e1ra.<\/p>\n<h3>Mi\u00e9rt v\u00e1lassza a Fumotxpress-t?<\/h3>\n<p><strong>1. Pr\u00e9mium eldobhat\u00f3 vape-ok<\/strong><\/p>\n<p>Mi arra t\u00f6reksz\u00fcnk, hogy csak a legjobb eldobhat\u00f3 vape-eket hozzuk el \u00d6nnek megb\u00edzhat\u00f3, j\u00f3l ismert m\u00e1rk\u00e1kt\u00f3l. Term\u00e9keinket a k\u00e9nyelem \u00e9s a megb\u00edzhat\u00f3s\u00e1g \u00e9rdek\u00e9ben tervezt\u00fck, hogy minden alkalommal sima, kiel\u00e9g\u00edt\u0151 vape-\u00e9lm\u00e9nyt ny\u00fajtson \u00d6nnek. Ak\u00e1r az Al Fakher gazdag \u00edzeit, a Fizzy friss\u00edt\u0151 \u00edz\u00e9t, vagy az OBEELAB innovat\u00edv HHC lehet\u0151s\u00e9geit keresi, mindent megtal\u00e1l itt: <strong>Fumotxpress<\/strong>.<\/p>\n<p><strong>2. Gyors \u00e9s megb\u00edzhat\u00f3 sz\u00e1ll\u00edt\u00e1s<\/strong><\/p>\n<p>Meg\u00e9rtj\u00fck, hogy amikor megrendel\u00e9st ad le, akkor azt gyorsan \u00e9s t\u00f6k\u00e9letes \u00e1llapotban szeretn\u00e9 megkapni. Ez\u00e9rt minden megrendel\u00e9st k\u00f6zvetlen\u00fcl a saj\u00e1t rakt\u00e1runkb\u00f3l sz\u00e1ll\u00edtunk ki. <strong>Eur\u00f3pai rakt\u00e1r<\/strong>biztos\u00edtva, hogy term\u00e9keink 3-7 napon bel\u00fcl meg\u00e9rkezzenek \u00d6nh\u00f6z. Nincs t\u00f6bb hossz\u00fa v\u00e1rakoz\u00e1s vagy sz\u00e1ll\u00edt\u00e1si k\u00e9sedelem \u2013 csak gyors, hat\u00e9kony szolg\u00e1ltat\u00e1s.<\/p>\n<p><strong>3. Ingyenes sz\u00e1ll\u00edt\u00e1s megrendel\u00e9sek eset\u00e9n 49,99 \u20ac felett (N\u00e9metorsz\u00e1g) \u00e9s 99,99 \u20ac felett (EU)<\/strong><\/p>\n<p>\u00dagy gondoljuk, hogy nagy \u00e9rt\u00e9ket kell ny\u00fajtani \u00fcgyfeleinknek. Ez\u00e9rt k\u00edn\u00e1ljuk <strong>Ingyenes sz\u00e1ll\u00edt\u00e1s<\/strong> 49,99 \u20ac feletti rendel\u00e9sek eset\u00e9n N\u00e9metorsz\u00e1gon bel\u00fcl \u00e9s 99,99 \u20ac feletti rendel\u00e9sek eset\u00e9n az Eur\u00f3pai Uni\u00f3n bel\u00fcl. Ez a mi m\u00f3dunk arra, hogy a vapeol\u00e1s \u00e9lm\u00e9ny\u00e9t ne csak k\u00e9nyelmess\u00e9, hanem k\u00f6lts\u00e9ghat\u00e9konny\u00e1 is tegy\u00fck.<\/p>\n<p><strong>4. Nincs Minim\u00e1lis Rendel\u00e9si K\u00f6vetelm\u00e9ny<\/strong><\/p>\n<p>Ak\u00e1r egyetlen vapet keresel, hogy kipr\u00f3b\u00e1ld, ak\u00e1r nagyobb rendel\u00e9st adsz fel a k\u00e9szletek felt\u00f6lt\u00e9s\u00e9re, <strong>Fumotxpress<\/strong> Mindig sz\u00e1m\u00edthat r\u00e1nk. Nincs minim\u00e1lis rendel\u00e9si mennyis\u00e9g\u00fcnk, \u00edgy annyit v\u00e1s\u00e1rolhat, amennyire sz\u00fcks\u00e9ge van - rugalmasan \u00e9s nyom\u00e1s n\u00e9lk\u00fcl.<\/p>\n<p><strong>5. Biztons\u00e1gos Fizet\u00e9si Lehet\u0151s\u00e9gek<\/strong><\/p>\n<p>T\u00f6bb fizet\u00e9si m\u00f3dot k\u00edn\u00e1lunk a z\u00f6kken\u0151mentes \u00e9s biztons\u00e1gos tranzakci\u00f3 \u00e9rdek\u00e9ben. Megrendel\u00e9s\u00e9t fizetheti <strong>PayPal<\/strong>, <strong>hitelk\u00e1rty\u00e1k<\/strong>\u00e9s <strong>kriptovaluta<\/strong>biztons\u00e1got ny\u00fajtva, f\u00fcggetlen\u00fcl att\u00f3l, hogy milyen fizet\u00e9si m\u00f3dot prefer\u00e1l. Ezenk\u00edv\u00fcl Eur\u00f3pa-szerte \u00fcgyfeleink sz\u00e1m\u00e1ra elfogadjuk <strong>SEPA banki \u00e1tutal\u00e1sok<\/strong>, tov\u00e1bbi k\u00e9nyelmi r\u00e9teget biztos\u00edtva az eur\u00f3pai v\u00e1s\u00e1rl\u00f3k sz\u00e1m\u00e1ra.<\/p>\n<p><strong>6. Kiv\u00e9teles \u00dcgyf\u00e9lszolg\u00e1lat<\/strong><\/p>\n<p>B\u00fcszk\u00e9k vagyunk arra, hogy kiv\u00e1l\u00f3 \u00fcgyf\u00e9lszolg\u00e1latot ny\u00fajtunk, \u00e9s mindig k\u00e9szen \u00e1llunk seg\u00edteni \u00d6nnek. Ha k\u00e9rd\u00e9sei vannak, agg\u00e1lyai vannak, vagy seg\u00edts\u00e9gre van sz\u00fcks\u00e9ge a megfelel\u0151 term\u00e9k kiv\u00e1laszt\u00e1s\u00e1ban, csapatunk csak egy e-mailre van t\u00e1vol. L\u00e9pjen kapcsolatba vel\u00fcnk: <strong><a rel=\"noopener\">info@fumotxpress.de<\/a><\/strong> \u00e9s boldogan seg\u00edt\u00fcnk.<\/p>\n<hr \/>\n<h3>\u00cdg\u00e9ret\u00fcnk<\/h3>\n<p>At <strong>Fumotxpress<\/strong>Nemcsak eldobhat\u00f3 vape-eket \u00e1rulunk - hanem egy \u00e9lm\u00e9nyt ny\u00fajtunk. Azon pillanatt\u00f3l kezdve, hogy leadja rendel\u00e9s\u00e9t, eg\u00e9szen addig, am\u00edg a csomag meg\u00e9rkezik az \u00d6n ajtaj\u00e1hoz, biztos\u00edtjuk a z\u00f6kken\u0151mentes \u00e9s kiel\u00e9g\u00edt\u0151 folyamatot. Lelkesed\u00fcnk az\u00e9rt, amit csin\u00e1lunk, \u00e9s elk\u00f6telezettek vagyunk amellett, hogy a legmagasabb min\u0151s\u00e9g\u0171 vape term\u00e9keket biztos\u00edtsuk \u00d6nnek, amelyet kiv\u00e1l\u00f3 \u00fcgyf\u00e9lszolg\u00e1lat t\u00e1mogat.<\/p>\n<p><strong>A vape utaz\u00e1sod itt kezd\u0151dik<\/strong> - pr\u00e9mium term\u00e9kekkel, gyors sz\u00e1ll\u00edt\u00e1ssal \u00e9s verhetetlen \u00fcgyf\u00e9l-el\u00e9gedetts\u00e9ggel.<\/p>\n<p>K\u00f6sz\u00f6nj\u00fck, hogy v\u00e1lasztott minket <strong>Fumotxpress<\/strong>K\u00edv\u00e1njuk, hogy legyen a vape-al kapcsolatos minden ig\u00e9ny\u00e9nek kiel\u00e9g\u00edt\u00e9s\u00e9re szolg\u00e1l\u00f3 els\u0151 sz\u00e1m\u00fa \u00fatic\u00e9lja!<\/p>","protected":false},"excerpt":{"rendered":"<p>Pr\u00e9mium Eldobhat\u00f3 Vape Term\u00e9kek N\u00e9metorsz\u00e1gb\u00f3l \u00dcdv\u00f6z\u00f6lj\u00fck a Fumotxpress-n\u00e9l, a pr\u00e9mium eldobhat\u00f3 vape term\u00e9kek megb\u00edzhat\u00f3 forr\u00e1s\u00e1n\u00e1l, amely a legjobb ipari term\u00e9kek v\u00e1logatott k\u00edn\u00e1lat\u00e1t ny\u00fajtja. N\u00e9metorsz\u00e1gban sz\u00e9kel\u00fcnk \u00e9s az Eur\u00f3pai Uni\u00f3 eg\u00e9sz ter\u00fclet\u00e9re sz\u00e1ll\u00edtunk, elk\u00f6telezettek vagyunk a kiv\u00e1l\u00f3 min\u0151s\u00e9g\u0171 vape term\u00e9kek gyors, megb\u00edzhat\u00f3 \u00e9s k\u00e9nyelmes sz\u00e1ll\u00edt\u00e1sa mellett az \u00d6n ajtaj\u00e1ig.","protected":false},"author":1,"featured_media":0,"parent":0,"menu_order":0,"comment_status":"closed","ping_status":"closed","template":"page-blank-title-center.php","meta":{"om_disable_all_campaigns":false,"footnotes":""},"class_list":["post-1231","page","type-page","status-publish","hentry"],"_links":{"self":[{"href":"https:\/\/fumotxpress.de\/hu\/wp-json\/wp\/v2\/pages\/1231","targetHints":{"allow":["GET"]}}],"collection":[{"href":"https:\/\/fumotxpress.de\/hu\/wp-json\/wp\/v2\/pages"}],"about":[{"href":"https:\/\/fumotxpress.de\/hu\/wp-json\/wp\/v2\/types\/page"}],"author":[{"embeddable":true,"href":"https:\/\/fumotxpress.de\/hu\/wp-json\/wp\/v2\/users\/1"}],"replies":[{"embeddable":true,"href":"https:\/\/fumotxpress.de\/hu\/wp-json\/wp\/v2\/comments?post=1231"}],"version-history":[{"count":0,"href":"https:\/\/fumotxpress.de\/hu\/wp-json\/wp\/v2\/pages\/1231\/revisions"}],"wp:attachment":[{"href":"https:\/\/fumotxpress.de\/hu\/wp-json\/wp\/v2\/media?parent=1231"}],"curies":[{"name":"wp","href":"https:\/\/api.w.org\/{rel}","templated":true}]}}