{"id":763,"date":"2024-11-05T07:04:55","date_gmt":"2024-11-05T07:04:55","guid":{"rendered":"https:\/\/fumotxpress.de\/?post_type=product&#038;p=763"},"modified":"2025-05-20T09:51:57","modified_gmt":"2025-05-20T09:51:57","slug":"entrepot-europeen-airmez-matrix-25000-bouffees-a-faible-teneur-en-nicotine-acheter-stylo-vapes-jetable-rechargeable-authentique-original","status":"publish","type":"product","link":"https:\/\/fumotxpress.de\/fr\/produit\/entrepot-europeen-airmez-matrix-25000-bouffees-a-faible-teneur-en-nicotine-acheter-stylo-vapes-jetable-rechargeable-authentique-original\/","title":{"rendered":"Warehouse europ\u00e9en Airmez Matrix 25000 bouff\u00e9es Nicotine faible Acheter Vape Pen jetable rechargeable Authentique d'origine"},"content":{"rendered":"<h2>Airmez Matrix 25000 Puffs Rechargeable Disposable Vape Pen \u2013 \u00c9l\u00e9vation de votre exp\u00e9rience de vapotage<\/h2>\n<h3>Introduction \u00e0 la Airmez Matrix 25000 Puffs<\/h3>\n<p>Le <a href=\"https:\/\/fumotxpress.de\/fr\/produit\/entrepot-europeen-airmez-matrix-25000-bouffees-a-faible-teneur-en-nicotine-acheter-stylo-vapes-jetable-rechargeable-authentique-original\/\"><strong>Stylo Vape Jetable Rechargeable Airmez Matrix 25000 Bouff\u00e9es<\/strong><\/a> fixe une nouvelle r\u00e9f\u00e9rence pour les amateurs de vape. Con\u00e7u pour les vapoteurs exp\u00e9riment\u00e9s et les d\u00e9butants, cet appareil de vape \u00e9l\u00e9gant et innovant combine une technologie de pointe avec des performances extraordinaires. Disponible exclusivement chez <a href=\"https:\/\/fumotxpress.de\/fr\/\"><strong>FumotXpress.de<\/strong><\/a>, la principale plateforme de vente en ligne allemande pour les vapes jetables, ce produit offre une saveur et une durabilit\u00e9 exceptionnelles. Con\u00e7u pour ceux qui appr\u00e9cient la long\u00e9vit\u00e9, la commodit\u00e9 et la qualit\u00e9, l'Airmez Matrix est un accessoire incontournable pour quiconque cherche une exp\u00e9rience de vapotage haut de gamme. Avec la capacit\u00e9 impressionnante de d\u00e9livrer jusqu'\u00e0 25 000 bouff\u00e9es, ce stylo vape rechargeable assure que vous n'aurez pas besoin de remplacements constants, ce qui en fait un choix parfait pour les vapoteurs quotidiens et ceux qui sont en d\u00e9placement.<\/p>\n<p><img loading=\"lazy\" decoding=\"async\" class=\"alignnone size-full wp-image-798\" src=\"https:\/\/fumotxpress.de\/wp-content\/uploads\/2024\/11\/Airmez-Matrix-25000.webp\" alt=\"Airmez-Matrix-25000\" width=\"1016\" height=\"1452\" srcset=\"https:\/\/fumotxpress.de\/wp-content\/uploads\/2024\/11\/Airmez-Matrix-25000.webp 1016w, https:\/\/fumotxpress.de\/wp-content\/uploads\/2024\/11\/Airmez-Matrix-25000-600x857.webp 600w, https:\/\/fumotxpress.de\/wp-content\/uploads\/2024\/11\/Airmez-Matrix-25000-210x300.webp 210w, https:\/\/fumotxpress.de\/wp-content\/uploads\/2024\/11\/Airmez-Matrix-25000-717x1024.webp 717w, https:\/\/fumotxpress.de\/wp-content\/uploads\/2024\/11\/Airmez-Matrix-25000-768x1098.webp 768w\" sizes=\"auto, (max-width: 1016px) 100vw, 1016px\" \/><\/p>\n<h3>Qu'est-ce qui distingue l'Airmez Matrix 25000 Puffs ?<\/h3>\n<p>Le <strong>Stylo Vape Jetable Airmez Matrix 25000 Puffs<\/strong> se d\u00e9marque de la concurrence en raison de ses fonctionnalit\u00e9s avanc\u00e9es et de sa conception conviviale. De la capacit\u00e9 de la batterie puissante \u00e0 la technologie innovante de flux d'air, voici ce qui fait de cet appareil un choix exceptionnel pour les amateurs de vapotage :<\/p>\n<h4>Capacit\u00e9 de Puff Longue Dur\u00e9e<\/h4>\n<ul>\n<li><strong>Jusqu'\u00e0 25 000 bouff\u00e9es<\/strong> en mode Normal et <strong>15 000 bouff\u00e9es<\/strong> En mode Boost - parfait pour un vapotage prolong\u00e9 sans remplacements fr\u00e9quents.<\/li>\n<\/ul>\n<h4>Technologie de bobine \u00e0 double maille<\/h4>\n<ul>\n<li>Profitez de nuages lisses et aromatiques \u00e0 chaque bouff\u00e9e. Les bobines \u00e0 double maille am\u00e9liorent la saveur et la production de vapeur, offrant une exp\u00e9rience de vapotage riche et constante.<\/li>\n<\/ul>\n<h4>D\u00e9bit d'air r\u00e9glable<\/h4>\n<ul>\n<li>Personnalisez votre exp\u00e9rience de vapotage avec un d\u00e9bit d'air r\u00e9glable pour r\u00e9pondre \u00e0 vos pr\u00e9f\u00e9rences personnelles, que vous pr\u00e9f\u00e9riez une aspiration serr\u00e9e et satisfaisante ou une inhalation plus douce.<\/li>\n<\/ul>\n<h4>Fort dosage de nicotine<\/h4>\n<ul>\n<li>Le <strong>5% concentration en nicotine<\/strong> offre un apport de nicotine puissant et satisfaisant, ce qui en fait un choix id\u00e9al pour ceux qui recherchent une exp\u00e9rience plus intense.<\/li>\n<\/ul>\n<h4>\u00c9cran tactile 2,1 pouces<\/h4>\n<ul>\n<li>Une caract\u00e9ristique unique de l'Airmez Matrix est sa <strong>\u00e9cran tactile<\/strong>qui vous permet de surveiller facilement votre niveau de batterie et votre statut d'e-liquide en temps r\u00e9el.<\/li>\n<\/ul>\n<h4>Rechargeable via USB Type-C<\/h4>\n<ul>\n<li>Le dispositif est livr\u00e9 avec un <strong>Port de charge USB Type-C<\/strong>permettant une recharge rapide et facile, ce qui en fait une alternative \u00e9cologique aux vapes jetables.<\/li>\n<\/ul>\n<h4>Technologie activ\u00e9e par dessin<\/h4>\n<ul>\n<li>Cet appareil est \u00e9quip\u00e9 de <strong>technologie activ\u00e9e par dessin<\/strong>signifiant qu'aucun bouton n'est requis : il suffit d'inspirer pour activer la vape et profiter de la vapeur lisse.<\/li>\n<\/ul>\n<h3>Pourquoi choisir le stylo vape jetable Airmez Matrix 25000 bouff\u00e9es ?<\/h3>\n<p>Si vous recherchez un vaporisateur jetable performant, \u00e9co-responsable et savoureux, le <a href=\"https:\/\/fumotxpress.de\/fr\/\"><strong>Airmez Matrix 25000 Puffs<\/strong><\/a> est l'option parfaite pour vous. Voici plusieurs raisons pour lesquelles ce stylo vape devrait \u00eatre votre choix incontournable :<\/p>\n<ol>\n<li><strong>Performance durable<\/strong>: Avec jusqu'\u00e0 <strong>25 000 bouff\u00e9es<\/strong> En mode normal, ce stylo vape est con\u00e7u pour durer, vous offrant une satisfaction constante sur une p\u00e9riode prolong\u00e9e.<\/li>\n<li><strong>Qualit\u00e9 de saveur premium<\/strong>La technologie de bobine \u00e0 double maille assure une vapeur riche et parfum\u00e9e \u00e0 chaque bouff\u00e9e, offrant une exp\u00e9rience de vapotage hautement satisfaisante.<\/li>\n<li><strong>D\u00e9bit d'air r\u00e9glable<\/strong>Vous pouvez adapter la r\u00e9sistance de votre tirage \u00e0 vos pr\u00e9f\u00e9rences, ce qui le rend polyvalent pour diff\u00e9rents styles de vapotage.<\/li>\n<li><strong>Conception Rechargeable \u00c9cologique<\/strong>Contrairement aux vapes jetables traditionnels, l'Airmez Matrix est <strong>rechargeable \n\n becomes \n\nrechargeable<\/strong>en r\u00e9duisant les d\u00e9chets et en promouvant la durabilit\u00e9.<\/li>\n<li><strong>Fonctionnalit\u00e9s conviviales<\/strong>: L'intuitif <strong>\u00e9cran tactile<\/strong> et <strong>technologie activ\u00e9e par dessin<\/strong> Rendez la Airmez Matrix l'un des vapes jetables les plus faciles \u00e0 utiliser disponibles aujourd'hui.<\/li>\n<li><strong>Livraison rapide \u00e0 travers l'Europe<\/strong>Avec <strong>FumotXpress.de<\/strong> traitement de votre commande, vous pouvez vous attendre \u00e0 une livraison rapide depuis notre entrep\u00f4t europ\u00e9en, garantissant que votre stylo vapeur arrive en seulement <strong>3-7 jours<\/strong>.<\/li>\n<\/ol>\n<h3>Airmez Matrix 25000 Puffs Saveurs<\/h3>\n<p>Le <strong>Airmez Matrix 25000 Puffs<\/strong> est accompagn\u00e9 d'un large \u00e9ventail de saveurs soigneusement \u00e9labor\u00e9es, garantissant qu'il y a quelque chose pour chaque palais. Vous trouverez ci-dessous une ventilation d\u00e9taill\u00e9e des saveurs disponibles qui offrent une exp\u00e9rience unique et inoubliable \u00e0 chaque bouff\u00e9e :<\/p>\n<ol>\n<li><strong>Midnight Cherry \n(Midnight Cherry est d\u00e9j\u00e0 en anglais, mais la traduction n'est pas vraiment n\u00e9cessaire ici, mais si...) \n Cherry de minuit<\/strong><br \/>\nD\u00e9couvrez le go\u00fbt profond et intense des cerises m\u00fbres, avec un profil aromatique audacieux et riche compl\u00e9t\u00e9 par une subtile douceur. <strong>Midnight Cherry \n(Midnight Cherry est d\u00e9j\u00e0 en anglais, mais la traduction n'est pas vraiment n\u00e9cessaire ici, mais si...) \n Cherry de minuit<\/strong> offre une vapeur vibrante et satisfaisante que les amateurs de fruits vont certainement adorer. Chaque inspiration apporte une explosion de saveur de cerise juteuse, laissant une douceur persistante sur vos papilles gustatives.<\/li>\n<li><strong>Nightcrawler<\/strong><br \/>\nUn m\u00e9lange d\u00e9licieux de baies m\u00fbres avec une pointe d'acidit\u00e9, <strong>Nightcrawler<\/strong> offre une exp\u00e9rience de vapotage \u00e9quilibr\u00e9e et rafra\u00eechissante. Ce profil de saveur \u00e9volue \u00e0 chaque bouff\u00e9e, combinant la douceur des baies et l'acidit\u00e9 des agrumes pour cr\u00e9er une saveur aussi intrigante que satisfaisante.<\/li>\n<li><strong>G\u00e2teau Velours aux Fraises<\/strong><br \/>\nD\u00e9gustez une saveur inspir\u00e9e des desserts avec <strong>G\u00e2teau Velours aux Fraises<\/strong>Ce m\u00e9lange associe la douceur de fraises m\u00fbres \u00e0 la chaleur d'une base de g\u00e2teau fra\u00eechement cuit. C'est une exp\u00e9rience lisse et velout\u00e9e, ce qui en fait un choix parfait pour ceux qui ont envie d'une friandise sucr\u00e9e et r\u00e9confortante.<\/li>\n<li><strong>Fantaisie Banane Framboise<\/strong><br \/>\nLa combinaison exotique de <strong>banane<\/strong> et <strong>myrtille<\/strong> cr\u00e9e une saveur excitante et rafra\u00eechissante qui est sucr\u00e9e et fruit\u00e9e avec juste l'\u00e9quilibre ad\u00e9quat. Une touche tropicale, <strong>Fantaisie Banane Framboise<\/strong> livre le m\u00e9lange id\u00e9al de banane cr\u00e9meuse et de baies acidul\u00e9es, offrant une vape juteuse et satisfaisante.<\/li>\n<li><strong>Zeste de Cerise et de Citron<\/strong><br \/>\nCe m\u00e9lange rafra\u00eechissant de sucr\u00e9 <strong>cerise<\/strong> et piquant <strong>citron<\/strong> est parfait pour ceux qui appr\u00e9cient une saveur piquante et fruit\u00e9e avec un petit suppl\u00e9ment de punch. Le r\u00e9sultat est une saveur \u00e0 la fois fra\u00eeche et acidul\u00e9e, avec une touche citronn\u00e9e qui rend les choses int\u00e9ressantes. <strong>Zeste de Cerise et de Citron<\/strong> est parfait pour les vapoteurs \u00e0 la recherche d'une vape lumineuse et \u00e9nergique.<\/li>\n<li><strong>Limonade au Fruit du Dragon<\/strong><br \/>\nApportez une touche de tropiques dans votre routine de vape avec <strong>Limonade au Fruit du Dragon<\/strong>Le fruit de dragon exotique se m\u00e9lange harmonieusement avec la limonade acidul\u00e9e et rafra\u00eechissante, offrant une exp\u00e9rience tropicale piquante et lisse. C'est parfait pour ceux qui veulent une saveur fruit\u00e9e et revigorante qui n'est pas trop dominante.<\/li>\n<li><strong>Fusion Dragon Mystique<\/strong><br \/>\nUn m\u00e9lange intrigant et audacieux de <strong>pitaya<\/strong> et des sous-tonalit\u00e9s tropicales, <strong>Fusion Dragon Mystique<\/strong> est un vape excitant qui vous transporte dans un paradis exotique. Cette saveur est riche, myst\u00e9rieuse et complexe, offrant une exp\u00e9rience qui \u00e9volue \u00e0 chaque bouff\u00e9e, ce qui en fait un excellent choix pour les vapoteurs aventureux.<\/li>\n<li><strong>Mango Colada<\/strong><br \/>\n\u00c9chappez \u00e0 une plage tropicale avec <strong>Mango Colada<\/strong>, un m\u00e9lange lisse et sucr\u00e9 de mangue m\u00fbre et de noix de coco cr\u00e9meuse. Cette combinaison parfum\u00e9e d\u00e9livre l'essence d'une boisson tropicale rafra\u00eechissante \u00e0 chaque bouff\u00e9e, en faisant un choix id\u00e9al pour quiconque appr\u00e9cie une vape d\u00e9licieuse et exotique.<\/li>\n<\/ol>\n<h3>Achetez l'Airmez Matrix 25000 Puffs sur FumotXpress.de<\/h3>\n<p>Vous cherchez \u00e0 am\u00e9liorer votre exp\u00e9rience de vapotage ? <strong>FumotXpress.de<\/strong> offre les <strong>Airmez Matrix 25000 Puffs<\/strong> \u00e0 des prix imbattables. En tant que plus grand d\u00e9taillant en ligne de vapes jetables en Allemagne, nous assurons un service client de haute qualit\u00e9, une livraison rapide et un large choix de produits de vapotage haut de gamme.<\/p>\n<p>En choisissant FumotXpress.de, vous aurez acc\u00e8s \u00e0 :<\/p>\n<ul>\n<li><strong>Acc\u00e8s exclusif<\/strong> au <strong>Airmez Matrix 25000 Puffs<\/strong> et d'autres vapes jetables de premier plan.<\/li>\n<li><strong>Pas de quantit\u00e9 minimale de commande<\/strong>, facilitant plus que jamais l'acc\u00e8s au vapoteur id\u00e9al pour vous.<\/li>\n<li><strong>Livraison europ\u00e9enne rapide<\/strong> de notre part <strong>Entrep\u00f4t europ\u00e9en<\/strong>arrivant dans <strong>3-7 jours<\/strong>.<\/li>\n<li><strong>Tarifs comp\u00e9titifs<\/strong> sans frais cach\u00e9s.<\/li>\n<\/ul>\n<p>Commandez aujourd'hui et d\u00e9couvrez pourquoi le<a href=\"https:\/\/fumotxpress.de\/fr\/\"> <strong>Airmez Matrix 25000 Puffs<\/strong><\/a> est un r\u00e9volutionnaire dans le monde des vapes jetables.<\/p>","protected":false},"excerpt":{"rendered":"<p>Achetez le stylo vape jetable rechargeable Airmez Matrix 25 000 bouff\u00e9es sur FumotXpress.de. Profitez d'une performance durable, d'un d\u00e9bit d'air personnalisable et de profils de saveur riches avec jusqu'\u00e0 25 000 bouff\u00e9es. Livraison rapide \u00e0 travers l'Europe !<\/p>","protected":false},"featured_media":764,"comment_status":"open","ping_status":"closed","template":"","meta":{"om_disable_all_campaigns":false},"product_brand":[],"product_cat":[21,91,95,96,97,99,101,103,111,112,78,79,80,81,82,83,84,85,86,87,88,89,90,70,114,56,61,63,64,60,65,67],"product_tag":[],"class_list":{"0":"post-763","1":"product","2":"type-product","3":"status-publish","4":"has-post-thumbnail","6":"product_cat-airmez-matrix-disposable-vapes","7":"product_cat-buy-best-disposable-vape-flavors","8":"product_cat-cherry-flavor-disposable-vapes","9":"product_cat-cola-flavor-disposable-vapes","10":"product_cat-grape-flavor-disposable-vapes","11":"product_cat-ice-flavor-disposable-vapes","12":"product_cat-lemon-flavor-disposable-vapes","13":"product_cat-mango-flavor-disposable-vapes","14":"product_cat-strawberry-flavor-disposable-vapes","15":"product_cat-watermelon-flavor-disposable-vapes","16":"product_cat-best-disposable-vape-in-europe","17":"product_cat-buy-disposable-vapes-in-austria","18":"product_cat-buy-disposable-vapes-in-belgium","19":"product_cat-buy-disposable-vapes-in-france","20":"product_cat-buy-disposable-vapes-in-germany","21":"product_cat-buy-disposable-vapes-in-italy","22":"product_cat-buy-disposable-vapes-in-netherlands","23":"product_cat-buy-disposable-vapes-in-norway","24":"product_cat-buy-disposable-vapes-in-poland","25":"product_cat-buy-disposable-vapes-in-portugal","26":"product_cat-buy-disposable-vapes-in-spain","27":"product_cat-buy-disposable-vapes-in-sweden","28":"product_cat-buy-disposable-vapes-in-switzerland","29":"product_cat-shop-disposable-vapes-by-puffs","30":"product_cat-25000-puff-disposable-vape","31":"product_cat-disposable-vape-types","32":"product_cat-big-puffs-disposable-vapes","33":"product_cat-digital-box-disposable-vapes","34":"product_cat-dual-mesh-disposable-vapes","35":"product_cat-full-screen-disposable-vapes","36":"product_cat-lower-nicotine-disposable-vapes","37":"product_cat-rechargeable-disposable-vapes","39":"first","40":"instock","41":"shipping-taxable","42":"purchasable","43":"product-type-variable"},"_links":{"self":[{"href":"https:\/\/fumotxpress.de\/fr\/wp-json\/wp\/v2\/product\/763","targetHints":{"allow":["GET"]}}],"collection":[{"href":"https:\/\/fumotxpress.de\/fr\/wp-json\/wp\/v2\/product"}],"about":[{"href":"https:\/\/fumotxpress.de\/fr\/wp-json\/wp\/v2\/types\/product"}],"replies":[{"embeddable":true,"href":"https:\/\/fumotxpress.de\/fr\/wp-json\/wp\/v2\/comments?post=763"}],"wp:featuredmedia":[{"embeddable":true,"href":"https:\/\/fumotxpress.de\/fr\/wp-json\/wp\/v2\/media\/764"}],"wp:attachment":[{"href":"https:\/\/fumotxpress.de\/fr\/wp-json\/wp\/v2\/media?parent=763"}],"wp:term":[{"taxonomy":"product_brand","embeddable":true,"href":"https:\/\/fumotxpress.de\/fr\/wp-json\/wp\/v2\/product_brand?post=763"},{"taxonomy":"product_cat","embeddable":true,"href":"https:\/\/fumotxpress.de\/fr\/wp-json\/wp\/v2\/product_cat?post=763"},{"taxonomy":"product_tag","embeddable":true,"href":"https:\/\/fumotxpress.de\/fr\/wp-json\/wp\/v2\/product_tag?post=763"}],"curies":[{"name":"wp","href":"https:\/\/api.w.org\/{rel}","templated":true}]}}