{"id":52,"date":"2024-09-23T08:32:31","date_gmt":"2024-09-23T08:32:31","guid":{"rendered":"https:\/\/fumotxpress.de\/?post_type=product&#038;p=52"},"modified":"2025-07-13T13:10:35","modified_gmt":"2025-07-13T13:10:35","slug":"fizzy-great-10000-bouffees-2-5-vapes-jetables-rechargeables-a-faible-teneur-en-nicotine","status":"publish","type":"product","link":"https:\/\/fumotxpress.de\/fr\/produit\/fizzy-great-10000-bouffees-2-5-vapes-jetables-rechargeables-a-faible-teneur-en-nicotine\/","title":{"rendered":"Fizzy Great 10000 Puffs 2% 5% Faible Nicotine  GRAMM Bar Rechargeable Vapes Jetables"},"content":{"rendered":"<h2><strong>Vapotage sans pareil avec le Fizzy Great 10000 Puffs Vape jetable<\/strong><\/h2>\n<p>Le<a href=\"https:\/\/fumotxpress.de\/fr\/produit\/fizzy-great-10000-bouffees-2-5-vapes-jetables-rechargeables-a-faible-teneur-en-nicotine\/\"> <strong>Fizzy Great 10000 Puffs<\/strong> Vape jetable<\/a> red\u00e9finit les normes des vapes jetables avec son nombre important de bouff\u00e9es, sa recharge pratique et sa livraison de saveur sup\u00e9rieure. Combinant une technologie de vapotage de pointe avec un design compact et \u00e9l\u00e9gant, cette vape jetable est parfaite pour les vapoteurs novices et exp\u00e9riment\u00e9s \u00e0 la recherche de qualit\u00e9 et de facilit\u00e9. Chaque appareil offre des options \u00e0 faible teneur en nicotine entre 21 000 et 51 000 bouff\u00e9es, r\u00e9pondant aux utilisateurs qui recherchent une exp\u00e9rience de vapotage personnalis\u00e9e avec une long\u00e9vit\u00e9 impressionnante.<\/p>\n<p><strong>Disponible sur FumotXpress.de<\/strong>, la plus grande plateforme de vente en ligne allemande pour les vapes jetables,<a href=\"https:\/\/fumotxpress.de\/fr\/\"> Fizzy<\/a> Exp\u00e9di\u00e9 depuis notre entrep\u00f4t europ\u00e9en, garantissant une livraison rapide dans l'UE dans un d\u00e9lai de 3 \u00e0 7 jours. Notre site Web propose une politique de quantit\u00e9 de commande sans minimum, permettant \u00e0 nos clients de commander une seule unit\u00e9 ou plus en fonction de leurs besoins.<\/p>\n<p><img loading=\"lazy\" decoding=\"async\" class=\"alignnone size-full wp-image-190\" src=\"https:\/\/fumotxpress.de\/wp-content\/uploads\/2024\/09\/Fizzy-Great-10000-Puffs-2-5-Low-Nicotine-Rechargeable-Disposable-Vapes-scaled.jpg\" alt=\"Fizzy Great 10000 Puffs 2% 5% Vapes jetables rechargeables \u00e0 faible nicotine.\" width=\"1810\" height=\"2560\" srcset=\"https:\/\/fumotxpress.de\/wp-content\/uploads\/2024\/09\/Fizzy-Great-10000-Puffs-2-5-Low-Nicotine-Rechargeable-Disposable-Vapes-scaled.jpg 1810w, https:\/\/fumotxpress.de\/wp-content\/uploads\/2024\/09\/Fizzy-Great-10000-Puffs-2-5-Low-Nicotine-Rechargeable-Disposable-Vapes-scaled-600x849.jpg 600w, https:\/\/fumotxpress.de\/wp-content\/uploads\/2024\/09\/Fizzy-Great-10000-Puffs-2-5-Low-Nicotine-Rechargeable-Disposable-Vapes-212x300.jpg 212w, https:\/\/fumotxpress.de\/wp-content\/uploads\/2024\/09\/Fizzy-Great-10000-Puffs-2-5-Low-Nicotine-Rechargeable-Disposable-Vapes-724x1024.jpg 724w, https:\/\/fumotxpress.de\/wp-content\/uploads\/2024\/09\/Fizzy-Great-10000-Puffs-2-5-Low-Nicotine-Rechargeable-Disposable-Vapes-768x1086.jpg 768w, https:\/\/fumotxpress.de\/wp-content\/uploads\/2024\/09\/Fizzy-Great-10000-Puffs-2-5-Low-Nicotine-Rechargeable-Disposable-Vapes-1086x1536.jpg 1086w, https:\/\/fumotxpress.de\/wp-content\/uploads\/2024\/09\/Fizzy-Great-10000-Puffs-2-5-Low-Nicotine-Rechargeable-Disposable-Vapes-1448x2048.jpg 1448w\" sizes=\"auto, (max-width: 1810px) 100vw, 1810px\" \/><\/p>\n<h3>Fonctionnalit\u00e9s qui distinguent Fizzy Great des autres<\/h3>\n<p>Les packs de vape jetables Fizzy Great offrent des fonctionnalit\u00e9s haut de gamme, allant d'une batterie rechargeable \u00e0 haute capacit\u00e9 \u00e0 un syst\u00e8me de bobine innovant. Voici ce qui en fait un choix num\u00e9ro un :<\/p>\n<ul>\n<li><strong>Jusqu'\u00e0 10 000 bouff\u00e9es<\/strong>Con\u00e7u pour une capacit\u00e9 massive et une utilisation prolong\u00e9e, id\u00e9al pour ceux qui recherchent une commodit\u00e9 durable.<\/li>\n<li><strong>Batterie rechargeable 650mAh<\/strong>La batterie rechargeable minimise les d\u00e9chets, prolongeant la dur\u00e9e de vie de l'appareil et maximisant sa valeur.<\/li>\n<li><strong>Capacit\u00e9 de e-liquide de 18 ml<\/strong>: Assure une utilisation prolong\u00e9e avec des recharges minimales, id\u00e9ale pour une exp\u00e9rience de vapotage sans souci.<\/li>\n<li><strong>Technologie de bobine maill\u00e9e<\/strong>: Une bobine de maillage avanc\u00e9e favorise des saveurs riches et cors\u00e9es \u00e0 chaque bouff\u00e9e, am\u00e9liorant le profil de saveur.<\/li>\n<li><strong>Options \u00e0 faible teneur en nicotine (2% et 5%)<\/strong>: Offre une intensit\u00e9 de nicotine personnalisable, vous permettant de choisir en fonction de vos pr\u00e9f\u00e9rences.<\/li>\n<li><strong>Compact et portable<\/strong>Conception l\u00e9g\u00e8re et durable, facile \u00e0 transporter partout, permettant de profiter du plaisir \u00e0 tout moment.<\/li>\n<li><strong>Conception \u00e9cologique<\/strong>: La technologie rechargeable r\u00e9duit les d\u00e9chets, ce qui en fait un choix \u00e9cologiquement responsable.<\/li>\n<\/ul>\n<p>Chaque \u00e9l\u00e9ment du Fizzy Great 10000 Puffs Disposable Vape a \u00e9t\u00e9 soigneusement con\u00e7u pour offrir une exp\u00e9rience de vapotage douce et agr\u00e9able. Avec sa fonctionnalit\u00e9 rechargeable et sa puissance durable, il se d\u00e9marque comme une option haut de gamme parmi les vapes jetables.<\/p>\n<h3>Une Aventure Parfum\u00e9e avec Fizzy Great<\/h3>\n<p>Le <strong>Fizzy Great 10000 Puffs Vape Jetable<\/strong> est con\u00e7u avec une vari\u00e9t\u00e9 de saveurs rafra\u00eechissantes qui r\u00e9pondent \u00e0 des go\u00fbts diversifi\u00e9s. Chaque profil de saveur est riche et satisfaisant, con\u00e7u pour offrir une exp\u00e9rience lisse et pleine de corps d\u00e8s la premi\u00e8re bouff\u00e9e jusqu'\u00e0 la derni\u00e8re. Voici une s\u00e9lection attrayante de saveurs disponibles avec le Fizzy Great :<\/p>\n<ol>\n<li><strong>Limonade<\/strong>Une combinaison lumineuse et piquante qui apporte une touche d'\u00e9t\u00e9 \u00e0 chaque inspiration.<\/li>\n<li><strong>Past\u00e8que aux fraises<\/strong>: Des fraises sucr\u00e9es et une past\u00e8que juteuse s'unissent dans un accord parfait.<\/li>\n<li><strong>Glace aux bleuets<\/strong>Myrtilles m\u00fbres rehauss\u00e9es d'une finition menthol\u00e9e rafra\u00eechissante.<\/li>\n<li><strong>P\u00eache Mangue<\/strong>: Un m\u00e9lange tropical de p\u00eache et de mangue avec un go\u00fbt riche et lisse.<\/li>\n<li><strong>Fresh Mint<\/strong>: Saveur de menthe classique \u00e0 la fois rafra\u00eechissante et revigorante.<\/li>\n<li><strong>Baies m\u00e9lang\u00e9es<\/strong>Un m\u00e9lange de baies pour un profil \u00e9quilibr\u00e9, acidul\u00e9 et sucr\u00e9.<\/li>\n<li><strong>Glace \u00e0 l'ananas<\/strong>: Saveur d'ananas exotique avec une expiration fra\u00eeche pour une touche tropicale.<\/li>\n<li><strong>Pomme Rouge Glace<\/strong>: Saveur de pomme croquante compl\u00e9t\u00e9e par une pointe de menthol rafra\u00eechissant.<\/li>\n<li><strong>Fraise Banane<\/strong>: La banane lisse et les fraises fra\u00eeches se combinent pour cr\u00e9er une mixture onctueuse.<\/li>\n<li><strong>Aloe raisin<\/strong>Saveur d'alo\u00e8s unique avec une finale de raisin sucr\u00e9.<\/li>\n<\/ol>\n<p>Chaque saveur offre une exp\u00e9rience unique, con\u00e7ue pour procurer satisfaction et plaisir \u00e0 chaque bouff\u00e9e. Que vous pr\u00e9f\u00e9riez quelque chose de fruit\u00e9, de menthol\u00e9 ou de tropical, la s\u00e9lection de Fizzy Great a quelque chose pour satisfaire tous les go\u00fbts.<\/p>\n<h3>Pourquoi choisir FumotXpress.de ?<\/h3>\n<p>En tant que <strong>La principale plateforme en ligne allemande pour les vapes jetables<\/strong>FumotXpress.de offre une exp\u00e9rience d'achat sans pareil. Nous proposons une vari\u00e9t\u00e9 de marques populaires, notamment Al Fakher, Fizzy, OBEELAB HHC et SMPO DL02, avec une exp\u00e9dition rapide \u00e0 travers l'UE et sans exigence de commande minimale.<\/p>\n<p>Voici pourquoi acheter sur FumotXpress.de est le meilleur choix pour des vapes jetables de haute qualit\u00e9 :<\/p>\n<ul>\n<li><strong>Large s\u00e9lection<\/strong>: Des stylos infus\u00e9s au HHC aux disposables rechargeables, notre collection est con\u00e7ue pour r\u00e9pondre \u00e0 chaque pr\u00e9f\u00e9rence.<\/li>\n<li><strong>Livraison rapide<\/strong>Notre entrep\u00f4t europ\u00e9en garantit que votre commande arrive dans les 3 \u00e0 7 jours ouvrables dans toute l'UE.<\/li>\n<li><strong>Pas d'exigence de commande minimale<\/strong>: Commande \u00e0 partir d'une seule pi\u00e8ce, permettant une exp\u00e9rience d'achat pratique et flexible.<\/li>\n<li><strong>Service Client Exceptionnel<\/strong>Notre \u00e9quipe est d\u00e9di\u00e9e \u00e0 garantir une exp\u00e9rience d'achat fluide et satisfaisante de d\u00e9but \u00e0 fin.<\/li>\n<li><strong>Tarification comp\u00e9titive<\/strong>: Des prix abordables sur des produits de qualit\u00e9 sup\u00e9rieure vous permettent de profiter de la qualit\u00e9 sans compromis.<\/li>\n<\/ul>\n<p>En choisissant FumotXpress.de, vous pouvez d\u00e9couvrir les meilleures cigarettes \u00e9lectroniques jetables disponibles sur le march\u00e9, livr\u00e9es directement chez vous avec la facilit\u00e9 des achats en ligne.<\/p>\n<h3>Pourquoi le Fizzy Great 10000 Puffs est parfait pour chaque vapoteur<\/h3>\n<p>Le <strong>Fizzy Great 10000 Puffs<\/strong> Le Disposable Vape combine le meilleur de la technologie de vapotage moderne avec une gamme de saveurs agr\u00e9ables et des fonctionnalit\u00e9s conviviales. Son nombre de bouff\u00e9es durable, sa batterie rechargeable et ses options de saveurs riches en font un choix exceptionnel, que vous soyez un vapoteur occasionnel ou un utilisateur quotidien. Avec son design \u00e9l\u00e9gant et sa construction de qualit\u00e9, le Fizzy Great offre l'exp\u00e9rience de vapotage ultime.<\/p>\n<p>Visitez <a href=\"https:\/\/fumotxpress.de\/fr\/\"><strong>FumotXpress.de<\/strong><\/a> Aujourd'hui pour passer votre commande pour le<a href=\"https:\/\/fumotxpress.de\/fr\/\"> <strong>Fizzy Great 10000 Puffs<\/strong> <\/a>et profitez de la commodit\u00e9 d'une vape jetable qui offre une satisfaction durable et une saveur robuste \u00e0 chaque bouff\u00e9e.<\/p>","protected":false},"excerpt":{"rendered":"<p>D\u00e9couvrez l'exp\u00e9rience durable et riche en saveur de <strong>Fizzy Great 10000 Puffs Rechargeable Vape Jetable<\/strong>, d\u00e9sormais disponible avec une livraison rapide dans l'UE sur FumotXpress.de.<\/p>","protected":false},"featured_media":54,"comment_status":"open","ping_status":"closed","template":"","meta":{"om_disable_all_campaigns":false},"product_brand":[],"product_cat":[20,91,92,94,97,99,101,103,104,105,106,107,108,109,111,112,78,79,80,81,82,83,84,85,86,87,88,89,90,70,72,56,61,65,67],"product_tag":[],"class_list":{"0":"post-52","1":"product","2":"type-product","3":"status-publish","4":"has-post-thumbnail","6":"product_cat-fizzy-disposable-vapes","7":"product_cat-buy-best-disposable-vape-flavors","8":"product_cat-apple-flavor-disposable-vapes","9":"product_cat-blueberry-flavor-disposable-vapes","10":"product_cat-grape-flavor-disposable-vapes","11":"product_cat-ice-flavor-disposable-vapes","12":"product_cat-lemon-flavor-disposable-vapes","13":"product_cat-mango-flavor-disposable-vapes","14":"product_cat-mint-flavor-disposable-vapes","15":"product_cat-mixed-berries-flavor-disposable-vapes","16":"product_cat-passion-fruit-flavor-disposable-vapes","17":"product_cat-peach-flavor-disposable-vapes","18":"product_cat-pineapple-flavor-disposable-vapes","19":"product_cat-raspberry-flavor-disposable-vapes","20":"product_cat-strawberry-flavor-disposable-vapes","21":"product_cat-watermelon-flavor-disposable-vapes","22":"product_cat-best-disposable-vape-in-europe","23":"product_cat-buy-disposable-vapes-in-austria","24":"product_cat-buy-disposable-vapes-in-belgium","25":"product_cat-buy-disposable-vapes-in-france","26":"product_cat-buy-disposable-vapes-in-germany","27":"product_cat-buy-disposable-vapes-in-italy","28":"product_cat-buy-disposable-vapes-in-netherlands","29":"product_cat-buy-disposable-vapes-in-norway","30":"product_cat-buy-disposable-vapes-in-poland","31":"product_cat-buy-disposable-vapes-in-portugal","32":"product_cat-buy-disposable-vapes-in-spain","33":"product_cat-buy-disposable-vapes-in-sweden","34":"product_cat-buy-disposable-vapes-in-switzerland","35":"product_cat-shop-disposable-vapes-by-puffs","36":"product_cat-10000-puff-disposable-vape","37":"product_cat-disposable-vape-types","38":"product_cat-big-puffs-disposable-vapes","39":"product_cat-lower-nicotine-disposable-vapes","40":"product_cat-rechargeable-disposable-vapes","42":"first","43":"instock","44":"shipping-taxable","45":"purchasable","46":"product-type-variable"},"_links":{"self":[{"href":"https:\/\/fumotxpress.de\/fr\/wp-json\/wp\/v2\/product\/52","targetHints":{"allow":["GET"]}}],"collection":[{"href":"https:\/\/fumotxpress.de\/fr\/wp-json\/wp\/v2\/product"}],"about":[{"href":"https:\/\/fumotxpress.de\/fr\/wp-json\/wp\/v2\/types\/product"}],"replies":[{"embeddable":true,"href":"https:\/\/fumotxpress.de\/fr\/wp-json\/wp\/v2\/comments?post=52"}],"wp:featuredmedia":[{"embeddable":true,"href":"https:\/\/fumotxpress.de\/fr\/wp-json\/wp\/v2\/media\/54"}],"wp:attachment":[{"href":"https:\/\/fumotxpress.de\/fr\/wp-json\/wp\/v2\/media?parent=52"}],"wp:term":[{"taxonomy":"product_brand","embeddable":true,"href":"https:\/\/fumotxpress.de\/fr\/wp-json\/wp\/v2\/product_brand?post=52"},{"taxonomy":"product_cat","embeddable":true,"href":"https:\/\/fumotxpress.de\/fr\/wp-json\/wp\/v2\/product_cat?post=52"},{"taxonomy":"product_tag","embeddable":true,"href":"https:\/\/fumotxpress.de\/fr\/wp-json\/wp\/v2\/product_tag?post=52"}],"curies":[{"name":"wp","href":"https:\/\/api.w.org\/{rel}","templated":true}]}}