{"id":476,"date":"2024-10-23T08:42:47","date_gmt":"2024-10-23T08:42:47","guid":{"rendered":"https:\/\/fumotxpress.de\/?post_type=product&#038;p=476"},"modified":"2025-07-16T07:27:51","modified_gmt":"2025-07-16T07:27:51","slug":"al-fakher-crown-bar-12000-zuege-einweg-e-zigarette-mit-nikotin","status":"publish","type":"product","link":"https:\/\/fumotxpress.de\/fr\/produit\/al-fakher-crown-bar-12000-zuege-einweg-e-zigarette-mit-nikotin\/","title":{"rendered":"Entrep\u00f4t europ\u00e9en Al Fakher Crown Bar 12000 bouff\u00e9es Vape int\u00e9gr\u00e9e Hookah Onde sonore Faible Nikotine Acheter Original Authentique Vape jetable Rechargeable Stylo"},"content":{"rendered":"<h2><strong>Entrep\u00f4t europ\u00e9en Al Fakher Crown Bar 12000 Puffs<\/strong> Stylo Vape Jetable Rechargeable Int\u00e9gr\u00e9 Hookah Onde Sonore Faible Nikotine Acheter Original Authentique<\/h2>\n<p>Le <a href=\"https:\/\/fumotxpress.de\/fr\/produit\/al-fakher-crown-bar-12000-zuege-einweg-e-zigarette-mit-nikotin\/\">AL Fakher Crown Bar 12000 Puff \n devient \n\nAL Fakher Crown Bar 12000 Puff<\/a> Le stylo vape jetable rechargeable combine luxe et commodit\u00e9 pour une exp\u00e9rience de vapotage in\u00e9gal\u00e9e. Pr\u00e9sentant jusqu'\u00e0 12 000 bouff\u00e9es, un design \u00e9l\u00e9gant et une batterie rechargeable puissante de 550 mAh, ce vape jetable haut de gamme est con\u00e7u pour am\u00e9liorer votre plaisir de vapotage. Avec une technologie innovante de bobine en maille, un affichage num\u00e9rique intuitif pour les niveaux de batterie et d'huile, et un port de charge USB Type-C, le <a href=\"https:\/\/fumotxpress.de\/fr\/\">AL Fakher<\/a> Crown Bar propose une aspiration impressionnante et lisse qui capture l'essence du shisha \u00e0 chaque inspiration. Disponible exclusivement chez<a href=\"https:\/\/fumotxpress.de\/fr\/\"> FumotXpress.de<\/a>, le plus grand d\u00e9taillant en ligne de vapes jetables en Allemagne, nous assurons une livraison rapide \u00e0 travers l'Europe dans un d\u00e9lai de 3 \u00e0 7 jours depuis notre entrep\u00f4t europ\u00e9en. Achetez des vapes jetables Al Fakher authentiques sans quantit\u00e9 minimale de commande, id\u00e9aux pour une utilisation personnelle ou pour la vente au d\u00e9tail.<\/p>\n<p><img loading=\"lazy\" decoding=\"async\" class=\"alignnone wp-image-484 size-full\" src=\"https:\/\/fumotxpress.de\/wp-content\/uploads\/2024\/10\/AL-Fakher-Crown-Bar-12000-Zuge-Einweg-E-Zigarette-Mit-Nikotin.webp\" alt=\"Al Fakher Crown Bar 12000 Puffs (Remarque : le texte semble \u00eatre un nom de produit, je le traduis donc en cons\u00e9quence)Barre Crown Al Fakher 12000 Puffs\" width=\"800\" height=\"980\" srcset=\"https:\/\/fumotxpress.de\/wp-content\/uploads\/2024\/10\/AL-Fakher-Crown-Bar-12000-Zuge-Einweg-E-Zigarette-Mit-Nikotin.webp 800w, https:\/\/fumotxpress.de\/wp-content\/uploads\/2024\/10\/AL-Fakher-Crown-Bar-12000-Zuge-Einweg-E-Zigarette-Mit-Nikotin-600x735.webp 600w, https:\/\/fumotxpress.de\/wp-content\/uploads\/2024\/10\/AL-Fakher-Crown-Bar-12000-Zuge-Einweg-E-Zigarette-Mit-Nikotin-245x300.webp 245w, https:\/\/fumotxpress.de\/wp-content\/uploads\/2024\/10\/AL-Fakher-Crown-Bar-12000-Zuge-Einweg-E-Zigarette-Mit-Nikotin-768x941.webp 768w\" sizes=\"auto, (max-width: 800px) 100vw, 800px\" \/><\/p>\n<p>&nbsp;<\/p>\n<h2>Al Fakher Crown Bar 12000 Puffs Caract\u00e9ristiques du produit<\/h2>\n<ul>\n<li><strong>High Puff Count: \n Compte de bouff\u00e9es \u00e9lev\u00e9:<\/strong> Jusqu'\u00e0 12 000 bouff\u00e9es pour un plaisir durable sans remplacements fr\u00e9quents.<\/li>\n<li><strong>Batterie Rechargeable<\/strong> \u00c9quip\u00e9 d'une batterie rechargeable de 550mAh qui prend en charge une utilisation prolong\u00e9e et maintient des performances constantes.<\/li>\n<li><strong>Technologie de bobine maill\u00e9e :<\/strong> Bobine maill\u00e9e de 0,6 ohm avanc\u00e9e pour des nuages riches et parfum\u00e9s ainsi que des hits lisses en Direct-To-Lung (DTL).<\/li>\n<li><strong>Port de charge Type-C :<\/strong> Port de charge pratique de type C pour un rechargement rapide et fiable de l'alimentation.<\/li>\n<li><strong>Affichage num\u00e9rique :<\/strong> Affichage LED clair indiquant \u00e0 la fois les niveaux de batterie et d'huile pour \u00e9viter les interruptions pendant l'utilisation.<\/li>\n<li><strong>Conception sans fuite :<\/strong> Con\u00e7u avec une technologie anti-fuite pour garantir une exp\u00e9rience propre et sans tracas.<\/li>\n<li><strong>Compact et L\u00e9ger :<\/strong> Conception portable id\u00e9ale pour une utilisation en d\u00e9placement tout en \u00e9tant puissante et efficace.<\/li>\n<li><strong>Faible teneur en nicotine :<\/strong> Parfait pour les utilisateurs qui recherchent une option \u00e0 nicotine inf\u00e9rieure sans sacrifier le go\u00fbt et la qualit\u00e9 de la vapeur.<\/li>\n<li><strong>\u00c9clairage RGB vibrant :<\/strong> Fonctionnalit\u00e9 de lumi\u00e8re RGB \u00e9l\u00e9gante qui s'active \u00e0 chaque bouff\u00e9e, cr\u00e9ant un effet visuel accrocheur pour un style suppl\u00e9mentaire.<\/li>\n<\/ul>\n<h2>Al Fakher Crown Bar 12000 Puffs Saveurs Uniques : Un Guide D\u00e9taill\u00e9<\/h2>\n<p>La AL Fakher Crown Bar 12000 Puff est disponible dans une s\u00e9lection de saveurs vives et rafra\u00eechissantes con\u00e7ues pour satisfaire des pr\u00e9f\u00e9rences diverses. Voici un aper\u00e7u plus rapproch\u00e9 de chaque saveur disponible :<\/p>\n<h3>1. <strong>Mythe Bleuette Menthe<\/strong><\/h3>\n<p>Un m\u00e9lange classique qui \u00e9quilibre harmonieusement la douceur des bleuets m\u00fbrs avec une finition rafra\u00eechissante \u00e0 la menthe. Chaque inspiration fait ressortir le go\u00fbt naturel des bleuets, tandis que la menthe laisse une sensation de fra\u00eecheur, parfaite pour une exp\u00e9rience rafra\u00eechissante et croquante.<\/p>\n<h3>2. <strong>Mango Passion<\/strong><\/h3>\n<p>Cette d\u00e9lice tropicale combine l'essence juteuse de mangues m\u00fbres avec la tartitude subtile de la passion, cr\u00e9ant un profil riche et exotique. Id\u00e9al pour les vapoteurs qui appr\u00e9cient les saveurs fruit\u00e9es qui offrent une touche de douceur \u00e9quilibr\u00e9e par une pointe d'acidit\u00e9.<\/p>\n<h3>3. <strong>Glace de past\u00e8que<\/strong><\/h3>\n<p>Un favori de l'\u00e9t\u00e9, Watermelon Ice offre la saveur juteuse et app\u00e9tissante de la past\u00e8que avec une note froide sous-jacente, laissant une sensation de fra\u00eecheur qui persiste \u00e0 chaque expiration. C'est le choix id\u00e9al pour une vapeur rafra\u00eechissante toute la journ\u00e9e.<\/p>\n<h3>4. <strong>Soda au raisin<\/strong><\/h3>\n<p>Cette saveur capture l'essence p\u00e9tillante et sucr\u00e9e de la boisson gazeuse au raisin, apportant une sensation de nostalgie \u00e0 chaque bouff\u00e9e. La saveur de raisin audacieuse est lisse et a une effervescence ludique qui rend chaque aspiration semblable \u00e0 un plaisir gazeux.<\/p>\n<h3>5. <strong>Fraise Kiwi<\/strong><\/h3>\n<p>Un duo classique, Strawberry Kiwi m\u00e9lange la douceur des fraises m\u00fbres avec le petit piquant l\u00e9g\u00e8rement acide du kiwi. Ensemble, ils cr\u00e9ent une saveur fruit\u00e9e \u00e9quilibr\u00e9e, \u00e0 la fois rafra\u00eechissante et satisfaisante, id\u00e9ale pour une d\u00e9gustation toute la journ\u00e9e.<\/p>\n<h3>6. <strong>Ananas Coco<\/strong><\/h3>\n<p>Inspir\u00e9 par les saveurs tropicales, Pineapple Coconut offre une saveur cr\u00e9meuse et rafra\u00eechissante qui vous transporte dans une \u00e9chapp\u00e9e au bord de la mer. Les notes de jus d'ananas sont adoucies par la noix de coco cr\u00e9meuse, cr\u00e9ant un profil d\u00e9licieux et bien \u00e9quilibr\u00e9.<\/p>\n<h3>7. <strong>Cola Glac\u00e9<\/strong><\/h3>\n<p>Pour ceux qui appr\u00e9cient les saveurs uniques et aventureuses, Cola Ice apporte le go\u00fbt reconnaissable de cola avec une touche froide et glac\u00e9e. Le profil de saveur rappelle celui d'une boisson gazeuse froide un jour chaud, procurant une sensation rafra\u00eechissante et gazeuse \u00e0 chaque tirage.<\/p>\n<h3>8. <strong>Anneaux de p\u00eache<\/strong><\/h3>\n<p>Cette saveur inspir\u00e9e des bonbons offre une saveur sucr\u00e9e et juteuse de rondelles de p\u00eache \u00e0 chaque bouff\u00e9e. Parfaite pour les vapoteurs ayant un faible pour le sucre, la saveur est fid\u00e8le \u00e0 celle du bonbon classique avec une note d'apr\u00e8s-go\u00fbt de p\u00eache juteuse.<\/p>\n<h3>9. <strong>Menthe Melon<\/strong><\/h3>\n<p>Une fusion sophistiqu\u00e9e de menthe et de melon, cette saveur est rafra\u00eechissante tout en \u00e9tant subtilement sucr\u00e9e. Le melon apporte une base juteuse tandis que la menthe compl\u00e8te le profil aromatique, id\u00e9al pour ceux qui pr\u00e9f\u00e8rent une exp\u00e9rience fra\u00eeche et croquante.<\/p>\n<h3>10. <strong>Zeste de citron<\/strong><\/h3>\n<p>Une option piquante et revigorante, Lemon Zest combine l'acidit\u00e9 du citron avec une l\u00e9g\u00e8re douceur, offrant un profil tranchant et rafra\u00eechissant \u00e0 la fois salivaire et vibrant.<\/p>\n<h3>11. <strong>Berry Blast \n\n(remains the same as it seems to be a proper noun\/name of a product\/flavor) \n becomes \nBerry Blast \nNo it can be translated \n becomes \nBlast de baies<\/strong><\/h3>\n<p>Riche des saveurs intenses et profondes de fruits rouges m\u00e9lang\u00e9s, Berry Blast offre une explosion de bont\u00e9 fruit\u00e9e sucr\u00e9e mais \u00e9quilibr\u00e9e par l'acidit\u00e9 naturelle des fruits. Parfait pour les amateurs de fruits rouges qui aiment une vapeur audacieuse et fruit\u00e9e.<\/p>\n<h3>12. <strong>Pomme Canneberge<\/strong><\/h3>\n<p>Un m\u00e9lange unique qui \u00e9quilibre la fra\u00eecheur des pommes fra\u00eeches avec la morsure piquante des canneberges, Apple Cranberry offre une saveur dynamique \u00e0 la fois juteuse et l\u00e9g\u00e8rement acidul\u00e9e, cr\u00e9ant une vape intrigante pour toute la journ\u00e9e.<\/p>\n<h3>13. <strong>Cr\u00e8me P\u00e2tissi\u00e8re \u00e0 la Vanille<\/strong><\/h3>\n<p>Pour une exp\u00e9rience plus indulgente, Vanilla Custard offre la saveur cr\u00e9meuse et riche de cr\u00e8me p\u00e2tissi\u00e8re \u00e0 la vanille \u00e0 chaque bouff\u00e9e. Lisse, velout\u00e9e et l\u00e9g\u00e8rement sucr\u00e9e, cette saveur est parfaite pour ceux qui recherchent une option ressemblant \u00e0 un dessert.<\/p>\n<h3>14. <strong>Orange Fizz<\/strong><\/h3>\n<p>Une touche rafra\u00eechissante, Orange Fizz combine le go\u00fbt acidul\u00e9 et citronn\u00e9 de l'orange avec une note sous-jacente p\u00e9tillante, rappelant une boisson \u00e0 l'orange gazeuse. Cette saveur est lumineuse, ensoleill\u00e9e et laisse une sensation subtile et p\u00e9tillante.<\/p>\n<h3>15. <strong>Punch Tropical<\/strong><\/h3>\n<p>D\u00e9couvrez le m\u00e9lange de plusieurs fruits tropicaux, de l'ananas \u00e0 la mangue et plus encore, tous envelopp\u00e9s dans une seule saveur punchy. Ceci est id\u00e9al pour ceux qui veulent un go\u00fbt de tropiques \u00e0 chaque bouff\u00e9e.<\/p>\n<h2>Pourquoi choisir Al Fakher Crown Bar 12000 Puffs ?<\/h2>\n<p>\u00c0<a href=\"https:\/\/fumotxpress.de\/fr\/\"> FumotXpress.de<\/a>Nous nous engageons \u00e0 fournir les vapes jetables de la plus haute qualit\u00e9 avec un service rapide et fiable sur l'ensemble du march\u00e9 europ\u00e9en. En tant que plus grande plateforme en ligne pour les vapes jetables en Allemagne, nous proposons une large gamme de marques premium, notamment AL Fakher, Fizzy, OBEELAB HHC et SMPO DL02. Nos produits proviennent tous de notre entrep\u00f4t europ\u00e9en, garantissant une livraison rapide (dans les 3 \u00e0 7 jours) sans quantit\u00e9 minimale de commande.<\/p>\n<p>Avec notre site Web facile \u00e0 naviguer et notre service client exceptionnel, FumotXpress.de rend l'achat de vos marques de vapes jetables pr\u00e9f\u00e9r\u00e9es une exp\u00e9rience fluide et satisfaisante.<\/p>","protected":false},"excerpt":{"rendered":"<p>Achetez l'authentique<strong> AL Fakher Crown Bar 12000 Puffs \n devient \n\nAL Fakher Crown Bar 12000 Puffs<\/strong> Stylo Vape Jetable Rechargeable sur FumotXpress.de \u2013 offrant des saveurs premium, jusqu'\u00e0 12 000 bouff\u00e9es, et livraison rapide dans l'UE depuis notre entrep\u00f4t europ\u00e9en.<\/p>","protected":false},"featured_media":478,"comment_status":"open","ping_status":"closed","template":"","meta":{"om_disable_all_campaigns":false},"product_brand":[],"product_cat":[16,91,92,93,94,95,96,97,99,100,101,102,103,104,105,106,107,108,111,112,78,79,80,81,82,83,84,85,86,87,88,89,90,70,73,56,61,63,65,67,68],"product_tag":[],"class_list":{"0":"post-476","1":"product","2":"type-product","3":"status-publish","4":"has-post-thumbnail","6":"product_cat-al-fakher-disposable-vapes","7":"product_cat-buy-best-disposable-vape-flavors","8":"product_cat-apple-flavor-disposable-vapes","9":"product_cat-blue-razz-flavor-disposable-vapes","10":"product_cat-blueberry-flavor-disposable-vapes","11":"product_cat-cherry-flavor-disposable-vapes","12":"product_cat-cola-flavor-disposable-vapes","13":"product_cat-grape-flavor-disposable-vapes","14":"product_cat-ice-flavor-disposable-vapes","15":"product_cat-kiwi-flavor-disposable-vapes","16":"product_cat-lemon-flavor-disposable-vapes","17":"product_cat-lush-flavor-disposable-vapes","18":"product_cat-mango-flavor-disposable-vapes","19":"product_cat-mint-flavor-disposable-vapes","20":"product_cat-mixed-berries-flavor-disposable-vapes","21":"product_cat-passion-fruit-flavor-disposable-vapes","22":"product_cat-peach-flavor-disposable-vapes","23":"product_cat-pineapple-flavor-disposable-vapes","24":"product_cat-strawberry-flavor-disposable-vapes","25":"product_cat-watermelon-flavor-disposable-vapes","26":"product_cat-best-disposable-vape-in-europe","27":"product_cat-buy-disposable-vapes-in-austria","28":"product_cat-buy-disposable-vapes-in-belgium","29":"product_cat-buy-disposable-vapes-in-france","30":"product_cat-buy-disposable-vapes-in-germany","31":"product_cat-buy-disposable-vapes-in-italy","32":"product_cat-buy-disposable-vapes-in-netherlands","33":"product_cat-buy-disposable-vapes-in-norway","34":"product_cat-buy-disposable-vapes-in-poland","35":"product_cat-buy-disposable-vapes-in-portugal","36":"product_cat-buy-disposable-vapes-in-spain","37":"product_cat-buy-disposable-vapes-in-sweden","38":"product_cat-buy-disposable-vapes-in-switzerland","39":"product_cat-shop-disposable-vapes-by-puffs","40":"product_cat-12000-puff-disposable-vape","41":"product_cat-disposable-vape-types","42":"product_cat-big-puffs-disposable-vapes","43":"product_cat-digital-box-disposable-vapes","44":"product_cat-lower-nicotine-disposable-vapes","45":"product_cat-rechargeable-disposable-vapes","46":"product_cat-shisha-hookah-disposable-vapes","48":"first","49":"outofstock","50":"shipping-taxable","51":"product-type-variable"},"_links":{"self":[{"href":"https:\/\/fumotxpress.de\/fr\/wp-json\/wp\/v2\/product\/476","targetHints":{"allow":["GET"]}}],"collection":[{"href":"https:\/\/fumotxpress.de\/fr\/wp-json\/wp\/v2\/product"}],"about":[{"href":"https:\/\/fumotxpress.de\/fr\/wp-json\/wp\/v2\/types\/product"}],"replies":[{"embeddable":true,"href":"https:\/\/fumotxpress.de\/fr\/wp-json\/wp\/v2\/comments?post=476"}],"wp:featuredmedia":[{"embeddable":true,"href":"https:\/\/fumotxpress.de\/fr\/wp-json\/wp\/v2\/media\/478"}],"wp:attachment":[{"href":"https:\/\/fumotxpress.de\/fr\/wp-json\/wp\/v2\/media?parent=476"}],"wp:term":[{"taxonomy":"product_brand","embeddable":true,"href":"https:\/\/fumotxpress.de\/fr\/wp-json\/wp\/v2\/product_brand?post=476"},{"taxonomy":"product_cat","embeddable":true,"href":"https:\/\/fumotxpress.de\/fr\/wp-json\/wp\/v2\/product_cat?post=476"},{"taxonomy":"product_tag","embeddable":true,"href":"https:\/\/fumotxpress.de\/fr\/wp-json\/wp\/v2\/product_tag?post=476"}],"curies":[{"name":"wp","href":"https:\/\/api.w.org\/{rel}","templated":true}]}}