{"id":4687,"date":"2026-01-27T06:02:05","date_gmt":"2026-01-27T06:02:05","guid":{"rendered":"https:\/\/fumotxpress.de\/?post_type=product&#038;p=4687"},"modified":"2026-03-27T08:22:35","modified_gmt":"2026-03-27T08:22:35","slug":"chargeur-de-creme-original-exotic-whip-670-grammes","status":"publish","type":"product","link":"https:\/\/fumotxpress.de\/fr\/produit\/chargeur-de-creme-original-exotic-whip-670-grammes\/","title":{"rendered":"Chargeur de cr\u00e8me Exotic Whip Original 670 grammes"},"content":{"rendered":"<p>Le chargeur classique de 670g est rempli de protoxyde d'azote de qualit\u00e9 sup\u00e9rieure UE. En raison de nos normes de compression,<\/p>\n<p>Notre chargeur classique de 670g est le chargeur \u00e0 la plus grande capacit\u00e9 du march\u00e9 pour sa taille et, comme toujours, dans une conception qui nous distingue.<\/p>\n<p><img loading=\"lazy\" decoding=\"async\" class=\"alignnone size-full wp-image-4696\" src=\"https:\/\/fumotxpress.de\/wp-content\/uploads\/2026\/01\/s-l500-3-1.jpg\" alt=\"\" width=\"500\" height=\"500\" srcset=\"https:\/\/fumotxpress.de\/wp-content\/uploads\/2026\/01\/s-l500-3-1.jpg 500w, https:\/\/fumotxpress.de\/wp-content\/uploads\/2026\/01\/s-l500-3-1-300x300.jpg 300w, https:\/\/fumotxpress.de\/wp-content\/uploads\/2026\/01\/s-l500-3-1-150x150.jpg 150w, https:\/\/fumotxpress.de\/wp-content\/uploads\/2026\/01\/s-l500-3-1-12x12.jpg 12w, https:\/\/fumotxpress.de\/wp-content\/uploads\/2026\/01\/s-l500-3-1-247x247.jpg 247w, https:\/\/fumotxpress.de\/wp-content\/uploads\/2026\/01\/s-l500-3-1-100x100.jpg 100w\" sizes=\"auto, (max-width: 500px) 100vw, 500px\" \/><\/p>","protected":false},"excerpt":{"rendered":"<p>Chargeur de cr\u00e8me Exotic Whip Original 670 grammes<\/p>","protected":false},"featured_media":4688,"comment_status":"open","ping_status":"closed","template":"","meta":{"om_disable_all_campaigns":false},"product_brand":[],"product_cat":[134],"product_tag":[],"class_list":{"0":"post-4687","1":"product","2":"type-product","3":"status-publish","4":"has-post-thumbnail","6":"product_cat-exotic","8":"first","9":"instock","10":"shipping-taxable","11":"purchasable","12":"product-type-variable"},"_links":{"self":[{"href":"https:\/\/fumotxpress.de\/fr\/wp-json\/wp\/v2\/product\/4687","targetHints":{"allow":["GET"]}}],"collection":[{"href":"https:\/\/fumotxpress.de\/fr\/wp-json\/wp\/v2\/product"}],"about":[{"href":"https:\/\/fumotxpress.de\/fr\/wp-json\/wp\/v2\/types\/product"}],"replies":[{"embeddable":true,"href":"https:\/\/fumotxpress.de\/fr\/wp-json\/wp\/v2\/comments?post=4687"}],"wp:featuredmedia":[{"embeddable":true,"href":"https:\/\/fumotxpress.de\/fr\/wp-json\/wp\/v2\/media\/4688"}],"wp:attachment":[{"href":"https:\/\/fumotxpress.de\/fr\/wp-json\/wp\/v2\/media?parent=4687"}],"wp:term":[{"taxonomy":"product_brand","embeddable":true,"href":"https:\/\/fumotxpress.de\/fr\/wp-json\/wp\/v2\/product_brand?post=4687"},{"taxonomy":"product_cat","embeddable":true,"href":"https:\/\/fumotxpress.de\/fr\/wp-json\/wp\/v2\/product_cat?post=4687"},{"taxonomy":"product_tag","embeddable":true,"href":"https:\/\/fumotxpress.de\/fr\/wp-json\/wp\/v2\/product_tag?post=4687"}],"curies":[{"name":"wp","href":"https:\/\/api.w.org\/{rel}","templated":true}]}}