{"id":4602,"date":"2025-11-28T12:37:27","date_gmt":"2025-11-28T12:37:27","guid":{"rendered":"https:\/\/fumotxpress.de\/?post_type=product&#038;p=4602"},"modified":"2025-11-28T12:45:51","modified_gmt":"2025-11-28T12:45:51","slug":"al-fakher-30k-vape-jetable-acheter-aujourdhui-depuis-un-entrepot-europeen-pas-de-quantite-minimale-de-commande","status":"publish","type":"product","link":"https:\/\/fumotxpress.de\/fr\/produit\/al-fakher-30k-vape-jetable-acheter-aujourdhui-depuis-un-entrepot-europeen-pas-de-quantite-minimale-de-commande\/","title":{"rendered":"Al Fakher 30K Vape jetable : Acheter aujourd'hui depuis l'entrep\u00f4t europ\u00e9en, pas de quantit\u00e9 minimale d'achat."},"content":{"rendered":"<p>&nbsp;<\/p>\n<article style=\"background-color: #2c2c2c; color: #ffffff; font-family: Arial, sans-serif; padding: 20px; border-radius: 10px;\">\n<h2 style=\"font-family: Arial, sans-serif; color: #f1f1f1;\">Votre Compagnon de Saveur Super Longue Dur\u00e9e : Le <a href=\"https:\/\/fumotxpress.de\/fr\/\">Al Fakher 30K Hypermax<\/a>!<\/h2>\n<p style=\"font-family: Arial, sans-serif; font-size: 16px; line-height: 1.6; color: #f1f1f1;\">\u00cates-vous fatigu\u00e9 des vapes qui s'\u00e9puisent de mani\u00e8re amusante beaucoup trop vite ? Eh bien, pr\u00e9parez-vous pour une f\u00eate de saveurs qui semble ne jamais finir avec l'Al Fakher 30K Hypermax ! Imaginez obtenir jusqu'\u00e0 30 000 bouff\u00e9es incroyables \u00e0 partir d'un seul appareil. C'est comme avoir un arc-en-ciel de saveur de poche qui continue de donner ! Il est con\u00e7u pour \u00eatre super facile \u00e0 utiliser, ce qui le rend parfait pour tout le monde.<\/p>\n<p style=\"font-family: Arial, sans-serif; font-size: 16px; line-height: 1.6; color: #f1f1f1;\">Vous pouvez attraper cette petite centrale de saveur ici m\u00eame sur notre site Web, fumotxpress.de ! Nous sommes une plateforme de gros en ligne super cool pour les vapes jetables en Europe. Et la meilleure partie ? Il n'y a pas de quantit\u00e9 minimale de commande (pas de MOQ), vous pouvez donc en acheter juste une pour commencer. Nous l'exp\u00e9dions directement depuis notre entrep\u00f4t europ\u00e9en, ce qui signifie qu'il vous parviendra super vite, en seulement 2 \u00e0 7 jours !<\/p>\n<h3 style=\"font-family: Arial, sans-serif; color: #f1f1f1;\">Qu'est-ce qui rend l'Al Fakher 30K Hypermax si incroyable ?<\/h3>\n<ul style=\"color: #f1f1f1;\">\n<li style=\"font-family: Arial, sans-serif; font-size: 16px; line-height: 1.6;\">Une Histoire Interminable de Bouff\u00e9es ! : Avec une quantit\u00e9 massive de 30 000 bouff\u00e9es, vous pouvez profiter de vos saveurs pr\u00e9f\u00e9r\u00e9es pendant des semaines et des semaines !<\/li>\n<li style=\"font-family: Arial, sans-serif; font-size: 16px; line-height: 1.6;\">Un Grand Bassin de Saveur : Il vient pr\u00e9-rempli de 20 ml de e-liquide super d\u00e9licieux. C'est un \u00e9norme nuage de saveur qui vous attend !<\/li>\n<li style=\"font-family: Arial, sans-serif; font-size: 16px; line-height: 1.6;\">Lisse et Doux : Il a une intensit\u00e9 de nicotine 2%, ce qui est parfait pour une exp\u00e9rience relaxante et lisse.<\/li>\n<li style=\"font-family: Arial, sans-serif; font-size: 16px; line-height: 1.6;\">Rechargez-vous et partez ! : La batterie de 650mAh est puissante et rechargeable avec un simple c\u00e2ble Type-C. Vous ne perdrez jamais une goutte de jus !<\/li>\n<li style=\"font-family: Arial, sans-serif; font-size: 16px; line-height: 1.6;\">S'adapte parfaitement dans votre main : Il est con\u00e7u pour \u00eatre extr\u00eamement confortable \u00e0 tenir et \u00e0 transporter avec vous lors de toutes vos aventures.<\/li>\n<li style=\"font-family: Arial, sans-serif; font-size: 16px; line-height: 1.6;\">Saveur pure et d\u00e9licieuse : La bobine sp\u00e9ciale en maille de 1,2 ohm garantit que chaque bouff\u00e9e est remplie de saveur v\u00e9ritable et incroyable, sans aucun go\u00fbt de br\u00fbl\u00e9.<\/li>\n<\/ul>\n<h3 style=\"font-family: Arial, sans-serif; color: #f1f1f1;\">Choisissez Votre Aventure de Saveur Pr\u00e9f\u00e9r\u00e9e !<\/h3>\n<p style=\"font-family: Arial, sans-serif; font-size: 16px; line-height: 1.6; color: #f1f1f1;\">Pr\u00e9parez-vous \u00e0 explorer un monde de saveurs ! Lequel sera votre pr\u00e9f\u00e9r\u00e9 ?<\/p>\n<div style=\"font-family: Arial, sans-serif; font-size: 16px; line-height: 1.6; color: #f1f1f1; column-count: 2;\">\n<p>Menthe<\/p>\n<p>Punch aux fraises<\/p>\n<p>Amour magique<\/p>\n<p>Menthole<\/p>\n<p>M\u00e9lange de baies<\/p>\n<p>Citron Lime<\/p>\n<p>Menthe \u00e0 la vigne<\/p>\n<p>Citron Menthe<\/p>\n<p>Myrtille Cerise<\/p>\n<p>Mangue Ananas<\/p>\n<p>Mythe Bleuette Menthe<\/p>\n<p>R\u00eave d'\u00e9t\u00e9<\/p>\n<\/div>\n<h3 style=\"font-family: Arial, sans-serif; color: #f1f1f1;\">Voir comment il brille plus fort !<\/h3>\n<div style=\"margin: 20px auto; width: 90%; overflow-x: auto;\">\n<table style=\"width: 100%; border-collapse: collapse; font-family: Arial, sans-serif; border-radius: 8px; box-shadow: 0 4px 8px 0 rgba(0,0,0,0.5); background-color: #3d3d3d;\">\n<thead>\n<tr>\n<th style=\"padding: 12px; text-align: left; background-color: #1e1e1e; color: #ffffff;\">Fonctionnalit\u00e9<\/th>\n<th style=\"padding: 12px; text-align: left; background-color: #87ceeb; color: #ffffff;\">Al Fakher 30K Hypermax<\/th>\n<th style=\"padding: 12px; text-align: left; background-color: #1e1e1e; color: #ffffff;\">Autres Vapes<\/th>\n<\/tr>\n<\/thead>\n<tbody>\n<tr>\n<td style=\"padding: 12px; border-bottom: 1px solid #555; color: #000000;\">Compte de bouff\u00e9es<\/td>\n<td style=\"padding: 12px; border-bottom: 1px solid #555; color: #000000;\">Trente mille !<\/td>\n<td style=\"padding: 12px; border-bottom: 1px solid #555; color: #000000;\">Habituellement beaucoup moins (environ 600-800)<\/td>\n<\/tr>\n<tr style=\"background-color: #4c4c4c;\">\n<td style=\"padding: 12px; border-bottom: 1px solid #555; color: #000000;\">Quantit\u00e9 d'e-liquide<\/td>\n<td style=\"padding: 12px; border-bottom: 1px solid #555; color: #000000;\">Un \u00e9norme 20ml !<\/td>\n<td style=\"padding: 12px; border-bottom: 1px solid #555; color: #000000;\">Des chars beaucoup plus petits<\/td>\n<\/tr>\n<tr>\n<td style=\"padding: 12px; border-bottom: 1px solid #555; color: #000000;\">Batterie<\/td>\n<td style=\"padding: 12px; border-bottom: 1px solid #555; color: #000000;\">Rechargeable avec Type-C !<\/td>\n<td style=\"padding: 12px; border-bottom: 1px solid #555; color: #000000;\">Souvent non rechargeables<\/td>\n<\/tr>\n<tr style=\"background-color: #4c4c4c;\">\n<td style=\"padding: 12px; color: #000000;\">Commande sur fumotxpress.de<\/td>\n<td style=\"padding: 12px; color: #000000;\">Achetez-en seulement un ! Pas de commande minimum !<\/td>\n<td style=\"padding: 12px; color: #000000;\">Souvent oblig\u00e9 d'acheter en grandes quantit\u00e9s<\/td>\n<\/tr>\n<\/tbody>\n<\/table>\n<\/div>\n<h3 style=\"font-family: Arial, sans-serif; color: #f1f1f1;\">Vos questions, r\u00e9pondues !<\/h3>\n<div style=\"font-family: Arial, sans-serif; font-size: 16px; line-height: 1.6;\">\n<div style=\"background-color: #223344; border-left: 5px solid #87CEEB; padding: 15px; margin-bottom: 10px; border-radius: 5px; color: #ffffff;\">\n<p><strong>Comment l'utiliser ?<\/strong>C'est super simple ! L'appareil est activ\u00e9 par aspiration, ce qui signifie que vous devez juste le porter \u00e0 votre bouche pour commencer. Il n'y a pas de boutons \u00e0 appuyer ou de param\u00e8tres compliqu\u00e9s \u00e0 comprendre !<\/p>\n<\/div>\n<div style=\"background-color: #223344; border-left: 5px solid #87CEEB; padding: 15px; margin-bottom: 10px; border-radius: 5px; color: #ffffff;\">\n<p><strong>Est-ce qu'il a un \u00e9cran pour afficher la batterie ?<\/strong>Oui, de nombreux mod\u00e8les sont \u00e9quip\u00e9s d'un \u00e9cran LED pratique qui vous informe en permanence sur la dur\u00e9e de vie de la batterie et le nombre de bouff\u00e9es. De cette fa\u00e7on, vous saurez toujours quand il est temps de recharger.<\/p>\n<\/div>\n<div style=\"background-color: #223344; border-left: 5px solid #87CEEB; padding: 15px; margin-bottom: 10px; border-radius: 5px; color: #ffffff;\">\n<p><strong>Pourquoi fumotxpress.de est-il le meilleur endroit pour acheter ?<\/strong>Parce que nous sommes vos potes en Europe pour les vapes ! Nous exp\u00e9dions super vite (2-7 jours) directement depuis notre entrep\u00f4t europ\u00e9en. Et la meilleure partie ? Pas de quantit\u00e9 minimale d'achat ! Vous pouvez en acheter juste un pour voir \u00e0 quel point vous l'adorez. C'est la fa\u00e7on la plus facile et la plus conviviale d'obtenir votre nouvelle vape.<\/p>\n<\/div>\n<div style=\"background-color: #223344; border-left: 5px solid #87CEEB; padding: 15px; margin-bottom: 10px; border-radius: 5px; color: #ffffff;\">\n<p><strong>Puis-je remplir la vape avec un jus diff\u00e9rent ?<\/strong>Non ! Il s'agit d'un vape pr\u00e9-rempli, vous n'avez donc pas \u00e0 vous soucier du d\u00e9sordre de la recharge. Il s'agit uniquement de commodit\u00e9. Une fois que vous avez appr\u00e9ci\u00e9 toutes les bouff\u00e9es, vous pouvez simplement en commencer une nouvelle.<\/p>\n<\/div>\n<\/div>\n<\/article>","protected":false},"excerpt":{"rendered":"<p>Al Fakher 30K Hypermax : Votre aventure dans 30 000 bouff\u00e9es de saveur<\/p>","protected":false},"featured_media":4600,"comment_status":"open","ping_status":"closed","template":"","meta":{"om_disable_all_campaigns":false},"product_brand":[],"product_cat":[132],"product_tag":[],"class_list":{"0":"post-4602","1":"product","2":"type-product","3":"status-publish","4":"has-post-thumbnail","6":"product_cat-al-fakher-30k-hypermax","8":"first","9":"instock","10":"shipping-taxable","11":"purchasable","12":"product-type-variable"},"_links":{"self":[{"href":"https:\/\/fumotxpress.de\/fr\/wp-json\/wp\/v2\/product\/4602","targetHints":{"allow":["GET"]}}],"collection":[{"href":"https:\/\/fumotxpress.de\/fr\/wp-json\/wp\/v2\/product"}],"about":[{"href":"https:\/\/fumotxpress.de\/fr\/wp-json\/wp\/v2\/types\/product"}],"replies":[{"embeddable":true,"href":"https:\/\/fumotxpress.de\/fr\/wp-json\/wp\/v2\/comments?post=4602"}],"wp:featuredmedia":[{"embeddable":true,"href":"https:\/\/fumotxpress.de\/fr\/wp-json\/wp\/v2\/media\/4600"}],"wp:attachment":[{"href":"https:\/\/fumotxpress.de\/fr\/wp-json\/wp\/v2\/media?parent=4602"}],"wp:term":[{"taxonomy":"product_brand","embeddable":true,"href":"https:\/\/fumotxpress.de\/fr\/wp-json\/wp\/v2\/product_brand?post=4602"},{"taxonomy":"product_cat","embeddable":true,"href":"https:\/\/fumotxpress.de\/fr\/wp-json\/wp\/v2\/product_cat?post=4602"},{"taxonomy":"product_tag","embeddable":true,"href":"https:\/\/fumotxpress.de\/fr\/wp-json\/wp\/v2\/product_tag?post=4602"}],"curies":[{"name":"wp","href":"https:\/\/api.w.org\/{rel}","templated":true}]}}