{"id":3964,"date":"2025-07-14T05:28:48","date_gmt":"2025-07-14T05:28:48","guid":{"rendered":"https:\/\/fumotxpress.de\/?post_type=product&#038;p=3964"},"modified":"2025-07-18T04:50:47","modified_gmt":"2025-07-18T04:50:47","slug":"magic-bar-20000-puffs-buy-original-authentisch-rechargeable-disposable-vapes-pen","status":"publish","type":"product","link":"https:\/\/fumotxpress.de\/fr\/produit\/magic-bar-20000-puffs-buy-original-authentisch-rechargeable-disposable-vapes-pen\/","title":{"rendered":"Barre Magique 50000 Bouff\u00e9es Acheter Vape Original Authentique Rechargeable Jetable Pen Un bo\u00eete (14 pi\u00e8ces)"},"content":{"rendered":"<div style=\"width: 1020px;\" class=\"wp-video\"><!--[if lt IE 9]><script>document.createElement('video');<\/script><![endif]-->\n<video class=\"wp-video-shortcode\" id=\"video-3964-1\" width=\"1020\" height=\"574\" preload=\"metadata\" controls=\"controls\"><source type=\"video\/mp4\" src=\"https:\/\/fumotxpress.de\/wp-content\/uploads\/2025\/07\/ultimatepro-shi-pin-2.mp4?_=1\" \/><a href=\"https:\/\/fumotxpress.de\/wp-content\/uploads\/2025\/07\/ultimatepro-shi-pin-2.mp4\">https:\/\/fumotxpress.de\/wp-content\/uploads\/2025\/07\/ultimatepro-shi-pin-2.mp4<\/a><\/video><\/div>\n<p>&nbsp;<\/p>\n<h2 id=\"gspb_text-id-gsbp-56e19fc\" class=\"gspb_text gspb_text-id-gsbp-56e19fc\">MAGIC BAR est d\u00e9di\u00e9 \u00e0 devenir une marque mondiale leader de cigarettes \u00e9lectroniques,<\/h2>\n<h2 id=\"gspb_text-id-gsbp-1ff4cbb\" class=\"gspb_text gspb_text-id-gsbp-1ff4cbb\">fournir aux clients des alternatives au tabagisme plus s\u00fbres, plus saines et plus respectueuses de l'environnement.<\/h2>\n<h2 id=\"gspb_text-id-gsbp-9ea54e5\" class=\"gspb_text gspb_text-id-gsbp-9ea54e5\">Promouvoir le d\u00e9veloppement sain de la technologie des cigarettes \u00e9lectroniques, en cr\u00e9ant un \nenvironnement frais<\/h2>\n<h2 id=\"gspb_text-id-gsbp-9973be8\" class=\"gspb_text gspb_text-id-gsbp-9973be8\">avenir, et en garantissant que chaque client puisse profiter d'une exp\u00e9rience de fumage sans souci.<\/h2>\n<p><img loading=\"lazy\" decoding=\"async\" class=\"alignnone size-full wp-image-3966\" src=\"https:\/\/fumotxpress.de\/wp-content\/uploads\/2025\/07\/01-6-scaled.jpg\" alt=\"\" width=\"2560\" height=\"1440\" srcset=\"https:\/\/fumotxpress.de\/wp-content\/uploads\/2025\/07\/01-6-scaled.jpg 2560w, https:\/\/fumotxpress.de\/wp-content\/uploads\/2025\/07\/01-6-300x169.jpg 300w, https:\/\/fumotxpress.de\/wp-content\/uploads\/2025\/07\/01-6-1024x576.jpg 1024w, https:\/\/fumotxpress.de\/wp-content\/uploads\/2025\/07\/01-6-768x432.jpg 768w, https:\/\/fumotxpress.de\/wp-content\/uploads\/2025\/07\/01-6-1536x864.jpg 1536w, https:\/\/fumotxpress.de\/wp-content\/uploads\/2025\/07\/01-6-2048x1152.jpg 2048w, https:\/\/fumotxpress.de\/wp-content\/uploads\/2025\/07\/01-6-18x10.jpg 18w, https:\/\/fumotxpress.de\/wp-content\/uploads\/2025\/07\/01-6-600x338.jpg 600w\" sizes=\"auto, (max-width: 2560px) 100vw, 2560px\" \/> <img loading=\"lazy\" decoding=\"async\" class=\"alignnone size-full wp-image-3967\" src=\"https:\/\/fumotxpress.de\/wp-content\/uploads\/2025\/07\/06-2-scaled.jpg\" alt=\"\" width=\"2560\" height=\"1440\" srcset=\"https:\/\/fumotxpress.de\/wp-content\/uploads\/2025\/07\/06-2-scaled.jpg 2560w, https:\/\/fumotxpress.de\/wp-content\/uploads\/2025\/07\/06-2-300x169.jpg 300w, https:\/\/fumotxpress.de\/wp-content\/uploads\/2025\/07\/06-2-1024x576.jpg 1024w, https:\/\/fumotxpress.de\/wp-content\/uploads\/2025\/07\/06-2-768x432.jpg 768w, https:\/\/fumotxpress.de\/wp-content\/uploads\/2025\/07\/06-2-1536x864.jpg 1536w, https:\/\/fumotxpress.de\/wp-content\/uploads\/2025\/07\/06-2-2048x1152.jpg 2048w, https:\/\/fumotxpress.de\/wp-content\/uploads\/2025\/07\/06-2-18x10.jpg 18w, https:\/\/fumotxpress.de\/wp-content\/uploads\/2025\/07\/06-2-600x338.jpg 600w\" sizes=\"auto, (max-width: 2560px) 100vw, 2560px\" \/> <img loading=\"lazy\" decoding=\"async\" class=\"alignnone size-full wp-image-3968\" src=\"https:\/\/fumotxpress.de\/wp-content\/uploads\/2025\/07\/07-3-scaled.jpg\" alt=\"\" width=\"2560\" height=\"1440\" srcset=\"https:\/\/fumotxpress.de\/wp-content\/uploads\/2025\/07\/07-3-scaled.jpg 2560w, https:\/\/fumotxpress.de\/wp-content\/uploads\/2025\/07\/07-3-300x169.jpg 300w, https:\/\/fumotxpress.de\/wp-content\/uploads\/2025\/07\/07-3-1024x576.jpg 1024w, https:\/\/fumotxpress.de\/wp-content\/uploads\/2025\/07\/07-3-768x432.jpg 768w, https:\/\/fumotxpress.de\/wp-content\/uploads\/2025\/07\/07-3-1536x864.jpg 1536w, https:\/\/fumotxpress.de\/wp-content\/uploads\/2025\/07\/07-3-2048x1152.jpg 2048w, https:\/\/fumotxpress.de\/wp-content\/uploads\/2025\/07\/07-3-18x10.jpg 18w, https:\/\/fumotxpress.de\/wp-content\/uploads\/2025\/07\/07-3-600x338.jpg 600w\" sizes=\"auto, (max-width: 2560px) 100vw, 2560px\" \/><\/p>\n<p><img loading=\"lazy\" decoding=\"async\" class=\"alignnone size-full wp-image-3970\" src=\"https:\/\/fumotxpress.de\/wp-content\/uploads\/2025\/07\/09-3-scaled.jpg\" alt=\"\" width=\"2560\" height=\"1841\" srcset=\"https:\/\/fumotxpress.de\/wp-content\/uploads\/2025\/07\/09-3-scaled.jpg 2560w, https:\/\/fumotxpress.de\/wp-content\/uploads\/2025\/07\/09-3-300x216.jpg 300w, https:\/\/fumotxpress.de\/wp-content\/uploads\/2025\/07\/09-3-1024x737.jpg 1024w, https:\/\/fumotxpress.de\/wp-content\/uploads\/2025\/07\/09-3-768x552.jpg 768w, https:\/\/fumotxpress.de\/wp-content\/uploads\/2025\/07\/09-3-1536x1105.jpg 1536w, https:\/\/fumotxpress.de\/wp-content\/uploads\/2025\/07\/09-3-2048x1473.jpg 2048w, https:\/\/fumotxpress.de\/wp-content\/uploads\/2025\/07\/09-3-18x12.jpg 18w, https:\/\/fumotxpress.de\/wp-content\/uploads\/2025\/07\/09-3-600x432.jpg 600w\" sizes=\"auto, (max-width: 2560px) 100vw, 2560px\" \/> <img loading=\"lazy\" decoding=\"async\" class=\"alignnone size-full wp-image-3969\" src=\"https:\/\/fumotxpress.de\/wp-content\/uploads\/2025\/07\/08-3-scaled.jpg\" alt=\"\" width=\"2560\" height=\"1363\" srcset=\"https:\/\/fumotxpress.de\/wp-content\/uploads\/2025\/07\/08-3-scaled.jpg 2560w, https:\/\/fumotxpress.de\/wp-content\/uploads\/2025\/07\/08-3-300x160.jpg 300w, https:\/\/fumotxpress.de\/wp-content\/uploads\/2025\/07\/08-3-1024x545.jpg 1024w, https:\/\/fumotxpress.de\/wp-content\/uploads\/2025\/07\/08-3-768x409.jpg 768w, https:\/\/fumotxpress.de\/wp-content\/uploads\/2025\/07\/08-3-1536x818.jpg 1536w, https:\/\/fumotxpress.de\/wp-content\/uploads\/2025\/07\/08-3-2048x1090.jpg 2048w, https:\/\/fumotxpress.de\/wp-content\/uploads\/2025\/07\/08-3-18x10.jpg 18w, https:\/\/fumotxpress.de\/wp-content\/uploads\/2025\/07\/08-3-600x319.jpg 600w\" sizes=\"auto, (max-width: 2560px) 100vw, 2560px\" \/> <img loading=\"lazy\" decoding=\"async\" class=\"alignnone size-full wp-image-3971\" src=\"https:\/\/fumotxpress.de\/wp-content\/uploads\/2025\/07\/10-3-scaled.jpg\" alt=\"\" width=\"2560\" height=\"1440\" srcset=\"https:\/\/fumotxpress.de\/wp-content\/uploads\/2025\/07\/10-3-scaled.jpg 2560w, https:\/\/fumotxpress.de\/wp-content\/uploads\/2025\/07\/10-3-300x169.jpg 300w, https:\/\/fumotxpress.de\/wp-content\/uploads\/2025\/07\/10-3-1024x576.jpg 1024w, https:\/\/fumotxpress.de\/wp-content\/uploads\/2025\/07\/10-3-768x432.jpg 768w, https:\/\/fumotxpress.de\/wp-content\/uploads\/2025\/07\/10-3-1536x864.jpg 1536w, https:\/\/fumotxpress.de\/wp-content\/uploads\/2025\/07\/10-3-2048x1152.jpg 2048w, https:\/\/fumotxpress.de\/wp-content\/uploads\/2025\/07\/10-3-18x10.jpg 18w, https:\/\/fumotxpress.de\/wp-content\/uploads\/2025\/07\/10-3-600x338.jpg 600w\" sizes=\"auto, (max-width: 2560px) 100vw, 2560px\" \/><\/p>","protected":false},"excerpt":{"rendered":"<h5 id=\"gspb_text-id-gsbp-56e19fc\" class=\"gspb_text gspb_text-id-gsbp-56e19fc\">MAGIC BAR est d\u00e9di\u00e9 \u00e0 devenir une marque mondiale leader de cigarettes \u00e9lectroniques<\/h5>\n<h6 id=\"gspb_text-id-gsbp-9973be8\" class=\"gspb_text gspb_text-id-gsbp-9973be8\"><\/h6>","protected":false},"featured_media":3988,"comment_status":"open","ping_status":"closed","template":"","meta":{"om_disable_all_campaigns":false},"product_brand":[],"product_cat":[125],"product_tag":[],"class_list":{"0":"post-3964","1":"product","2":"type-product","3":"status-publish","4":"has-post-thumbnail","6":"product_cat-magic-bar-50000-puffs","8":"first","9":"instock","10":"shipping-taxable","11":"purchasable","12":"product-type-variable"},"_links":{"self":[{"href":"https:\/\/fumotxpress.de\/fr\/wp-json\/wp\/v2\/product\/3964","targetHints":{"allow":["GET"]}}],"collection":[{"href":"https:\/\/fumotxpress.de\/fr\/wp-json\/wp\/v2\/product"}],"about":[{"href":"https:\/\/fumotxpress.de\/fr\/wp-json\/wp\/v2\/types\/product"}],"replies":[{"embeddable":true,"href":"https:\/\/fumotxpress.de\/fr\/wp-json\/wp\/v2\/comments?post=3964"}],"wp:featuredmedia":[{"embeddable":true,"href":"https:\/\/fumotxpress.de\/fr\/wp-json\/wp\/v2\/media\/3988"}],"wp:attachment":[{"href":"https:\/\/fumotxpress.de\/fr\/wp-json\/wp\/v2\/media?parent=3964"}],"wp:term":[{"taxonomy":"product_brand","embeddable":true,"href":"https:\/\/fumotxpress.de\/fr\/wp-json\/wp\/v2\/product_brand?post=3964"},{"taxonomy":"product_cat","embeddable":true,"href":"https:\/\/fumotxpress.de\/fr\/wp-json\/wp\/v2\/product_cat?post=3964"},{"taxonomy":"product_tag","embeddable":true,"href":"https:\/\/fumotxpress.de\/fr\/wp-json\/wp\/v2\/product_tag?post=3964"}],"curies":[{"name":"wp","href":"https:\/\/api.w.org\/{rel}","templated":true}]}}