{"id":3598,"date":"2025-04-02T13:57:30","date_gmt":"2025-04-02T13:57:30","guid":{"rendered":"https:\/\/fumotxpress.de\/?post_type=product&#038;p=3598"},"modified":"2025-12-23T11:48:07","modified_gmt":"2025-12-23T11:48:07","slug":"request-failed-with-status-code-563","status":"publish","type":"product","link":"https:\/\/fumotxpress.de\/fr\/produit\/request-failed-with-status-code-563\/","title":{"rendered":"Nexa Ultra 800mAh 20ml (40000 bouff\u00e9es) Nicotine Acheter Vape Original Authentique Rechargeable Jetable Pen"},"content":{"rendered":"<h1 class=\"\" data-start=\"0\" data-end=\"111\"><strong data-start=\"2\" data-end=\"109\"><a href=\"https:\/\/fumotxpress.de\/fr\/\">Nexa Ultra 800mAh 20ml (40 000 bouff\u00e9es)<\/a> Stylo Vape Jetable Rechargeable \u2013 L'Exp\u00e9rience de Vape Ultime<\/strong><\/h1>\n<div style=\"width: 640px;\" class=\"wp-video\"><!--[if lt IE 9]><script>document.createElement('video');<\/script><![endif]-->\n<video class=\"wp-video-shortcode\" id=\"video-3598-1\" width=\"640\" height=\"360\" preload=\"metadata\" controls=\"controls\"><source type=\"video\/mp4\" src=\"https:\/\/fumotxpress.de\/wp-content\/uploads\/2025\/04\/nexa-vape.mp4?_=1\" \/><a href=\"https:\/\/fumotxpress.de\/wp-content\/uploads\/2025\/04\/nexa-vape.mp4\">https:\/\/fumotxpress.de\/wp-content\/uploads\/2025\/04\/nexa-vape.mp4<\/a><\/video><\/div>\n<p class=\"\" data-start=\"113\" data-end=\"644\">Le <strong data-start=\"117\" data-end=\"191\">Nexa Ultra 800mAh 20ml (40 000 bouff\u00e9es) Stylo Vape jetable rechargeable<\/strong> est un appareil de nouvelle g\u00e9n\u00e9ration con\u00e7u pour les vapoteurs qui exigent long\u00e9vit\u00e9, performance et personnalisation. \u00c9quip\u00e9 de <strong data-start=\"306\" data-end=\"329\">technologie avanc\u00e9e<\/strong>ceci <strong data-start=\"336\" data-end=\"358\">Vape de grande capacit\u00e9<\/strong> offres <strong data-start=\"366\" data-end=\"395\">Param\u00e8tres de puissance ajustables<\/strong>, un <strong data-start=\"399\" data-end=\"424\">r\u00e9servoir de liquide \u00e9lectronique visible<\/strong>, et <strong data-start=\"430\" data-end=\"464\">Une s\u00e9lection premium de saveurs<\/strong>\u2014tous dans une conception \u00e9l\u00e9gante et durable. Que vous cherchiez une production de vapeur intense ou un nombre de bouff\u00e9es prolong\u00e9, le Nexa Ultra offre la flexibilit\u00e9 pour correspondre \u00e0 votre style de vapotage.<\/p>\n<hr class=\"\" data-start=\"646\" data-end=\"649\" \/>\n<h2 class=\"\" data-start=\"651\" data-end=\"712\"><strong data-start=\"654\" data-end=\"710\">Performances in\u00e9gal\u00e9es avec des modes de puissance ajustables<\/strong><\/h2>\n<p class=\"\" data-start=\"714\" data-end=\"841\">Contrairement aux vapes jetables standards, le <strong data-start=\"752\" data-end=\"766\"><a href=\"https:\/\/fumotxpress.de\/fr\/\">Nexa<\/a> Ultra<\/strong> est con\u00e7u pour une personnalisation avec ses <strong data-start=\"808\" data-end=\"838\">deux modes de puissance r\u00e9glables<\/strong>:<\/p>\n<ul data-start=\"842\" data-end=\"1097\">\n<li class=\"\" data-start=\"842\" data-end=\"984\">\n<p class=\"\" data-start=\"844\" data-end=\"984\"><strong data-start=\"844\" data-end=\"874\">Mode Normal (40 000 bouff\u00e9es)<\/strong> \u2013 Optimis\u00e9 pour la long\u00e9vit\u00e9, offrant une saveur constante et une exp\u00e9rience satisfaisante sur une p\u00e9riode prolong\u00e9e.<\/p>\n<\/li>\n<li class=\"\" data-start=\"985\" data-end=\"1097\">\n<p class=\"\" data-start=\"987\" data-end=\"1097\"><strong data-start=\"987\" data-end=\"1016\">Mode Turbo (25 000 bouff\u00e9es)<\/strong> \u2013 Augmente la puissance pour une production de vapeur am\u00e9lior\u00e9e et une livraison de saveur plus intense.<\/p>\n<\/li>\n<\/ul>\n<p class=\"\" data-start=\"1099\" data-end=\"1361\">Ceci <strong data-start=\"1104\" data-end=\"1131\">syst\u00e8me d'alimentation r\u00e9glable<\/strong> vous permet de <strong data-start=\"1146\" data-end=\"1189\">alterner entre l'efficacit\u00e9 et l'intensit\u00e9<\/strong>, r\u00e9pondant aux besoins des vapoteurs occasionnels comme des plus exp\u00e9riment\u00e9s. Que vous pr\u00e9f\u00e9riez une session de vapotage prolong\u00e9e et r\u00e9guli\u00e8re ou une bouff\u00e9e plus puissante et intense, le Nexa Ultra s'adapte \u00e0 vos besoins.<\/p>\n<hr class=\"\" data-start=\"1363\" data-end=\"1366\" \/>\n<h2 class=\"\" data-start=\"1368\" data-end=\"1429\"><strong data-start=\"1371\" data-end=\"1427\">Fonctionnalit\u00e9s innovantes pour une exp\u00e9rience de vapotage fluide<\/strong><\/h2>\n<p class=\"\" data-start=\"1431\" data-end=\"1526\">Chaque d\u00e9tail de la <strong data-start=\"1451\" data-end=\"1465\">Nexa Ultra<\/strong> est con\u00e7u pour la commodit\u00e9, l'efficacit\u00e9 et la satisfaction.<\/p>\n<ul data-start=\"1528\" data-end=\"2540\">\n<li class=\"\" data-start=\"1528\" data-end=\"1637\">\n<p class=\"\" data-start=\"1530\" data-end=\"1637\"><strong data-start=\"1530\" data-end=\"1566\">Capacit\u00e9 maximale de 40 000 bouff\u00e9es<\/strong> \u2013 Un nombre de bouff\u00e9es leader sur le march\u00e9 garantit une exp\u00e9rience de vapotage prolong\u00e9e.<\/p>\n<\/li>\n<li class=\"\" data-start=\"1638\" data-end=\"1747\">\n<p class=\"\" data-start=\"1640\" data-end=\"1747\"><strong data-start=\"1640\" data-end=\"1674\">Pile haute puissance 800mAh<\/strong> \u2013 Offre des performances fiables et prend en charge plusieurs sessions de vapotage.<\/p>\n<\/li>\n<li class=\"\" data-start=\"1748\" data-end=\"1827\">\n<p class=\"\" data-start=\"1750\" data-end=\"1827\"><strong data-start=\"1750\" data-end=\"1776\">Recharge USB Type-C<\/strong> \u2013 Une charge rapide et efficace vous maintient aliment\u00e9.<\/p>\n<\/li>\n<li class=\"\" data-start=\"1828\" data-end=\"1946\">\n<p class=\"\" data-start=\"1830\" data-end=\"1946\"><strong data-start=\"1830\" data-end=\"1859\">Capacit\u00e9 de e-liquide de 20mL<\/strong> \u2013 Fonctionnalit\u00e9s a <strong data-start=\"1873\" data-end=\"1898\">r\u00e9servoir de liquide \u00e9lectronique visible<\/strong>permettant de surveiller facilement les niveaux de jus.<\/p>\n<\/li>\n<li class=\"\" data-start=\"1947\" data-end=\"2047\">\n<p class=\"\" data-start=\"1949\" data-end=\"2047\"><strong data-start=\"1949\" data-end=\"1974\">D\u00e9bit d'air r\u00e9glable<\/strong> \u2013 Personnalisez votre r\u00e9sistance \u00e0 l'aspiration pour une exp\u00e9rience de vapotage personnalis\u00e9e.<\/p>\n<\/li>\n<li class=\"\" data-start=\"2048\" data-end=\"2168\">\n<p class=\"\" data-start=\"2050\" data-end=\"2168\"><strong data-start=\"2050\" data-end=\"2073\">\u00c9cran incurv\u00e9 3D<\/strong> \u2013 Affiche la dur\u00e9e de vie de la batterie, le nombre de bouff\u00e9es et les niveaux d'e-liquide avec une esth\u00e9tique moderne et high-tech.<\/p>\n<\/li>\n<li class=\"\" data-start=\"2169\" data-end=\"2295\">\n<p class=\"\" data-start=\"2171\" data-end=\"2295\"><strong data-start=\"2171\" data-end=\"2205\">50mg (5%) Concentration en nicotine<\/strong> \u2013 Offre une exp\u00e9rience de nicotine forte et satisfaisante pour ceux qui pr\u00e9f\u00e8rent une exp\u00e9rience de nicotine audacieuse.<\/p>\n<\/li>\n<li class=\"\" data-start=\"2296\" data-end=\"2421\">\n<p class=\"\" data-start=\"2298\" data-end=\"2421\"><strong data-start=\"2298\" data-end=\"2326\">Construction durable PC\/PCTG<\/strong> \u2013 Des mat\u00e9riaux de haute qualit\u00e9 am\u00e9liorent la durabilit\u00e9 tout en maintenant une <strong data-start=\"2391\" data-end=\"2418\">confort premium, sensation ergonomique<\/strong>.<\/p>\n<\/li>\n<li class=\"\" data-start=\"2422\" data-end=\"2540\">\n<p class=\"\" data-start=\"2424\" data-end=\"2540\"><strong data-start=\"2424\" data-end=\"2456\">Pr\u00e9rempli et pr\u00eat \u00e0 l'emploi<\/strong> \u2013 Livr\u00e9 compl\u00e8tement assembl\u00e9 et pr\u00e9-rempli, vous permettant de commencer \u00e0 vapoter imm\u00e9diatement.<\/p>\n<\/li>\n<\/ul>\n<p class=\"\" data-start=\"2542\" data-end=\"2693\">Ceci <strong data-start=\"2547\" data-end=\"2572\">stylo vape riche en fonctionnalit\u00e9s<\/strong> fournit un <strong data-start=\"2584\" data-end=\"2619\">exp\u00e9rience premium sans tracas<\/strong> tout en maintenant <strong data-start=\"2638\" data-end=\"2690\">production de vapeur intense et livraison de saveur riche<\/strong>.<\/p>\n<hr class=\"\" data-start=\"2695\" data-end=\"2698\" \/>\n<h2 class=\"\" data-start=\"2700\" data-end=\"2760\"><strong data-start=\"2703\" data-end=\"2758\">S\u00e9lection de saveurs premium - Adapt\u00e9e \u00e0 chaque go\u00fbt<\/strong><\/h2>\n<p class=\"\" data-start=\"2762\" data-end=\"2997\">Le <strong data-start=\"2766\" data-end=\"2809\">Nexa Ultra 40 000 bouff\u00e9es Vape jetable<\/strong> offre une s\u00e9lection impressionnante de <strong data-start=\"2844\" data-end=\"2875\">25 saveurs \u00e9labor\u00e9es avec expertise<\/strong>, r\u00e9pondant \u00e0 toutes les pr\u00e9f\u00e9rences. Que vous ayez envie de m\u00e9langes fruit\u00e9es, glac\u00e9s, cr\u00e9meux ou menthol\u00e9s, il y a une saveur pour chaque vapoteur.<\/p>\n<h3 class=\"\" data-start=\"2999\" data-end=\"3036\"><strong data-start=\"3003\" data-end=\"3034\">Liste des saveurs et descriptions :<\/strong><\/h3>\n<ol data-start=\"3038\" data-end=\"5899\">\n<li class=\"\" data-start=\"3038\" data-end=\"3161\">\n<p class=\"\" data-start=\"3041\" data-end=\"3161\"><strong data-start=\"3041\" data-end=\"3059\">Pomme Verte Glac\u00e9e<\/strong><br data-start=\"3059\" data-end=\"3062\" \/>Des pommes vertes croquantes avec une pointe acidul\u00e9e piquante, termin\u00e9es par une expiration glac\u00e9e pour une saveur rafra\u00eechissante.<\/p>\n<\/li>\n<li class=\"\" data-start=\"3163\" data-end=\"3282\">\n<p class=\"\" data-start=\"3166\" data-end=\"3282\"><strong data-start=\"3166\" data-end=\"3190\">Myrtile Past\u00e8que<\/strong><br data-start=\"3190\" data-end=\"3193\" \/>Past\u00e8que juteuse fusionn\u00e9e avec des bleuets sucr\u00e9s pour un m\u00e9lange fruit\u00e9 parfaitement \u00e9quilibr\u00e9.<\/p>\n<\/li>\n<li class=\"\" data-start=\"3284\" data-end=\"3407\">\n<p class=\"\" data-start=\"3287\" data-end=\"3407\"><strong data-start=\"3287\" data-end=\"3305\">Glace de past\u00e8que<\/strong><br data-start=\"3305\" data-end=\"3308\" \/>Douceur classique de past\u00e8que associ\u00e9e \u00e0 une finition menthol\u00e9e rafra\u00eechissante pour une vape estivale rafra\u00eechissante.<\/p>\n<\/li>\n<li class=\"\" data-start=\"3409\" data-end=\"3543\">\n<p class=\"\" data-start=\"3412\" data-end=\"3543\"><strong data-start=\"3412\" data-end=\"3429\">Blue Razz Ice<\/strong><br data-start=\"3429\" data-end=\"3432\" \/>Une d\u00e9licieuse combinaison de framboises bleues acidul\u00e9es avec une touche de menthol glac\u00e9e, offrant une exp\u00e9rience douce mais piquante.<\/p>\n<\/li>\n<li class=\"\" data-start=\"3545\" data-end=\"3661\">\n<p class=\"\" data-start=\"3548\" data-end=\"3661\"><strong data-start=\"3548\" data-end=\"3562\">Miami Mint<\/strong><br data-start=\"3562\" data-end=\"3565\" \/>Une saveur audacieuse et rafra\u00eechissante \u00e0 la menthe inspir\u00e9e des brises oc\u00e9aniques fra\u00eeches et de la fra\u00eecheur tropicale.<\/p>\n<\/li>\n<li class=\"\" data-start=\"3663\" data-end=\"3787\">\n<p class=\"\" data-start=\"3666\" data-end=\"3787\"><strong data-start=\"3666\" data-end=\"3682\">Triple Baies<\/strong><br data-start=\"3682\" data-end=\"3685\" \/>Une combinaison luxueuse de fraises, de bleuets et de framboises pour une explosion de baies m\u00e9lang\u00e9es.<\/p>\n<\/li>\n<li class=\"\" data-start=\"3789\" data-end=\"3914\">\n<p class=\"\" data-start=\"3792\" data-end=\"3914\"><strong data-start=\"3792\" data-end=\"3813\">Fraise Banane<\/strong><br data-start=\"3813\" data-end=\"3816\" \/>L'\u00e9quilibre parfait de fraises m\u00fbres et de bananes cr\u00e9meuses pour une vape lisse et satisfaisante.<\/p>\n<\/li>\n<li class=\"\" data-start=\"3916\" data-end=\"4030\">\n<p class=\"\" data-start=\"3919\" data-end=\"4030\"><strong data-start=\"3919\" data-end=\"3932\">Fresh Mint<\/strong><br data-start=\"3932\" data-end=\"3935\" \/>Menthe pure et croustillante avec une touche glac\u00e9e - id\u00e9ale pour les amateurs de menthol qui appr\u00e9cient une sensation de fra\u00eecheur.<\/p>\n<\/li>\n<li class=\"\" data-start=\"4032\" data-end=\"4153\">\n<p class=\"\" data-start=\"4035\" data-end=\"4153\"><strong data-start=\"4035\" data-end=\"4050\">Mango Oasis<\/strong><br data-start=\"4050\" data-end=\"4053\" \/>Mangue exotique avec une touche tropicale, offrant une inhalation juteuse et sucr\u00e9e avec une finition rafra\u00eechissante.<\/p>\n<\/li>\n<li class=\"\" data-start=\"4155\" data-end=\"4283\">\n<p class=\"\" data-start=\"4159\" data-end=\"4283\"><strong data-start=\"4159\" data-end=\"4174\">Putain de Fab<\/strong><br data-start=\"4174\" data-end=\"4177\" \/>Un m\u00e9lange myst\u00e9rieux de saveurs vives et intenses con\u00e7u pour ceux qui aiment une exp\u00e9rience fruit\u00e9 inattendue.<\/p>\n<\/li>\n<li class=\"\" data-start=\"4285\" data-end=\"4399\">\n<p class=\"\" data-start=\"4289\" data-end=\"4399\"><strong data-start=\"4289\" data-end=\"4304\">Cherry Bomb<\/strong><br data-start=\"4304\" data-end=\"4307\" \/>Une saveur de cerise profonde et riche avec une douceur intense comme du bonbon et une finale piquante.<\/p>\n<\/li>\n<li class=\"\" data-start=\"4401\" data-end=\"4497\">\n<p class=\"\" data-start=\"4405\" data-end=\"4497\"><strong data-start=\"4405\" data-end=\"4424\">Glace Gommeuse Blanche<\/strong><br data-start=\"4424\" data-end=\"4427\" \/>Une saveur de bonbon gommeux blanc nostalgique avec une finition glac\u00e9e rafra\u00eechissante.<\/p>\n<\/li>\n<li class=\"\" data-start=\"4499\" data-end=\"4612\">\n<p class=\"\" data-start=\"4503\" data-end=\"4612\"><strong data-start=\"4503\" data-end=\"4512\">B-Pop<\/strong><br data-start=\"4512\" data-end=\"4515\" \/>Un m\u00e9lange ludique inspir\u00e9 de la gomme \u00e0 m\u00e2cher qui offre une saveur sucr\u00e9e et moelleuse avec une pointe de fruit.<\/p>\n<\/li>\n<li class=\"\" data-start=\"4614\" data-end=\"4728\">\n<p class=\"\" data-start=\"4618\" data-end=\"4728\"><strong data-start=\"4618\" data-end=\"4639\">Georgia Peach Ice<\/strong><br data-start=\"4639\" data-end=\"4642\" \/>Des p\u00eaches du Sud juteuses avec une finition glac\u00e9e pour une vapeur fra\u00eeche, douce et rafra\u00eechissante.<\/p>\n<\/li>\n<li class=\"\" data-start=\"4730\" data-end=\"4849\">\n<p class=\"\" data-start=\"4734\" data-end=\"4849\"><strong data-start=\"4734\" data-end=\"4752\">Glace aux fraises<\/strong><br data-start=\"4752\" data-end=\"4755\" \/>Fraises fra\u00eeches enrob\u00e9es d'une couche de menthol glacial pour une exp\u00e9rience sucr\u00e9e rafra\u00eechissante.<\/p>\n<\/li>\n<li class=\"\" data-start=\"4851\" data-end=\"4956\">\n<p class=\"\" data-start=\"4855\" data-end=\"4956\"><strong data-start=\"4855\" data-end=\"4874\">Past\u00e8que aigre<\/strong><br data-start=\"4874\" data-end=\"4877\" \/>Une saveur de bonbon de past\u00e8que piquante avec une touche acide et une finition rafra\u00eechissante.<\/p>\n<\/li>\n<li class=\"\" data-start=\"4958\" data-end=\"5124\">\n<p class=\"\" data-start=\"4962\" data-end=\"5124\"><strong data-start=\"4962\" data-end=\"4978\">Dragon Melon<\/strong> <em data-start=\"4979\" data-end=\"5015\">(Pasteque + Poire + Fruit du Dragon)<\/em><br data-start=\"5015\" data-end=\"5018\" \/>Un m\u00e9lange tropical de past\u00e8que juteuse, de poire croquante et de fruit dragon exotique pour une m\u00e9daille fruit\u00e9e unique.<\/p>\n<\/li>\n<li class=\"\" data-start=\"5126\" data-end=\"5243\">\n<p class=\"\" data-start=\"5130\" data-end=\"5243\"><strong data-start=\"5130\" data-end=\"5146\">Winter Green -&gt; Vert hivernal \n Vert d'hiver \n Wintergreen \n Gaultheria procumbens<\/strong><br data-start=\"5146\" data-end=\"5149\" \/>Un m\u00e9lange de wintergreen frais et rafra\u00eechissant, offrant une sensation de menthe rafra\u00eechissante \u00e0 chaque inspiration.<\/p>\n<\/li>\n<li class=\"\" data-start=\"5245\" data-end=\"5395\">\n<p class=\"\" data-start=\"5249\" data-end=\"5395\"><strong data-start=\"5249\" data-end=\"5264\">Rose et Bleu<\/strong> <em data-start=\"5265\" data-end=\"5287\">(Glace Bleue Rose Framboise)<\/em><br data-start=\"5287\" data-end=\"5290\" \/>Une douceur infus\u00e9e aux fruits rouges avec des saveurs de bleuets sucr\u00e9es et acidul\u00e9es, termin\u00e9e avec une touche glac\u00e9e rafra\u00eechissante.<\/p>\n<\/li>\n<li class=\"\" data-start=\"5397\" data-end=\"5504\">\n<p class=\"\" data-start=\"5401\" data-end=\"5504\"><strong data-start=\"5401\" data-end=\"5415\">Cinna Roll<\/strong><br data-start=\"5415\" data-end=\"5418\" \/>P\u00e2tisserie au cinnamon chaud recouverte d'un gla\u00e7age riche et cr\u00e9meux - parfaite pour les amateurs de desserts.<\/p>\n<\/li>\n<li class=\"\" data-start=\"5506\" data-end=\"5639\">\n<p class=\"\" data-start=\"5510\" data-end=\"5639\"><strong data-start=\"5510\" data-end=\"5531\">Strawberry Colada \n translated to French is \n Colada aux fraises<\/strong><br data-start=\"5531\" data-end=\"5534\" \/>Une escapade tropicale dans chaque bouff\u00e9e, m\u00e9langeant noix de coco cr\u00e9meuse, fraises sucr\u00e9es et ananas juteux.<\/p>\n<\/li>\n<li class=\"\" data-start=\"5641\" data-end=\"5757\">\n<p class=\"\" data-start=\"5645\" data-end=\"5757\"><strong data-start=\"5645\" data-end=\"5670\">Shake \u00e0 la goyave et \u00e0 l'ananas<\/strong><br data-start=\"5670\" data-end=\"5673\" \/>Go\u00fbte de goyave exotique et d'ananas m\u00fbr m\u00e9lang\u00e9s dans une saveur de milkshake lisse et cr\u00e9meuse.<\/p>\n<\/li>\n<li class=\"\" data-start=\"5759\" data-end=\"5899\">\n<p class=\"\" data-start=\"5763\" data-end=\"5899\"><strong data-start=\"5763\" data-end=\"5779\">Citrus Bliss \n translated to French is \n Citrus Bliss \nNo, seriously \nCitrus Bliss -&gt; Bliss Citron \nor \nLe Bonheur Citron \nor \n Bliss aux Agrumes \n\nThe best translation seems \nBliss aux Agrumes<\/strong> <em data-start=\"5780\" data-end=\"5802\">(Wild Orange + Poire)<\/em><br data-start=\"5802\" data-end=\"5805\" \/>Une explosion d'orange piquante associ\u00e9e \u00e0 la douceur subtile de la poire pour une vape fruit\u00e9e \u00e9quilibr\u00e9e.<\/p>\n<\/li>\n<\/ol>\n<p class=\"\" data-start=\"5901\" data-end=\"6035\">Chacun d'entre eux <strong data-start=\"5915\" data-end=\"5934\">saveurs premium<\/strong> est con\u00e7u pour d\u00e9livrer un <strong data-start=\"5959\" data-end=\"5982\">riche et satisfaisant<\/strong> exp\u00e9rience, garantissant que chaque bouff\u00e9e est agr\u00e9able.<\/p>\n<hr class=\"\" data-start=\"6037\" data-end=\"6040\" \/>\n<h2 class=\"\" data-start=\"6042\" data-end=\"6116\"><strong data-start=\"6045\" data-end=\"6114\">Pourquoi choisir le Nexa Ultra 800mAh 20ml (40 000 bouff\u00e9es) Vape jetable ?<\/strong><\/h2>\n<p class=\"\" data-start=\"6118\" data-end=\"6648\">\u2714 <strong data-start=\"6120\" data-end=\"6155\">La vape jetable la plus durable<\/strong> avec jusqu'\u00e0 <strong data-start=\"6167\" data-end=\"6183\">40 000 bouff\u00e9es<\/strong> en Mode Normal.<br data-start=\"6199\" data-end=\"6202\" \/>\u2714 <strong data-start=\"6204\" data-end=\"6227\">Deux r\u00e9glages de puissance<\/strong> permettre aux utilisateurs de basculer entre <strong data-start=\"6258\" data-end=\"6305\">Turbo (25K bouff\u00e9es) &amp; Mode Normal (40K bouff\u00e9es)<\/strong>.<br data-start=\"6306\" data-end=\"6309\" \/>\u2714 <strong data-start=\"6311\" data-end=\"6356\">R\u00e9servoir de liquide \u00e9lectronique visible &amp; Affichage incurv\u00e9 3D<\/strong> fournir une exp\u00e9rience intuitive et conviviale.<br data-start=\"6404\" data-end=\"6407\" \/>\u2714 <strong data-start=\"6409\" data-end=\"6448\">R\u00e9glages de d\u00e9bit d'air et de puissance ajustables<\/strong> r\u00e9pondre \u00e0 toutes les pr\u00e9f\u00e9rences de vapotage.<br data-start=\"6481\" data-end=\"6484\" \/>\u2714 <strong data-start=\"6486\" data-end=\"6505\">Saveurs premium<\/strong> avec e-liquide de haute qualit\u00e9 pour <strong data-start=\"6537\" data-end=\"6564\">des bouff\u00e9es lisses et savoureuses<\/strong>.<br data-start=\"6565\" data-end=\"6568\" \/>\u2714 <strong data-start=\"6570\" data-end=\"6598\">Charge rapide USB Type-C<\/strong> maintient l'appareil aliment\u00e9 avec un temps d'arr\u00eat minimal.<\/p>\n<hr class=\"\" data-start=\"6650\" data-end=\"6653\" \/>\n<h2 class=\"\" data-start=\"6655\" data-end=\"6721\"><strong data-start=\"6658\" data-end=\"6719\">O\u00f9 acheter le Nexa Ultra 40 000 bouff\u00e9es Vape jetable ?<\/strong><\/h2>\n<p class=\"\" data-start=\"6723\" data-end=\"6939\">Le <strong data-start=\"6727\" data-end=\"6801\">Nexa Ultra 800mAh 20ml (40 000 bouff\u00e9es) Stylo Vape jetable rechargeable<\/strong> est disponible exclusivement chez <strong data-start=\"6830\" data-end=\"6875\"><a class=\"\" href=\"https:\/\/fumotxpress.de\/fr\/\" target=\"_new\" rel=\"noopener\" data-start=\"6832\" data-end=\"6873\">FumotXpress.de<\/a><\/strong> \u2013 <strong data-start=\"6878\" data-end=\"6936\">Le plus grand d\u00e9taillant en ligne allemand de vapes jetables<\/strong>.<\/p>\n<h3 class=\"\" data-start=\"6941\" data-end=\"6979\"><strong data-start=\"6945\" data-end=\"6977\">Pourquoi acheter sur FumotXpress.de ?<\/strong><\/h3>\n<p class=\"\" data-start=\"6981\" data-end=\"7188\">\u2705 <strong data-start=\"6983\" data-end=\"7003\">Pas de commande minimum<\/strong> - Acheter depuis <strong data-start=\"7020\" data-end=\"7036\">juste 1 morceau<\/strong><br data-start=\"7036\" data-end=\"7039\" \/>\u2705 <strong data-start=\"7041\" data-end=\"7061\">Livraison rapide dans l'UE<\/strong> \u2013 <strong data-start=\"7064\" data-end=\"7084\">Livraison en 3 \u00e0 7 jours<\/strong> de notre entrep\u00f4t europ\u00e9en<br data-start=\"7112\" data-end=\"7115\" \/>\u2705 <strong data-start=\"7117\" data-end=\"7144\">100% Produits Authentiques<\/strong> \u2013 Vapes d'origine garantie, de haute qualit\u00e9<\/p>\n<p class=\"\" data-start=\"7190\" data-end=\"7322\">Am\u00e9liorez votre exp\u00e9rience de vapotage d\u00e8s aujourd'hui avec le <strong data-start=\"7236\" data-end=\"7279\">Nexa Ultra <a href=\"https:\/\/fumotxpress.de\/fr\/\">40 000 bouff\u00e9es Vape jetable<\/a><\/strong>\u2014<strong data-start=\"7280\" data-end=\"7319\">L\u00e0 o\u00f9 l'innovation rencontre la performance.<\/strong> \ud83d\ude80<\/p>","protected":false},"excerpt":{"rendered":"<p><strong data-start=\"6727\" data-end=\"6801\">Nexa Ultra 800mAh 20ml (40 000 bouff\u00e9es) Stylo Vape jetable rechargeable<\/strong> est disponible exclusivement chez <strong data-start=\"6830\" data-end=\"6875\"><a class=\"\" href=\"https:\/\/fumotxpress.de\/fr\/\" target=\"_new\" rel=\"noopener\" data-start=\"6832\" data-end=\"6873\">FumotXpress.de<\/a><\/strong> \u2013 <strong data-start=\"6878\" data-end=\"6936\">Le plus grand d\u00e9taillant en ligne allemand de vapes jetables<\/strong><\/p>","protected":false},"featured_media":3638,"comment_status":"open","ping_status":"closed","template":"","meta":{"om_disable_all_campaigns":false},"product_brand":[],"product_cat":[133],"product_tag":[],"class_list":{"0":"post-3598","1":"product","2":"type-product","3":"status-publish","4":"has-post-thumbnail","6":"product_cat-nexa-ultra","8":"first","9":"instock","10":"shipping-taxable","11":"purchasable","12":"product-type-variable"},"_links":{"self":[{"href":"https:\/\/fumotxpress.de\/fr\/wp-json\/wp\/v2\/product\/3598","targetHints":{"allow":["GET"]}}],"collection":[{"href":"https:\/\/fumotxpress.de\/fr\/wp-json\/wp\/v2\/product"}],"about":[{"href":"https:\/\/fumotxpress.de\/fr\/wp-json\/wp\/v2\/types\/product"}],"replies":[{"embeddable":true,"href":"https:\/\/fumotxpress.de\/fr\/wp-json\/wp\/v2\/comments?post=3598"}],"wp:featuredmedia":[{"embeddable":true,"href":"https:\/\/fumotxpress.de\/fr\/wp-json\/wp\/v2\/media\/3638"}],"wp:attachment":[{"href":"https:\/\/fumotxpress.de\/fr\/wp-json\/wp\/v2\/media?parent=3598"}],"wp:term":[{"taxonomy":"product_brand","embeddable":true,"href":"https:\/\/fumotxpress.de\/fr\/wp-json\/wp\/v2\/product_brand?post=3598"},{"taxonomy":"product_cat","embeddable":true,"href":"https:\/\/fumotxpress.de\/fr\/wp-json\/wp\/v2\/product_cat?post=3598"},{"taxonomy":"product_tag","embeddable":true,"href":"https:\/\/fumotxpress.de\/fr\/wp-json\/wp\/v2\/product_tag?post=3598"}],"curies":[{"name":"wp","href":"https:\/\/api.w.org\/{rel}","templated":true}]}}