{"id":3570,"date":"2025-04-02T13:50:56","date_gmt":"2025-04-02T13:50:56","guid":{"rendered":"https:\/\/fumotxpress.de\/?post_type=product&#038;p=3570"},"modified":"2025-05-20T09:51:56","modified_gmt":"2025-05-20T09:51:56","slug":"vozol-gear-shisha-20000-bouffees-nicotine-acheter-original-authentisch-rechargeable-jetable-vapes-pen","status":"publish","type":"product","link":"https:\/\/fumotxpress.de\/fr\/produit\/vozol-gear-shisha-20000-bouffees-nicotine-acheter-original-authentisch-rechargeable-jetable-vapes-pen\/","title":{"rendered":"VOZOL Gear Power 20K Puffs Nicotine Acheter Vape Original Authentique Rechargeable Jetable Vapes Stylo"},"content":{"rendered":"<article class=\"text-token-text-primary w-full\" dir=\"auto\" data-testid=\"conversation-turn-6\" data-scroll-anchor=\"false\">\n<div class=\"text-base my-auto mx-auto py-5 px-6\">\n<div class=\"mx-auto flex flex-1 text-base gap-4 md:gap-5 lg:gap-6 md:max-w-3xl lg:max-w-[40rem] xl:max-w-[48rem] group\/turn-messages focus-visible:outline-hidden\" tabindex=\"-1\">\n<div class=\"group\/conversation-turn relative flex w-full min-w-0 flex-col agent-turn @xs\/thread:px-0 @sm\/thread:px-1.5 @md\/thread:px-4\">\n<div class=\"relative flex-col gap-1 md:gap-3\">\n<div class=\"flex max-w-full flex-col grow\">\n<div class=\"min-h-8 text-message relative flex w-full flex-col items-end gap-2 text-start break-words whitespace-normal [.text-message+&amp;]:mt-5\" dir=\"auto\" data-message-author-role=\"assistant\" data-message-id=\"f59f8660-f9df-483a-8b46-3e34e0a965d9\" data-message-model-slug=\"gpt-4o\">\n<div class=\"flex w-full flex-col gap-1 empty:hidden first:pt-[3px]\">\n<div class=\"markdown prose dark:prose-invert w-full break-words light\">\n<h2 class=\"\" data-start=\"0\" data-end=\"92\"><strong data-start=\"3\" data-end=\"90\"><a href=\"https:\/\/fumotxpress.de\/fr\/\">VOZOL Gear Power 20K<\/a> Cigarette \u00c9lectronique Jetable \u2013 L'Exp\u00e9rience de Vapotage Ultime \u00e0 Haute Capacit\u00e9<\/strong><\/h2>\n<p class=\"\" data-start=\"94\" data-end=\"643\">Pour les vapoteurs qui exigent des performances exceptionnelles, une long\u00e9vit\u00e9 et une innovation de pointe, le <strong data-start=\"185\" data-end=\"225\">VOZOL Gear Power 20K Vape jetable<\/strong> constitue un changement de donne. Con\u00e7u avec <strong data-start=\"268\" data-end=\"291\">Technologie S.i.L.C.<\/strong>cet appareil assure des tirages ultra-lisses et constants, maximisant ainsi <strong data-start=\"364\" data-end=\"384\">intensit\u00e9 de la saveur<\/strong> et <strong data-start=\"389\" data-end=\"409\">production de vapeur<\/strong>Con\u00e7u pour ceux qui appr\u00e9cient \u00e0 la fois la commodit\u00e9 et les fonctionnalit\u00e9s avanc\u00e9es, le VOZOL Gear 20K offre <strong data-start=\"506\" data-end=\"532\">deux modes de puissance uniques<\/strong>un <strong data-start=\"537\" data-end=\"572\">affichage intelligent plein \u00e9cran<\/strong>, et un <strong data-start=\"580\" data-end=\"605\">syst\u00e8me de bobine \u00e0 double maille<\/strong> Pour l'exp\u00e9rience de vapotage ultime.<\/p>\n<h3 class=\"\" data-start=\"645\" data-end=\"698\"><strong data-start=\"649\" data-end=\"696\">Performances in\u00e9gal\u00e9es avec deux modes de puissance<\/strong><\/h3>\n<p class=\"\" data-start=\"700\" data-end=\"809\">Le <strong data-start=\"704\" data-end=\"728\"><a href=\"https:\/\/fumotxpress.de\/fr\/\">VOZOL<\/a> Gear Power 20K<\/strong> con\u00e7u pour une satisfaction prolong\u00e9e avec son caract\u00e8re unique <strong data-start=\"783\" data-end=\"806\">r\u00e9glages de puissance double<\/strong>:<\/p>\n<ul data-start=\"810\" data-end=\"996\">\n<li class=\"\" data-start=\"810\" data-end=\"898\">\n<p class=\"\" data-start=\"812\" data-end=\"898\"><strong data-start=\"812\" data-end=\"839\">Mode \u00c9co (20 000 bouff\u00e9es)<\/strong> \u2013 Maximise la long\u00e9vit\u00e9 pour une exp\u00e9rience de vapotage prolong\u00e9e.<\/p>\n<\/li>\n<li class=\"\" data-start=\"899\" data-end=\"996\">\n<p class=\"\" data-start=\"901\" data-end=\"996\"><strong data-start=\"901\" data-end=\"930\">Mode Power (12 000 bouff\u00e9es)<\/strong> \u2013 Am\u00e9liore la production et l'intensit\u00e9 de la vapeur pour une bouff\u00e9e audacieuse et riche.<\/p>\n<\/li>\n<\/ul>\n<p class=\"\" data-start=\"998\" data-end=\"1157\">Ce syst\u00e8me flexible vous permet de personnaliser votre exp\u00e9rience de vapotage en fonction de vos <strong data-start=\"1080\" data-end=\"1115\">intensit\u00e9 et long\u00e9vit\u00e9 souhait\u00e9es<\/strong>, ce qui en fait un choix id\u00e9al pour tout vapoteur.<\/p>\n<h3 class=\"\" data-start=\"1159\" data-end=\"1212\"><strong data-start=\"1163\" data-end=\"1210\">Fonctionnalit\u00e9s avanc\u00e9es pour une exp\u00e9rience fluide<\/strong><\/h3>\n<p class=\"\" data-start=\"1214\" data-end=\"1317\">Le <strong data-start=\"1218\" data-end=\"1242\">VOZOL Gear Power 20K<\/strong> est \u00e9quip\u00e9 d'am\u00e9liorations de haute technologie qui \u00e9l\u00e8vent chaque session de vapotage :<\/p>\n<ul data-start=\"1319\" data-end=\"1854\">\n<li class=\"\" data-start=\"1319\" data-end=\"1417\">\n<p class=\"\" data-start=\"1321\" data-end=\"1417\"><strong data-start=\"1321\" data-end=\"1347\">Technologie S.i.L.C.<\/strong> \u2013 Offre des tirages ultra-lisses et constants avec un d\u00e9bit d'air optimis\u00e9.<\/p>\n<\/li>\n<li class=\"\" data-start=\"1418\" data-end=\"1522\">\n<p class=\"\" data-start=\"1420\" data-end=\"1522\"><strong data-start=\"1420\" data-end=\"1448\">Syst\u00e8me de bobine \u00e0 double maille<\/strong> \u2013 Offre des saveurs intenses et cors\u00e9es avec une production de vapeur am\u00e9lior\u00e9e.<\/p>\n<\/li>\n<li class=\"\" data-start=\"1523\" data-end=\"1614\">\n<p class=\"\" data-start=\"1525\" data-end=\"1614\"><strong data-start=\"1525\" data-end=\"1549\">Affichage en plein \u00e9cran<\/strong> \u2013 Surveillance en temps r\u00e9el de la batterie et de l'e-liquide pour un contr\u00f4le total.<\/p>\n<\/li>\n<li class=\"\" data-start=\"1615\" data-end=\"1739\">\n<p class=\"\" data-start=\"1617\" data-end=\"1739\"><strong data-start=\"1617\" data-end=\"1648\">20mL E-Liquide Pr\u00e9rempli<\/strong> \u2013 Grande capacit\u00e9 remplie de <strong data-start=\"1678\" data-end=\"1700\">5% (50mg) nicotine<\/strong>en garantissant une satisfaction durable.<\/p>\n<\/li>\n<li class=\"\" data-start=\"1740\" data-end=\"1854\">\n<p class=\"\" data-start=\"1742\" data-end=\"1854\"><strong data-start=\"1742\" data-end=\"1768\">Conception rechargeable<\/strong> \u2013 \u00c9co-responsable et rentable, vous permettant de tirer le meilleur parti de votre appareil.<\/p>\n<\/li>\n<\/ul>\n<p class=\"\" data-start=\"1856\" data-end=\"2039\">Le <strong data-start=\"1860\" data-end=\"1891\">affichage num\u00e9rique plein \u00e9cran<\/strong> est une fonctionnalit\u00e9 exceptionnelle, offrant un moyen intuitif de suivre <strong data-start=\"1950\" data-end=\"1986\">Dur\u00e9e de vie de la batterie et niveaux d'e-liquide<\/strong>ainsi, vous ne subissez jamais d'interruptions inattendues.<\/p>\n<h3 class=\"\" data-start=\"2041\" data-end=\"2087\"><strong data-start=\"2045\" data-end=\"2085\">Pourquoi choisir le VOZOL Gear Power 20K ?<\/strong><\/h3>\n<ul data-start=\"2089\" data-end=\"2511\">\n<li class=\"\" data-start=\"2089\" data-end=\"2170\">\n<p class=\"\" data-start=\"2091\" data-end=\"2170\"><strong data-start=\"2091\" data-end=\"2119\">Capacit\u00e9 de puff \u00e9tendue<\/strong> \u2013 Jusqu'\u00e0 <strong data-start=\"2128\" data-end=\"2144\">20 000 bouff\u00e9es<\/strong> Pour une utilisation durable.<\/p>\n<\/li>\n<li class=\"\" data-start=\"2171\" data-end=\"2251\">\n<p class=\"\" data-start=\"2173\" data-end=\"2251\"><strong data-start=\"2173\" data-end=\"2202\">\u2705 Saveur Sup\u00e9rieure &amp; Vapeur<\/strong> \u2013 Le syst\u00e8me de double bobine de maillage am\u00e9liore chaque inspiration.<\/p>\n<\/li>\n<li class=\"\" data-start=\"2252\" data-end=\"2337\">\n<p class=\"\" data-start=\"2254\" data-end=\"2337\"><strong data-start=\"2254\" data-end=\"2282\">Conception intelligente et \u00e9l\u00e9gante<\/strong> \u2013 Facile \u00e0 lire <strong data-start=\"2298\" data-end=\"2318\">\u00e9cran en plein \u00e9cran<\/strong> pour plus de commodit\u00e9.<\/p>\n<\/li>\n<li class=\"\" data-start=\"2338\" data-end=\"2426\">\n<p class=\"\" data-start=\"2340\" data-end=\"2426\"><strong data-start=\"2340\" data-end=\"2370\">Rechargeable et efficace<\/strong> \u2013 <strong data-start=\"2373\" data-end=\"2389\">\u00c9cologique<\/strong> choix sans compromettre la puissance.<\/p>\n<\/li>\n<li class=\"\" data-start=\"2427\" data-end=\"2511\">\n<p class=\"\" data-start=\"2429\" data-end=\"2511\"><strong data-start=\"2429\" data-end=\"2457\">Taux de nicotine \u00e9lev\u00e9<\/strong> \u2013 <strong data-start=\"2460\" data-end=\"2482\">5% (50mg) nicotine<\/strong> pour des hits profonds et satisfaisants.<\/p>\n<\/li>\n<\/ul>\n<p class=\"\" data-start=\"2513\" data-end=\"2659\">Que vous cherchiez <strong data-start=\"2540\" data-end=\"2603\">long\u00e9vit\u00e9, fonctionnalit\u00e9s intelligentes ou une exp\u00e9rience de vapotage am\u00e9lior\u00e9e<\/strong>, le <strong data-start=\"2609\" data-end=\"2633\">VOZOL Gear Power 20K<\/strong> livre sur tous les fronts.<\/p>\n<h3 class=\"\" data-start=\"2661\" data-end=\"2709\"><strong data-start=\"2665\" data-end=\"2707\">O\u00f9 acheter le VOZOL Gear Power 20K ?<\/strong><\/h3>\n<p class=\"\" data-start=\"2711\" data-end=\"2916\">Le <strong data-start=\"2715\" data-end=\"2755\">VOZOL Gear Power 20K Vape jetable<\/strong> est disponible \u00e0 l'achat exclusivement chez <strong data-start=\"2797\" data-end=\"2842\"><a class=\"\" href=\"https:\/\/fumotxpress.de\/fr\/\" target=\"_new\" rel=\"noopener\" data-start=\"2799\" data-end=\"2840\">FumotXpress.de<\/a><\/strong> \u2013 <strong data-start=\"2845\" data-end=\"2903\">Le plus grand d\u00e9taillant en ligne allemand de vapes jetables<\/strong>Nous offrons :<\/p>\n<p class=\"\" data-start=\"2918\" data-end=\"3112\">\u2714 <strong data-start=\"2920\" data-end=\"2952\">Pas d'exigence de commande minimale<\/strong> \u2013 Acheter depuis <strong data-start=\"2964\" data-end=\"2980\">juste 1 morceau<\/strong><br data-start=\"2980\" data-end=\"2983\" \/>\u2714 <strong data-start=\"2985\" data-end=\"3005\">Livraison rapide dans l'UE<\/strong> \u2013 <strong data-start=\"3008\" data-end=\"3028\">Livraison en 3 \u00e0 7 jours<\/strong> de notre entrep\u00f4t europ\u00e9en<br data-start=\"3056\" data-end=\"3059\" \/>\u2714 <strong data-start=\"3061\" data-end=\"3088\">100% Produits Authentiques<\/strong> Achetez en toute confiance<\/p>\n<p class=\"\" data-start=\"3114\" data-end=\"3243\">Am\u00e9liorez votre exp\u00e9rience de vapotage d\u00e8s aujourd'hui avec le <strong data-start=\"3160\" data-end=\"3184\">VOZOL Gear Power 20K<\/strong> \u2013 <strong data-start=\"3187\" data-end=\"3239\">puissance, performance et perfection dans chaque bouff\u00e9e<\/strong>.<\/p>\n<\/div>\n<\/div>\n<\/div>\n<\/div>\n<div class=\"flex absolute right-0 left-0 flex justify-start\">\n<div class=\"touch:-me-2 touch:-ms-3.5 -ms-2.5 -me-1 flex items-center p-1 select-none -mt-1 focus-within:transition-none hover:transition-none duration-500 group-hover\/turn-messages:delay-300 pointer-events-none [mask-image:linear-gradient(to_right,black_33%,transparent_66%)] [mask-position:100%_0%] [mask-size:300%_100%] motion-safe:transition-[mask-position] group-hover\/turn-messages:pointer-events-auto group-hover\/turn-messages:[mask-position:0_0] group-focus-within\/turn-messages:pointer-events-auto group-focus-within\/turn-messages:[mask-position:0_0] has-data-[state=open]:pointer-events-auto has-data-[state=open]:[mask-position:0_0]\"><\/div>\n<\/div>\n<\/div>\n<\/div>\n<\/div>\n<\/div>\n<\/article>","protected":false},"excerpt":{"rendered":"<p>Acheter le <strong data-start=\"8\" data-end=\"48\">VOZOL Gear Power 20K Vape jetable<\/strong> \u00e0 <strong data-start=\"52\" data-end=\"70\">FumotXpress.de<\/strong> \u2013 jusqu'\u00e0 <strong data-start=\"79\" data-end=\"95\">20 000 bouff\u00e9es<\/strong>, <strong data-start=\"97\" data-end=\"117\">modes de puissance doubles<\/strong>, <strong data-start=\"119\" data-end=\"142\">Affichage plein \u00e9cran<\/strong>, et <strong data-start=\"148\" data-end=\"176\">riche 5% saveurs de nicotine<\/strong>Livraison rapide dans l'UE <strong data-start=\"198\" data-end=\"210\">3-7 jours<\/strong>!<\/p>","protected":false},"featured_media":3593,"comment_status":"open","ping_status":"closed","template":"","meta":{"om_disable_all_campaigns":false},"product_brand":[],"product_cat":[23],"product_tag":[],"class_list":{"0":"post-3570","1":"product","2":"type-product","3":"status-publish","4":"has-post-thumbnail","6":"product_cat-vozol-disposable-vapes","8":"first","9":"instock","10":"shipping-taxable","11":"purchasable","12":"product-type-variable"},"_links":{"self":[{"href":"https:\/\/fumotxpress.de\/fr\/wp-json\/wp\/v2\/product\/3570","targetHints":{"allow":["GET"]}}],"collection":[{"href":"https:\/\/fumotxpress.de\/fr\/wp-json\/wp\/v2\/product"}],"about":[{"href":"https:\/\/fumotxpress.de\/fr\/wp-json\/wp\/v2\/types\/product"}],"replies":[{"embeddable":true,"href":"https:\/\/fumotxpress.de\/fr\/wp-json\/wp\/v2\/comments?post=3570"}],"wp:featuredmedia":[{"embeddable":true,"href":"https:\/\/fumotxpress.de\/fr\/wp-json\/wp\/v2\/media\/3593"}],"wp:attachment":[{"href":"https:\/\/fumotxpress.de\/fr\/wp-json\/wp\/v2\/media?parent=3570"}],"wp:term":[{"taxonomy":"product_brand","embeddable":true,"href":"https:\/\/fumotxpress.de\/fr\/wp-json\/wp\/v2\/product_brand?post=3570"},{"taxonomy":"product_cat","embeddable":true,"href":"https:\/\/fumotxpress.de\/fr\/wp-json\/wp\/v2\/product_cat?post=3570"},{"taxonomy":"product_tag","embeddable":true,"href":"https:\/\/fumotxpress.de\/fr\/wp-json\/wp\/v2\/product_tag?post=3570"}],"curies":[{"name":"wp","href":"https:\/\/api.w.org\/{rel}","templated":true}]}}