{"id":3534,"date":"2025-04-02T13:22:00","date_gmt":"2025-04-02T13:22:00","guid":{"rendered":"https:\/\/fumotxpress.de\/?post_type=product&#038;p=3534"},"modified":"2025-11-24T07:50:10","modified_gmt":"2025-11-24T07:50:10","slug":"vozol-star-12000-bouffees-nicotine-acheter-original-authentisch-rechargeable-jetable-vapes-pen","status":"publish","type":"product","link":"https:\/\/fumotxpress.de\/fr\/produit\/vozol-star-12000-bouffees-nicotine-acheter-original-authentisch-rechargeable-jetable-vapes-pen\/","title":{"rendered":"Vozol Star 12000 Puffs Nicotine Acheter Original Authentique Vape Pen Rechargeable Jetable"},"content":{"rendered":"<h2>Vozol Star 12000 bouff\u00e9es Nicotine - Vape Pen jetable rechargeable<\/h2>\n<p>&nbsp;<\/p>\n<p class=\"\" data-start=\"71\" data-end=\"563\">Le <strong data-start=\"75\" data-end=\"143\">Vozol Star 12000 bouff\u00e9es Nicotine Rechargeable Vape Pen jetable<\/strong> est con\u00e7u pour les vapoteurs qui exigent \u00e0 la fois une qualit\u00e9 sup\u00e9rieure et une performance durable dans un appareil \u00e9l\u00e9gant et innovant. Offrant une impressionnante <strong data-start=\"284\" data-end=\"299\">12000 bouff\u00e9es<\/strong>Ce stylo vape jetable offre une saveur constante et une vapeur satisfaisante, avec une fonction de recharge pour une utilisation prolong\u00e9e. Que vous soyez d\u00e9butant ou vapoteur exp\u00e9riment\u00e9, ce produit promet une exp\u00e9rience pratique, un excellent go\u00fbt et une technologie de pointe dans un seul package.<\/p>\n<h3 class=\"\" data-start=\"565\" data-end=\"626\">Vue d'ensemble compl\u00e8te de la Vozol Star 12000 Puffs Vape<\/h3>\n<p class=\"\" data-start=\"628\" data-end=\"995\">Le <strong data-start=\"632\" data-end=\"658\">Vozol Star 12000 Puffs<\/strong> est bien plus qu'une simple cigarette \u00e9lectronique jetable standard. \u00c9quip\u00e9 de <strong data-start=\"724\" data-end=\"754\">Technologie de saveur S.i.L.C.<\/strong>Cela garantit que chaque bouff\u00e9e offre un profil de saveur plus riche et plus lisse. Que vous vapiez vos saveurs pr\u00e9f\u00e9r\u00e9es de fruits ou de menthol, cette technologie maximise la sortie de saveur, vous offrant une exp\u00e9rience satisfaisante et aromatique \u00e0 chaque inspiration.<\/p>\n<p class=\"\" data-start=\"997\" data-end=\"1449\">Ceci <strong data-start=\"1002\" data-end=\"1027\">stylo vape rechargeable<\/strong> est con\u00e7u pour <strong data-start=\"1044\" data-end=\"1074\">Vapotage MTL (de la bouche au poumon)<\/strong>, ce qui en fait un choix id\u00e9al pour ceux qui pr\u00e9f\u00e8rent une aspiration similaire \u00e0 celle du tabagisme traditionnel. L'appareil est \u00e9quip\u00e9 d'un <strong data-start=\"1191\" data-end=\"1222\">Batterie rechargeable 650mAh<\/strong>permettant de la recharger et de l'utiliser plus longtemps sans se soucier de l'\u00e9puisement rapide de la batterie. Cette fonctionnalit\u00e9 rend le <strong data-start=\"1343\" data-end=\"1357\">Vozol Star<\/strong> se d\u00e9marquer parmi les stylo-vapes jetables, o\u00f9 les vapes typiques sont con\u00e7ues pour une utilisation unique seulement.<\/p>\n<p class=\"\" data-start=\"1451\" data-end=\"1739\">En outre, le <strong data-start=\"1468\" data-end=\"1494\">Vozol Star 12000 Puffs<\/strong> vient avec un <strong data-start=\"1508\" data-end=\"1521\">bobine de maillage<\/strong>en assurant un chauffage plus rapide et plus uniforme pour une exp\u00e9rience plus douce \u00e0 chaque bouff\u00e9e. Et avec le <strong data-start=\"1617\" data-end=\"1635\">Conformit\u00e9 TPD<\/strong>, cette vape est enti\u00e8rement l\u00e9gale et pr\u00eate \u00e0 \u00eatre vendue dans l'UE, vous donnant l'esprit tranquille lors de votre achat.<\/p>\n<p class=\"\" data-start=\"1741\" data-end=\"2142\">Une des caract\u00e9ristiques les plus pratiques est la <strong data-start=\"1784\" data-end=\"1806\">\u00c9cran d'affichage \u00e0 LED<\/strong>qui montre les <strong data-start=\"1824\" data-end=\"1855\">niveaux de batterie et d'e-liquide<\/strong>afin que vous n'ayez jamais \u00e0 deviner quand il est temps de recharger ou de remplir. De plus, le <strong data-start=\"1935\" data-end=\"1960\">protection de l'embouchure<\/strong> fonctionnalit\u00e9 garantit que votre exp\u00e9rience de vapotage reste hygi\u00e9nique et s\u00fbre. Avec sa rapidit\u00e9 <strong data-start=\"2045\" data-end=\"2072\">Temps de charge de 30 minutes<\/strong>, le <strong data-start=\"2078\" data-end=\"2092\">Vozol Star<\/strong> Assurez-vous de pouvoir reprendre la vape en aucun temps.<\/p>\n<p class=\"\" data-start=\"2144\" data-end=\"2457\">Le <strong data-start=\"2148\" data-end=\"2167\">design de marbrure<\/strong> ajoute une touche d'\u00e9l\u00e9gance et de style \u00e0 cet appareil, lui donnant un look haut de gamme qui correspond \u00e0 ses performances. En tant qu'option \u00e9cologique, cette vape est fabriqu\u00e9e en utilisant <strong data-start=\"2325\" data-end=\"2359\">plastique recycl\u00e9 post-consommation<\/strong>en vous assurant que vous faites un choix plus durable tout en appr\u00e9ciant vos saveurs de vape pr\u00e9f\u00e9r\u00e9es.<\/p>\n<p class=\"\" data-start=\"2459\" data-end=\"2592\">Pour ceux qui recherchent un appareil de vapotage fiable, performant et respectueux de l'environnement, le <strong data-start=\"2548\" data-end=\"2574\">Vozol Star 12000 Puffs<\/strong> est une parfaite ad\u00e9quation.<\/p>\n<h3 class=\"\" data-start=\"2594\" data-end=\"2665\">Caract\u00e9ristiques du Vozol Star 12000 Puffs Rechargeable Disposable Vape<\/h3>\n<ul data-start=\"2667\" data-end=\"3683\">\n<li class=\"\" data-start=\"2667\" data-end=\"2757\">\n<p class=\"\" data-start=\"2669\" data-end=\"2757\"><strong data-start=\"2669\" data-end=\"2684\">12000 bouff\u00e9es<\/strong>: Profitez de longues sessions de vapotage avec une capacit\u00e9 de 12 000 bouff\u00e9es pour une dur\u00e9e prolong\u00e9e.<\/p>\n<\/li>\n<li class=\"\" data-start=\"2758\" data-end=\"2898\">\n<p class=\"\" data-start=\"2760\" data-end=\"2898\"><strong data-start=\"2760\" data-end=\"2784\">Batterie Rechargeable<\/strong>: \u00c9quip\u00e9 d'un <strong data-start=\"2802\" data-end=\"2833\">Batterie rechargeable 650mAh<\/strong>Cet appareil peut \u00eatre facilement charg\u00e9 et utilis\u00e9 pendant une p\u00e9riode plus longue.<\/p>\n<\/li>\n<li class=\"\" data-start=\"2899\" data-end=\"3005\">\n<p class=\"\" data-start=\"2901\" data-end=\"3005\"><strong data-start=\"2901\" data-end=\"2931\">Technologie de saveur S.i.L.C.<\/strong>: Maximise la consistance de la saveur et am\u00e9liore l'exp\u00e9rience de vapotage globale.<\/p>\n<\/li>\n<li class=\"\" data-start=\"3006\" data-end=\"3064\">\n<p class=\"\" data-start=\"3008\" data-end=\"3064\"><strong data-start=\"3008\" data-end=\"3021\">Bobine maill\u00e9e<\/strong>: Fournit un chauffage uniforme et une vapeur plus lisse.<\/p>\n<\/li>\n<li class=\"\" data-start=\"3065\" data-end=\"3165\">\n<p class=\"\" data-start=\"3067\" data-end=\"3165\"><strong data-start=\"3067\" data-end=\"3089\">\u00c9cran d'affichage \u00e0 LED<\/strong>: Affiche les niveaux de batterie et d'e-liquide, facilitant ainsi la gestion de votre vapotage.<\/p>\n<\/li>\n<li class=\"\" data-start=\"3166\" data-end=\"3263\">\n<p class=\"\" data-start=\"3168\" data-end=\"3263\"><strong data-start=\"3168\" data-end=\"3193\">Protection de la bouche<\/strong>: L'hygi\u00e8ne est maintenue avec une fonction de protection int\u00e9gr\u00e9e de l'embout buccal.<\/p>\n<\/li>\n<li class=\"\" data-start=\"3264\" data-end=\"3364\">\n<p class=\"\" data-start=\"3266\" data-end=\"3364\"><strong data-start=\"3266\" data-end=\"3288\">Recharge en 30 minutes<\/strong>Le dispositif se charge <strong data-start=\"3309\" data-end=\"3323\">30% plus rapide<\/strong>pleinement recharg\u00e9 en seulement <strong data-start=\"3349\" data-end=\"3363\">30 minutes<\/strong>.<\/p>\n<\/li>\n<li class=\"\" data-start=\"3365\" data-end=\"3412\">\n<p class=\"\" data-start=\"3367\" data-end=\"3412\"><strong data-start=\"3367\" data-end=\"3379\">MTL Vape<\/strong>: Id\u00e9al pour la vape en bouche-\u00e0-poumon.<\/p>\n<\/li>\n<li class=\"\" data-start=\"3413\" data-end=\"3508\">\n<p class=\"\" data-start=\"3415\" data-end=\"3508\"><strong data-start=\"3415\" data-end=\"3431\">\u00c9cologique<\/strong>Fabriqu\u00e9 \u00e0 partir de <strong data-start=\"3443\" data-end=\"3477\">plastique recycl\u00e9 post-consommation<\/strong> pour un choix plus durable.<\/p>\n<\/li>\n<li class=\"\" data-start=\"3509\" data-end=\"3600\">\n<p class=\"\" data-start=\"3511\" data-end=\"3600\"><strong data-start=\"3511\" data-end=\"3528\">Conforme \u00e0 la TPD<\/strong>: Enti\u00e8rement conforme \u00e0 la r\u00e9glementation de l'UE, ce qui le rend l\u00e9gal \u00e0 la vente et \u00e0 l'utilisation.<\/p>\n<\/li>\n<li class=\"\" data-start=\"3601\" data-end=\"3683\">\n<p class=\"\" data-start=\"3603\" data-end=\"3683\"><strong data-start=\"3603\" data-end=\"3628\">Design de marbrure \u00e9l\u00e9gant<\/strong>: Un look stylis\u00e9 et moderne qui correspond \u00e0 sa fonctionnalit\u00e9.<\/p>\n<\/li>\n<\/ul>\n<h3 class=\"\" data-start=\"3685\" data-end=\"3736\">Liste d\u00e9taill\u00e9e des saveurs pour Vozol Star 12000 Puffs<\/h3>\n<p class=\"\" data-start=\"3738\" data-end=\"3959\">Le <strong data-start=\"3742\" data-end=\"3768\">Vozol Star 12000 Puffs<\/strong> est disponible dans une vari\u00e9t\u00e9 de saveurs attrayantes et rafra\u00eechissantes, offrant un large \u00e9ventail de choix pour chaque vapoteur. Vous trouverez ci-dessous les <strong data-start=\"3896\" data-end=\"3918\">25 saveurs premium<\/strong> disponible dans ce stylo vape rechargeable :<\/p>\n<ol data-start=\"3961\" data-end=\"5886\">\n<li class=\"\" data-start=\"3961\" data-end=\"4083\">\n<p class=\"\" data-start=\"3964\" data-end=\"4083\"><strong data-start=\"3964\" data-end=\"3981\">Blue Razz Ice<\/strong><br data-start=\"3981\" data-end=\"3984\" \/>Un m\u00e9lange piquant de framboises m\u00fbres avec une finition de glace rafra\u00eechissante pour une exp\u00e9rience de vape invigorante.<\/p>\n<\/li>\n<li class=\"\" data-start=\"4085\" data-end=\"4212\">\n<p class=\"\" data-start=\"4088\" data-end=\"4212\"><strong data-start=\"4088\" data-end=\"4107\">Orage de bleuets<\/strong><br data-start=\"4107\" data-end=\"4110\" \/>Des bleuets doux et juteux m\u00e9lang\u00e9s \u00e0 une acidit\u00e9 subtile, cr\u00e9ant une temp\u00eate de saveur \u00e0 chaque bouff\u00e9e.<\/p>\n<\/li>\n<li class=\"\" data-start=\"4214\" data-end=\"4329\">\n<p class=\"\" data-start=\"4217\" data-end=\"4329\"><strong data-start=\"4217\" data-end=\"4230\">Fresh Mint<\/strong><br data-start=\"4230\" data-end=\"4233\" \/>Une saveur de menthe fra\u00eeche et rafra\u00eechissante qui procure une sensation lisse et rafra\u00eechissante \u00e0 chaque aspiration.<\/p>\n<\/li>\n<li class=\"\" data-start=\"4331\" data-end=\"4456\">\n<p class=\"\" data-start=\"4334\" data-end=\"4456\"><strong data-start=\"4334\" data-end=\"4347\">Glace au raisin<\/strong><br data-start=\"4347\" data-end=\"4350\" \/>Un d\u00e9licieux \u00e9quilibre de raisins sucr\u00e9s et m\u00fbrs avec une expiration froide et glac\u00e9e qui laisse un arri\u00e8re-go\u00fbt rafra\u00eechissant.<\/p>\n<\/li>\n<li class=\"\" data-start=\"4458\" data-end=\"4614\">\n<p class=\"\" data-start=\"4461\" data-end=\"4614\"><strong data-start=\"4461\" data-end=\"4489\">Kiwi Fruit de la Passion Goyave<\/strong><br data-start=\"4489\" data-end=\"4492\" \/>Une combinaison exotique de kiwi acidul\u00e9, de fruit de la passion tropical et de goyave lisse, offrant une m\u00e9lodie de fruits comme aucune autre.<\/p>\n<\/li>\n<li class=\"\" data-start=\"4616\" data-end=\"4748\">\n<p class=\"\" data-start=\"4619\" data-end=\"4748\"><strong data-start=\"4619\" data-end=\"4636\">Baies m\u00e9lang\u00e9es<\/strong><br data-start=\"4636\" data-end=\"4639\" \/>Un m\u00e9lange sucr\u00e9 et fruit\u00e9 de fraises, de bleuets et de framboises pour une explosion de bont\u00e9 naturelle aux baies.<\/p>\n<\/li>\n<li class=\"\" data-start=\"4750\" data-end=\"4885\">\n<p class=\"\" data-start=\"4753\" data-end=\"4885\"><strong data-start=\"4753\" data-end=\"4779\">P\u00eache Mangue Past\u00e8que<\/strong><br data-start=\"4779\" data-end=\"4782\" \/>Un trio juteux de p\u00eaches, de mangues et de past\u00e8que, offrant une exp\u00e9rience fruit\u00e9e rafra\u00eechissante et tropicale.<\/p>\n<\/li>\n<li class=\"\" data-start=\"4887\" data-end=\"4996\">\n<p class=\"\" data-start=\"4890\" data-end=\"4996\"><strong data-start=\"4890\" data-end=\"4907\">Limonade rose<\/strong><br data-start=\"4907\" data-end=\"4910\" \/>Une citronnade piquante et citronn\u00e9e m\u00e9lang\u00e9e \u00e0 des notes sucr\u00e9es et fruit\u00e9es pour un vape parfait pour l'\u00e9t\u00e9.<\/p>\n<\/li>\n<li class=\"\" data-start=\"4998\" data-end=\"5130\">\n<p class=\"\" data-start=\"5001\" data-end=\"5130\"><strong data-start=\"5001\" data-end=\"5025\">Framboise Past\u00e8que<\/strong><br data-start=\"5025\" data-end=\"5028\" \/>Une combinaison sucr\u00e9e et rafra\u00eechissante de framboises m\u00fbres et de past\u00e8que juteuse pour une exp\u00e9rience qui fait saliver.<\/p>\n<\/li>\n<li class=\"\" data-start=\"5132\" data-end=\"5255\">\n<p class=\"\" data-start=\"5136\" data-end=\"5255\"><strong data-start=\"5136\" data-end=\"5154\">Pomme Verte Glac\u00e9e<\/strong><br data-start=\"5154\" data-end=\"5157\" \/>Pommes vertes acidul\u00e9es et croquantes combin\u00e9es \u00e0 une fra\u00eecheur de glace pour une vapeur piquante, sucr\u00e9e et rafra\u00eechissante.<\/p>\n<\/li>\n<li class=\"\" data-start=\"5257\" data-end=\"5379\">\n<p class=\"\" data-start=\"5261\" data-end=\"5379\"><strong data-start=\"5261\" data-end=\"5285\">Cr\u00e8me Glac\u00e9e \u00e0 la Fraise<\/strong><br data-start=\"5285\" data-end=\"5288\" \/>Fraises sucr\u00e9es et cr\u00e9meuses m\u00e9lang\u00e9es dans une saveur de glace lisse et d\u00e9cadente.<\/p>\n<\/li>\n<li class=\"\" data-start=\"5381\" data-end=\"5505\">\n<p class=\"\" data-start=\"5385\" data-end=\"5505\"><strong data-start=\"5385\" data-end=\"5404\">Fraise Kiwi<\/strong><br data-start=\"5404\" data-end=\"5407\" \/>Une association de saveurs classique de fraises m\u00fbres et de kiwis acidul\u00e9s, parfaite pour les amateurs de vape fruit\u00e9es.<\/p>\n<\/li>\n<li class=\"\" data-start=\"5507\" data-end=\"5625\">\n<p class=\"\" data-start=\"5511\" data-end=\"5625\"><strong data-start=\"5511\" data-end=\"5522\">Tabac<\/strong><br data-start=\"5522\" data-end=\"5525\" \/>Une saveur de tabac riche et robuste pour ceux qui recherchent une exp\u00e9rience de vapotage plus traditionnelle et audacieuse.<\/p>\n<\/li>\n<li class=\"\" data-start=\"5627\" data-end=\"5751\">\n<p class=\"\" data-start=\"5631\" data-end=\"5751\"><strong data-start=\"5631\" data-end=\"5656\">Gomme \u00e0 m\u00e2cher \u00e0 la past\u00e8que<\/strong><br data-start=\"5656\" data-end=\"5659\" \/>Melon d'eau sucr\u00e9 et juteux associ\u00e9 \u00e0 une saveur de gomme \u00e0 m\u00e2cher pour une gourmandise fruit\u00e9e nostalgique.<\/p>\n<\/li>\n<li class=\"\" data-start=\"5753\" data-end=\"5886\">\n<p class=\"\" data-start=\"5757\" data-end=\"5886\"><strong data-start=\"5757\" data-end=\"5775\">Glace de past\u00e8que<\/strong><br data-start=\"5775\" data-end=\"5778\" \/>Une combinaison rafra\u00eechissante de past\u00e8que juteuse avec une finition de glace fra\u00eeche, offrant un profil de saveur \u00e9quilibr\u00e9.<\/p>\n<\/li>\n<\/ol>\n<h3 class=\"\" data-start=\"5888\" data-end=\"5926\">Pourquoi choisir Vozol Star 12000 Puffs ?<\/h3>\n<p class=\"\" data-start=\"5928\" data-end=\"6390\">Si vous cherchez un <strong data-start=\"5952\" data-end=\"6004\">stylo vape jetable fiable et performant<\/strong>, le <strong data-start=\"6010\" data-end=\"6036\">Vozol Star 12000 Puffs<\/strong> est le choix id\u00e9al. Avec une gamme de saveurs d\u00e9licieuses, un <strong data-start=\"6097\" data-end=\"6120\">conception \u00e9cologique<\/strong>, et une technologie impressionnante qui garantit un go\u00fbt et une performance sup\u00e9rieurs, cet appareil est un v\u00e9ritable chef de file sur le march\u00e9 du vapotage. Que vous commenciez tout juste votre voyage dans le vapotage ou que vous soyez un utilisateur exp\u00e9riment\u00e9, ce stylo offre une exp\u00e9rience fluide qui est s\u00fbre de vous satisfaire.<\/p>\n<h3 class=\"\" data-start=\"6392\" data-end=\"6435\">O\u00f9 acheter le Vozol Star 12000 Puffs<\/h3>\n<p class=\"\" data-start=\"6437\" data-end=\"6852\">Le <strong data-start=\"6441\" data-end=\"6467\">Vozol Star 12000 Puffs<\/strong> est disponible \u00e0 l'achat directement aupr\u00e8s de <strong data-start=\"6508\" data-end=\"6526\">FumotXpress.de<\/strong>la plus grande plateforme de vente en ligne pour <strong data-start=\"6567\" data-end=\"6598\">Les vapes jetables en Allemagne<\/strong>Nous offrons <strong data-start=\"6609\" data-end=\"6642\">ventes au d\u00e9tail sur le march\u00e9 de l'UE<\/strong>, et <strong data-start=\"6648\" data-end=\"6660\">exp\u00e9dition<\/strong> depuis notre entrep\u00f4t europ\u00e9en garantit <strong data-start=\"6700\" data-end=\"6717\">Livraison rapide<\/strong> dans <strong data-start=\"6725\" data-end=\"6737\">3-7 jours<\/strong>Aucune quantit\u00e9 minimale de commande n'est requise et nous nous assurons que nos clients re\u00e7oivent <strong data-start=\"6819\" data-end=\"6851\">produits originaux et authentiques<\/strong>.<\/p>\n<p class=\"\" data-start=\"6854\" data-end=\"7061\">Exp\u00e9riencez la commodit\u00e9, la performance et la saveur avec le <strong data-start=\"6911\" data-end=\"6979\">Vozol Star 12000 bouff\u00e9es Nicotine Rechargeable Vape Pen jetable<\/strong> Aujourd'hui. D\u00e9couvrez notre large gamme de <strong data-start=\"7013\" data-end=\"7024\">saveurs<\/strong> et \u00e9levez votre exp\u00e9rience de vapotage.<\/p>\n<hr class=\"\" data-start=\"7063\" data-end=\"7066\" \/>\n<p class=\"\" data-start=\"7068\" data-end=\"7213\">N'h\u00e9sitez pas \u00e0 nous contacter pour toute question suppl\u00e9mentaire ou assistance concernant votre achat de la <strong data-start=\"7162\" data-end=\"7188\">Vozol Star 12000 Puffs<\/strong> de <strong data-start=\"7194\" data-end=\"7212\">FumotXpress.de<\/strong>.<\/p>","protected":false},"excerpt":{"rendered":"<p>Achetez l'original <strong data-start=\"17\" data-end=\"85\">Vozol Star 12000 bouff\u00e9es Nicotine Rechargeable Vape Pen jetable<\/strong> sur FumotXpress.de. Profitez de 25 saveurs d\u00e9licieuses, d'une charge rapide de 30 minutes et d'une conception \u00e9cologique. Exp\u00e9di\u00e9 dans 3 \u00e0 7 jours \u00e0 travers l'UE.<\/p>","protected":false},"featured_media":3568,"comment_status":"open","ping_status":"closed","template":"","meta":{"om_disable_all_campaigns":false},"product_brand":[],"product_cat":[23],"product_tag":[],"class_list":{"0":"post-3534","1":"product","2":"type-product","3":"status-publish","4":"has-post-thumbnail","6":"product_cat-vozol-disposable-vapes","8":"first","9":"instock","10":"shipping-taxable","11":"purchasable","12":"product-type-variable"},"_links":{"self":[{"href":"https:\/\/fumotxpress.de\/fr\/wp-json\/wp\/v2\/product\/3534","targetHints":{"allow":["GET"]}}],"collection":[{"href":"https:\/\/fumotxpress.de\/fr\/wp-json\/wp\/v2\/product"}],"about":[{"href":"https:\/\/fumotxpress.de\/fr\/wp-json\/wp\/v2\/types\/product"}],"replies":[{"embeddable":true,"href":"https:\/\/fumotxpress.de\/fr\/wp-json\/wp\/v2\/comments?post=3534"}],"wp:featuredmedia":[{"embeddable":true,"href":"https:\/\/fumotxpress.de\/fr\/wp-json\/wp\/v2\/media\/3568"}],"wp:attachment":[{"href":"https:\/\/fumotxpress.de\/fr\/wp-json\/wp\/v2\/media?parent=3534"}],"wp:term":[{"taxonomy":"product_brand","embeddable":true,"href":"https:\/\/fumotxpress.de\/fr\/wp-json\/wp\/v2\/product_brand?post=3534"},{"taxonomy":"product_cat","embeddable":true,"href":"https:\/\/fumotxpress.de\/fr\/wp-json\/wp\/v2\/product_cat?post=3534"},{"taxonomy":"product_tag","embeddable":true,"href":"https:\/\/fumotxpress.de\/fr\/wp-json\/wp\/v2\/product_tag?post=3534"}],"curies":[{"name":"wp","href":"https:\/\/api.w.org\/{rel}","templated":true}]}}