{"id":3476,"date":"2025-03-25T06:18:43","date_gmt":"2025-03-25T06:18:43","guid":{"rendered":"https:\/\/fumotxpress.de\/?post_type=product&#038;p=3476"},"modified":"2025-12-12T09:20:37","modified_gmt":"2025-12-12T09:20:37","slug":"smpo-tron35000-puffs-nicotine-acheter-original-authentisch-rechargeable-jetable-vapes-pen","status":"publish","type":"product","link":"https:\/\/fumotxpress.de\/fr\/produit\/smpo-tron35000-puffs-nicotine-acheter-original-authentisch-rechargeable-jetable-vapes-pen\/","title":{"rendered":"SMPO TRON35000 Puffs Nicotine Acheter Vape Original Authentique Rechargeable Jetable Vapes Stylo"},"content":{"rendered":"<article class=\"group\/turn w-full text-token-text-primary focus-visible:outline-none\" dir=\"auto\" tabindex=\"-1\" data-testid=\"conversation-turn-4\" data-scroll-anchor=\"true\">\n<div class=\"text-base my-auto mx-auto py-5 px-6\">\n<div class=\"mx-auto flex flex-1 text-base gap-4 md:gap-5 lg:gap-6 md:max-w-3xl lg:max-w-[40rem] xl:max-w-[48rem]\">\n<div class=\"group\/conversation-turn relative flex w-full min-w-0 flex-col agent-turn @xs\/thread:px-0 @sm\/thread:px-1.5 @md\/thread:px-4\">\n<div class=\"relative flex-col gap-1 md:gap-3\">\n<div class=\"flex max-w-full flex-col flex-grow\">\n<div class=\"min-h-8 text-message relative flex w-full flex-col items-end gap-2 whitespace-normal break-words text-start [.text-message+&amp;]:mt-5\" dir=\"auto\" data-message-author-role=\"assistant\" data-message-id=\"7b9d3162-65e3-476c-a359-47808af6c3e8\" data-message-model-slug=\"gpt-4o\">\n<div class=\"flex w-full flex-col gap-1 empty:hidden first:pt-[3px]\">\n<div class=\"markdown prose w-full break-words dark:prose-invert light\">\n<h2 class=\"\" data-start=\"0\" data-end=\"75\">SMPO TRON35000 Puffs Vape Pen Jetable : L'Exp\u00e9rience Ultime de Shisha<\/h2>\n<div style=\"width: 1020px;\" class=\"wp-video\"><!--[if lt IE 9]><script>document.createElement('video');<\/script><![endif]-->\n<video class=\"wp-video-shortcode\" id=\"video-3476-1\" width=\"1020\" height=\"574\" preload=\"metadata\" controls=\"controls\"><source type=\"video\/mp4\" src=\"https:\/\/fumotxpress.de\/wp-content\/uploads\/2025\/03\/Smpo-TRON35000-Shisha-\uff082\uff09.mp4?_=1\" \/><a href=\"https:\/\/fumotxpress.de\/wp-content\/uploads\/2025\/03\/Smpo-TRON35000-Shisha-\uff082\uff09.mp4\">https:\/\/fumotxpress.de\/wp-content\/uploads\/2025\/03\/Smpo-TRON35000-Shisha-\uff082\uff09.mp4<\/a><\/video><\/div>\n<p class=\"\" data-start=\"77\" data-end=\"763\">Le <strong data-start=\"81\" data-end=\"125\">SMPO TRON35000 Puffs Vape Pen Jetable<\/strong> est un dispositif de vapotage de pointe qui offre une exp\u00e9rience in\u00e9gal\u00e9e pour ceux qui aiment une vapeur lisse et parfum\u00e9e. Avec un <strong data-start=\"245\" data-end=\"269\">35 000 bouff\u00e9es de capacit\u00e9<\/strong>, <strong data-start=\"271\" data-end=\"294\">faibles niveaux de nicotine<\/strong>, et un \u00e9ventail de fonctionnalit\u00e9s innovantes, cet appareil \u00e9l\u00e8ve le vapotage jetable \u00e0 de nouveaux sommets. Id\u00e9al pour ceux qui recherchent une exp\u00e9rience de vapotage haut de gamme et sans tracas, le SMPO TRON35000 combine technologie, commodit\u00e9 et saveur exceptionnelle dans un package rechargeable \u00e9l\u00e9gant et unique. Disponible \u00e0 l'achat exclusivement sur <strong data-start=\"608\" data-end=\"626\">FumotXpress.de<\/strong>, la plus grande plateforme de vente en ligne de vapes jetables en Allemagne, cet appareil promet authenticit\u00e9 et satisfaction \u00e0 chaque bouff\u00e9e.<\/p>\n<h3 class=\"\" data-start=\"765\" data-end=\"825\">Pourquoi choisir le stylo vape jetable SMPO TRON35000 Puffs ?<\/h3>\n<p class=\"\" data-start=\"827\" data-end=\"1282\">Le SMPO TRON35000 se distingue des autres vapes jetables sur le march\u00e9, offrant un m\u00e9lange unique de mat\u00e9riaux de haute qualit\u00e9, de fonctionnalit\u00e9s avanc\u00e9es et de technologie de pointe. Que vous soyez un vapoteur exp\u00e9riment\u00e9 ou nouveau dans le monde des vapes jetables, cet appareil est con\u00e7u pour offrir une exp\u00e9rience exceptionnelle \u00e0 chaque utilisation. Examinons de plus pr\u00e8s les fonctionnalit\u00e9s et les avantages exceptionnels qui font du SMPO TRON35000 le choix id\u00e9al pour vos besoins en mati\u00e8re de vapotage.<\/p>\n<p data-start=\"827\" data-end=\"1282\"><img loading=\"lazy\" decoding=\"async\" class=\"alignnone size-full wp-image-3479\" src=\"https:\/\/fumotxpress.de\/wp-content\/uploads\/2025\/03\/01-scaled.jpg\" alt=\"\" width=\"2560\" height=\"2560\" srcset=\"https:\/\/fumotxpress.de\/wp-content\/uploads\/2025\/03\/01-scaled.jpg 2560w, https:\/\/fumotxpress.de\/wp-content\/uploads\/2025\/03\/01-300x300.jpg 300w, https:\/\/fumotxpress.de\/wp-content\/uploads\/2025\/03\/01-1024x1024.jpg 1024w, https:\/\/fumotxpress.de\/wp-content\/uploads\/2025\/03\/01-150x150.jpg 150w, https:\/\/fumotxpress.de\/wp-content\/uploads\/2025\/03\/01-768x768.jpg 768w, https:\/\/fumotxpress.de\/wp-content\/uploads\/2025\/03\/01-1536x1536.jpg 1536w, https:\/\/fumotxpress.de\/wp-content\/uploads\/2025\/03\/01-2048x2048.jpg 2048w, https:\/\/fumotxpress.de\/wp-content\/uploads\/2025\/03\/01-12x12.jpg 12w, https:\/\/fumotxpress.de\/wp-content\/uploads\/2025\/03\/01-247x247.jpg 247w, https:\/\/fumotxpress.de\/wp-content\/uploads\/2025\/03\/01-600x600.jpg 600w, https:\/\/fumotxpress.de\/wp-content\/uploads\/2025\/03\/01-100x100.jpg 100w\" sizes=\"auto, (max-width: 2560px) 100vw, 2560px\" \/><\/p>\n<h3 class=\"\" data-start=\"1284\" data-end=\"1344\">Caract\u00e9ristiques du stylo vape jetable SMPO TRON35000 Puffs<\/h3>\n<ul data-start=\"1346\" data-end=\"4600\">\n<li class=\"\" data-start=\"1346\" data-end=\"1740\">\n<p class=\"\" data-start=\"1348\" data-end=\"1740\"><strong data-start=\"1348\" data-end=\"1372\">Capacit\u00e9 de 35 000 bouff\u00e9es<\/strong>L'une des caract\u00e9ristiques les plus impressionnantes du SMPO TRON35000 est son extraordinaire <strong data-start=\"1453\" data-end=\"1477\">35 000 bouff\u00e9es de capacit\u00e9<\/strong>Cela signifie que les utilisateurs peuvent profiter de sessions de vapotage longues et ininterrompues sans avoir besoin de remplacer ou de recharger l'appareil fr\u00e9quemment. Que vous soyez un vapoteur occasionnel ou un utilisateur fr\u00e9quent, ce nombre \u00e9lev\u00e9 de bouff\u00e9es garantit que vous obtenez une excellente valeur pour votre argent.<\/p>\n<\/li>\n<li class=\"\" data-start=\"1744\" data-end=\"2159\">\n<p class=\"\" data-start=\"1746\" data-end=\"2159\"><strong data-start=\"1746\" data-end=\"1773\">Syst\u00e8me de bobine triple maille<\/strong>: \u00c9quip\u00e9 d'un syst\u00e8me avanc\u00e9 <strong data-start=\"1801\" data-end=\"1828\">Syst\u00e8me de bobine triple maille<\/strong>Le SMPO TRON35000 garantit une production de vapeur lisse et constante \u00e0 chaque bouff\u00e9e. Les coils en maille permettent une distribution de chaleur uniforme, ce qui se traduit par des saveurs riches et intenses sans aucun go\u00fbt de br\u00fbl\u00e9. La technologie de coil am\u00e9lior\u00e9e vous permet de d\u00e9couvrir tout le potentiel de chaque e-liquide, rendant chaque bouff\u00e9e aussi satisfaisante que la derni\u00e8re.<\/p>\n<\/li>\n<li class=\"\" data-start=\"2161\" data-end=\"2621\">\n<p class=\"\" data-start=\"2163\" data-end=\"2621\"><strong data-start=\"2163\" data-end=\"2212\">Faible Teneur en Nicotine pour une Exp\u00e9rience Plus Douce<\/strong>: Le <strong data-start=\"2218\" data-end=\"2234\">faible teneur en nicotine<\/strong> La formulation du SMPO TRON35000 le rend id\u00e9al pour ceux qui pr\u00e9f\u00e8rent une exp\u00e9rience de vapotage plus douce et plus agr\u00e9able. Il offre juste le bon \u00e9quilibre de saveur et de force de nicotine sans provoquer de picots d\u00e9sagr\u00e9ables dans la gorge, permettant une session sans effort et relaxante. Cela le rend parfait pour ceux qui cherchent \u00e0 passer \u00e0 une consommation de nicotine plus faible ou pour ceux qui appr\u00e9cient une vape plus lisse.<\/p>\n<\/li>\n<li class=\"\" data-start=\"2623\" data-end=\"3033\">\n<p class=\"\" data-start=\"2625\" data-end=\"3033\"><strong data-start=\"2625\" data-end=\"2653\">Rechargeabilit\u00e9 Pratique<\/strong>: Contrairement \u00e0 la plupart des vapes jetables traditionnels, le <strong data-start=\"2701\" data-end=\"2719\">SMPO TRON35000<\/strong> est <strong data-start=\"2723\" data-end=\"2739\">rechargeable \n\n becomes \n\nrechargeable<\/strong>offrant une option plus durable et plus durable. Il suffit de recharger l'appareil lorsque la batterie est faible, et vous pouvez continuer \u00e0 profiter des m\u00eames performances excellentes sans avoir \u00e0 jeter l'ensemble du vaporisateur. Cette fonctionnalit\u00e9 \u00e9cologique r\u00e9duit les d\u00e9chets et maximise la valeur de chaque achat.<\/p>\n<\/li>\n<li class=\"\" data-start=\"3035\" data-end=\"3471\">\n<p class=\"\" data-start=\"3037\" data-end=\"3471\"><strong data-start=\"3037\" data-end=\"3082\">\u00c9cran LED Intelligent pour une Surveillance en Temps R\u00e9el<\/strong>: Le <strong data-start=\"3088\" data-end=\"3108\">\u00e9cran LED intelligent<\/strong> int\u00e9gr\u00e9 au SMPO TRON35000 offre une fonctionnalit\u00e9 moderne et pratique pour les utilisateurs. Il fournit des informations en temps r\u00e9el sur les deux <strong data-start=\"3239\" data-end=\"3250\">batterie<\/strong> et <strong data-start=\"3255\" data-end=\"3274\">niveaux de liquide \u00e9lectronique<\/strong>Ainsi, vous saurez toujours exactement quand il est temps de recharger ou de remplir. Cela permet de s'assurer que vous ne manquez jamais de puissance ou de liquide \u00e9lectronique de mani\u00e8re inattendue, vous offrant une exp\u00e9rience de vapotage fluide et sans tracas.<\/p>\n<\/li>\n<li class=\"\" data-start=\"3473\" data-end=\"3831\">\n<p class=\"\" data-start=\"3475\" data-end=\"3831\"><strong data-start=\"3475\" data-end=\"3501\">Conception \u00e9l\u00e9gante et portable<\/strong>Le SMPO TRON35000 est con\u00e7u avec la portabilit\u00e9 \u00e0 l'esprit. Son corps \u00e9l\u00e9gant et l\u00e9ger le rend facile \u00e0 transporter, vous permettant de l'emporter partout sans sacrifier le style ou la fonctionnalit\u00e9. La conception compacte assure qu'il tient confortablement dans votre main ou votre poche, ce qui en fait la vape id\u00e9ale pour ceux qui appr\u00e9cient la commodit\u00e9 et la mobilit\u00e9.<\/p>\n<\/li>\n<li class=\"\" data-start=\"3833\" data-end=\"4252\">\n<p class=\"\" data-start=\"3835\" data-end=\"4252\"><strong data-start=\"3835\" data-end=\"3856\">Qualit\u00e9 authentique<\/strong>: Lorsque vous achetez le <strong data-start=\"3880\" data-end=\"3898\">SMPO TRON35000<\/strong> de <strong data-start=\"3904\" data-end=\"3922\">FumotXpress.de<\/strong>vous \u00eates garanti un <strong data-start=\"3945\" data-end=\"3976\">produit authentique, d'origine<\/strong>FumotXpress.de s'engage \u00e0 fournir uniquement des vapes jetables authentiques et de haute qualit\u00e9, provenant directement de marques de confiance comme <strong data-start=\"4106\" data-end=\"4114\">SMPO<\/strong>Nos clients peuvent profiter en toute confiance de leur exp\u00e9rience de vapotage, sachant qu'ils utilisent un produit construit avec la qualit\u00e9 et la fiabilit\u00e9 \u00e0 l'esprit.<\/p>\n<\/li>\n<li class=\"\" data-start=\"4254\" data-end=\"4600\">\n<p class=\"\" data-start=\"4256\" data-end=\"4600\"><strong data-start=\"4256\" data-end=\"4287\">Livraison rapide dans l'UE<\/strong>: En tant que plus grand d\u00e9taillant de vapes jetables en Allemagne, <strong data-start=\"4341\" data-end=\"4359\">FumotXpress.de<\/strong> exp\u00e9die directement de nos <strong data-start=\"4384\" data-end=\"4406\">Entrep\u00f4t europ\u00e9en<\/strong>en garantissant que vos commandes arrivent dans <strong data-start=\"4448\" data-end=\"4460\">3-7 jours<\/strong>Il n'y a pas de quantit\u00e9 minimale de commande, et nous nous adressons \u00e0 la fois aux acheteurs individuels et aux groupes de d\u00e9taillants, ce qui vous permet d'acheter facilement en fonction de vos besoins.<\/p>\n<\/li>\n<\/ul>\n<hr class=\"\" data-start=\"4602\" data-end=\"4605\" \/>\n<h3 class=\"\" data-start=\"4607\" data-end=\"4660\">SMPO TRON35000 Saveurs : Une Saveur pour Chaque Palais<\/h3>\n<p class=\"\" data-start=\"4662\" data-end=\"4981\">Un des aspects les plus excitants de la <strong data-start=\"4702\" data-end=\"4720\">SMPO TRON35000<\/strong> c'est la grande vari\u00e9t\u00e9 de saveurs d\u00e9licieuses qu'il propose. Que vous ayez envie d'un m\u00e9lange fruit\u00e9, d'un kick menthol\u00e9 classique ou de quelque chose de plus exotique, il y a une saveur pour tous les go\u00fbts. Vous trouverez ci-dessous un aper\u00e7u d\u00e9taill\u00e9 des saveurs disponibles dans la collection SMPO TRON35000.<\/p>\n<ol data-start=\"4983\" data-end=\"7063\">\n<li class=\"\" data-start=\"4983\" data-end=\"5279\">\n<p class=\"\" data-start=\"4986\" data-end=\"5279\"><strong data-start=\"4986\" data-end=\"5001\">Berry Burst -&gt; \nExplosion de baies<\/strong>Une combinaison rafra\u00eechissante de baies sucr\u00e9es et acidul\u00e9es, <strong data-start=\"5053\" data-end=\"5068\">Berry Burst -&gt; \nExplosion de baies<\/strong> offre une explosion de douceur fruit\u00e9e \u00e0 chaque bouff\u00e9e. L'\u00e9quilibre entre la fraise, la framboise et la myrtille cr\u00e9e une exp\u00e9rience qui fait saliver, parfaite pour ceux qui aiment les saveurs vives et rafra\u00eechissantes.<\/p>\n<\/li>\n<li class=\"\" data-start=\"5281\" data-end=\"5538\">\n<p class=\"\" data-start=\"5284\" data-end=\"5538\"><strong data-start=\"5284\" data-end=\"5297\">Fresh Mint<\/strong>Pour ceux qui appr\u00e9cient une vapeur fra\u00eeche et revigorante, <strong data-start=\"5347\" data-end=\"5360\">Fresh Mint<\/strong> offre un m\u00e9lange satisfaisant de menthol frais avec une douceur subtile. C'est le choix id\u00e9al pour quiconque cherche une sensation rafra\u00eechissante qui laisse la bouche se sentir fra\u00eeche et propre.<\/p>\n<\/li>\n<li class=\"\" data-start=\"5540\" data-end=\"5800\">\n<p class=\"\" data-start=\"5543\" data-end=\"5800\"><strong data-start=\"5543\" data-end=\"5561\">Tropical Mango \nMango tropical<\/strong>: <strong data-start=\"5563\" data-end=\"5581\">Tropical Mango \nMango tropical<\/strong> Vous transporte directement sur une plage ensoleill\u00e9e avec sa riche saveur de mangue juteuse. La douceur tropicale combin\u00e9e \u00e0 une finition lisse et cr\u00e9meuse rend cette saveur un choix irr\u00e9sistible pour ceux qui aiment les m\u00e9langes de fruits exotiques.<\/p>\n<\/li>\n<li class=\"\" data-start=\"5802\" data-end=\"6043\">\n<p class=\"\" data-start=\"5805\" data-end=\"6043\"><strong data-start=\"5805\" data-end=\"5823\">Glace de past\u00e8que<\/strong>: <strong data-start=\"5825\" data-end=\"5843\">Glace de past\u00e8que<\/strong> est la combinaison parfaite de past\u00e8que rafra\u00eechissante et de menthol glac\u00e9. Cette saveur offre une sensation croquante et rafra\u00eechissante \u00e0 chaque bouff\u00e9e, id\u00e9ale pour ceux qui ont envie de quelque chose de sucr\u00e9, de frais et de satisfaisant.<\/p>\n<\/li>\n<li class=\"\" data-start=\"6045\" data-end=\"6285\">\n<p class=\"\" data-start=\"6048\" data-end=\"6285\"><strong data-start=\"6048\" data-end=\"6067\">Citronnade aux agrumes<\/strong>Pour un go\u00fbt piquant et citronn\u00e9, <strong data-start=\"6099\" data-end=\"6118\">Citronnade aux agrumes<\/strong> est un v\u00e9ritable r\u00e9gal. La saveur citronn\u00e9e piquante est parfaitement \u00e9quilibr\u00e9e avec une touche de douceur, offrant un go\u00fbt audacieux et rafra\u00eechissant qui est id\u00e9al pour une vape toute la journ\u00e9e.<\/p>\n<\/li>\n<li class=\"\" data-start=\"6287\" data-end=\"6523\">\n<p class=\"\" data-start=\"6290\" data-end=\"6523\"><strong data-start=\"6290\" data-end=\"6306\">Fusion de raisin<\/strong>: <strong data-start=\"6308\" data-end=\"6324\">Fusion de raisin<\/strong> allie le go\u00fbt sucr\u00e9 et riche de raisins m\u00fbrs avec une pointe de sous-ton lisse et sucr\u00e9. Cette saveur est parfaite pour ceux qui appr\u00e9cient une vape fruit\u00e9e intense et satisfaisante \u00e0 la fois.<\/p>\n<\/li>\n<li class=\"\" data-start=\"6525\" data-end=\"6779\">\n<p class=\"\" data-start=\"6528\" data-end=\"6779\"><strong data-start=\"6528\" data-end=\"6545\">P\u00eache Sunrise \nnon,  Peach Sunrise<\/strong>: Le <strong data-start=\"6551\" data-end=\"6568\">P\u00eache Sunrise \nnon,  Peach Sunrise<\/strong> La saveur est une p\u00eache sucr\u00e9e et juteuse avec une explosion citronn\u00e9e parfaite pour l'\u00e9t\u00e9. Elle offre une saveur tropicale et fruit\u00e9es \u00e0 la fois rafra\u00eechissante et apaisante, id\u00e9ale pour ceux qui appr\u00e9cient une vapeur douce mais savoureuse.<\/p>\n<\/li>\n<li class=\"\" data-start=\"6781\" data-end=\"7063\">\n<p class=\"\" data-start=\"6784\" data-end=\"7063\"><strong data-start=\"6784\" data-end=\"6802\">Glace \u00e0 la fraise<\/strong>Pour une saveur de fruits classique avec une touche glac\u00e9e, <strong data-start=\"6850\" data-end=\"6868\">Glace \u00e0 la fraise<\/strong> est le choix id\u00e9al. Il combine la douceur des fraises m\u00fbres avec un effet menthol\u00e9 rafra\u00eechissant, offrant une exp\u00e9rience rafra\u00eechissante parfaite pour ceux qui veulent une saveur fruit\u00e9e et fra\u00eeche.<\/p>\n<\/li>\n<\/ol>\n<hr class=\"\" data-start=\"7065\" data-end=\"7068\" \/>\n<h3 class=\"\" data-start=\"7070\" data-end=\"7122\">Pourquoi acheter SMPO TRON35000 sur FumotXpress.de ?<\/h3>\n<p class=\"\" data-start=\"7124\" data-end=\"7495\">\u00c0 <strong data-start=\"7127\" data-end=\"7145\">FumotXpress.de<\/strong>Nous sommes fiers d'offrir les <strong data-start=\"7173\" data-end=\"7217\">SMPO TRON35000 Puffs Vape Pen Jetable<\/strong> et d'autres vapes jetables de haute qualit\u00e9 directement aux clients en Allemagne et dans toute l'UE. En tant que <strong data-start=\"7316\" data-end=\"7386\">plus grande plateforme de vente en ligne de cigarettes \u00e9lectroniques jetables en Allemagne<\/strong>Nous nous concentrons sur la fourniture d'une exp\u00e9rience d'achat facile et pratique, d'une livraison rapide et de produits de haute qualit\u00e9.<\/p>\n<p class=\"\" data-start=\"7497\" data-end=\"7541\">En choisissant FumotXpress.de, vous \u00eates assur\u00e9 :<\/p>\n<ul data-start=\"7543\" data-end=\"7835\">\n<li class=\"\" data-start=\"7543\" data-end=\"7616\">\n<p class=\"\" data-start=\"7545\" data-end=\"7616\"><strong data-start=\"7545\" data-end=\"7567\">Produits authentiques<\/strong>: Vapes jetables authentiques et de haute qualit\u00e9 uniquement.<\/p>\n<\/li>\n<li class=\"\" data-start=\"7617\" data-end=\"7692\">\n<p class=\"\" data-start=\"7619\" data-end=\"7692\"><strong data-start=\"7619\" data-end=\"7636\">Livraison rapide<\/strong>: Livr\u00e9 dans 3 \u00e0 7 jours \u00e0 partir de notre entrep\u00f4t europ\u00e9en.<\/p>\n<\/li>\n<li class=\"\" data-start=\"7693\" data-end=\"7757\">\n<p class=\"\" data-start=\"7695\" data-end=\"7757\"><strong data-start=\"7695\" data-end=\"7715\">Pas de commande minimum<\/strong>Vous pouvez acheter \u00e0 partir de 1 pi\u00e8ce \u00e0 la fois.<\/p>\n<\/li>\n<li class=\"\" data-start=\"7758\" data-end=\"7835\">\n<p class=\"\" data-start=\"7760\" data-end=\"7835\"><strong data-start=\"7760\" data-end=\"7776\">Large \u00e9ventail<\/strong>: D\u00e9couvrez une gamme de produits de vape de qualit\u00e9 sup\u00e9rieure provenant des meilleures marques.<\/p>\n<\/li>\n<\/ul>\n<p><img loading=\"lazy\" decoding=\"async\" class=\"alignnone size-full wp-image-3478\" src=\"https:\/\/fumotxpress.de\/wp-content\/uploads\/2025\/03\/05-scaled.jpg\" alt=\"\" width=\"2560\" height=\"2560\" srcset=\"https:\/\/fumotxpress.de\/wp-content\/uploads\/2025\/03\/05-scaled.jpg 2560w, https:\/\/fumotxpress.de\/wp-content\/uploads\/2025\/03\/05-300x300.jpg 300w, https:\/\/fumotxpress.de\/wp-content\/uploads\/2025\/03\/05-1024x1024.jpg 1024w, https:\/\/fumotxpress.de\/wp-content\/uploads\/2025\/03\/05-150x150.jpg 150w, https:\/\/fumotxpress.de\/wp-content\/uploads\/2025\/03\/05-768x768.jpg 768w, https:\/\/fumotxpress.de\/wp-content\/uploads\/2025\/03\/05-1536x1536.jpg 1536w, https:\/\/fumotxpress.de\/wp-content\/uploads\/2025\/03\/05-2048x2048.jpg 2048w, https:\/\/fumotxpress.de\/wp-content\/uploads\/2025\/03\/05-12x12.jpg 12w, https:\/\/fumotxpress.de\/wp-content\/uploads\/2025\/03\/05-247x247.jpg 247w, https:\/\/fumotxpress.de\/wp-content\/uploads\/2025\/03\/05-600x600.jpg 600w, https:\/\/fumotxpress.de\/wp-content\/uploads\/2025\/03\/05-100x100.jpg 100w\" sizes=\"auto, (max-width: 2560px) 100vw, 2560px\" \/><\/p>\n<p>&nbsp;<\/p>\n<p class=\"\" data-start=\"7837\" data-end=\"8020\">Pr\u00eat \u00e0 d\u00e9couvrir le meilleur de la vape jetable ? Rendez-vous sur <strong data-start=\"7896\" data-end=\"7914\">FumotXpress.de<\/strong> Aujourd'hui et d\u00e9couvrez pourquoi nous sommes la plate-forme de r\u00e9f\u00e9rence pour <strong data-start=\"7968\" data-end=\"8008\">Vapes jetables authentiques et d'origine<\/strong> En Allemagne !<\/p>\n<\/div>\n<\/div>\n<\/div>\n<\/div>\n<div class=\"flex justify-start\">\n<div class=\"-me-1 -ms-2.5 flex select-none items-center p-1 touch:-me-2 touch:-ms-3.5 -mt-1 transition-[mask-position] [mask-image:linear-gradient(to_var(--mask-direction),black_33%,transparent_66%)] [mask-position:var(--mask-from-pos)] [mask-size:300%_100%] [--mask-direction:right] [--mask-from-pos:100%_0] [--mask-to-pos:0_0] duration-[1.5s]\"><\/div>\n<\/div>\n<div class=\"mt-3 w-full empty:hidden\">\n<div class=\"text-center\"><\/div>\n<\/div>\n<\/div>\n<div class=\"absolute\">\n<div class=\"flex items-center justify-center\"><\/div>\n<\/div>\n<\/div>\n<\/div>\n<\/div>\n<\/article>\n<div class=\"pointer-events-none h-px w-px\" aria-hidden=\"true\" data-edge=\"true\"><\/div>","protected":false},"excerpt":{"rendered":"<p>Le <strong data-start=\"4\" data-end=\"48\">SMPO TRON35000 Puffs Vape Pen Jetable<\/strong> offre avec son syst\u00e8me innovant de triple bobine Mesh, une capacit\u00e9 de 35 000 bouff\u00e9es et un affichage LED intelligent pour le niveau de liquide et de batterie, une exp\u00e9rience de vapotage incomparable avec des niveaux de nicotine faibles.<\/p>","protected":false},"featured_media":3750,"comment_status":"open","ping_status":"closed","template":"","meta":{"om_disable_all_campaigns":false},"product_brand":[],"product_cat":[119],"product_tag":[],"class_list":{"0":"post-3476","1":"product","2":"type-product","3":"status-publish","4":"has-post-thumbnail","6":"product_cat-smpo-tron35000-puffs","8":"first","9":"instock","10":"shipping-taxable","11":"purchasable","12":"product-type-variable"},"_links":{"self":[{"href":"https:\/\/fumotxpress.de\/fr\/wp-json\/wp\/v2\/product\/3476","targetHints":{"allow":["GET"]}}],"collection":[{"href":"https:\/\/fumotxpress.de\/fr\/wp-json\/wp\/v2\/product"}],"about":[{"href":"https:\/\/fumotxpress.de\/fr\/wp-json\/wp\/v2\/types\/product"}],"replies":[{"embeddable":true,"href":"https:\/\/fumotxpress.de\/fr\/wp-json\/wp\/v2\/comments?post=3476"}],"wp:featuredmedia":[{"embeddable":true,"href":"https:\/\/fumotxpress.de\/fr\/wp-json\/wp\/v2\/media\/3750"}],"wp:attachment":[{"href":"https:\/\/fumotxpress.de\/fr\/wp-json\/wp\/v2\/media?parent=3476"}],"wp:term":[{"taxonomy":"product_brand","embeddable":true,"href":"https:\/\/fumotxpress.de\/fr\/wp-json\/wp\/v2\/product_brand?post=3476"},{"taxonomy":"product_cat","embeddable":true,"href":"https:\/\/fumotxpress.de\/fr\/wp-json\/wp\/v2\/product_cat?post=3476"},{"taxonomy":"product_tag","embeddable":true,"href":"https:\/\/fumotxpress.de\/fr\/wp-json\/wp\/v2\/product_tag?post=3476"}],"curies":[{"name":"wp","href":"https:\/\/api.w.org\/{rel}","templated":true}]}}