{"id":2961,"date":"2025-01-01T04:25:57","date_gmt":"2025-01-01T04:25:57","guid":{"rendered":"https:\/\/fumotxpress.de\/?post_type=product&#038;p=2961"},"modified":"2025-07-16T07:27:51","modified_gmt":"2025-07-16T07:27:51","slug":"entrepot-europeen-smpo-dl02-10000-bouffees-a-faible-teneur-en-nicotine-acheter-stylo-vapes-jetable-rechargeable-authentique-original-2","status":"publish","type":"product","link":"https:\/\/fumotxpress.de\/fr\/produit\/entrepot-europeen-smpo-dl02-10000-bouffees-a-faible-teneur-en-nicotine-acheter-stylo-vapes-jetable-rechargeable-authentique-original-2\/","title":{"rendered":"Entrep\u00f4t europ\u00e9en SMPO Shisha 10000 bouff\u00e9es Nicotine faible Acheter Vape-Pen jetable rechargeable Authentique d'origine"},"content":{"rendered":"<h2>Entrep\u00f4t europ\u00e9en <strong>SMPO Shisha 10000 Puffs 10000 Puffs \n becomes \n\nSMPO Shisha 10000 Puffs 10000 Puffs<\/strong> Stylo Vape Jetable Rechargeable : Exp\u00e9rience de Vape de Haute Qualit\u00e9 pour les Amateurs de Vape d'Allemagne<\/h2>\n<p>Chez FumotXpress, la plus grande plateforme de vente en ligne allemande de vapes jetables, nous sommes ravis de pr\u00e9senter\u00a0<a href=\"https:\/\/fumotxpress.de\/fr\/produit\/entrepot-europeen-smpo-dl02-10000-bouffees-a-faible-teneur-en-nicotine-acheter-stylo-vapes-jetable-rechargeable-authentique-original\/\"><strong>SMPO Shisha DL02 10000 bouff\u00e9es Vape Pen jetable rechargeable<\/strong><\/a>Con\u00e7u pour ceux qui recherchent une performance de vapotage de haute qualit\u00e9 sans compromis, le SMPO DL02 offre jusqu'\u00e0 10 000 bouff\u00e9es de saveur premium et une production de vapeur constante. Que vous soyez un vapoteur exp\u00e9riment\u00e9 ou que vous commenciez simplement votre voyage de vapotage, cet appareil est con\u00e7u pour offrir une exp\u00e9rience exceptionnelle d\u00e8s la premi\u00e8re bouff\u00e9e jusqu'\u00e0 la derni\u00e8re.<\/p>\n<p>Ce produit est disponible en packs de grande quantit\u00e9 pratiques, vous permettant de vous approvisionner pour une utilisation prolong\u00e9e ou \u00e0 des fins de vente au d\u00e9tail. Sans quantit\u00e9 minimale de commande et avec une exp\u00e9dition rapide depuis notre entrep\u00f4t europ\u00e9en, FumotXpress garantit que vos besoins en mati\u00e8re de vapotage sont satisfaits rapidement et efficacement dans toute l'UE.<\/p>\n<p><img loading=\"lazy\" decoding=\"async\" class=\"alignnone size-full wp-image-815\" src=\"https:\/\/fumotxpress.de\/wp-content\/uploads\/2024\/11\/SMPO-DL02-10000-Zuge-4-scaled-1.webp\" alt=\"SMPO-DL02-10000-Zuge\" width=\"2560\" height=\"2560\" srcset=\"https:\/\/fumotxpress.de\/wp-content\/uploads\/2024\/11\/SMPO-DL02-10000-Zuge-4-scaled-1.webp 2560w, https:\/\/fumotxpress.de\/wp-content\/uploads\/2024\/11\/SMPO-DL02-10000-Zuge-4-scaled-1-247x247.webp 247w, https:\/\/fumotxpress.de\/wp-content\/uploads\/2024\/11\/SMPO-DL02-10000-Zuge-4-scaled-1-100x100.webp 100w, https:\/\/fumotxpress.de\/wp-content\/uploads\/2024\/11\/SMPO-DL02-10000-Zuge-4-scaled-1-600x600.webp 600w, https:\/\/fumotxpress.de\/wp-content\/uploads\/2024\/11\/SMPO-DL02-10000-Zuge-4-scaled-1-300x300.webp 300w, https:\/\/fumotxpress.de\/wp-content\/uploads\/2024\/11\/SMPO-DL02-10000-Zuge-4-scaled-1-1024x1024.webp 1024w, https:\/\/fumotxpress.de\/wp-content\/uploads\/2024\/11\/SMPO-DL02-10000-Zuge-4-scaled-1-150x150.webp 150w, https:\/\/fumotxpress.de\/wp-content\/uploads\/2024\/11\/SMPO-DL02-10000-Zuge-4-scaled-1-768x768.webp 768w, https:\/\/fumotxpress.de\/wp-content\/uploads\/2024\/11\/SMPO-DL02-10000-Zuge-4-scaled-1-1536x1536.webp 1536w, https:\/\/fumotxpress.de\/wp-content\/uploads\/2024\/11\/SMPO-DL02-10000-Zuge-4-scaled-1-2048x2048.webp 2048w\" sizes=\"auto, (max-width: 2560px) 100vw, 2560px\" \/><\/p>\n<h3>Pourquoi choisir le stylo vape jetable SMPO DL02 ?<\/h3>\n<p>Le\u00a0<a href=\"https:\/\/fumotxpress.de\/fr\/\"><strong>SMPOShisha DL02<\/strong>\u00a0<\/a>se d\u00e9marque parmi les stylo-vapes jetables en raison de sa durabilit\u00e9 remarquable et de ses fonctionnalit\u00e9s de pointe. Cet appareil est con\u00e7u pour offrir une exp\u00e9rience de vapotage fluide avec des performances durables et une gamme de saveurs satisfaisante. Voici pourquoi le\u00a0<strong>SMPO shisha DL02<\/strong>\u00a0est un choix de premier plan pour les vapoteurs :<\/p>\n<ul>\n<li><strong>Capacit\u00e9 de 10 000 bouff\u00e9es<\/strong>Avec une incroyable quantit\u00e9 de 10 000 bouff\u00e9es par appareil, le SMPO DL02 offre l'une des exp\u00e9riences les plus durables dans la cat\u00e9gorie des vapes jetables. Cette capacit\u00e9 \u00e9tendue garantit que vous appr\u00e9cierez votre vape pendant une p\u00e9riode prolong\u00e9e sans vous soucier de remplacements fr\u00e9quents.<\/li>\n<li><strong>Pile rechargeable 750mAh<\/strong>: La batterie puissante et rechargeable assure des performances fiables tout au long du cycle de vie de l'appareil. Il suffit de recharger via USB-C pour une utilisation continue.<\/li>\n<li><strong>Technologie de protection contre la chaleur s\u00e8che CRUX<\/strong>Cette fonctionnalit\u00e9 innovante emp\u00eache la surchauffe et garantit que votre vape produit une saveur constante \u00e0 chaque tirage.<\/li>\n<li><strong>Bobine de maillage 0,6\u03a9<\/strong>: La bobine en maille fournit un chauffage rapide et une vapeur lisse, optimisant la consommation d'\u00e9nergie pour une exp\u00e9rience de vapotage plus durable et plus efficace.<\/li>\n<li><strong>Capacit\u00e9 de e-liquide de 20ml<\/strong>Avec un r\u00e9servoir de e-liquide g\u00e9n\u00e9reux, le SMPO DL02 garantit que vous avez suffisamment de liquide pour des sessions longues et agr\u00e9ables, rendant les recharges une chose du pass\u00e9.<\/li>\n<li><strong>Contr\u00f4le de d\u00e9bit d'air r\u00e9glable<\/strong>Personnalisez votre exp\u00e9rience de vapotage avec le d\u00e9bit d'air r\u00e9glable, qui vous permet de personnaliser la densit\u00e9 de la vapeur selon vos pr\u00e9f\u00e9rences, que vous appr\u00e9ciiez les hits subtils ou les nuages \u00e9pais.<\/li>\n<li><strong>Conception Ergonomique et Compacte<\/strong>: Le design \u00e9l\u00e9gant et ergonomique du SMPO Shisha DL02 le rend confortable \u00e0 tenir et facile \u00e0 transporter, ce qui le rend id\u00e9al pour une utilisation en d\u00e9placement.<\/li>\n<\/ul>\n<h3>SMPO DL02 \u2013 Un choix premium pour les vapoteurs<\/h3>\n<p>Le\u00a0<strong>SMPO Shisha DL02 10 000 bouff\u00e9es Vape Pen jetable<\/strong>\u00a0est con\u00e7u pour r\u00e9pondre aux besoins des vapoteurs modernes qui donnent la priorit\u00e9 \u00e0 la performance, \u00e0 la saveur et \u00e0 la commodit\u00e9. Que vous soyez un vapoteur occasionnel ou un utilisateur r\u00e9gulier, ce stylo vape garantit la satisfaction avec son m\u00e9lange de construction durable et de fonctionnalit\u00e9s innovantes.<\/p>\n<p>\u00c0\u00a0<strong>FumotXpress<\/strong>Nous sommes fiers d'offrir ce produit haut de gamme, achet\u00e9 directement aupr\u00e8s de fabricants de confiance. Vous pouvez l'acheter en gros, sans exigence de commande minimale, ce qui en fait une excellente option pour les utilisateurs individuels et les groupes de d\u00e9taillants. Nous exp\u00e9dions directement depuis notre entrep\u00f4t europ\u00e9en, garantissant des d\u00e9lais de livraison rapides de 3 \u00e0 7 jours dans toute l'UE.<\/p>\n<h3>S\u00e9lection de saveurs : Un \u00e9ventail de saveurs riches<\/h3>\n<p>Le\u00a0<strong>SMPO DL02<\/strong>\u00a0<a href=\"https:\/\/fumotxpress.de\/fr\/\">Stylo Vape Jetable<\/a> est disponible dans une large gamme de saveurs, vous permettant de profiter d'une nouvelle exp\u00e9rience de vapotage \u00e0 chaque bouff\u00e9e. Vous trouverez ci-dessous un aper\u00e7u d\u00e9taill\u00e9 des diff\u00e9rents profils de saveur que vous pouvez choisir :<\/p>\n<ol>\n<li><strong>Jus de mangue<\/strong><br \/>\nCette saveur tropicale \u00e9clate avec la douceur de mangues m\u00fbres, offrant une saveur rafra\u00eechissante et exotique qui vous transporte directement sur une plage ensoleill\u00e9e. Parfait pour ceux qui recherchent une exp\u00e9rience fruit\u00e9e et sucr\u00e9e.<\/li>\n<li><strong>Beurre d'arachide<\/strong><br \/>\nUne saveur unique et indulgente qui combine la richesse cr\u00e9meuse et noisette du beurre de cacahu\u00e8te avec une finition lisse. Id\u00e9al pour ceux qui appr\u00e9cient une exp\u00e9rience de vapotage plus savoureuse, il est parfait pour une utilisation quotidienne.<\/li>\n<li><strong>Cr\u00e8me Glac\u00e9e \u00e0 la Fraise<\/strong><br \/>\nUn m\u00e9lange sucr\u00e9 et cr\u00e9meux de fraises fra\u00eeches et de glace onctueuse, cette saveur offre une exp\u00e9rience de dessert satisfaisante. C'est une option lisse et rafra\u00eechissante qui procure un \u00e9quilibre d\u00e9licieux de notes fruit\u00e9es et cr\u00e9meuses.<\/li>\n<li><strong>Bonbon au citron<\/strong><br \/>\nSi vous \u00eates amateur de saveurs d'agrumes, ce go\u00fbt de citron piquant et acide m\u00e9lang\u00e9 \u00e0 une douceur sucr\u00e9e laissera vos papilles gustatives picotantes. C'est un choix id\u00e9al pour ceux qui pr\u00e9f\u00e8rent un profil de saveur frais et net avec une finition sucr\u00e9e.<\/li>\n<li><strong>M\u00e9lange de baies<\/strong><br \/>\nUn m\u00e9lange vibrant de baies m\u00e9lang\u00e9es, cette saveur r\u00e9unit des fraises sucr\u00e9es, des framboises acidul\u00e9es et des bleuets juteux. C'est un \u00e9quilibre parfait de saveurs fruit\u00e9es \u00e0 la fois rafra\u00eechissantes et satisfaisantes.<\/li>\n<li><strong>Fraise Kiwi<\/strong><br \/>\nUne fusion parfaite de fraises sucr\u00e9es et de kiwi acidul\u00e9, cette combinaison offre une saveur fra\u00eeche et vibrante \u00e0 la fois acidul\u00e9e et sucr\u00e9e. C'est une saveur qui pla\u00eet \u00e0 la foule, id\u00e9ale pour les amateurs de vape fruit\u00e9es.<\/li>\n<li><strong>Cranberry Grape \n becomes \n canneberge raisin<\/strong><br \/>\nCette saveur dynamique r\u00e9unit l'acidit\u00e9 de la canneberge et la douceur profonde du raisin. Le r\u00e9sultat est une vape parfaitement \u00e9quilibr\u00e9e qui offre \u00e0 la fois de la complexit\u00e9 et de la satisfaction \u00e0 chaque bouff\u00e9e.<\/li>\n<li><strong>Glace de past\u00e8que<\/strong><br \/>\nSi vous aimez les saveurs fra\u00eeches et rafra\u00eechissantes,\u00a0<strong>Glace de past\u00e8que<\/strong>\u00a0fera l'affaire. Le go\u00fbt juteux et sucr\u00e9 de la past\u00e8que est compl\u00e9t\u00e9 par une finition froide et glac\u00e9e, parfaite pour les jours chauds ou lorsque vous voulez quelque chose de l\u00e9ger et de rafra\u00eechissant.<\/li>\n<li><strong>Glace aux bleuets<\/strong><br \/>\nCette saveur combine des bleuets m\u00fbrs avec une explosion de menthol frais et croquant. Le r\u00e9sultat est une vape lisse et rafra\u00eechissante avec une base fruit\u00e9e sucr\u00e9e et une finition menthol\u00e9e, ce qui en fait une vape parfaite pour toute la journ\u00e9e.<\/li>\n<li><strong>Vanille Tabac<\/strong><br \/>\nPour ceux qui pr\u00e9f\u00e8rent une saveur plus classique,\u00a0<strong>Vanille Tabac<\/strong>\u00a0offre une combinaison lisse et riche de tabac robuste et de la douceur subtile de vanille. C'est une saveur raffin\u00e9e et \u00e9quilibr\u00e9e, parfaite pour ceux qui appr\u00e9cient une vape plus traditionnelle avec une touche de douceur.<\/li>\n<\/ol>\n<h3>Pourquoi acheter le stylo vape jetable SMPO DL02 ?<\/h3>\n<p>Il existe plusieurs raisons pour lesquelles le\u00a0<strong>SMPO Shishi DL02 10000 bouff\u00e9es Vape Pen jetable<\/strong>\u00a0est un excellent choix pour vos besoins de vapotage :<\/p>\n<ul>\n<li><strong>Performance durable<\/strong>Avec sa capacit\u00e9 impressionnante de 10 000 bouff\u00e9es, vous pouvez profiter de longues sessions de vapotage sans avoir besoin de remplacements fr\u00e9quents.<\/li>\n<li><strong>Rechargeabilit\u00e9 Pratique<\/strong>: La batterie rechargeable de 750mAh assure que vous pouvez utiliser le vape pendant une longue p\u00e9riode avant d'avoir besoin de la recharger, r\u00e9duisant les d\u00e9chets et am\u00e9liorant votre exp\u00e9rience.<\/li>\n<li><strong>Fonctionnalit\u00e9s avanc\u00e9es<\/strong>: La protection contre la chaleur s\u00e8che du CRUX, la technologie de bobine en maille et le d\u00e9bit d'air r\u00e9glable offrent une exp\u00e9rience de vapotage sup\u00e9rieure qui rivalise avec d'autres produits jetables sur le march\u00e9.<\/li>\n<li><strong>Large s\u00e9lection de saveurs<\/strong>: Avec une gamme vari\u00e9e de saveurs excitantes, le\u00a0<strong>SMPO DL02<\/strong>\u00a0est parfait pour ceux qui veulent explorer diff\u00e9rentes exp\u00e9riences gustatives.<\/li>\n<li><strong>Pas d'exigence de commande minimale<\/strong>Que vous achetiez pour un usage personnel ou pour la vente au d\u00e9tail, vous pouvez acheter ne serait-ce qu'un stylo, sans quantit\u00e9 minimale de commande.<\/li>\n<li><strong>Livraison rapide dans l'UE<\/strong>FumotXpress propose une exp\u00e9dition rapide et fiable \u00e0 travers l'UE, avec des produits livr\u00e9s dans un d\u00e9lai de 3 \u00e0 7 jours.<\/li>\n<\/ul>\n<h3>Commandez votre stylo vape jetable SMPO DL02 10000 bouff\u00e9es d\u00e8s aujourd'hui<\/h3>\n<p>Le\u00a0<strong><a href=\"https:\/\/fumotxpress.de\/fr\/\">SMPO Shashi DL02 10000 Puffs<\/a> Stylo Vape Jetable<\/strong>\u00a0est d\u00e9sormais disponible \u00e0 l'achat sur FumotXpress.de, le premier d\u00e9taillant allemand de vapes jetables. Avec un large choix de saveurs, des fonctionnalit\u00e9s hautes performances et une exp\u00e9dition rapide depuis notre entrep\u00f4t europ\u00e9en, cet appareil est id\u00e9al pour les vapoteurs occasionnels comme pour les amateurs. Visitez\u00a0<a href=\"https:\/\/fumotxpress.de\/fr\/\"><strong>FumotXpress.de<\/strong><\/a>\u00a0Pour commander maintenant et profiter d'une exp\u00e9dition rapide et fiable directement \u00e0 votre porte.<\/p>\n<p>Pour tous vos besoins en vapoteuses jetables, faites confiance \u00e0 FumotXpress pour la qualit\u00e9, le service et la satisfaction !<\/p>","protected":false},"excerpt":{"rendered":"<p>Acheter le <strong>SMPO DL02 10000 bouff\u00e9es Vape Pen jetable rechargeable<\/strong> sur FumotXpress.de. Profitez d'une performance durable, d'une vapeur lisse et d'un large choix de saveurs avec une exp\u00e9dition rapide dans l'UE !<\/p>","protected":false},"featured_media":875,"comment_status":"open","ping_status":"closed","template":"","meta":{"om_disable_all_campaigns":false},"product_brand":[],"product_cat":[22,91,94,97,99,100,101,103,104,105,111,112,78,79,80,81,82,83,84,85,86,87,88,89,90,70,72,56,61,65,67],"product_tag":[],"class_list":{"0":"post-2961","1":"product","2":"type-product","3":"status-publish","4":"has-post-thumbnail","6":"product_cat-smpo-dl02-disposable-vapes","7":"product_cat-buy-best-disposable-vape-flavors","8":"product_cat-blueberry-flavor-disposable-vapes","9":"product_cat-grape-flavor-disposable-vapes","10":"product_cat-ice-flavor-disposable-vapes","11":"product_cat-kiwi-flavor-disposable-vapes","12":"product_cat-lemon-flavor-disposable-vapes","13":"product_cat-mango-flavor-disposable-vapes","14":"product_cat-mint-flavor-disposable-vapes","15":"product_cat-mixed-berries-flavor-disposable-vapes","16":"product_cat-strawberry-flavor-disposable-vapes","17":"product_cat-watermelon-flavor-disposable-vapes","18":"product_cat-best-disposable-vape-in-europe","19":"product_cat-buy-disposable-vapes-in-austria","20":"product_cat-buy-disposable-vapes-in-belgium","21":"product_cat-buy-disposable-vapes-in-france","22":"product_cat-buy-disposable-vapes-in-germany","23":"product_cat-buy-disposable-vapes-in-italy","24":"product_cat-buy-disposable-vapes-in-netherlands","25":"product_cat-buy-disposable-vapes-in-norway","26":"product_cat-buy-disposable-vapes-in-poland","27":"product_cat-buy-disposable-vapes-in-portugal","28":"product_cat-buy-disposable-vapes-in-spain","29":"product_cat-buy-disposable-vapes-in-sweden","30":"product_cat-buy-disposable-vapes-in-switzerland","31":"product_cat-shop-disposable-vapes-by-puffs","32":"product_cat-10000-puff-disposable-vape","33":"product_cat-disposable-vape-types","34":"product_cat-big-puffs-disposable-vapes","35":"product_cat-lower-nicotine-disposable-vapes","36":"product_cat-rechargeable-disposable-vapes","38":"first","39":"outofstock","40":"shipping-taxable","41":"product-type-variable"},"_links":{"self":[{"href":"https:\/\/fumotxpress.de\/fr\/wp-json\/wp\/v2\/product\/2961","targetHints":{"allow":["GET"]}}],"collection":[{"href":"https:\/\/fumotxpress.de\/fr\/wp-json\/wp\/v2\/product"}],"about":[{"href":"https:\/\/fumotxpress.de\/fr\/wp-json\/wp\/v2\/types\/product"}],"replies":[{"embeddable":true,"href":"https:\/\/fumotxpress.de\/fr\/wp-json\/wp\/v2\/comments?post=2961"}],"wp:featuredmedia":[{"embeddable":true,"href":"https:\/\/fumotxpress.de\/fr\/wp-json\/wp\/v2\/media\/875"}],"wp:attachment":[{"href":"https:\/\/fumotxpress.de\/fr\/wp-json\/wp\/v2\/media?parent=2961"}],"wp:term":[{"taxonomy":"product_brand","embeddable":true,"href":"https:\/\/fumotxpress.de\/fr\/wp-json\/wp\/v2\/product_brand?post=2961"},{"taxonomy":"product_cat","embeddable":true,"href":"https:\/\/fumotxpress.de\/fr\/wp-json\/wp\/v2\/product_cat?post=2961"},{"taxonomy":"product_tag","embeddable":true,"href":"https:\/\/fumotxpress.de\/fr\/wp-json\/wp\/v2\/product_tag?post=2961"}],"curies":[{"name":"wp","href":"https:\/\/api.w.org\/{rel}","templated":true}]}}