{"id":2878,"date":"2024-12-27T10:33:47","date_gmt":"2024-12-27T10:33:47","guid":{"rendered":"https:\/\/fumotxpress.de\/?post_type=product&#038;p=2878"},"modified":"2025-07-16T07:27:51","modified_gmt":"2025-07-16T07:27:51","slug":"entrepot-europeen-jnr-shisha-hookah-12000-bouffees-a-faible-teneur-en-nicotine-acheter-stylo-vapes-jetable-rechargeable-authentique-original","status":"publish","type":"product","link":"https:\/\/fumotxpress.de\/fr\/produit\/entrepot-europeen-jnr-shisha-hookah-12000-bouffees-a-faible-teneur-en-nicotine-acheter-stylo-vapes-jetable-rechargeable-authentique-original\/","title":{"rendered":"Entrep\u00f4t europ\u00e9en JNR Shisha Hookah 12000 bouff\u00e9es Faible nicotine Acheter Vape Pen jetable rechargeable Authentique d'origine"},"content":{"rendered":"<h2><strong>Entrep\u00f4t europ\u00e9en JNR Shisha Hookah 12000 bouff\u00e9es Faible nicotine - Haute performance Acheter un stylo Vapes jetable rechargeable authentique d'origine<\/strong><\/h2>\n<div style=\"width: 1020px;\" class=\"wp-video\"><!--[if lt IE 9]><script>document.createElement('video');<\/script><![endif]-->\n<video class=\"wp-video-shortcode\" id=\"video-2878-1\" width=\"1020\" height=\"1020\" preload=\"metadata\" controls=\"controls\"><source type=\"video\/mp4\" src=\"https:\/\/fumotxpress.de\/wp-content\/uploads\/2024\/12\/SHISHIA-3D-material.mp4?_=1\" \/><a href=\"https:\/\/fumotxpress.de\/wp-content\/uploads\/2024\/12\/SHISHIA-3D-material.mp4\">https:\/\/fumotxpress.de\/wp-content\/uploads\/2024\/12\/SHISHIA-3D-material.mp4<\/a><\/video><\/div>\n<h4><strong>Vue d'ensemble du produit<\/strong><\/h4>\n<p>Le <a href=\"https:\/\/fumotxpress.de\/fr\/?post_type=product&amp;p=2788&amp;preview=true\"><strong>Stylo Vape Jetable JNR Shisha Hookah 12000<\/strong><\/a> red\u00e9finit la commodit\u00e9 et la qualit\u00e9 sup\u00e9rieure dans le monde de la vape. Combinant le charme du shisha traditionnel avec la technologie moderne, ce stylo vape offre une exp\u00e9rience impressionnante <strong>12 000 puffs de capacit\u00e9<\/strong>, offrant une saveur constante et une vapeur lisse. Con\u00e7u pour une facilit\u00e9 d'utilisation, cet appareil est parfait pour les vapoteurs qui appr\u00e9cient la portabilit\u00e9 sans compromettre la qualit\u00e9.<\/p>\n<p>Fabriqu\u00e9 avec pr\u00e9cision, le JNR Shisha Hookah 12000 est adapt\u00e9 au march\u00e9 europ\u00e9en, offrant <strong>saveurs authentiques de shisha<\/strong> dans un format rechargeable et jetable. Cet appareil \u00e9l\u00e9gant est con\u00e7u pour offrir aux utilisateurs une exp\u00e9rience luxueuse tout en garantissant des performances fiables et une consistance de saveur. \u00c0<a href=\"https:\/\/fumotxpress.de\/fr\/\"> <strong>FumotXpress.de<\/strong>,<\/a> Nous vous livrons ce produit haut de gamme \u00e0 votre porte, avec exp\u00e9dition depuis notre entrep\u00f4t europ\u00e9en, garantissant une livraison dans <strong>3-7 jours<\/strong> \u00e0 travers l'UE. D\u00e9couvrez le vapotage premium d\u00e8s aujourd'hui, \u00e0 partir d'une seule pi\u00e8ce, avec <strong>Pas de quantit\u00e9 minimale de commande<\/strong>.<\/p>\n<hr \/>\n<h4><strong>Fonctionnalit\u00e9s cl\u00e9s<\/strong><\/h4>\n<ul>\n<li><strong>Exp\u00e9rience Ultime de Shisha<\/strong>: Immergez-vous dans des saveurs de shisha riches et traditionnelles \u00e0 chaque tirage.<\/li>\n<li><strong>Capacit\u00e9 de Puff Massive<\/strong>: Profitez jusqu'\u00e0 <strong>12 000 bouff\u00e9es<\/strong>Parfait pour des sessions de longue dur\u00e9e.<\/li>\n<li><strong>Rechargeabilit\u00e9 Pratique<\/strong>Con\u00e7u avec un <strong>Batterie rechargeable 250mAh<\/strong>maximisant l'utilisation de l'e-liquide.<\/li>\n<li><strong>Conception \u00e9l\u00e9gante et portable<\/strong>: L\u00e9ger et ergonomique pour un vapotage en d\u00e9placement.<\/li>\n<li><strong>Technologie de bobine de maillage avanc\u00e9e<\/strong>: Assure une saveur et une production de vapeur lisses et constantes.<\/li>\n<li><strong>Faible teneur en nicotine pour un plaisir \u00e9quilibr\u00e9<\/strong>: Pr\u00e9sentant un <strong>2% sel nicotine<\/strong> formule, offrant une sensation de gorge satisfaisante mais apais\u00e9e.<\/li>\n<li><strong>Gamme de saveurs diverses<\/strong>Choisissez parmi 20 saveurs m\u00e9ticuleusement s\u00e9lectionn\u00e9es.<\/li>\n<li><strong>Exp\u00e9dition depuis l'entrep\u00f4t europ\u00e9en<\/strong>Livraison rapide dans toute l'UE, soutenue par notre plateforme de confiance.<\/li>\n<\/ul>\n<hr \/>\n<h4><strong>Collection de saveurs<\/strong><\/h4>\n<p><img loading=\"lazy\" decoding=\"async\" class=\"alignnone size-full wp-image-2834\" src=\"https:\/\/fumotxpress.de\/wp-content\/uploads\/2024\/12\/\u8be6\u60c5\u9875-PC\u7aef_06.jpg\" alt=\"\" width=\"1920\" height=\"1527\" srcset=\"https:\/\/fumotxpress.de\/wp-content\/uploads\/2024\/12\/\u8be6\u60c5\u9875-PC\u7aef_06.jpg 1920w, https:\/\/fumotxpress.de\/wp-content\/uploads\/2024\/12\/\u8be6\u60c5\u9875-PC\u7aef_06-300x239.jpg 300w, https:\/\/fumotxpress.de\/wp-content\/uploads\/2024\/12\/\u8be6\u60c5\u9875-PC\u7aef_06-1024x814.jpg 1024w, https:\/\/fumotxpress.de\/wp-content\/uploads\/2024\/12\/\u8be6\u60c5\u9875-PC\u7aef_06-768x611.jpg 768w, https:\/\/fumotxpress.de\/wp-content\/uploads\/2024\/12\/\u8be6\u60c5\u9875-PC\u7aef_06-1536x1222.jpg 1536w, https:\/\/fumotxpress.de\/wp-content\/uploads\/2024\/12\/\u8be6\u60c5\u9875-PC\u7aef_06-15x12.jpg 15w, https:\/\/fumotxpress.de\/wp-content\/uploads\/2024\/12\/\u8be6\u60c5\u9875-PC\u7aef_06-600x477.jpg 600w\" sizes=\"auto, (max-width: 1920px) 100vw, 1920px\" \/><\/p>\n<p>D\u00e9gustez une vari\u00e9t\u00e9 de <strong>20 saveurs \u00e9labor\u00e9es avec expertise<\/strong>, chacun con\u00e7u pour offrir une exp\u00e9rience unique et satisfaisante.<\/p>\n<ol>\n<li><strong>Glace aux bleuets<\/strong>La douceur des bleuets m\u00fbrs rencontre la fra\u00eecheur rafra\u00eechissante de la menthe.<\/li>\n<li><strong>Cherry Past\u00e8que Gel\u00e9e<\/strong>Une fusion luxueuse de cerise et de past\u00e8que avec une finition glac\u00e9e.<\/li>\n<li><strong>Pomme congel\u00e9e<\/strong>: Saveur de pomme croquante rehauss\u00e9e par une note sous-jacente frosty.<\/li>\n<li><strong>Gomme et Menthe<\/strong>Le classique sucr\u00e9 du chewing-gum \u00e9quilibr\u00e9 avec une menthe fra\u00eeche.<\/li>\n<li><strong>Juteuses P\u00eaches<\/strong>Une explosion de douceur naturelle provenant de p\u00eaches m\u00fbries au soleil.<\/li>\n<li><strong>Kiwi Menthe<\/strong>: Kiwi exotique associ\u00e9 \u00e0 une touche rafra\u00eechissante de menthe.<\/li>\n<li><strong>Lady Killa<\/strong>: Un m\u00e9lange audacieux et \u00e9nigmatique de fruits exotiques.<\/li>\n<li><strong>Love 66 \n\n(Remarque : Rien \u00e0 traduire, un num\u00e9ro et un mot simple) \nAmour 66<\/strong>: Notes de fruits tropicaux avec une sensation de refroidissement subtile.<\/li>\n<li><strong>Glace aux Fruits Rouges M\u00e9lang\u00e9s<\/strong>: Une m\u00e9lodie de baies rehauss\u00e9e d'un souffle glacial.<\/li>\n<li><strong>Ananas Coco<\/strong>Le duo tropical ultime de l'ananas juteux et du coco cr\u00e9meux.<\/li>\n<li><strong>Slush aux baies rouges<\/strong>Une sensation rafra\u00eechissante de slushy infus\u00e9e aux baies.<\/li>\n<li><strong>Fraise Raisin<\/strong>Un \u00e9quilibre d\u00e9licieux de douceur de fraise et de richesse de raisin.<\/li>\n<li><strong>Glace aux fraises<\/strong>Une touche glac\u00e9e \u00e0 la fraise classique.<\/li>\n<li><strong>Fraise Kiwi<\/strong>Une combinaison vibrante de fraises sucr\u00e9es et de kiwi acidul\u00e9.<\/li>\n<li><strong>Bonbon aux fraises et framboises<\/strong>Une explosion de bonbons acidul\u00e9e et sucr\u00e9e.<\/li>\n<li><strong>Taureau de past\u00e8que<\/strong>: Past\u00e8que juteuse avec une pointe de zest de boisson \u00e9nergisante.<\/li>\n<li><strong>Glace de past\u00e8que<\/strong>Saveur de past\u00e8que rafra\u00eechissante compl\u00e9t\u00e9e par une fra\u00eecheur glac\u00e9e.<\/li>\n<li><strong>Past\u00e8que Fraise Bubblegum<\/strong>: Notes nostalgiques de chewing-gum m\u00e9lang\u00e9es \u00e0 la past\u00e8que et \u00e0 la fraise.<\/li>\n<li><strong>Mamba blanc<\/strong>Une m\u00e9lange de fruits sophistiqu\u00e9 et myst\u00e9rieux avec une touche rafra\u00eechissante.<\/li>\n<\/ol>\n<hr \/>\n<h4><strong>Pourquoi choisir FumotXpress.de ?<\/strong><\/h4>\n<ul>\n<li><strong>Fournisseur fiable<\/strong>Exp\u00e9di\u00e9 de nos <strong>Entrep\u00f4t europ\u00e9en<\/strong> pour une livraison rapide et fiable.<\/li>\n<li><strong>Pas de commande minimum<\/strong>Achetez-en seulement un - id\u00e9al pour un usage personnel ou pour la vente au d\u00e9tail.<\/li>\n<li><strong>Large s\u00e9lection de saveurs premium<\/strong>Profitez d'une large gamme de <strong>20 saveurs irr\u00e9sistibles<\/strong> Adapt\u00e9 \u00e0 tous les go\u00fbts.<\/li>\n<li><strong>Livraison rapide dans l'UE<\/strong>: Commandes livr\u00e9es dans <strong>3-7 jours<\/strong> \u00e0 votre emplacement.<\/li>\n<li><strong>Assurance qualit\u00e9 in\u00e9gal\u00e9e<\/strong>: Confiancez en notre d\u00e9vouement \u00e0 des produits de vapotage sup\u00e9rieurs et \u00e0 la satisfaction de nos clients.<\/li>\n<\/ul>\n<hr \/>\n<h3>Pr\u00eat \u00e0 \u00e9lever votre exp\u00e9rience de vapotage ? D\u00e9couvrez les<a href=\"https:\/\/fumotxpress.de\/fr\/\"> JNR Shisha Hookah 12000<\/a> Vape jetable exclusivement sur <a href=\"https:\/\/fumotxpress.de\/fr\/\"><strong>FumotXpress.de<\/strong><\/a>\u2014votre plateforme europ\u00e9enne de confiance pour les vapes jetables de haute qualit\u00e9.<\/h3>","protected":false},"excerpt":{"rendered":"<p>&#8220;<strong>D\u00e9couvrez le vapotage haut de gamme avec le JNR Shisha Hookah 12000 Puffs Vape Jetable<\/strong> \u2013 jusqu'\u00e0 12 000 bouff\u00e9es, saveurs authentiques, nicotine faible et livraison rapide en UE depuis FumotXpress.de !<\/p>","protected":false},"featured_media":2787,"comment_status":"open","ping_status":"closed","template":"","meta":{"om_disable_all_campaigns":false},"product_brand":[],"product_cat":[55,91,92,94,95,97,99,100,102,104,107,108,109,110,111,112,78,79,80,81,82,83,84,85,86,87,88,89,90,70,73,56,61,65,67,68],"product_tag":[],"class_list":{"0":"post-2878","1":"product","2":"type-product","3":"status-publish","4":"has-post-thumbnail","6":"product_cat-jnr-shisha-disposable-vapes","7":"product_cat-buy-best-disposable-vape-flavors","8":"product_cat-apple-flavor-disposable-vapes","9":"product_cat-blueberry-flavor-disposable-vapes","10":"product_cat-cherry-flavor-disposable-vapes","11":"product_cat-grape-flavor-disposable-vapes","12":"product_cat-ice-flavor-disposable-vapes","13":"product_cat-kiwi-flavor-disposable-vapes","14":"product_cat-lush-flavor-disposable-vapes","15":"product_cat-mint-flavor-disposable-vapes","16":"product_cat-peach-flavor-disposable-vapes","17":"product_cat-pineapple-flavor-disposable-vapes","18":"product_cat-raspberry-flavor-disposable-vapes","19":"product_cat-red-bull-flavor-disposable-vapes","20":"product_cat-strawberry-flavor-disposable-vapes","21":"product_cat-watermelon-flavor-disposable-vapes","22":"product_cat-best-disposable-vape-in-europe","23":"product_cat-buy-disposable-vapes-in-austria","24":"product_cat-buy-disposable-vapes-in-belgium","25":"product_cat-buy-disposable-vapes-in-france","26":"product_cat-buy-disposable-vapes-in-germany","27":"product_cat-buy-disposable-vapes-in-italy","28":"product_cat-buy-disposable-vapes-in-netherlands","29":"product_cat-buy-disposable-vapes-in-norway","30":"product_cat-buy-disposable-vapes-in-poland","31":"product_cat-buy-disposable-vapes-in-portugal","32":"product_cat-buy-disposable-vapes-in-spain","33":"product_cat-buy-disposable-vapes-in-sweden","34":"product_cat-buy-disposable-vapes-in-switzerland","35":"product_cat-shop-disposable-vapes-by-puffs","36":"product_cat-12000-puff-disposable-vape","37":"product_cat-disposable-vape-types","38":"product_cat-big-puffs-disposable-vapes","39":"product_cat-lower-nicotine-disposable-vapes","40":"product_cat-rechargeable-disposable-vapes","41":"product_cat-shisha-hookah-disposable-vapes","43":"first","44":"instock","45":"featured","46":"shipping-taxable","47":"purchasable","48":"product-type-variable"},"_links":{"self":[{"href":"https:\/\/fumotxpress.de\/fr\/wp-json\/wp\/v2\/product\/2878","targetHints":{"allow":["GET"]}}],"collection":[{"href":"https:\/\/fumotxpress.de\/fr\/wp-json\/wp\/v2\/product"}],"about":[{"href":"https:\/\/fumotxpress.de\/fr\/wp-json\/wp\/v2\/types\/product"}],"replies":[{"embeddable":true,"href":"https:\/\/fumotxpress.de\/fr\/wp-json\/wp\/v2\/comments?post=2878"}],"wp:featuredmedia":[{"embeddable":true,"href":"https:\/\/fumotxpress.de\/fr\/wp-json\/wp\/v2\/media\/2787"}],"wp:attachment":[{"href":"https:\/\/fumotxpress.de\/fr\/wp-json\/wp\/v2\/media?parent=2878"}],"wp:term":[{"taxonomy":"product_brand","embeddable":true,"href":"https:\/\/fumotxpress.de\/fr\/wp-json\/wp\/v2\/product_brand?post=2878"},{"taxonomy":"product_cat","embeddable":true,"href":"https:\/\/fumotxpress.de\/fr\/wp-json\/wp\/v2\/product_cat?post=2878"},{"taxonomy":"product_tag","embeddable":true,"href":"https:\/\/fumotxpress.de\/fr\/wp-json\/wp\/v2\/product_tag?post=2878"}],"curies":[{"name":"wp","href":"https:\/\/api.w.org\/{rel}","templated":true}]}}