{"id":2046,"date":"2024-12-05T13:17:45","date_gmt":"2024-12-05T13:17:45","guid":{"rendered":"https:\/\/fumotxpress.de\/?post_type=product&#038;p=2046"},"modified":"2025-11-24T07:50:10","modified_gmt":"2025-11-24T07:50:10","slug":"arymi-i-fun-28000-28k-puff-acheter-stylo-vapes-jetable-rechargeable-authentique-original","status":"publish","type":"product","link":"https:\/\/fumotxpress.de\/fr\/produit\/arymi-i-fun-28000-28k-puff-acheter-stylo-vapes-jetable-rechargeable-authentique-original\/","title":{"rendered":"Arymi I Fun 28000 28K Puff Achetez Vape Original Authentique Rechargeable Jetable Double Saveur Vapes Stylo"},"content":{"rendered":"<h2>Arymi I Fun 28000 Puffs Jetable double saveur Vapes Pen \u2013 Exp\u00e9rience de Vape Ultime<\/h2>\n<p>Pr\u00e9sentation du <a href=\"https:\/\/fumotxpress.de\/fr\/?post_type=product&amp;p=2046&amp;preview=true\">Arymi I Fun 28000 bouff\u00e9es Vape Pen jetable \u00e0 double saveur<\/a>, un dispositif r\u00e9volutionnaire con\u00e7u pour les vapoteurs exp\u00e9riment\u00e9s et les nouveaux venus cherchant une exp\u00e9rience de vapotage \u00e9lev\u00e9e. Fabriqu\u00e9 par Kangertech Arymi, un leader dans l'industrie du vapotage, ce vapoteur jetable est con\u00e7u pour offrir un vaste et satisfaisant voyage de saveur avec 28 000 bouff\u00e9es impressionnantes par dispositif. Ses caract\u00e9ristiques uniques garantissent que chaque session de vapotage reste coh\u00e9rente, agr\u00e9able et sans tracas, offrant tout ce dont vous avez besoin dans un format compact et portable.<\/p>\n<p>Que vous soyez un distributeur de d\u00e9tail, un passionn\u00e9 de vape ou simplement \u00e0 la recherche d'un produit pratique et de haute qualit\u00e9, l'Arymi I Fun est un excellent choix. Disponible \u00e0 l'achat sur <a href=\"https:\/\/fumotxpress.de\/fr\/\"><strong>FumotXpress.de<\/strong><\/a>, la plus grande plateforme de vente en ligne pour les vapes jetables en Allemagne, nous proposons ces appareils sans quantit\u00e9 minimale de commande, une exp\u00e9dition rapide \u00e0 travers l'Europe et des conditions de paiement flexibles.<\/p>\n<h3>Fonctionnalit\u00e9s de Arymi I Fun 28000 Puffs double saveur Vapes jetables<\/h3>\n<p>L'Arymi I Fun 28000 Puffs Disposable Vape combine la technologie, le design et les performances pour offrir une exp\u00e9rience de vapotage de premier plan. Voici pourquoi il se d\u00e9marque :<\/p>\n<ul>\n<li><strong>Nombre de bouff\u00e9es massif (28 000 bouff\u00e9es)<\/strong>: Dites adieu aux remplacements constants et bonjour \u00e0 une exp\u00e9rience de vapotage prolong\u00e9e. Avec 28 000 bouff\u00e9es, l'Arymi I Fun offre un plaisir durable, id\u00e9al pour ceux qui pr\u00e9f\u00e8rent vapoter fr\u00e9quemment sans se soucier de manquer de produit.<\/li>\n<li><strong>Conception \u00e0 Double Chambre avec Deux Saveurs<\/strong>Profitez du luxe de deux options de saveurs dans un seul appareil. La conception innovante \u00e0 double chambre vous permet de passer sans effort entre deux saveurs distinctes, offrant une vari\u00e9t\u00e9 \u00e0 chaque session de vape.<\/li>\n<li><strong>Batterie rechargeable 600mAh<\/strong>: \u00c9quip\u00e9 d'une batterie puissante de 600mAh, l'Arymi I Fun assure des performances constantes tout au long de sa dur\u00e9e de vie. La technologie de charge rapide USB-C minimise les temps d'arr\u00eat, vous permettant de recharger rapidement et de reprendre votre routine de vapotage.<\/li>\n<li><strong>1,0\u03a9 Double Bobine Maille<\/strong>: Le syst\u00e8me de bobine \u00e0 double maille avanc\u00e9 garantit une vapeur lisse et riche ainsi qu'un profil de saveur plus complet, optimisant votre exp\u00e9rience de vapotage \u00e0 chaque bouff\u00e9e.<\/li>\n<li><strong>Conception \u00c9l\u00e9gante et Portable<\/strong>Avec sa forme \u00e9l\u00e9gante et compacte, l'Arymi I Fun est \u00e0 la fois facile \u00e0 transporter et confortable \u00e0 tenir en main. Que vous soyez en d\u00e9placement ou que vous vous d\u00e9tendiez chez vous, cet appareil est le compagnon id\u00e9al pour une vaporisation toute la journ\u00e9e.<\/li>\n<li><strong>Pas de fuites, juste de la saveur<\/strong>Le dispositif utilise une technologie de s\u00e9paration liquide-bobine, qui emp\u00eache les fuites tout en maintenant l'int\u00e9grit\u00e9 de votre e-liquide. Le dispositif garantit que chaque bouff\u00e9e est aussi savoureuse que la derni\u00e8re, offrant des performances constantes tout au long de son utilisation.<\/li>\n<li><strong>12 Options de Saveurs Riches<\/strong>Chaque appareil propose 12 saveurs \u00e9labor\u00e9es avec expertise, allant des m\u00e9langes de fruits aux sensations infus\u00e9es \u00e0 la menthe, vous permettant de vous adonner \u00e0 une gamme diversifi\u00e9e de saveurs qui satisferont toutes les pr\u00e9f\u00e9rences.<\/li>\n<\/ul>\n<h3>Sp\u00e9cifications d\u00e9taill\u00e9es<\/h3>\n<ul>\n<li><strong>Marque<\/strong>Kangertech Arymi Vapes<\/li>\n<li><strong>Mod\u00e8le<\/strong>Arymi I Fun 28000 Puffs<\/li>\n<li><strong>Total Puffs<\/strong>: 28,000<\/li>\n<li><strong>Capacit\u00e9 de la batterie<\/strong>: 600mAh<\/li>\n<li><strong>Taux de nicotine<\/strong>: 2%<\/li>\n<li><strong>Capacit\u00e9 du pod<\/strong>14mL + 14mL = 28mL<\/li>\n<li><strong>\u00c9l\u00e9ment chauffant<\/strong>: Bobine double maille 1,0 \u03a9<\/li>\n<li><strong>Port de charge<\/strong>: USB-C<\/li>\n<li><strong>Options de saveur<\/strong>: 12 saveurs<\/li>\n<li><strong>Emballage<\/strong>: 10 appareils par bo\u00eete<\/li>\n<\/ul>\n<p>&nbsp;<\/p>\n<p><img loading=\"lazy\" decoding=\"async\" class=\"alignnone size-full wp-image-2061\" src=\"https:\/\/fumotxpress.de\/wp-content\/uploads\/2024\/12\/all2.webp\" alt=\"Arymi I Fun 28000 28K Puff  becomes Arymi I Fun 28000 28K Puff \" width=\"1077\" height=\"1020\" srcset=\"https:\/\/fumotxpress.de\/wp-content\/uploads\/2024\/12\/all2.webp 1077w, https:\/\/fumotxpress.de\/wp-content\/uploads\/2024\/12\/all2-300x284.webp 300w, https:\/\/fumotxpress.de\/wp-content\/uploads\/2024\/12\/all2-1024x970.webp 1024w, https:\/\/fumotxpress.de\/wp-content\/uploads\/2024\/12\/all2-768x727.webp 768w, https:\/\/fumotxpress.de\/wp-content\/uploads\/2024\/12\/all2-13x12.webp 13w, https:\/\/fumotxpress.de\/wp-content\/uploads\/2024\/12\/all2-600x568.webp 600w\" sizes=\"auto, (max-width: 1077px) 100vw, 1077px\" \/><\/p>\n<h3>Liste des saveurs pour Arymi I Fun 28000 Puffs<\/h3>\n<p>Plongez dans une gamme passionnante de saveurs avec l'Arymi I Fun 28000 Puffs, proposant 12 options qui r\u00e9pondent \u00e0 diverses pr\u00e9f\u00e9rences gustatives. Chaque saveur est con\u00e7ue \u00e0 la perfection, offrant une exp\u00e9rience de vapotage unique.<\/p>\n<ol>\n<li><strong>Lush Glace &amp; Passion Fruit Kiwi Goyave<\/strong><br \/>\nUn m\u00e9lange rafra\u00eechissant de menthol apaisant associ\u00e9 \u00e0 la douceur piquante de la passion, du kiwi et de la goyave. C'est la combinaison parfaite de fruits tropicaux et d'une sensation fra\u00eeche et revigorante.<\/li>\n<li><strong>P\u00eache Glac\u00e9e &amp; Past\u00e8que aux Fraises<\/strong><br \/>\nUne saveur de p\u00eache juteuse compl\u00e9t\u00e9e par un m\u00e9lange glacial de fraise et de past\u00e8que, procurant une touche sucr\u00e9e et glac\u00e9e aussi rafra\u00eechissante que d\u00e9licieuse.<\/li>\n<li><strong>Bubble Fizz Cherry &amp; Blue Razz Lemonade \n devient \n\n Bulles Fizz Cerise &amp; Citronnade Bleu Razz<\/strong><br \/>\nD\u00e9couvrez la nostalgie du soda \u00e0 la cerise et la douceur piquante de la limonade aux framboises bleues. Cette saveur p\u00e9tillante \u00e9voque des souvenirs d'\u00e9t\u00e9, offrant une vapeur p\u00e9tillante et rafra\u00eechissante.<\/li>\n<li><strong>M\u00e9lange de baies &amp; Rhum Pi\u00f1a Colada<\/strong><br \/>\nUne d\u00e9licieuse fusion de baies m\u00fbres, y compris des fraises et des bleuets, m\u00e9lang\u00e9es \u00e0 la bont\u00e9 tropicale de pi\u00f1a colada. Les notes sous-jacentes de rhum ajoutent une touche unique, ce qui la rend parfaite pour ceux qui appr\u00e9cient les saveurs exotiques.<\/li>\n<li><strong>Gomme Citron Citron Vert &amp; Bleu Razz<\/strong><br \/>\nUn m\u00e9lange piquant de citron et de lime acidul\u00e9s rencontre la saveur sucr\u00e9e et moelleuse de bonbons \u00e0 la framboise bleue gommeux. Cette combinaison offre un \u00e9quilibre de saveurs acides et sucr\u00e9es, id\u00e9al pour ceux qui aiment les vapeurs fruit\u00e9s et ressemblant \u00e0 des bonbons.<\/li>\n<li><strong>Framboise Raisin &amp; Fraise Dragon Fruit<\/strong><br \/>\nUn m\u00e9lange vibrant de framboises et de raisins combin\u00e9 \u00e0 la douceur exotique du fruit du dragon. Cette combinaison parfum\u00e9e offre une vape riche et piquante qui titille vos papilles gustatives.<\/li>\n<li><strong>Mojito aux bleuets et framboises<\/strong><br \/>\nDes bleuets juteux et des framboises, combin\u00e9s au zeste frais et menthol\u00e9 du mojito, cr\u00e9ent un profil de saveur exaltant. Une vapeur rafra\u00eechissante et fruit\u00e9es, parfaite pour une exp\u00e9rience revitalisante.<\/li>\n<li><strong>Double Pomme &amp; Myrtille Cerise Canneberge<\/strong><br \/>\nUn m\u00e9lange dynamique de pommes doubles croquantes avec l'acidit\u00e9 de la myrtille, de la cerise et de la canneberge. Ce m\u00e9lange ax\u00e9 sur les fruits offre un \u00e9quilibre parfait de sucr\u00e9 et d'acide.<\/li>\n<li><strong>Pomme Rouge Glace &amp; Vimto Crush<\/strong><br \/>\nD\u00e9couvrez la sensation rafra\u00eechissante d'une pomme rouge croquante associ\u00e9e au go\u00fbt nostalgique de Vimto, surmont\u00e9e d'une finition menthol\u00e9e fra\u00eeche pour une touche glac\u00e9e.<\/li>\n<li><strong>Coca \u00e0 la cerise et glace \u00e0 la fraise<\/strong><br \/>\nSavourez un m\u00e9lange nostalgique de cola cerise p\u00e9tillant combin\u00e9 \u00e0 une glace aux fraises lisse et cr\u00e9meuse. Cette saveur offre une exp\u00e9rience r\u00e9confortante et dessert-like \u00e0 chaque bouff\u00e9e.<\/li>\n<li><strong>Rainbow Candy &amp; Energy Drink \n devient \nCandy Arc-en-ciel &amp; Boisson \u00e9nergisante<\/strong><br \/>\nUne explosion fruit\u00e9es de bonbons color\u00e9s arc-en-ciel rencontre le go\u00fbt \u00e9nergique d'une boisson \u00e9nergisante. Cette saveur est parfaite pour ceux qui recherchent une vape amusante et vibrante avec un kick.<\/li>\n<li><strong>Shake \u00e0 la menthe glac\u00e9e et au lait de banane<\/strong><br \/>\nUne saveur de menthe glac\u00e9e rafra\u00eechissante et fra\u00eeche m\u00e9lang\u00e9e \u00e0 la douceur cr\u00e9meuse d'un milkshake \u00e0 la banane. Cette vapeur lisse et apaisante procure un plaisir d\u00e9licieux apr\u00e8s une longue journ\u00e9e.<\/li>\n<\/ol>\n<h3>Pourquoi choisir FumotXpress.de ?<\/h3>\n<p>En tant que plus grande plate-forme de gros en ligne pour les vapes jetables en Europe, <a href=\"https:\/\/fumotxpress.de\/fr\/\"><strong>FumotXpress.de<\/strong><\/a> offre plus que des prix comp\u00e9titifs :<\/p>\n<ul>\n<li><strong>Assurance qualit\u00e9<\/strong>Nos produits, y compris l'Arymi I Fun 28000 Puffs, sont directement issus de fabricants r\u00e9put\u00e9s, garantissant une qualit\u00e9 et une fiabilit\u00e9 de premier plan.<\/li>\n<li><strong>Livraison rapide et fiable<\/strong>Nous offrons une livraison rapide dans toute l'UE, avec des d\u00e9lais de livraison g\u00e9n\u00e9ralement compris entre 3 et 7 jours, vous n'avez donc jamais \u00e0 vous soucier d'attendre trop longtemps vos produits.<\/li>\n<li><strong>Options de paiement flexibles<\/strong>Nous proposons une gamme de m\u00e9thodes de paiement pour rendre votre exp\u00e9rience d'achat aussi fluide que possible, y compris les cartes de cr\u00e9dit, PayPal et les m\u00e9thodes de paiement locales europ\u00e9ennes telles que iDEAL et Bancontact.<\/li>\n<li><strong>Pas de quantit\u00e9 minimale de commande requise<\/strong>: Que vous achetiez pour un usage personnel ou en gros pour la vente au d\u00e9tail, il n'y a pas d'exigence de commande minimale, ce qui vous donne la flexibilit\u00e9 d'acheter autant ou aussi peu que vous le souhaitez.<\/li>\n<li><strong>Service Client Exceptionnel<\/strong>Nous sommes fiers de proposer un soutien client exceptionnel, en veillant \u00e0 ce que vos besoins soient satisfaits \u00e0 chaque \u00e9tape du processus.<\/li>\n<\/ul>\n<h3>Commandez Votre Arymi I Fun 28000 Puffs Aujourd'hui<\/h3>\n<p>Pr\u00eat \u00e0 \u00e9lever votre exp\u00e9rience de vapotage ? Achetez votre <a href=\"https:\/\/fumotxpress.de\/fr\/\"><strong>Arymi I Fun 28000 Puffs<\/strong><\/a> stylo vape jetable aujourd'hui sur <a href=\"https:\/\/fumotxpress.de\/fr\/\"><strong>FumotXpress.de<\/strong><\/a>Notre exp\u00e9dition rapide, sans quantit\u00e9 minimale de commande, et notre large s\u00e9lection de saveurs nous positionnent comme le meilleur choix pour les groupes de d\u00e9taillants et les particuliers \u00e0 travers l'Europe. Commandez le v\u00f4tre maintenant et profitez d'une exp\u00e9rience de vapotage satisfaisante et durable comme aucune autre !<\/p>","protected":false},"excerpt":{"rendered":"<p>Achetez l'original <strong>Arymi I Fun 28000 Puffs<\/strong> Vapes Pen rechargeables et jetables chez FumotXpress.de. Profitez de jusqu'\u00e0 28 000 bouff\u00e9es, d'options de double saveur et d'une livraison rapide dans toute l'UE.<\/p>","protected":false},"featured_media":2076,"comment_status":"open","ping_status":"closed","template":"","meta":{"om_disable_all_campaigns":false},"product_brand":[],"product_cat":[39,91,92,93,94,95,96,97,98,99,100,101,102,104,105,106,107,109,111,112,78,79,80,81,82,83,84,85,86,87,88,89,90,70,114,56,61,63,59,64,65,67],"product_tag":[],"class_list":{"0":"post-2046","1":"product","2":"type-product","3":"status-publish","4":"has-post-thumbnail","6":"product_cat-arymi-i-fun-28000-28k-puff","7":"product_cat-buy-best-disposable-vape-flavors","8":"product_cat-apple-flavor-disposable-vapes","9":"product_cat-blue-razz-flavor-disposable-vapes","10":"product_cat-blueberry-flavor-disposable-vapes","11":"product_cat-cherry-flavor-disposable-vapes","12":"product_cat-cola-flavor-disposable-vapes","13":"product_cat-grape-flavor-disposable-vapes","14":"product_cat-guava-flavor-disposable-vapes","15":"product_cat-ice-flavor-disposable-vapes","16":"product_cat-kiwi-flavor-disposable-vapes","17":"product_cat-lemon-flavor-disposable-vapes","18":"product_cat-lush-flavor-disposable-vapes","19":"product_cat-mint-flavor-disposable-vapes","20":"product_cat-mixed-berries-flavor-disposable-vapes","21":"product_cat-passion-fruit-flavor-disposable-vapes","22":"product_cat-peach-flavor-disposable-vapes","23":"product_cat-raspberry-flavor-disposable-vapes","24":"product_cat-strawberry-flavor-disposable-vapes","25":"product_cat-watermelon-flavor-disposable-vapes","26":"product_cat-best-disposable-vape-in-europe","27":"product_cat-buy-disposable-vapes-in-austria","28":"product_cat-buy-disposable-vapes-in-belgium","29":"product_cat-buy-disposable-vapes-in-france","30":"product_cat-buy-disposable-vapes-in-germany","31":"product_cat-buy-disposable-vapes-in-italy","32":"product_cat-buy-disposable-vapes-in-netherlands","33":"product_cat-buy-disposable-vapes-in-norway","34":"product_cat-buy-disposable-vapes-in-poland","35":"product_cat-buy-disposable-vapes-in-portugal","36":"product_cat-buy-disposable-vapes-in-spain","37":"product_cat-buy-disposable-vapes-in-sweden","38":"product_cat-buy-disposable-vapes-in-switzerland","39":"product_cat-shop-disposable-vapes-by-puffs","40":"product_cat-25000-puff-disposable-vape","41":"product_cat-disposable-vape-types","42":"product_cat-big-puffs-disposable-vapes","43":"product_cat-digital-box-disposable-vapes","44":"product_cat-dual-flavor-disposable-vapes","45":"product_cat-dual-mesh-disposable-vapes","46":"product_cat-lower-nicotine-disposable-vapes","47":"product_cat-rechargeable-disposable-vapes","49":"first","50":"instock","51":"shipping-taxable","52":"purchasable","53":"product-type-variable"},"_links":{"self":[{"href":"https:\/\/fumotxpress.de\/fr\/wp-json\/wp\/v2\/product\/2046","targetHints":{"allow":["GET"]}}],"collection":[{"href":"https:\/\/fumotxpress.de\/fr\/wp-json\/wp\/v2\/product"}],"about":[{"href":"https:\/\/fumotxpress.de\/fr\/wp-json\/wp\/v2\/types\/product"}],"replies":[{"embeddable":true,"href":"https:\/\/fumotxpress.de\/fr\/wp-json\/wp\/v2\/comments?post=2046"}],"wp:featuredmedia":[{"embeddable":true,"href":"https:\/\/fumotxpress.de\/fr\/wp-json\/wp\/v2\/media\/2076"}],"wp:attachment":[{"href":"https:\/\/fumotxpress.de\/fr\/wp-json\/wp\/v2\/media?parent=2046"}],"wp:term":[{"taxonomy":"product_brand","embeddable":true,"href":"https:\/\/fumotxpress.de\/fr\/wp-json\/wp\/v2\/product_brand?post=2046"},{"taxonomy":"product_cat","embeddable":true,"href":"https:\/\/fumotxpress.de\/fr\/wp-json\/wp\/v2\/product_cat?post=2046"},{"taxonomy":"product_tag","embeddable":true,"href":"https:\/\/fumotxpress.de\/fr\/wp-json\/wp\/v2\/product_tag?post=2046"}],"curies":[{"name":"wp","href":"https:\/\/api.w.org\/{rel}","templated":true}]}}