{"id":1980,"date":"2024-12-05T12:44:00","date_gmt":"2024-12-05T12:44:00","guid":{"rendered":"https:\/\/fumotxpress.de\/?post_type=product&#038;p=1980"},"modified":"2025-05-20T04:44:33","modified_gmt":"2025-05-20T04:44:33","slug":"entrepot-europeen-fumot-randm-boite-numerique-12000-bouffees-a-faible-teneur-en-nicotine-acheter-original-authentique-rechargeable-vapes-jetables-stylo-2","status":"publish","type":"product","link":"https:\/\/fumotxpress.de\/fr\/produit\/entrepot-europeen-fumot-randm-boite-numerique-12000-bouffees-a-faible-teneur-en-nicotine-acheter-original-authentique-rechargeable-vapes-jetables-stylo-2\/","title":{"rendered":"Vape Pen Rechargeable Jetable Authentique 12000 Bouff\u00e9es Faible Nicotine Entrep\u00f4t Europ\u00e9en Acheter Original"},"content":{"rendered":"<h1 class=\"product-title product_title entry-title\">Vape Pen Rechargeable Jetable Authentique 12000 Bouff\u00e9es Faible Nicotine Entrep\u00f4t Europ\u00e9en Acheter Original<\/h1>\n<p><strong>D\u00e9couvrez l'exp\u00e9rience de vapotage ultime avec la Fumot RandM Digital Box 12000 Puffs<\/strong><\/p>\n<p>Le <a href=\"https:\/\/fumotxpress.de\/fr\/produit\/entrepot-europeen-fumot-randm-boite-numerique-12000-bouffees-a-faible-teneur-en-nicotine-acheter-original-authentique-rechargeable-vapes-jetables-stylo-2\/\"><strong>Bo\u00eete num\u00e9rique Fumot RandM 12000 bouff\u00e9es<\/strong> <\/a>est un stylo vape jetable r\u00e9volutionnaire qui combine performances, style et commodit\u00e9, en faisant le choix id\u00e9al pour les vapoteurs exp\u00e9riment\u00e9s comme pour les nouveaux venus. Con\u00e7u pour offrir une exp\u00e9rience de vapotage exceptionnelle d\u00e8s la premi\u00e8re bouff\u00e9e jusqu'\u00e0 la derni\u00e8re, cet appareil innovant offre jusqu'\u00e0 12 000 bouff\u00e9es, garantissant que vous puissiez profiter d'une satisfaction durable sans les tracas des recharges constantes ou des remplacements.<\/p>\n<p>Exclusivement disponible sur <strong>FumotXpress.de<\/strong>, le premier d\u00e9taillant en ligne de vapes jetables en Allemagne, le <strong>Fumot RandM Bo\u00eete num\u00e9rique<\/strong> est exp\u00e9di\u00e9 directement depuis notre entrep\u00f4t europ\u00e9en, garantissant une livraison rapide dans toute l'UE. Que vous achetiez un stylo vape ou que vous achetiez en gros, FumotXpress.de offre un service rapide et fiable sans exigence de commande minimale.<\/p>\n<h3>Pr\u00e9sentation du produit de la Fumot RandM Digital Box 12000 Puffs<\/h3>\n<p>Le <a href=\"https:\/\/fumotxpress.de\/fr\/\"><strong>Bo\u00eete num\u00e9rique Fumot RandM 12000 bouff\u00e9es<\/strong><\/a> est un stylo vape jetable rechargeable avanc\u00e9 qui int\u00e8gre \u00e0 la fois des performances \u00e9lev\u00e9es et un design \u00e9l\u00e9gant et convivial. Avec un <strong>20ml de e-liquide pr\u00e9-rempli<\/strong> capacit\u00e9 et <strong>jusqu'\u00e0 12 000 bouff\u00e9es<\/strong>Cet appareil est con\u00e7u pour une utilisation prolong\u00e9e, offrant une commodit\u00e9 et une qualit\u00e9 in\u00e9gal\u00e9es.<\/p>\n<p>Le<a href=\"https:\/\/fumotxpress.de\/fr\/\"> <strong>Fumot RandM Bo\u00eete num\u00e9rique<\/strong><\/a> inclut une <strong>Port de charge Type-C<\/strong>permettant une recharge rapide et efficace du <strong>Batterie 550mAh<\/strong>, en veillant \u00e0 ce que votre appareil soit toujours pr\u00eat \u00e0 l'emploi. De plus, il dispose d'une interface intuitive <strong>\u00c9cran LED<\/strong> qui affiche \u00e0 la fois les niveaux de batterie et la capacit\u00e9 d'e-liquide, vous tenant inform\u00e9 de votre exp\u00e9rience de vapotage.<\/p>\n<p>Au-del\u00e0 de la performance, ce stylo vape offre des fonctionnalit\u00e9s personnalisables, notamment <strong>\u00c9clairage RGB<\/strong> avec six options de couleurs, ce qui ajoute une touche de personnalisation et de style \u00e0 chaque session. Que vous cherchiez un look classique ou un affichage plus vif, le <strong>Fumot RandM Bo\u00eete num\u00e9rique<\/strong> r\u00e9pond \u00e0 vos pr\u00e9f\u00e9rences.<\/p>\n<h3>Fonctionnalit\u00e9s cl\u00e9s de la Fumot RandM Digital Box 12000 Puffs<\/h3>\n<ol>\n<li><strong>Capacit\u00e9 de soufflage impressionnante :<\/strong> Avec <strong>jusqu'\u00e0 12 000 bouff\u00e9es<\/strong>, le <strong>Fumot RandM Bo\u00eete num\u00e9rique<\/strong> offre une exp\u00e9rience de vapotage longue dur\u00e9e, parfaite pour ceux qui veulent une solution prolong\u00e9e et sans tracas.<\/li>\n<li><strong>Volume g\u00e9n\u00e9reux de e-liquide :<\/strong> Pr\u00e9r\u00e9mpli avec <strong>20ml d'e-liquide<\/strong>Cet appareil \u00e9limine le besoin de rechargements constants, vous permettant de profiter d'une vape r\u00e9guli\u00e8re et satisfaisante pendant une p\u00e9riode prolong\u00e9e.<\/li>\n<li><strong>Batterie Rechargeable avec Port Type-C :<\/strong> \u00c9quip\u00e9 d'un <strong>Batterie rechargeable 550mAh<\/strong>, le <strong>Fumot RandM Bo\u00eete num\u00e9rique<\/strong> offre une recharge rapide et efficace avec le chargeur inclus <strong>Port de charge Type-C<\/strong>en vous assurant que votre appareil est toujours pr\u00eat lorsque vous l'\u00eates.<\/li>\n<li><strong>Indicateur de batterie et de liquide LED :<\/strong> Le <strong>\u00c9cran LED<\/strong> affiche clairement les deux <strong>dur\u00e9e de vie de la batterie<\/strong> et les autres restants <strong>e-liquide<\/strong> niveau, vous permettant de surveiller facilement les performances de l'appareil et d'\u00e9viter les surprises.<\/li>\n<li><strong>Effets de lumi\u00e8re RGB personnalisables :<\/strong> Choisissez parmi <strong>six couleurs vives<\/strong> Pour illuminer votre stylo vape et profiter d'une exp\u00e9rience personnalis\u00e9e \u00e0 chaque bouff\u00e9e. L'\u00e9clairage RGB am\u00e9liore \u00e0 la fois l'esth\u00e9tique et le plaisir de vapoter.<\/li>\n<li><strong>Options de force de nicotine :<\/strong> Le <strong>Fumot RandM Bo\u00eete num\u00e9rique<\/strong> offres <strong>deux options de force de nicotine<\/strong>permettant de choisir entre <strong>5%<\/strong> (50mg\/ml) ou <strong>2%<\/strong> (20mg\/ml) concentration en nicotine pour correspondre \u00e0 vos pr\u00e9f\u00e9rences.<\/li>\n<li><strong>Contr\u00f4le de d\u00e9bit d'air r\u00e9glable :<\/strong> Personnalisez votre exp\u00e9rience de vapotage avec un contr\u00f4le de d\u00e9bit d'air ajustable en douceur, vous permettant de personnaliser l'aspiration en fonction de vos go\u00fbts.<\/li>\n<li><strong>48 Saveurs Distinctes:<\/strong> Avec une s\u00e9lection de <strong>48 saveurs uniques<\/strong>, le <strong>Fumot RandM Bo\u00eete num\u00e9rique<\/strong> assure qu'il y a quelque chose pour tout le monde, que vous pr\u00e9f\u00e9riez des profils fruit\u00e9s, menthol\u00e9s ou inspir\u00e9s des desserts.<\/li>\n<\/ol>\n<h3>Pourquoi choisir la bo\u00eete num\u00e9rique Fumot RandM 12000 bouff\u00e9es ?<\/h3>\n<p>Le <strong>Bo\u00eete num\u00e9rique Fumot RandM 12000 bouff\u00e9es<\/strong> est plus qu'un simple stylo vape jetable ; c'est un accessoire de style de vie qui combine style, performances et polyvalence. Avec ses caract\u00e9ristiques impressionnantes, son nombre de bouff\u00e9es \u00e9tendu et son \u00e9clairage personnalisable, cet appareil de vape se d\u00e9marque sur un march\u00e9 encombr\u00e9. Que vous soyez chez vous ou en d\u00e9placement, le <strong>Fumot RandM Bo\u00eete num\u00e9rique<\/strong> est un choix fiable et agr\u00e9able pour vos besoins de vapotage.<\/p>\n<ol>\n<li><strong>Performance durable<\/strong>: Avec jusqu'\u00e0 <strong>12 000 bouff\u00e9es<\/strong>vous pouvez compter sur le <strong>Fumot RandM Bo\u00eete num\u00e9rique<\/strong> permettre une utilisation prolong\u00e9e sans n\u00e9cessiter de remplacements constants, en faisant un choix hautement \u00e9conomique.<\/li>\n<li><strong>Exp\u00e9rience personnalis\u00e9e<\/strong>: Le <strong>Effets de lumi\u00e8re RGB<\/strong> et <strong>d\u00e9bit d'air r\u00e9glable<\/strong> permettent de personnaliser votre exp\u00e9rience de vapotage, tandis que les <strong>Affichage \u00e0 LED<\/strong> vous permet de toujours conna\u00eetre l'\u00e9tat de votre appareil.<\/li>\n<li><strong>Confort et Style<\/strong>: Le design \u00e9l\u00e9gant et compact rend l'appareil facile \u00e0 transporter et \u00e0 utiliser, tandis que la batterie rechargeable et <strong>Port de charge Type-C<\/strong> assurer une recharge rapide et sans tracas.<\/li>\n<li><strong>Saveurs Premium<\/strong>Avec <strong>48 saveurs distinctes<\/strong> \u00e0 choisir parmi, les <strong>Fumot RandM Bo\u00eete num\u00e9rique<\/strong> convient \u00e0 tous les go\u00fbts, offrant des puffs constamment savoureux \u00e0 chaque fois.<\/li>\n<\/ol>\n<h3>Fumot RandM Bo\u00eete Num\u00e9rique 12000 Puffs Guide des Saveurs<\/h3>\n<p>L'un des points forts de la <strong>Bo\u00eete num\u00e9rique Fumot RandM 12000 bouff\u00e9es<\/strong> c'est sa gamme exceptionnelle de saveurs. Con\u00e7ue \u00e0 partir d'ingr\u00e9dients de haute qualit\u00e9, chaque profil de saveur est con\u00e7u pour offrir une exp\u00e9rience de vapotage unique et satisfaisante. Que vous ayez envie de quelque chose de sucr\u00e9, de fruit\u00e9 ou de rafra\u00eechissant, vous trouverez une saveur qui correspond \u00e0 vos pr\u00e9f\u00e9rences. Voici un aper\u00e7u de quelques-unes des options les plus populaires :<\/p>\n<ol>\n<li><strong>Glace \u00e0 la mangue<\/strong>: Un classique tropical, <strong>Glace \u00e0 la mangue<\/strong> allie la saveur juteuse et sucr\u00e9e de mangues m\u00fbres \u00e0 une finition fra\u00eeche de menthol. Ce m\u00e9lange rafra\u00eechissant est parfait pour ceux qui appr\u00e9cient une exp\u00e9rience de vapotage sucr\u00e9e mais revigorante.<\/li>\n<li><strong>Past\u00e8que<\/strong>: Capturer l'essence de l'\u00e9t\u00e9, <strong>Past\u00e8que<\/strong> offre le go\u00fbt rafra\u00eechissant de la past\u00e8que m\u00fbre et juteuse \u00e0 chaque bouff\u00e9e. C'est l\u00e9ger, sucr\u00e9 et parfait pour une exp\u00e9rience de vape hydratante.<\/li>\n<li><strong>Cola<\/strong>Si vous avez envie d'une vapeur p\u00e9tillante et intense, <strong>Cola<\/strong> est la saveur qu'il vous faut. Ce profil nostalgique reproduit le go\u00fbt de votre soda pr\u00e9f\u00e9r\u00e9, offrant une vapeur sucr\u00e9e et l\u00e9g\u00e8rement acidul\u00e9e avec une sensation de carbonatation.<\/li>\n<li><strong>Mythe Bleuette Menthe<\/strong>La combinaison de <strong>myrtilles m\u00fbres<\/strong> et <strong>menthe<\/strong> cr\u00e9e un \u00e9quilibre parfait entre sucr\u00e9 et rafra\u00eechissant. <strong>Mythe Bleuette Menthe<\/strong> est une option parfum\u00e9e et revigorante pour quel que soit le moment de la journ\u00e9e.<\/li>\n<li><strong>Boisson \u00e9nergisante<\/strong>Pour ceux qui aiment une explosion d'\u00e9nergie, le <strong>Boisson \u00e9nergisante<\/strong> capturant la saveur et la vivacit\u00e9 d'une boisson \u00e9nergisante, offrant une exp\u00e9rience piquante et savoureuse qui est s\u00fbre de r\u00e9veiller vos sens.<\/li>\n<li><strong>Tarte au fromage aux fraises<\/strong>: Savourez la saveur cr\u00e9meuse et sucr\u00e9e comme un dessert <strong>Tarte au fromage aux fraises<\/strong>qui combine des fraises sucr\u00e9es et m\u00fbres avec une base de cheesecake riche et lisse pour un r\u00e9gal d\u00e9cadent.<\/li>\n<li><strong>Ananas Coco<\/strong>Transportez-vous dans un paradis tropical avec la combinaison de <strong>ananas doux<\/strong> et lisse <strong>noix de coco<\/strong>cr\u00e9ant un vape inspir\u00e9 de la plage, \u00e0 la fois sucr\u00e9 et rafra\u00eechissant.<\/li>\n<li><strong>Glace au raisin<\/strong>: <strong>Glace au raisin<\/strong> offre le go\u00fbt profond et fruit\u00e9 des raisins, compl\u00e9t\u00e9 par une finale menthol\u00e9e rafra\u00eechissante. Cette combinaison est parfaite pour ceux qui aiment une saveur fruit\u00e9e sucr\u00e9e rafra\u00eechissante avec une touche glac\u00e9e.<\/li>\n<li><strong>Cr\u00e8me P\u00e2tissi\u00e8re \u00e0 la Vanille<\/strong>Pour les amateurs de desserts, <strong>Cr\u00e8me P\u00e2tissi\u00e8re \u00e0 la Vanille<\/strong> offre une saveur de vanille riche et cr\u00e9meuse avec une finition lisse et ressemblant \u00e0 une cr\u00e8me p\u00e2tissi\u00e8re. C'est un choix sucr\u00e9 et indulgent pour ceux qui appr\u00e9cient une vapeur confortable et inspir\u00e9e des desserts.<\/li>\n<li><strong>Glace Pomme<\/strong>Cette saveur capture le go\u00fbt croquant et frais d'une pomme fra\u00eechement cueillie, rehauss\u00e9 par une finale menthol\u00e9e rafra\u00eechissante. <strong>Glace Pomme<\/strong> est le m\u00e9lange parfait de sucr\u00e9 et de rafra\u00eechissant avec une touche froide.<\/li>\n<\/ol>\n<p>Avec un total de <strong>48 saveurs<\/strong> explorer, il n'y a pas de p\u00e9nurie de vari\u00e9t\u00e9 \u00e0 appr\u00e9cier avec le <strong>Bo\u00eete num\u00e9rique Fumot RandM 12000 bouff\u00e9es<\/strong>Que vous cherchiez quelque chose de fruit\u00e9, de menthol\u00e9 ou d'inspir\u00e9 par les desserts, vous trouverez la saveur parfaite pour correspondre \u00e0 votre humeur.<\/p>\n<h3>Commandez la Fumot RandM Digital Box 12000 Puffs sur FumotXpress.de<\/h3>\n<p>\u00c0 <strong>FumotXpress.de<\/strong>Nous sommes fiers d'\u00eatre la plus grande plateforme de vente en ligne de vapes jetables en Allemagne. Nous proposons une large s\u00e9lection de vapes de haute qualit\u00e9, y compris les <strong>Bo\u00eete num\u00e9rique Fumot RandM 12000 bouff\u00e9es<\/strong>, qui peut \u00eatre achet\u00e9 sans quantit\u00e9 minimale de commande. Que vous ayez besoin d'une unit\u00e9 ou d'une commande en gros pour des groupes de d\u00e9taillants, nous vous couvrons. Tous nos produits sont exp\u00e9di\u00e9s directement depuis notre entrep\u00f4t europ\u00e9en, garantissant une livraison rapide dans <strong>3-7 jours<\/strong>.<\/p>\n<p>Lorsque vous magasinez avec <a href=\"https:\/\/fumotxpress.de\/fr\/\"><strong>FumotXpress.de<\/strong>,<\/a> Vous \u00eates assur\u00e9 de recevoir des produits d'origine authentique qui r\u00e9pondent aux normes de qualit\u00e9 les plus \u00e9lev\u00e9es. Notre site Web facile \u00e0 naviguer et notre service client fiable rendent l'achat de vos vapes jetables une exp\u00e9rience fluide.<\/p>\n<h3>Conclusion<\/h3>\n<p>Le <a href=\"https:\/\/fumotxpress.de\/fr\/\"><strong>Bo\u00eete num\u00e9rique Fumot RandM 12000 bouff\u00e9es<\/strong> <\/a>est le choix ultime pour les vapoteurs qui exigent qualit\u00e9, style et performance. Avec sa capacit\u00e9 de puff longue dur\u00e9e, son volume de e-liquide premium, sa batterie rechargeable et ses nombreuses options de saveurs, cet appareil fournit tout ce dont vous avez besoin pour une exp\u00e9rience de vapotage sup\u00e9rieure. Acheter sur <strong>FumotXpress.de<\/strong> Aujourd'hui et profitez d'une exp\u00e9dition rapide et fiable directement depuis notre entrep\u00f4t europ\u00e9en. Que vous soyez un vapoteur occasionnel ou un passionn\u00e9 d\u00e9vou\u00e9<\/p>","protected":false},"excerpt":{"rendered":"<p>Achetez le Fumot RandM Digital Box 12000 Puffs stylo vape jetable rechargeable chez FumotXpress.de, avec une faible teneur en nicotine, des saveurs premium et une livraison rapide depuis notre entrep\u00f4t europ\u00e9en.<\/p>","protected":false},"featured_media":2011,"comment_status":"open","ping_status":"closed","template":"","meta":{"om_disable_all_campaigns":false},"product_brand":[],"product_cat":[46,91,92,94,95,96,97,99,102,103,104,105,107,108,111,112,78,79,80,81,82,83,84,85,86,87,88,89,90,70,73,56,61,63,65,67],"product_tag":[],"class_list":{"0":"post-1980","1":"product","2":"type-product","3":"status-publish","4":"has-post-thumbnail","6":"product_cat-random-disposable-vapes","7":"product_cat-buy-best-disposable-vape-flavors","8":"product_cat-apple-flavor-disposable-vapes","9":"product_cat-blueberry-flavor-disposable-vapes","10":"product_cat-cherry-flavor-disposable-vapes","11":"product_cat-cola-flavor-disposable-vapes","12":"product_cat-grape-flavor-disposable-vapes","13":"product_cat-ice-flavor-disposable-vapes","14":"product_cat-lush-flavor-disposable-vapes","15":"product_cat-mango-flavor-disposable-vapes","16":"product_cat-mint-flavor-disposable-vapes","17":"product_cat-mixed-berries-flavor-disposable-vapes","18":"product_cat-peach-flavor-disposable-vapes","19":"product_cat-pineapple-flavor-disposable-vapes","20":"product_cat-strawberry-flavor-disposable-vapes","21":"product_cat-watermelon-flavor-disposable-vapes","22":"product_cat-best-disposable-vape-in-europe","23":"product_cat-buy-disposable-vapes-in-austria","24":"product_cat-buy-disposable-vapes-in-belgium","25":"product_cat-buy-disposable-vapes-in-france","26":"product_cat-buy-disposable-vapes-in-germany","27":"product_cat-buy-disposable-vapes-in-italy","28":"product_cat-buy-disposable-vapes-in-netherlands","29":"product_cat-buy-disposable-vapes-in-norway","30":"product_cat-buy-disposable-vapes-in-poland","31":"product_cat-buy-disposable-vapes-in-portugal","32":"product_cat-buy-disposable-vapes-in-spain","33":"product_cat-buy-disposable-vapes-in-sweden","34":"product_cat-buy-disposable-vapes-in-switzerland","35":"product_cat-shop-disposable-vapes-by-puffs","36":"product_cat-12000-puff-disposable-vape","37":"product_cat-disposable-vape-types","38":"product_cat-big-puffs-disposable-vapes","39":"product_cat-digital-box-disposable-vapes","40":"product_cat-lower-nicotine-disposable-vapes","41":"product_cat-rechargeable-disposable-vapes","43":"first","44":"outofstock","45":"shipping-taxable","46":"product-type-variable"},"_links":{"self":[{"href":"https:\/\/fumotxpress.de\/fr\/wp-json\/wp\/v2\/product\/1980","targetHints":{"allow":["GET"]}}],"collection":[{"href":"https:\/\/fumotxpress.de\/fr\/wp-json\/wp\/v2\/product"}],"about":[{"href":"https:\/\/fumotxpress.de\/fr\/wp-json\/wp\/v2\/types\/product"}],"replies":[{"embeddable":true,"href":"https:\/\/fumotxpress.de\/fr\/wp-json\/wp\/v2\/comments?post=1980"}],"wp:featuredmedia":[{"embeddable":true,"href":"https:\/\/fumotxpress.de\/fr\/wp-json\/wp\/v2\/media\/2011"}],"wp:attachment":[{"href":"https:\/\/fumotxpress.de\/fr\/wp-json\/wp\/v2\/media?parent=1980"}],"wp:term":[{"taxonomy":"product_brand","embeddable":true,"href":"https:\/\/fumotxpress.de\/fr\/wp-json\/wp\/v2\/product_brand?post=1980"},{"taxonomy":"product_cat","embeddable":true,"href":"https:\/\/fumotxpress.de\/fr\/wp-json\/wp\/v2\/product_cat?post=1980"},{"taxonomy":"product_tag","embeddable":true,"href":"https:\/\/fumotxpress.de\/fr\/wp-json\/wp\/v2\/product_tag?post=1980"}],"curies":[{"name":"wp","href":"https:\/\/api.w.org\/{rel}","templated":true}]}}