{"id":1812,"date":"2024-11-27T07:37:47","date_gmt":"2024-11-27T07:37:47","guid":{"rendered":"https:\/\/fumotxpress.de\/?post_type=product&#038;p=1812"},"modified":"2025-11-28T13:31:37","modified_gmt":"2025-11-28T13:31:37","slug":"adalya-16000-bouffees-acheter-stylo-vapes-jetable-rechargeable-authentique-original","status":"publish","type":"product","link":"https:\/\/fumotxpress.de\/fr\/produit\/adalya-16000-bouffees-acheter-stylo-vapes-jetable-rechargeable-authentique-original\/","title":{"rendered":"Adalya 16000 Vape jetable : Pas de quantit\u00e9 minimale d'achat lorsque vous achetez depuis notre entrep\u00f4t europ\u00e9en."},"content":{"rendered":"<p>&nbsp;<\/p>\n<article style=\"background-color: #2c2c2c; color: #f1f1f1; padding: 20px; border-radius: 10px;\">\n<h2 style=\"font-family: Arial, sans-serif; color: #ffffff;\">Bienvenue au Festival des Saveurs : Le <a href=\"https:\/\/fumotxpress.de\/fr\/w\/\">Adalya 16000<\/a> Puffs Vape !<\/h2>\n<p style=\"font-family: Arial, sans-serif; font-size: 16px; line-height: 1.6; color: #f1f1f1;\">Salut, amateur de saveurs ! Vous cherchez un vape qui regorge de saveurs mondialement c\u00e9l\u00e8bres et qui dure super, super longtemps ? Dites bonjour \u00e0 votre nouvel meilleur ami, l'Adalya 16000 ! Cet incroyable petit appareil vous offre jusqu'\u00e0 16 000 bouff\u00e9es de pur bonheur. C'est comme avoir une f\u00eate sans fin de nuages d\u00e9licieux dans votre poche ! Il est parfait pour tous ceux qui adorent les saveurs l\u00e9gendaires de shisha d'Adalya et qui veulent un vape extr\u00eamement facile et amusant \u00e0 utiliser.<\/p>\n<p style=\"font-family: Arial, sans-serif; font-size: 16px; line-height: 1.6; color: #f1f1f1;\">Et voici la nouvelle la plus excitante ! Vous pouvez obtenir votre propre Adalya 16000 d\u00e8s maintenant sur notre site incroyable, fumotxpress.de ! Nous sommes un g\u00e9ant de la vente en gros en ligne de vapes jetables en Europe. La meilleure partie, c'est que vous n'avez pas besoin d'acheter un lot entier. Nous n'avons pas de quantit\u00e9 minimale de commande (c'est ce que signifie No MOQ !), donc vous pouvez simplement en prendre un pour commencer votre voyage gustatif. Nous l'exp\u00e9dions directement depuis notre entrep\u00f4t europ\u00e9en, donc il vous parviendra en seulement 2 \u00e0 7 jours !<\/p>\n<h3 style=\"font-family: Arial, sans-serif; color: #e0e0e0;\">Quel est le grand secret derri\u00e8re l'incroyable Adalya 16000 ?<\/h3>\n<ul style=\"color: #f1f1f1;\">\n<li style=\"font-family: Arial, sans-serif; font-size: 16px; line-height: 1.6;\"><strong>Puffs Qui Ne Cessent De Venir !:<\/strong> Avec une quantit\u00e9 massive de 16 000 bouff\u00e9es, cette vape est un v\u00e9ritable coureur de marathon. Vous pouvez profiter de vos saveurs pr\u00e9f\u00e9r\u00e9es pendant des semaines !<\/li>\n<li style=\"font-family: Arial, sans-serif; font-size: 16px; line-height: 1.6;\"><strong>Un \u00e9norme r\u00e9servoir de bonheur :<\/strong> Il est pr\u00e9-rempli avec une \u00e9norme quantit\u00e9 de 20 ml de e-liquide super savoureux. C'est tout un tas de d\u00e9lice pr\u00eat pour vous !<\/li>\n<li style=\"font-family: Arial, sans-serif; font-size: 16px; line-height: 1.6;\"><strong>Lisse et Juste:<\/strong> Il a un niveau de nicotine 2%, ce qui est parfait pour une exp\u00e9rience douce et super satisfaisante.<\/li>\n<li style=\"font-family: Arial, sans-serif; font-size: 16px; line-height: 1.6;\"><strong>Une Batterie Qui Ne Veut Pas Abandonner :<\/strong> La batterie de 650mAh est un v\u00e9ritable petit bijou ! De plus, elle est rechargeable avec un c\u00e2ble de type C, vous pouvez donc \u00eatre s\u00fbr d'utiliser jusqu'\u00e0 la derni\u00e8re goutte du jus d\u00e9licieux \u00e0 l'int\u00e9rieur.<\/li>\n<li style=\"font-family: Arial, sans-serif; font-size: 16px; line-height: 1.6;\"><strong>Se sent super \u00e0 tenir :<\/strong> Il est con\u00e7u pour s'adapter parfaitement dans votre main, ce qui en fait un compagnon confortable partout o\u00f9 vous allez.<\/li>\n<li style=\"font-family: Arial, sans-serif; font-size: 16px; line-height: 1.6;\"><strong>Les Nuages Les Plus D\u00e9licieux Jamais :<\/strong> La bobine de 1,2 ohm \u00e0 l'int\u00e9rieur est comme un petit chef de saveur, garantissant que chaque bouff\u00e9e est remplie d'un go\u00fbt pur et merveilleux, du premier \u00e0 la toute derni\u00e8re.<\/li>\n<\/ul>\n<h3 style=\"font-family: Arial, sans-serif; color: #e0e0e0;\">Un monde de saveurs c\u00e9l\u00e8bres vous attend !<\/h3>\n<p style=\"font-family: Arial, sans-serif; font-size: 16px; line-height: 1.6; color: #f1f1f1;\">Pr\u00e9parez-vous \u00e0 go\u00fbter la l\u00e9gende ! Adalya est connue pour les meilleures saveurs de shisha de la plan\u00e8te, et maintenant vous pouvez les appr\u00e9cier dans ce vape super facile. Quelle sera votre pr\u00e9f\u00e9r\u00e9e ?<\/p>\n<div style=\"font-family: Arial, sans-serif; font-size: 16px; line-height: 1.6; color: #f1f1f1;\">\n<p>Point de menthe<\/p>\n<p>2. Tueuse de dames<\/p>\n<p>3. Nuits de Berlin<\/p>\n<p>4. Amour 66<\/p>\n<p>5. Les Soir\u00e9es de Moscou<\/p>\n<p>6. Hawa\u00ef<\/p>\n<p>7. Mon Amour<\/p>\n<\/div>\n<h3 style=\"font-family: Arial, sans-serif; color: #e0e0e0;\">Voyons comment l'Adalya 16000 se compare !<\/h3>\n<div style=\"margin: 20px auto; width: 90%; overflow-x: auto;\">\n<table style=\"width: 100%; border-collapse: collapse; font-family: Arial, sans-serif; border-radius: 8px; box-shadow: 0 4px 8px 0 rgba(0,0,0,0.5);\">\n<thead>\n<tr style=\"background-color: #1e1e1e; color: #ffffff;\">\n<th style=\"padding: 12px; text-align: left;\">Fonctionnalit\u00e9 sympa<\/th>\n<th style=\"padding: 12px; text-align: left; background-color: #87ceeb; color: #ffffff;\">The Amazing Adalya 16000 \n\n devient \n\nL'Incroyable Adalya 16000<\/th>\n<th style=\"padding: 12px; text-align: left;\">Vapes ennuyeux et vieux<\/th>\n<\/tr>\n<\/thead>\n<tbody>\n<tr style=\"background-color: #3d3d3d; color: #f1f1f1;\">\n<td style=\"padding: 12px; border-bottom: 1px solid #555;\">Compte de bouff\u00e9es<\/td>\n<td style=\"padding: 12px; border-bottom: 1px solid #555;\">Un super long 16 000 !<\/td>\n<td style=\"padding: 12px; border-bottom: 1px solid #555;\">Se termine super vite<\/td>\n<\/tr>\n<tr style=\"background-color: #4c4c4c; color: #f1f1f1;\">\n<td style=\"padding: 12px; border-bottom: 1px solid #555;\">E-Liquide<\/td>\n<td style=\"padding: 12px; border-bottom: 1px solid #555;\">Un \u00e9norme r\u00e9servoir de 20ml de plaisir<\/td>\n<td style=\"padding: 12px; border-bottom: 1px solid #555;\">Un tout petit char<\/td>\n<\/tr>\n<tr style=\"background-color: #3d3d3d; color: #f1f1f1;\">\n<td style=\"padding: 12px; border-bottom: 1px solid #555;\">Batterie<\/td>\n<td style=\"padding: 12px; border-bottom: 1px solid #555;\">Vous pouvez la recharger ! \u26a1<\/td>\n<td style=\"padding: 12px; border-bottom: 1px solid #555;\">Un et c'est tout<\/td>\n<\/tr>\n<tr style=\"background-color: #4c4c4c; color: #f1f1f1;\">\n<td style=\"padding: 12px;\">Achat sur fumotxpress.de<\/td>\n<td style=\"padding: 12px;\">Achetez-en seulement un, pas de souci !<\/td>\n<td style=\"padding: 12px;\">Vous devez acheter une bo\u00eete enti\u00e8re<\/td>\n<\/tr>\n<\/tbody>\n<\/table>\n<\/div>\n<h3 style=\"font-family: Arial, sans-serif; color: #e0e0e0;\">Vous avez des questions ? Nous avons les r\u00e9ponses !<\/h3>\n<div style=\"font-family: Arial, sans-serif; font-size: 16px; line-height: 1.6;\">\n<div style=\"background-color: #223344; border-left: 5px solid #87CEEB; padding: 15px; margin-bottom: 10px; border-radius: 5px; color: #ffffff;\">\n<p><strong>Comment puis-je commencer le plaisir ?<\/strong>C'est plus facile que de manger un biscuit ! Il suffit de prendre une petite bouff\u00e9e par le haut, et \u00e7a s'allume comme par magie. Pas de boutons, pas de trucs compliqu\u00e9s, juste du plaisir !<\/p>\n<\/div>\n<div style=\"background-color: #223344; border-left: 5px solid #87CEEB; padding: 15px; margin-bottom: 10px; border-radius: 5px; color: #ffffff;\">\n<p><strong>Comment puis-je savoir quand recharger la batterie ?<\/strong>Beaucoup de ces vapes ont une petite lumi\u00e8re ou un \u00e9cran qui vous indique quand la batterie commence \u00e0 faiblir. Il suffit de brancher un c\u00e2ble Type-C, et elle sera r\u00e9veill\u00e9e et pr\u00eate pour de nouvelles aventures en un rien de temps !<\/p>\n<\/div>\n<div style=\"background-color: #223344; border-left: 5px solid #87CEEB; padding: 15px; margin-bottom: 10px; border-radius: 5px; color: #ffffff;\">\n<p><strong>Pourquoi devrais-je acheter sur fumotxpress.de ?<\/strong>Parce que nous sommes vos meilleurs amis pour les vapes en Europe ! Nous exp\u00e9dions votre commande depuis notre entrep\u00f4t europ\u00e9en, ce qui vous permet de la recevoir extr\u00eamement rapidement (dans les 2 \u00e0 7 jours). Et comme nous n'avons pas de quantit\u00e9 minimale de commande (MOQ), vous pouvez en commander juste une. C'est la fa\u00e7on la plus facile, la plus rapide et la plus amusante d'obtenir votre vape Adalya !<\/p>\n<\/div>\n<div style=\"background-color: #223344; border-left: 5px solid #87CEEB; padding: 15px; margin-bottom: 10px; border-radius: 5px; color: #ffffff;\">\n<p><strong>Puis-je le remplir avec d'autres saveurs ?<\/strong>Ceci est une vape jetable, ce qui signifie qu'elle est pr\u00eate \u00e0 l'emploi avec sa saveur sp\u00e9ciale d\u00e9j\u00e0 \u00e0 l'int\u00e9rieur. Vous n'avez pas \u00e0 vous soucier des recharges d\u00e9sordonn\u00e9es. Lorsque c'est termin\u00e9, vous pouvez<\/p>\n<p>Commencez simplement une nouvelle aventure de saveur avec une toute nouvelle !<\/p>\n<p><img loading=\"lazy\" decoding=\"async\" class=\"alignnone size-full wp-image-4631\" src=\"https:\/\/fumotxpress.de\/wp-content\/uploads\/2024\/11\/ADALYA-TWO-APPLES-16000-PUFFS.webp\" alt=\"ADALYA-DEUX-POMMES-16000-PUFFS\" width=\"984\" height=\"985\" srcset=\"https:\/\/fumotxpress.de\/wp-content\/uploads\/2024\/11\/ADALYA-TWO-APPLES-16000-PUFFS.webp 984w, https:\/\/fumotxpress.de\/wp-content\/uploads\/2024\/11\/ADALYA-TWO-APPLES-16000-PUFFS-300x300.webp 300w, https:\/\/fumotxpress.de\/wp-content\/uploads\/2024\/11\/ADALYA-TWO-APPLES-16000-PUFFS-150x150.webp 150w, https:\/\/fumotxpress.de\/wp-content\/uploads\/2024\/11\/ADALYA-TWO-APPLES-16000-PUFFS-768x769.webp 768w, https:\/\/fumotxpress.de\/wp-content\/uploads\/2024\/11\/ADALYA-TWO-APPLES-16000-PUFFS-12x12.webp 12w, https:\/\/fumotxpress.de\/wp-content\/uploads\/2024\/11\/ADALYA-TWO-APPLES-16000-PUFFS-247x247.webp 247w, https:\/\/fumotxpress.de\/wp-content\/uploads\/2024\/11\/ADALYA-TWO-APPLES-16000-PUFFS-600x601.webp 600w, https:\/\/fumotxpress.de\/wp-content\/uploads\/2024\/11\/ADALYA-TWO-APPLES-16000-PUFFS-100x100.webp 100w\" sizes=\"auto, (max-width: 984px) 100vw, 984px\" \/><\/p>\n<\/div>\n<\/div>\n<\/article>","protected":false},"excerpt":{"rendered":"<p><strong class=\"ng-star-inserted\"><span class=\"ng-star-inserted\">Adalya 16000 : La Vape Jetable Longue Dur\u00e9e pour les Amateurs de Saveur<\/span><\/strong><\/p>","protected":false},"featured_media":1811,"comment_status":"open","ping_status":"closed","template":"","meta":{"om_disable_all_campaigns":false},"product_brand":[],"product_cat":[33,91,92,94,96,97,99,100,101,103,104,107,108,109,111,112,78,79,80,81,82,83,84,85,86,87,88,89,90,70,75,56,61,63,65,67],"product_tag":[],"class_list":{"0":"post-1812","1":"product","2":"type-product","3":"status-publish","4":"has-post-thumbnail","6":"product_cat-adalya-disposable-vapes","7":"product_cat-buy-best-disposable-vape-flavors","8":"product_cat-apple-flavor-disposable-vapes","9":"product_cat-blueberry-flavor-disposable-vapes","10":"product_cat-cola-flavor-disposable-vapes","11":"product_cat-grape-flavor-disposable-vapes","12":"product_cat-ice-flavor-disposable-vapes","13":"product_cat-kiwi-flavor-disposable-vapes","14":"product_cat-lemon-flavor-disposable-vapes","15":"product_cat-mango-flavor-disposable-vapes","16":"product_cat-mint-flavor-disposable-vapes","17":"product_cat-peach-flavor-disposable-vapes","18":"product_cat-pineapple-flavor-disposable-vapes","19":"product_cat-raspberry-flavor-disposable-vapes","20":"product_cat-strawberry-flavor-disposable-vapes","21":"product_cat-watermelon-flavor-disposable-vapes","22":"product_cat-best-disposable-vape-in-europe","23":"product_cat-buy-disposable-vapes-in-austria","24":"product_cat-buy-disposable-vapes-in-belgium","25":"product_cat-buy-disposable-vapes-in-france","26":"product_cat-buy-disposable-vapes-in-germany","27":"product_cat-buy-disposable-vapes-in-italy","28":"product_cat-buy-disposable-vapes-in-netherlands","29":"product_cat-buy-disposable-vapes-in-norway","30":"product_cat-buy-disposable-vapes-in-poland","31":"product_cat-buy-disposable-vapes-in-portugal","32":"product_cat-buy-disposable-vapes-in-spain","33":"product_cat-buy-disposable-vapes-in-sweden","34":"product_cat-buy-disposable-vapes-in-switzerland","35":"product_cat-shop-disposable-vapes-by-puffs","36":"product_cat-16000-puff-disposable-vape","37":"product_cat-disposable-vape-types","38":"product_cat-big-puffs-disposable-vapes","39":"product_cat-digital-box-disposable-vapes","40":"product_cat-lower-nicotine-disposable-vapes","41":"product_cat-rechargeable-disposable-vapes","43":"first","44":"instock","45":"shipping-taxable","46":"purchasable","47":"product-type-variable","48":"has-default-attributes"},"_links":{"self":[{"href":"https:\/\/fumotxpress.de\/fr\/wp-json\/wp\/v2\/product\/1812","targetHints":{"allow":["GET"]}}],"collection":[{"href":"https:\/\/fumotxpress.de\/fr\/wp-json\/wp\/v2\/product"}],"about":[{"href":"https:\/\/fumotxpress.de\/fr\/wp-json\/wp\/v2\/types\/product"}],"replies":[{"embeddable":true,"href":"https:\/\/fumotxpress.de\/fr\/wp-json\/wp\/v2\/comments?post=1812"}],"wp:featuredmedia":[{"embeddable":true,"href":"https:\/\/fumotxpress.de\/fr\/wp-json\/wp\/v2\/media\/1811"}],"wp:attachment":[{"href":"https:\/\/fumotxpress.de\/fr\/wp-json\/wp\/v2\/media?parent=1812"}],"wp:term":[{"taxonomy":"product_brand","embeddable":true,"href":"https:\/\/fumotxpress.de\/fr\/wp-json\/wp\/v2\/product_brand?post=1812"},{"taxonomy":"product_cat","embeddable":true,"href":"https:\/\/fumotxpress.de\/fr\/wp-json\/wp\/v2\/product_cat?post=1812"},{"taxonomy":"product_tag","embeddable":true,"href":"https:\/\/fumotxpress.de\/fr\/wp-json\/wp\/v2\/product_tag?post=1812"}],"curies":[{"name":"wp","href":"https:\/\/api.w.org\/{rel}","templated":true}]}}