{"id":1723,"date":"2024-11-25T09:51:02","date_gmt":"2024-11-25T09:51:02","guid":{"rendered":"https:\/\/fumotxpress.de\/?post_type=product&#038;p=1723"},"modified":"2025-05-20T04:44:34","modified_gmt":"2025-05-20T04:44:34","slug":"entrepot-europeen-lavande-bm18000-bouffees-acheter-stylo-vapes-jetable-rechargeable-authentique-original-2","status":"publish","type":"product","link":"https:\/\/fumotxpress.de\/fr\/produit\/entrepot-europeen-lavande-bm18000-bouffees-acheter-stylo-vapes-jetable-rechargeable-authentique-original-2\/","title":{"rendered":"Stylo Vape Jetable Rechargeable Authentique Lavande BM18000 Puffs Entrep\u00f4t Europ\u00e9en Acheter Original"},"content":{"rendered":"<h2><strong>Lavande BM 18000 Puffs \u2013 L'exp\u00e9rience ultime de vape jetable<\/strong><\/h2>\n<p>Si vous recherchez une exp\u00e9rience de vapotage avanc\u00e9e et efficace, le Lavande BM 18000 Puffs est le choix ultime pour les vapoteurs exigeants. Avec son design sophistiqu\u00e9, sa technologie de pointe et ses fonctionnalit\u00e9s impressionnantes, il se positionne comme l'un des meilleurs stylo-vape jetables rechargeables disponibles aujourd'hui. \u00c9tant l'une des options les plus durables sur le march\u00e9, le Lavande BM 18000 Puffs offre des performances, une commodit\u00e9 et une saveur in\u00e9gal\u00e9es auxquelles vous pouvez vous fier.<\/p>\n<p>\u00c0 <a href=\"https:\/\/fumotxpress.de\/fr\/\"><strong>FumotXpress.de<\/strong><\/a>Nous proposons fi\u00e8rement ce produit r\u00e9volutionnaire ainsi qu'une large gamme de stylo-vape jetables haut de gamme de marques de confiance telles que <strong>Al Fakher<\/strong>, <strong>Fizzy<\/strong>, <strong>OBEELAB HHC<\/strong>, <strong>Randm Fumot<\/strong>, et <strong>SMPO DL02<\/strong>Que vous soyez un d\u00e9taillant ou un passionn\u00e9 de vape \u00e0 la recherche de produits de haute qualit\u00e9, nous sommes la plus grande plateforme de vente en ligne de vapoteuses jetables en Allemagne. Nous exp\u00e9dions directement depuis nos entrep\u00f4ts. <strong>Entrep\u00f4t europ\u00e9en<\/strong>en garantissant que vous receviez vos produits rapidement - dans un d\u00e9lai de 3 \u00e0 7 jours. Notre service est adapt\u00e9 aux besoins des groupes de d\u00e9taillants, sans quantit\u00e9 minimale de commande et \u00e0 des prix abordables \u00e0 partir d'une seule pi\u00e8ce.<\/p>\n<p>Plongeons plus profond\u00e9ment dans les caract\u00e9ristiques et les avantages uniques de la Lavande BM 18000 Puffs.<\/p>\n<p><img loading=\"lazy\" decoding=\"async\" class=\"alignnone size-full wp-image-1788\" src=\"https:\/\/fumotxpress.de\/wp-content\/uploads\/2024\/11\/Lavande-BM18000\uff085\uff09.webp\" alt=\"Lavande-BM18000\" width=\"800\" height=\"800\" srcset=\"https:\/\/fumotxpress.de\/wp-content\/uploads\/2024\/11\/Lavande-BM18000\uff085\uff09.webp 800w, https:\/\/fumotxpress.de\/wp-content\/uploads\/2024\/11\/Lavande-BM18000\uff085\uff09-300x300.webp 300w, https:\/\/fumotxpress.de\/wp-content\/uploads\/2024\/11\/Lavande-BM18000\uff085\uff09-150x150.webp 150w, https:\/\/fumotxpress.de\/wp-content\/uploads\/2024\/11\/Lavande-BM18000\uff085\uff09-768x768.webp 768w, https:\/\/fumotxpress.de\/wp-content\/uploads\/2024\/11\/Lavande-BM18000\uff085\uff09-12x12.webp 12w, https:\/\/fumotxpress.de\/wp-content\/uploads\/2024\/11\/Lavande-BM18000\uff085\uff09-247x247.webp 247w, https:\/\/fumotxpress.de\/wp-content\/uploads\/2024\/11\/Lavande-BM18000\uff085\uff09-600x600.webp 600w, https:\/\/fumotxpress.de\/wp-content\/uploads\/2024\/11\/Lavande-BM18000\uff085\uff09-100x100.webp 100w\" sizes=\"auto, (max-width: 800px) 100vw, 800px\" \/><\/p>\n<h3>Lavande BM 18000 Puffs : Caract\u00e9ristiques et Performances du Produit<\/h3>\n<p>La Lavande BM 18000 Puffs est un stylo vape jetable rechargeable exceptionnel qui offre une exp\u00e9rience de vapotage extraordinaire. Voici un aper\u00e7u d\u00e9taill\u00e9 de ce qui fait de cet appareil un incontournable pour les amateurs de vapotage :<\/p>\n<ul>\n<li><strong>Capacit\u00e9 de liquide \u00e9lectronique pr\u00e9rempli<\/strong>: La Lavande BM est livr\u00e9e avec une capacit\u00e9 de e-liquide pr\u00e9rempli de 24 ml, garantissant que vous avez suffisamment de jus pour vous durer longtemps sans avoir besoin de recharges fr\u00e9quentes.<\/li>\n<li><strong>Longues Puffs Durables \nor \nLongues Puffs Persistantes \nor \nPuffs Longue Dur\u00e9e<\/strong>Avec une impressionnante autonomie de 18 000 bouff\u00e9es, cet appareil offre une exp\u00e9rience de vapotage durable, id\u00e9ale pour les vapoteurs occasionnels et quotidiens. Vous n'aurez pas \u00e0 vous soucier de remplacer l'appareil en permanence.<\/li>\n<li><strong>Rechargeable et Durable<\/strong>Contrairement aux vapes jetables traditionnels con\u00e7us pour une utilisation unique, le Lavande BM est rechargeable via <strong>USB Type-C<\/strong>en r\u00e9duisant les d\u00e9chets et vous donnant plus de valeur pour votre argent.<\/li>\n<li><strong>Technologie de chauffage \u00e0 bobine maill\u00e9e<\/strong>\u00c9quip\u00e9 de 6 bobines en maille, ce stylo vape am\u00e9liore la saveur et la qualit\u00e9 de la vapeur, offrant des nuages lisses et riches \u00e0 chaque bouff\u00e9e. Le syst\u00e8me de chauffage par maille assure la coh\u00e9rence et les performances \u00e9lev\u00e9es.<\/li>\n<li><strong>Capacit\u00e9 de la batterie<\/strong>: Une batterie robuste de 650mAh alimente l'appareil, offrant une utilisation abondante entre les charges. Elle est optimis\u00e9e pour durer jusqu'\u00e0 18 000 bouff\u00e9es, fournissant des performances efficaces et stables.<\/li>\n<li><strong>Fonctionnement activ\u00e9 par dessin<\/strong>La Lavande BM 18000 Puffs est incroyablement conviviale. La fonction d\u00e9clench\u00e9e par aspiration signifie que vous n'avez pas besoin d'appuyer sur des boutons ; il suffit d'inspirer, et l'appareil s'active automatiquement, procurant une satisfaction instantan\u00e9e.<\/li>\n<li><strong>Personnalisation<\/strong>: Que vous pr\u00e9f\u00e9riez une exp\u00e9rience de vapotage standard ou que vous souhaitiez amplifier la saveur, l'appareil dispose <strong>Mode Normal<\/strong> et <strong>Mode Boost<\/strong>Le mode boost intensifie la saveur pour ceux qui appr\u00e9cient une exp\u00e9rience plus puissante.<\/li>\n<li><strong>\u00c9cran d'affichage<\/strong>Le dispositif comporte un <strong>\u00c9cran Mega Full HD 3,0\u201d<\/strong>permettant de surveiller facilement des informations cl\u00e9s telles que le nombre de bouff\u00e9es, la dur\u00e9e de vie de la batterie et les param\u00e8tres de l'appareil. Cette fonctionnalit\u00e9 suppl\u00e9mentaire rend l'exp\u00e9rience de vapotage plus conviviale et plus efficace.<\/li>\n<\/ul>\n<h3>Pourquoi choisir le Lavande BM 18000 Puffs ?<\/h3>\n<ol>\n<li><strong>Plaisir de la Vape \u00e0 Long Terme<\/strong>: Avec 18 000 bouff\u00e9es, le Lavande BM est con\u00e7u pour durer, vous permettant de ne pas vous soucier des remplacements fr\u00e9quents. Que vous vapiez occasionnellement ou dans le cadre de votre routine quotidienne, cet appareil est con\u00e7u pour offrir une exp\u00e9rience de vapotage prolong\u00e9e sans compromis.<\/li>\n<li><strong>Saveur Premium et Qualit\u00e9 de Vapeur<\/strong>La technologie de bobine de maille 6x fait une diff\u00e9rence notable dans la qualit\u00e9 de la vapeur et du go\u00fbt. Que vous soyez un fan de saveurs fruit\u00e9es, menthol\u00e9es ou de desserts, le Lavande BM fournit des nuages lisses et satisfaisants qui sont constamment agr\u00e9ables.<\/li>\n<li><strong>Rechargeabilit\u00e9<\/strong>La fonctionnalit\u00e9 rechargeable distingue la Lavande BM des vapes jetables typiques. Elle offre une durabilit\u00e9 et une commodit\u00e9, r\u00e9duisant les d\u00e9chets sans sacrifier les performances. Une recharge rapide vous assure d'\u00eatre toujours pr\u00eat pour votre prochaine session de vape.<\/li>\n<li><strong>Exp\u00e9rience conviviale<\/strong>Con\u00e7u avec la simplicit\u00e9 \u00e0 l'esprit, le fonctionnement activ\u00e9 par tirage est parfait pour les d\u00e9butants comme pour les vapoteurs exp\u00e9riment\u00e9s. L'ajout d'un <strong>mode turbo<\/strong> permet de r\u00e9gler l'intensit\u00e9 de votre vape en fonction de vos pr\u00e9f\u00e9rences.<\/li>\n<li><strong>Charge rapide et efficace<\/strong>: Gr\u00e2ce \u00e0 <strong>USB Type-C<\/strong> En charge, le Lavande BM se recharge rapidement, minimisant les temps d'arr\u00eat et maximisant votre plaisir de vapoter. Il est id\u00e9al pour les vapoteurs en d\u00e9placement qui ont besoin que leur appareil soit pr\u00eat le plus t\u00f4t possible.<\/li>\n<li><strong>Conception \u00c9l\u00e9gante et Moderne<\/strong>Conception \u00e9l\u00e9gante, portable et discr\u00e8te, le Lavande BM 18000 Puffs est aussi beau qu'il est performant. C'est l'appareil id\u00e9al \u00e0 emporter dans votre poche ou votre sac sans attirer l'attention, offrant une exp\u00e9rience de vapotage sophistiqu\u00e9e \u00e0 tout moment et en tout lieu.<\/li>\n<\/ol>\n<h3>Profil de saveur du Lavande BM 18000 Puffs<\/h3>\n<p>La Lavande BM 18000 Puffs offre une large s\u00e9lection de saveurs d\u00e9licieuses qui r\u00e9pondent \u00e0 diverses pr\u00e9f\u00e9rences. Les saveurs suivantes sont juste quelques exemples de ce que vous pouvez appr\u00e9cier :<\/p>\n<ol>\n<li><strong>Myrtilles<\/strong><br \/>\nD\u00e9gustez la douceur rafra\u00eechissante et piquante des bleuets m\u00fbrs \u00e0 chaque bouff\u00e9e. Cette saveur offre un go\u00fbt de baies lisse et sucr\u00e9 avec une l\u00e9g\u00e8re acidit\u00e9 qui vous donne envie de revenir pour plus. Parfait pour les amateurs de vapes fruit\u00e9es et rafra\u00eechissantes.<\/li>\n<li><strong>Framboise<\/strong><br \/>\nUne saveur de framboise piquante et vibrante, cette option offre l'\u00e9quilibre parfait entre les notes sucr\u00e9es et acides. Elle est id\u00e9ale pour ceux qui appr\u00e9cient les saveurs de fruits intenses, \u00e0 la fois rafra\u00eechissantes et satisfaisantes.<\/li>\n<li><strong>Lavande Bliss<\/strong><br \/>\nUne saveur florale et apaisante avec une touche de douceur, <strong>Lavande Bliss<\/strong> offre une exp\u00e9rience apaisante unique. Ses qualit\u00e9s herbes, aromatiques en font un excellent choix pour ceux qui appr\u00e9cient les saveurs d\u00e9licates et parfum\u00e9es.<\/li>\n<li><strong>Breeze tropicale<\/strong><br \/>\nCe m\u00e9lange exotique r\u00e9unit une vari\u00e9t\u00e9 de fruits tropicaux, dont la mangue, l'ananas et la papaye. C'est une combinaison sucr\u00e9e et juteuse qui transporte vos papilles gustatives dans un paradis chaud et ensoleill\u00e9 \u00e0 chaque bouff\u00e9e.<\/li>\n<li><strong>Fra\u00eecheur de menthe<\/strong><br \/>\nFrais et sec, <strong>Fra\u00eecheur de menthe<\/strong> offre une exp\u00e9rience de menthol rafra\u00eechissante. C'est le choix id\u00e9al pour les amateurs de menthe, offrant une saveur piquante et propre avec une finition rafra\u00eechissante qui laisse votre bouche rafra\u00eechie.<\/li>\n<li><strong>Limonade Glac\u00e9e<\/strong><br \/>\nLe piquant \u00e9nergisant du citronnade combin\u00e9 \u00e0 une finition menthol\u00e9e rafra\u00eechissante cr\u00e9e une vapeur rafra\u00eechissante et croquante, parfaite pour une chaude journ\u00e9e d'\u00e9t\u00e9. C'est un m\u00e9lange revigorant qui \u00e9quilibre les notes de citron avec une fra\u00eecheur glac\u00e9e.<\/li>\n<li><strong>Fusion de raisin<\/strong><br \/>\nUne saveur de raisin juteuse et sucr\u00e9e \u00e0 la fois audacieuse et satisfaisante. Le <strong>Fusion de raisin<\/strong> offre un go\u00fbt de raisin naturel et cors\u00e9, ce qui le rend parfait pour ceux qui appr\u00e9cient la richesse des vapeurs fruit\u00e9es.<\/li>\n<\/ol>\n<h3>Comment acheter le Lavande BM 18000 Puffs<\/h3>\n<p>Lorsque vous \u00eates pr\u00eat \u00e0 am\u00e9liorer votre exp\u00e9rience de vapotage, vous pouvez acheter commod\u00e9ment le <a href=\"https:\/\/fumotxpress.de\/fr\/\"><strong>Lavande BM 18000 Puffs<\/strong> <\/a>et d'autres stylo-vapes jetables haut de gamme directement de <strong>FumotXpress.de<\/strong>Notre plateforme propose :<\/p>\n<ul>\n<li><strong>Pas de quantit\u00e9 minimale de commande requise<\/strong>Vous pouvez commander d\u00e8s une seule pi\u00e8ce, ce qui facilite l'approvisionnement en produits favoris des d\u00e9taillants comme des acheteurs individuels.<\/li>\n<li><strong>Livraison rapide<\/strong>Nous exp\u00e9dions directement de nos <a href=\"https:\/\/fumotxpress.de\/fr\/\"><strong>Entrep\u00f4t europ\u00e9en<\/strong><\/a>en garantissant que votre commande arrive dans un d\u00e9lai de 3 \u00e0 7 jours.<\/li>\n<li><strong>Prix comp\u00e9titifs<\/strong>En tant que plus grande plateforme de vente en ligne de vapoteuses jetables en Allemagne, nous proposons les meilleurs prix du march\u00e9 pour des produits de haute qualit\u00e9.<\/li>\n<\/ul>\n<p>Profitez de la commodit\u00e9 de faire du shopping avec nous et d\u00e9couvrez des vapes jetables premium livr\u00e9s directement \u00e0 votre porte. Ne manquez pas cette opportunit\u00e9 <strong>Lavande BM 18000 Puffs<\/strong>\u2014Achetez maintenant et \u00e9levez votre exp\u00e9rience de vapotage au niveau sup\u00e9rieur.<\/p>","protected":false},"excerpt":{"rendered":"<p>Acheter le <strong>Stylo vape jetable rechargeable Lavande BM 18000 bouff\u00e9es<\/strong> avec des saveurs de myrtille et de framboise. Profitez d'un vapotage long-lasting et savoureux avec une livraison rapide depuis notre entrep\u00f4t europ\u00e9en.<\/p>","protected":false},"featured_media":2190,"comment_status":"open","ping_status":"closed","template":"","meta":{"om_disable_all_campaigns":false},"product_brand":[],"product_cat":[54,91,92,94,97,99,101,103,104,107,108,109,111,112,78,79,80,81,82,83,84,85,86,87,88,89,90,70,115,56,61,63,65,67],"product_tag":[],"class_list":{"0":"post-1723","1":"product","2":"type-product","3":"status-publish","4":"has-post-thumbnail","6":"product_cat-lavande-disposable-vapes","7":"product_cat-buy-best-disposable-vape-flavors","8":"product_cat-apple-flavor-disposable-vapes","9":"product_cat-blueberry-flavor-disposable-vapes","10":"product_cat-grape-flavor-disposable-vapes","11":"product_cat-ice-flavor-disposable-vapes","12":"product_cat-lemon-flavor-disposable-vapes","13":"product_cat-mango-flavor-disposable-vapes","14":"product_cat-mint-flavor-disposable-vapes","15":"product_cat-peach-flavor-disposable-vapes","16":"product_cat-pineapple-flavor-disposable-vapes","17":"product_cat-raspberry-flavor-disposable-vapes","18":"product_cat-strawberry-flavor-disposable-vapes","19":"product_cat-watermelon-flavor-disposable-vapes","20":"product_cat-best-disposable-vape-in-europe","21":"product_cat-buy-disposable-vapes-in-austria","22":"product_cat-buy-disposable-vapes-in-belgium","23":"product_cat-buy-disposable-vapes-in-france","24":"product_cat-buy-disposable-vapes-in-germany","25":"product_cat-buy-disposable-vapes-in-italy","26":"product_cat-buy-disposable-vapes-in-netherlands","27":"product_cat-buy-disposable-vapes-in-norway","28":"product_cat-buy-disposable-vapes-in-poland","29":"product_cat-buy-disposable-vapes-in-portugal","30":"product_cat-buy-disposable-vapes-in-spain","31":"product_cat-buy-disposable-vapes-in-sweden","32":"product_cat-buy-disposable-vapes-in-switzerland","33":"product_cat-shop-disposable-vapes-by-puffs","34":"product_cat-18000-puff-disposable-vape","35":"product_cat-disposable-vape-types","36":"product_cat-big-puffs-disposable-vapes","37":"product_cat-digital-box-disposable-vapes","38":"product_cat-lower-nicotine-disposable-vapes","39":"product_cat-rechargeable-disposable-vapes","41":"first","42":"outofstock","43":"shipping-taxable","44":"product-type-variable"},"_links":{"self":[{"href":"https:\/\/fumotxpress.de\/fr\/wp-json\/wp\/v2\/product\/1723","targetHints":{"allow":["GET"]}}],"collection":[{"href":"https:\/\/fumotxpress.de\/fr\/wp-json\/wp\/v2\/product"}],"about":[{"href":"https:\/\/fumotxpress.de\/fr\/wp-json\/wp\/v2\/types\/product"}],"replies":[{"embeddable":true,"href":"https:\/\/fumotxpress.de\/fr\/wp-json\/wp\/v2\/comments?post=1723"}],"wp:featuredmedia":[{"embeddable":true,"href":"https:\/\/fumotxpress.de\/fr\/wp-json\/wp\/v2\/media\/2190"}],"wp:attachment":[{"href":"https:\/\/fumotxpress.de\/fr\/wp-json\/wp\/v2\/media?parent=1723"}],"wp:term":[{"taxonomy":"product_brand","embeddable":true,"href":"https:\/\/fumotxpress.de\/fr\/wp-json\/wp\/v2\/product_brand?post=1723"},{"taxonomy":"product_cat","embeddable":true,"href":"https:\/\/fumotxpress.de\/fr\/wp-json\/wp\/v2\/product_cat?post=1723"},{"taxonomy":"product_tag","embeddable":true,"href":"https:\/\/fumotxpress.de\/fr\/wp-json\/wp\/v2\/product_tag?post=1723"}],"curies":[{"name":"wp","href":"https:\/\/api.w.org\/{rel}","templated":true}]}}