{"id":1277,"date":"2024-11-09T08:25:46","date_gmt":"2024-11-09T08:25:46","guid":{"rendered":"https:\/\/fumotxpress.de\/?page_id=1277"},"modified":"2024-11-09T08:25:46","modified_gmt":"2024-11-09T08:25:46","slug":"politique-dage-de-fumotxpress","status":"publish","type":"page","link":"https:\/\/fumotxpress.de\/fr\/politique-dage-de-fumotxpress\/","title":{"rendered":"Politique d'\u00e2ge de Fumotxpress"},"content":{"rendered":"<p>\u00c0 <strong>Fumotxpress.de<\/strong>Nous nous engageons \u00e0 fournir une exp\u00e9rience de vapotage responsable et l\u00e9gale \u00e0 nos clients \u00e0 travers l'Union europ\u00e9enne. Nos produits sont strictement destin\u00e9s \u00e0 <strong>usage r\u00e9serv\u00e9 aux adultes<\/strong>, et nous maintenons les normes les plus \u00e9lev\u00e9es pour assurer la conformit\u00e9 \u00e0 toutes les r\u00e9glementations l\u00e9gales r\u00e9gissant la vente de produits de vapotage.<\/p>\n<h3>1. Exigence d'\u00e2ge<\/h3>\n<p>Conform\u00e9ment aux r\u00e9glementations de l'UE, vous devez avoir au moins <strong>18 ans<\/strong> pour acheter nos produits. En visitant et en achetant sur <strong>Fumotxpress.de<\/strong>Vous confirmez que vous avez l'\u00e2ge l\u00e9gal dans votre pays de r\u00e9sidence pour acheter des produits de vapotage. Si vous n'avez pas l'\u00e2ge l\u00e9gal, nous vous demandons aimablement de vous abstenir d'utiliser notre site Web.<\/p>\n<h3>2. V\u00e9rification de l'\u00e2ge<\/h3>\n<p>Afin d'assurer la conformit\u00e9 aux r\u00e9glementations li\u00e9es \u00e0 l'\u00e2ge, <strong>Fumotxpress.de<\/strong> peut mettre en \u0153uvre des \u00e9tapes suppl\u00e9mentaires de v\u00e9rification de l'\u00e2ge au point de vente. Cela peut impliquer :<\/p>\n<ul>\n<li><strong>V\u00e9rifications manuelles de l'\u00e2ge<\/strong>: Lorsque vous passez une commande, nous pouvons exiger une preuve d'\u00e2ge (telle qu'une copie de votre carte d'identit\u00e9 ou de votre passeport) pour confirmer votre admissibilit\u00e9.<\/li>\n<li><strong>Services de v\u00e9rification d'\u00e2ge tiers<\/strong>Nous pouvons travailler avec des services tiers pour v\u00e9rifier l'\u00e2ge de nos clients avant de traiter les commandes.<\/li>\n<\/ul>\n<h3>3. Conformit\u00e9 juridique<\/h3>\n<p>Nous prenons notre responsabilit\u00e9 de nous conformer \u00e0 <strong>toutes les lois locales<\/strong> au sein de l'UE tr\u00e8s s\u00e9rieusement. Cela inclut le respect des r\u00e9glementations sp\u00e9cifiques \u00e0 chaque pays qui peuvent imposer des exigences d'\u00e2ge plus strictes. Dans le cadre de notre engagement, nous ne vendons nos produits qu'\u00e0 des personnes situ\u00e9es dans l'UE. Si vous r\u00e9sidez hors de l'UE, nous ne sommes pas en mesure de traiter votre commande.<\/p>\n<h3>4. Responsabilit\u00e9 des utilisateurs<\/h3>\n<p>En tant qu'utilisateur de <strong>Fumotxpress.de<\/strong>, il est de votre responsabilit\u00e9 de vous assurer que :<\/p>\n<ul>\n<li>Vous avez atteint l'\u00e2ge l\u00e9gal requis pour les produits de vapotage dans votre pays.<\/li>\n<li>Vous ne tentez pas d'effectuer un achat au nom de quelqu'un qui ne r\u00e9pond pas aux crit\u00e8res d'\u00e2ge.<\/li>\n<li>Vous fournissez des informations v\u00e9ridiques et exactes pendant le processus de paiement.<\/li>\n<\/ul>\n<p>Si nous d\u00e9couvrons qu'un achat a \u00e9t\u00e9 effectu\u00e9 par un mineur ou une personne \u00e2g\u00e9e de moins de l'\u00e2ge l\u00e9gal pour vapoter dans sa juridiction, nous annulerons imm\u00e9diatement la commande et rembourserons tout paiement effectu\u00e9. Les tentatives r\u00e9p\u00e9t\u00e9es pour contourner cette politique peuvent entra\u00eener une interdiction permanente de notre site Web.<\/p>\n<h3>5. Mise \u00e0 jour de la politique d'\u00e2ge<\/h3>\n<p>Notre politique de v\u00e9rification de l'\u00e2ge peut \u00eatre mise \u00e0 jour p\u00e9riodiquement en r\u00e9ponse \u00e0 des changements dans les r\u00e9glementations de l'UE ou d'autres exigences l\u00e9gales pertinentes. Toute modification sera refl\u00e9t\u00e9e sur cette page, nous vous encourageons donc \u00e0 examiner notre politique r\u00e9guli\u00e8rement.<\/p>\n<hr \/>\n<h3>Pourquoi la v\u00e9rification de l'\u00e2ge est importante<\/h3>\n<p>Nous comprenons l'importance de fournir un environnement s\u00fbr et l\u00e9gal pour l'achat de produits de vapotage. <strong>Fumotxpress.de<\/strong> se targue d'offrir <strong>Vapes jetables premium<\/strong> de marques de confiance comme <strong>Al Fakher, Fizzy, OBEELAB HHC,<\/strong> et <strong>SMPO DL02<\/strong>Con\u00e7u exclusivement pour les utilisateurs adultes qui appr\u00e9cient leur exp\u00e9rience de vapotage de mani\u00e8re responsable.<\/p>\n<p>Nous nous engageons \u00e0 soutenir la sant\u00e9 publique et \u00e0 prot\u00e9ger les mineurs contre l'acc\u00e8s \u00e0 des produits potentiellement nocifs. Nous appr\u00e9cions votre coop\u00e9ration pour vous conformer \u00e0 notre politique de v\u00e9rification de l'\u00e2ge, afin que nous puissions continuer \u00e0 servir le march\u00e9 de l'UE de mani\u00e8re responsable et l\u00e9gale.<\/p>\n<hr \/>\n<p>Si vous avez des questions ou des pr\u00e9occupations concernant notre politique de v\u00e9rification de l'\u00e2ge ou votre admissibilit\u00e9 \u00e0 acheter chez nous, n'h\u00e9sitez pas \u00e0 nous contacter \u00e0 <strong><a rel=\"noopener\">info@fumotxpress.de<\/a><\/strong>.<\/p>","protected":false},"excerpt":{"rendered":"<p>Chez Fumotxpress.de, nous nous engageons \u00e0 fournir une exp\u00e9rience de vapotage responsable et l\u00e9gale \u00e0 nos clients \u00e0 travers l'Union europ\u00e9enne. Nos produits sont strictement destin\u00e9s \u00e0 une utilisation adulte uniquement, et nous maintenons les normes les plus \u00e9lev\u00e9es pour garantir la conformit\u00e9 \u00e0 toutes les r\u00e9glementations l\u00e9gales r\u00e9gissant la vente de produits de vapotage. 1. Exigence d'\u00e2ge Conform\u00e9ment \u00e0 l'UE [\u2026]","protected":false},"author":1,"featured_media":0,"parent":0,"menu_order":0,"comment_status":"closed","ping_status":"closed","template":"page-blank-title-center.php","meta":{"om_disable_all_campaigns":false,"footnotes":""},"class_list":["post-1277","page","type-page","status-publish","hentry"],"_links":{"self":[{"href":"https:\/\/fumotxpress.de\/fr\/wp-json\/wp\/v2\/pages\/1277","targetHints":{"allow":["GET"]}}],"collection":[{"href":"https:\/\/fumotxpress.de\/fr\/wp-json\/wp\/v2\/pages"}],"about":[{"href":"https:\/\/fumotxpress.de\/fr\/wp-json\/wp\/v2\/types\/page"}],"author":[{"embeddable":true,"href":"https:\/\/fumotxpress.de\/fr\/wp-json\/wp\/v2\/users\/1"}],"replies":[{"embeddable":true,"href":"https:\/\/fumotxpress.de\/fr\/wp-json\/wp\/v2\/comments?post=1277"}],"version-history":[{"count":0,"href":"https:\/\/fumotxpress.de\/fr\/wp-json\/wp\/v2\/pages\/1277\/revisions"}],"wp:attachment":[{"href":"https:\/\/fumotxpress.de\/fr\/wp-json\/wp\/v2\/media?parent=1277"}],"curies":[{"name":"wp","href":"https:\/\/api.w.org\/{rel}","templated":true}]}}