{"id":1268,"date":"2024-11-09T08:08:21","date_gmt":"2024-11-09T08:08:21","guid":{"rendered":"https:\/\/fumotxpress.de\/?page_id=1268"},"modified":"2024-11-09T08:08:21","modified_gmt":"2024-11-09T08:08:21","slug":"politique-de-remboursement-de-fumotxpress","status":"publish","type":"page","link":"https:\/\/fumotxpress.de\/fr\/politique-de-remboursement-de-fumotxpress\/","title":{"rendered":"Politique de remboursement de Fumotxpress"},"content":{"rendered":"<p>\u00c0 <strong>Fumotxpress<\/strong>Nous sommes fiers de livrer des vapes jetables de haute qualit\u00e9 \u00e0 votre porte \u00e0 travers l'Europe. Votre satisfaction est notre priorit\u00e9 absolue et nous nous engageons \u00e0 fournir une exp\u00e9rience fluide et fiable \u00e0 tous nos clients. Vous trouverez ci-dessous un guide d\u00e9taill\u00e9 sur notre politique de remboursement :<\/p>\n<h4>1. <strong>\u00c9ligibilit\u00e9 aux remboursements<\/strong><\/h4>\n<p>Nous voulons que vous soyez enti\u00e8rement satisfait de votre achat. Si, pour quelque raison que ce soit, vous n'\u00eates pas compl\u00e8tement satisfait de votre produit, nous offrons une politique de remboursement simple. Les remboursements sont disponibles dans les conditions suivantes :<\/p>\n<ul>\n<li><strong>Produits endommag\u00e9s ou d\u00e9fectueux :<\/strong> Si vous recevez un article d\u00e9fectueux ou endommag\u00e9 pendant le transport, veuillez nous en informer dans les <strong>14 jours<\/strong> de r\u00e9ception de votre commande. Nous serons ravis de vous rembourser int\u00e9gralement ou d'\u00e9changer l'article d\u00e9fectueux sans frais suppl\u00e9mentaires.<\/li>\n<li><strong>Article Incorrect Recu :<\/strong> Dans le cas rare o\u00f9 le mauvais article vous a \u00e9t\u00e9 livr\u00e9, contactez-nous dans <strong>14 jours<\/strong> \u00e0 partir du re\u00e7u. Nous vous enverrons l'article correct et \u00e9mettrons un remboursement complet ou un \u00e9change, selon votre pr\u00e9f\u00e9rence.<\/li>\n<li><strong>Annulations de commande :<\/strong> Si vous changez d'avis et souhaitez annuler votre commande, veuillez nous contacter avant que la commande ne soit exp\u00e9di\u00e9e. Si l'article n'a pas encore quitt\u00e9 notre entrep\u00f4t, nous traiterons l'annulation et \u00e9mettrons un remboursement complet. Malheureusement, une fois qu'une commande a \u00e9t\u00e9 exp\u00e9di\u00e9e, les annulations ne peuvent pas \u00eatre trait\u00e9es.<\/li>\n<\/ul>\n<h4>2. <strong>Processus de retour<\/strong><\/h4>\n<ul>\n<li>Pour commencer le processus de remboursement, veuillez <strong>Contactez-nous<\/strong> \u00e0 <a rel=\"noopener\">info@fumotxpress.de<\/a> avec les d\u00e9tails de votre commande et une description du probl\u00e8me. Un repr\u00e9sentant de notre \u00e9quipe de service client vous guidera \u00e0 travers la proc\u00e9dure de retour ou de remboursement.<\/li>\n<li>Veuillez conserver le produit dans son \u00e9tat d'origine, inutilis\u00e9, pour \u00eatre admissible \u00e0 un remboursement. Les articles utilis\u00e9s ou ouverts, pour des raisons d'hygi\u00e8ne et de s\u00e9curit\u00e9, ne sont pas \u00e9ligibles aux retours.<\/li>\n<li>Si vous retournez un produit, assurez-vous qu'il est emball\u00e9 de mani\u00e8re s\u00e9curis\u00e9e pour \u00e9viter tout dommage suppl\u00e9mentaire pendant le transport. Les frais de shipping pour le retour sont \u00e0 la charge du client, sauf si l'article est d\u00e9fectueux ou incorrect.<\/li>\n<\/ul>\n<h4>3. <strong>Traitement des remboursements<\/strong><\/h4>\n<p>Une fois que votre demande de retour ou de remboursement est approuv\u00e9e, vous recevrez un e-mail de confirmation. Les remboursements seront trait\u00e9s selon la m\u00e9thode de paiement initiale, qui peut inclure PayPal, la carte de cr\u00e9dit ou le virement bancaire (selon votre m\u00e9thode de paiement).<\/p>\n<ul>\n<li><strong>Transactions PayPal :<\/strong> Si vous avez pay\u00e9 via PayPal, le remboursement sera cr\u00e9dit\u00e9 sur votre compte PayPal dans les <strong>5 \u00e0 7 jours ouvrables<\/strong>.<\/li>\n<li><strong>Paiements par carte de cr\u00e9dit\/SEPA :<\/strong> Les remboursements effectu\u00e9s par carte de cr\u00e9dit ou virement bancaire SEPA peuvent prendre <strong>jusqu'\u00e0 10 jours ouvrables<\/strong> \u00e0 traiter.<\/li>\n<li><strong>Paiements en crypto-monnaies :<\/strong> Si vous avez pay\u00e9 en utilisant une crypto-monnaie, les remboursements seront trait\u00e9s dans la m\u00eame crypto-monnaie qui a \u00e9t\u00e9 utilis\u00e9e pour le paiement initial.<\/li>\n<\/ul>\n<h4>4. <strong>Articles non remboursables<\/strong><\/h4>\n<p>Pour des raisons de sant\u00e9 et d'hygi\u00e8ne, certains articles ne sont pas retournables et ne peuvent pas \u00eatre rembours\u00e9s, notamment :<\/p>\n<ul>\n<li>Vapes jetables ouverts ou utilis\u00e9s<\/li>\n<li>E-liquides et autres produits consommables<\/li>\n<li>Les produits qui ont \u00e9t\u00e9 achet\u00e9s en solde ou avec des remises promotionnelles (sauf s'ils sont d\u00e9fectueux)<\/li>\n<\/ul>\n<h4>5. <strong>Frais d'exp\u00e9dition<\/strong><\/h4>\n<p>Veuillez noter que les frais d'exp\u00e9dition sont g\u00e9n\u00e9ralement non remboursables, sauf si le produit est d\u00e9fectueux ou endommag\u00e9. Dans le cas d'articles d\u00e9fectueux ou incorrects, <strong>Fumotxpress<\/strong> couvrira les frais de retour de l'exp\u00e9dition.<\/p>\n<h4>6. <strong>\u00c9changes<\/strong><\/h4>\n<p>Si vous pr\u00e9f\u00e9rez un \u00e9change contre un article diff\u00e9rent (comme une autre saveur ou un autre mod\u00e8le), nous organiserons un \u00e9change d\u00e8s r\u00e9ception de votre produit retourn\u00e9. Toute diff\u00e9rence de prix entre l'article original et l'article \u00e9chang\u00e9 sera factur\u00e9e ou rembours\u00e9e en cons\u00e9quence.<\/p>\n<h4>7. <strong>Commande Non Re\u00e7ue \/ Perdue en Cours de Transport<\/strong><\/h4>\n<p>Dans l'\u00e9ventualit\u00e9 o\u00f9 votre commande est perdue ou non livr\u00e9e dans le d\u00e9lai indiqu\u00e9 (3 \u00e0 7 jours ouvrables pour la plupart des pays europ\u00e9ens), veuillez contacter imm\u00e9diatement notre \u00e9quipe de service client. Nous vous aiderons \u00e0 suivre le colis ou \u00e0 lancer une r\u00e9clamation aupr\u00e8s du transporteur pour localiser le paquet. Si la commande ne peut pas \u00eatre trouv\u00e9e, nous vous proposerons un remplacement ou un remboursement, selon votre pr\u00e9f\u00e9rence.<\/p>\n<h4>8. <strong>Service client<\/strong><\/h4>\n<p>Pour toutes les demandes li\u00e9es aux remboursements ou aux retours, veuillez contacter notre \u00e9quipe de service client\u00e8le \u00e0 <a rel=\"noopener\">info@fumotxpress.de<\/a>Nous sommes \u00e0 votre disposition pour vous aider avec tout probl\u00e8me que vous pourriez rencontrer et garantir votre exp\u00e9rience avec <strong>Fumotxpress<\/strong> est sans tracas.<\/p>\n<hr \/>\n<p><strong>Fumotxpress<\/strong> s'efforce de fournir une exp\u00e9rience d'achat fluide avec des produits de haute qualit\u00e9, et nous sommes d\u00e9termin\u00e9s \u00e0 r\u00e9soudre tout probl\u00e8me avec le plus grand professionnalisme et soin.<\/p>\n<p>Merci d'avoir choisi <strong>Fumotxpress<\/strong> \u2013 Vapes jetables premium d'Allemagne !<\/p>","protected":false},"excerpt":{"rendered":"<p>Chez Fumotxpress, nous sommes fiers de livrer des vapes jetables de haute qualit\u00e9 \u00e0 votre porte \u00e0 travers l'Europe. Votre satisfaction est notre priorit\u00e9 absolue, et nous nous engageons \u00e0 fournir une exp\u00e9rience fluide et fiable pour tous nos clients. Vous trouverez ci-dessous un guide d\u00e9taill\u00e9 sur notre politique de remboursement : 1. \u00c9ligibilit\u00e9 aux remboursements Nous voulons que vous soyez pleinement [\u2026]","protected":false},"author":1,"featured_media":0,"parent":0,"menu_order":0,"comment_status":"closed","ping_status":"closed","template":"page-blank-title-center.php","meta":{"om_disable_all_campaigns":false,"footnotes":""},"class_list":["post-1268","page","type-page","status-publish","hentry"],"_links":{"self":[{"href":"https:\/\/fumotxpress.de\/fr\/wp-json\/wp\/v2\/pages\/1268","targetHints":{"allow":["GET"]}}],"collection":[{"href":"https:\/\/fumotxpress.de\/fr\/wp-json\/wp\/v2\/pages"}],"about":[{"href":"https:\/\/fumotxpress.de\/fr\/wp-json\/wp\/v2\/types\/page"}],"author":[{"embeddable":true,"href":"https:\/\/fumotxpress.de\/fr\/wp-json\/wp\/v2\/users\/1"}],"replies":[{"embeddable":true,"href":"https:\/\/fumotxpress.de\/fr\/wp-json\/wp\/v2\/comments?post=1268"}],"version-history":[{"count":0,"href":"https:\/\/fumotxpress.de\/fr\/wp-json\/wp\/v2\/pages\/1268\/revisions"}],"wp:attachment":[{"href":"https:\/\/fumotxpress.de\/fr\/wp-json\/wp\/v2\/media?parent=1268"}],"curies":[{"name":"wp","href":"https:\/\/api.w.org\/{rel}","templated":true}]}}