{"id":1259,"date":"2024-11-08T13:46:27","date_gmt":"2024-11-08T13:46:27","guid":{"rendered":"https:\/\/fumotxpress.de\/?page_id=1259"},"modified":"2024-11-08T13:51:40","modified_gmt":"2024-11-08T13:51:40","slug":"offres-de-coupons-fumotxpress","status":"publish","type":"page","link":"https:\/\/fumotxpress.de\/fr\/offres-de-coupons-fumotxpress\/","title":{"rendered":"Fumotxpress Remises &amp; Offres"},"content":{"rendered":"<section class=\"section\" id=\"section_1882713399\">\n\t\t<div class=\"section-bg fill\" >\n\t\t\t\t\t\t\t\t\t\n\t\t\t\n\n\t\t<\/div>\n\n\t\t\n\n\t\t<div class=\"section-content relative\">\n\t\t\t\n\t<div id=\"gap-456642495\" class=\"gap-element clearfix\" style=\"display:block; height:auto;\">\n\t\t\n<style>\n#gap-456642495 {\n  padding-top: 30px;\n}\n<\/style>\n\t<\/div>\n\t\n<div class=\"row row-large\"  id=\"row-1188922854\">\n\n\t<div id=\"col-794925779\" class=\"col medium-12 small-12 large-6\"  >\n\t\t\t\t<div class=\"col-inner\"  >\n\t\t\t\n\t\t\t\n\t<div id=\"text-216302240\" class=\"text\">\n\t\t\n<p><strong>Fumotxpress Remises &amp; Offres \u2013 \u00c9conomisez Gros sur les Vapes Jetables Premium<\/strong><\/p>\n\t\t\n<style>\n#text-216302240 {\n  font-size: 1.5rem;\n}\n<\/style>\n\t<\/div>\n\t\n<p>Chez Fumotxpress, nous sommes d\u00e9di\u00e9s \u00e0 offrir les meilleures cigarettes \u00e9lectroniques jetables \u00e0 des prix imbattables. Que vous achetiez une unit\u00e9 unique ou passiez une commande en gros, nos coupons et promotions exclusifs vous aident \u00e0 \u00e9conomiser sur des marques premium comme Al Fakher, Fizzy, OBEELAB HHC et SMPO DL02. Revenez souvent pour les derni\u00e8res remises, les offres saisonni\u00e8res et les offres de gros.<\/p>\n<p><strong>Comment obtenir des coupons Fumotxpress<\/strong><\/p>\n<ul>\n<li><strong>Inscrivez-vous \u00e0 notre newsletter :<\/strong> Restez inform\u00e9s des codes de r\u00e9duction exclusifs et des offres sp\u00e9ciales directement dans votre bo\u00eete de r\u00e9ception.<\/li>\n<li><strong>Suivez-nous sur les m\u00e9dias sociaux :<\/strong> Soyez inform\u00e9s des ventes flash et des promotions sp\u00e9ciales en nous suivant sur Instagram, Facebook et Twitter.<\/li>\n<li><strong>Consultez r\u00e9guli\u00e8rement notre page de promotions :<\/strong> Visitez notre site Web pour trouver des remises saisonni\u00e8res \u00e0 jour et des codes de r\u00e9duction pour tous vos vapes jetables pr\u00e9f\u00e9r\u00e9s.<\/li>\n<\/ul>\n<p><strong>Offres actuelles<\/strong><\/p>\n<ul>\n<li><strong>Livraison gratuite :<\/strong> Les commandes sup\u00e9rieures \u00e0 49,99 \u20ac en Allemagne et \u00e0 99,99 \u20ac dans l'UE sont \u00e9ligibles \u00e0 la livraison gratuite.<\/li>\n<li><strong>Remises exclusives :<\/strong> Soyez \u00e0 l'aff\u00fbt des codes de promotion \u00e0 dur\u00e9e limit\u00e9e et des offres saisonni\u00e8res.<\/li>\n<\/ul>\n<p><strong>Conditions g\u00e9n\u00e9rales<\/strong> Les coupons sont soumis \u00e0 des conditions g\u00e9n\u00e9rales. Les remises ne peuvent pas \u00eatre cumul\u00e9es et certaines exclusions peuvent s'appliquer. Pour plus de d\u00e9tails, veuillez contacter notre \u00e9quipe de support client.<\/p>\n<p><strong>Commencez \u00e0 \u00e9conomiser d\u00e8s aujourd'hui !<\/strong> Explorez notre collection premium de vapes jetables et utilisez nos derniers coupons pour obtenir les meilleurs prix. Fumotxpress livre directement depuis notre entrep\u00f4t europ\u00e9en, garantissant une livraison rapide en 3-7 jours.<\/p>\n<p>Pour plus d'informations ou de questions, contactez-nous \u00e0 : <a rel=\"noopener\">info@fumotxpress.de<\/a>.<\/p>\n<a href=\"https:\/\/vapebaz.com\/shop\/\" class=\"button primary\" target=\"_blank\" rel=\"noopener\">\n\t\t<span>Commandez maintenant !<\/span>\n\t<\/a>\n\n\t\t<\/div>\n\t\t\t\t\t<\/div>\n\n\t\n\n\t<div id=\"col-1842877539\" class=\"col medium-12 small-12 large-6\"  >\n\t\t\t\t<div class=\"col-inner\"  >\n\t\t\t\n\t\t\t\n\n\t\t<div class=\"icon-box featured-box icon-box-left text-left\"  >\n\t\t\t\t\t<div class=\"icon-box-img\" style=\"width: 50px\">\n\t\t\t\t<div class=\"icon\">\n\t\t\t\t\t<div class=\"icon-inner\" >\n\t\t\t\t\t\t\t\t\t\t\t<\/div>\n\t\t\t\t<\/div>\n\t\t\t<\/div>\n\t\t\t\t<div class=\"icon-box-text last-reset\">\n\t\t\t\t\t\t\t\t\t\n<h3>GET 1% OFF<\/h3>\n<h4><strong>OBTENIR 11% DE R\u00c9DUCTION SUR LES COMMANDES SUP\u00c9RIEURES \u00c0 100\u20ac\/1% DE R\u00c9DUCTION POUR 100<\/strong><\/h4>\n<p>Expire le : 31\/12\/2024<\/p>\n<a class=\"button primary\"  >\n\t\t<span>Coupon : fumotx1<\/span>\n\t<\/a>\n\n\t\t<\/div>\n\t<\/div>\n\t\n\t\n\t<div id=\"gap-2028805677\" class=\"gap-element clearfix\" style=\"display:block; height:auto;\">\n\t\t\n<style>\n#gap-2028805677 {\n  padding-top: 30px;\n}\n<\/style>\n\t<\/div>\n\t\n\n\t\t<div class=\"icon-box featured-box icon-box-left text-left\"  >\n\t\t\t\t\t<div class=\"icon-box-img\" style=\"width: 50px\">\n\t\t\t\t<div class=\"icon\">\n\t\t\t\t\t<div class=\"icon-inner\" >\n\t\t\t\t\t\t\t\t\t\t\t<\/div>\n\t\t\t\t<\/div>\n\t\t\t<\/div>\n\t\t\t\t<div class=\"icon-box-text last-reset\">\n\t\t\t\t\t\t\t\t\t\n<h3>GET 2% OFF<\/h3>\n<h4><strong>OBTENIR 21% DE R\u00c9DUCTION SUR LES COMMANDES SUP\u00c9RIEURES \u00c0 250\u20ac\/$250<\/strong><\/h4>\n<p>Expire le : 31\/12\/2024<\/p>\n<a class=\"button primary\"  >\n\t\t<span>Coupon : fumotx2<\/span>\n\t<\/a>\n\n\t\t<\/div>\n\t<\/div>\n\t\n\t\n\t<div id=\"gap-1779658975\" class=\"gap-element clearfix\" style=\"display:block; height:auto;\">\n\t\t\n<style>\n#gap-1779658975 {\n  padding-top: 30px;\n}\n<\/style>\n\t<\/div>\n\t\n\n\t\t<div class=\"icon-box featured-box icon-box-left text-left\"  >\n\t\t\t\t\t<div class=\"icon-box-img\" style=\"width: 50px\">\n\t\t\t\t<div class=\"icon\">\n\t\t\t\t\t<div class=\"icon-inner\" >\n\t\t\t\t\t\t\t\t\t\t\t<\/div>\n\t\t\t\t<\/div>\n\t\t\t<\/div>\n\t\t\t\t<div class=\"icon-box-text last-reset\">\n\t\t\t\t\t\t\t\t\t\n<h3>GET 3% OFF<\/h3>\n<h4><strong>OBTENIR 3% DE R\u00c9DUCTION SUR LES COMMANDES SUP\u00c9RIEURES \u00c0 \u20ac500\/$500<\/strong><\/h4>\n<p>Expire le : 31\/12\/2024<\/p>\n<a class=\"button primary\"  >\n\t\t<span>Coupon : fumotx3<\/span>\n\t<\/a>\n\n\t\t<\/div>\n\t<\/div>\n\t\n\t\n\t<div id=\"gap-1452374168\" class=\"gap-element clearfix\" style=\"display:block; height:auto;\">\n\t\t\n<style>\n#gap-1452374168 {\n  padding-top: 50px;\n}\n<\/style>\n\t<\/div>\n\t\n\n  <div class=\"banner has-hover\" id=\"banner-1915534929\">\n          <div class=\"banner-inner fill\">\n        <div class=\"banner-bg fill\" >\n            <img loading=\"lazy\" decoding=\"async\" width=\"1000\" height=\"1000\" src=\"https:\/\/fumotxpress.de\/wp-content\/uploads\/2024\/11\/Fumot-RandM-Digital-Box-12000.webp\" class=\"bg attachment-original size-original\" alt=\"Fumot-RandM-Digital-Box-12000.\" \/>                                    \n                    <\/div>\n\t\t\n        <div class=\"banner-layers container\">\n            <div class=\"fill banner-link\"><\/div>            \n   <div id=\"text-box-2119596844\" class=\"text-box banner-layer x50 md-x50 lg-x50 y50 md-y50 lg-y50 res-text\">\n                                <div class=\"text-box-content text dark\">\n              \n              <div class=\"text-inner text-center\">\n                  \n              <\/div>\n           <\/div>\n                            \n<style>\n#text-box-2119596844 {\n  width: 60%;\n}\n#text-box-2119596844 .text-box-content {\n  font-size: 100%;\n}\n@media (min-width:550px) {\n  #text-box-2119596844 {\n    width: 60%;\n  }\n}\n<\/style>\n    <\/div>\n \n        <\/div>\n      <\/div>\n\n            \n<style>\n#banner-1915534929 {\n  padding-top: 99%;\n}\n#banner-1915534929 .banner-bg img {\n  object-position: 18% 0%;\n}\n<\/style>\n  <\/div>\n\n\n\t\t<\/div>\n\t\t\t\t\t<\/div>\n\n\t\n<\/div>\n\t\t<\/div>\n\n\t\t\n<style>\n#section_1882713399 {\n  padding-top: 30px;\n  padding-bottom: 30px;\n}\n<\/style>\n\t<\/section>","protected":false},"excerpt":{"rendered":"","protected":false},"author":1,"featured_media":0,"parent":0,"menu_order":0,"comment_status":"closed","ping_status":"closed","template":"page-blank-title-center.php","meta":{"om_disable_all_campaigns":false,"footnotes":""},"class_list":["post-1259","page","type-page","status-publish","hentry"],"_links":{"self":[{"href":"https:\/\/fumotxpress.de\/fr\/wp-json\/wp\/v2\/pages\/1259","targetHints":{"allow":["GET"]}}],"collection":[{"href":"https:\/\/fumotxpress.de\/fr\/wp-json\/wp\/v2\/pages"}],"about":[{"href":"https:\/\/fumotxpress.de\/fr\/wp-json\/wp\/v2\/types\/page"}],"author":[{"embeddable":true,"href":"https:\/\/fumotxpress.de\/fr\/wp-json\/wp\/v2\/users\/1"}],"replies":[{"embeddable":true,"href":"https:\/\/fumotxpress.de\/fr\/wp-json\/wp\/v2\/comments?post=1259"}],"version-history":[{"count":0,"href":"https:\/\/fumotxpress.de\/fr\/wp-json\/wp\/v2\/pages\/1259\/revisions"}],"wp:attachment":[{"href":"https:\/\/fumotxpress.de\/fr\/wp-json\/wp\/v2\/media?parent=1259"}],"curies":[{"name":"wp","href":"https:\/\/api.w.org\/{rel}","templated":true}]}}