{"id":1235,"date":"2024-11-08T12:34:51","date_gmt":"2024-11-08T12:34:51","guid":{"rendered":"https:\/\/fumotxpress.de\/?page_id=1235"},"modified":"2024-11-08T13:37:00","modified_gmt":"2024-11-08T13:37:00","slug":"contactez-nous","status":"publish","type":"page","link":"https:\/\/fumotxpress.de\/fr\/contactez-nous\/","title":{"rendered":"Nous contacter"},"content":{"rendered":"<div id=\"text-1406830024\" class=\"text\">\n\t\t\n<p>Envoyez-nous un message \u00e0 tout moment<br \/>\n\t\t\n<style>\n#text-1406830024 {\n  text-align: center;\n}\n<\/style>\n\t<\/div>\n\t\n\t<div id=\"text-3005016427\" class=\"text\">\n\t\t\n<p>Nous sommes l\u00e0 pour vous aider avec tous vos besoins en mati\u00e8re de vapes jetables. Que vous ayez une question sur nos produits, que vous ayez besoin d'aide pour une commande ou que vous souhaitiez simplement nous contacter, notre \u00e9quipe est pr\u00eate \u00e0 vous soutenir.<\/p>\n<p><strong>Comment nous joindre<\/strong><\/p>\n<ul>\n<li><strong>Courriel:<\/strong> <a rel=\"noopener\">info@fumotxpress.de<\/a><\/li>\n<li><strong>Whatsapp<\/strong> +49 15217575842<\/li>\n<\/ul>\n<p><strong>Lieu :<\/strong><br \/>\nFumotxpress \u2013 Vapes jetables Premium<br \/>\nExp\u00e9di\u00e9 directement depuis notre entrep\u00f4t europ\u00e9en en Allemagne.<\/p>\n<p>Nous nous r\u00e9jouissons de vous entendre !<\/p>\n\t\t\n<style>\n#text-3005016427 {\n  text-align: left;\n}\n<\/style>\n\t<\/div>\n\t\n\t<div id=\"gap-1530521900\" class=\"gap-element clearfix\" style=\"display:block; height:auto;\">\n\t\t\n<style>\n#gap-1530521900 {\n  padding-top: 30px;\n}\n<\/style>\n\t<\/div>\n\t\n<div class=\"row\"  id=\"row-126850984\">\n\n\t<div id=\"col-26829074\" class=\"col medium-6 small-12 large-6\"  >\n\t\t\t\t<div class=\"col-inner\"  >\n\t\t\t\n\t\t\t\n\n<div class=\"wpcf7 no-js\" id=\"wpcf7-f1242-o1\" lang=\"en-US\" dir=\"ltr\" data-wpcf7-id=\"1242\">\n<div class=\"screen-reader-response\"><p role=\"status\" aria-live=\"polite\" aria-atomic=\"true\"><\/p> <ul><\/ul><\/div>\n<form action=\"\/fr\/wp-json\/wp\/v2\/pages\/1235#wpcf7-f1242-o1\" method=\"post\" class=\"wpcf7-form init\" aria-label=\"Formulaire de contact\" novalidate=\"novalidate\" data-status=\"init\" data-trp-original-action=\"\/fr\/wp-json\/wp\/v2\/pages\/1235#wpcf7-f1242-o1\">\n<fieldset class=\"hidden-fields-container\"><input type=\"hidden\" name=\"_wpcf7\" value=\"1242\" \/><input type=\"hidden\" name=\"_wpcf7_version\" value=\"6.1.1\" \/><input type=\"hidden\" name=\"_wpcf7_locale\" value=\"en_US\" \/><input type=\"hidden\" name=\"_wpcf7_unit_tag\" value=\"wpcf7-f1242-o1\" \/><input type=\"hidden\" name=\"_wpcf7_container_post\" value=\"0\" \/><input type=\"hidden\" name=\"_wpcf7_posted_data_hash\" value=\"\" \/>\n<\/fieldset>\n<p><label> Votre nom<br \/>\n<span class=\"wpcf7-form-control-wrap\" data-name=\"your-name\"><input size=\"40\" maxlength=\"400\" class=\"wpcf7-form-control wpcf7-text wpcf7-validates-as-required\" autocomplete=\"name\" aria-required=\"true\" aria-invalid=\"false\" value=\"\" type=\"text\" name=\"your-name\" \/><\/span> <\/label>\n<\/p>\n<p><label> Votre courrier \u00e9lectronique<br \/>\n<span class=\"wpcf7-form-control-wrap\" data-name=\"your-email\"><input size=\"40\" maxlength=\"400\" class=\"wpcf7-form-control wpcf7-email wpcf7-validates-as-required wpcf7-text wpcf7-validates-as-email\" autocomplete=\"email\" aria-required=\"true\" aria-invalid=\"false\" value=\"\" type=\"email\" name=\"your-email\" \/><\/span> <\/label>\n<\/p>\n<p><label> Objet<br \/>\n<span class=\"wpcf7-form-control-wrap\" data-name=\"your-subject\"><input size=\"40\" maxlength=\"400\" class=\"wpcf7-form-control wpcf7-text wpcf7-validates-as-required\" aria-required=\"true\" aria-invalid=\"false\" value=\"\" type=\"text\" name=\"your-subject\" \/><\/span> <\/label>\n<\/p>\n<p><label> Votre message (facultatif)<br \/>\n<span class=\"wpcf7-form-control-wrap\" data-name=\"your-message\"><textarea cols=\"40\" rows=\"10\" maxlength=\"2000\" class=\"wpcf7-form-control wpcf7-textarea\" aria-invalid=\"false\" name=\"your-message\"><\/textarea><\/span> <\/label>\n<\/p>\n<p><input class=\"wpcf7-form-control wpcf7-submit has-spinner\" type=\"submit\" value=\"Soumettre\" \/>\n<\/p><div class=\"wpcf7-response-output\" aria-hidden=\"true\"><\/div>\n<input type=\"hidden\" name=\"trp-form-language\" value=\"fr\"\/><\/form>\n<\/div>\n\n\t\t<\/div>\n\t\t\t\t\t<\/div>\n\n\t\n\n\t<div id=\"col-1098407126\" class=\"col medium-6 small-12 large-6\"  >\n\t\t\t\t<div class=\"col-inner\"  >\n\t\t\t\n\t\t\t\n\n  <div class=\"banner has-hover\" id=\"banner-732841528\">\n          <div class=\"banner-inner fill\">\n        <div class=\"banner-bg fill\" >\n            <img loading=\"lazy\" decoding=\"async\" width=\"2000\" height=\"2000\" src=\"https:\/\/fumotxpress.de\/wp-content\/uploads\/2024\/10\/Al-Fakher-Crown-Bar-Big-Cloud-8000-PRO-Zuge-Einweg-E-Zigarette-Two-Apple-2.webp\" class=\"bg attachment-original size-original\" alt=\"\" \/>                                    \n                    <\/div>\n\t\t\n        <div class=\"banner-layers container\">\n            <a class=\"fill\" href=\"https:\/\/vapebaz.com\/product-category\/vapsolo-disposable-vape\/\" target=\"_blank\" rel=\"noopener\"><div class=\"fill banner-link\"><\/div><\/a>            \n   <div id=\"text-box-40513078\" class=\"text-box banner-layer x50 md-x50 lg-x50 y50 md-y50 lg-y50 res-text\">\n                                <div class=\"text-box-content text dark\">\n              \n              <div class=\"text-inner text-center\">\n                  \n              <\/div>\n           <\/div>\n                            \n<style>\n#text-box-40513078 {\n  width: 60%;\n}\n#text-box-40513078 .text-box-content {\n  font-size: 100%;\n}\n@media (min-width:550px) {\n  #text-box-40513078 {\n    width: 60%;\n  }\n}\n<\/style>\n    <\/div>\n \n        <\/div>\n      <\/div>\n\n            \n<style>\n#banner-732841528 {\n  padding-top: 99%;\n}\n#banner-732841528 .banner-bg img {\n  object-position: 6% 0%;\n}\n<\/style>\n  <\/div>\n\n\n\t\t<\/div>\n\t\t\t\t\t<\/div>\n\n\t\n<\/div>","protected":false},"excerpt":{"rendered":"","protected":false},"author":1,"featured_media":0,"parent":0,"menu_order":0,"comment_status":"closed","ping_status":"closed","template":"page-blank-title-center.php","meta":{"om_disable_all_campaigns":false,"footnotes":""},"class_list":["post-1235","page","type-page","status-publish","hentry"],"_links":{"self":[{"href":"https:\/\/fumotxpress.de\/fr\/wp-json\/wp\/v2\/pages\/1235","targetHints":{"allow":["GET"]}}],"collection":[{"href":"https:\/\/fumotxpress.de\/fr\/wp-json\/wp\/v2\/pages"}],"about":[{"href":"https:\/\/fumotxpress.de\/fr\/wp-json\/wp\/v2\/types\/page"}],"author":[{"embeddable":true,"href":"https:\/\/fumotxpress.de\/fr\/wp-json\/wp\/v2\/users\/1"}],"replies":[{"embeddable":true,"href":"https:\/\/fumotxpress.de\/fr\/wp-json\/wp\/v2\/comments?post=1235"}],"version-history":[{"count":0,"href":"https:\/\/fumotxpress.de\/fr\/wp-json\/wp\/v2\/pages\/1235\/revisions"}],"wp:attachment":[{"href":"https:\/\/fumotxpress.de\/fr\/wp-json\/wp\/v2\/media?parent=1235"}],"curies":[{"name":"wp","href":"https:\/\/api.w.org\/{rel}","templated":true}]}}