{"id":4413,"date":"2025-07-25T05:07:59","date_gmt":"2025-07-25T05:07:59","guid":{"rendered":"https:\/\/fumotxpress.de\/?post_type=product&#038;p=4413"},"modified":"2025-07-26T04:49:24","modified_gmt":"2025-07-26T04:49:24","slug":"elfbar-combo-pro-30000-bocanadas-vape-desechable","status":"publish","type":"product","link":"https:\/\/fumotxpress.de\/es\/producto\/elfbar-combo-pro-30000-bocanadas-vape-desechable\/","title":{"rendered":"ELFBAR Combo Pro 30000 Puffs Disposable Vape  Una caja (10PCS)"},"content":{"rendered":"<h2><strong>Detalles:<\/strong>La cantidad m\u00e1xima de trenes\u00a0<strong>ELF Bar Combo Pro 30000<\/strong><\/h2>\n<p>consiste en 30000 tiradas. Este innovador dispositivo de vapeo desechable combina tres sabores, dos modos y dos sistemas de flujo de aire en un solo dispositivo, ofreciendo as\u00ed una experiencia de vapeo inigualable. Esto se logra mediante el uso de conceptos de dise\u00f1o y t\u00e9cnicas de fabricaci\u00f3n de \u00faltima generaci\u00f3n. El dise\u00f1o de flujo de aire dual y la combinaci\u00f3n de sabores del ELF Bar Combo Pro 30000 son sus mayores fortalezas. El interruptor combo permite tres variantes del Combo Pro 30000. Cada una de las tres posiciones del interruptor - lateral y central - representa un modo de sabor diferente. Ambos lados del interruptor combo son ajustables.<\/p>\n<p><strong>Datos t\u00e9cnicos:<\/strong><br \/>\n700 mAh bater\u00eda<br \/>\n17 ml Fassungsverm\u00f6gen \n\nbecomes \n\n17 ml capacity \n\n No change needed \n\n17 ml capacidad<br \/>\n5 % Fuerza<br \/>\nHasta 30.000 trenes<br \/>\nDoble sistema de flujo de aire<br \/>\nMostrar<br \/>\nTipo-C-conector-de-carga<\/p>\n<p><strong>Paquete incluye:<\/strong><br \/>\n1 pieza* Kit desechable ELF Bar Combo Pro 30000<\/p>\n<p><img decoding=\"async\" src=\"https:\/\/fumotxpress.de\/wp-content\/uploads\/2025\/07\/1750413917740.png\" alt=\"\" \/><\/p>","protected":false},"excerpt":{"rendered":"<p>700 mAh bater\u00eda<br \/>\n17 ml Fassungsverm\u00f6gen \n\nbecomes \n\n17 ml capacity \n\n No change needed \n\n17 ml capacidad<br \/>\n5 % Fuerza<br \/>\nHasta 30.000 trenes<br \/>\nDoble sistema de flujo de aire<br \/>\nMostrar<br \/>\nTipo-C-conector-de-carga<\/p>","protected":false},"featured_media":4414,"comment_status":"open","ping_status":"closed","template":"","meta":{"om_disable_all_campaigns":false},"product_brand":[],"product_cat":[130],"product_tag":[],"class_list":{"0":"post-4413","1":"product","2":"type-product","3":"status-publish","4":"has-post-thumbnail","6":"product_cat-elfbar-combo-pro-30000-puffs","8":"first","9":"instock","10":"shipping-taxable","11":"purchasable","12":"product-type-variable"},"_links":{"self":[{"href":"https:\/\/fumotxpress.de\/es\/wp-json\/wp\/v2\/product\/4413","targetHints":{"allow":["GET"]}}],"collection":[{"href":"https:\/\/fumotxpress.de\/es\/wp-json\/wp\/v2\/product"}],"about":[{"href":"https:\/\/fumotxpress.de\/es\/wp-json\/wp\/v2\/types\/product"}],"replies":[{"embeddable":true,"href":"https:\/\/fumotxpress.de\/es\/wp-json\/wp\/v2\/comments?post=4413"}],"wp:featuredmedia":[{"embeddable":true,"href":"https:\/\/fumotxpress.de\/es\/wp-json\/wp\/v2\/media\/4414"}],"wp:attachment":[{"href":"https:\/\/fumotxpress.de\/es\/wp-json\/wp\/v2\/media?parent=4413"}],"wp:term":[{"taxonomy":"product_brand","embeddable":true,"href":"https:\/\/fumotxpress.de\/es\/wp-json\/wp\/v2\/product_brand?post=4413"},{"taxonomy":"product_cat","embeddable":true,"href":"https:\/\/fumotxpress.de\/es\/wp-json\/wp\/v2\/product_cat?post=4413"},{"taxonomy":"product_tag","embeddable":true,"href":"https:\/\/fumotxpress.de\/es\/wp-json\/wp\/v2\/product_tag?post=4413"}],"curies":[{"name":"wp","href":"https:\/\/api.w.org\/{rel}","templated":true}]}}