{"id":4063,"date":"2025-07-16T07:48:22","date_gmt":"2025-07-16T07:48:22","guid":{"rendered":"https:\/\/fumotxpress.de\/?post_type=product&#038;p=4063"},"modified":"2025-07-18T04:50:04","modified_gmt":"2025-07-18T04:50:04","slug":"nr-mega-shisha-hookah-100k-recargable-kit-desechable-60ml","status":"publish","type":"product","link":"https:\/\/fumotxpress.de\/es\/producto\/nr-mega-shisha-hookah-100k-recargable-kit-desechable-60ml\/","title":{"rendered":"NR Mega Shisha Hookah 100K Recargable Kit Desechable 60ml"},"content":{"rendered":"<p><strong>detalles:<\/strong><br \/>\nDas\u00a0<strong><a href=\"https:\/\/fumotxpress.de\/es\/producto\/nr-mega-shisha-hookah-100k-recargable-kit-desechable-60ml\/\">JNR Mega Shisha Hookah 100K<\/a> Kit de un solo uso<\/strong>\u00a0Es ist ein beeindruckend langlebiger Einweg-Vape. Es verf\u00fcgt \u00fcber eine 0,2-\u03a9-Mesh-Coil, 60 ml Fassungsverm\u00f6gen und bis zu 100.000 Z\u00fcge. Dank des 2200-mAh-Akkus und der Type-C-Ladefunktion ist es f\u00fcr den Dauereinsatz bereit \u2013 und das alles in kompakter Gr\u00f6\u00dfe mit 2 1\/3 Dampfst\u00e4rke. Es bietet Desktop-Shisha-Kompatibilit\u00e4t, anpassbaren Airflow und DTL-Vaping f\u00fcr ein individuelles Erlebnis. Genie\u00dfen Sie den Komfort von zwei Mundst\u00fccken, 8 Sekunden Dampfzeit und automatischem \u00dcberstundenschutz.<\/p>\n<p><strong>Datos t\u00e9cnicos:<\/strong><br \/>\n\u2022 Bater\u00eda recargable integrada de 2200 mAh<br \/>\n\u2022 Prellenado (60 ml)<br \/>\n\u2022 60 W de potencia de salida<br \/>\n\u2022 Regulaci\u00f3n del flujo de aire<br \/>\n\u2022 Hasta 100.000 trenes<br \/>\n\u2022 DTL-Dampfen unterst\u00fctzt<br \/>\n\u2022 Compatible con dispositivos de shisha para escritorio<br \/>\n\u2022 Pantalla inteligente y luz de respiraci\u00f3n<br \/>\n\u2022 Doble boquilla<br \/>\n\u2022 Regulaci\u00f3n del flujo de aire<br \/>\n\u2022 2 % mayor potencia de vapor<br \/>\n\u2022 Funci\u00f3n de carga USB tipo C (no incluida en el paquete)<\/p>\n<p><strong>Paquete incluye:<\/strong><br \/>\n1* JNR Mega Shisha Hookah 100K Recargable Kit Desechable 60ml<\/p>\n<p>\u3001<img decoding=\"async\" src=\"https:\/\/fumotxpress.de\/wp-content\/uploads\/2025\/07\/JMSH100K20250312_2.jpg\" alt=\"\" \/><\/p>\n<div><iframe title=\"JNR Mega Shisha Hookah 100K\" src=\"https:\/\/player.vimeo.com\/video\/1064999286?badge=0&amp;autopause=0&amp;player_id=0&amp;app_id=58479\" data-ready=\"true\" data-mce-fragment=\"1\"><\/iframe><\/div>","protected":false},"excerpt":{"rendered":"<p>Detalles: El kit JNR Mega Shisha Hookah 100K de un solo uso es un vape de un solo uso impresionantemente duradero. Cuenta con una bobina de malla de 0,2 \u03a9, una capacidad de 60 ml y hasta 100.000 caladas. Gracias a la bater\u00eda de 2200 mAh y la funci\u00f3n de carga de tipo C, est\u00e1 listo para un uso prolongado - y todo esto en un tama\u00f1o compacto con 2 niveles de potencia de vapor. Ofrece compatibilidad con shisha de escritorio, flujo de aire ajustable y vapeo DTL.","protected":false},"featured_media":4092,"comment_status":"open","ping_status":"closed","template":"","meta":{"om_disable_all_campaigns":false},"product_brand":[],"product_cat":[124],"product_tag":[],"class_list":{"0":"post-4063","1":"product","2":"type-product","3":"status-publish","4":"has-post-thumbnail","6":"product_cat-nr-mega-shisha-hookah-100k","8":"first","9":"instock","10":"shipping-taxable","11":"purchasable","12":"product-type-variable"},"_links":{"self":[{"href":"https:\/\/fumotxpress.de\/es\/wp-json\/wp\/v2\/product\/4063","targetHints":{"allow":["GET"]}}],"collection":[{"href":"https:\/\/fumotxpress.de\/es\/wp-json\/wp\/v2\/product"}],"about":[{"href":"https:\/\/fumotxpress.de\/es\/wp-json\/wp\/v2\/types\/product"}],"replies":[{"embeddable":true,"href":"https:\/\/fumotxpress.de\/es\/wp-json\/wp\/v2\/comments?post=4063"}],"wp:featuredmedia":[{"embeddable":true,"href":"https:\/\/fumotxpress.de\/es\/wp-json\/wp\/v2\/media\/4092"}],"wp:attachment":[{"href":"https:\/\/fumotxpress.de\/es\/wp-json\/wp\/v2\/media?parent=4063"}],"wp:term":[{"taxonomy":"product_brand","embeddable":true,"href":"https:\/\/fumotxpress.de\/es\/wp-json\/wp\/v2\/product_brand?post=4063"},{"taxonomy":"product_cat","embeddable":true,"href":"https:\/\/fumotxpress.de\/es\/wp-json\/wp\/v2\/product_cat?post=4063"},{"taxonomy":"product_tag","embeddable":true,"href":"https:\/\/fumotxpress.de\/es\/wp-json\/wp\/v2\/product_tag?post=4063"}],"curies":[{"name":"wp","href":"https:\/\/api.w.org\/{rel}","templated":true}]}}