{"id":365,"date":"2024-10-15T12:26:48","date_gmt":"2024-10-15T12:26:48","guid":{"rendered":"https:\/\/fumotxpress.de\/?post_type=product&#038;p=365"},"modified":"2025-05-20T04:44:34","modified_gmt":"2025-05-20T04:44:34","slug":"pluma-disponible-recargable-de-los-vapes-del-almacen-de-la-barra-del-gramm-del-control-20k-de-la-circulacion-de-aire-de-la-nova-efervescente-20000-soplos","status":"publish","type":"product","link":"https:\/\/fumotxpress.de\/es\/producto\/pluma-disponible-recargable-de-los-vapes-del-almacen-de-la-barra-del-gramm-del-control-20k-de-la-circulacion-de-aire-de-la-nova-efervescente-20000-soplos\/","title":{"rendered":"Fizzy Nova 20000 Puffs Control de Flujo de Aire 20K GRAMM Bar Almac\u00e9n Vapes Pen Desechable Recargable"},"content":{"rendered":"<h2>Fizzy Nova 20000 Puffs Control de Flujo de Aire 20K Vape Desechable \u2013 Una Experiencia de Vapeo Premium<\/h2>\n<p>Der <strong><a href=\"https:\/\/fumotxpress.de\/es\/producto\/fizzy-nova-20000-puffs-airflow-control-20k-disposable-vape\/\">Fizzy Nova 20000 Puffs<\/a> Control de Flujo de Aire 20K Vape Desechable<\/strong> es un dispositivo moderno desechable que combina tecnolog\u00eda avanzada y dise\u00f1o elegante para ofrecer una experiencia de vapeo sobresaliente. Desarrollado tanto para vapeadores experimentados como para principiantes, este bol\u00edgrafo vape recargable combina comodidad, estilo y rendimiento en uno. Se destaca por su durabilidad, caracter\u00edsticas avanzadas y dise\u00f1o de alta calidad respecto a la competencia y es ideal para comercio minorista y mayorista. En <a href=\"https:\/\/fumotxpress.de\/es\/\"><strong>Fumotxpress.de<\/strong><\/a>, la plataforma l\u00edder para vapeadores desechables en Alemania, puedes adquirir este bol\u00edgrafo vapeador premium y beneficiarte de nuestras ofertas inmejorables.<\/p>\n<h3>Descripci\u00f3n del producto: M\u00e1xima calidad e innovaci\u00f3n<\/h3>\n<p>Der <strong>Fizzy Nova 20000 Puffs<\/strong> Se destaca por su incre\u00edble capacidad de 20.000 caladas y sus funciones avanzadas. Esta pluma vapeadora recargable y desechable ofrece una experiencia de vapeo sin igual y establece nuevos est\u00e1ndares en la industria. La <strong>Tecnolog\u00eda de Bobina de Malla Dual<\/strong>, muere <strong>Control de Flujo de Aire<\/strong> y la <strong>Pantalla LCD<\/strong> Hacen que este dispositivo sea una opci\u00f3n ideal para todos aquellos que valoran el rendimiento y la facilidad de uso.<\/p>\n<p>Con la <strong>2% o 5% opci\u00f3n de nicotina<\/strong> y uno <strong>Bater\u00eda de 850mAh<\/strong> establece el <strong>Fizzy Nova<\/strong> seguro que podr\u00e1s disfrutar de una experiencia de vapeo intensa pero controlada durante un per\u00edodo prolongado. La inteligente <strong>Eco- y Turbo-Modos<\/strong> erm\u00f6glichen es Ihnen, Ihre Dampfsitzungen individuell anzupassen und entweder die Akkulaufzeit zu verl\u00e4ngern oder eine kr\u00e4ftigere Dampferfahrung zu genie\u00dfen.\n\n \n permiten que usted personalice sus sesiones de vapeo y disfrute de una experiencia de vapeo m\u00e1s intensa o alargue la vida \u00fatil de la bater\u00eda.<\/p>\n<h3>Caracter\u00edsticas del Fizzy Nova 20000 Puffs<\/h3>\n<ol>\n<li><strong>20.000 Z\u00fcge Kapazit\u00e4t \n\nbecomes \n\n20.000 trenes de capacidad<\/strong>Sustained performance, perfect for vapers who prefer intense and frequent sessions.<\/li>\n<li><strong>Wiederaufladbar<\/strong>: Gracias a la funci\u00f3n recargable y la pantalla LCD, puede comprobar el nivel de carga y el nivel de l\u00edquido electr\u00f3nico en cualquier momento.<\/li>\n<li><strong>Tecnolog\u00eda de Bobina de Malla Dual<\/strong>: Proporciona una experiencia intensa de sabor y vapor con vaporizaci\u00f3n uniforme y optimizada.<\/li>\n<li><strong>Control de Flujo de Aire<\/strong>: Adjust airflow to your preference to enjoy either a loose or tight draw.<\/li>\n<li><strong>Bater\u00eda de 850mAh<\/strong>: Long battery life for uninterrupted use, ideal for on the go.<\/li>\n<li><strong>Eco- y Turbo-Modos<\/strong>: Switch between battery saving or intensive steam for a personalized experience.<\/li>\n<li><strong>Pantalla LCD<\/strong>: Muestra el estado de la bater\u00eda y el l\u00edquido electr\u00f3nico restante para que siempre tengas una visi\u00f3n general.<\/li>\n<li><strong>Hochwertiges Metallgeh\u00e4use \n\nbecomes \n\nCarca de metal de alta calidad<\/strong>: Un dise\u00f1o elegante y robusto que combina durabilidad y elegancia.<\/li>\n<\/ol>\n<h3>La diversidad de sabores<\/h3>\n<p>Der <strong>Fizzy Nova 20000 Puffs<\/strong> ofrece una variedad de sabores emocionantes que tienen algo para todos los gustos. Ya sea afrutado, refrescante o complejo, cada sabor ha sido cuidadosamente desarrollado para brindarle una experiencia de vapeo intensa e inolvidable.<\/p>\n<ul>\n<li><strong>Limon y Lima<\/strong>Spritzig und erfrischend, die perfekte Mischung aus Zitrone und Limette.<\/li>\n<li><strong>Fizzy Cherry<\/strong>: Un aroma cl\u00e1sico de cereza con una nota picante.<\/li>\n<li><strong>Frutas del bosque mixtas<\/strong>Una deliciosa combinaci\u00f3n de diferentes bayas silvestres para el placer perfecto de la fruta.<\/li>\n<li><strong>Fresa Kiwi<\/strong>La combinaci\u00f3n afrutada de fresa y kiwi asegura una experiencia gustativa armoniosa.<\/li>\n<li><strong>Sand\u00eda<\/strong>: Jugoso y refrescante - el sabor perfecto de verano.<\/li>\n<li><strong>Limonada Rosa<\/strong>: Una refrescante limonada con un toque de fruta.<\/li>\n<li><strong>Fresa<\/strong>: Dulce y jugoso, un sabor cl\u00e1sico a fresa.<\/li>\n<li><strong>Melocot\u00f3n<\/strong>: El sabor de durazno jugoso, suave y dulce.<\/li>\n<li><strong>Ar\u00e1ndano<\/strong>Un intenso aroma a ar\u00e1ndanos que mimar\u00e1 tus papilas gustativas.<\/li>\n<li><strong>Uva<\/strong>: Dulces uvas con un toque de frescura.<\/li>\n<li><strong>Ar\u00e1ndano Coco<\/strong>: Una mezcla ex\u00f3tica de ar\u00e1ndano y coco para una experiencia de vapeo especial.<\/li>\n<li><strong>Frambuesa Lim\u00f3n<\/strong>: Una combinaci\u00f3n armoniosa de lim\u00f3n \u00e1cido y frambuesa dulce.<\/li>\n<\/ul>\n<h3>Descripci\u00f3n detallada del sabor: <strong>Limon y Lima<\/strong><\/h3>\n<p>Unter den zahlreichen Geschmacksrichtungen des <strong>Fizzy Nova 20000 Puffs<\/strong> destaca especialmente el refrescante <strong>Limon y Lima<\/strong> hervor. Esta variedad de sabor ofrece una refrescante combinaci\u00f3n de la frescura explosiva del lim\u00f3n y la dulzura ligeramente \u00e1cida de la lima. Con cada calada te sentir\u00e1s como si estuvieras bebiendo un vaso de limonada fresca en un d\u00eda caluroso de verano: revitalizante y refrescante al mismo tiempo.<\/p>\n<p>La delicada balanza entre la acidez del lim\u00f3n y la suave dulzura de la lima hace que este sabor sea un verdadero punto culminante. Perfecto para vapeadores que prefieren sabores frescos y vibrantes, es <strong>Limon y Lima<\/strong> La elecci\u00f3n ideal para sesiones prolongadas de vapeo con vapor, sin ser abrumador. El sabor permanece constante a lo largo de las 20.000 caladas y proporciona una experiencia de vapeo consistentemente alta.<\/p>\n<p>Der <strong>Limon y Lima<\/strong> Sabor del <strong>Fizzy Nova<\/strong> Offre no solo frescura, sino tambi\u00e9n una profundidad que se puede redescubrir con cada calada. Es ideal para todos aquellos que aman los sabores frutales, pero no demasiado dulces, y al mismo tiempo buscan una refrescante sensaci\u00f3n al vapear. Combinado con el suave desarrollo de vapor de la <strong>Tecnolog\u00eda de Bobina de Malla Dual<\/strong> Este sabor proporciona una sensaci\u00f3n suave y agradable en la boca.<\/p>\n<h3>Por qu\u00e9 comprar el Fizzy Nova 20000 Puffs en Fumotxpress.de<\/h3>\n<p>Bei <strong>Fumotxpress.de<\/strong>la mayor plataforma para <strong>Einweg-Vapes in Deutschland<\/strong>no ofrecemos solo el <strong>Fizzy Nova 20000 Puffs<\/strong>sondern auch erstklassigen Service und konkurrenzf\u00e4hige Preise. Mit einer gro\u00dfen Auswahl an Geschmacksrichtungen und der M\u00f6glichkeit, sowohl Einzel- als auch Gro\u00dfhandelsk\u00e4ufe zu t\u00e4tigen, sind wir Ihr bevorzugter Partner f\u00fcr hochwertige Vapes. Profitieren Sie von unseren exklusiven Angeboten und erleben Sie ein unvergleichliches Dampferlebnis.<\/p>\n<h3>Fazit<\/h3>\n<p>Der <strong>F<a href=\"https:\/\/fumotxpress.de\/es\/\">Izzy Nova 20000 Puffs<\/a> Control de Flujo de Aire 20K Vape Desechable<\/strong> Es \nist das ultimative Dampferlebnis f\u00fcr alle, die Wert auf Qualit\u00e4t, Langlebigkeit und individuelle Anpassungsm\u00f6glichkeiten legen. Mit seiner innovativen <strong>Tecnolog\u00eda de Bobina de Malla Dual<\/strong>, den <strong>Eco- y Turbo-Modos<\/strong> as\u00ed como el <strong>Pantalla LCD<\/strong> No translation needed, text is in German. Output: \nbietet er alles, was moderne Vaper erwarten. Besuchen Sie noch heute <a href=\"https:\/\/fumotxpress.de\/es\/\"><strong>Fumotxpress.de<\/strong><\/a>para adquirir su dispositivo y convencerse de nuestra oferta.<\/p>","protected":false},"excerpt":{"rendered":"<p>Der <strong>Fizzy Nova 20000 Puffs Control de Flujo de Aire 20K Vape Desechable<\/strong> Es un bol\u00edgrafo vape de un solo uso recargable con 20.000 caladas, tecnolog\u00eda de bobina de malla dual, flujo de aire ajustable, pantalla LCD y una variedad de sabores para una experiencia de vapeo personalizada<\/p>","protected":false},"featured_media":398,"comment_status":"open","ping_status":"closed","template":"","meta":{"om_disable_all_campaigns":false},"product_brand":[],"product_cat":[20,91,94,95,97,99,100,101,107,109,111,112,78,79,80,81,82,83,84,85,86,87,88,89,90,70,76,56,61,63,64,65,67],"product_tag":[],"class_list":{"0":"post-365","1":"product","2":"type-product","3":"status-publish","4":"has-post-thumbnail","6":"product_cat-fizzy-disposable-vapes","7":"product_cat-buy-best-disposable-vape-flavors","8":"product_cat-blueberry-flavor-disposable-vapes","9":"product_cat-cherry-flavor-disposable-vapes","10":"product_cat-grape-flavor-disposable-vapes","11":"product_cat-ice-flavor-disposable-vapes","12":"product_cat-kiwi-flavor-disposable-vapes","13":"product_cat-lemon-flavor-disposable-vapes","14":"product_cat-peach-flavor-disposable-vapes","15":"product_cat-raspberry-flavor-disposable-vapes","16":"product_cat-strawberry-flavor-disposable-vapes","17":"product_cat-watermelon-flavor-disposable-vapes","18":"product_cat-best-disposable-vape-in-europe","19":"product_cat-buy-disposable-vapes-in-austria","20":"product_cat-buy-disposable-vapes-in-belgium","21":"product_cat-buy-disposable-vapes-in-france","22":"product_cat-buy-disposable-vapes-in-germany","23":"product_cat-buy-disposable-vapes-in-italy","24":"product_cat-buy-disposable-vapes-in-netherlands","25":"product_cat-buy-disposable-vapes-in-norway","26":"product_cat-buy-disposable-vapes-in-poland","27":"product_cat-buy-disposable-vapes-in-portugal","28":"product_cat-buy-disposable-vapes-in-spain","29":"product_cat-buy-disposable-vapes-in-sweden","30":"product_cat-buy-disposable-vapes-in-switzerland","31":"product_cat-shop-disposable-vapes-by-puffs","32":"product_cat-20000-puff-disposable-vape","33":"product_cat-disposable-vape-types","34":"product_cat-big-puffs-disposable-vapes","35":"product_cat-digital-box-disposable-vapes","36":"product_cat-dual-mesh-disposable-vapes","37":"product_cat-lower-nicotine-disposable-vapes","38":"product_cat-rechargeable-disposable-vapes","40":"first","41":"outofstock","42":"shipping-taxable","43":"product-type-variable"},"_links":{"self":[{"href":"https:\/\/fumotxpress.de\/es\/wp-json\/wp\/v2\/product\/365","targetHints":{"allow":["GET"]}}],"collection":[{"href":"https:\/\/fumotxpress.de\/es\/wp-json\/wp\/v2\/product"}],"about":[{"href":"https:\/\/fumotxpress.de\/es\/wp-json\/wp\/v2\/types\/product"}],"replies":[{"embeddable":true,"href":"https:\/\/fumotxpress.de\/es\/wp-json\/wp\/v2\/comments?post=365"}],"wp:featuredmedia":[{"embeddable":true,"href":"https:\/\/fumotxpress.de\/es\/wp-json\/wp\/v2\/media\/398"}],"wp:attachment":[{"href":"https:\/\/fumotxpress.de\/es\/wp-json\/wp\/v2\/media?parent=365"}],"wp:term":[{"taxonomy":"product_brand","embeddable":true,"href":"https:\/\/fumotxpress.de\/es\/wp-json\/wp\/v2\/product_brand?post=365"},{"taxonomy":"product_cat","embeddable":true,"href":"https:\/\/fumotxpress.de\/es\/wp-json\/wp\/v2\/product_cat?post=365"},{"taxonomy":"product_tag","embeddable":true,"href":"https:\/\/fumotxpress.de\/es\/wp-json\/wp\/v2\/product_tag?post=365"}],"curies":[{"name":"wp","href":"https:\/\/api.w.org\/{rel}","templated":true}]}}