{"id":3534,"date":"2025-04-02T13:22:00","date_gmt":"2025-04-02T13:22:00","guid":{"rendered":"https:\/\/fumotxpress.de\/?post_type=product&#038;p=3534"},"modified":"2025-11-24T07:50:10","modified_gmt":"2025-11-24T07:50:10","slug":"vozol-star-12000-puffs-nicotina-comprar-original-authentisch-recargable-desechable-vapes-pen","status":"publish","type":"product","link":"https:\/\/fumotxpress.de\/es\/producto\/vozol-star-12000-puffs-nicotina-comprar-original-authentisch-recargable-desechable-vapes-pen\/","title":{"rendered":"Vozol Star 12000 Puffs Nicotina Compra Original Aut\u00e9ntico Vape Pen Desechable Recargable"},"content":{"rendered":"<h2>Vozol Star 12000 Puffs Nicotina \u2013 Bol\u00edgrafo Vape Desechable Recargable<\/h2>\n<p>&nbsp;<\/p>\n<p class=\"\" data-start=\"71\" data-end=\"563\">El <strong data-start=\"75\" data-end=\"143\">Vozol Star 12000 Puffs Vape Pen Recargable Desechable con Nicotina<\/strong> est\u00e1 dise\u00f1ado para vapeadores que exigen tanto calidad premium como rendimiento duradero en un dispositivo elegante e innovador. Ofreciendo un rendimiento impresionante <strong data-start=\"284\" data-end=\"299\">12000 puff<\/strong>Esta pluma vapeadora desechable ofrece un sabor consistente y un vapor satisfactorio, con una funci\u00f3n de recarga para un uso prolongado. Ya sea que sea un principiante o un vapeador experimentado, este producto promete conveniencia, excelente sabor y tecnolog\u00eda de vanguardia en un solo paquete.<\/p>\n<h3 class=\"\" data-start=\"565\" data-end=\"626\">Descripci\u00f3n General del Vozol Star 12000 Puffs Vape<\/h3>\n<p class=\"\" data-start=\"628\" data-end=\"995\">El <strong data-start=\"632\" data-end=\"658\">Vozol Star 12000 Puffs<\/strong> es mucho m\u00e1s que un simple vapeador desechable est\u00e1ndar. Equipado con <strong data-start=\"724\" data-end=\"754\">S.i.L.C. Tecnolog\u00eda de Sabor<\/strong>, garantiza que cada bocanada proporcione un perfil de sabor m\u00e1s rico y suave. Ya sea que est\u00e9s vapeando tus sabores favoritos de frutas o mentol, esta tecnolog\u00eda maximiza la salida de sabor, brind\u00e1ndote una experiencia satisfactoria y arom\u00e1tica con cada inhalaci\u00f3n.<\/p>\n<p class=\"\" data-start=\"997\" data-end=\"1449\">Esto <strong data-start=\"1002\" data-end=\"1027\">bol\u00edgrafo vape recargable<\/strong> est\u00e1 dise\u00f1ado para <strong data-start=\"1044\" data-end=\"1074\">Vapeo MTL (de boca a pulm\u00f3n)<\/strong>, lo que lo convierte en una opci\u00f3n perfecta para aquellos que prefieren un tir\u00f3n similar al fumar tradicional. El dispositivo est\u00e1 equipado con un <strong data-start=\"1191\" data-end=\"1222\">Bater\u00eda recargable de 650mAh<\/strong>, lo que te permite recargarlo y usarlo durante m\u00e1s tiempo sin preocuparte por que la bater\u00eda se agote r\u00e1pidamente. Esta caracter\u00edstica hace que el <strong data-start=\"1343\" data-end=\"1357\">Vozol Star<\/strong> destacarse entre los bol\u00edgrafos vapeadores desechables, donde los vapeadores t\u00edpicos est\u00e1n dise\u00f1ados para un solo uso.<\/p>\n<p class=\"\" data-start=\"1451\" data-end=\"1739\">Adem\u00e1s, el <strong data-start=\"1468\" data-end=\"1494\">Vozol Star 12000 Puffs<\/strong> viene con un <strong data-start=\"1508\" data-end=\"1521\">bobina de malla<\/strong>asegurando un calentamiento m\u00e1s r\u00e1pido y uniforme para una experiencia m\u00e1s suave en cada calada. Y con el <strong data-start=\"1617\" data-end=\"1635\">Cumplimiento de TPD<\/strong>Este vape es totalmente legal y est\u00e1 listo para su venta en la UE, lo que te da tranquilidad al realizar tu compra.<\/p>\n<p class=\"\" data-start=\"1741\" data-end=\"2142\">Una de las caracter\u00edsticas m\u00e1s convenientes es la <strong data-start=\"1784\" data-end=\"1806\">Pantalla de visualizaci\u00f3n LED<\/strong>, que muestra el <strong data-start=\"1824\" data-end=\"1855\">Niveles de bater\u00eda y e-l\u00edquido<\/strong>, de modo que nunca tenga que adivinar cu\u00e1ndo es hora de recargar o rellenar. Adem\u00e1s, el <strong data-start=\"1935\" data-end=\"1960\">protecci\u00f3n de la boca<\/strong> caracter\u00edstica garantiza que su experiencia de vapeo se mantenga higi\u00e9nica y segura. Con su r\u00e1pida <strong data-start=\"2045\" data-end=\"2072\">Tiempo de carga de 30 minutos<\/strong>, el <strong data-start=\"2078\" data-end=\"2092\">Vozol Star<\/strong> aseg\u00farate de que puedas volver a vapear en un abrir y cerrar de ojos.<\/p>\n<p class=\"\" data-start=\"2144\" data-end=\"2457\">El <strong data-start=\"2148\" data-end=\"2167\">dise\u00f1o de veteado<\/strong> a\u00f1ade un toque de elegancia y estilo a este dispositivo, d\u00e1ndole un aspecto premium que se iguala a su rendimiento. Como una opci\u00f3n ecol\u00f3gica, este vape se fabrica utilizando <strong data-start=\"2325\" data-end=\"2359\">pl\u00e1stico reciclado postconsumo<\/strong>asegurando que est\u00e1s haciendo una elecci\u00f3n m\u00e1s sostenible mientras disfrutas de tus sabores de vapeo favoritos.<\/p>\n<p class=\"\" data-start=\"2459\" data-end=\"2592\">Para aquellos que buscan un dispositivo de vapeo confiable, de alto rendimiento y ecol\u00f3gico, el <strong data-start=\"2548\" data-end=\"2574\">Vozol Star 12000 Puffs<\/strong> es un ajuste perfecto.<\/p>\n<h3 class=\"\" data-start=\"2594\" data-end=\"2665\">Caracter\u00edsticas del Vozol Star 12000 Puffs Recargable Vape Desechable<\/h3>\n<ul data-start=\"2667\" data-end=\"3683\">\n<li class=\"\" data-start=\"2667\" data-end=\"2757\">\n<p class=\"\" data-start=\"2669\" data-end=\"2757\"><strong data-start=\"2669\" data-end=\"2684\">12000 Puffs<\/strong>: Disfruta de sesiones prolongadas de vapeo con una capacidad de 12000 bocanegra que dura mucho tiempo.<\/p>\n<\/li>\n<li class=\"\" data-start=\"2758\" data-end=\"2898\">\n<p class=\"\" data-start=\"2760\" data-end=\"2898\"><strong data-start=\"2760\" data-end=\"2784\">Bater\u00eda Recargable<\/strong>: Equipado con un <strong data-start=\"2802\" data-end=\"2833\">Bater\u00eda recargable de 650mAh<\/strong>, este dispositivo se puede cargar f\u00e1cilmente y utilizar durante un per\u00edodo m\u00e1s largo.<\/p>\n<\/li>\n<li class=\"\" data-start=\"2899\" data-end=\"3005\">\n<p class=\"\" data-start=\"2901\" data-end=\"3005\"><strong data-start=\"2901\" data-end=\"2931\">S.i.L.C. Tecnolog\u00eda de Sabor<\/strong>: Maximiza la consistencia del sabor y mejora la experiencia general de vapeo.<\/p>\n<\/li>\n<li class=\"\" data-start=\"3006\" data-end=\"3064\">\n<p class=\"\" data-start=\"3008\" data-end=\"3064\"><strong data-start=\"3008\" data-end=\"3021\">Bobina de Malla<\/strong>: Proporciona un calentamiento uniforme y un vapor m\u00e1s suave.<\/p>\n<\/li>\n<li class=\"\" data-start=\"3065\" data-end=\"3165\">\n<p class=\"\" data-start=\"3067\" data-end=\"3165\"><strong data-start=\"3067\" data-end=\"3089\">Pantalla LED de visualizaci\u00f3n<\/strong>: Muestra los niveles de bater\u00eda y l\u00edquido electr\u00f3nico, lo que facilita la gesti\u00f3n de tu vapeo.<\/p>\n<\/li>\n<li class=\"\" data-start=\"3166\" data-end=\"3263\">\n<p class=\"\" data-start=\"3168\" data-end=\"3263\"><strong data-start=\"3168\" data-end=\"3193\">Protecci\u00f3n de la Boca<\/strong>: La higiene se mantiene con una funci\u00f3n de protecci\u00f3n de boquilla incorporada.<\/p>\n<\/li>\n<li class=\"\" data-start=\"3264\" data-end=\"3364\">\n<p class=\"\" data-start=\"3266\" data-end=\"3364\"><strong data-start=\"3266\" data-end=\"3288\">Carga de 30 minutos<\/strong>: El dispositivo se carga <strong data-start=\"3309\" data-end=\"3323\">30% m\u00e1s r\u00e1pido<\/strong>completamente recargado en solo <strong data-start=\"3349\" data-end=\"3363\">30 minutos<\/strong>.<\/p>\n<\/li>\n<li class=\"\" data-start=\"3365\" data-end=\"3412\">\n<p class=\"\" data-start=\"3367\" data-end=\"3412\"><strong data-start=\"3367\" data-end=\"3379\">MTL Vape<\/strong>: Ideal para vapear de boca a pulm\u00f3n.<\/p>\n<\/li>\n<li class=\"\" data-start=\"3413\" data-end=\"3508\">\n<p class=\"\" data-start=\"3415\" data-end=\"3508\"><strong data-start=\"3415\" data-end=\"3431\">Ecol\u00f3gico<\/strong>: Fabricado con <strong data-start=\"3443\" data-end=\"3477\">pl\u00e1stico reciclado postconsumo<\/strong> para una opci\u00f3n m\u00e1s sostenible.<\/p>\n<\/li>\n<li class=\"\" data-start=\"3509\" data-end=\"3600\">\n<p class=\"\" data-start=\"3511\" data-end=\"3600\"><strong data-start=\"3511\" data-end=\"3528\">Cumple con TPD<\/strong>: Totalmente conforme a las regulaciones de la UE, lo que lo hace legal para su venta y uso.<\/p>\n<\/li>\n<li class=\"\" data-start=\"3601\" data-end=\"3683\">\n<p class=\"\" data-start=\"3603\" data-end=\"3683\"><strong data-start=\"3603\" data-end=\"3628\">Dise\u00f1o de M\u00e1rmol Elegante<\/strong>: Un aspecto elegante y moderno que se ajusta a su funcionalidad.<\/p>\n<\/li>\n<\/ul>\n<h3 class=\"\" data-start=\"3685\" data-end=\"3736\">Lista Detallada de Sabores para Vozol Star 12000 Puffs<\/h3>\n<p class=\"\" data-start=\"3738\" data-end=\"3959\">El <strong data-start=\"3742\" data-end=\"3768\">Vozol Star 12000 Puffs<\/strong> est\u00e1 disponible en una variedad de sabores atractivos y refrescantes, ofreciendo una amplia gama de opciones para cada vapeador. A continuaci\u00f3n se presentan los <strong data-start=\"3896\" data-end=\"3918\">25 sabores premium<\/strong> disponible en esta pluma vape recargable:<\/p>\n<ol data-start=\"3961\" data-end=\"5886\">\n<li class=\"\" data-start=\"3961\" data-end=\"4083\">\n<p class=\"\" data-start=\"3964\" data-end=\"4083\"><strong data-start=\"3964\" data-end=\"3981\">Blue Razz Ice<\/strong><br data-start=\"3981\" data-end=\"3984\" \/>Una mezcla picante de frambuesas maduras con un acabado refrescante de hielo para una experiencia de vapeo revitalizante.<\/p>\n<\/li>\n<li class=\"\" data-start=\"4085\" data-end=\"4212\">\n<p class=\"\" data-start=\"4088\" data-end=\"4212\"><strong data-start=\"4088\" data-end=\"4107\">Tormenta de Ar\u00e1ndanos<\/strong><br data-start=\"4107\" data-end=\"4110\" \/>Deliciosas y jugosas ar\u00e1ndanos azules mezclados con una sutil acidez, creando una tormenta de sabor con cada bocanada.<\/p>\n<\/li>\n<li class=\"\" data-start=\"4214\" data-end=\"4329\">\n<p class=\"\" data-start=\"4217\" data-end=\"4329\"><strong data-start=\"4217\" data-end=\"4230\">Fresh Mint<\/strong><br data-start=\"4230\" data-end=\"4233\" \/>Un sabor a menta crujiente y refrescante que proporciona una sensaci\u00f3n suave y refrescante con cada inhalaci\u00f3n.<\/p>\n<\/li>\n<li class=\"\" data-start=\"4331\" data-end=\"4456\">\n<p class=\"\" data-start=\"4334\" data-end=\"4456\"><strong data-start=\"4334\" data-end=\"4347\">Hielo de Uva<\/strong><br data-start=\"4347\" data-end=\"4350\" \/>Un delicioso equilibrio de uvas dulces y maduras con una exhalaci\u00f3n helada y fresca que deja un sabor despu\u00e9s refrescante.<\/p>\n<\/li>\n<li class=\"\" data-start=\"4458\" data-end=\"4614\">\n<p class=\"\" data-start=\"4461\" data-end=\"4614\"><strong data-start=\"4461\" data-end=\"4489\">Kiwi Maracuy\u00e1 Guayaba<\/strong><br data-start=\"4489\" data-end=\"4492\" \/>Una combinaci\u00f3n ex\u00f3tica de kiwi \u00e1cido, maracuy\u00e1 tropical y guayaba suave, que ofrece una mezcla de frutas como ninguna otra.<\/p>\n<\/li>\n<li class=\"\" data-start=\"4616\" data-end=\"4748\">\n<p class=\"\" data-start=\"4619\" data-end=\"4748\"><strong data-start=\"4619\" data-end=\"4636\">Frutas del bosque mixtas<\/strong><br data-start=\"4636\" data-end=\"4639\" \/>Una mezcla dulce y afrutada de fresas, ar\u00e1ndanos y frambuesas para un estallido de bondad natural de bayas.<\/p>\n<\/li>\n<li class=\"\" data-start=\"4750\" data-end=\"4885\">\n<p class=\"\" data-start=\"4753\" data-end=\"4885\"><strong data-start=\"4753\" data-end=\"4779\">Melocot\u00f3n Mango Sand\u00eda<\/strong><br data-start=\"4779\" data-end=\"4782\" \/>Un tr\u00edo jugoso de melocotones, mangos y sand\u00eda, que ofrece una experiencia refrescante y frutal tropical.<\/p>\n<\/li>\n<li class=\"\" data-start=\"4887\" data-end=\"4996\">\n<p class=\"\" data-start=\"4890\" data-end=\"4996\"><strong data-start=\"4890\" data-end=\"4907\">Limonada Rosa<\/strong><br data-start=\"4907\" data-end=\"4910\" \/>Una limonada \u00e1cida y c\u00edtrica mezclada con notas dulces y afrutadas para un vapeo perfecto para el verano.<\/p>\n<\/li>\n<li class=\"\" data-start=\"4998\" data-end=\"5130\">\n<p class=\"\" data-start=\"5001\" data-end=\"5130\"><strong data-start=\"5001\" data-end=\"5025\">Frambuesa Sand\u00eda<\/strong><br data-start=\"5025\" data-end=\"5028\" \/>Una dulce y refrescante combinaci\u00f3n de frambuesas maduras y sand\u00eda jugosa para una experiencia que hace agua la boca.<\/p>\n<\/li>\n<li class=\"\" data-start=\"5132\" data-end=\"5255\">\n<p class=\"\" data-start=\"5136\" data-end=\"5255\"><strong data-start=\"5136\" data-end=\"5154\">Sour Apple Ice<\/strong><br data-start=\"5154\" data-end=\"5157\" \/>Manzanas verdes \u00e1cidas y crujientes combinadas con un toque de hielo para un vapeo afilado, dulce y refrescante.<\/p>\n<\/li>\n<li class=\"\" data-start=\"5257\" data-end=\"5379\">\n<p class=\"\" data-start=\"5261\" data-end=\"5379\"><strong data-start=\"5261\" data-end=\"5285\">Helado de Fresa<\/strong><br data-start=\"5285\" data-end=\"5288\" \/>Fresas dulces y cremosas mezcladas en un sabor de helado suave y decadente.<\/p>\n<\/li>\n<li class=\"\" data-start=\"5381\" data-end=\"5505\">\n<p class=\"\" data-start=\"5385\" data-end=\"5505\"><strong data-start=\"5385\" data-end=\"5404\">Fresa Kiwi<\/strong><br data-start=\"5404\" data-end=\"5407\" \/>Un cl\u00e1sico maridaje de sabor de fresas maduras y kiwis \u00e1cidos, perfecto para los amantes de vapear frutas.<\/p>\n<\/li>\n<li class=\"\" data-start=\"5507\" data-end=\"5625\">\n<p class=\"\" data-start=\"5511\" data-end=\"5625\"><strong data-start=\"5511\" data-end=\"5522\">Tabaco<\/strong><br data-start=\"5522\" data-end=\"5525\" \/>Un sabor a tabaco rico y robusto para aquellos que anhelan una experiencia de vapeo m\u00e1s tradicional y audaz.<\/p>\n<\/li>\n<li class=\"\" data-start=\"5627\" data-end=\"5751\">\n<p class=\"\" data-start=\"5631\" data-end=\"5751\"><strong data-start=\"5631\" data-end=\"5656\">Goma de Mascar Bomba de Sand\u00eda<\/strong><br data-start=\"5656\" data-end=\"5659\" \/>Dulce y jugosa sand\u00eda combinada con un sabor a chicle para un placer afrutado y nost\u00e1lgico.<\/p>\n<\/li>\n<li class=\"\" data-start=\"5753\" data-end=\"5886\">\n<p class=\"\" data-start=\"5757\" data-end=\"5886\"><strong data-start=\"5757\" data-end=\"5775\">Sand\u00eda Hielo<\/strong><br data-start=\"5775\" data-end=\"5778\" \/>Una refrescante combinaci\u00f3n de sand\u00eda jugosa con un toque de hielo fresco, que ofrece un perfil de sabor equilibrado.<\/p>\n<\/li>\n<\/ol>\n<h3 class=\"\" data-start=\"5888\" data-end=\"5926\">Por qu\u00e9 elegir Vozol Star 12000 Puffs?<\/h3>\n<p class=\"\" data-start=\"5928\" data-end=\"6390\">Si est\u00e1s buscando un <strong data-start=\"5952\" data-end=\"6004\">fiable y de alto rendimiento bol\u00edgrafo vapeador desechable<\/strong>, el <strong data-start=\"6010\" data-end=\"6036\">Vozol Star 12000 Puffs<\/strong> es la elecci\u00f3n ideal. Con una variedad de deliciosos sabores, un <strong data-start=\"6097\" data-end=\"6120\">dise\u00f1o ecol\u00f3gico<\/strong>, y tecnolog\u00eda impresionante que garantiza un sabor y un rendimiento superiores, este dispositivo destaca en el mercado de vapeo. Ya sea que est\u00e9s empezando tu viaje de vapeo o seas un usuario experimentado, esta pluma ofrece una experiencia fluida que seguro te mantendr\u00e1 satisfecho.<\/p>\n<h3 class=\"\" data-start=\"6392\" data-end=\"6435\">D\u00f3nde comprar Vozol Star 12000 Puffs<\/h3>\n<p class=\"\" data-start=\"6437\" data-end=\"6852\">El <strong data-start=\"6441\" data-end=\"6467\">Vozol Star 12000 Puffs<\/strong> est\u00e1 disponible para su compra directamente desde <strong data-start=\"6508\" data-end=\"6526\">FumotXpress.de<\/strong>, la mayor plataforma de comercio electr\u00f3nico en l\u00ednea para <strong data-start=\"6567\" data-end=\"6598\">Vapes desechables en Alemania<\/strong>Ofrecemos <strong data-start=\"6609\" data-end=\"6642\">ventas minoristas al mercado de la UE<\/strong>y <strong data-start=\"6648\" data-end=\"6660\">env\u00edo<\/strong> desde nuestro almac\u00e9n europeo garantiza <strong data-start=\"6700\" data-end=\"6717\">Entrega r\u00e1pida<\/strong> dentro de <strong data-start=\"6725\" data-end=\"6737\">3-7 d\u00edas<\/strong>No se requiere una cantidad m\u00ednima de pedido y nos aseguramos de que nuestros clientes reciban <strong data-start=\"6819\" data-end=\"6851\">productos originales y aut\u00e9nticos<\/strong>.<\/p>\n<p class=\"\" data-start=\"6854\" data-end=\"7061\">Experimente la comodidad, el rendimiento y el sabor con el <strong data-start=\"6911\" data-end=\"6979\">Vozol Star 12000 Puffs Vape Pen Recargable Desechable con Nicotina<\/strong> hoy. Explora nuestra amplia variedad de <strong data-start=\"7013\" data-end=\"7024\">sabores<\/strong> y elevar tu experiencia de vapeo.<\/p>\n<hr class=\"\" data-start=\"7063\" data-end=\"7066\" \/>\n<p class=\"\" data-start=\"7068\" data-end=\"7213\">No dude en ponerse en contacto para cualquier otra pregunta o asistencia relacionada con su compra de la <strong data-start=\"7162\" data-end=\"7188\">Vozol Star 12000 Puffs<\/strong> de <strong data-start=\"7194\" data-end=\"7212\">FumotXpress.de<\/strong>.<\/p>","protected":false},"excerpt":{"rendered":"<p>Compra el original <strong data-start=\"17\" data-end=\"85\">Vozol Star 12000 Puffs Vape Pen Recargable Desechable con Nicotina<\/strong> en FumotXpress.de. Disfruta 25 sabores deliciosos, carga r\u00e1pida de 30 minutos y dise\u00f1o ecol\u00f3gico. Env\u00edo en 3-7 d\u00edas en toda la UE.<\/p>","protected":false},"featured_media":3568,"comment_status":"open","ping_status":"closed","template":"","meta":{"om_disable_all_campaigns":false},"product_brand":[],"product_cat":[23],"product_tag":[],"class_list":{"0":"post-3534","1":"product","2":"type-product","3":"status-publish","4":"has-post-thumbnail","6":"product_cat-vozol-disposable-vapes","8":"first","9":"instock","10":"shipping-taxable","11":"purchasable","12":"product-type-variable"},"_links":{"self":[{"href":"https:\/\/fumotxpress.de\/es\/wp-json\/wp\/v2\/product\/3534","targetHints":{"allow":["GET"]}}],"collection":[{"href":"https:\/\/fumotxpress.de\/es\/wp-json\/wp\/v2\/product"}],"about":[{"href":"https:\/\/fumotxpress.de\/es\/wp-json\/wp\/v2\/types\/product"}],"replies":[{"embeddable":true,"href":"https:\/\/fumotxpress.de\/es\/wp-json\/wp\/v2\/comments?post=3534"}],"wp:featuredmedia":[{"embeddable":true,"href":"https:\/\/fumotxpress.de\/es\/wp-json\/wp\/v2\/media\/3568"}],"wp:attachment":[{"href":"https:\/\/fumotxpress.de\/es\/wp-json\/wp\/v2\/media?parent=3534"}],"wp:term":[{"taxonomy":"product_brand","embeddable":true,"href":"https:\/\/fumotxpress.de\/es\/wp-json\/wp\/v2\/product_brand?post=3534"},{"taxonomy":"product_cat","embeddable":true,"href":"https:\/\/fumotxpress.de\/es\/wp-json\/wp\/v2\/product_cat?post=3534"},{"taxonomy":"product_tag","embeddable":true,"href":"https:\/\/fumotxpress.de\/es\/wp-json\/wp\/v2\/product_tag?post=3534"}],"curies":[{"name":"wp","href":"https:\/\/api.w.org\/{rel}","templated":true}]}}