{"id":3476,"date":"2025-03-25T06:18:43","date_gmt":"2025-03-25T06:18:43","guid":{"rendered":"https:\/\/fumotxpress.de\/?post_type=product&#038;p=3476"},"modified":"2025-12-12T09:20:37","modified_gmt":"2025-12-12T09:20:37","slug":"smpo-tron35000-puffs-nicotina-comprar-original-authentisch-recargable-desechable-vapes-pen","status":"publish","type":"product","link":"https:\/\/fumotxpress.de\/es\/producto\/smpo-tron35000-puffs-nicotina-comprar-original-authentisch-recargable-desechable-vapes-pen\/","title":{"rendered":"SMPO TRON35000 Puffs Nicotina Compra Original Vapes Pen Desechable Recargable Aut\u00e9ntico"},"content":{"rendered":"<article class=\"group\/turn w-full text-token-text-primary focus-visible:outline-none\" dir=\"auto\" tabindex=\"-1\" data-testid=\"conversation-turn-4\" data-scroll-anchor=\"true\">\n<div class=\"text-base my-auto mx-auto py-5 px-6\">\n<div class=\"mx-auto flex flex-1 text-base gap-4 md:gap-5 lg:gap-6 md:max-w-3xl lg:max-w-[40rem] xl:max-w-[48rem]\">\n<div class=\"group\/conversation-turn relative flex w-full min-w-0 flex-col agent-turn @xs\/thread:px-0 @sm\/thread:px-1.5 @md\/thread:px-4\">\n<div class=\"relative flex-col gap-1 md:gap-3\">\n<div class=\"flex max-w-full flex-col flex-grow\">\n<div class=\"min-h-8 text-message relative flex w-full flex-col items-end gap-2 whitespace-normal break-words text-start [.text-message+&amp;]:mt-5\" dir=\"auto\" data-message-author-role=\"assistant\" data-message-id=\"7b9d3162-65e3-476c-a359-47808af6c3e8\" data-message-model-slug=\"gpt-4o\">\n<div class=\"flex w-full flex-col gap-1 empty:hidden first:pt-[3px]\">\n<div class=\"markdown prose w-full break-words dark:prose-invert light\">\n<h2 class=\"\" data-start=\"0\" data-end=\"75\">SMPO TRON35000 Puffs Vape Pen Desechable: La Experiencia Shisha Definitiva<\/h2>\n<div style=\"width: 1020px;\" class=\"wp-video\"><!--[if lt IE 9]><script>document.createElement('video');<\/script><![endif]-->\n<video class=\"wp-video-shortcode\" id=\"video-3476-1\" width=\"1020\" height=\"574\" preload=\"metadata\" controls=\"controls\"><source type=\"video\/mp4\" src=\"https:\/\/fumotxpress.de\/wp-content\/uploads\/2025\/03\/Smpo-TRON35000-Shisha-\uff082\uff09.mp4?_=1\" \/><a href=\"https:\/\/fumotxpress.de\/wp-content\/uploads\/2025\/03\/Smpo-TRON35000-Shisha-\uff082\uff09.mp4\">https:\/\/fumotxpress.de\/wp-content\/uploads\/2025\/03\/Smpo-TRON35000-Shisha-\uff082\uff09.mp4<\/a><\/video><\/div>\n<p class=\"\" data-start=\"77\" data-end=\"763\">El <strong data-start=\"81\" data-end=\"125\">SMPO TRON35000 Puffs Vape Pen Desechable<\/strong> es un dispositivo de vapeo de \u00faltima generaci\u00f3n que ofrece una experiencia incomparable para aquellos que aman el vapor suave y sabroso. Con un <strong data-start=\"245\" data-end=\"269\">35,000 capacidad de puff<\/strong>, <strong data-start=\"271\" data-end=\"294\">niveles bajos de nicotina<\/strong>, y una serie de caracter\u00edsticas innovadoras, este dispositivo lleva el vapeo desechable a nuevas alturas. Ideal para aquellos que buscan una experiencia de vapeo premium y sin complicaciones, el SMPO TRON35000 combina tecnolog\u00eda, conveniencia y sabor excepcional en un paquete recargable elegante. Disponible para su compra exclusivamente en <strong data-start=\"608\" data-end=\"626\">FumotXpress.de<\/strong>, la plataforma de venta en l\u00ednea m\u00e1s grande para vaporizadores desechables en Alemania, este dispositivo promete autenticidad y satisfacci\u00f3n con cada calada.<\/p>\n<h3 class=\"\" data-start=\"765\" data-end=\"825\">Por qu\u00e9 elegir el SMPO TRON35000 Puffs Vape Pen desechable?<\/h3>\n<p class=\"\" data-start=\"827\" data-end=\"1282\">El SMPO TRON35000 se destaca de otros vaporizadores desechables en el mercado, ofreciendo una combinaci\u00f3n \u00fanica de materiales de alta calidad, caracter\u00edsticas avanzadas y tecnolog\u00eda de punta. Ya sea que sea un vapeador experimentado o nuevo en el mundo de los vaporizadores desechables, este dispositivo est\u00e1 dise\u00f1ado para proporcionar una experiencia excepcional con cada uso. Echemos un vistazo m\u00e1s de cerca a las caracter\u00edsticas y beneficios sobresalientes que hacen del SMPO TRON35000 la elecci\u00f3n ideal para sus necesidades de vapeo.<\/p>\n<p data-start=\"827\" data-end=\"1282\"><img loading=\"lazy\" decoding=\"async\" class=\"alignnone size-full wp-image-3479\" src=\"https:\/\/fumotxpress.de\/wp-content\/uploads\/2025\/03\/01-scaled.jpg\" alt=\"\" width=\"2560\" height=\"2560\" srcset=\"https:\/\/fumotxpress.de\/wp-content\/uploads\/2025\/03\/01-scaled.jpg 2560w, https:\/\/fumotxpress.de\/wp-content\/uploads\/2025\/03\/01-300x300.jpg 300w, https:\/\/fumotxpress.de\/wp-content\/uploads\/2025\/03\/01-1024x1024.jpg 1024w, https:\/\/fumotxpress.de\/wp-content\/uploads\/2025\/03\/01-150x150.jpg 150w, https:\/\/fumotxpress.de\/wp-content\/uploads\/2025\/03\/01-768x768.jpg 768w, https:\/\/fumotxpress.de\/wp-content\/uploads\/2025\/03\/01-1536x1536.jpg 1536w, https:\/\/fumotxpress.de\/wp-content\/uploads\/2025\/03\/01-2048x2048.jpg 2048w, https:\/\/fumotxpress.de\/wp-content\/uploads\/2025\/03\/01-12x12.jpg 12w, https:\/\/fumotxpress.de\/wp-content\/uploads\/2025\/03\/01-247x247.jpg 247w, https:\/\/fumotxpress.de\/wp-content\/uploads\/2025\/03\/01-600x600.jpg 600w, https:\/\/fumotxpress.de\/wp-content\/uploads\/2025\/03\/01-100x100.jpg 100w\" sizes=\"auto, (max-width: 2560px) 100vw, 2560px\" \/><\/p>\n<h3 class=\"\" data-start=\"1284\" data-end=\"1344\">Caracter\u00edsticas del SMPO TRON35000 Puffs Vape Pen Desechable<\/h3>\n<ul data-start=\"1346\" data-end=\"4600\">\n<li class=\"\" data-start=\"1346\" data-end=\"1740\">\n<p class=\"\" data-start=\"1348\" data-end=\"1740\"><strong data-start=\"1348\" data-end=\"1372\">35,000 Capacidad de Puff<\/strong>: Una de las caracter\u00edsticas m\u00e1s impresionantes del SMPO TRON35000 es su extraordinaria <strong data-start=\"1453\" data-end=\"1477\">35,000 capacidad de puff<\/strong>Esto significa que los usuarios pueden disfrutar de sesiones de vapeo prolongadas e ininterrumpidas sin necesidad de reemplazar o recargar el dispositivo con frecuencia. Ya sea que sea un vapeador ocasional o un usuario frecuente, este alto n\u00famero de bocanadas garantiza que obtenga un excelente valor por su dinero.<\/p>\n<\/li>\n<li class=\"\" data-start=\"1744\" data-end=\"2159\">\n<p class=\"\" data-start=\"1746\" data-end=\"2159\"><strong data-start=\"1746\" data-end=\"1773\">Sistema de Bobina de Triple Malla<\/strong>: Equipado con un avanzado <strong data-start=\"1801\" data-end=\"1828\">Sistema de bobina de triple malla<\/strong>, el SMPO TRON35000 garantiza una producci\u00f3n de vapor suave y consistente en cada calada. Las bobinas de malla permiten una distribuci\u00f3n uniforme del calor, lo que resulta en sabores ricos e intensos sin ning\u00fan sabor a quemado. La tecnolog\u00eda de bobina mejorada garantiza que experimentes todo el potencial de cada e-l\u00edquido, haciendo que cada calada sea tan satisfactoria como la \u00faltima.<\/p>\n<\/li>\n<li class=\"\" data-start=\"2161\" data-end=\"2621\">\n<p class=\"\" data-start=\"2163\" data-end=\"2621\"><strong data-start=\"2163\" data-end=\"2212\">Baja Concentraci\u00f3n de Nicotina para una Experiencia m\u00e1s Suave<\/strong>: El <strong data-start=\"2218\" data-end=\"2234\">bajo contenido de nicotina<\/strong> La formulaci\u00f3n del SMPO TRON35000 lo hace ideal para aquellos que prefieren una experiencia de vapeo m\u00e1s suave y agradable. Ofrece justo el equilibrio adecuado de sabor y fuerza de nicotina sin causar golpes en la garganta \u00e1speros, lo que permite una sesi\u00f3n relajada y sin esfuerzo. Esto lo hace perfecto para aquellos que buscan cambiar a una ingesta de nicotina m\u00e1s baja o para aquellos que disfrutan de un vapeo m\u00e1s suave.<\/p>\n<\/li>\n<li class=\"\" data-start=\"2623\" data-end=\"3033\">\n<p class=\"\" data-start=\"2625\" data-end=\"3033\"><strong data-start=\"2625\" data-end=\"2653\">Recargable Conveniencia<\/strong>A diferencia de la mayor\u00eda de los vaporizadores desechables tradicionales, el <strong data-start=\"2701\" data-end=\"2719\">SMPO TRON35000<\/strong> es <strong data-start=\"2723\" data-end=\"2739\">recargable<\/strong>ofreciendo una opci\u00f3n m\u00e1s sostenible y duradera. Simplemente recargue el dispositivo cuando la bater\u00eda se agote, y podr\u00e1 seguir disfrutando del mismo gran rendimiento sin necesidad de desechar todo el vape. Esta caracter\u00edstica ecol\u00f3gica reduce el desperdicio y maximiza el valor de cada compra.<\/p>\n<\/li>\n<li class=\"\" data-start=\"3035\" data-end=\"3471\">\n<p class=\"\" data-start=\"3037\" data-end=\"3471\"><strong data-start=\"3037\" data-end=\"3082\">Pantalla LED Inteligente para Monitoreo en Tiempo Real<\/strong>: El <strong data-start=\"3088\" data-end=\"3108\">pantalla LED inteligente<\/strong> integrado en el SMPO TRON35000 ofrece una caracter\u00edstica moderna y pr\u00e1ctica para los usuarios. Proporciona informaci\u00f3n en tiempo real sobre ambos <strong data-start=\"3239\" data-end=\"3250\">bater\u00eda<\/strong> y <strong data-start=\"3255\" data-end=\"3274\">Niveles de e-l\u00edquido<\/strong>, para que siempre sepas exactamente cu\u00e1ndo es hora de recargar o rellenar. Esto ayuda a garantizar que nunca te quedes sin energ\u00eda o l\u00edquido electr\u00f3nico inesperadamente, lo que te brinda una experiencia de vapeo fluida y sin problemas.<\/p>\n<\/li>\n<li class=\"\" data-start=\"3473\" data-end=\"3831\">\n<p class=\"\" data-start=\"3475\" data-end=\"3831\"><strong data-start=\"3475\" data-end=\"3501\">Dise\u00f1o Port\u00e1til Elegante<\/strong>El SMPO TRON35000 est\u00e1 dise\u00f1ado pensando en la portabilidad. Su cuerpo elegante y ligero facilita su transporte, lo que te permite llevarlo contigo sin sacrificar estilo ni funcionalidad. El dise\u00f1o compacto garantiza que quepa c\u00f3modamente en tu mano o bolsillo, lo que lo convierte en el vape ideal para aquellos que valoran la comodidad y la movilidad.<\/p>\n<\/li>\n<li class=\"\" data-start=\"3833\" data-end=\"4252\">\n<p class=\"\" data-start=\"3835\" data-end=\"4252\"><strong data-start=\"3835\" data-end=\"3856\">Calidad Aut\u00e9ntica<\/strong>: Cuando compras el <strong data-start=\"3880\" data-end=\"3898\">SMPO TRON35000<\/strong> de <strong data-start=\"3904\" data-end=\"3922\">FumotXpress.de<\/strong>, est\u00e1s garantizado un <strong data-start=\"3945\" data-end=\"3976\">producto aut\u00e9ntico y original<\/strong>FumotXpress.de se compromete a proporcionar solo vaporizadores desechables genuinos y de alta calidad, obtenidos directamente de marcas de confianza como <strong data-start=\"4106\" data-end=\"4114\">SMPO<\/strong>Nuestros clientes pueden disfrutar con confianza de su experiencia de vapeo, sabiendo que est\u00e1n utilizando un producto construido con calidad y fiabilidad en mente.<\/p>\n<\/li>\n<li class=\"\" data-start=\"4254\" data-end=\"4600\">\n<p class=\"\" data-start=\"4256\" data-end=\"4600\"><strong data-start=\"4256\" data-end=\"4287\">Env\u00edo R\u00e1pido dentro de la UE<\/strong>: Como el mayor minorista de vapeadores desechables en Alemania, <strong data-start=\"4341\" data-end=\"4359\">FumotXpress.de<\/strong> embarca directamente desde nuestro <strong data-start=\"4384\" data-end=\"4406\">Almac\u00e9n europeo<\/strong>, asegurando que sus pedidos lleguen dentro de <strong data-start=\"4448\" data-end=\"4460\">3-7 d\u00edas<\/strong>No hay cantidad m\u00ednima de pedido, y nos dirigimos tanto a compradores individuales como a grupos minoristas, lo que facilita su compra seg\u00fan sea necesario.<\/p>\n<\/li>\n<\/ul>\n<hr class=\"\" data-start=\"4602\" data-end=\"4605\" \/>\n<h3 class=\"\" data-start=\"4607\" data-end=\"4660\">SMPO TRON35000 Sabores: Un Sabor para Cada Paladar<\/h3>\n<p class=\"\" data-start=\"4662\" data-end=\"4981\">Uno de los aspectos m\u00e1s emocionantes de la <strong data-start=\"4702\" data-end=\"4720\">SMPO TRON35000<\/strong> es la amplia variedad de deliciosos sabores que ofrece. Ya sea que desees una mezcla afrutada, un cl\u00e1sico toque mentolado o algo m\u00e1s ex\u00f3tico, hay un sabor para satisfacer todos los gustos. A continuaci\u00f3n, se presenta una mirada detallada a los sabores disponibles en la colecci\u00f3n SMPO TRON35000.<\/p>\n<ol data-start=\"4983\" data-end=\"7063\">\n<li class=\"\" data-start=\"4983\" data-end=\"5279\">\n<p class=\"\" data-start=\"4986\" data-end=\"5279\"><strong data-start=\"4986\" data-end=\"5001\">Explosion de Frutas<\/strong>Una refrescante combinaci\u00f3n de bayas dulces y \u00e1cidas, <strong data-start=\"5053\" data-end=\"5068\">Explosion de Frutas<\/strong> ofrece una explosi\u00f3n de bondad afrutada con cada calada. El equilibrio de fresa, frambuesa y ar\u00e1ndano azul crea una experiencia que hace agua la boca, perfecta para aquellos que aman los sabores vibrantes y refrescantes.<\/p>\n<\/li>\n<li class=\"\" data-start=\"5281\" data-end=\"5538\">\n<p class=\"\" data-start=\"5284\" data-end=\"5538\"><strong data-start=\"5284\" data-end=\"5297\">Fresh Mint<\/strong>Para aquellos que disfrutan de un vapeo crujiente e invigorante, <strong data-start=\"5347\" data-end=\"5360\">Fresh Mint<\/strong> ofrece una mezcla satisfactoria de mentol fresco con una dulzura sutil. Es la elecci\u00f3n perfecta para cualquiera que busque un golpe refrescante que deje la boca sinti\u00e9ndose fresca y limpia.<\/p>\n<\/li>\n<li class=\"\" data-start=\"5540\" data-end=\"5800\">\n<p class=\"\" data-start=\"5543\" data-end=\"5800\"><strong data-start=\"5543\" data-end=\"5561\">Tropical Mango<\/strong>: <strong data-start=\"5563\" data-end=\"5581\">Tropical Mango<\/strong> transporta directamente a una playa soleada con su rico sabor a mango jugoso. La dulzura tropical combinada con un final suave y cremoso hace que este sabor sea una opci\u00f3n irresistible para aquellos que disfrutan de mezclas de frutas ex\u00f3ticas.<\/p>\n<\/li>\n<li class=\"\" data-start=\"5802\" data-end=\"6043\">\n<p class=\"\" data-start=\"5805\" data-end=\"6043\"><strong data-start=\"5805\" data-end=\"5823\">Sand\u00eda Hielo<\/strong>: <strong data-start=\"5825\" data-end=\"5843\">Sand\u00eda Hielo<\/strong> es la combinaci\u00f3n perfecta de sand\u00eda refrescante y mentol helado. Este sabor ofrece una sensaci\u00f3n crujiente y refrescante con cada calada, ideal para aquellos que anhelan algo dulce, fresco y satisfactorio.<\/p>\n<\/li>\n<li class=\"\" data-start=\"6045\" data-end=\"6285\">\n<p class=\"\" data-start=\"6048\" data-end=\"6285\"><strong data-start=\"6048\" data-end=\"6067\">Limonada de C\u00edtricos<\/strong>: Para un toque \u00e1cido y c\u00edtrico, <strong data-start=\"6099\" data-end=\"6118\">Limonada de C\u00edtricos<\/strong> es un absoluto placer. El sabor c\u00edtrico de lim\u00f3n est\u00e1 perfectamente equilibrado con un toque de dulzura, proporcionando un sabor audaz pero refrescante que es perfecto para vapear durante todo el d\u00eda.<\/p>\n<\/li>\n<li class=\"\" data-start=\"6287\" data-end=\"6523\">\n<p class=\"\" data-start=\"6290\" data-end=\"6523\"><strong data-start=\"6290\" data-end=\"6306\">Fusi\u00f3n de Uva<\/strong>: <strong data-start=\"6308\" data-end=\"6324\">Fusi\u00f3n de Uva<\/strong> combina el sabor dulce y rico de uvas maduras con un toque de matices suaves y azucarados. Este sabor es perfecto para aquellos que disfrutan de un vapeo frutal intenso y satisfactorio, lleno de sabor.<\/p>\n<\/li>\n<li class=\"\" data-start=\"6525\" data-end=\"6779\">\n<p class=\"\" data-start=\"6528\" data-end=\"6779\"><strong data-start=\"6528\" data-end=\"6545\">Ma\u00f1ana de Melocot\u00f3n<\/strong>: El <strong data-start=\"6551\" data-end=\"6568\">Ma\u00f1ana de Melocot\u00f3n<\/strong> El sabor es un melocot\u00f3n dulce y jugoso con un toque c\u00edtrico que es perfecto para el verano. Entrega un sabor tropical y afrutado que es a la vez refrescante y reconfortante, ideal para aquellos que disfrutan de un vapeo suave pero sabroso.<\/p>\n<\/li>\n<li class=\"\" data-start=\"6781\" data-end=\"7063\">\n<p class=\"\" data-start=\"6784\" data-end=\"7063\"><strong data-start=\"6784\" data-end=\"6802\">Fresa de Hielo<\/strong>: Para un sabor cl\u00e1sico de fruta con un toque helado, <strong data-start=\"6850\" data-end=\"6868\">Fresa de Hielo<\/strong> Es la elecci\u00f3n perfecta. Combina la dulzura de las fresas maduras con un efecto refrescante de mentol, ofreciendo una experiencia refrescante ideal para aquellos que desean un sabor afrutado y crujiente.<\/p>\n<\/li>\n<\/ol>\n<hr class=\"\" data-start=\"7065\" data-end=\"7068\" \/>\n<h3 class=\"\" data-start=\"7070\" data-end=\"7122\">Por qu\u00e9 comprar SMPO TRON35000 en FumotXpress.de?<\/h3>\n<p class=\"\" data-start=\"7124\" data-end=\"7495\">En <strong data-start=\"7127\" data-end=\"7145\">FumotXpress.de<\/strong>, estamos orgullosos de ofrecer el <strong data-start=\"7173\" data-end=\"7217\">SMPO TRON35000 Puffs Vape Pen Desechable<\/strong> y otros vaporizadores desechables de alta calidad directamente a los clientes en Alemania y en toda la UE. Como el <strong data-start=\"7316\" data-end=\"7386\">mayor plataforma de comercio electr\u00f3nico en l\u00ednea para vaporizadores desechables en Alemania<\/strong>Nos enfocamos en brindar una experiencia de compra f\u00e1cil y conveniente, entrega r\u00e1pida y productos de alta calidad.<\/p>\n<p class=\"\" data-start=\"7497\" data-end=\"7541\">Al elegir FumotXpress.de, est\u00e1 asegurado:<\/p>\n<ul data-start=\"7543\" data-end=\"7835\">\n<li class=\"\" data-start=\"7543\" data-end=\"7616\">\n<p class=\"\" data-start=\"7545\" data-end=\"7616\"><strong data-start=\"7545\" data-end=\"7567\">Productos Aut\u00e9nticos<\/strong>: Solo vapeadores desechables genuinos y de alta calidad.<\/p>\n<\/li>\n<li class=\"\" data-start=\"7617\" data-end=\"7692\">\n<p class=\"\" data-start=\"7619\" data-end=\"7692\"><strong data-start=\"7619\" data-end=\"7636\">Env\u00edo R\u00e1pido<\/strong>: Entregado en 3-7 d\u00edas desde nuestro almac\u00e9n en Europa.<\/p>\n<\/li>\n<li class=\"\" data-start=\"7693\" data-end=\"7757\">\n<p class=\"\" data-start=\"7695\" data-end=\"7757\"><strong data-start=\"7695\" data-end=\"7715\">No hay pedido m\u00ednimo<\/strong>: Puedes comprar desde 1 pieza a la vez.<\/p>\n<\/li>\n<li class=\"\" data-start=\"7758\" data-end=\"7835\">\n<p class=\"\" data-start=\"7760\" data-end=\"7835\"><strong data-start=\"7760\" data-end=\"7776\">Gran Variedad<\/strong>: Explora una variedad de productos de vapeo premium de las mejores marcas.<\/p>\n<\/li>\n<\/ul>\n<p><img loading=\"lazy\" decoding=\"async\" class=\"alignnone size-full wp-image-3478\" src=\"https:\/\/fumotxpress.de\/wp-content\/uploads\/2025\/03\/05-scaled.jpg\" alt=\"\" width=\"2560\" height=\"2560\" srcset=\"https:\/\/fumotxpress.de\/wp-content\/uploads\/2025\/03\/05-scaled.jpg 2560w, https:\/\/fumotxpress.de\/wp-content\/uploads\/2025\/03\/05-300x300.jpg 300w, https:\/\/fumotxpress.de\/wp-content\/uploads\/2025\/03\/05-1024x1024.jpg 1024w, https:\/\/fumotxpress.de\/wp-content\/uploads\/2025\/03\/05-150x150.jpg 150w, https:\/\/fumotxpress.de\/wp-content\/uploads\/2025\/03\/05-768x768.jpg 768w, https:\/\/fumotxpress.de\/wp-content\/uploads\/2025\/03\/05-1536x1536.jpg 1536w, https:\/\/fumotxpress.de\/wp-content\/uploads\/2025\/03\/05-2048x2048.jpg 2048w, https:\/\/fumotxpress.de\/wp-content\/uploads\/2025\/03\/05-12x12.jpg 12w, https:\/\/fumotxpress.de\/wp-content\/uploads\/2025\/03\/05-247x247.jpg 247w, https:\/\/fumotxpress.de\/wp-content\/uploads\/2025\/03\/05-600x600.jpg 600w, https:\/\/fumotxpress.de\/wp-content\/uploads\/2025\/03\/05-100x100.jpg 100w\" sizes=\"auto, (max-width: 2560px) 100vw, 2560px\" \/><\/p>\n<p>&nbsp;<\/p>\n<p class=\"\" data-start=\"7837\" data-end=\"8020\">Listo para experimentar lo mejor en vapeo desechable? Dir\u00edgete a <strong data-start=\"7896\" data-end=\"7914\">FumotXpress.de<\/strong> hoy y descubra por qu\u00e9 somos la plataforma de referencia para <strong data-start=\"7968\" data-end=\"8008\">vaporizadores desechables aut\u00e9nticos y originales<\/strong> en Alemania<\/p>\n<\/div>\n<\/div>\n<\/div>\n<\/div>\n<div class=\"flex justify-start\">\n<div class=\"-me-1 -ms-2.5 flex select-none items-center p-1 touch:-me-2 touch:-ms-3.5 -mt-1 transition-[mask-position] [mask-image:linear-gradient(to_var(--mask-direction),black_33%,transparent_66%)] [mask-position:var(--mask-from-pos)] [mask-size:300%_100%] [--mask-direction:right] [--mask-from-pos:100%_0] [--mask-to-pos:0_0] duration-[1.5s]\"><\/div>\n<\/div>\n<div class=\"mt-3 w-full empty:hidden\">\n<div class=\"text-center\"><\/div>\n<\/div>\n<\/div>\n<div class=\"absolute\">\n<div class=\"flex items-center justify-center\"><\/div>\n<\/div>\n<\/div>\n<\/div>\n<\/div>\n<\/article>\n<div class=\"pointer-events-none h-px w-px\" aria-hidden=\"true\" data-edge=\"true\"><\/div>","protected":false},"excerpt":{"rendered":"<p>Der <strong data-start=\"4\" data-end=\"48\">SMPO TRON35000 Puffs Vape Pen Desechable<\/strong> Ofrece una experiencia de vapeo incomparable con su innovador sistema de bobina triple en malla, una capacidad de 35.000 bocanadas y una pantalla LED inteligente para el nivel de l\u00edquido y bater\u00eda, todo mientras mantiene bajos niveles de nicotina.<\/p>","protected":false},"featured_media":3750,"comment_status":"open","ping_status":"closed","template":"","meta":{"om_disable_all_campaigns":false},"product_brand":[],"product_cat":[119],"product_tag":[],"class_list":{"0":"post-3476","1":"product","2":"type-product","3":"status-publish","4":"has-post-thumbnail","6":"product_cat-smpo-tron35000-puffs","8":"first","9":"instock","10":"shipping-taxable","11":"purchasable","12":"product-type-variable"},"_links":{"self":[{"href":"https:\/\/fumotxpress.de\/es\/wp-json\/wp\/v2\/product\/3476","targetHints":{"allow":["GET"]}}],"collection":[{"href":"https:\/\/fumotxpress.de\/es\/wp-json\/wp\/v2\/product"}],"about":[{"href":"https:\/\/fumotxpress.de\/es\/wp-json\/wp\/v2\/types\/product"}],"replies":[{"embeddable":true,"href":"https:\/\/fumotxpress.de\/es\/wp-json\/wp\/v2\/comments?post=3476"}],"wp:featuredmedia":[{"embeddable":true,"href":"https:\/\/fumotxpress.de\/es\/wp-json\/wp\/v2\/media\/3750"}],"wp:attachment":[{"href":"https:\/\/fumotxpress.de\/es\/wp-json\/wp\/v2\/media?parent=3476"}],"wp:term":[{"taxonomy":"product_brand","embeddable":true,"href":"https:\/\/fumotxpress.de\/es\/wp-json\/wp\/v2\/product_brand?post=3476"},{"taxonomy":"product_cat","embeddable":true,"href":"https:\/\/fumotxpress.de\/es\/wp-json\/wp\/v2\/product_cat?post=3476"},{"taxonomy":"product_tag","embeddable":true,"href":"https:\/\/fumotxpress.de\/es\/wp-json\/wp\/v2\/product_tag?post=3476"}],"curies":[{"name":"wp","href":"https:\/\/api.w.org\/{rel}","templated":true}]}}