{"id":1832,"date":"2024-11-29T05:42:01","date_gmt":"2024-11-29T05:42:01","guid":{"rendered":"https:\/\/fumotxpress.de\/?post_type=product&#038;p=1832"},"modified":"2025-05-20T09:51:56","modified_gmt":"2025-05-20T09:51:56","slug":"magic-bar-alpha-20000-puff-comprar-pluma-vape-desechable-recargable-autentica-original","status":"publish","type":"product","link":"https:\/\/fumotxpress.de\/es\/producto\/magic-bar-alpha-20000-puff-comprar-pluma-vape-desechable-recargable-autentica-original\/","title":{"rendered":"Barra M\u00e1gica Alpha 20000 Puffs Compra Vapes Pen Desechable Recargable Original Aut\u00e9ntico"},"content":{"rendered":"<h2><strong>Barra M\u00e1gica Alfa 20000 Puffs - La Pluma Vape Desechable Recargable Definitiva<\/strong><\/h2>\n<p>Cuando se trata de vaporizadores desechables, el <a href=\"https:\/\/fumotxpress.de\/es\/?post_type=product&amp;p=1832&amp;preview=true\">Magic Bar Alpha 20000 Puff<\/a> Se destaca como una verdadera potencia en la industria del vapeo. Dise\u00f1ado para entusiastas de Directo-a-Pulm\u00f3n (DTL) y usuarios que exigen una experiencia de alta calidad y duradera, este dispositivo innovador cambia las reglas del juego. Disponible exclusivamente en FumotXpress.de, la mayor plataforma de venta en l\u00ednea de vapeadores desechables de Alemania, el Magic Bar Alpha ofrece una experiencia de vapeo excepcional que combina conveniencia, durabilidad y sabor sin igual.<\/p>\n<p>Ya seas un vapeador experimentado o est\u00e9s empezando tu viaje de vapeo, el Magic Bar Alpha 20000 Puff ofrece todo lo que necesitas en un paquete elegante y f\u00e1cil de usar. Con una enorme cantidad de 20,000 bocanadas, una bater\u00eda recargable y una capacidad de e-l\u00edquido expansiva, este dispositivo promete un disfrute duradero sin el problema de constantes recargas o reemplazos.<\/p>\n<p><img loading=\"lazy\" decoding=\"async\" class=\"alignnone size-full wp-image-1881\" src=\"https:\/\/fumotxpress.de\/wp-content\/uploads\/2024\/11\/11Magic-Bar-Alpha-20000-scaled.webp\" alt=\"1Magic-Bar-Alpha-20000.\" width=\"2560\" height=\"2560\" srcset=\"https:\/\/fumotxpress.de\/wp-content\/uploads\/2024\/11\/11Magic-Bar-Alpha-20000-scaled.webp 2560w, https:\/\/fumotxpress.de\/wp-content\/uploads\/2024\/11\/11Magic-Bar-Alpha-20000-300x300.webp 300w, https:\/\/fumotxpress.de\/wp-content\/uploads\/2024\/11\/11Magic-Bar-Alpha-20000-1024x1024.webp 1024w, https:\/\/fumotxpress.de\/wp-content\/uploads\/2024\/11\/11Magic-Bar-Alpha-20000-150x150.webp 150w, https:\/\/fumotxpress.de\/wp-content\/uploads\/2024\/11\/11Magic-Bar-Alpha-20000-768x768.webp 768w, https:\/\/fumotxpress.de\/wp-content\/uploads\/2024\/11\/11Magic-Bar-Alpha-20000-1536x1536.webp 1536w, https:\/\/fumotxpress.de\/wp-content\/uploads\/2024\/11\/11Magic-Bar-Alpha-20000-2048x2048.webp 2048w, https:\/\/fumotxpress.de\/wp-content\/uploads\/2024\/11\/11Magic-Bar-Alpha-20000-12x12.webp 12w, https:\/\/fumotxpress.de\/wp-content\/uploads\/2024\/11\/11Magic-Bar-Alpha-20000-247x247.webp 247w, https:\/\/fumotxpress.de\/wp-content\/uploads\/2024\/11\/11Magic-Bar-Alpha-20000-600x600.webp 600w, https:\/\/fumotxpress.de\/wp-content\/uploads\/2024\/11\/11Magic-Bar-Alpha-20000-100x100.webp 100w\" sizes=\"auto, (max-width: 2560px) 100vw, 2560px\" \/><\/p>\n<h3>Caracter\u00edsticas clave de la Magic Bar Alpha 20000 Puff<\/h3>\n<p>El Bar M\u00e1gico <a href=\"https:\/\/fumotxpress.de\/es\/\">Alpha 20000 Puffs<\/a> es una combinaci\u00f3n de tecnolog\u00eda de punta y dise\u00f1o cuidadoso, lo que lo convierte en uno de los vaporizadores desechables m\u00e1s fiables del mercado. A continuaci\u00f3n, se presentan las caracter\u00edsticas destacadas que distinguen a este dispositivo:<\/p>\n<ul>\n<li><strong>20,000 Puffs para Uso Prolongado<\/strong><br \/>\nLa Magic Bar Alpha 20000 Puff est\u00e1 dise\u00f1ada para durar, ofreciendo un impresionante 20,000 puffs por dispositivo. Ya sea que sea un vapeador frecuente o alguien que disfruta de una experiencia de vapeo relajada, este dispositivo est\u00e1 construido para mantenerse al d\u00eda con sus necesidades sin la constante preocupaci\u00f3n de quedarse sin e-l\u00edquido o necesitar reemplazar su dispositivo.<\/li>\n<li><strong>Bater\u00eda recargable de 650mAh<\/strong><br \/>\nA diferencia de muchos vaporizadores desechables, el Magic Bar Alpha viene equipado con una bater\u00eda recargable de 650mAh. Esta caracter\u00edstica garantiza que tu dispositivo se mantenga alimentado durante per\u00edodos m\u00e1s prolongados, lo que te permite disfrutar de un rendimiento constante durante toda su vida \u00fatil. La bater\u00eda se recarga f\u00e1cilmente a trav\u00e9s de un puerto USB, lo que la convierte en una opci\u00f3n conveniente para los vapeadores que siempre est\u00e1n en movimiento.<\/li>\n<li><strong>Capacidad de E-L\u00edquido 25ml<\/strong><br \/>\nUn generoso 25ml de e-l\u00edquido premium est\u00e1 contenido en el Magic Bar Alpha 20000 Puff, ofreciendo una experiencia de vapeo rica y de cuerpo completo con cada calada. Esta gran capacidad de e-l\u00edquido reduce la necesidad de rellenar frecuentemente, permiti\u00e9ndote disfrutar de sesiones de vapeo ininterrumpidas.<\/li>\n<li><strong>0,5\u03a9 Bobina de Malla para Sabor Mejorado<\/strong><br \/>\nEl dispositivo cuenta con una bobina de malla de 0,5\u03a9, dise\u00f1ada para ofrecer una producci\u00f3n de vapor suave y uniforme. Esto garantiza que disfrutes de una experiencia consistente y con sabor completo en cada calada, ideal para aquellos que aprecian nubes de vapor ricas y satisfactorias.<\/li>\n<li><strong>Tecnolog\u00eda de Vapeo DTL (Directo a Pulm\u00f3n)<\/strong><br \/>\nLa tecnolog\u00eda Direct-to-Lung (DTL) est\u00e1 optimizada en la Magic Bar Alpha, proporcionando nubes de vapor m\u00e1s grandes y un sabor m\u00e1s intenso con cada inhalaci\u00f3n. Esto hace que el dispositivo sea perfecto para los que buscan nubes y usuarios que disfrutan de una experiencia de vapeo m\u00e1s inmersiva.<\/li>\n<li><strong>Dise\u00f1o Compacto y Port\u00e1til<\/strong><br \/>\nLa Magic Bar Alpha 20000 Puff es ligera y compacta, pesa solo 110g y mide 40 x 29 x 110mm. Su dise\u00f1o port\u00e1til facilita llevarla en tu bolsillo o bolsa, asegurando que puedas llevarla contigo a dondequiera que vayas sin comprometer el rendimiento.<\/li>\n<li><strong>Resistencias de nicotina personalizables<\/strong><br \/>\nPersonaliza tu experiencia de vapeo seg\u00fan tus preferencias con la elecci\u00f3n de intensidades de nicotina. El Magic Bar Alpha 20000 Puff est\u00e1 disponible en niveles de nicotina 0%, 2%, 3% y 5%, lo que garantiza que los usuarios de todas las preferencias puedan encontrar la intensidad ideal para sus necesidades.<\/li>\n<li><img loading=\"lazy\" decoding=\"async\" class=\"alignnone size-full wp-image-1882\" src=\"https:\/\/fumotxpress.de\/wp-content\/uploads\/2024\/11\/14Magic-Bar-Alpha-20000-scaled.webp\" alt=\"Magic-Bar-Alpha-20000.\" width=\"2560\" height=\"2560\" srcset=\"https:\/\/fumotxpress.de\/wp-content\/uploads\/2024\/11\/14Magic-Bar-Alpha-20000-scaled.webp 2560w, https:\/\/fumotxpress.de\/wp-content\/uploads\/2024\/11\/14Magic-Bar-Alpha-20000-300x300.webp 300w, https:\/\/fumotxpress.de\/wp-content\/uploads\/2024\/11\/14Magic-Bar-Alpha-20000-1024x1024.webp 1024w, https:\/\/fumotxpress.de\/wp-content\/uploads\/2024\/11\/14Magic-Bar-Alpha-20000-150x150.webp 150w, https:\/\/fumotxpress.de\/wp-content\/uploads\/2024\/11\/14Magic-Bar-Alpha-20000-768x768.webp 768w, https:\/\/fumotxpress.de\/wp-content\/uploads\/2024\/11\/14Magic-Bar-Alpha-20000-1536x1536.webp 1536w, https:\/\/fumotxpress.de\/wp-content\/uploads\/2024\/11\/14Magic-Bar-Alpha-20000-2048x2048.webp 2048w, https:\/\/fumotxpress.de\/wp-content\/uploads\/2024\/11\/14Magic-Bar-Alpha-20000-12x12.webp 12w, https:\/\/fumotxpress.de\/wp-content\/uploads\/2024\/11\/14Magic-Bar-Alpha-20000-247x247.webp 247w, https:\/\/fumotxpress.de\/wp-content\/uploads\/2024\/11\/14Magic-Bar-Alpha-20000-600x600.webp 600w, https:\/\/fumotxpress.de\/wp-content\/uploads\/2024\/11\/14Magic-Bar-Alpha-20000-100x100.webp 100w\" sizes=\"auto, (max-width: 2560px) 100vw, 2560px\" \/><\/li>\n<\/ul>\n<h3>Por qu\u00e9 Elegir la Barra M\u00e1gica Alpha 20000 Puffs?<\/h3>\n<p>La Magic Bar Alpha 20000 Puff ofrece una combinaci\u00f3n \u00fanica de longevidad, conveniencia y sabor que la convierte en una opci\u00f3n destacada entre los vapeadores. Aqu\u00ed est\u00e1 por qu\u00e9 deber\u00edas elegir este vape desechable recargable:<\/p>\n<ul>\n<li><strong>Longevidad sin igual<\/strong><br \/>\nCon un asombroso 20.000 golpes, la Magic Bar Alpha proporciona una vida \u00fatil incre\u00edblemente larga en comparaci\u00f3n con los vaporizadores desechables tradicionales. Esto garantiza que no tendr\u00e1 que preocuparse por reemplazar su dispositivo en el corto plazo, lo que lo convierte en una opci\u00f3n rentable para los vapeadores que desean una calidad constante sin compras frecuentes.<\/li>\n<li><strong>Recargabilidad para conveniencia a largo plazo<\/strong><br \/>\nLa bater\u00eda recargable garantiza que su dispositivo est\u00e9 listo para usar sin necesidad de desecharlo despu\u00e9s de un solo uso. Esto lo convierte en una opci\u00f3n m\u00e1s sostenible y respetuosa con el medio ambiente en comparaci\u00f3n con los vaporizadores desechables no recargables.<\/li>\n<li><strong>Elegante y Port\u00e1til<\/strong><br \/>\nEl dise\u00f1o delgado y compacto de la Magic Bar Alpha 20000 Puff facilita su transporte mientras ofrece el rendimiento potente de dispositivos m\u00e1s grandes. Es perfecto para aquellos que siempre est\u00e1n en movimiento y desean disfrutar de una experiencia de vapeo satisfactoria dondequiera que vayan.<\/li>\n<li><strong>Amplia Selecci\u00f3n de Sabores<\/strong><br \/>\nLa Magic Bar Alpha est\u00e1 disponible en una variedad de sabores deliciosos y diversos. Ya sea que prefiera perfiles de sabor afrutados, mentolados o dulces, este dispositivo satisface todos los gustos con una variedad de opciones emocionantes.<\/li>\n<\/ul>\n<h3>Explora los Deliciosos Sabores de la Barra M\u00e1gica Alpha 20000 Puff<\/h3>\n<p>Una de las caracter\u00edsticas destacadas de la Magic Bar Alpha 20000 Puff es su amplia gama de sabores. Cada sabor se elabora cuidadosamente para proporcionar una experiencia de vapeo \u00fanica y satisfactoria. Aqu\u00ed te presentamos algunos de los sabores m\u00e1s populares que puedes elegir:<\/p>\n<ol>\n<li><strong>Hielo de Ar\u00e1ndano Azul<\/strong><br \/>\nUna mezcla perfecta de ar\u00e1ndanos dulces y jugosos con un toque refrescante de mentol. Este sabor ofrece una sensaci\u00f3n afrutada y fresca que es perfecta para aquellos que disfrutan de un vapeo afrutado y refrescante.<\/li>\n<li><strong>Cola Hielo<\/strong><br \/>\nUn sabor cl\u00e1sico de cola combinado con un acabado helado. Es reminiscente de disfrutar de un refresco fr\u00edo en un d\u00eda caluroso, proporcionando una experiencia de vapeo satisfactoria y refrescante.<\/li>\n<li><strong>Doble Manzana<\/strong><br \/>\nUna mezcla de manzanas rojas y verdes, que ofrece un sabor crujiente, dulce y ligeramente \u00e1cido. Este sabor es perfecto para aquellos que aman el sabor natural y fresco de las manzanas con un dulzor equilibrado.<\/li>\n<li><strong>Gum Mint \n\nbecomes \n\nGoma de Menta<\/strong><br \/>\nEl sabor nost\u00e1lgico de la goma de mascar se encuentra con la frescura de la menta. Esta combinaci\u00f3n ofrece una dulzura suave y sutil con un sabor posterior fresco y refrescante que es perfecto para un vapeo durante todo el d\u00eda.<\/li>\n<li><strong>Asesina de Damas<\/strong><br \/>\nUna mezcla tropical de mango, papaya y pi\u00f1a, creando un escape ex\u00f3tico y afrutado con cada calada. Este sabor es ideal para aquellos que aman las frutas tropicales intensas.<\/li>\n<li><strong>Limon y Lima<\/strong><br \/>\nUna mezcla vibrante de lim\u00f3n y lima \u00e1cidos, que ofrece un toque c\u00edtrico que despertar\u00e1 tus sentidos. Es una opci\u00f3n perfecta para aquellos que disfrutan de sabores c\u00edtricos brillantes y refrescantes.<\/li>\n<li><strong>Limoncillo de menta<\/strong><br \/>\nUna refrescante combinaci\u00f3n de lim\u00f3n \u00e1cido y menta fresca. Este sabor proporciona un gusto rejuvenante y crujiente que es ideal para climas m\u00e1s c\u00e1lidos o para aquellos que disfrutan de un vapeo refrescante.<\/li>\n<li><strong>Love 212<\/strong><br \/>\nUna mezcla ex\u00f3tica de frutas que crea un perfil de sabor misterioso e intrigante. La combinaci\u00f3n de diferentes frutas tropicales hace que cada bocanada sea una experiencia \u00fanica.<\/li>\n<li><strong>Mix Berry -&gt;  Mezcla de Frutas ( wait ) \nMix Berry -&gt; Mix Berry<\/strong><br \/>\nUna rica mezcla de bayas, que ofrece el equilibrio perfecto de dulzura y acidez. Este sabor es una opci\u00f3n encantadora para los amantes de las bayas que desean un vape con cuerpo completo y afrutado.<\/li>\n<li><strong>Peach Ice<\/strong><br \/>\nEl dulce y jugoso sabor del melocot\u00f3n, redondeado por una nota subyacente fresca de mentol. Este sabor proporciona un equilibrio perfecto de dulzura afrutada y frescura refrescante.<\/li>\n<li><strong>Limonada Rosa<\/strong><br \/>\nUna combinaci\u00f3n de limonada dulce y un toque de frambuesa, evocando el sabor refrescante cl\u00e1sico del verano. Este sabor es ideal para aquellos que disfrutan de un vape con sabor a fruta y un toque \u00e1cido.<\/li>\n<li><strong>Frambuesa Sand\u00eda<\/strong><br \/>\nUna deliciosa combinaci\u00f3n de frambuesas maduras y sand\u00eda jugosa. Este sabor ofrece una experiencia de fruta en capas con un final dulce y \u00e1cido.<\/li>\n<li><strong>Fresa Pl\u00e1tano<\/strong><br \/>\nUna mezcla cremosa de fresas maduras y pl\u00e1tanos. Este sabor ofrece una experiencia de vapeo suave y satisfactoria que es perfecta para aquellos que aman los sabores frutales y parecidos a postres.<\/li>\n<li><strong>Strawberry Ice<\/strong><br \/>\nUn sabor a fresa fresco y dulce con un toque mentolado helado. Esta es la elecci\u00f3n perfecta para cualquiera que ame un vape con sabor a frutas y un toque fresco y refrescante.<\/li>\n<li><strong>Fresa Sand\u00eda<\/strong><br \/>\nUna combinaci\u00f3n de sand\u00eda jugosa y fresas dulces. Este sabor es el favorito de muchos, ofreciendo una experiencia equilibrada, dulce y afrutada en cada calada.<\/li>\n<li><strong>Goma de Mascar Bomba de Sand\u00eda<\/strong><br \/>\nUna combinaci\u00f3n nost\u00e1lgica de sand\u00eda jugosa y dulzura cl\u00e1sica de chicle de burbujas. Este sabor te lleva de regreso a los recuerdos de la infancia con cada calada.<\/li>\n<li><strong>Sand\u00eda Hielo<\/strong><br \/>\nUn sabor refrescante de sand\u00eda con un toque fresco de mentol. Este sabor es perfecto para una experiencia de vapeo revitalizante y refrescante.<\/li>\n<\/ol>\n<h3>Por qu\u00e9 comprar la Magic Bar Alpha 20000 Puffs de <a href=\"https:\/\/fumotxpress.de\/es\/\">FumotXpress.de<\/a>?<\/h3>\n<p>FumotXpress.de es el destino principal para vaporizadores desechables en Alemania y en toda la UE. Ofrecemos solo productos de la m\u00e1s alta calidad, incluyendo el Magic Bar Alpha 20000 Puff, asegurando que nuestros clientes reciban dispositivos aut\u00e9nticos y originales. Sin requisito de pedido m\u00ednimo, nos dirigimos tanto a vapers individuales como a grupos minoristas. Todos los pedidos se env\u00edan desde nuestros almacenes europeos, garantizando la entrega en 3-7 d\u00edas.<\/p>\n<p>Elige FumotXpress.de para tu pr\u00f3xima compra de vape desechable y experimenta la comodidad, la calidad y la satisfacci\u00f3n de Magic Bar Alpha 20000 Puff. Ya sea que est\u00e9s buscando un vape recargable y duradero o una variedad de sabores deliciosos, tenemos todo lo que necesitas.<\/p>","protected":false},"excerpt":{"rendered":"<p>FumotXpress.de es el destino principal para vaporizadores desechables en Alemania y en toda la UE. Ofrecemos solo productos de la m\u00e1s alta calidad, incluyendo el Magic Bar Alpha 20000 Puff, asegurando que nuestros clientes reciban dispositivos aut\u00e9nticos y originales. Sin requisitos de pedido m\u00ednimo, nos dirigimos tanto a vapers individuales como a grupos minoristas.<\/p>","protected":false},"featured_media":1893,"comment_status":"open","ping_status":"closed","template":"","meta":{"om_disable_all_campaigns":false},"product_brand":[],"product_cat":[34,91,92,94,96,99,101,103,104,107,108,109,111,112,78,79,80,81,82,83,84,85,86,87,88,89,90,70,76,56,61,63,60,65,67],"product_tag":[],"class_list":{"0":"post-1832","1":"product","2":"type-product","3":"status-publish","4":"has-post-thumbnail","6":"product_cat-magic-bar-disposable-vapes","7":"product_cat-buy-best-disposable-vape-flavors","8":"product_cat-apple-flavor-disposable-vapes","9":"product_cat-blueberry-flavor-disposable-vapes","10":"product_cat-cola-flavor-disposable-vapes","11":"product_cat-ice-flavor-disposable-vapes","12":"product_cat-lemon-flavor-disposable-vapes","13":"product_cat-mango-flavor-disposable-vapes","14":"product_cat-mint-flavor-disposable-vapes","15":"product_cat-peach-flavor-disposable-vapes","16":"product_cat-pineapple-flavor-disposable-vapes","17":"product_cat-raspberry-flavor-disposable-vapes","18":"product_cat-strawberry-flavor-disposable-vapes","19":"product_cat-watermelon-flavor-disposable-vapes","20":"product_cat-best-disposable-vape-in-europe","21":"product_cat-buy-disposable-vapes-in-austria","22":"product_cat-buy-disposable-vapes-in-belgium","23":"product_cat-buy-disposable-vapes-in-france","24":"product_cat-buy-disposable-vapes-in-germany","25":"product_cat-buy-disposable-vapes-in-italy","26":"product_cat-buy-disposable-vapes-in-netherlands","27":"product_cat-buy-disposable-vapes-in-norway","28":"product_cat-buy-disposable-vapes-in-poland","29":"product_cat-buy-disposable-vapes-in-portugal","30":"product_cat-buy-disposable-vapes-in-spain","31":"product_cat-buy-disposable-vapes-in-sweden","32":"product_cat-buy-disposable-vapes-in-switzerland","33":"product_cat-shop-disposable-vapes-by-puffs","34":"product_cat-20000-puff-disposable-vape","35":"product_cat-disposable-vape-types","36":"product_cat-big-puffs-disposable-vapes","37":"product_cat-digital-box-disposable-vapes","38":"product_cat-full-screen-disposable-vapes","39":"product_cat-lower-nicotine-disposable-vapes","40":"product_cat-rechargeable-disposable-vapes","42":"first","43":"instock","44":"shipping-taxable","45":"purchasable","46":"product-type-variable"},"_links":{"self":[{"href":"https:\/\/fumotxpress.de\/es\/wp-json\/wp\/v2\/product\/1832","targetHints":{"allow":["GET"]}}],"collection":[{"href":"https:\/\/fumotxpress.de\/es\/wp-json\/wp\/v2\/product"}],"about":[{"href":"https:\/\/fumotxpress.de\/es\/wp-json\/wp\/v2\/types\/product"}],"replies":[{"embeddable":true,"href":"https:\/\/fumotxpress.de\/es\/wp-json\/wp\/v2\/comments?post=1832"}],"wp:featuredmedia":[{"embeddable":true,"href":"https:\/\/fumotxpress.de\/es\/wp-json\/wp\/v2\/media\/1893"}],"wp:attachment":[{"href":"https:\/\/fumotxpress.de\/es\/wp-json\/wp\/v2\/media?parent=1832"}],"wp:term":[{"taxonomy":"product_brand","embeddable":true,"href":"https:\/\/fumotxpress.de\/es\/wp-json\/wp\/v2\/product_brand?post=1832"},{"taxonomy":"product_cat","embeddable":true,"href":"https:\/\/fumotxpress.de\/es\/wp-json\/wp\/v2\/product_cat?post=1832"},{"taxonomy":"product_tag","embeddable":true,"href":"https:\/\/fumotxpress.de\/es\/wp-json\/wp\/v2\/product_tag?post=1832"}],"curies":[{"name":"wp","href":"https:\/\/api.w.org\/{rel}","templated":true}]}}