{"id":1723,"date":"2024-11-25T09:51:02","date_gmt":"2024-11-25T09:51:02","guid":{"rendered":"https:\/\/fumotxpress.de\/?post_type=product&#038;p=1723"},"modified":"2025-05-20T04:44:34","modified_gmt":"2025-05-20T04:44:34","slug":"almacen-europeo-lavande-bm18000-inhalaciones-comprar-pluma-vape-desechable-recargable-autentica-original-2","status":"publish","type":"product","link":"https:\/\/fumotxpress.de\/es\/producto\/almacen-europeo-lavande-bm18000-inhalaciones-comprar-pluma-vape-desechable-recargable-autentica-original-2\/","title":{"rendered":"Vape Pen Desechable Recargable Aut\u00e9ntico BM18000 Puffs Lavande Almac\u00e9n Europeo Compra Original"},"content":{"rendered":"<h2><strong>Lavande BM 18000 Puffs \u2013 La experiencia definitiva de vapeo desechable<\/strong><\/h2>\n<p>Si est\u00e1s buscando una experiencia de vapeo avanzada y eficiente, el Lavande BM 18000 Puffs es la elecci\u00f3n definitiva para los vapeadores exigentes. Con su dise\u00f1o sofisticado, tecnolog\u00eda de vanguardia y caracter\u00edsticas impresionantes, se destaca como uno de los mejores bol\u00edgrafos vapeadores desechables recargables disponibles hoy en d\u00eda. Como una de las opciones de mayor duraci\u00f3n en el mercado, el Lavande BM 18000 Puffs ofrece un rendimiento, una comodidad y un sabor inigualables en los que puedes confiar.<\/p>\n<p>En <a href=\"https:\/\/fumotxpress.de\/es\/\"><strong>FumotXpress.de<\/strong><\/a>, ofrecemos con orgullo este producto revolucionario junto con una amplia gama de bol\u00edgrafos vape de un solo uso premium de marcas confiables como <strong>Al Fakher<\/strong>, <strong>Fizzy<\/strong>, <strong>OBEELAB HHC<\/strong>, <strong>Randm Fumot<\/strong>y <strong>SMPO DL02<\/strong>. Ya sea que sea un minorista o un entusiasta de los vapeadores que busca productos de alta calidad, somos la plataforma de ventas minoristas en l\u00ednea m\u00e1s grande para vapeadores desechables en Alemania. Enviamos directamente desde nuestro <strong>Almac\u00e9n europeo<\/strong>, asegurando que reciba sus productos r\u00e1pidamente, en un plazo de 3 a 7 d\u00edas. Nuestro servicio est\u00e1 dise\u00f1ado para satisfacer las necesidades de grupos minoristas, sin cantidad m\u00ednima de pedido y precios asequibles que comienzan en solo una pieza.<\/p>\n<p>Vamos a profundizar en las caracter\u00edsticas y beneficios \u00fanicos de la Lavande BM 18000 Puffs.<\/p>\n<p><img loading=\"lazy\" decoding=\"async\" class=\"alignnone size-full wp-image-1788\" src=\"https:\/\/fumotxpress.de\/wp-content\/uploads\/2024\/11\/Lavande-BM18000\uff085\uff09.webp\" alt=\"Lavande-BM18000\" width=\"800\" height=\"800\" srcset=\"https:\/\/fumotxpress.de\/wp-content\/uploads\/2024\/11\/Lavande-BM18000\uff085\uff09.webp 800w, https:\/\/fumotxpress.de\/wp-content\/uploads\/2024\/11\/Lavande-BM18000\uff085\uff09-300x300.webp 300w, https:\/\/fumotxpress.de\/wp-content\/uploads\/2024\/11\/Lavande-BM18000\uff085\uff09-150x150.webp 150w, https:\/\/fumotxpress.de\/wp-content\/uploads\/2024\/11\/Lavande-BM18000\uff085\uff09-768x768.webp 768w, https:\/\/fumotxpress.de\/wp-content\/uploads\/2024\/11\/Lavande-BM18000\uff085\uff09-12x12.webp 12w, https:\/\/fumotxpress.de\/wp-content\/uploads\/2024\/11\/Lavande-BM18000\uff085\uff09-247x247.webp 247w, https:\/\/fumotxpress.de\/wp-content\/uploads\/2024\/11\/Lavande-BM18000\uff085\uff09-600x600.webp 600w, https:\/\/fumotxpress.de\/wp-content\/uploads\/2024\/11\/Lavande-BM18000\uff085\uff09-100x100.webp 100w\" sizes=\"auto, (max-width: 800px) 100vw, 800px\" \/><\/p>\n<h3>Lavande BM 18000 Puffs: Caracter\u00edsticas del Producto y Rendimiento<\/h3>\n<p>La Lavande BM 18000 Puffs es una destacada pluma vape recargable desechable que ofrece una experiencia de vapeo extraordinaria. Aqu\u00ed te presento una mirada detallada a lo que hace que este dispositivo sea imprescindible para los aficionados al vapeo:<\/p>\n<ul>\n<li><strong>Capacidad de l\u00edquido electr\u00f3nico prellenado<\/strong>: La Lavande BM viene con una capacidad de e-l\u00edquido prefllenado de 24 ml, lo que garantiza que tengas suficiente jugo para que te dure mucho tiempo sin necesidad de rellenar con frecuencia.<\/li>\n<li><strong>Puffs de Larga Duraci\u00f3n<\/strong>: Con impresionantes 18,000 caladas, este dispositivo proporciona una experiencia de vapeo duradera, ideal tanto para vapeadores ocasionales como diarios. No tendr\u00e1s que preocuparte por reemplazar el dispositivo constantemente.<\/li>\n<li><strong>Recargable y Sostenible<\/strong>: A diferencia de los vaporizadores desechables tradicionales dise\u00f1ados para un solo uso, el Lavande BM se puede recargar v\u00eda <strong>USB tipo C<\/strong>, reduciendo residuos y d\u00e1ndole m\u00e1s valor por su dinero.<\/li>\n<li><strong>Tecnolog\u00eda de Calentamiento de Bobina de Malla<\/strong>: Equipado con 6 bobinas de malla, esta pluma vapeadora mejora el sabor y la calidad del vapor, entregando nubes suaves y ricas en cada calada. El sistema de calefacci\u00f3n de malla garantiza la consistencia y el alto rendimiento.<\/li>\n<li><strong>Capacidad de la bater\u00eda<\/strong>: Una bater\u00eda robusta de 650 mAh alimenta el dispositivo, ofreciendo suficiente uso entre cargas. Est\u00e1 optimizada para durar hasta las 18.000 caladas, proporcionando un rendimiento eficiente y estable.<\/li>\n<li><strong>Operaci\u00f3n Activada por Dibujo<\/strong>: La Lavande BM 18000 Puffs es incre\u00edblemente f\u00e1cil de usar. La funci\u00f3n activada por aspiraci\u00f3n significa que no necesitas presionar ning\u00fan bot\u00f3n; simplemente inhala y el dispositivo se activa autom\u00e1ticamente, proporcionando una satisfacci\u00f3n instant\u00e1nea.<\/li>\n<li><strong>Personalizaci\u00f3n<\/strong>: Ya sea que prefiera una experiencia de vapeo est\u00e1ndar o quiera potenciar el sabor, el dispositivo cuenta con <strong>Modo Normal<\/strong> y <strong>Modo Turbo<\/strong>El modo boost intensifica el sabor para aquellos que disfrutan de un golpe m\u00e1s potente.<\/li>\n<li><strong>Pantalla de visualizaci\u00f3n<\/strong>: El dispositivo cuenta con una <strong>Pantalla Mega Full HD de 3.0\u201d<\/strong>, lo que te permite monitorear informaci\u00f3n clave como el conteo de inhalaciones, la vida \u00fatil de la bater\u00eda y los ajustes del dispositivo con facilidad. Esta funcionalidad adicional hace que la experiencia de vapeo sea m\u00e1s f\u00e1cil de usar y eficiente.<\/li>\n<\/ul>\n<h3>Por qu\u00e9 elegir el Lavande BM 18000 Puffs?<\/h3>\n<ol>\n<li><strong>Placer de Vapeo a Largo Plazo<\/strong>: Con 18,000 caladas, el Lavande BM est\u00e1 dise\u00f1ado para durar, lo que garantiza que no tenga que preocuparse por reemplazos frecuentes. Ya sea que vapee ocasionalmente o como parte de su rutina diaria, este dispositivo est\u00e1 construido para ofrecer una experiencia de vapeo prolongada sin compromiso.<\/li>\n<li><strong>Sabor Premium y Calidad de Vapor<\/strong>: La tecnolog\u00eda de bobina de malla 6x hace una diferencia notable en la calidad del vapor y el sabor. Ya sea que seas un fan\u00e1tico de sabores frutales, mentolados o de postre, el Lavande BM proporciona nubes suaves y satisfactorias que son consistentemente agradables.<\/li>\n<li><strong>Recargabilidad<\/strong>: La caracter\u00edstica recargable distingue a la Lavande BM de los t\u00edpicos vaporizadores desechables. Ofrece sostenibilidad y conveniencia, reduciendo residuos sin sacrificar el rendimiento. Una recarga r\u00e1pida garantiza que siempre est\u00e9s listo para tu pr\u00f3xima sesi\u00f3n de vapeo.<\/li>\n<li><strong>Experiencia Amigable para el Usuario<\/strong>: Dise\u00f1ado con la simplicidad en mente, la operaci\u00f3n activada por aspiraci\u00f3n es perfecta tanto para principiantes como para vapeadores experimentados. La adici\u00f3n de un <strong>modo turbo<\/strong> garantiza que puedas ajustar la intensidad de tu vapeo seg\u00fan tus preferencias.<\/li>\n<li><strong>Carga R\u00e1pida y Eficiente<\/strong>: Gracias a <strong>USB tipo C<\/strong> Carga, el Lavande BM se recarga r\u00e1pidamente, minimizando el tiempo de inactividad y maximizando su placer de vapear. Es ideal para vapeadores en movimiento que necesitan que su dispositivo est\u00e9 listo lo antes posible.<\/li>\n<li><strong>Dise\u00f1o Elegante y Moderno<\/strong>Con su dise\u00f1o elegante, port\u00e1til y discreto, el Lavande BM 18000 Puffs tiene un aspecto tan bueno como su rendimiento. Es el dispositivo perfecto para llevar en el bolsillo o bolso sin llamar la atenci\u00f3n, ofreciendo una experiencia de vapeo sofisticada en cualquier momento y lugar.<\/li>\n<\/ol>\n<h3>Perfil de sabor de Lavande BM 18000 Puffs<\/h3>\n<p>La Lavande BM 18000 Puffs ofrece una amplia selecci\u00f3n de sabores deliciosos que se adaptan a diversas preferencias. Los siguientes sabores son solo unos pocos ejemplos de lo que puedes disfrutar:<\/p>\n<ol>\n<li><strong>Ar\u00e1ndano<\/strong><br \/>\nDisfruta de la dulzura refrescante y \u00e1cida de los ar\u00e1ndanos maduros en cada calada. Este sabor ofrece un sabor suave y dulce a bayas con una ligera acidez que te hace volver por m\u00e1s. Perfecto para los fan\u00e1ticos de los vapores frutales y refrescantes.<\/li>\n<li><strong>Frambuesa<\/strong><br \/>\nUn sabor a frambuesa \u00e1cido y vibrante, esta opci\u00f3n ofrece el equilibrio perfecto entre notas dulces y \u00e1cidas. Es ideal para aquellos que aprecian los sabores frutales intensos que son a la vez refrescantes y satisfactorios.<\/li>\n<li><strong>Lavanda Bliss<\/strong><br \/>\nUn sabor floral y calmante con un toque de dulzura, <strong>Lavanda Bliss<\/strong> ofrece una experiencia relajante \u00fanica. Sus cualidades herbales y arom\u00e1ticas lo convierten en una excelente opci\u00f3n para aquellos que disfrutan de sabores delicados y fragantes.<\/li>\n<li><strong>Brisa Tropical<\/strong><br \/>\nEsta mezcla ex\u00f3tica combina una variedad de frutas tropicales, incluyendo mango, pi\u00f1a y papaya. Es una combinaci\u00f3n dulce y jugosa que transporta tus papilas gustativas a un para\u00edso c\u00e1lido y soleado con cada calada.<\/li>\n<li><strong>Mentolado Fresco<\/strong><br \/>\nFr\u00edo y crujiente, <strong>Mentolado Fresco<\/strong> ofrece una refrescante experiencia mentolada. Es la elecci\u00f3n perfecta para los amantes del mentol, que ofrece un sabor afilado y limpio con un acabado refrescante que deja la boca sinti\u00e9ndose fresca.<\/li>\n<li><strong>Limonada de Hielo<\/strong><br \/>\nEl toque \u00e1cido y picante del limonado combinado con un acabado fresco de mentol crea un vape refrescante y crujiente que es perfecto para un d\u00eda caluroso de verano. Es una mezcla vigorizante que equilibra las notas c\u00edtricas con frescura helada.<\/li>\n<li><strong>Fusi\u00f3n de Uva<\/strong><br \/>\nUn sabor a uva jugoso y dulce que es a la vez intenso y satisfactorio. El <strong>Fusi\u00f3n de Uva<\/strong> ofrece un sabor a uva natural y completo, lo que lo hace perfecto para aquellos que disfrutan de la riqueza de los vapores frutales.<\/li>\n<\/ol>\n<h3>C\u00f3mo Comprar el Lavande BM 18000 Puffs<\/h3>\n<p>Cuando est\u00e9s listo para mejorar tu experiencia de vapeo, puedes comprar convenientemente el <a href=\"https:\/\/fumotxpress.de\/es\/\"><strong>Lavande BM 18000 Puffs<\/strong> <\/a>y otras plumas vape de un solo uso premium directamente desde <strong>FumotXpress.de<\/strong>Nuestra plataforma ofrece:<\/p>\n<ul>\n<li><strong>No hay cantidad m\u00ednima de pedido<\/strong>: Puedes pedir tan solo una pieza, lo que facilita tanto a los minoristas como a los compradores individuales abastecerse de sus productos favoritos.<\/li>\n<li><strong>Env\u00edo R\u00e1pido<\/strong>: Enviamos directamente desde nuestro <a href=\"https:\/\/fumotxpress.de\/es\/\"><strong>Almac\u00e9n europeo<\/strong><\/a>, asegurando que su pedido llegue dentro de 3-7 d\u00edas.<\/li>\n<li><strong>Precios competitivos<\/strong>: Como la plataforma de ventas minoristas en l\u00ednea m\u00e1s grande para vaporizadores desechables en Alemania, ofrecemos los mejores precios del mercado para productos de alta calidad.<\/li>\n<\/ul>\n<p>Disfruta de la comodidad de comprar con nosotros y experimenta vaporizadores desechables premium entregados directamente a tu puerta. No te pierdas <strong>Lavande BM 18000 Puffs<\/strong>\u2014Compre ahora y eleve su experiencia de vapeo al siguiente nivel.<\/p>","protected":false},"excerpt":{"rendered":"<p>Comprar el <strong>Lavande BM 18000 Puffs vape pluma recargable desechable<\/strong> con sabores de Ar\u00e1ndano y Frambuesa. Disfruta de un vapeo sabroso y duradero con env\u00edo r\u00e1pido desde nuestro almac\u00e9n en Europa.<\/p>","protected":false},"featured_media":2190,"comment_status":"open","ping_status":"closed","template":"","meta":{"om_disable_all_campaigns":false},"product_brand":[],"product_cat":[54,91,92,94,97,99,101,103,104,107,108,109,111,112,78,79,80,81,82,83,84,85,86,87,88,89,90,70,115,56,61,63,65,67],"product_tag":[],"class_list":{"0":"post-1723","1":"product","2":"type-product","3":"status-publish","4":"has-post-thumbnail","6":"product_cat-lavande-disposable-vapes","7":"product_cat-buy-best-disposable-vape-flavors","8":"product_cat-apple-flavor-disposable-vapes","9":"product_cat-blueberry-flavor-disposable-vapes","10":"product_cat-grape-flavor-disposable-vapes","11":"product_cat-ice-flavor-disposable-vapes","12":"product_cat-lemon-flavor-disposable-vapes","13":"product_cat-mango-flavor-disposable-vapes","14":"product_cat-mint-flavor-disposable-vapes","15":"product_cat-peach-flavor-disposable-vapes","16":"product_cat-pineapple-flavor-disposable-vapes","17":"product_cat-raspberry-flavor-disposable-vapes","18":"product_cat-strawberry-flavor-disposable-vapes","19":"product_cat-watermelon-flavor-disposable-vapes","20":"product_cat-best-disposable-vape-in-europe","21":"product_cat-buy-disposable-vapes-in-austria","22":"product_cat-buy-disposable-vapes-in-belgium","23":"product_cat-buy-disposable-vapes-in-france","24":"product_cat-buy-disposable-vapes-in-germany","25":"product_cat-buy-disposable-vapes-in-italy","26":"product_cat-buy-disposable-vapes-in-netherlands","27":"product_cat-buy-disposable-vapes-in-norway","28":"product_cat-buy-disposable-vapes-in-poland","29":"product_cat-buy-disposable-vapes-in-portugal","30":"product_cat-buy-disposable-vapes-in-spain","31":"product_cat-buy-disposable-vapes-in-sweden","32":"product_cat-buy-disposable-vapes-in-switzerland","33":"product_cat-shop-disposable-vapes-by-puffs","34":"product_cat-18000-puff-disposable-vape","35":"product_cat-disposable-vape-types","36":"product_cat-big-puffs-disposable-vapes","37":"product_cat-digital-box-disposable-vapes","38":"product_cat-lower-nicotine-disposable-vapes","39":"product_cat-rechargeable-disposable-vapes","41":"first","42":"outofstock","43":"shipping-taxable","44":"product-type-variable"},"_links":{"self":[{"href":"https:\/\/fumotxpress.de\/es\/wp-json\/wp\/v2\/product\/1723","targetHints":{"allow":["GET"]}}],"collection":[{"href":"https:\/\/fumotxpress.de\/es\/wp-json\/wp\/v2\/product"}],"about":[{"href":"https:\/\/fumotxpress.de\/es\/wp-json\/wp\/v2\/types\/product"}],"replies":[{"embeddable":true,"href":"https:\/\/fumotxpress.de\/es\/wp-json\/wp\/v2\/comments?post=1723"}],"wp:featuredmedia":[{"embeddable":true,"href":"https:\/\/fumotxpress.de\/es\/wp-json\/wp\/v2\/media\/2190"}],"wp:attachment":[{"href":"https:\/\/fumotxpress.de\/es\/wp-json\/wp\/v2\/media?parent=1723"}],"wp:term":[{"taxonomy":"product_brand","embeddable":true,"href":"https:\/\/fumotxpress.de\/es\/wp-json\/wp\/v2\/product_brand?post=1723"},{"taxonomy":"product_cat","embeddable":true,"href":"https:\/\/fumotxpress.de\/es\/wp-json\/wp\/v2\/product_cat?post=1723"},{"taxonomy":"product_tag","embeddable":true,"href":"https:\/\/fumotxpress.de\/es\/wp-json\/wp\/v2\/product_tag?post=1723"}],"curies":[{"name":"wp","href":"https:\/\/api.w.org\/{rel}","templated":true}]}}