{"id":1277,"date":"2024-11-09T08:25:46","date_gmt":"2024-11-09T08:25:46","guid":{"rendered":"https:\/\/fumotxpress.de\/?page_id=1277"},"modified":"2024-11-09T08:25:46","modified_gmt":"2024-11-09T08:25:46","slug":"politica-de-edad-fumotxpress","status":"publish","type":"page","link":"https:\/\/fumotxpress.de\/es\/politica-de-edad-fumotxpress\/","title":{"rendered":"Pol\u00edtica de Edad de Fumotxpress"},"content":{"rendered":"<p>En <strong>Fumotxpress.de<\/strong>nos comprometemos a proporcionar una experiencia de vapeo responsable y legal para nuestros clientes en toda la Uni\u00f3n Europea. Nuestros productos est\u00e1n estrictamente destinados a <strong>uso exclusivo para adultos<\/strong>, y mantenemos los est\u00e1ndares m\u00e1s altos para garantizar el cumplimiento de todas las regulaciones legales que rigen la venta de productos de vapeo.<\/p>\n<h3>1. Requisito de edad<\/h3>\n<p>De conformidad con las regulaciones de la UE, debes tener al menos <strong>18 a\u00f1os de edad<\/strong> para comprar nuestros productos. Al visitar y comprar desde <strong>Fumotxpress.de<\/strong>, confirmas que eres mayor de edad en tu pa\u00eds de residencia para comprar productos de vapeo. Si no eres mayor de edad, te pedimos amablemente que te abstengas de utilizar nuestro sitio web.<\/p>\n<h3>2. Verificaci\u00f3n de Edad<\/h3>\n<p>Con el fin de garantizar el cumplimiento de las regulaciones relacionadas con la edad, <strong>Fumotxpress.de<\/strong> puede implementar pasos adicionales de verificaci\u00f3n de edad en el punto de venta. Esto puede implicar:<\/p>\n<ul>\n<li><strong>Comprobaciones manuales de edad<\/strong>Al realizar un pedido, es posible que requiramos una prueba de edad (como una copia de su tarjeta de identificaci\u00f3n o pasaporte) para confirmar su elegibilidad.<\/li>\n<li><strong>Servicios de verificaci\u00f3n de edad de terceros<\/strong>: Podemos trabajar con servicios de terceros para verificar la edad de nuestros clientes antes de procesar los pedidos.<\/li>\n<\/ul>\n<h3>3. Cumplimiento Legal<\/h3>\n<p>Nos tomamos nuestra responsabilidad de cumplir con <strong>todas las leyes locales<\/strong> Dentro de la UE muy en serio. Esto incluye adherirse a regulaciones espec\u00edficas de cada pa\u00eds que pueden imponer requisitos de edad m\u00e1s estrictos. Como parte de nuestro compromiso, solo vendemos nuestros productos a personas ubicadas dentro de la UE. Si resides fuera de la UE, no podemos procesar tu pedido.<\/p>\n<h3>4. Responsabilidad de los Usuarios<\/h3>\n<p>Como usuario de <strong>Fumotxpress.de<\/strong>es su responsabilidad asegurarse de que:<\/p>\n<ul>\n<li>Cumples con el requisito de edad legal para productos de vapeo en tu pa\u00eds.<\/li>\n<li>No intentas realizar una compra en nombre de alguien que no cumple con los criterios de edad.<\/li>\n<li>Proporcionamos informaci\u00f3n veraz y precisa durante el proceso de pago.<\/li>\n<\/ul>\n<p>Si descubrimos que una compra fue realizada por un menor o alguien menor de la edad legal para vapear en su jurisdicci\u00f3n, cancelaremos el pedido inmediatamente y reembolsaremos cualquier pago realizado. Los intentos repetidos de eludir esta pol\u00edtica pueden llevar a una prohibici\u00f3n permanente de nuestro sitio web.<\/p>\n<h3>5. Actualizaciones de la Pol\u00edtica de Edad<\/h3>\n<p>Nuestra Pol\u00edtica de Verificaci\u00f3n de Edad puede ser actualizada peri\u00f3dicamente en respuesta a cambios en las regulaciones de la UE u otros requisitos legales relevantes. Cualquier cambio se reflejar\u00e1 en esta p\u00e1gina, por lo que le recomendamos que revise nuestra pol\u00edtica con regularidad.<\/p>\n<hr \/>\n<h3>Por qu\u00e9 es importante la verificaci\u00f3n de la edad<\/h3>\n<p>Entendemos la importancia de proporcionar un entorno seguro y legal para la compra de productos de vapeo. <strong>Fumotxpress.de<\/strong> se enorgullece de ofrecer <strong>Vapes desechables premium<\/strong> de marcas de confianza como <strong>Al Fakher, Fizzy, OBEELAB HHC,<\/strong> y <strong>SMPO DL02<\/strong>Dise\u00f1ado exclusivamente para usuarios adultos que disfrutan de su experiencia de vapeo de manera responsable.<\/p>\n<p>Estamos dedicados a apoyar la salud p\u00fablica y proteger a los menores de acceder a productos potencialmente da\u00f1inos. Agradecemos su cooperaci\u00f3n para cumplir con nuestra Pol\u00edtica de Verificaci\u00f3n de Edad, asegurando que podamos seguir atendiendo el mercado de la UE de manera responsable y legal.<\/p>\n<hr \/>\n<p>Si tiene alguna pregunta o inquietud con respecto a nuestra Pol\u00edtica de Verificaci\u00f3n de Edad o su elegibilidad para comprar de nosotros, por favor no dude en hac\u00e9rselo saber a trav\u00e9s de <strong><a rel=\"noopener\">info@fumotxpress.de<\/a><\/strong>.<\/p>","protected":false},"excerpt":{"rendered":"<p>En Fumotxpress.de, nos comprometemos a proporcionar una experiencia de vapeo responsable y legal para nuestros clientes en toda la Uni\u00f3n Europea. Nuestros productos est\u00e1n estrictamente destinados al uso de adultos \u00fanicamente, y mantenemos los est\u00e1ndares m\u00e1s altos para garantizar el cumplimiento de todas las regulaciones legales que rigen la venta de productos de vapeo. 1. Requisito de edad De conformidad con la UE [\u2026]","protected":false},"author":1,"featured_media":0,"parent":0,"menu_order":0,"comment_status":"closed","ping_status":"closed","template":"page-blank-title-center.php","meta":{"om_disable_all_campaigns":false,"footnotes":""},"class_list":["post-1277","page","type-page","status-publish","hentry"],"_links":{"self":[{"href":"https:\/\/fumotxpress.de\/es\/wp-json\/wp\/v2\/pages\/1277","targetHints":{"allow":["GET"]}}],"collection":[{"href":"https:\/\/fumotxpress.de\/es\/wp-json\/wp\/v2\/pages"}],"about":[{"href":"https:\/\/fumotxpress.de\/es\/wp-json\/wp\/v2\/types\/page"}],"author":[{"embeddable":true,"href":"https:\/\/fumotxpress.de\/es\/wp-json\/wp\/v2\/users\/1"}],"replies":[{"embeddable":true,"href":"https:\/\/fumotxpress.de\/es\/wp-json\/wp\/v2\/comments?post=1277"}],"version-history":[{"count":0,"href":"https:\/\/fumotxpress.de\/es\/wp-json\/wp\/v2\/pages\/1277\/revisions"}],"wp:attachment":[{"href":"https:\/\/fumotxpress.de\/es\/wp-json\/wp\/v2\/media?parent=1277"}],"curies":[{"name":"wp","href":"https:\/\/api.w.org\/{rel}","templated":true}]}}