{"id":960,"date":"2024-11-06T09:57:30","date_gmt":"2024-11-06T09:57:30","guid":{"rendered":"https:\/\/fumotxpress.de\/?post_type=product&#038;p=960"},"modified":"2025-05-20T09:51:57","modified_gmt":"2025-05-20T09:51:57","slug":"europaisches-lager-fumot-randm-digital-box-12000-zuge-niedriger-nikotingehalt-kaufen-sie-original-authentische-wiederaufladbare-einweg-vapes-stifte","status":"publish","type":"product","link":"https:\/\/fumotxpress.de\/de\/produkt\/europaisches-lager-fumot-randm-digital-box-12000-zuge-niedriger-nikotingehalt-kaufen-sie-original-authentische-wiederaufladbare-einweg-vapes-stifte\/","title":{"rendered":"Europ\u00e4isches Lager Fumot RandM Digitale Box 12000 Z\u00fcge Niedriger Nikotin Kauf Original Authentisch Aufladbare Einweg-Vapes Pen"},"content":{"rendered":"<h1>Europ\u00e4ische Lager Fumot RandM Digitale Box 12000 Z\u00fcge Niedrige Nikotin Wiederaufladbare Einweg-Vape-Pen<\/h1>\n<p><strong>Erleben Sie das ultimative Vaping-Erlebnis mit der Fumot RandM Digital Box 12000 Puffs<\/strong><\/p>\n<p>The \nbecomes \nDie \nno change needed \nthus output \nDie <a href=\"https:\/\/fumotxpress.de\/de\/produkt\/europaisches-lager-fumot-randm-digital-box-12000-zuge-niedriger-nikotingehalt-kaufen-sie-original-authentische-wiederaufladbare-einweg-vapes-stifte\/\"><strong>Fumot RandM Digitale Box 12000 Puffs<\/strong> <\/a>ist ein revolution\u00e4rer, wegwerfbarer Vape-Stift, der Leistung, Stil und Komfort miteinander kombiniert und ihn somit zur perfekten Wahl sowohl f\u00fcr erfahrene Vaper als auch f\u00fcr Neueinsteiger macht. Entwickelt, um ein au\u00dfergew\u00f6hnliches Vaperlebnis vom ersten bis zum letzten Zug zu bieten, bietet dieses innovative Ger\u00e4t bis zu 12.000 Z\u00fcge und gew\u00e4hrleistet so eine langanhaltende Zufriedenheit ohne die M\u00fche st\u00e4ndiger Nachf\u00fcllungen oder Ersatz.<\/p>\n<p>Exklusiv erh\u00e4ltlich auf <strong>FumotXpress.de<\/strong>, der f\u00fchrende Online-H\u00e4ndler f\u00fcr Einweg-Vapes in Deutschland, <strong>Fumot RandM Digitale Box<\/strong> wird direkt von unserem europ\u00e4ischen Lager aus verschickt, um eine schnelle Lieferung innerhalb der EU zu gew\u00e4hrleisten. Ob Sie einen Vape-Pen kaufen oder in gro\u00dfen Mengen einkaufen, FumotXpress.de bietet einen schnellen, zuverl\u00e4ssigen Service ohne Mindestbestellmenge.<\/p>\n<h3>Produkt\u00fcbersicht der Fumot RandM Digital Box 12000 Puffs<\/h3>\n<p>The \nbecomes \nDie \nno change needed \nthus output \nDie <a href=\"https:\/\/fumotxpress.de\/de\/\"><strong>Fumot RandM Digitale Box 12000 Puffs<\/strong><\/a> ist ein fortschrittlicher, aufladbarer, Einweg-Vape-Pen, der sowohl hohe Leistung als auch ein elegantes, benutzerfreundliches Design integriert. Mit einem <strong>20ml vorgef\u00fcllte E-Liquid<\/strong> Kapazit\u00e4t und <strong>bis zu 12.000 Puffs<\/strong>Dieses Ger\u00e4t ist f\u00fcr den erweiterten Einsatz konzipiert und bietet beispiellose Bequemlichkeit und Qualit\u00e4t.<\/p>\n<p>The \nbecomes \nDie \nno change needed \nthus output \nDie<a href=\"https:\/\/fumotxpress.de\/de\/\"> <strong>Fumot RandM Digitale Box<\/strong><\/a> enth\u00e4lt eine <strong>Typ-C-Ladeanschluss<\/strong>erm\u00f6glicht ein schnelles und effizientes Wiederaufladen des <strong>550mAh Batterie<\/strong>, daf\u00fcr sorgen, dass Ihr Ger\u00e4t immer einsatzbereit ist. Dar\u00fcber hinaus verf\u00fcgt es \u00fcber eine intuitive <strong>LED-Bildschirm<\/strong> Das zeigt sowohl Akkustand als auch E-Liquid-Kapazit\u00e4t und h\u00e4lt Sie \u00fcber Ihr Vaperlebnis informiert.<\/p>\n<p>\u00dcber die Leistung hinaus bietet dieser Vape-Stift anpassbare Funktionen, darunter <strong>RGB-Beleuchtung<\/strong> mit sechs Farboptionen, die jeder Sitzung einen Hauch von Personalisierung und Stil hinzuf\u00fcgen. Ob Sie nach einem klassischen Aussehen oder einer lebendigeren Anzeige suchen, die <strong>Fumot RandM Digitale Box<\/strong> wird Ihren Vorlieben gerecht.<\/p>\n<h3>Hauptmerkmale der Fumot RandM Digital Box 12000 Puffs<\/h3>\n<ol>\n<li><strong>Beeindruckende Puff-Kapazit\u00e4t:<\/strong> Mit <strong>bis zu 12.000 Puffs<\/strong>der <strong>Fumot RandM Digitale Box<\/strong> bietet ein langanhaltendes Vaperlebnis, perfekt f\u00fcr diejenigen, die eine verl\u00e4ngerte, problemlose L\u00f6sung w\u00fcnschen.<\/li>\n<li><strong>Gro\u00dfz\u00fcgige E-Liquid-Menge:<\/strong> Vorgef\u00fcllt mit <strong>20ml E-Liquid<\/strong>, dieses Ger\u00e4t macht das st\u00e4ndige Nachf\u00fcllen \u00fcberfl\u00fcssig und gew\u00e4hrleistet, dass Sie \u00fcber einen l\u00e4ngeren Zeitraum ein konsistentes und zufriedenstellendes Vapen genie\u00dfen k\u00f6nnen.<\/li>\n<li><strong>Aufladbare Batterie mit Typ-C-Anschluss:<\/strong> Ausgestattet mit einem <strong>550mAh wiederaufladbare Batterie<\/strong>der <strong>Fumot RandM Digitale Box<\/strong> bietet schnelles, effizientes Aufladen mit dem enthaltenen <strong>Typ-C-Ladeanschluss<\/strong>, daf\u00fcr sorgen, dass Ihr Ger\u00e4t immer bereit ist, wenn Sie es sind.<\/li>\n<li><strong>LED Batterie- &amp; Fl\u00fcssigkeitsanzeige:<\/strong> The \nbecomes \nDie \nno change needed \nthus output \nDie <strong>LED-Bildschirm<\/strong> deutlich beide zeigt <strong>Akku-Lebensdauer<\/strong> und die \u00fcbrigen <strong>E-Liquid<\/strong> Ebene, die es Ihnen erm\u00f6glicht, die Leistung des Ger\u00e4ts leicht zu \u00fcberwachen und \u00dcberraschungen zu vermeiden.<\/li>\n<li><strong>Individualisierbare RGB-Lichteffekte:<\/strong> W\u00e4hlen Sie aus <strong>sechs lebendige Farben<\/strong> Um Ihre E-Zigarette zu beleuchten und ein personalisiertes Erlebnis mit jedem Zug zu genie\u00dfen. Die RGB-Beleuchtung verbessert sowohl die \u00c4sthetik als auch den Spa\u00df am Dampfen.<\/li>\n<li><strong>Nicotinst\u00e4rke-Optionen:<\/strong> The \nbecomes \nDie \nno change needed \nthus output \nDie <strong>Fumot RandM Digitale Box<\/strong> Angebote <strong>zwei Nikotinst\u00e4rken Optionen<\/strong>, sodass Sie zwischen w\u00e4hlen k\u00f6nnen <strong>5%<\/strong> (50mg\/ml) oder <strong>2%<\/strong> (20mg\/ml) Nikotinst\u00e4rke, um Ihren Vorlieben anzupassen.<\/li>\n<li><strong>Einstellbare Luftstromregelung:<\/strong> Passen Sie Ihr Vaping-Erlebnis mit einer sanften, einstellbaren Luftstromregelung an, die es Ihnen erm\u00f6glicht, den Zug nach Ihrem Geschmack zu personalisieren.<\/li>\n<li><strong>48 Verschiedene Aromen:<\/strong> Mit einer Auswahl von <strong>48 einzigartige Geschmacksrichtungen<\/strong>der <strong>Fumot RandM Digitale Box<\/strong> stellt sicher, dass f\u00fcr jeden etwas dabei ist, egal ob Sie fruchtige, minzige oder dessertinspirierte Profile bevorzugen.<\/li>\n<\/ol>\n<h3>Warum den Fumot RandM Digital Box 12000 Puffs w\u00e4hlen?<\/h3>\n<p>The \nbecomes \nDie \nno change needed \nthus output \nDie <strong>Fumot RandM Digitale Box 12000 Puffs<\/strong> ist mehr als nur ein wegwerfbarer Vape-Stift; es ist ein Lifestyle-Accessoire, das Stil, Leistung und Vielseitigkeit kombiniert. Mit seinen beeindruckenden Funktionen, der verl\u00e4ngerten Anzahl an Puffs und der anpassbaren Beleuchtung hebt sich dieses Vape-Ger\u00e4t in einem \u00fcberf\u00fcllten Markt ab. Ob Sie zu Hause sind oder unterwegs, das <strong>Fumot RandM Digitale Box<\/strong> ist eine zuverl\u00e4ssige und angenehme Wahl f\u00fcr Ihre Dampfbed\u00fcrfnisse.<\/p>\n<ol>\n<li><strong>Langanhaltende Leistung<\/strong>: Mit bis zu <strong>12.000 Puffs<\/strong>, k\u00f6nnen Sie sich verlassen auf die <strong>Fumot RandM Digitale Box<\/strong> um eine verl\u00e4ngerte Nutzung ohne die Notwendigkeit st\u00e4ndiger Ersetzungen zu erm\u00f6glichen, was es zu einer \u00e4u\u00dferst wirtschaftlichen Wahl macht.<\/li>\n<li><strong>Personalisierte Erfahrung<\/strong>: Der <strong>RGB-Lichteffekte<\/strong> und <strong>Einstellbarer Luftstrom<\/strong> erm\u00f6glichen es Ihnen, Ihr Vaperlebnis individuell anzupassen, w\u00e4hrend der <strong>LED-Display<\/strong> Stellt sicher, dass Sie stets \u00fcber den Status Ihres Ger\u00e4ts informiert sind.<\/li>\n<li><strong>Bequemlichkeit und Stil<\/strong>: Das schlanke, kompakte Design macht das Ger\u00e4t leicht zu tragen und zu verwenden, w\u00e4hrend die wiederaufladbare Batterie und <strong>Typ-C-Ladeanschluss<\/strong> Sorgen Sie f\u00fcr schnelles, problemloses Aufladen.<\/li>\n<li><strong>Premium-Aromen<\/strong>: Mit <strong>48 verschiedene Aromen<\/strong> auszur\u00e4hlen, die <strong>Fumot RandM Digitale Box<\/strong> erf\u00fcllt jeden Geschmack, liefert jedes Mal konsistent aromatische Puffs.<\/li>\n<\/ol>\n<h3>Fumot RandM Digitale Box 12000 Puffs Geschmacksf\u00fchrer<\/h3>\n<p>Einer der H\u00f6hepunkte der <strong>Fumot RandM Digitale Box 12000 Puffs<\/strong> ist seine au\u00dfergew\u00f6hnliche Vielfalt an Geschmacksrichtungen. Hergestellt unter Verwendung von hochwertigen Inhaltsstoffen, ist jedes Geschmacksprofil darauf ausgerichtet, ein einzigartiges und zufriedenstellendes Verdampferlebnis zu bieten. Ob Sie in der Stimmung f\u00fcr etwas S\u00fc\u00dfes, Fruchtiges oder Erfrischendes sind, Sie werden eine Geschmacksrichtung finden, die Ihren Vorlieben entspricht. Hier ist ein Blick auf einige der beliebtesten Optionen:<\/p>\n<ol>\n<li><strong>Mango-Eis<\/strong>: Ein tropischer Klassiker, <strong>Mango-Eis<\/strong> Kombiniert den saftigen, s\u00fc\u00dfen Geschmack reifer Mangos mit einem k\u00fchlen Menthol-Finish. Diese erfrischende Mischung ist perfekt f\u00fcr diejenigen, die ein s\u00fc\u00dfes, aber dennoch belebendes Vaping-Erlebnis genie\u00dfen.<\/li>\n<li><strong>Wassermelone<\/strong>: Einfangen des Wesens des Sommers, <strong>Wassermelone<\/strong> Liefert den erfrischenden Geschmack von reifer, saftiger Wassermelone in jedem Zug. Es ist leicht, s\u00fc\u00df und perfekt f\u00fcr ein hydratisierendes Vape-Erlebnis.<\/li>\n<li><strong>Cola<\/strong>: Wenn du nach einem prickelnden, intensiven Vape verlangst, <strong>Cola<\/strong> ist der Geschmack f\u00fcr dich. Dieses nostalgische Profil ahmt den Geschmack deines Lieblingsgetr\u00e4nks nach und bietet ein s\u00fc\u00dfes und leicht s\u00e4uerliches Dampferlebnis mit einem kohlens\u00e4urehaltigen Gef\u00fchl.<\/li>\n<li><strong>Blaubeer-Minze<\/strong>: Die Kombination von <strong>reife Blaubeeren<\/strong> und <strong>Minze<\/strong> schafft eine perfekte Balance zwischen s\u00fc\u00df und erfrischend. <strong>Blaubeer-Minze<\/strong> ist eine aromatische und revitalisierende Option f\u00fcr jede Tageszeit.<\/li>\n<li><strong>Energy-Drink \n(Energiegetr\u00e4nk) \nauch: \nEnergizer \n(Energieverleihender) \noder \nAufputschgetr\u00e4nk<\/strong>F\u00fcr diejenigen, die einen Energieschub lieben, der <strong>Energy-Drink \n(Energiegetr\u00e4nk) \nauch: \nEnergizer \n(Energieverleihender) \noder \nAufputschgetr\u00e4nk<\/strong> Der Geschmack erfasst die Sch\u00e4rfe und Lebendigkeit eines Energy-Drinks und bietet ein prickelndes und aromatisches Erlebnis, das sicherlich Ihre Sinne weckt.<\/li>\n<li><strong>Erdbeer-Torte<\/strong>: Genie\u00dfen Sie den cremigen, dessert\u00e4hnlichen Geschmack von <strong>Erdbeer-Torte<\/strong>, das s\u00fc\u00dfe, reife Erdbeeren mit einer reichen, cremigen K\u00e4sekuchenbasis f\u00fcr eine \u00fcppige Leckerei kombiniert.<\/li>\n<li><strong>Ananas Kokosnuss<\/strong>: Versetzen Sie sich in ein tropisches Paradies mit der Kombination von <strong>s\u00fc\u00dfe Ananas<\/strong> und glatt <strong>Kokosnuss<\/strong>eine strandinspirierte E-Zigarette zu kreieren, die sowohl s\u00fc\u00df als auch erfrischend ist.<\/li>\n<li><strong>Trauben Eis<\/strong>: <strong>Trauben Eis<\/strong> bietet den tiefen, fruchtigen Geschmack von Trauben, erg\u00e4nzt durch ein erfrischendes Menthol-Finish. Diese Kombination ist perfekt f\u00fcr diejenigen, die einen erfrischenden, s\u00fc\u00dfen Fruchtgeschmack mit einem eisigen Twist lieben.<\/li>\n<li><strong>Vanillecreme<\/strong>: F\u00fcr Dessert-Liebhaber, <strong>Vanillecreme<\/strong> bietet einen reichen, cremigen Vanille-Geschmack mit einem weichen, pudding\u00e4hnlichen Abgang. Es ist eine s\u00fc\u00dfe, luxuri\u00f6se Wahl f\u00fcr diejenigen, die ein komfortables, dessertinspiriertes Vape zu sch\u00e4tzen wissen.<\/li>\n<li><strong>Apfel Eis<\/strong>: Dieser Geschmack erfasst den knackigen, frischen Geschmack eines gerade gepfl\u00fcckten Apfels, verst\u00e4rkt durch ein k\u00fchles Menthol-Finish. <strong>Apfel Eis<\/strong> ist die perfekte Mischung aus s\u00fc\u00df und erfrischend mit einer gek\u00fchlten Note.<\/li>\n<\/ol>\n<p>Mit insgesamt <strong>48 Geschmacksrichtungen<\/strong> um zu erkunden, gibt es keinen Mangel an Vielfalt, den man genie\u00dfen kann mit dem <strong>Fumot RandM Digitale Box 12000 Puffs<\/strong>Ob Sie nach etwas Fruchtigem, Minzigem oder Dessert-Inspiriertem suchen, Sie werden die perfekte Geschmacksrichtung finden, die zu Ihrer Stimmung passt.<\/p>\n<h3>Bestellen Sie die Fumot RandM Digital Box 12000 Puffs von FumotXpress.de<\/h3>\n<p>An <strong>FumotXpress.de<\/strong>, wir sind stolz darauf, die gr\u00f6\u00dfte Online-Handelsplattform f\u00fcr Einweg-Vapes in Deutschland zu sein. Wir bieten eine umfangreiche Auswahl an hochwertigen Vapes, einschlie\u00dflich der <strong>Fumot RandM Digitale Box 12000 Puffs<\/strong>, die ohne Mindestbestellmenge gekauft werden k\u00f6nnen. Ob Sie ein einzelnes St\u00fcck oder eine Gro\u00dfbestellung f\u00fcr Einzelhandelsgruppen ben\u00f6tigen, wir haben Sie abgedeckt. Alle unsere Produkte werden direkt von unserem europ\u00e4ischen Lager aus verschickt, um eine schnelle Lieferung innerhalb <strong>3-7 Tage<\/strong>.<\/p>\n<p>Wenn Sie mit uns einkaufen <a href=\"https:\/\/fumotxpress.de\/de\/\"><strong>FumotXpress.de<\/strong>,<\/a> Sie sind garantiert, dass Sie Originalprodukte erhalten, die den h\u00f6chsten Qualit\u00e4tsstandards entsprechen. Unsere leicht zu navigierende Website und unser zuverl\u00e4ssiger Kundenservice machen den Kauf Ihrer Einweg-Vapes zu einem nahtlosen Erlebnis.<\/p>\n<h3>Schlussfolgerung<\/h3>\n<p>The \nbecomes \nDie \nno change needed \nthus output \nDie <a href=\"https:\/\/fumotxpress.de\/de\/\"><strong>Fumot RandM Digitale Box 12000 Puffs<\/strong> <\/a>ist die ultimative Wahl f\u00fcr Vaper, die Qualit\u00e4t, Stil und Leistung fordern. Mit seiner langlebigen Puff-Kapazit\u00e4t, dem Premium-E-Liquid-Volumen, der aufladbaren Batterie und den umfangreichen Geschmacksoptionen bietet dieses Ger\u00e4t alles, was Sie f\u00fcr ein \u00fcberlegenes Vaperlebnis ben\u00f6tigen. Shoppen Sie bei <strong>FumotXpress.de<\/strong> heute und genie\u00dfen Sie schnelle, zuverl\u00e4ssige Lieferungen direkt aus unserem europ\u00e4ischen Lager. Ob Sie ein gelegentlicher Dampfer oder ein engagierter Enthusiast sind<\/p>","protected":false},"excerpt":{"rendered":"<p>Kaufen Sie den Fumot RandM Digital Box 12000 Puffs wiederaufladbaren Einweg-Vape-Pen bei FumotXpress.de, mit niedrigem Nikotingehalt, Premium-Aromen und schneller Lieferung aus unserem europ\u00e4ischen Lager.<\/p>","protected":false},"featured_media":2455,"comment_status":"open","ping_status":"closed","template":"","meta":{"om_disable_all_campaigns":false},"product_brand":[],"product_cat":[24,91,92,94,95,96,97,99,101,103,104,107,108,109,111,112,78,79,80,81,82,83,84,85,86,87,88,89,90,70,73,56,61,63,65,67],"product_tag":[],"class_list":{"0":"post-960","1":"product","2":"type-product","3":"status-publish","4":"has-post-thumbnail","6":"product_cat-fumot-tornado-disposable-vapes","7":"product_cat-buy-best-disposable-vape-flavors","8":"product_cat-apple-flavor-disposable-vapes","9":"product_cat-blueberry-flavor-disposable-vapes","10":"product_cat-cherry-flavor-disposable-vapes","11":"product_cat-cola-flavor-disposable-vapes","12":"product_cat-grape-flavor-disposable-vapes","13":"product_cat-ice-flavor-disposable-vapes","14":"product_cat-lemon-flavor-disposable-vapes","15":"product_cat-mango-flavor-disposable-vapes","16":"product_cat-mint-flavor-disposable-vapes","17":"product_cat-peach-flavor-disposable-vapes","18":"product_cat-pineapple-flavor-disposable-vapes","19":"product_cat-raspberry-flavor-disposable-vapes","20":"product_cat-strawberry-flavor-disposable-vapes","21":"product_cat-watermelon-flavor-disposable-vapes","22":"product_cat-best-disposable-vape-in-europe","23":"product_cat-buy-disposable-vapes-in-austria","24":"product_cat-buy-disposable-vapes-in-belgium","25":"product_cat-buy-disposable-vapes-in-france","26":"product_cat-buy-disposable-vapes-in-germany","27":"product_cat-buy-disposable-vapes-in-italy","28":"product_cat-buy-disposable-vapes-in-netherlands","29":"product_cat-buy-disposable-vapes-in-norway","30":"product_cat-buy-disposable-vapes-in-poland","31":"product_cat-buy-disposable-vapes-in-portugal","32":"product_cat-buy-disposable-vapes-in-spain","33":"product_cat-buy-disposable-vapes-in-sweden","34":"product_cat-buy-disposable-vapes-in-switzerland","35":"product_cat-shop-disposable-vapes-by-puffs","36":"product_cat-12000-puff-disposable-vape","37":"product_cat-disposable-vape-types","38":"product_cat-big-puffs-disposable-vapes","39":"product_cat-digital-box-disposable-vapes","40":"product_cat-lower-nicotine-disposable-vapes","41":"product_cat-rechargeable-disposable-vapes","43":"first","44":"instock","45":"shipping-taxable","46":"purchasable","47":"product-type-variable"},"_links":{"self":[{"href":"https:\/\/fumotxpress.de\/de\/wp-json\/wp\/v2\/product\/960","targetHints":{"allow":["GET"]}}],"collection":[{"href":"https:\/\/fumotxpress.de\/de\/wp-json\/wp\/v2\/product"}],"about":[{"href":"https:\/\/fumotxpress.de\/de\/wp-json\/wp\/v2\/types\/product"}],"replies":[{"embeddable":true,"href":"https:\/\/fumotxpress.de\/de\/wp-json\/wp\/v2\/comments?post=960"}],"wp:featuredmedia":[{"embeddable":true,"href":"https:\/\/fumotxpress.de\/de\/wp-json\/wp\/v2\/media\/2455"}],"wp:attachment":[{"href":"https:\/\/fumotxpress.de\/de\/wp-json\/wp\/v2\/media?parent=960"}],"wp:term":[{"taxonomy":"product_brand","embeddable":true,"href":"https:\/\/fumotxpress.de\/de\/wp-json\/wp\/v2\/product_brand?post=960"},{"taxonomy":"product_cat","embeddable":true,"href":"https:\/\/fumotxpress.de\/de\/wp-json\/wp\/v2\/product_cat?post=960"},{"taxonomy":"product_tag","embeddable":true,"href":"https:\/\/fumotxpress.de\/de\/wp-json\/wp\/v2\/product_tag?post=960"}],"curies":[{"name":"wp","href":"https:\/\/api.w.org\/{rel}","templated":true}]}}