{"id":914,"date":"2024-11-06T07:26:53","date_gmt":"2024-11-06T07:26:53","guid":{"rendered":"https:\/\/fumotxpress.de\/?post_type=product&#038;p=914"},"modified":"2025-05-26T06:56:09","modified_gmt":"2025-05-26T06:56:09","slug":"europaisches-lagerhaus-vozol-vista-20000-zuge-mit-niedrigem-nikotingehalt-kaufen-sie-original-authentische-wiederaufladbare-einweg-vapes-stifte","status":"publish","type":"product","link":"https:\/\/fumotxpress.de\/de\/produkt\/europaisches-lagerhaus-vozol-vista-20000-zuge-mit-niedrigem-nikotingehalt-kaufen-sie-original-authentische-wiederaufladbare-einweg-vapes-stifte\/","title":{"rendered":"Europ\u00e4isches Lager Vozol Vista 20000 Puffs Niedrig Nikotin Kaufen Original Authentisch Aufladbare Einweg-Vapes Pen"},"content":{"rendered":"<h1>Europ\u00e4ische Lagerhaltung Vozol Vista 20000 Puffs Niedrig Nikotin Aufladbare Einweg-Vape-Halterfeder<\/h1>\n<p><img loading=\"lazy\" decoding=\"async\" class=\"alignnone wp-image-916 size-full\" src=\"https:\/\/fumotxpress.de\/wp-content\/uploads\/2024\/11\/vozol-vista-20000-2-2048x1152-1.webp\" alt=\"Vozol Vista 20000 Puffs\" width=\"2048\" height=\"1152\" srcset=\"https:\/\/fumotxpress.de\/wp-content\/uploads\/2024\/11\/vozol-vista-20000-2-2048x1152-1.webp 2048w, https:\/\/fumotxpress.de\/wp-content\/uploads\/2024\/11\/vozol-vista-20000-2-2048x1152-1-600x338.webp 600w, https:\/\/fumotxpress.de\/wp-content\/uploads\/2024\/11\/vozol-vista-20000-2-2048x1152-1-300x169.webp 300w, https:\/\/fumotxpress.de\/wp-content\/uploads\/2024\/11\/vozol-vista-20000-2-2048x1152-1-1024x576.webp 1024w, https:\/\/fumotxpress.de\/wp-content\/uploads\/2024\/11\/vozol-vista-20000-2-2048x1152-1-768x432.webp 768w, https:\/\/fumotxpress.de\/wp-content\/uploads\/2024\/11\/vozol-vista-20000-2-2048x1152-1-1536x864.webp 1536w\" sizes=\"auto, (max-width: 2048px) 100vw, 2048px\" \/><\/p>\n<p><strong>Entdecken Sie den VOZOL Vista 20000 Puffs Disposable Vape Pen \u2013 Das ultimative Vaperlebnis<\/strong><\/p>\n<p>Wenn es um Einweg-Vapes geht, gibt es viele Optionen auf dem Markt. Doch nur wenige stechen hervor wie die<a href=\"https:\/\/fumotxpress.de\/de\/produkt\/europaisches-lagerhaus-vozol-vista-20000-zuge-mit-niedrigem-nikotingehalt-kaufen-sie-original-authentische-wiederaufladbare-einweg-vapes-stifte\/\"> <strong>VOZOL Vista 20000 Puffs Einweg-Vape-Stift<\/strong><\/a>Eine perfekte Mischung aus Innovation, Leistung und stilvollem Design bietet dieser Einweg-Vape-Pen ein unvergleichliches Vaperlebnis. Ob Sie ein erfahrener Vaper sind oder neu in der Welt des Vapens, der <a href=\"https:\/\/fumotxpress.de\/de\/\"><strong>VOZOL Vista 20000 Puffs<\/strong><\/a> ist zugeschnitten, um Ihren Bed\u00fcrfnissen gerecht zu werden und liefert bei jedem Einatmen bis zu 20.000 Z\u00fcge Zufriedenheit.<\/p>\n<h3>Warum VOZOL Vista 20000 Puffs w\u00e4hlen?<\/h3>\n<p>In einem wettbewerbsorientierten Markt, <strong>VOZOL Vista 20000 Puffs<\/strong> zeichnet sich durch seine beeindruckende Langlebigkeit und modernsten Funktionen aus. Wenn Sie nach einem Ger\u00e4t suchen, das verl\u00e4ngerten Gebrauch, hochwertige Aromaprofile und ein benutzerfreundliches Design kombiniert, ist dies Ihre ideale Wahl. Mit seinem aufladbaren Akku, der fortschrittlichen Dual-Mesh-Coil-Technologie und dem LCD-Display, das wichtige Informationen wie Akkustand und verbleibende Puffs anzeigt, bietet dieses Ger\u00e4t das perfekte Gleichgewicht zwischen Komfort und Leistung.<\/p>\n<p>The \nbecomes \nDie \nno change needed \nthus output \nDie <strong>VOZOL Vista 20000 Puffs<\/strong> ist speziell f\u00fcr Vaper konzipiert, die eine langlebige L\u00f6sung suchen, ohne Geschmack oder Qualit\u00e4t zu opfern. Die vorgef\u00fcllte Kapazit\u00e4t von 24 ml E-Liquid bedeutet, dass Sie sich keine Sorgen um Nachf\u00fcllungen machen m\u00fcssen, und mit der zus\u00e4tzlichen aufladbaren Batterie k\u00f6nnen Sie Ihr Ger\u00e4t weit \u00fcber die Lebensdauer der meisten Einweg-Vapes hinaus genie\u00dfen.<\/p>\n<h3>Hauptmerkmale des VOZOL Vista 20000 Puffs<\/h3>\n<ol>\n<li><strong>Nikotinst\u00e4rke:<\/strong> Der VOZOL Vista bietet eine Nikotinst\u00e4rke von 50mg\/ml, was Ihnen einen sanften und befriedigenden throat hit gibt, ideal f\u00fcr diejenigen, die ein intensiveres Erlebnis bevorzugen, w\u00e4hrend sie immer noch einen glatten, ausgewogenen Zug beibehalten.<\/li>\n<li><strong>Beeindruckende Puff-Zahl:<\/strong> Mit einer Kapazit\u00e4t von bis zu <strong>20.000 Z\u00fcge<\/strong>Der VOZOL Vista ist eine der widerstandsf\u00e4higsten und langlebigsten Einweg-E-Zigaretten, die heute erh\u00e4ltlich sind, und gew\u00e4hrleistet, dass Sie ihn \u00fcber l\u00e4ngere Zeitr\u00e4ume nutzen k\u00f6nnen, ohne dass ein h\u00e4ufiger Ersatz erforderlich ist.<\/li>\n<li><strong>E-Liquid-Kapazit\u00e4t:<\/strong> Vorgef\u00fcllt mit <strong>24ml Premium-E-Liquid<\/strong>, bietet die VOZOL Vista ein konstantes Aromaprofil und eine gleichm\u00e4\u00dfige Dampfproduktion bis zum letzten Zug. Es besteht keine Notwendigkeit, nachzuf\u00fcllen - einfach das Ger\u00e4t aufladen, wenn der Akku schwach ist, und genie\u00dfen.<\/li>\n<li><strong>Aufladbare Batterie<\/strong> The \nbecomes \nDie \nno change needed \nthus output \nDie <strong>650mAh wiederaufladbare Batterie<\/strong> stellt sicher, dass Ihnen nicht vorzeitig der Strom ausgeht, und bietet den Komfort des Aufladens bei Bedarf. Diese Funktion verl\u00e4ngert die Lebensdauer des Ger\u00e4ts und gibt Ihnen gr\u00f6\u00dfere Flexibilit\u00e4t.<\/li>\n<li><strong>Duale Mesh-Spulen-Technologie:<\/strong> Ausgestattet mit <strong>Doppel-Mesh-Coils<\/strong>, das VOZOL Vista bietet eine \u00fcberlegene Geschmacksabgabe und eine glatte Dampfproduktion. Diese Technologie garantiert, dass jeder Zug reich, konsistent und aromatisch ist und Ihr Vaping-Erlebnis erh\u00f6ht.<\/li>\n<li><strong>LCD-Bildschirm:<\/strong> Ein eingebautes <strong>LCD-Bildschirm<\/strong> zeigt wichtige Informationen wie den Batteriestand und die Anzahl der verbleibenden Puffs an, sodass Sie immer die Kontrolle haben. Diese intuitive Funktion verbessert die Benutzerfreundlichkeit und den Komfort des Ger\u00e4ts.<\/li>\n<li><strong>Schlankes und Kompaktes Design:<\/strong> The \nbecomes \nDie \nno change needed \nthus output \nDie <strong>VOZOL Vista<\/strong> verf\u00fcgt \u00fcber ein taschenfreundliches, ergonomisches Design, das es leicht macht, es \u00fcberall hin mitzunehmen. Sein schlankes Erscheinungsbild und seine robuste Konstruktion gew\u00e4hrleisten sowohl Stil als auch Praktikabilit\u00e4t.<\/li>\n<\/ol>\n<h3>Geschmacksvielfalt von VOZOL Vista 20000 Puffs<\/h3>\n<p>Einer der aufregendsten Aspekte der <a href=\"https:\/\/fumotxpress.de\/de\/\"><strong>VOZOL Vista<\/strong><\/a> ist die umfangreiche Auswahl an verf\u00fcgbaren Geschmacksrichtungen. Jede Geschmacksrichtung wird sorgf\u00e4ltig unter Verwendung hochwertiger Inhaltsstoffe hergestellt und liefert ein sanftes und angenehmes Erlebnis bei jedem Zug. Ob Sie nach fruchtigen, minzigen oder sauren Geschmacksrichtungen verlangen, es gibt etwas f\u00fcr jede Geschmackspr\u00e4ferenz.<\/p>\n<ol>\n<li><strong>Traube Eis:<\/strong> Eine k\u00f6stliche Mischung aus saftigen, reifen Trauben mit einem erfrischenden Menthol-Twist, <strong>Trauben Eis<\/strong> bietet die perfekte Balance aus fruchtiger S\u00fc\u00dfe und eisiger K\u00fchlung. Ideal f\u00fcr diejenigen, die ein revitalisierendes, fruchtiges Vape-Erlebnis lieben.<\/li>\n<li><strong>Blauer Razz-Eis:<\/strong> Eine klassische Kombination von <strong>blaue Himbeere<\/strong> Mit einem knackigen Menthol-Finish bietet dieser Geschmack ein lebendiges und saures Erlebnis, perfekt f\u00fcr diejenigen, die s\u00fc\u00dfe, aber leicht s\u00e4uerliche Geschmacksnoten genie\u00dfen, verst\u00e4rkt durch eine k\u00fchlende Wirkung.<\/li>\n<li><strong>Pfirsich Mango Wassermelone:<\/strong> Entf\u00fchren Sie sich in ein tropisches Paradies mit der k\u00f6stlichen Mischung aus <strong>Pfirsich<\/strong>, <strong>Mango<\/strong>und <strong>Wassermelone<\/strong>Diese exotische Kombination ist s\u00fc\u00df, saftig und erfrischend und bietet ein abgerundetes und zufriedenstellendes Vape-Erlebnis.<\/li>\n<li><strong>Erdbeere Mango:<\/strong> Eine \u00fcppige Fusion von reifen <strong>Erdbeeren<\/strong> und <strong>Mango<\/strong>Diese Geschmacksrichtung vereint die S\u00fc\u00dfe von Beeren mit der tropischen Sch\u00e4rfe von Mango und schafft eine glatte und angenehme Kombination.<\/li>\n<li><strong>Miami Mint:<\/strong> F\u00fcr diejenigen, die eine frische, k\u00fchlende Wirkung lieben, <strong>Miami Mint<\/strong> ist der perfekte Geschmack. K\u00fchle, kr\u00e4ftige Minzbl\u00e4tter bieten ein erfrischendes Erlebnis, das sowohl belebend als auch befriedigend ist, und machen es zu einem idealen Allday-Vape.<\/li>\n<li><strong>Holunderbl\u00fcten Grapefruit:<\/strong> <strong>Holunderbl\u00fcten Grapefruit<\/strong> ist eine exquisite Wahl f\u00fcr diejenigen, die einzigartige Geschmacksverbindungen zu sch\u00e4tzen wissen. Die delikaten, blumigen Noten von Holunderbl\u00fcten werden durch die s\u00e4uerlichen und zitrusartigen Noten von Grapefruit perfekt ausbalanciert und bieten ein anspruchsvolles und aromatisches Erlebnis.<\/li>\n<li><strong>Wassermelonen Kaugummi:<\/strong> diesem nostalgischen Geschmack, der den saftigen Geschmack von Wassermelone mit der s\u00fc\u00dfen, zuckrigen Essenz von <strong>Kaugummi<\/strong>Es ist ein lustiger, spielerischer Geschmack, der Erinnerungen zur\u00fcckbringt und gleichzeitig ein reibungsloses, angenehmes Vaperlebnis bietet.<\/li>\n<li><strong>Sauer Apfel Eis:<\/strong> F\u00fcr diejenigen, die s\u00e4uerliche und herbe Aromen genie\u00dfen, <strong>Sauer Apfel Eis<\/strong> Liefert einen scharfen, sauren Apfelgeschmack, erg\u00e4nzt durch ein erfrischendes Menthol-Finish. Die Kombination aus s\u00fc\u00df und sauer mit einer k\u00fchlenden Wirkung sorgt f\u00fcr ein einzigartiges und aufregendes Vape-Erlebnis.<\/li>\n<\/ol>\n<h3>Warum den VOZOL Vista 20000 Puffs von FumotXpress.de kaufen?<\/h3>\n<p>An <strong>FumotXpress.de<\/strong>Wir sind stolz darauf, dass wir nur die hochwertigsten Einweg-Vapes auf dem EU-Markt anbieten. Als gr\u00f6\u00dfte Online-Vertriebsplattform f\u00fcr Einweg-Vapes in <strong>Deutschland<\/strong>, wir gew\u00e4hrleisten, dass unsere Kunden nur authentische, originale Produkte von seri\u00f6sen Marken wie <strong>Vozol<\/strong> und andere. Ob Sie eine Einzelhandelsgruppe oder ein einzelner Kunde sind, wir bieten flexible Zahlungsbedingungen und liefern direkt aus unseren europ\u00e4ischen Lagerh\u00e4usern, um eine schnelle Lieferung innerhalb <strong>3-7 Tage<\/strong>.<\/p>\n<h4>Kaufen Sie mit Zuversicht:<\/h4>\n<ul>\n<li><strong>Authentische Produkte<\/strong>: Wir garantieren, dass alle unsere Produkte, einschlie\u00dflich der <strong>VOZOL Vista 20000 Puffs<\/strong>sind 100% original und direkt von den Herstellern bezogen. Keine F\u00e4lschungen, nur Qualit\u00e4t.<\/li>\n<li><strong>Flexible Bestellung<\/strong>: Sie k\u00f6nnen so wenig wie ein St\u00fcck kaufen\u2014es gibt <strong>Keine Mindestbestellmengen<\/strong>.<\/li>\n<li><strong>Schneller und Zuverl\u00e4ssiger Versand<\/strong>: Mit unseren europ\u00e4ischen Lagerh\u00e4usern wird Ihre Bestellung schnell und sicher ankommen.<\/li>\n<li><strong>Exklusive Marken<\/strong>: Wir bieten eine Vielzahl von erstklassigen Einweg-Vape-Marken an, darunter <strong>Al Fakher, Fizzy, OBEELAB HHC, SMPO DL02<\/strong>, und mehr.<\/li>\n<\/ul>\n<h3>Fazit: Erheben Sie Ihr Vaping-Erlebnis mit dem VOZOL Vista 20000 Puffs<\/h3>\n<p>The \nbecomes \nDie \nno change needed \nthus output \nDie <strong>VOZOL Vista 20000 Puffs Einweg-Vape-Stift<\/strong> ist nicht einfach nur ein weiterer Vape-Pen - er ist ein Gamechanger. Angeboten wird <strong>au\u00dfergew\u00f6hnliche Langlebigkeit<\/strong>, <strong>Premium-Aromen<\/strong>und <strong>Bequemlichkeit<\/strong>, setzt es einen neuen Standard auf dem Markt f\u00fcr Einweg-Vapes. Mit seiner aufladbaren Batterie, der hochwertigen Dual-Mesh-Coil-Technologie und der gro\u00dfen Auswahl an Geschmacksrichtungen, das <strong>VOZOL Vista<\/strong> liefert ein unvergleichliches Vaperlebnis.<\/p>\n<p><strong>Bestellen Sie Ihren VOZOL Vista 20000 Puffs Einweg-Vape-Pen<\/strong> Heute von <a href=\"https:\/\/fumotxpress.de\/de\/\"><strong>FumotXpress.de<\/strong><\/a> und genie\u00dfen Sie schnelle, zuverl\u00e4ssige Lieferungen aus unserem europ\u00e4ischen Lager. Ohne Mindestbestellmenge und mit einem Engagement f\u00fcr Qualit\u00e4t sind wir Ihre erste Adresse f\u00fcr die besten Einweg-Vapes in der EU. Warten Sie nicht - erleben Sie heute das Beste aus dem Vapen mit VOZOL Vista!<\/p>","protected":false},"excerpt":{"rendered":"<p>\u201cKaufen Sie den VOZOL Vista 20000 Puffs Disposable Vape Pen mit niedrigem Nikotin, aufladbarem Design und Premium-Aromen bei FumotXpress.de. Schnelle Lieferung aus unserem europ\u00e4ischen Lager!\u201d<\/p>","protected":false},"featured_media":913,"comment_status":"open","ping_status":"closed","template":"","meta":{"om_disable_all_campaigns":false},"product_brand":[],"product_cat":[23,91,92,93,95,96,97,99,101,103,104,105,107,109,111,112,78,79,80,81,82,83,84,85,86,87,88,89,90,70,76,56,61,63,64,60,65,67],"product_tag":[],"class_list":{"0":"post-914","1":"product","2":"type-product","3":"status-publish","4":"has-post-thumbnail","6":"product_cat-vozol-disposable-vapes","7":"product_cat-buy-best-disposable-vape-flavors","8":"product_cat-apple-flavor-disposable-vapes","9":"product_cat-blue-razz-flavor-disposable-vapes","10":"product_cat-cherry-flavor-disposable-vapes","11":"product_cat-cola-flavor-disposable-vapes","12":"product_cat-grape-flavor-disposable-vapes","13":"product_cat-ice-flavor-disposable-vapes","14":"product_cat-lemon-flavor-disposable-vapes","15":"product_cat-mango-flavor-disposable-vapes","16":"product_cat-mint-flavor-disposable-vapes","17":"product_cat-mixed-berries-flavor-disposable-vapes","18":"product_cat-peach-flavor-disposable-vapes","19":"product_cat-raspberry-flavor-disposable-vapes","20":"product_cat-strawberry-flavor-disposable-vapes","21":"product_cat-watermelon-flavor-disposable-vapes","22":"product_cat-best-disposable-vape-in-europe","23":"product_cat-buy-disposable-vapes-in-austria","24":"product_cat-buy-disposable-vapes-in-belgium","25":"product_cat-buy-disposable-vapes-in-france","26":"product_cat-buy-disposable-vapes-in-germany","27":"product_cat-buy-disposable-vapes-in-italy","28":"product_cat-buy-disposable-vapes-in-netherlands","29":"product_cat-buy-disposable-vapes-in-norway","30":"product_cat-buy-disposable-vapes-in-poland","31":"product_cat-buy-disposable-vapes-in-portugal","32":"product_cat-buy-disposable-vapes-in-spain","33":"product_cat-buy-disposable-vapes-in-sweden","34":"product_cat-buy-disposable-vapes-in-switzerland","35":"product_cat-shop-disposable-vapes-by-puffs","36":"product_cat-20000-puff-disposable-vape","37":"product_cat-disposable-vape-types","38":"product_cat-big-puffs-disposable-vapes","39":"product_cat-digital-box-disposable-vapes","40":"product_cat-dual-mesh-disposable-vapes","41":"product_cat-full-screen-disposable-vapes","42":"product_cat-lower-nicotine-disposable-vapes","43":"product_cat-rechargeable-disposable-vapes","45":"first","46":"instock","47":"shipping-taxable","48":"purchasable","49":"product-type-variable"},"_links":{"self":[{"href":"https:\/\/fumotxpress.de\/de\/wp-json\/wp\/v2\/product\/914","targetHints":{"allow":["GET"]}}],"collection":[{"href":"https:\/\/fumotxpress.de\/de\/wp-json\/wp\/v2\/product"}],"about":[{"href":"https:\/\/fumotxpress.de\/de\/wp-json\/wp\/v2\/types\/product"}],"replies":[{"embeddable":true,"href":"https:\/\/fumotxpress.de\/de\/wp-json\/wp\/v2\/comments?post=914"}],"wp:featuredmedia":[{"embeddable":true,"href":"https:\/\/fumotxpress.de\/de\/wp-json\/wp\/v2\/media\/913"}],"wp:attachment":[{"href":"https:\/\/fumotxpress.de\/de\/wp-json\/wp\/v2\/media?parent=914"}],"wp:term":[{"taxonomy":"product_brand","embeddable":true,"href":"https:\/\/fumotxpress.de\/de\/wp-json\/wp\/v2\/product_brand?post=914"},{"taxonomy":"product_cat","embeddable":true,"href":"https:\/\/fumotxpress.de\/de\/wp-json\/wp\/v2\/product_cat?post=914"},{"taxonomy":"product_tag","embeddable":true,"href":"https:\/\/fumotxpress.de\/de\/wp-json\/wp\/v2\/product_tag?post=914"}],"curies":[{"name":"wp","href":"https:\/\/api.w.org\/{rel}","templated":true}]}}