{"id":4413,"date":"2025-07-25T05:07:59","date_gmt":"2025-07-25T05:07:59","guid":{"rendered":"https:\/\/fumotxpress.de\/?post_type=product&#038;p=4413"},"modified":"2025-07-26T04:49:24","modified_gmt":"2025-07-26T04:49:24","slug":"elfbar-combo-pro-30000-puffs-einweg-vape","status":"publish","type":"product","link":"https:\/\/fumotxpress.de\/de\/produkt\/elfbar-combo-pro-30000-puffs-einweg-vape\/","title":{"rendered":"ELFBAR Combo Pro 30000 Puffs Disposable-Vape  Eine Schachtel (10 St\u00fcck)"},"content":{"rendered":"<h2><strong>Details:<\/strong>Die maximale Zuganzahl des\u00a0<strong>ELF Bar Combo Pro 30000<\/strong><\/h2>\n<p>Der Text scheint bereits auf Deutsch verfasst zu sein. Hier ist die Ausgabe:\n\nbetr\u00e4gt 30000 Z\u00fcge. Dieses innovative Einweg-Vape-Ger\u00e4t vereint drei Geschmacksrichtungen, zwei Modi und zwei Airflow-Systeme in einem Ger\u00e4t und bietet so ein unvergleichliches Dampferlebnis. Dies gelingt durch den Einsatz modernster Designkonzepte und Fertigungstechniken. Das duale Airflow-Design und die Geschmackskombination des ELF Bar Combo Pro 30000 sind seine gr\u00f6\u00dften St\u00e4rken. Der Combo-Schalter erm\u00f6glicht drei Varianten des Combo Pro 30000. Jede der drei Schalterpositionen \u2013 seitlich und in der Mitte \u2013 stellt einen anderen Geschmacksmodus dar. Beide Seiten des Combo-Schalters sind einstellbar.<\/p>\n<p><strong>Technische Daten:<\/strong><br \/>\n700 mAh Akku<br \/>\n17 ml Fassungsverm\u00f6gen<br \/>\n5 % St\u00e4rke<br \/>\nBis zu 30.000 Z\u00fcge<br \/>\nDoppeltes Luftstromsystem<br \/>\nAnzeige<br \/>\nTyp-C-Ladeanschluss<\/p>\n<p><strong>Das Paket beinhaltet: \n EN Translation: \n Package includes:<\/strong><br \/>\n1 St\u00fcck ELF Bar Combo Pro 30000 Einweg-Kit<\/p>\n<p><img decoding=\"async\" src=\"https:\/\/fumotxpress.de\/wp-content\/uploads\/2025\/07\/1750413917740.png\" alt=\"\" \/><\/p>","protected":false},"excerpt":{"rendered":"<p>700 mAh Akku<br \/>\n17 ml Fassungsverm\u00f6gen<br \/>\n5 % St\u00e4rke<br \/>\nBis zu 30.000 Z\u00fcge<br \/>\nDoppeltes Luftstromsystem<br \/>\nAnzeige<br \/>\nTyp-C-Ladeanschluss<\/p>","protected":false},"featured_media":4414,"comment_status":"open","ping_status":"closed","template":"","meta":{"om_disable_all_campaigns":false},"product_brand":[],"product_cat":[130],"product_tag":[],"class_list":{"0":"post-4413","1":"product","2":"type-product","3":"status-publish","4":"has-post-thumbnail","6":"product_cat-elfbar-combo-pro-30000-puffs","8":"first","9":"instock","10":"shipping-taxable","11":"purchasable","12":"product-type-variable"},"_links":{"self":[{"href":"https:\/\/fumotxpress.de\/de\/wp-json\/wp\/v2\/product\/4413","targetHints":{"allow":["GET"]}}],"collection":[{"href":"https:\/\/fumotxpress.de\/de\/wp-json\/wp\/v2\/product"}],"about":[{"href":"https:\/\/fumotxpress.de\/de\/wp-json\/wp\/v2\/types\/product"}],"replies":[{"embeddable":true,"href":"https:\/\/fumotxpress.de\/de\/wp-json\/wp\/v2\/comments?post=4413"}],"wp:featuredmedia":[{"embeddable":true,"href":"https:\/\/fumotxpress.de\/de\/wp-json\/wp\/v2\/media\/4414"}],"wp:attachment":[{"href":"https:\/\/fumotxpress.de\/de\/wp-json\/wp\/v2\/media?parent=4413"}],"wp:term":[{"taxonomy":"product_brand","embeddable":true,"href":"https:\/\/fumotxpress.de\/de\/wp-json\/wp\/v2\/product_brand?post=4413"},{"taxonomy":"product_cat","embeddable":true,"href":"https:\/\/fumotxpress.de\/de\/wp-json\/wp\/v2\/product_cat?post=4413"},{"taxonomy":"product_tag","embeddable":true,"href":"https:\/\/fumotxpress.de\/de\/wp-json\/wp\/v2\/product_tag?post=4413"}],"curies":[{"name":"wp","href":"https:\/\/api.w.org\/{rel}","templated":true}]}}