{"id":4109,"date":"2025-07-17T06:54:16","date_gmt":"2025-07-17T06:54:16","guid":{"rendered":"https:\/\/fumotxpress.de\/?post_type=product&#038;p=4109"},"modified":"2025-08-07T15:46:01","modified_gmt":"2025-08-07T15:46:01","slug":"fumot-leopard-40k-40000-puffs-einweg-vape-groshandel","status":"publish","type":"product","link":"https:\/\/fumotxpress.de\/de\/produkt\/fumot-leopard-40k-40000-puffs-einweg-vape-groshandel\/","title":{"rendered":"Fumot Leopard 40000 Puffs Einweg-Vape Gro\u00dfhandel"},"content":{"rendered":"<p>The \nbecomes \nDie \nno change needed \nthus output \nDie\u00a0<a title=\"Fumot\" href=\"https:\/\/www.vape4wholesale.com\/product_brand\/fumot\" target=\"_blank\" rel=\"noopener\">Fumot<\/a>\u00a0Leopard 40K ist ein Einweg-Vape mit hoher Kapazit\u00e4t, das bis zu 40.000 Z\u00fcge bietet. Entwickelt mit dualen Mesh-Coils und einer transparenten Au\u00dfenh\u00fclle, verf\u00fcgt es \u00fcber eine mutige Leopard-Illustration, die einen einzigartigen visuellen Stil hinzuf\u00fcgt. Der eingebaute LED-Indikator zeigt nicht nur die E-Liquid- und Batteriest\u00e4nde an, sondern liefert auch lebendige Lichteffekte. Der Leopard 40K ist in 25 Geschmacksrichtungen erh\u00e4ltlich und bietet 4 Nikotinst\u00e4rken-Optionen, um einer Vielzahl von Vorlieben gerecht zu werden.<\/p>\n<p>Der Dual Mesh Vape verwendet ein Heizelement mit zwei Schichten aus Maschenmaterial, wodurch eine gr\u00f6\u00dfere Oberfl\u00e4che f\u00fcr das E-Liquid entsteht, um es gleichm\u00e4\u00dfig zu kontaktieren und zu erhitzen. Dies f\u00fchrt zu einem weicheren und befriedigenderen Geschmack sowie zu einem stabileren Aroma w\u00e4hrend der gesamten Lebensdauer des Vapes.<\/p>\n<p>Das Display des Leopard 40k zeigt auch die Leistung und den E-Liquid-Stand an! Die Zahl links (\u00fcber dem Wassertropfen-Symbol) stellt die Menge des aktuell verbleibenden E-Liquids im Ger\u00e4t dar, und die Zahl rechts (\u00fcber dem Batteriesymbol) stellt den aktuellen Leistungsstatus des Ger\u00e4ts dar.<\/p>\n<p>Der Leopard 40K verf\u00fcgt \u00fcber eine kristallklare transparente H\u00fclle, die seine atemberaubende Leopard-Illustration in allen Details brillant zur Geltung bringt. Jede Linie, Farbe und Ausdruck des Kunstwerks wird zum Leben erweckt und schafft eine auff\u00e4llige visuelle Aussage, die ihn von gew\u00f6hnlichen Vape-Designs abhebt.<\/p>\n<p>USB-C oder USB Typ-C ist der neueste universelle Standard f\u00fcr kabelgebundene Verbindungen von intelligenten Ger\u00e4ten. Er ist der Nachfolger \u00e4lterer Standards wie Micro-USB und USB-A, die noch verbreitet sind, aber schnell aussterben. Der eingebaute 700-mAh-Akku ist aufladbar, sodass Sie nicht mit leeren Einwegbatterien stecken bleiben, bis das E-Liquid aufgebraucht ist.<\/p>\n<h2><strong>Fumot Leopard 40K Puffs Einweg-Vape Schnelle Details<\/strong><\/h2>\n<ul>\n<li>\n<p class=\"ds-markdown-paragraph\"><strong>Nikotinst\u00e4rke:<\/strong> 2% (20mg)<\/p>\n<\/li>\n<li>\n<p class=\"ds-markdown-paragraph\"><strong>Batterie:<\/strong>\u00a0700mAh Aufladbar (USB Typ-C)<\/p>\n<\/li>\n<li>\n<p class=\"ds-markdown-paragraph\"><strong>Puff Count: \n(Zigarettenzugz\u00e4hlung) \nwird nicht ben\u00f6tigt, da es ein englischer Fachbegriff ist \n\n Puff Count<\/strong>\u00a0Bis zu\u00a0<strong>40.000 Z\u00fcge<\/strong><\/p>\n<\/li>\n<li>\n<p class=\"ds-markdown-paragraph\"><strong>Spulentechnologie:<\/strong>\u00a0<strong>Dual-Mesh-Spule<\/strong>\u00a0f\u00fcr einen reichhaltigeren Geschmack<\/p>\n<\/li>\n<li>\n<p class=\"ds-markdown-paragraph\"><strong>Aromen:<\/strong>\u00a0<strong>16 Premium-Optionen<\/strong><\/p>\n<\/li>\n<li>\n<p class=\"ds-markdown-paragraph\"><strong>Anzeige:<\/strong>\u00a0<strong>HD-Bildschirm<\/strong>\u00a0(Anzeigen f\u00fcr E-Liquid und Batterie)<\/p>\n<\/li>\n<\/ul>\n<h2><strong>Verf\u00fcgbare Geschmacksrichtungen<\/strong><\/h2>\n<ol>\n<li>Gemischte Beeren<\/li>\n<li>Blaubeere Himbeere<\/li>\n<li>Erdbeere Wassermelone<\/li>\n<li>Erdbeer-Eis<\/li>\n<li>Cherry Ice<\/li>\n<li>Wassermelonen-Eis<\/li>\n<li>Kiwi Passionsfrucht Guava<\/li>\n<li>Dr Blue<\/li>\n<li>Blaubeere auf Eis<\/li>\n<li>Pfirsich Beere<\/li>\n<li>Rosa Limonade<\/li>\n<li>Erdbeere Banane<\/li>\n<li>Wassermelonen-Kaugummi<\/li>\n<li>Pfirsich Mango Ananas<\/li>\n<li>Schwarzer Drache Eis<\/li>\n<li>Blaubeere Kirsche Preiselbeere<\/li>\n<\/ol>\n<figure id=\"attachment_23232\" class=\"wp-caption alignnone\" aria-describedby=\"caption-attachment-23232\"><img loading=\"lazy\" decoding=\"async\" class=\"size-full wp-image-23232\" title=\"Fumot Leopard 40K 40000 Puffs Einweg-Vape\" src=\"https:\/\/fumotxpress.de\/wp-content\/uploads\/2025\/07\/Fumot-Leopard-40K-40000-Puffs-Disposable-Vape-scaled.webp\" sizes=\"auto, (max-width: 2560px) 100vw, 2560px\" srcset=\"https:\/\/fumotxpress.de\/wp-content\/uploads\/2025\/07\/Fumot-Leopard-40K-40000-Puffs-Disposable-Vape-scaled.webp 2560w, https:\/\/fumotxpress.de\/wp-content\/uploads\/2025\/07\/Fumot-Leopard-40K-40000-Puffs-Disposable-Vape-300x180.webp 300w, https:\/\/fumotxpress.de\/wp-content\/uploads\/2025\/07\/Fumot-Leopard-40K-40000-Puffs-Disposable-Vape-1024x614.webp 1024w, https:\/\/fumotxpress.de\/wp-content\/uploads\/2025\/07\/Fumot-Leopard-40K-40000-Puffs-Disposable-Vape-768x461.webp 768w, https:\/\/fumotxpress.de\/wp-content\/uploads\/2025\/07\/Fumot-Leopard-40K-40000-Puffs-Disposable-Vape-1536x922.webp 1536w, https:\/\/fumotxpress.de\/wp-content\/uploads\/2025\/07\/Fumot-Leopard-40K-40000-Puffs-Disposable-Vape-2048x1229.webp 2048w, https:\/\/fumotxpress.de\/wp-content\/uploads\/2025\/07\/Fumot-Leopard-40K-40000-Puffs-Disposable-Vape-18x12.webp 18w, https:\/\/fumotxpress.de\/wp-content\/uploads\/2025\/07\/Fumot-Leopard-40K-40000-Puffs-Disposable-Vape-510x306.webp 510w, https:\/\/fumotxpress.de\/wp-content\/uploads\/2025\/07\/Fumot-Leopard-40K-40000-Puffs-Disposable-Vape-64x38.webp 64w\" alt=\"Fumot Leopard 40K 40000 Puffs Einweg-Vape\" width=\"2560\" height=\"1536\" \/><figcaption id=\"caption-attachment-23232\" class=\"wp-caption-text\">Fumot Leopard 40K 40000 Puffs Einweg-Vape<\/figcaption><\/figure>\n<h2>WARUM WIR?<\/h2>\n<ul>\n<li>Echte, vertrauensw\u00fcrdige und professionelle E-Zigaretten Quelle.<\/li>\n<li>100% Echtheitsgarantie: Wir liefern nur originale und echte Produkte, lehnen F\u00e4lschungen ab.<\/li>\n<li>100% Liefergarantie: Wir verwenden die beste Versandmethode, um sicherzustellen, dass Sie Ihre Bestellung 100% erhalten.<\/li>\n<li>Wir werden Ihnen die Sendungsnummer und das Versandetikett nach dem Versand mitteilen und die Waren f\u00fcr Sie bis zur Unterschrift bei Erhalt verfolgen.<\/li>\n<li>Keine Zollprobleme, keine Z\u00f6lle<\/li>\n<\/ul>","protected":false},"excerpt":{"rendered":"<ul>\n<li>\n<p class=\"ds-markdown-paragraph\"><strong>Nikotinst\u00e4rke:<\/strong> 2% (20mg)<\/p>\n<\/li>\n<li>\n<h4 class=\"ds-markdown-paragraph\"><strong>Batterie:<\/strong>\u00a0700mAh Aufladbar (USB Typ-C)<\/h4>\n<\/li>\n<\/ul>","protected":false},"featured_media":4110,"comment_status":"open","ping_status":"closed","template":"","meta":{"om_disable_all_campaigns":false},"product_brand":[],"product_cat":[24,123],"product_tag":[],"class_list":{"0":"post-4109","1":"product","2":"type-product","3":"status-publish","4":"has-post-thumbnail","6":"product_cat-fumot-tornado-disposable-vapes","7":"product_cat-fumot-leopard-40k-40000-puffs","9":"first","10":"instock","11":"shipping-taxable","12":"purchasable","13":"product-type-variable"},"_links":{"self":[{"href":"https:\/\/fumotxpress.de\/de\/wp-json\/wp\/v2\/product\/4109","targetHints":{"allow":["GET"]}}],"collection":[{"href":"https:\/\/fumotxpress.de\/de\/wp-json\/wp\/v2\/product"}],"about":[{"href":"https:\/\/fumotxpress.de\/de\/wp-json\/wp\/v2\/types\/product"}],"replies":[{"embeddable":true,"href":"https:\/\/fumotxpress.de\/de\/wp-json\/wp\/v2\/comments?post=4109"}],"wp:featuredmedia":[{"embeddable":true,"href":"https:\/\/fumotxpress.de\/de\/wp-json\/wp\/v2\/media\/4110"}],"wp:attachment":[{"href":"https:\/\/fumotxpress.de\/de\/wp-json\/wp\/v2\/media?parent=4109"}],"wp:term":[{"taxonomy":"product_brand","embeddable":true,"href":"https:\/\/fumotxpress.de\/de\/wp-json\/wp\/v2\/product_brand?post=4109"},{"taxonomy":"product_cat","embeddable":true,"href":"https:\/\/fumotxpress.de\/de\/wp-json\/wp\/v2\/product_cat?post=4109"},{"taxonomy":"product_tag","embeddable":true,"href":"https:\/\/fumotxpress.de\/de\/wp-json\/wp\/v2\/product_tag?post=4109"}],"curies":[{"name":"wp","href":"https:\/\/api.w.org\/{rel}","templated":true}]}}