{"id":3650,"date":"2025-04-07T12:39:00","date_gmt":"2025-04-07T12:39:00","guid":{"rendered":"https:\/\/fumotxpress.de\/?post_type=product&#038;p=3650"},"modified":"2025-11-24T07:50:49","modified_gmt":"2025-11-24T07:50:49","slug":"request-failed-with-status-code-569","status":"publish","type":"product","link":"https:\/\/fumotxpress.de\/de\/produkt\/request-failed-with-status-code-569\/","title":{"rendered":"RandM Tornado 30000 Lichtshow Kaufen Original Authentische Aufladbare Einweg-Vapes Pen"},"content":{"rendered":"<h2 class=\"\" data-start=\"0\" data-end=\"93\">RandM Tornado 30000 Lichtshow \u2013 Kaufen Sie Original, Authentische, Aufladbare Einweg-Vapes Pen<\/h2>\n<div style=\"width: 1020px;\" class=\"wp-video\"><!--[if lt IE 9]><script>document.createElement('video');<\/script><![endif]-->\n<video class=\"wp-video-shortcode\" id=\"video-3650-1\" width=\"1020\" height=\"574\" preload=\"metadata\" controls=\"controls\"><source type=\"video\/mp4\" src=\"https:\/\/fumotxpress.de\/wp-content\/uploads\/2025\/04\/tornado-30k-music-\u5b9e\u62cd\u58f0\u63a7\u5f00\u517311-5.mp4?_=1\" \/><a href=\"https:\/\/fumotxpress.de\/wp-content\/uploads\/2025\/04\/tornado-30k-music-\u5b9e\u62cd\u58f0\u63a7\u5f00\u517311-5.mp4\">https:\/\/fumotxpress.de\/wp-content\/uploads\/2025\/04\/tornado-30k-music-\u5b9e\u62cd\u58f0\u63a7\u5f00\u517311-5.mp4<\/a><\/video><\/div>\n<p>&nbsp;<\/p>\n<p>&nbsp;<\/p>\n<p class=\"\" data-start=\"95\" data-end=\"485\">The \nbecomes \nDie \nno change needed \nthus output \nDie <strong data-start=\"99\" data-end=\"122\">RandM Tornado 30000<\/strong> nimmt das Dampfen auf eine neue Ebene, indem es Geschmack, Leistung und Unterhaltung in einem au\u00dfergew\u00f6hnlichen Ger\u00e4t kombiniert. Mit einer beeindruckenden Kapazit\u00e4t von 30.000 Z\u00fcgen, einer integrierten Musikfunktion und einem anpassbaren RGB-Lichtshow bietet der Tornado 30000 mehr als nur eine intensive Dampfproduktion - es ist ein komplettes sensorisches Erlebnis, das Ihrem Alltag Aufregung bringt.<\/p>\n<h3 class=\"\" data-start=\"487\" data-end=\"553\">Das ultimative Vaping-Erlebnis mit atemberaubender Optik und Sound<\/h3>\n<p class=\"\" data-start=\"555\" data-end=\"1077\">Der RandM Tornado 30000 ist kein gew\u00f6hnlicher Einweg-Vape-Pen. Er ist f\u00fcr diejenigen konzipiert, die mehr als nur Geschmack verlangen - dieses Ger\u00e4t verbessert Ihr Vaperlebnis mit einer immersiven Licht- und Soundshow, die sich an Ihre Musik anpasst. Die eingebaute RGB-Lichtshow tanzt im Rhythmus Ihrer Lieblingssongs und schafft ein dynamisches, visuelles Spektakel, das sicherlich Aufmerksamkeit erregt, wohin Sie auch gehen. Ob Sie zu Hause entspannen oder mit Freunden unterwegs sind, der Tornado 30000 verwandelt Ihre Vaping-Sessions in ein vollwertiges Unterhaltungserlebnis.<\/p>\n<p class=\"\" data-start=\"1079\" data-end=\"1449\">Die Musikfunktion ist vollst\u00e4ndig anpassbar, wodurch Sie die Kontrolle dar\u00fcber haben, wann Sie das Lichtspiel aktivieren. Sie k\u00f6nnen w\u00e4hlen, ob Sie die lebendigen Lichter genie\u00dfen oder sie f\u00fcr eine subtilere Verdampfungs session ausschalten m\u00f6chten, je nach Ihrer Stimmung. Diese Flexibilit\u00e4t gew\u00e4hrleistet, dass der Tornado 30000 perfekt in jede Umgebung passt, egal ob Sie ihn als entspannten Begleiter oder als unterhaltsamen Gespr\u00e4chsstarter m\u00f6chten.<\/p>\n<h3 class=\"\" data-start=\"1451\" data-end=\"1495\">Lang anhaltender Genuss mit 30.000 Z\u00fcgen<\/h3>\n<p class=\"\" data-start=\"1497\" data-end=\"1992\">Mit satten 30.000 Puffs ist der RandM Tornado 30000 f\u00fcr ausgedehnte Sessions konzipiert. Sie erleben w\u00e4hrend der gesamten Lebensdauer des Ger\u00e4ts einen zuverl\u00e4ssigen, reibungslosen Dampf. Die Hochleistungs-0,9-Ohm-Spule sorgt f\u00fcr ein perfektes Gleichgewicht zwischen intensivem Geschmack und dickem Dampf, sodass Sie jedes Mal einen zufriedenstellenden Zug genie\u00dfen k\u00f6nnen. Ob Sie ein gelegentlicher Dampfer sind oder jemand, der l\u00e4ngere Sessions bevorzugt, der Tornado 30000 garantiert ein konsistentes und hochwertiges Dampferlebnis, das nicht entt\u00e4uscht.<\/p>\n<p class=\"\" data-start=\"1994\" data-end=\"2288\">Diese leistungsstarke Spulentechnologie ist ideal f\u00fcr diejenigen, die einen reichen, robusten Geschmack von ihren Einweg-Vapes fordern. Ob Sie fruchtige, minzige oder dessertinspirierte Aromen bevorzugen, der Tornado 30000 liefert jeden Zug mit au\u00dfergew\u00f6hnlicher Intensit\u00e4t und bringt Ihre Lieblingsaromen mit jedem Einatmen zum Leben.<\/p>\n<h3 class=\"\" data-start=\"2290\" data-end=\"2328\">Effiziente Leistung und Schnellladung<\/h3>\n<p class=\"\" data-start=\"2330\" data-end=\"2717\">Nie wieder Sorgen machen, dass der Strom w\u00e4hrend deiner Vaping-Sessions ausgeht. Der RandM Tornado 30000 ist mit einer 600mAh Batterie ausgestattet, die genug Energie f\u00fcr einen ganzen Tag Vaping liefert. Wenn es Zeit zum Aufladen ist, sorgt der Typ-C-Schnellladeanschluss daf\u00fcr, dass dein Ger\u00e4t in k\u00fcrzester Zeit einsatzbereit ist. Verbringe weniger Zeit damit, auf ein Aufladen zu warten, und mehr Zeit damit, deine Lieblingsaromen und Lichtshows zu genie\u00dfen.<\/p>\n<p class=\"\" data-start=\"2719\" data-end=\"2917\">Die Integration von Type-C-Laden ist ein Game-Changer und bietet eine schnellere und effizientere Stromversorgung. Dies bedeutet weniger Unterbrechungen beim Dampfen und mehr Komfort f\u00fcr unterwegs.<\/p>\n<h3 class=\"\" data-start=\"2919\" data-end=\"2947\">Ein Design, das hervorragt<\/h3>\n<p class=\"\" data-start=\"2949\" data-end=\"3374\">Inspiriert vom beliebten Tornado 9000 verf\u00fcgt der Tornado 30000 \u00fcber ein elegantes, modernes Design, das sowohl stilvoll als auch funktional ist. Die robuste Konstruktion des Ger\u00e4ts gew\u00e4hrleistet Haltbarkeit, w\u00e4hrend sein auff\u00e4lliges Erscheinungsbild es zu einem auff\u00e4lligen Accessoire macht, egal ob Sie zu Hause sind oder unterwegs. Mit seiner glatten Oberfl\u00e4che, dem leicht zu haltenden Design und den lebendigen Farben setzt der Tornado 30000 ein deutliches Statement in der Welt der Einweg-Vapes.<\/p>\n<p class=\"\" data-start=\"3376\" data-end=\"3599\">Sein kompaktes Design und die hochwertige Verarbeitung sorgen daf\u00fcr, dass er leicht zu tragen ist, was ihn perfekt f\u00fcr Reisen, Partys oder den t\u00e4glichen Gebrauch macht. Dar\u00fcber hinaus erm\u00f6glicht sein ergonomisches Design einen bequemen Griff, auch bei l\u00e4ngeren Dampf-Sitzungen.<\/p>\n<h3 class=\"\" data-start=\"3601\" data-end=\"3644\">Schl\u00fcsselfunktionen des RandM Tornado 30000<\/h3>\n<ul data-start=\"3646\" data-end=\"4217\">\n<li class=\"\" data-start=\"3646\" data-end=\"3720\">\n<p class=\"\" data-start=\"3648\" data-end=\"3720\"><strong data-start=\"3648\" data-end=\"3665\">30.000 Puffs:<\/strong> Eine langlebige, wegwerfbare E-Zigarette f\u00fcr verl\u00e4ngerten Genuss.<\/p>\n<\/li>\n<li class=\"\" data-start=\"3721\" data-end=\"3813\">\n<p class=\"\" data-start=\"3723\" data-end=\"3813\"><strong data-start=\"3723\" data-end=\"3755\">Individualisierbare RGB-Lichtshow:<\/strong> Synchronisiert mit Musik f\u00fcr ein vollst\u00e4ndig immersives Erlebnis.<\/p>\n<\/li>\n<li class=\"\" data-start=\"3814\" data-end=\"3896\">\n<p class=\"\" data-start=\"3816\" data-end=\"3896\"><strong data-start=\"3816\" data-end=\"3836\">Musikaktiviert:<\/strong> Lichtshow, die sich im Rhythmus deiner Lieblingssongs bewegt.<\/p>\n<\/li>\n<li class=\"\" data-start=\"3897\" data-end=\"3967\">\n<p class=\"\" data-start=\"3899\" data-end=\"3967\"><strong data-start=\"3899\" data-end=\"3916\">0,9 Ohm-Spule:<\/strong> Liefert intensiven Geschmack und reiche Dampfproduktion.<\/p>\n<\/li>\n<li class=\"\" data-start=\"3968\" data-end=\"4054\">\n<p class=\"\" data-start=\"3970\" data-end=\"4054\"><strong data-start=\"3970\" data-end=\"4010\">600mAh-Akku mit Typ-C-Laden:<\/strong> Schnelles und zuverl\u00e4ssiges Laden f\u00fcr den ganzen Tag.<\/p>\n<\/li>\n<li class=\"\" data-start=\"4055\" data-end=\"4131\">\n<p class=\"\" data-start=\"4057\" data-end=\"4131\"><strong data-start=\"4057\" data-end=\"4086\">Schlankes und robustes Design:<\/strong> Kompakt, stilvoll und f\u00fcr den Komfort konzipiert.<\/p>\n<\/li>\n<li class=\"\" data-start=\"4132\" data-end=\"4217\">\n<p class=\"\" data-start=\"4134\" data-end=\"4217\"><strong data-start=\"4134\" data-end=\"4151\">Aufladbar<\/strong> Kann f\u00fcr l\u00e4ngere Nutzung aufgeladen werden, im Gegensatz zu typischen Einweg-Vapes.<\/p>\n<\/li>\n<\/ul>\n<h3 class=\"\" data-start=\"4219\" data-end=\"4257\">Geschmacksrichtungen des RandM Tornado 30000<\/h3>\n<p class=\"\" data-start=\"4259\" data-end=\"4438\">Der RandM Tornado 30000 bietet eine breite Palette von Premium-Aromen, die darauf abzielen, ein zufriedenstellendes und angenehmes Dampferlebnis zu bieten. Hier ist eine Liste der verf\u00fcgbaren Top-Aromen:<\/p>\n<ol data-start=\"4440\" data-end=\"5951\">\n<li class=\"\" data-start=\"4440\" data-end=\"4613\">\n<p class=\"\" data-start=\"4443\" data-end=\"4613\"><strong data-start=\"4443\" data-end=\"4457\">Mango-Eis:<\/strong> Ein tropischer Ausbruch reifer Mangos, perfekt ausbalanciert mit einem erfrischenden, eisig k\u00fchlen Abgang. Ideal f\u00fcr diejenigen, die ein s\u00fc\u00dfes, fruchtiges Vape mit einem knackigen Ausatem genie\u00dfen.<\/p>\n<\/li>\n<li class=\"\" data-start=\"4614\" data-end=\"4780\">\n<p class=\"\" data-start=\"4617\" data-end=\"4780\"><strong data-start=\"4617\" data-end=\"4641\">Blaubeer Himbeere:<\/strong> Eine k\u00f6stliche Kombination aus s\u00fc\u00dfen Blaubeeren und s\u00e4uerlichen Himbeeren, die einen ausgewogenen, beerenreichen Geschmack mit einer Note von S\u00e4ure schafft.<\/p>\n<\/li>\n<li class=\"\" data-start=\"4781\" data-end=\"4918\">\n<p class=\"\" data-start=\"4784\" data-end=\"4918\"><strong data-start=\"4784\" data-end=\"4804\">Erdbeere Kiwi:<\/strong> Eine s\u00fc\u00dfe und leicht s\u00e4uerliche Mischung aus frischen Erdbeeren und exotischer Kiwi, die mit jedem Zug ein saftiges, erfrischendes Vape-Erlebnis bietet.<\/p>\n<\/li>\n<li class=\"\" data-start=\"4919\" data-end=\"5067\">\n<p class=\"\" data-start=\"4922\" data-end=\"5067\"><strong data-start=\"4922\" data-end=\"4936\">Pfirsich-Eis:<\/strong> Eine glatte, saftige Pfirsich-Geschmacknote mit einem eisig k\u00fchlen Abgang, der das Beste aus beiden Welten bringt - s\u00fc\u00dfe Frucht und ein erfrischendes Gef\u00fchl.<\/p>\n<\/li>\n<li class=\"\" data-start=\"5068\" data-end=\"5229\">\n<p class=\"\" data-start=\"5071\" data-end=\"5229\"><strong data-start=\"5071\" data-end=\"5095\">Wassermelonen-Limonade:<\/strong> Eine saftige Wassermelonen-Geschmacksnote, kombiniert mit einer s\u00e4uerlichen, zitronigen Limonadenbasis, erzeugt eine lebendige, durststillende Geschmacksrichtung, ideal f\u00fcr warme Tage.<\/p>\n<\/li>\n<li class=\"\" data-start=\"5230\" data-end=\"5359\">\n<p class=\"\" data-start=\"5233\" data-end=\"5359\"><strong data-start=\"5233\" data-end=\"5247\">Traube Eis:<\/strong> Ein reicher, kr\u00e4ftiger Traubengeschmack, kombiniert mit einer eisigen Note, bietet ein glattes, s\u00fc\u00dfes und kaltes Vaperlebnis.<\/p>\n<\/li>\n<li class=\"\" data-start=\"5360\" data-end=\"5499\">\n<p class=\"\" data-start=\"5363\" data-end=\"5499\"><strong data-start=\"5363\" data-end=\"5385\">Ananas Kokos:<\/strong> Ein tropischer Genuss von s\u00fc\u00dfer Ananas mit einem cremigen Kokos-Finish, der ein sanftes und exotisches Vaperlebnis bietet.<\/p>\n<\/li>\n<li class=\"\" data-start=\"5500\" data-end=\"5664\">\n<p class=\"\" data-start=\"5503\" data-end=\"5664\"><strong data-start=\"5503\" data-end=\"5520\">Energy-Drink:<\/strong> Ein erfrischender Geschmack, inspiriert von Ihrem Lieblings-Energy-Drink, mit zitrusartigen und leicht s\u00e4uerlichen Noten, die eine belebende Geschmacksexplosion bieten.<\/p>\n<\/li>\n<li class=\"\" data-start=\"5665\" data-end=\"5818\">\n<p class=\"\" data-start=\"5668\" data-end=\"5818\"><strong data-start=\"5668\" data-end=\"5684\">Apfel Beere:<\/strong> Eine leckere Fusion aus knackigem Apfel und s\u00fc\u00dfen, reifen Beeren, die ein saftiges und aromatisches Vape erzeugt, das sowohl erfrischend als auch befriedigend ist.<\/p>\n<\/li>\n<li class=\"\" data-start=\"5819\" data-end=\"5951\">\n<p class=\"\" data-start=\"5823\" data-end=\"5951\"><strong data-start=\"5823\" data-end=\"5842\">Tropischer Punch:<\/strong> Ein Frucht-Punsch-Mix aus verschiedenen tropischen Fr\u00fcchten, der bei jedem Puff eine s\u00fc\u00dfe und s\u00e4uerliche Geschmacksplosion liefert.<\/p>\n<\/li>\n<\/ol>\n<p class=\"\" data-start=\"5953\" data-end=\"6233\">Jeder dieser Geschmacksrichtungen wurde sorgf\u00e4ltig entwickelt, um maximalen Genuss zu bieten und Ihnen ein befriedigendes und aromatisches Vaperlebnis zu bieten, das bei jedem Zug anh\u00e4lt. Ob Sie fruchtige, mentholige oder dessertinspirierte Profile bevorzugen, der Tornado 30000 hat f\u00fcr jeden Gaumen etwas.<\/p>\n<h3 class=\"\" data-start=\"6235\" data-end=\"6291\">Warum den RandM Tornado 30000 von FumotXpress.de kaufen?<\/h3>\n<p class=\"\" data-start=\"6293\" data-end=\"6712\">FumotXpress.de ist die f\u00fchrende Online-Plattform f\u00fcr den Kauf von Premium-Einweg-Vapes in Deutschland. Wir bieten eine breite Auswahl an Produkten, einschlie\u00dflich der <strong data-start=\"6444\" data-end=\"6467\">RandM Tornado 30000<\/strong>, <strong data-start=\"6469\" data-end=\"6482\">Al Fakher<\/strong>, <strong data-start=\"6484\" data-end=\"6493\">Fizzy<\/strong>, <strong data-start=\"6495\" data-end=\"6510\">OBEELAB HHC<\/strong>und <strong data-start=\"6516\" data-end=\"6529\">SMPO DL02<\/strong> Marken, alle zu wettbewerbsf\u00e4higen Preisen. Unsere Produkte werden ab einem einzelnen St\u00fcck verkauft, ohne Mindestbestellmenge, was sie sowohl f\u00fcr Einzelhandelsketten als auch f\u00fcr individuelle K\u00e4ufer ideal macht.<\/p>\n<p class=\"\" data-start=\"6714\" data-end=\"7054\">Wir sind stolz darauf, einen schnellen und zuverl\u00e4ssigen Versand aus unserem europ\u00e4ischen Lager anzubieten. Ihre Bestellung wird in nur 3-7 Tagen eintreffen, sodass Sie Ihre Lieblings-Vapes ohne Verz\u00f6gerung genie\u00dfen k\u00f6nnen. Ob Sie ein erfahrener Dampfer sind oder neu in der Szene sind, wir sind hier, um Ihnen ein nahtloses Einkaufserlebnis und einen exzellenten Kundenservice zu bieten.<\/p>\n<h3 class=\"\" data-start=\"7056\" data-end=\"7107\">Jetzt kaufen und Ihr Vaperlebnis verbessern<\/h3>\n<p class=\"\" data-start=\"7109\" data-end=\"7532\">Wenn Sie bereit sind, Ihr Vaping-Erlebnis zu verbessern, <strong data-start=\"7166\" data-end=\"7189\">RandM Tornado 30000<\/strong> ist die perfekte Wahl. Mit seinen innovativen Funktionen, der langlebigen Batterie, dem anpassbaren Lichtdisplay und den au\u00dfergew\u00f6hnlichen Geschmacksoptionen bietet es viel mehr als nur Dampf - es bietet ein umfassendes, immersives Erlebnis. Besuchen Sie <strong data-start=\"7422\" data-end=\"7440\">FumotXpress.de<\/strong> Heute zu kaufen <strong data-start=\"7463\" data-end=\"7486\">RandM Tornado 30000<\/strong> und entdecken Sie eine neue Welt des Verdampfungsgenusses.<\/p>\n<p class=\"\" data-start=\"7534\" data-end=\"7675\">Verlass dich nicht auf Durchschnitt - sichere dir <strong data-start=\"7582\" data-end=\"7625\">Original, authentischer RandM Tornado 30000<\/strong> Jetzt und erheben Sie Ihr Vapen auf eine v\u00f6llig neue Ebene!<\/p>","protected":false},"excerpt":{"rendered":"<p><strong data-start=\"7166\" data-end=\"7189\">RandM Tornado 30000<\/strong> ist die perfekte Wahl. Mit seinen innovativen Funktionen, langlebiger Batterie, anpassbarem Lichtshow und au\u00dfergew\u00f6hnlichen Geschmacksoptionen,<\/p>","protected":false},"featured_media":3655,"comment_status":"open","ping_status":"closed","template":"","meta":{"om_disable_all_campaigns":false},"product_brand":[],"product_cat":[24],"product_tag":[],"class_list":{"0":"post-3650","1":"product","2":"type-product","3":"status-publish","4":"has-post-thumbnail","6":"product_cat-fumot-tornado-disposable-vapes","8":"first","9":"instock","10":"shipping-taxable","11":"purchasable","12":"product-type-variable"},"_links":{"self":[{"href":"https:\/\/fumotxpress.de\/de\/wp-json\/wp\/v2\/product\/3650","targetHints":{"allow":["GET"]}}],"collection":[{"href":"https:\/\/fumotxpress.de\/de\/wp-json\/wp\/v2\/product"}],"about":[{"href":"https:\/\/fumotxpress.de\/de\/wp-json\/wp\/v2\/types\/product"}],"replies":[{"embeddable":true,"href":"https:\/\/fumotxpress.de\/de\/wp-json\/wp\/v2\/comments?post=3650"}],"wp:featuredmedia":[{"embeddable":true,"href":"https:\/\/fumotxpress.de\/de\/wp-json\/wp\/v2\/media\/3655"}],"wp:attachment":[{"href":"https:\/\/fumotxpress.de\/de\/wp-json\/wp\/v2\/media?parent=3650"}],"wp:term":[{"taxonomy":"product_brand","embeddable":true,"href":"https:\/\/fumotxpress.de\/de\/wp-json\/wp\/v2\/product_brand?post=3650"},{"taxonomy":"product_cat","embeddable":true,"href":"https:\/\/fumotxpress.de\/de\/wp-json\/wp\/v2\/product_cat?post=3650"},{"taxonomy":"product_tag","embeddable":true,"href":"https:\/\/fumotxpress.de\/de\/wp-json\/wp\/v2\/product_tag?post=3650"}],"curies":[{"name":"wp","href":"https:\/\/api.w.org\/{rel}","templated":true}]}}