{"id":3598,"date":"2025-04-02T13:57:30","date_gmt":"2025-04-02T13:57:30","guid":{"rendered":"https:\/\/fumotxpress.de\/?post_type=product&#038;p=3598"},"modified":"2025-12-23T11:48:07","modified_gmt":"2025-12-23T11:48:07","slug":"request-failed-with-status-code-565","status":"publish","type":"product","link":"https:\/\/fumotxpress.de\/de\/produkt\/request-failed-with-status-code-565\/","title":{"rendered":"Nexa Ultra 800mAh 20ml (40000 Puffs) Nikotin Kaufen Original Authentisch Aufladbare Einweg-Vapes Pen"},"content":{"rendered":"<h1 class=\"\" data-start=\"0\" data-end=\"111\"><strong data-start=\"2\" data-end=\"109\"><a href=\"https:\/\/fumotxpress.de\/de\/\">Nexa Ultra 800mAh 20ml (40.000 Z\u00fcge)<\/a> Aufladbare Einweg-Vape-Pen \u2013 Das ultimative Vaperlebnis<\/strong><\/h1>\n<div style=\"width: 640px;\" class=\"wp-video\"><!--[if lt IE 9]><script>document.createElement('video');<\/script><![endif]-->\n<video class=\"wp-video-shortcode\" id=\"video-3598-1\" width=\"640\" height=\"360\" preload=\"metadata\" controls=\"controls\"><source type=\"video\/mp4\" src=\"https:\/\/fumotxpress.de\/wp-content\/uploads\/2025\/04\/nexa-vape.mp4?_=1\" \/><a href=\"https:\/\/fumotxpress.de\/wp-content\/uploads\/2025\/04\/nexa-vape.mp4\">https:\/\/fumotxpress.de\/wp-content\/uploads\/2025\/04\/nexa-vape.mp4<\/a><\/video><\/div>\n<p class=\"\" data-start=\"113\" data-end=\"644\">The \nbecomes \nDie \nno change needed \nthus output \nDie <strong data-start=\"117\" data-end=\"191\">Nexa Ultra 800mAh 20ml (40.000 Z\u00fcge) Aufladbare Einweg-Vape-Pen<\/strong> ist ein Ger\u00e4t der n\u00e4chsten Generation, das f\u00fcr Vaper konzipiert ist, die Haltbarkeit, Leistung und Anpassungsf\u00e4higkeit fordern. Ausgestattet mit <strong data-start=\"306\" data-end=\"329\">fortgeschrittene Technologie<\/strong>dieses <strong data-start=\"336\" data-end=\"358\">hochleistungsf\u00e4higer Verdampfer<\/strong> Angebote <strong data-start=\"366\" data-end=\"395\">einstellbare Leistungseinstellungen<\/strong>, ein <strong data-start=\"399\" data-end=\"424\">sichtbarer E-Liquid-Tank<\/strong>und <strong data-start=\"430\" data-end=\"464\">Eine Premium-Auswahl an Geschmacksrichtungen<\/strong>\u2014alles innerhalb eines schlanken und widerstandsf\u00e4higen Designs. Ob Sie nach intensiver Dampfproduktion oder verl\u00e4ngerter Zuganzahl suchen, der Nexa Ultra bietet die Flexibilit\u00e4t, Ihrem Verdampfungsstil anzupassen.<\/p>\n<hr class=\"\" data-start=\"646\" data-end=\"649\" \/>\n<h2 class=\"\" data-start=\"651\" data-end=\"712\"><strong data-start=\"654\" data-end=\"710\">Unvergleichliche Leistung mit einstellbaren Leistungsmodi<\/strong><\/h2>\n<p class=\"\" data-start=\"714\" data-end=\"841\">Im Gegensatz zu standardm\u00e4\u00dfigen Einweg-Vapes, <strong data-start=\"752\" data-end=\"766\"><a href=\"https:\/\/fumotxpress.de\/de\/\">Nexa<\/a> Ultra<\/strong> ist f\u00fcr die Anpassung mit seinen konzipiert <strong data-start=\"808\" data-end=\"838\">zwei einstellbare Leistungsmodi<\/strong>:<\/p>\n<ul data-start=\"842\" data-end=\"1097\">\n<li class=\"\" data-start=\"842\" data-end=\"984\">\n<p class=\"\" data-start=\"844\" data-end=\"984\"><strong data-start=\"844\" data-end=\"874\">Normalmodus (40.000 Puffs)<\/strong> - F\u00fcr eine lange Haltbarkeit optimiert, bietet es einen konstanten Geschmack und ein befriedigendes Erlebnis \u00fcber einen l\u00e4ngeren Zeitraum.<\/p>\n<\/li>\n<li class=\"\" data-start=\"985\" data-end=\"1097\">\n<p class=\"\" data-start=\"987\" data-end=\"1097\"><strong data-start=\"987\" data-end=\"1016\">Turbo-Modus (25.000 Puffs)<\/strong> \u2013 Steigert die Leistung f\u00fcr eine verbesserte Dampfproduktion und eine intensivere Geschmacksabgabe.<\/p>\n<\/li>\n<\/ul>\n<p class=\"\" data-start=\"1099\" data-end=\"1361\">Dies <strong data-start=\"1104\" data-end=\"1131\">einstellbares Leistungssystem<\/strong> erm\u00f6glicht Ihnen <strong data-start=\"1146\" data-end=\"1189\">zwischen Effizienz und Intensit\u00e4t wechseln<\/strong>, um sowohl Gelegenheits- als auch erfahrenen Dampfern gerecht zu werden. Ob Sie eine verl\u00e4ngerte, gleichm\u00e4\u00dfige Dampf-Sitzung bevorzugen oder einen st\u00e4rkeren, intensiveren Zug, das Nexa Ultra passt sich Ihren Bed\u00fcrfnissen an.<\/p>\n<hr class=\"\" data-start=\"1363\" data-end=\"1366\" \/>\n<h2 class=\"\" data-start=\"1368\" data-end=\"1429\"><strong data-start=\"1371\" data-end=\"1427\">Innovative Funktionen f\u00fcr ein nahtloses Vaping-Erlebnis<\/strong><\/h2>\n<p class=\"\" data-start=\"1431\" data-end=\"1526\">Jedes Detail der <strong data-start=\"1451\" data-end=\"1465\">Nexa Ultra<\/strong> ist f\u00fcr Bequemlichkeit, Effizienz und Zufriedenheit konzipiert.<\/p>\n<ul data-start=\"1528\" data-end=\"2540\">\n<li class=\"\" data-start=\"1528\" data-end=\"1637\">\n<p class=\"\" data-start=\"1530\" data-end=\"1637\"><strong data-start=\"1530\" data-end=\"1566\">40.000 Puffs maximale Kapazit\u00e4t<\/strong> \u2013 Eine marktf\u00fchrende Anzahl an Z\u00fcgen gew\u00e4hrleistet ein verl\u00e4ngertes Vaperlebnis.<\/p>\n<\/li>\n<li class=\"\" data-start=\"1638\" data-end=\"1747\">\n<p class=\"\" data-start=\"1640\" data-end=\"1747\"><strong data-start=\"1640\" data-end=\"1674\">Hochleistungsf\u00e4hige 800mAh Batterie<\/strong> \u2013 Bietet zuverl\u00e4ssige Leistung und unterst\u00fctzt mehrere Dampf-Sitzungen.<\/p>\n<\/li>\n<li class=\"\" data-start=\"1748\" data-end=\"1827\">\n<p class=\"\" data-start=\"1750\" data-end=\"1827\"><strong data-start=\"1750\" data-end=\"1776\">USB-Typ-C-Laden<\/strong> \u2013 Schnelles, effizientes Laden h\u00e4lt Sie betriebsbereit.<\/p>\n<\/li>\n<li class=\"\" data-start=\"1828\" data-end=\"1946\">\n<p class=\"\" data-start=\"1830\" data-end=\"1946\"><strong data-start=\"1830\" data-end=\"1859\">20mL E-Liquid-Kapazit\u00e4t<\/strong> - Enth\u00e4lt eine <strong data-start=\"1873\" data-end=\"1898\">sichtbarer E-Liquid-Tank<\/strong>, wodurch Sie den Saftstand leicht \u00fcberwachen k\u00f6nnen.<\/p>\n<\/li>\n<li class=\"\" data-start=\"1947\" data-end=\"2047\">\n<p class=\"\" data-start=\"1949\" data-end=\"2047\"><strong data-start=\"1949\" data-end=\"1974\">Einstellbarer Luftstrom<\/strong> \u2013 Passen Sie Ihren Zugwiderstand f\u00fcr ein personalisiertes Vaperlebnis an.<\/p>\n<\/li>\n<li class=\"\" data-start=\"2048\" data-end=\"2168\">\n<p class=\"\" data-start=\"2050\" data-end=\"2168\"><strong data-start=\"2050\" data-end=\"2073\">3D-Kurvenbildschirm<\/strong> \u2013 Zeigt Akkulaufzeit, Zuganzahl und E-Liquid-St\u00e4nde mit einer modernen, hochtechnologischen \u00c4sthetik an.<\/p>\n<\/li>\n<li class=\"\" data-start=\"2169\" data-end=\"2295\">\n<p class=\"\" data-start=\"2171\" data-end=\"2295\"><strong data-start=\"2171\" data-end=\"2205\">50mg (5%) Nikotinst\u00e4rke<\/strong> \u2013 Liefert einen starken und befriedigenden Kick f\u00fcr diejenigen, die ein intensives Nikotinerlebnis bevorzugen.<\/p>\n<\/li>\n<li class=\"\" data-start=\"2296\" data-end=\"2421\">\n<p class=\"\" data-start=\"2298\" data-end=\"2421\"><strong data-start=\"2298\" data-end=\"2326\">Robuste PC\/PCTG-Konstruktion<\/strong> \u2013 Hochwertige Materialien erh\u00f6hen die Haltbarkeit, w\u00e4hrend sie eine <strong data-start=\"2391\" data-end=\"2418\">Premium, ergonomisches Gef\u00fchl<\/strong>.<\/p>\n<\/li>\n<li class=\"\" data-start=\"2422\" data-end=\"2540\">\n<p class=\"\" data-start=\"2424\" data-end=\"2540\"><strong data-start=\"2424\" data-end=\"2456\">Vorab gef\u00fcllt &amp; gebrauchsfertig<\/strong> \u2013 Kommt voll montiert und vorgef\u00fcllt, sodass du sofort mit dem Dampfen beginnen kannst.<\/p>\n<\/li>\n<\/ul>\n<p class=\"\" data-start=\"2542\" data-end=\"2693\">Dies <strong data-start=\"2547\" data-end=\"2572\">vielseitiger Vape-Pen<\/strong> bietet eine <strong data-start=\"2584\" data-end=\"2619\">premium, problemloses Erlebnis<\/strong> w\u00e4hrend der Aufrechterhaltung <strong data-start=\"2638\" data-end=\"2690\">starke Dampfproduktion und reiche Aromabildung<\/strong>.<\/p>\n<hr class=\"\" data-start=\"2695\" data-end=\"2698\" \/>\n<h2 class=\"\" data-start=\"2700\" data-end=\"2760\"><strong data-start=\"2703\" data-end=\"2758\">Premium-Aromauswahl \u2013 Zugeschnitten auf Jeden Geschmack<\/strong><\/h2>\n<p class=\"\" data-start=\"2762\" data-end=\"2997\">The \nbecomes \nDie \nno change needed \nthus output \nDie <strong data-start=\"2766\" data-end=\"2809\">Nexa Ultra 40.000 Puffs Einweg-Vape<\/strong> bietet eine beeindruckende Auswahl an <strong data-start=\"2844\" data-end=\"2875\">25 fachm\u00e4nnisch kreierte Aromen<\/strong>, um allen Vorlieben gerecht zu werden. Ob Sie nach fruchtigen, eisigen, cremigen oder minzigen Mischungen verlangen, es gibt einen Geschmack f\u00fcr jeden Dampfer.<\/p>\n<h3 class=\"\" data-start=\"2999\" data-end=\"3036\"><strong data-start=\"3003\" data-end=\"3034\">Aromaliste &amp; Beschreibungen:<\/strong><\/h3>\n<ol data-start=\"3038\" data-end=\"5899\">\n<li class=\"\" data-start=\"3038\" data-end=\"3161\">\n<p class=\"\" data-start=\"3041\" data-end=\"3161\"><strong data-start=\"3041\" data-end=\"3059\">Sauer Apfel Eis<\/strong><br data-start=\"3059\" data-end=\"3062\" \/>Knackige gr\u00fcne \u00c4pfel mit einem sauren, tangigen Kick, abgerundet mit einem eisigen Hauch f\u00fcr einen erfrischenden Geschmack.<\/p>\n<\/li>\n<li class=\"\" data-start=\"3163\" data-end=\"3282\">\n<p class=\"\" data-start=\"3166\" data-end=\"3282\"><strong data-start=\"3166\" data-end=\"3190\">Blaubeer Wassermelone<\/strong><br data-start=\"3190\" data-end=\"3193\" \/>Saftige Wassermelone, kombiniert mit s\u00fc\u00dfen Blaubeeren f\u00fcr eine perfekt ausbalancierte, fruchtige Mischung.<\/p>\n<\/li>\n<li class=\"\" data-start=\"3284\" data-end=\"3407\">\n<p class=\"\" data-start=\"3287\" data-end=\"3407\"><strong data-start=\"3287\" data-end=\"3305\">Wassermelonen-Eis<\/strong><br data-start=\"3305\" data-end=\"3308\" \/>Klassische Wassermelonens\u00fc\u00dfe kombiniert mit einem k\u00fchlen Menthol-Finish f\u00fcr ein erfrischendes Sommer-Vape.<\/p>\n<\/li>\n<li class=\"\" data-start=\"3409\" data-end=\"3543\">\n<p class=\"\" data-start=\"3412\" data-end=\"3543\"><strong data-start=\"3412\" data-end=\"3429\">Blauer Razz-Eis<\/strong><br data-start=\"3429\" data-end=\"3432\" \/>Eine leckere Mischung aus sauren blauen Himbeeren mit einer frostigen Menthol-Note, die einen glatten, aber dennoch s\u00e4uerlichen Kick liefert.<\/p>\n<\/li>\n<li class=\"\" data-start=\"3545\" data-end=\"3661\">\n<p class=\"\" data-start=\"3548\" data-end=\"3661\"><strong data-start=\"3548\" data-end=\"3562\">Miami Mint<\/strong><br data-start=\"3562\" data-end=\"3565\" \/>Eine k\u00fchne und erfrischende minzige Note, inspiriert von k\u00fchlen Meeresbrisen und tropischer Frische.<\/p>\n<\/li>\n<li class=\"\" data-start=\"3663\" data-end=\"3787\">\n<p class=\"\" data-start=\"3666\" data-end=\"3787\"><strong data-start=\"3666\" data-end=\"3682\">Triple Berry<\/strong><br data-start=\"3682\" data-end=\"3685\" \/>Eine \u00fcppige Kombination aus Erdbeeren, Blaubeeren und Himbeeren f\u00fcr eine gemischte Beerenexplosion.<\/p>\n<\/li>\n<li class=\"\" data-start=\"3789\" data-end=\"3914\">\n<p class=\"\" data-start=\"3792\" data-end=\"3914\"><strong data-start=\"3792\" data-end=\"3813\">Erdbeere Banane<\/strong><br data-start=\"3813\" data-end=\"3816\" \/>Die perfekte Balance von reifen Erdbeeren und cremigen Bananen f\u00fcr ein glattes und zufriedenstellendes Vape-Erlebnis.<\/p>\n<\/li>\n<li class=\"\" data-start=\"3916\" data-end=\"4030\">\n<p class=\"\" data-start=\"3919\" data-end=\"4030\"><strong data-start=\"3919\" data-end=\"3932\">K\u00fchl Minze<\/strong><br data-start=\"3932\" data-end=\"3935\" \/>Reine, frische Minze mit einer eisigen Note - ideal f\u00fcr Menthol-Liebhaber, die ein k\u00fchlendes Gef\u00fchl genie\u00dfen.<\/p>\n<\/li>\n<li class=\"\" data-start=\"4032\" data-end=\"4153\">\n<p class=\"\" data-start=\"4035\" data-end=\"4153\"><strong data-start=\"4035\" data-end=\"4050\">Mango Oasis<\/strong><br data-start=\"4050\" data-end=\"4053\" \/>Exotische Mango mit einer tropischen Note, die ein saftiges und s\u00fc\u00dfes Einatmen mit einem erfrischenden Abgang bietet.<\/p>\n<\/li>\n<li class=\"\" data-start=\"4155\" data-end=\"4283\">\n<p class=\"\" data-start=\"4159\" data-end=\"4283\"><strong data-start=\"4159\" data-end=\"4174\">Verflucht Fab<\/strong><br data-start=\"4174\" data-end=\"4177\" \/>Eine mysteri\u00f6se Mischung lebendiger, kr\u00e4ftiger Aromen, entwickelt f\u00fcr diejenigen, die ein unerwartetes, fruchtiges Erlebnis lieben.<\/p>\n<\/li>\n<li class=\"\" data-start=\"4285\" data-end=\"4399\">\n<p class=\"\" data-start=\"4289\" data-end=\"4399\"><strong data-start=\"4289\" data-end=\"4304\">Cherry Bomb<\/strong><br data-start=\"4304\" data-end=\"4307\" \/>Ein tiefer, reicher Kirschgeschmack mit einer intensiven, bonbon\u00e4hnlichen S\u00fc\u00dfe und einem sauren Nachgeschmack.<\/p>\n<\/li>\n<li class=\"\" data-start=\"4401\" data-end=\"4497\">\n<p class=\"\" data-start=\"4405\" data-end=\"4497\"><strong data-start=\"4405\" data-end=\"4424\">Wei\u00dfer Gummi-Eis<\/strong><br data-start=\"4424\" data-end=\"4427\" \/>Ein nostalgischer wei\u00dfer Gummibonbon-Geschmack mit einem erfrischenden eisigen Finish.<\/p>\n<\/li>\n<li class=\"\" data-start=\"4499\" data-end=\"4612\">\n<p class=\"\" data-start=\"4503\" data-end=\"4612\"><strong data-start=\"4503\" data-end=\"4512\">B-Pop<\/strong><br data-start=\"4512\" data-end=\"4515\" \/>Eine spielerische, von Kaugummi inspirierte Mischung, die einen s\u00fc\u00dfen, kautauglichen Geschmack mit einer Note von Fr\u00fcchten liefert.<\/p>\n<\/li>\n<li class=\"\" data-start=\"4614\" data-end=\"4728\">\n<p class=\"\" data-start=\"4618\" data-end=\"4728\"><strong data-start=\"4618\" data-end=\"4639\">Georgia Peach Eis<\/strong><br data-start=\"4639\" data-end=\"4642\" \/>Saftige s\u00fcdliche Pfirsiche mit einem eisigen Finish f\u00fcr ein k\u00fchles, s\u00fc\u00dfes und erfrischendes Vape.<\/p>\n<\/li>\n<li class=\"\" data-start=\"4730\" data-end=\"4849\">\n<p class=\"\" data-start=\"4734\" data-end=\"4849\"><strong data-start=\"4734\" data-end=\"4752\">Erdbeer-Eis<\/strong><br data-start=\"4752\" data-end=\"4755\" \/>Frische Erdbeeren, \u00fcberzogen mit einer Schicht frostigen Menthol f\u00fcr ein eisig s\u00fc\u00dfes Erlebnis.<\/p>\n<\/li>\n<li class=\"\" data-start=\"4851\" data-end=\"4956\">\n<p class=\"\" data-start=\"4855\" data-end=\"4956\"><strong data-start=\"4855\" data-end=\"4874\">Sauer Wassermelone<\/strong><br data-start=\"4874\" data-end=\"4877\" \/>Eine saftige Wassermelonen-Candy-Geschmacknote mit einer s\u00e4uerlichen Note und einem erfrischenden Abgang.<\/p>\n<\/li>\n<li class=\"\" data-start=\"4958\" data-end=\"5124\">\n<p class=\"\" data-start=\"4962\" data-end=\"5124\"><strong data-start=\"4962\" data-end=\"4978\">Drachonenmelone<\/strong> <em data-start=\"4979\" data-end=\"5015\">(Wassermelone + Birne + Drachenfrucht)<\/em><br data-start=\"5015\" data-end=\"5018\" \/>Eine tropische Mischung aus saftigem Wassermelone, knackigem Birne und exotischem Drachenfrucht f\u00fcr eine einzigartige, fruchtige Mischung.<\/p>\n<\/li>\n<li class=\"\" data-start=\"5126\" data-end=\"5243\">\n<p class=\"\" data-start=\"5130\" data-end=\"5243\"><strong data-start=\"5130\" data-end=\"5146\">Wintergr\u00fcn<\/strong><br data-start=\"5146\" data-end=\"5149\" \/>Eine k\u00fchle, knackige Wintergr\u00fcn-Mischung, die bei jedem Einatmen ein erfrischendes, minziges Gef\u00fchl bietet.<\/p>\n<\/li>\n<li class=\"\" data-start=\"5245\" data-end=\"5395\">\n<p class=\"\" data-start=\"5249\" data-end=\"5395\"><strong data-start=\"5249\" data-end=\"5264\">Pink und Blau<\/strong> <em data-start=\"5265\" data-end=\"5287\">(Pink Blaubeer Eis)<\/em><br data-start=\"5287\" data-end=\"5290\" \/>Eine mit Beeren verfeinerte K\u00f6stlichkeit mit s\u00fc\u00dfen und s\u00e4uerlichen Blaubeeren-Aromen, verfeinert mit einer erfrischenden eisigen Note.<\/p>\n<\/li>\n<li class=\"\" data-start=\"5397\" data-end=\"5504\">\n<p class=\"\" data-start=\"5401\" data-end=\"5504\"><strong data-start=\"5401\" data-end=\"5415\">Cinna Roll<\/strong><br data-start=\"5415\" data-end=\"5418\" \/>Warme Zimtpastete, \u00fcberzogen mit einer reichen, cremigen Glasur - perfekt f\u00fcr Dessertliebhaber.<\/p>\n<\/li>\n<li class=\"\" data-start=\"5506\" data-end=\"5639\">\n<p class=\"\" data-start=\"5510\" data-end=\"5639\"><strong data-start=\"5510\" data-end=\"5531\">Strawberry Colada<\/strong><br data-start=\"5531\" data-end=\"5534\" \/>Ein tropischer Urlaub in jedem Zug, mit cremiger Kokosnuss, s\u00fc\u00dfen Erdbeeren und saftiger Ananas.<\/p>\n<\/li>\n<li class=\"\" data-start=\"5641\" data-end=\"5757\">\n<p class=\"\" data-start=\"5645\" data-end=\"5757\"><strong data-start=\"5645\" data-end=\"5670\">Guava-Ananas-Shake<\/strong><br data-start=\"5670\" data-end=\"5673\" \/>Exotische Guava und reife Ananas, gemischt in einen glatten, cremigen Milchshake-Geschmack.<\/p>\n<\/li>\n<li class=\"\" data-start=\"5759\" data-end=\"5899\">\n<p class=\"\" data-start=\"5763\" data-end=\"5899\"><strong data-start=\"5763\" data-end=\"5779\">Citrus Bliss<\/strong> <em data-start=\"5780\" data-end=\"5802\">(Wilde Orange + Birne)<\/em><br data-start=\"5802\" data-end=\"5805\" \/>Eine spritzige Orangexplosion, kombiniert mit der subtilen S\u00fc\u00dfe von Birne f\u00fcr ein ausgewogenes, fruchtiges Dampferlebnis.<\/p>\n<\/li>\n<\/ol>\n<p class=\"\" data-start=\"5901\" data-end=\"6035\">Jeder dieser <strong data-start=\"5915\" data-end=\"5934\">Premium-Aromen<\/strong> ist konzipiert, um eine <strong data-start=\"5959\" data-end=\"5982\">reichhaltig und s\u00e4ttigend<\/strong> Erfahrung und gew\u00e4hrleisten, dass jeder Zug genussvoll ist.<\/p>\n<hr class=\"\" data-start=\"6037\" data-end=\"6040\" \/>\n<h2 class=\"\" data-start=\"6042\" data-end=\"6116\"><strong data-start=\"6045\" data-end=\"6114\">Warum Nexa Ultra 800mAh 20ml (40.000 Puffs) Einweg-Vape w\u00e4hlen?<\/strong><\/h2>\n<p class=\"\" data-start=\"6118\" data-end=\"6648\">\u2714 <strong data-start=\"6120\" data-end=\"6155\">Langlebigste Einweg-E-Zigarette<\/strong> mit bis zu <strong data-start=\"6167\" data-end=\"6183\">40.000 Z\u00fcge<\/strong> Im normalen Modus.<br data-start=\"6199\" data-end=\"6202\" \/>\u2714 <strong data-start=\"6204\" data-end=\"6227\">Doppelte Leistungseinstellungen<\/strong> Benutzern erm\u00f6glichen, zwischen zu wechseln <strong data-start=\"6258\" data-end=\"6305\">Turbo-Modus (25.000 Z\u00fcge) &amp; Normal-Modus (40.000 Z\u00fcge)<\/strong>.<br data-start=\"6306\" data-end=\"6309\" \/>\u2714 <strong data-start=\"6311\" data-end=\"6356\">Sichtbarer E-Liquid-Tank &amp; 3D-gekr\u00fcmmtes Display<\/strong> eine intuitive und benutzerfreundliche Erfahrung bieten.<br data-start=\"6404\" data-end=\"6407\" \/>\u2714 <strong data-start=\"6409\" data-end=\"6448\">Einstellbare Luftstrom- und Leistungseinstellungen<\/strong> allen Vorlieben von Dampfern gerecht werden.<br data-start=\"6481\" data-end=\"6484\" \/>\u2714 <strong data-start=\"6486\" data-end=\"6505\">Premium-Aromen<\/strong> mit hochwertigem E-Liquid f\u00fcr <strong data-start=\"6537\" data-end=\"6564\">glatte, aromatische Puffs<\/strong>.<br data-start=\"6565\" data-end=\"6568\" \/>\u2714 <strong data-start=\"6570\" data-end=\"6598\">Schnelles USB-Typ-C-Laden<\/strong> erm\u00f6glicht eine kontinuierliche Stromversorgung des Ger\u00e4ts mit minimalen Ausfallzeiten.<\/p>\n<hr class=\"\" data-start=\"6650\" data-end=\"6653\" \/>\n<h2 class=\"\" data-start=\"6655\" data-end=\"6721\"><strong data-start=\"6658\" data-end=\"6719\">Wo kann man die Nexa Ultra 40.000 Puffs Disposable Vape kaufen?<\/strong><\/h2>\n<p class=\"\" data-start=\"6723\" data-end=\"6939\">The \nbecomes \nDie \nno change needed \nthus output \nDie <strong data-start=\"6727\" data-end=\"6801\">Nexa Ultra 800mAh 20ml (40.000 Z\u00fcge) Aufladbare Einweg-Vape-Pen<\/strong> ist exklusiv erh\u00e4ltlich bei <strong data-start=\"6830\" data-end=\"6875\"><a class=\"\" href=\"https:\/\/fumotxpress.de\/de\/\" target=\"_new\" rel=\"noopener\" data-start=\"6832\" data-end=\"6873\">FumotXpress.de<\/a><\/strong> \u2013 <strong data-start=\"6878\" data-end=\"6936\">Deutschlands gr\u00f6\u00dfter Online-H\u00e4ndler f\u00fcr Einweg-Vapes<\/strong>.<\/p>\n<h3 class=\"\" data-start=\"6941\" data-end=\"6979\"><strong data-start=\"6945\" data-end=\"6977\">Warum bei FumotXpress.de kaufen?<\/strong><\/h3>\n<p class=\"\" data-start=\"6981\" data-end=\"7188\">\u2705 <strong data-start=\"6983\" data-end=\"7003\">Keine Mindestbestellung<\/strong> \u2013 Kauf von <strong data-start=\"7020\" data-end=\"7036\">nur 1 St\u00fcck<\/strong><br data-start=\"7036\" data-end=\"7039\" \/>\u2705 <strong data-start=\"7041\" data-end=\"7061\">Schneller EU-Versand<\/strong> \u2013 <strong data-start=\"7064\" data-end=\"7084\">3-7 Tage Lieferung<\/strong> Von unserem europ\u00e4ischen Lager aus<br data-start=\"7112\" data-end=\"7115\" \/>\u2705 <strong data-start=\"7117\" data-end=\"7144\">100% Authentische Produkte<\/strong> \u2013 Garantierte originale, hochwertige Vapes<\/p>\n<p class=\"\" data-start=\"7190\" data-end=\"7322\">Upgrade Ihr Vaperlebnis noch heute mit dem <strong data-start=\"7236\" data-end=\"7279\">Nexa Ultra <a href=\"https:\/\/fumotxpress.de\/de\/\">40.000 Puffs Einweg-Vape<\/a><\/strong>\u2014<strong data-start=\"7280\" data-end=\"7319\">Wo Innovation auf Leistung trifft.<\/strong> \ud83d\ude80<\/p>","protected":false},"excerpt":{"rendered":"<p><strong data-start=\"6727\" data-end=\"6801\">Nexa Ultra 800mAh 20ml (40.000 Z\u00fcge) Aufladbare Einweg-Vape-Pen<\/strong> ist exklusiv erh\u00e4ltlich bei <strong data-start=\"6830\" data-end=\"6875\"><a class=\"\" href=\"https:\/\/fumotxpress.de\/de\/\" target=\"_new\" rel=\"noopener\" data-start=\"6832\" data-end=\"6873\">FumotXpress.de<\/a><\/strong> \u2013 <strong data-start=\"6878\" data-end=\"6936\">Deutschlands gr\u00f6\u00dfter Online-H\u00e4ndler f\u00fcr Einweg-Vapes<\/strong><\/p>","protected":false},"featured_media":3638,"comment_status":"open","ping_status":"closed","template":"","meta":{"om_disable_all_campaigns":false},"product_brand":[],"product_cat":[133],"product_tag":[],"class_list":{"0":"post-3598","1":"product","2":"type-product","3":"status-publish","4":"has-post-thumbnail","6":"product_cat-nexa-ultra","8":"first","9":"instock","10":"shipping-taxable","11":"purchasable","12":"product-type-variable"},"_links":{"self":[{"href":"https:\/\/fumotxpress.de\/de\/wp-json\/wp\/v2\/product\/3598","targetHints":{"allow":["GET"]}}],"collection":[{"href":"https:\/\/fumotxpress.de\/de\/wp-json\/wp\/v2\/product"}],"about":[{"href":"https:\/\/fumotxpress.de\/de\/wp-json\/wp\/v2\/types\/product"}],"replies":[{"embeddable":true,"href":"https:\/\/fumotxpress.de\/de\/wp-json\/wp\/v2\/comments?post=3598"}],"wp:featuredmedia":[{"embeddable":true,"href":"https:\/\/fumotxpress.de\/de\/wp-json\/wp\/v2\/media\/3638"}],"wp:attachment":[{"href":"https:\/\/fumotxpress.de\/de\/wp-json\/wp\/v2\/media?parent=3598"}],"wp:term":[{"taxonomy":"product_brand","embeddable":true,"href":"https:\/\/fumotxpress.de\/de\/wp-json\/wp\/v2\/product_brand?post=3598"},{"taxonomy":"product_cat","embeddable":true,"href":"https:\/\/fumotxpress.de\/de\/wp-json\/wp\/v2\/product_cat?post=3598"},{"taxonomy":"product_tag","embeddable":true,"href":"https:\/\/fumotxpress.de\/de\/wp-json\/wp\/v2\/product_tag?post=3598"}],"curies":[{"name":"wp","href":"https:\/\/api.w.org\/{rel}","templated":true}]}}