{"id":3570,"date":"2025-04-02T13:50:56","date_gmt":"2025-04-02T13:50:56","guid":{"rendered":"https:\/\/fumotxpress.de\/?post_type=product&#038;p=3570"},"modified":"2025-05-20T09:51:56","modified_gmt":"2025-05-20T09:51:56","slug":"vozol-gear-shisha-20000-puffs-nikotin-kaufen-original-authentisch-wiederaufladbar-wegwerfbaren-vapes-pen","status":"publish","type":"product","link":"https:\/\/fumotxpress.de\/de\/produkt\/vozol-gear-shisha-20000-puffs-nikotin-kaufen-original-authentisch-wiederaufladbar-wegwerfbaren-vapes-pen\/","title":{"rendered":"VOZOL Gear Power 20K Puffs Nikotin Kaufen Original Authentisch Aufladbare Einweg-Vapes Pen"},"content":{"rendered":"<article class=\"text-token-text-primary w-full\" dir=\"auto\" data-testid=\"conversation-turn-6\" data-scroll-anchor=\"false\">\n<div class=\"text-base my-auto mx-auto py-5 px-6\">\n<div class=\"mx-auto flex flex-1 text-base gap-4 md:gap-5 lg:gap-6 md:max-w-3xl lg:max-w-[40rem] xl:max-w-[48rem] group\/turn-messages focus-visible:outline-hidden\" tabindex=\"-1\">\n<div class=\"group\/conversation-turn relative flex w-full min-w-0 flex-col agent-turn @xs\/thread:px-0 @sm\/thread:px-1.5 @md\/thread:px-4\">\n<div class=\"relative flex-col gap-1 md:gap-3\">\n<div class=\"flex max-w-full flex-col grow\">\n<div class=\"min-h-8 text-message relative flex w-full flex-col items-end gap-2 text-start break-words whitespace-normal [.text-message+&amp;]:mt-5\" dir=\"auto\" data-message-author-role=\"assistant\" data-message-id=\"f59f8660-f9df-483a-8b46-3e34e0a965d9\" data-message-model-slug=\"gpt-4o\">\n<div class=\"flex w-full flex-col gap-1 empty:hidden first:pt-[3px]\">\n<div class=\"markdown prose dark:prose-invert w-full break-words light\">\n<h2 class=\"\" data-start=\"0\" data-end=\"92\"><strong data-start=\"3\" data-end=\"90\"><a href=\"https:\/\/fumotxpress.de\/de\/\">VOZOL Gear Power 20K<\/a> Einweg-Vape \u2013 Das ultimative Hochleistungs-Vaperlebnis<\/strong><\/h2>\n<p class=\"\" data-start=\"94\" data-end=\"643\">F\u00fcr Vaper, die au\u00dfergew\u00f6hnliche Leistung, Langlebigkeit und Spitzeninnovation fordern, bietet das <strong data-start=\"185\" data-end=\"225\">VOZOL Gear Power 20K Einweg-Vape<\/strong> steht als ein bahnbrechendes Produkt da. Entwickelt mit <strong data-start=\"268\" data-end=\"291\">S.i.L.C. Technologie<\/strong>Dieses Ger\u00e4t gew\u00e4hrleistet extrem sanfte und gleichm\u00e4\u00dfige Z\u00fcge und maximiert dabei sowohl <strong data-start=\"364\" data-end=\"384\">Aromaintensit\u00e4t<\/strong> und <strong data-start=\"389\" data-end=\"409\">Dampfproduktion<\/strong>F\u00fcr diejenigen, die sowohl Komfort als auch fortschrittliche Funktionen sch\u00e4tzen, bietet die VOZOL Gear 20K <strong data-start=\"506\" data-end=\"532\">zwei einzigartige Leistungsmodi<\/strong>, ein <strong data-start=\"537\" data-end=\"572\">intelligentes Vollbilddisplay<\/strong>, und ein <strong data-start=\"580\" data-end=\"605\">Doppel-Mesh-Coil-System<\/strong> F\u00fcr das ultimative Vaperlebnis.<\/p>\n<h3 class=\"\" data-start=\"645\" data-end=\"698\"><strong data-start=\"649\" data-end=\"696\">Unvergleichliche Leistung mit zwei Leistungsmodi<\/strong><\/h3>\n<p class=\"\" data-start=\"700\" data-end=\"809\">The \nbecomes \nDie \nno change needed \nthus output \nDie <strong data-start=\"704\" data-end=\"728\"><a href=\"https:\/\/fumotxpress.de\/de\/\">VOZOL<\/a> Gear Power 20K<\/strong> ist konzipiert f\u00fcr verl\u00e4ngerte Zufriedenheit mit seiner einzigartigen <strong data-start=\"783\" data-end=\"806\">Doppelte Leistungseinstellungen<\/strong>:<\/p>\n<ul data-start=\"810\" data-end=\"996\">\n<li class=\"\" data-start=\"810\" data-end=\"898\">\n<p class=\"\" data-start=\"812\" data-end=\"898\"><strong data-start=\"812\" data-end=\"839\">Eco-Modus (20.000 Puffs)<\/strong> \u2013 Maximiert die Langlebigkeit f\u00fcr ein verl\u00e4ngertes Vaperlebnis.<\/p>\n<\/li>\n<li class=\"\" data-start=\"899\" data-end=\"996\">\n<p class=\"\" data-start=\"901\" data-end=\"996\"><strong data-start=\"901\" data-end=\"930\">Power-Modus (12.000 Puffs)<\/strong> \u2013 Verbessert die Dampfproduktion und -intensit\u00e4t f\u00fcr einen kr\u00e4ftigen, reichen Zug.<\/p>\n<\/li>\n<\/ul>\n<p class=\"\" data-start=\"998\" data-end=\"1157\">Dieses flexible System erm\u00f6glicht es Ihnen, Ihr Vaping-Erlebnis basierend auf Ihren Bed\u00fcrfnissen anzupassen <strong data-start=\"1080\" data-end=\"1115\">gew\u00fcnschte Intensit\u00e4t und Langlebigkeit<\/strong>, was es zu einem perfekten Fit f\u00fcr jeden Dampfer macht.<\/p>\n<h3 class=\"\" data-start=\"1159\" data-end=\"1212\"><strong data-start=\"1163\" data-end=\"1210\">Erweiterte Funktionen f\u00fcr ein nahtloses Erlebnis<\/strong><\/h3>\n<p class=\"\" data-start=\"1214\" data-end=\"1317\">The \nbecomes \nDie \nno change needed \nthus output \nDie <strong data-start=\"1218\" data-end=\"1242\">VOZOL Gear Power 20K<\/strong> ist vollgestopft mit High-Tech-Verbesserungen, die jede Vaping-Session aufwerten:<\/p>\n<ul data-start=\"1319\" data-end=\"1854\">\n<li class=\"\" data-start=\"1319\" data-end=\"1417\">\n<p class=\"\" data-start=\"1321\" data-end=\"1417\"><strong data-start=\"1321\" data-end=\"1347\">S.i.L.C. Technology<\/strong> \u2013 Gew\u00e4hrleistet extrem sanfte, gleichm\u00e4\u00dfige Z\u00fcge mit optimiertem Luftstrom.<\/p>\n<\/li>\n<li class=\"\" data-start=\"1418\" data-end=\"1522\">\n<p class=\"\" data-start=\"1420\" data-end=\"1522\"><strong data-start=\"1420\" data-end=\"1448\">Dual-Mesh-Spulen-System<\/strong> \u2013 Liefert intensive, vollmundige Aromen mit verbesserter Dampfproduktion.<\/p>\n<\/li>\n<li class=\"\" data-start=\"1523\" data-end=\"1614\">\n<p class=\"\" data-start=\"1525\" data-end=\"1614\"><strong data-start=\"1525\" data-end=\"1549\">Vollansicht-Display<\/strong> \u2013 Echtzeit-\u00dcberwachung von Batterie und E-Liquid f\u00fcr totale Kontrolle.<\/p>\n<\/li>\n<li class=\"\" data-start=\"1615\" data-end=\"1739\">\n<p class=\"\" data-start=\"1617\" data-end=\"1739\"><strong data-start=\"1617\" data-end=\"1648\">20mL vorgef\u00fcllte E-Liquid<\/strong> \u2013 Gro\u00dfes Fassungsverm\u00f6gen gef\u00fcllt mit <strong data-start=\"1678\" data-end=\"1700\">5% (50mg) Nikotin<\/strong>, um langfristige Zufriedenheit zu gew\u00e4hrleisten.<\/p>\n<\/li>\n<li class=\"\" data-start=\"1740\" data-end=\"1854\">\n<p class=\"\" data-start=\"1742\" data-end=\"1854\"><strong data-start=\"1742\" data-end=\"1768\">Aufladbares Design<\/strong> \u2013 Umweltfreundlich und kosteneffizient, erm\u00f6glichen sie Ihnen, das Beste aus Ihrem Ger\u00e4t herauszuholen.<\/p>\n<\/li>\n<\/ul>\n<p class=\"\" data-start=\"1856\" data-end=\"2039\">The \nbecomes \nDie \nno change needed \nthus output \nDie <strong data-start=\"1860\" data-end=\"1891\">Vollbild-Digitaldisplay<\/strong> ist ein herausragendes Merkmal und bietet eine intuitive M\u00f6glichkeit zur Verfolgung <strong data-start=\"1950\" data-end=\"1986\">Akku-Lebensdauer und E-Liquid-St\u00e4nde<\/strong>, sodass Sie nie unerwartete Unterbrechungen erleben.<\/p>\n<h3 class=\"\" data-start=\"2041\" data-end=\"2087\"><strong data-start=\"2045\" data-end=\"2085\">Warum den VOZOL Gear Power 20K w\u00e4hlen?<\/strong><\/h3>\n<ul data-start=\"2089\" data-end=\"2511\">\n<li class=\"\" data-start=\"2089\" data-end=\"2170\">\n<p class=\"\" data-start=\"2091\" data-end=\"2170\"><strong data-start=\"2091\" data-end=\"2119\">\u2705 Erh\u00f6hte Puff-Kapazit\u00e4t<\/strong> \u2013 Bis zu <strong data-start=\"2128\" data-end=\"2144\">20.000 Z\u00fcge<\/strong> F\u00fcr eine lange Nutzungsdauer.<\/p>\n<\/li>\n<li class=\"\" data-start=\"2171\" data-end=\"2251\">\n<p class=\"\" data-start=\"2173\" data-end=\"2251\"><strong data-start=\"2173\" data-end=\"2202\">\u2705 \u00dcberlegener Geschmack &amp; Dampf<\/strong> \u2013 Das Dual-Mesh-Coil-System verbessert jeden Zug.<\/p>\n<\/li>\n<li class=\"\" data-start=\"2252\" data-end=\"2337\">\n<p class=\"\" data-start=\"2254\" data-end=\"2337\"><strong data-start=\"2254\" data-end=\"2282\">Intelligentes &amp; Stilvolles Design<\/strong> \u2013 Leicht lesbar <strong data-start=\"2298\" data-end=\"2318\">Vollbildschirm<\/strong> der Bequemlichkeit halber.<\/p>\n<\/li>\n<li class=\"\" data-start=\"2338\" data-end=\"2426\">\n<p class=\"\" data-start=\"2340\" data-end=\"2426\"><strong data-start=\"2340\" data-end=\"2370\">\u2705 Aufladbar &amp; Effizient<\/strong> \u2013 <strong data-start=\"2373\" data-end=\"2389\">Umweltfreundlich<\/strong> Wahl ohne Kompromisse bei der Leistung.<\/p>\n<\/li>\n<li class=\"\" data-start=\"2427\" data-end=\"2511\">\n<p class=\"\" data-start=\"2429\" data-end=\"2511\"><strong data-start=\"2429\" data-end=\"2457\">Hoher Nikotingehalt<\/strong> \u2013 <strong data-start=\"2460\" data-end=\"2482\">5% (50mg) Nikotin<\/strong> f\u00fcr tiefe, befriedigende Treffer.<\/p>\n<\/li>\n<\/ul>\n<p class=\"\" data-start=\"2513\" data-end=\"2659\">Ob Sie suchen nach <strong data-start=\"2540\" data-end=\"2603\">Langlebigkeit, intelligente Funktionen oder ein verbessertes Vaperlebnis<\/strong>der <strong data-start=\"2609\" data-end=\"2633\">VOZOL Gear Power 20K<\/strong> liefert auf allen Ebenen.<\/p>\n<h3 class=\"\" data-start=\"2661\" data-end=\"2709\"><strong data-start=\"2665\" data-end=\"2707\">Wo kann man die VOZOL Gear Power 20K kaufen?<\/strong><\/h3>\n<p class=\"\" data-start=\"2711\" data-end=\"2916\">The \nbecomes \nDie \nno change needed \nthus output \nDie <strong data-start=\"2715\" data-end=\"2755\">VOZOL Gear Power 20K Einweg-Vape<\/strong> ist exklusiv zum Kauf erh\u00e4ltlich bei <strong data-start=\"2797\" data-end=\"2842\"><a class=\"\" href=\"https:\/\/fumotxpress.de\/de\/\" target=\"_new\" rel=\"noopener\" data-start=\"2799\" data-end=\"2840\">FumotXpress.de<\/a><\/strong> \u2013 <strong data-start=\"2845\" data-end=\"2903\">Deutschlands gr\u00f6\u00dfter Online-H\u00e4ndler f\u00fcr Einweg-Vapes<\/strong>Wir bieten:<\/p>\n<p class=\"\" data-start=\"2918\" data-end=\"3112\">\u2714 <strong data-start=\"2920\" data-end=\"2952\">Keine Mindestbestellmenge erforderlich<\/strong> \u2013 Kaufen von <strong data-start=\"2964\" data-end=\"2980\">nur 1 St\u00fcck<\/strong><br data-start=\"2980\" data-end=\"2983\" \/>\u2714 <strong data-start=\"2985\" data-end=\"3005\">Schneller EU-Versand<\/strong> \u2013 <strong data-start=\"3008\" data-end=\"3028\">3-7 Tage Lieferung<\/strong> Von unserem europ\u00e4ischen Lager aus<br data-start=\"3056\" data-end=\"3059\" \/>\u2714 <strong data-start=\"3061\" data-end=\"3088\">100% Authentische Produkte<\/strong> \u2013 Kaufen Sie mit Zuversicht<\/p>\n<p class=\"\" data-start=\"3114\" data-end=\"3243\">Upgrade Ihr Vaperlebnis noch heute mit dem <strong data-start=\"3160\" data-end=\"3184\">VOZOL Gear Power 20K<\/strong> \u2013 <strong data-start=\"3187\" data-end=\"3239\">Leistung, Performance und Perfektion in jedem Zug<\/strong>.<\/p>\n<\/div>\n<\/div>\n<\/div>\n<\/div>\n<div class=\"flex absolute right-0 left-0 flex justify-start\">\n<div class=\"touch:-me-2 touch:-ms-3.5 -ms-2.5 -me-1 flex items-center p-1 select-none -mt-1 focus-within:transition-none hover:transition-none duration-500 group-hover\/turn-messages:delay-300 pointer-events-none [mask-image:linear-gradient(to_right,black_33%,transparent_66%)] [mask-position:100%_0%] [mask-size:300%_100%] motion-safe:transition-[mask-position] group-hover\/turn-messages:pointer-events-auto group-hover\/turn-messages:[mask-position:0_0] group-focus-within\/turn-messages:pointer-events-auto group-focus-within\/turn-messages:[mask-position:0_0] has-data-[state=open]:pointer-events-auto has-data-[state=open]:[mask-position:0_0]\"><\/div>\n<\/div>\n<\/div>\n<\/div>\n<\/div>\n<\/div>\n<\/article>","protected":false},"excerpt":{"rendered":"<p>Kaufe das <strong data-start=\"8\" data-end=\"48\">VOZOL Gear Power 20K Einweg-Vape<\/strong> an <strong data-start=\"52\" data-end=\"70\">FumotXpress.de<\/strong> \u2013 bis zu <strong data-start=\"79\" data-end=\"95\">20.000 Z\u00fcge<\/strong>, <strong data-start=\"97\" data-end=\"117\">Doppelstrommodi<\/strong>, <strong data-start=\"119\" data-end=\"142\">Vollbildanzeige<\/strong>und <strong data-start=\"148\" data-end=\"176\">reich 5% Nikotinaromen<\/strong>. Schneller EU-Versand in <strong data-start=\"198\" data-end=\"210\">3-7 Tage<\/strong>!<\/p>","protected":false},"featured_media":3593,"comment_status":"open","ping_status":"closed","template":"","meta":{"om_disable_all_campaigns":false},"product_brand":[],"product_cat":[23],"product_tag":[],"class_list":{"0":"post-3570","1":"product","2":"type-product","3":"status-publish","4":"has-post-thumbnail","6":"product_cat-vozol-disposable-vapes","8":"first","9":"instock","10":"shipping-taxable","11":"purchasable","12":"product-type-variable"},"_links":{"self":[{"href":"https:\/\/fumotxpress.de\/de\/wp-json\/wp\/v2\/product\/3570","targetHints":{"allow":["GET"]}}],"collection":[{"href":"https:\/\/fumotxpress.de\/de\/wp-json\/wp\/v2\/product"}],"about":[{"href":"https:\/\/fumotxpress.de\/de\/wp-json\/wp\/v2\/types\/product"}],"replies":[{"embeddable":true,"href":"https:\/\/fumotxpress.de\/de\/wp-json\/wp\/v2\/comments?post=3570"}],"wp:featuredmedia":[{"embeddable":true,"href":"https:\/\/fumotxpress.de\/de\/wp-json\/wp\/v2\/media\/3593"}],"wp:attachment":[{"href":"https:\/\/fumotxpress.de\/de\/wp-json\/wp\/v2\/media?parent=3570"}],"wp:term":[{"taxonomy":"product_brand","embeddable":true,"href":"https:\/\/fumotxpress.de\/de\/wp-json\/wp\/v2\/product_brand?post=3570"},{"taxonomy":"product_cat","embeddable":true,"href":"https:\/\/fumotxpress.de\/de\/wp-json\/wp\/v2\/product_cat?post=3570"},{"taxonomy":"product_tag","embeddable":true,"href":"https:\/\/fumotxpress.de\/de\/wp-json\/wp\/v2\/product_tag?post=3570"}],"curies":[{"name":"wp","href":"https:\/\/api.w.org\/{rel}","templated":true}]}}